{"id":388,"date":"2023-05-02T12:47:17","date_gmt":"2023-05-02T10:47:17","guid":{"rendered":"https:\/\/hoyre.no\/drammen\/?page_id=388"},"modified":"2025-12-13T21:53:40","modified_gmt":"2025-12-13T20:53:40","slug":"politikk","status":"publish","type":"page","link":"https:\/\/hoyre.no\/drammen\/politikk\/","title":{"rendered":"Politikk"},"content":{"rendered":"\n<div class=\"wp-block-hoyre-hero with-image-gradient text-color-light  alignfull has-background\"><div class=\"hoyre-hero \"><h1 class=\"title\">Politikk<\/h1><p class=\"preamble\">Etter fire \u00e5r med r\u00f8dgr\u00f8nn styring m\u00e5 vi f\u00e5 fart p\u00e5 Drammen. Da m\u00e5 vi spille p\u00e5 lag med de som skaper arbeidsplasser og de som vil utvikle kommunen v\u00e5r til det bedre. Vi m\u00e5 sette enkeltmennesket f\u00f8rst, og bli en ja-kommune.<br><br>H\u00f8yre vil videreutvikle drammensskolen, og ha en eldreomsorg som gj\u00f8r at du kan glede deg til \u00e5 bli gammel i Drammen.\u00a0Vi vil gj\u00f8re Drammen til en kommune med muligheter for alle!<\/p><\/div><\/div>\n\n\n\n\n<h3 class=\"wp-block-heading has-text-align-center\">Kommunebudsjettet 2026:<\/h3>\n\n\n\n<div class=\"wp-block-buttons is-content-justification-center is-layout-flex wp-container-core-buttons-is-layout-16018d1d wp-block-buttons-is-layout-flex\">\n<div class=\"wp-block-button\"><a class=\"wp-block-button__link wp-element-button\" href=\"https:\/\/hoyre.no\/drammen\/hop-2026-2029\/\">Se Budsjettforslagene v\u00e5re her<\/a><\/div>\n<\/div>\n\n\n\n<h3 class=\"wp-block-heading has-text-align-center\">Last ned programmet her:<\/h3>\n\n\n\n<div class=\"wp-block-teft-file icon-link-block\"><a href=\"https:\/\/hoyre.no\/content\/uploads\/sites\/201\/2023\/03\/Drammen-Hoyres-program-2023-2027.pdf\" download><span class=\"file-title\">Valgprogrammet v\u00e5rt for 2023-2027<\/span><span class=\"file-name\">Drammen-Hoyres-program-2023-2027.pdf [90.7kb]<\/span><\/a><\/div>\n\n\n\n<div class=\"wp-block-hoyre-banner alignwide undefined  is-style-blue\"><div class=\"banner-inner\"><figure class=\"hoyre-image-wrapper\"><div class=\"hoyre-image\"><img loading=\"lazy\" decoding=\"async\" width=\"2500\" height=\"1577\" src=\"https:\/\/hoyre.no\/content\/uploads\/sites\/201\/2023\/06\/2023_trio_0187-closer-scaled.jpg\" class=\"attachment-scaled size-scaled\" alt=\"H\u00f8yre topp 3 kandidater i Drammen 2023\" style=\"object-position: 53% 26%\" srcset=\"https:\/\/hoyre.no\/content\/uploads\/sites\/201\/2023\/06\/2023_trio_0187-closer-scaled.jpg 2500w, https:\/\/hoyre.no\/content\/uploads\/sites\/201\/2023\/06\/2023_trio_0187-closer-300x189.jpg 300w, https:\/\/hoyre.no\/content\/uploads\/sites\/201\/2023\/06\/2023_trio_0187-closer-1024x646.jpg 1024w, https:\/\/hoyre.no\/content\/uploads\/sites\/201\/2023\/06\/2023_trio_0187-closer-768x485.jpg 768w, https:\/\/hoyre.no\/content\/uploads\/sites\/201\/2023\/06\/2023_trio_0187-closer-1536x969.jpg 1536w, https:\/\/hoyre.no\/content\/uploads\/sites\/201\/2023\/06\/2023_trio_0187-closer-2048x1292.jpg 2048w\" sizes=\"auto, (max-width: 2500px) 100vw, 2500px\" \/><\/div><\/figure><div class=\"banner-content\"><div class=\"entry-content\">\n<h2 class=\"wp-block-heading\">Syv gode grunner til \u00e5 stemme H\u00f8yre i Drammen<\/h2>\n\n\n\n<div class=\"wp-block-buttons alignwide is-layout-flex wp-block-buttons-is-layout-flex\">\n<div class=\"wp-block-button\"><a class=\"wp-block-button__link wp-element-button\" href=\"https:\/\/hoyre.no\/drammen\/7-grunner-drammen\/\">Trykk her for \u00e5 se<\/a><\/div>\n<\/div>\n<\/div><\/div><\/div><\/div>\n\n\n\n<h3 class=\"wp-block-heading\">Leter du etter programmet for 2019-2023?<\/h3>\n\n\n\n<div class=\"wp-block-teft-file icon-link-block\"><a href=\"https:\/\/hoyre.no\/content\/uploads\/sites\/201\/2020\/11\/hoyre-drammen--vare-politikk.pdf\" download><span class=\"file-title\">Kommunevalgprogram 2019 \u2013 2023<\/span><span class=\"file-name\">hoyre-drammen&#8211;vare-politikk.pdf [100.6kb]<\/span><\/a><\/div>\n\n","protected":false},"excerpt":{"rendered":"","protected":false},"author":31684,"featured_media":0,"parent":0,"menu_order":0,"comment_status":"closed","ping_status":"closed","template":"","meta":{"teft_cards_image_url":"","teft_cards_custom_pretitle":"","teft_cards_image_id":0,"teft_cards_image_focal_point_x":0,"teft_cards_image_focal_point_y":0,"teft_cards_title":"","teft_cards_excerpt":"","teft_show_chapters":false,"footnotes":""},"class_list":["post-388","page","type-page","status-publish","hentry"],"yoast_head":"<!-- This site is optimized with the Yoast SEO plugin v26.6 - https:\/\/yoast.com\/wordpress\/plugins\/seo\/ -->\n<title>Politikk - Drammen H\u00f8yre<\/title>\n<meta name=\"robots\" content=\"index, follow, max-snippet:-1, max-image-preview:large, max-video-preview:-1\" \/>\n<link rel=\"canonical\" href=\"https:\/\/hoyre.no\/drammen\/politikk\/\" \/>\n<meta property=\"og:locale\" content=\"nb_NO\" \/>\n<meta property=\"og:type\" content=\"article\" \/>\n<meta property=\"og:title\" content=\"Politikk - Drammen H\u00f8yre\" \/>\n<meta property=\"og:url\" content=\"https:\/\/hoyre.no\/drammen\/politikk\/\" \/>\n<meta property=\"og:site_name\" content=\"Drammen H\u00f8yre\" \/>\n<meta property=\"article:modified_time\" content=\"2025-12-13T20:53:40+00:00\" \/>\n<meta property=\"og:image\" content=\"https:\/\/hoyre.no\/content\/uploads\/sites\/201\/2022\/11\/Hoyres-logo.png\" \/>\n\t<meta property=\"og:image:width\" content=\"1000\" \/>\n\t<meta property=\"og:image:height\" content=\"1000\" \/>\n\t<meta property=\"og:image:type\" content=\"image\/png\" \/>\n<meta name=\"twitter:card\" content=\"summary_large_image\" \/>\n<meta name=\"twitter:label1\" content=\"Ansl. lesetid\" \/>\n\t<meta name=\"twitter:data1\" content=\"1 minutt\" \/>\n<script type=\"application\/ld+json\" class=\"yoast-schema-graph\">{\"@context\":\"https:\/\/schema.org\",\"@graph\":[{\"@type\":\"WebPage\",\"@id\":\"https:\/\/hoyre.no\/drammen\/politikk\/\",\"url\":\"https:\/\/hoyre.no\/drammen\/politikk\/\",\"name\":\"Politikk - Drammen H\u00f8yre\",\"isPartOf\":{\"@id\":\"https:\/\/hoyre.no\/drammen\/#website\"},\"datePublished\":\"2023-05-02T10:47:17+00:00\",\"dateModified\":\"2025-12-13T20:53:40+00:00\",\"breadcrumb\":{\"@id\":\"https:\/\/hoyre.no\/drammen\/politikk\/#breadcrumb\"},\"inLanguage\":\"nb-NO\",\"potentialAction\":[{\"@type\":\"ReadAction\",\"target\":[\"https:\/\/hoyre.no\/drammen\/politikk\/\"]}]},{\"@type\":\"BreadcrumbList\",\"@id\":\"https:\/\/hoyre.no\/drammen\/politikk\/#breadcrumb\",\"itemListElement\":[{\"@type\":\"ListItem\",\"position\":1,\"name\":\"Til hoyre.no\",\"item\":\"https:\/\/hoyre.no\"},{\"@type\":\"ListItem\",\"position\":2,\"name\":\"Hjem\",\"item\":\"https:\/\/hoyre.no\/drammen\/\"},{\"@type\":\"ListItem\",\"position\":3,\"name\":\"Politikk\"}]},{\"@type\":\"WebSite\",\"@id\":\"https:\/\/hoyre.no\/drammen\/#website\",\"url\":\"https:\/\/hoyre.no\/drammen\/\",\"name\":\"Drammen H\u00f8yre\",\"description\":\"Bare enda et H\u00f8yres nettsteder-nettsted\",\"inLanguage\":\"nb-NO\"}]}<\/script>\n<!-- \/ Yoast SEO plugin. -->","yoast_head_json":{"title":"Politikk - Drammen H\u00f8yre","robots":{"index":"index","follow":"follow","max-snippet":"max-snippet:-1","max-image-preview":"max-image-preview:large","max-video-preview":"max-video-preview:-1"},"canonical":"https:\/\/hoyre.no\/drammen\/politikk\/","og_locale":"nb_NO","og_type":"article","og_title":"Politikk - Drammen H\u00f8yre","og_url":"https:\/\/hoyre.no\/drammen\/politikk\/","og_site_name":"Drammen H\u00f8yre","article_modified_time":"2025-12-13T20:53:40+00:00","og_image":[{"width":1000,"height":1000,"url":"https:\/\/hoyre.no\/content\/uploads\/sites\/201\/2022\/11\/Hoyres-logo.png","type":"image\/png"}],"twitter_card":"summary_large_image","twitter_misc":{"Ansl. lesetid":"1 minutt"},"schema":{"@context":"https:\/\/schema.org","@graph":[{"@type":"WebPage","@id":"https:\/\/hoyre.no\/drammen\/politikk\/","url":"https:\/\/hoyre.no\/drammen\/politikk\/","name":"Politikk - Drammen H\u00f8yre","isPartOf":{"@id":"https:\/\/hoyre.no\/drammen\/#website"},"datePublished":"2023-05-02T10:47:17+00:00","dateModified":"2025-12-13T20:53:40+00:00","breadcrumb":{"@id":"https:\/\/hoyre.no\/drammen\/politikk\/#breadcrumb"},"inLanguage":"nb-NO","potentialAction":[{"@type":"ReadAction","target":["https:\/\/hoyre.no\/drammen\/politikk\/"]}]},{"@type":"BreadcrumbList","@id":"https:\/\/hoyre.no\/drammen\/politikk\/#breadcrumb","itemListElement":[{"@type":"ListItem","position":1,"name":"Til hoyre.no","item":"https:\/\/hoyre.no"},{"@type":"ListItem","position":2,"name":"Hjem","item":"https:\/\/hoyre.no\/drammen\/"},{"@type":"ListItem","position":3,"name":"Politikk"}]},{"@type":"WebSite","@id":"https:\/\/hoyre.no\/drammen\/#website","url":"https:\/\/hoyre.no\/drammen\/","name":"Drammen H\u00f8yre","description":"Bare enda et H\u00f8yres nettsteder-nettsted","inLanguage":"nb-NO"}]}},"distributor_meta":false,"distributor_terms":false,"distributor_media":false,"distributor_original_site_name":"Drammen H\u00f8yre","distributor_original_site_url":"https:\/\/hoyre.no\/drammen","push-errors":false,"_links":{"self":[{"href":"https:\/\/hoyre.no\/drammen\/wp-json\/wp\/v2\/pages\/388","targetHints":{"allow":["GET"]}}],"collection":[{"href":"https:\/\/hoyre.no\/drammen\/wp-json\/wp\/v2\/pages"}],"about":[{"href":"https:\/\/hoyre.no\/drammen\/wp-json\/wp\/v2\/types\/page"}],"author":[{"embeddable":true,"href":"https:\/\/hoyre.no\/drammen\/wp-json\/wp\/v2\/users\/31684"}],"replies":[{"embeddable":true,"href":"https:\/\/hoyre.no\/drammen\/wp-json\/wp\/v2\/comments?post=388"}],"version-history":[{"count":18,"href":"https:\/\/hoyre.no\/drammen\/wp-json\/wp\/v2\/pages\/388\/revisions"}],"predecessor-version":[{"id":1309,"href":"https:\/\/hoyre.no\/drammen\/wp-json\/wp\/v2\/pages\/388\/revisions\/1309"}],"wp:attachment":[{"href":"https:\/\/hoyre.no\/drammen\/wp-json\/wp\/v2\/media?parent=388"}],"curies":[{"name":"wp","href":"https:\/\/api.w.org\/{rel}","templated":true}]}}