{"id":401,"date":"2023-05-30T21:54:31","date_gmt":"2023-05-30T19:54:31","guid":{"rendered":"https:\/\/hoyre.no\/drammen\/?page_id=401"},"modified":"2023-06-03T21:07:15","modified_gmt":"2023-06-03T19:07:15","slug":"grunn-7","status":"publish","type":"page","link":"https:\/\/hoyre.no\/drammen\/7-grunner-drammen\/grunn-7\/","title":{"rendered":"Grunn 7"},"content":{"rendered":"\n<div class=\"wp-block-hoyre-hero with-image-gradient text-color-light  alignfull has-background\"><div class=\"hoyre-hero \"><h1 class=\"title\">7. Et gr\u00f8nnere Drammen<\/h1><p class=\"preamble\">Victoria Cavallini Fevik, 3. kandidat<\/p><\/div><\/div>\n\n\n\n<figure class=\"wp-block-embed is-type-video is-provider-youtube wp-block-embed-youtube wp-embed-aspect-16-9 wp-has-aspect-ratio\"><div class=\"wp-block-embed__wrapper\">\n<iframe loading=\"lazy\" title=\"Et gr\u00f8nnere Drammen\" width=\"500\" height=\"281\" src=\"https:\/\/www.youtube.com\/embed\/Lj46GJW3f_k?feature=oembed\" frameborder=\"0\" allow=\"accelerometer; autoplay; clipboard-write; encrypted-media; gyroscope; picture-in-picture; web-share\" referrerpolicy=\"strict-origin-when-cross-origin\" allowfullscreen><\/iframe>\n<\/div><figcaption>Klikk p\u00e5 videoen for \u00e5 se 3. kandidat Victoria Cavallini Fevik vise Drammen H\u00f8yres l\u00f8sninger.<\/figcaption><\/figure>\n\n\n\n<div class=\"wp-block-buttons is-content-justification-center is-layout-flex wp-container-core-buttons-is-layout-16018d1d wp-block-buttons-is-layout-flex\">\n<div class=\"wp-block-button\"><a class=\"wp-block-button__link\" href=\"https:\/\/hoyre.no\/drammen\/7-grunner-drammen\/grunn-6\">&lt; Grunn 6<\/a><\/div>\n\n\n\n<div class=\"wp-block-button\"><a class=\"wp-block-button__link\" href=\"https:\/\/hoyre.no\/drammen\/7-grunner-drammen\/\">7 Grunner<\/a><\/div>\n\n\n\n<div class=\"wp-block-button\"><a class=\"wp-block-button__link\" href=\"https:\/\/hoyre.no\/drammen\/7-grunner-drammen\/grunn-1\">Grunn 1 &gt;<\/a><\/div>\n<\/div>\n\n\n\n<h2 class=\"wp-block-heading\">Et gr\u00f8nnere Drammen<\/h2>\n\n\n\n\n\n<p><strong>Klimautfordringene er v\u00e5r tids st\u00f8rste utfordring, og vi i H\u00f8yre vil at Drammen skal bli en gr\u00f8nn kommune. Stadig flere blir mer bevisst p\u00e5 klima, og \u00e5 ta milj\u00f8vennlige valg og da m\u00e5 vi tilrettelegge for det i Drammen. For skal vi kutte utslipp i Drammen m\u00e5 vi ha alle med p\u00e5 laget.&nbsp;<\/strong><\/p>\n\n\n\n<p class=\"is-style-default\"><em>Victoria Cavallini Fevik, 3. kandidat for Drammen H\u00f8yre<\/em><\/p>\n\n\n\n<h4 class=\"wp-block-heading\">H\u00f8yre stiller krav<\/h4>\n\n\n\n<p>Uavhengig av hvor mye kommunen kan kutte i utslipp, kommer vi ikke i m\u00e5l uten at alle bidrar. Det viktigste for H\u00f8yre er \u00e5 prioritere de tiltakene som vil gi st\u00f8rst klimaeffekt for pengene, og bruke kommunens anbuds og innkj\u00f8psmakt. Kommunen er en stor akt\u00f8r, og kan gjennom dette bruke denne posisjonen til \u00e5 stille milj\u00f8- og klimakrav. Derfor vil vi stille krav om klimavurdering i saker til politisk behandling.&nbsp;<\/p>\n\n\n\n<figure class=\"wp-block-image size-large\"><img loading=\"lazy\" decoding=\"async\" width=\"1024\" height=\"683\" src=\"https:\/\/hoyre.no\/content\/uploads\/sites\/201\/2023\/01\/hUP6kEoY-1024x683.jpeg\" alt=\"\" class=\"wp-image-290\" srcset=\"https:\/\/hoyre.no\/content\/uploads\/sites\/201\/2023\/01\/hUP6kEoY-1024x683.jpeg 1024w, https:\/\/hoyre.no\/content\/uploads\/sites\/201\/2023\/01\/hUP6kEoY-300x200.jpeg 300w, https:\/\/hoyre.no\/content\/uploads\/sites\/201\/2023\/01\/hUP6kEoY-768x512.jpeg 768w, https:\/\/hoyre.no\/content\/uploads\/sites\/201\/2023\/01\/hUP6kEoY-1536x1024.jpeg 1536w, https:\/\/hoyre.no\/content\/uploads\/sites\/201\/2023\/01\/hUP6kEoY-2048x1365.jpeg 2048w\" sizes=\"auto, (max-width: 1024px) 100vw, 1024px\" \/><figcaption>Vi m\u00e5 ha en klimapolitikk som f\u00e5r folk med oss, ikke mot oss. Det gr\u00f8nne skifte skal ta Drammen fremover, ikke bakover.<\/figcaption><\/figure>\n\n\n\n<h4 class=\"wp-block-heading\"><strong>Alle med p\u00e5 laget<\/strong><\/h4>\n\n\n\n<p>Skal vi kutte utslipp i Drammen m\u00e5 vi ta alle med p\u00e5 laget. Uavhengig av hvor mye kommunen kan kutte, kommer vi ikke i m\u00e5l uten av alle bidrar. Vi vet at n\u00e6ringslivet ligger i front.&nbsp;<\/p>\n\n\n\n<p>Drammen kommune har nylig vedtatt en klimastrategi. Da vi behandlet denne, \u00f8nsket de r\u00f8dgr\u00f8nne \u00e5 fortsette med Futurebuilt, selv om vi vet at bransjen allerede benytter mer moderne standarder som Bream Excellence. Politikerne kan ikke vedta l\u00f8sninger som n\u00e6ringslivet ikke vil ha. Vi tror at n\u00e6ringslivet er best egnet til \u00e5 finne nye klimal\u00f8sninger og teknologi, da m\u00e5 kommunen spille p\u00e5 lag med n\u00e6ringslivet og bidra med sin innkj\u00f8pskraft.<\/p>\n\n\n\n<h4 class=\"wp-block-heading\"><strong>Fremover, ikke bakover<\/strong><\/h4>\n\n\n\n<p>Selv om alle ikke kan gj\u00f8re alt, kan alle gj\u00f8re noe. Skal vi kutte utslipp, m\u00e5 vi bli sirkul\u00e6re. Det betyr at vi m\u00e5 gjenbruke det vi har, fremfor \u00e5 kj\u00f8pe nytt. Vi vil gj\u00f8re det mer attraktivt og enkelt \u00e5 reparere elektronikk eller kl\u00e6r. Vi \u00f8nsker \u00e5 ha et livssyklusperspektiv p\u00e5 produksjon, bruk og utfasing av produkter. Det er bra for lommeboka og for milj\u00f8et, b\u00e5de for innbyggere og bedrifter.<\/p>\n\n\n\n<p>Vi m\u00e5 ha en klimapolitikk som f\u00e5r folk med oss, ikke mot oss. Det gr\u00f8nne skifte skal ta Drammen fremover, ikke bakover.<\/p>\n\n\n\n<div class=\"wp-block-teft-factbox is-style-blue\"><div class=\"factbox-inner\"><div class=\"entry-content\"><h4 class=\"toggle\">Drammen H\u00f8yre vil:<\/h4>\n<ul class=\"wp-block-list\"><li>Prioritere tiltak som gir st\u00f8rst mulig klimaeffekt for pengene.&nbsp;&nbsp;<\/li><li>Hjelpe innbyggere og bedrifter \u00e5 planlegge gr\u00f8nn omstilling og gj\u00f8re investeringer i tr\u00e5d med kommunens klimam\u00e5l.&nbsp;&nbsp;<\/li><li>Stille kvalifikasjonskrav om utslippsfrie og fornybare l\u00f8sninger i anskaffelser, og bruke milj\u00f8bonus og milj\u00f8vekting.&nbsp;<\/li><\/ul>\n<\/div><\/div><\/div>\n\n\n\n<p class=\"has-text-align-center\">Se flere gode grunner til \u00e5 stemme H\u00f8yre i Drammen:<\/p>\n\n\n\n<div class=\"wp-block-buttons is-content-justification-center is-layout-flex wp-container-core-buttons-is-layout-16018d1d wp-block-buttons-is-layout-flex\">\n<div class=\"wp-block-button\"><a class=\"wp-block-button__link\" href=\"https:\/\/hoyre.no\/drammen\/7-grunner-drammen\/grunn-6\">&lt; Grunn 6<\/a><\/div>\n\n\n\n<div class=\"wp-block-button\"><a class=\"wp-block-button__link\" href=\"https:\/\/hoyre.no\/drammen\/7-grunner-drammen\/\">7 Grunner<\/a><\/div>\n\n\n\n<div class=\"wp-block-button\"><a class=\"wp-block-button__link\" href=\"https:\/\/hoyre.no\/drammen\/7-grunner-drammen\/grunn-1\">Grunn 1 &gt;<\/a><\/div>\n<\/div>\n","protected":false},"excerpt":{"rendered":"<p>Et gr\u00f8nnere Drammen Klimautfordringene er v\u00e5r tids st\u00f8rste utfordring, og vi i H\u00f8yre vil at Drammen skal bli en gr\u00f8nn kommune. Stadig flere blir mer bevisst p\u00e5 klima, og \u00e5 ta milj\u00f8vennlige valg og da m\u00e5 vi tilrettelegge for det i Drammen. For skal vi kutte utslipp i Drammen m\u00e5 vi ha alle med p\u00e5 [&hellip;]<\/p>\n","protected":false},"author":31325,"featured_media":0,"parent":284,"menu_order":7,"comment_status":"closed","ping_status":"closed","template":"","meta":{"teft_cards_image_url":"","teft_cards_custom_pretitle":"","teft_cards_image_id":0,"teft_cards_image_focal_point_x":0,"teft_cards_image_focal_point_y":0,"teft_cards_title":"","teft_cards_excerpt":"","teft_show_chapters":false,"footnotes":""},"class_list":["post-401","page","type-page","status-publish","hentry"],"yoast_head":"<!-- This site is optimized with the Yoast SEO plugin v26.6 - https:\/\/yoast.com\/wordpress\/plugins\/seo\/ -->\n<title>Grunn 7 - Drammen H\u00f8yre<\/title>\n<meta name=\"robots\" content=\"index, follow, max-snippet:-1, max-image-preview:large, max-video-preview:-1\" \/>\n<link rel=\"canonical\" href=\"https:\/\/hoyre.no\/drammen\/7-grunner-drammen\/grunn-7\/\" \/>\n<meta property=\"og:locale\" content=\"nb_NO\" \/>\n<meta property=\"og:type\" content=\"article\" \/>\n<meta property=\"og:title\" content=\"Grunn 7 - Drammen H\u00f8yre\" \/>\n<meta property=\"og:description\" content=\"Et gr\u00f8nnere Drammen Klimautfordringene er v\u00e5r tids st\u00f8rste utfordring, og vi i H\u00f8yre vil at Drammen skal bli en gr\u00f8nn kommune. Stadig flere blir mer bevisst p\u00e5 klima, og \u00e5 ta milj\u00f8vennlige valg og da m\u00e5 vi tilrettelegge for det i Drammen. For skal vi kutte utslipp i Drammen m\u00e5 vi ha alle med p\u00e5 [&hellip;]\" \/>\n<meta property=\"og:url\" content=\"https:\/\/hoyre.no\/drammen\/7-grunner-drammen\/grunn-7\/\" \/>\n<meta property=\"og:site_name\" content=\"Drammen H\u00f8yre\" \/>\n<meta property=\"article:modified_time\" content=\"2023-06-03T19:07:15+00:00\" \/>\n<meta property=\"og:image\" content=\"https:\/\/hoyre.no\/content\/uploads\/sites\/201\/2023\/01\/hUP6kEoY-1024x683.jpeg\" \/>\n<meta name=\"twitter:card\" content=\"summary_large_image\" \/>\n<meta name=\"twitter:label1\" content=\"Ansl. lesetid\" \/>\n\t<meta name=\"twitter:data1\" content=\"3 minutter\" \/>\n<script type=\"application\/ld+json\" class=\"yoast-schema-graph\">{\"@context\":\"https:\/\/schema.org\",\"@graph\":[{\"@type\":\"WebPage\",\"@id\":\"https:\/\/hoyre.no\/drammen\/7-grunner-drammen\/grunn-7\/\",\"url\":\"https:\/\/hoyre.no\/drammen\/7-grunner-drammen\/grunn-7\/\",\"name\":\"Grunn 7 - Drammen H\u00f8yre\",\"isPartOf\":{\"@id\":\"https:\/\/hoyre.no\/drammen\/#website\"},\"image\":{\"@id\":\"https:\/\/hoyre.no\/drammen\/7-grunner-drammen\/grunn-7\/#primaryimage\"},\"thumbnailUrl\":\"https:\/\/hoyre.no\/content\/uploads\/sites\/201\/2023\/01\/hUP6kEoY-1024x683.jpeg\",\"datePublished\":\"2023-05-30T19:54:31+00:00\",\"dateModified\":\"2023-06-03T19:07:15+00:00\",\"breadcrumb\":{\"@id\":\"https:\/\/hoyre.no\/drammen\/7-grunner-drammen\/grunn-7\/#breadcrumb\"},\"inLanguage\":\"nb-NO\",\"potentialAction\":[{\"@type\":\"ReadAction\",\"target\":[\"https:\/\/hoyre.no\/drammen\/7-grunner-drammen\/grunn-7\/\"]}]},{\"@type\":\"ImageObject\",\"inLanguage\":\"nb-NO\",\"@id\":\"https:\/\/hoyre.no\/drammen\/7-grunner-drammen\/grunn-7\/#primaryimage\",\"url\":\"https:\/\/hoyre.no\/content\/uploads\/sites\/201\/2023\/01\/hUP6kEoY-1024x683.jpeg\",\"contentUrl\":\"https:\/\/hoyre.no\/content\/uploads\/sites\/201\/2023\/01\/hUP6kEoY-1024x683.jpeg\"},{\"@type\":\"BreadcrumbList\",\"@id\":\"https:\/\/hoyre.no\/drammen\/7-grunner-drammen\/grunn-7\/#breadcrumb\",\"itemListElement\":[{\"@type\":\"ListItem\",\"position\":1,\"name\":\"Til hoyre.no\",\"item\":\"https:\/\/hoyre.no\"},{\"@type\":\"ListItem\",\"position\":2,\"name\":\"Hjem\",\"item\":\"https:\/\/hoyre.no\/drammen\/\"},{\"@type\":\"ListItem\",\"position\":3,\"name\":\"Syv grunner Drammen\",\"item\":\"https:\/\/hoyre.no\/drammen\/7-grunner-drammen\/\"},{\"@type\":\"ListItem\",\"position\":4,\"name\":\"Grunn 7\"}]},{\"@type\":\"WebSite\",\"@id\":\"https:\/\/hoyre.no\/drammen\/#website\",\"url\":\"https:\/\/hoyre.no\/drammen\/\",\"name\":\"Drammen H\u00f8yre\",\"description\":\"Bare enda et H\u00f8yres nettsteder-nettsted\",\"inLanguage\":\"nb-NO\"}]}<\/script>\n<!-- \/ Yoast SEO plugin. -->","yoast_head_json":{"title":"Grunn 7 - Drammen H\u00f8yre","robots":{"index":"index","follow":"follow","max-snippet":"max-snippet:-1","max-image-preview":"max-image-preview:large","max-video-preview":"max-video-preview:-1"},"canonical":"https:\/\/hoyre.no\/drammen\/7-grunner-drammen\/grunn-7\/","og_locale":"nb_NO","og_type":"article","og_title":"Grunn 7 - Drammen H\u00f8yre","og_description":"Et gr\u00f8nnere Drammen Klimautfordringene er v\u00e5r tids st\u00f8rste utfordring, og vi i H\u00f8yre vil at Drammen skal bli en gr\u00f8nn kommune. Stadig flere blir mer bevisst p\u00e5 klima, og \u00e5 ta milj\u00f8vennlige valg og da m\u00e5 vi tilrettelegge for det i Drammen. For skal vi kutte utslipp i Drammen m\u00e5 vi ha alle med p\u00e5 [&hellip;]","og_url":"https:\/\/hoyre.no\/drammen\/7-grunner-drammen\/grunn-7\/","og_site_name":"Drammen H\u00f8yre","article_modified_time":"2023-06-03T19:07:15+00:00","og_image":[{"url":"https:\/\/hoyre.no\/content\/uploads\/sites\/201\/2023\/01\/hUP6kEoY-1024x683.jpeg","type":"","width":"","height":""}],"twitter_card":"summary_large_image","twitter_misc":{"Ansl. lesetid":"3 minutter"},"schema":{"@context":"https:\/\/schema.org","@graph":[{"@type":"WebPage","@id":"https:\/\/hoyre.no\/drammen\/7-grunner-drammen\/grunn-7\/","url":"https:\/\/hoyre.no\/drammen\/7-grunner-drammen\/grunn-7\/","name":"Grunn 7 - Drammen H\u00f8yre","isPartOf":{"@id":"https:\/\/hoyre.no\/drammen\/#website"},"image":{"@id":"https:\/\/hoyre.no\/drammen\/7-grunner-drammen\/grunn-7\/#primaryimage"},"thumbnailUrl":"https:\/\/hoyre.no\/content\/uploads\/sites\/201\/2023\/01\/hUP6kEoY-1024x683.jpeg","datePublished":"2023-05-30T19:54:31+00:00","dateModified":"2023-06-03T19:07:15+00:00","breadcrumb":{"@id":"https:\/\/hoyre.no\/drammen\/7-grunner-drammen\/grunn-7\/#breadcrumb"},"inLanguage":"nb-NO","potentialAction":[{"@type":"ReadAction","target":["https:\/\/hoyre.no\/drammen\/7-grunner-drammen\/grunn-7\/"]}]},{"@type":"ImageObject","inLanguage":"nb-NO","@id":"https:\/\/hoyre.no\/drammen\/7-grunner-drammen\/grunn-7\/#primaryimage","url":"https:\/\/hoyre.no\/content\/uploads\/sites\/201\/2023\/01\/hUP6kEoY-1024x683.jpeg","contentUrl":"https:\/\/hoyre.no\/content\/uploads\/sites\/201\/2023\/01\/hUP6kEoY-1024x683.jpeg"},{"@type":"BreadcrumbList","@id":"https:\/\/hoyre.no\/drammen\/7-grunner-drammen\/grunn-7\/#breadcrumb","itemListElement":[{"@type":"ListItem","position":1,"name":"Til hoyre.no","item":"https:\/\/hoyre.no"},{"@type":"ListItem","position":2,"name":"Hjem","item":"https:\/\/hoyre.no\/drammen\/"},{"@type":"ListItem","position":3,"name":"Syv grunner Drammen","item":"https:\/\/hoyre.no\/drammen\/7-grunner-drammen\/"},{"@type":"ListItem","position":4,"name":"Grunn 7"}]},{"@type":"WebSite","@id":"https:\/\/hoyre.no\/drammen\/#website","url":"https:\/\/hoyre.no\/drammen\/","name":"Drammen H\u00f8yre","description":"Bare enda et H\u00f8yres nettsteder-nettsted","inLanguage":"nb-NO"}]}},"distributor_meta":false,"distributor_terms":false,"distributor_media":false,"distributor_original_site_name":"Drammen H\u00f8yre","distributor_original_site_url":"https:\/\/hoyre.no\/drammen","push-errors":false,"_links":{"self":[{"href":"https:\/\/hoyre.no\/drammen\/wp-json\/wp\/v2\/pages\/401","targetHints":{"allow":["GET"]}}],"collection":[{"href":"https:\/\/hoyre.no\/drammen\/wp-json\/wp\/v2\/pages"}],"about":[{"href":"https:\/\/hoyre.no\/drammen\/wp-json\/wp\/v2\/types\/page"}],"author":[{"embeddable":true,"href":"https:\/\/hoyre.no\/drammen\/wp-json\/wp\/v2\/users\/31325"}],"replies":[{"embeddable":true,"href":"https:\/\/hoyre.no\/drammen\/wp-json\/wp\/v2\/comments?post=401"}],"version-history":[{"count":14,"href":"https:\/\/hoyre.no\/drammen\/wp-json\/wp\/v2\/pages\/401\/revisions"}],"predecessor-version":[{"id":548,"href":"https:\/\/hoyre.no\/drammen\/wp-json\/wp\/v2\/pages\/401\/revisions\/548"}],"up":[{"embeddable":true,"href":"https:\/\/hoyre.no\/drammen\/wp-json\/wp\/v2\/pages\/284"}],"wp:attachment":[{"href":"https:\/\/hoyre.no\/drammen\/wp-json\/wp\/v2\/media?parent=401"}],"curies":[{"name":"wp","href":"https:\/\/api.w.org\/{rel}","templated":true}]}}