{"id":404,"date":"2023-05-30T21:57:40","date_gmt":"2023-05-30T19:57:40","guid":{"rendered":"https:\/\/hoyre.no\/drammen\/?page_id=404"},"modified":"2023-06-03T21:04:42","modified_gmt":"2023-06-03T19:04:42","slug":"grunn-2","status":"publish","type":"page","link":"https:\/\/hoyre.no\/drammen\/7-grunner-drammen\/grunn-2\/","title":{"rendered":"Grunn 2"},"content":{"rendered":"\n<div class=\"wp-block-hoyre-hero with-image-gradient text-color-light  alignfull has-background\"><div class=\"hoyre-hero \"><h1 class=\"title\">2. Fortsatt nei til eiendomsskatt<\/h1><p class=\"preamble\">Kristin Surlien, 2. kandidat<\/p><\/div><\/div>\n\n\n\n\n<figure class=\"wp-block-embed is-type-video is-provider-youtube wp-block-embed-youtube wp-embed-aspect-16-9 wp-has-aspect-ratio\"><div class=\"wp-block-embed__wrapper\">\n<iframe loading=\"lazy\" title=\"Fortsatt nei til eiendomsskatt i Drammen\" width=\"500\" height=\"281\" src=\"https:\/\/www.youtube.com\/embed\/GNym7J2pFeo?feature=oembed\" frameborder=\"0\" allow=\"accelerometer; autoplay; clipboard-write; encrypted-media; gyroscope; picture-in-picture; web-share\" referrerpolicy=\"strict-origin-when-cross-origin\" allowfullscreen><\/iframe>\n<\/div><figcaption>Klikk p\u00e5 videoen for \u00e5 se 2. kandidat Kristin Surlien vise Drammen H\u00f8yres l\u00f8sninger.<\/figcaption><\/figure>\n\n\n\n\n<div class=\"wp-block-buttons is-content-justification-center is-layout-flex wp-container-core-buttons-is-layout-16018d1d wp-block-buttons-is-layout-flex\">\n<div class=\"wp-block-button\"><a class=\"wp-block-button__link\" href=\"https:\/\/hoyre.no\/drammen\/7-grunner-drammen\/grunn-1\">&lt; Grunn 1<\/a><\/div>\n\n\n\n<div class=\"wp-block-button\"><a class=\"wp-block-button__link\" href=\"https:\/\/hoyre.no\/drammen\/7-grunner-drammen\/\">7 grunner<\/a><\/div>\n\n\n\n<div class=\"wp-block-button\"><a class=\"wp-block-button__link\" href=\"https:\/\/hoyre.no\/drammen\/7-grunner-drammen\/grunn-3\">Grunn 3 &gt;<\/a><\/div>\n<\/div>\n\n\n\n<h2 class=\"wp-block-heading\">Fortsatt nei til eiendomsskatt<\/h2>\n\n\n\n<p><strong>H\u00f8yre er garantisten mot innf\u00f8ring av eiendomsskatt i Drammen. Eiendomsskatt er grunnleggende usosialt. Eiendomsskatt rammer boligeiere uavhengig av inntekt og betalingsevne. Du har som vanlig inntekt skal kunne eie egen bolig. <\/strong><\/p>\n\n\n\n<p><em>Kristin Surlien, 2. kandidat for Drammen H\u00f8yre<\/em><\/p>\n\n\n\n<h4 class=\"wp-block-heading\">Rammer vanlige folk<\/h4>\n\n\n\n<p>Eiendomsskatt er d\u00e5rlig egnet til \u00e5 utjevne forskjeller og rammer vanlige folk og familier, og da s\u00e6rlig de med lav inntekt. For H\u00f8yre er det helt uaktuelt \u00e5 innf\u00f8re denne skatten i kommunen v\u00e5r.&nbsp;<\/p>\n\n\n\n<p>Dyrtid har det siste \u00e5ret blitt et etablert begrep p\u00e5 tiden vi lever i n\u00e5. N\u00e5r alt blir dyrere og folk som f\u00f8r har klart seg fint begynner \u00e5 f\u00e5 \u00f8konomiske utfordringer, kan ikke politikere velte nye store regninger over p\u00e5 innbyggere som allerede sliter.&nbsp;<\/p>\n\n\n\n<figure class=\"wp-block-image size-large\"><img loading=\"lazy\" decoding=\"async\" width=\"1024\" height=\"680\" src=\"https:\/\/hoyre.no\/content\/uploads\/sites\/201\/2022\/10\/IMG_2439-1024x680.jpg\" alt=\"\" class=\"wp-image-263\" srcset=\"https:\/\/hoyre.no\/content\/uploads\/sites\/201\/2022\/10\/IMG_2439-1024x680.jpg 1024w, https:\/\/hoyre.no\/content\/uploads\/sites\/201\/2022\/10\/IMG_2439-300x199.jpg 300w, https:\/\/hoyre.no\/content\/uploads\/sites\/201\/2022\/10\/IMG_2439-768x510.jpg 768w, https:\/\/hoyre.no\/content\/uploads\/sites\/201\/2022\/10\/IMG_2439-1536x1020.jpg 1536w, https:\/\/hoyre.no\/content\/uploads\/sites\/201\/2022\/10\/IMG_2439-2048x1360.jpg 2048w\" sizes=\"auto, (max-width: 1024px) 100vw, 1024px\" \/><figcaption>Det siste folk trenger n\u00e5 er en ekstra skattebyrde p\u00e5 toppen av allerede galopperende kostnads\u00f8kninger. <\/figcaption><\/figure>\n\n\n\n<h4 class=\"wp-block-heading\">D\u00e5rlig politisk styring<\/h4>\n\n\n\n<p>De fleste boligeiere er folk med helt vanlige inntekter, som har l\u00e5nt penger for \u00e5 realisere boligdr\u00f8mmen. N\u00e5r rentene p\u00e5 boligl\u00e5n stiger raskt, kan det v\u00e6re utfordrende nok i seg selv.&nbsp;&nbsp;<\/p>\n\n\n\n<p>Det siste folk trenger n\u00e5 er en ekstra skattebyrde p\u00e5 toppen av allerede galopperende kostnads\u00f8kninger. Innf\u00f8ring av eiendomsskatt ofte er resultat av d\u00e5rlig politisk styring, og H\u00f8yre er lite imponert over styringen av Drammen de siste fire \u00e5rene.&nbsp;&nbsp;<\/p>\n\n\n\n<h4 class=\"wp-block-heading\">Leve av egen inntekt<\/h4>\n\n\n\n<p>Politikk handler om \u00e5 prioritere, og det finnes ikke penger nok om man p\u00f8ser ut p\u00e5 alt og alle. For partier p\u00e5 venstresiden er terskelen lav for \u00e5 innf\u00f8re eiendomsskatt fremfor \u00e5 prioritere innenfor rammene som er. I motsetning til de r\u00f8de partiene&nbsp; er vi opptatt av at folk skal kunne leve av sin egen inntekt. Det er v\u00e5r plikt som politikere \u00e5 forvalte v\u00e5re innbyggeres penger p\u00e5 best mulig m\u00e5te. <\/p>\n\n\n\n<p>Vi skal ikke bruke folks inntekt som en ekstra lommebok. Folk m\u00e5 ha r\u00e5d til \u00e5 bo her. Vi vil at alle skal ha r\u00e5d til \u00e5 bo i Drammen, og at Drammen skal v\u00e6re en kommune med muligheter for alle. Da kan vi ikke skattlegge folk p\u00e5 en s\u00e5nn m\u00e5te at mange ikke har r\u00e5d til \u00e5 bo her.<\/p>\n\n\n\n<h4 class=\"wp-block-heading\">Trygge velferdstilbudet<\/h4>\n\n\n\n<p>H\u00f8yre er opptatt av at det blir utvikling og befolkningsvekst i kommunen,&nbsp;og vi mener det er helt avgj\u00f8rende for \u00e5 trygge velferdstilbudet til Drammenserne. Med eiendomsskatt vi kan se langt etter den bolig- og n\u00e6ringsutviklingen Drammen trenger.&nbsp;<\/p>\n\n\n\n<div class=\"wp-block-teft-factbox is-style-blue\"><div class=\"factbox-inner\"><div class=\"entry-content\"><h4 class=\"toggle\">Drammen H\u00f8yre vil:<\/h4>\n<ul class=\"wp-block-list\"><li>V\u00e6re garantisten mot innf\u00f8ring av eiendomsskatt.<\/li><li>At kommunen skal v\u00e6re en tilrettelegger for vekst og trygge arbeidsplasser.<\/li><li>Bruke pengene kommunen har p\u00e5 en god m\u00e5te.<\/li><li>At alle innbyggere i Drammen skal ha en bolig og v\u00e6re selvfors\u00f8rget.<\/li><\/ul>\n<\/div><\/div><\/div>\n\n\n\n<p class=\"has-text-align-center\">Se flere gode grunner til \u00e5 stemme H\u00f8yre i Drammen:<\/p>\n\n\n\n<div class=\"wp-block-buttons is-content-justification-center is-layout-flex wp-container-core-buttons-is-layout-16018d1d wp-block-buttons-is-layout-flex\">\n<div class=\"wp-block-button\"><a class=\"wp-block-button__link\" href=\"https:\/\/hoyre.no\/drammen\/7-grunner-drammen\/grunn-1\">&lt; Grunn 1<\/a><\/div>\n\n\n\n<div class=\"wp-block-button\"><a class=\"wp-block-button__link\" href=\"https:\/\/hoyre.no\/drammen\/7-grunner-drammen\/\">7 grunner<\/a><\/div>\n\n\n\n<div class=\"wp-block-button\"><a class=\"wp-block-button__link\" href=\"https:\/\/hoyre.no\/drammen\/7-grunner-drammen\/grunn-3\">Grunn 3 &gt;<\/a><\/div>\n<\/div>\n","protected":false},"excerpt":{"rendered":"<p>Fortsatt nei til eiendomsskatt H\u00f8yre er garantisten mot innf\u00f8ring av eiendomsskatt i Drammen. Eiendomsskatt er grunnleggende usosialt. Eiendomsskatt rammer boligeiere uavhengig av inntekt og betalingsevne. Du har som vanlig inntekt skal kunne eie egen bolig. Kristin Surlien, 2. kandidat for Drammen H\u00f8yre Rammer vanlige folk Eiendomsskatt er d\u00e5rlig egnet til \u00e5 utjevne forskjeller og rammer [&hellip;]<\/p>\n","protected":false},"author":31325,"featured_media":0,"parent":284,"menu_order":2,"comment_status":"closed","ping_status":"closed","template":"","meta":{"teft_cards_image_url":"","teft_cards_custom_pretitle":"","teft_cards_image_id":0,"teft_cards_image_focal_point_x":0,"teft_cards_image_focal_point_y":0,"teft_cards_title":"","teft_cards_excerpt":"","teft_show_chapters":false,"footnotes":""},"class_list":["post-404","page","type-page","status-publish","hentry"],"yoast_head":"<!-- This site is optimized with the Yoast SEO plugin v26.6 - https:\/\/yoast.com\/wordpress\/plugins\/seo\/ -->\n<title>Grunn 2 - Drammen H\u00f8yre<\/title>\n<meta name=\"robots\" content=\"index, follow, max-snippet:-1, max-image-preview:large, max-video-preview:-1\" \/>\n<link rel=\"canonical\" href=\"https:\/\/hoyre.no\/drammen\/7-grunner-drammen\/grunn-2\/\" \/>\n<meta property=\"og:locale\" content=\"nb_NO\" \/>\n<meta property=\"og:type\" content=\"article\" \/>\n<meta property=\"og:title\" content=\"Grunn 2 - Drammen H\u00f8yre\" \/>\n<meta property=\"og:description\" content=\"Fortsatt nei til eiendomsskatt H\u00f8yre er garantisten mot innf\u00f8ring av eiendomsskatt i Drammen. Eiendomsskatt er grunnleggende usosialt. Eiendomsskatt rammer boligeiere uavhengig av inntekt og betalingsevne. Du har som vanlig inntekt skal kunne eie egen bolig. Kristin Surlien, 2. kandidat for Drammen H\u00f8yre Rammer vanlige folk Eiendomsskatt er d\u00e5rlig egnet til \u00e5 utjevne forskjeller og rammer [&hellip;]\" \/>\n<meta property=\"og:url\" content=\"https:\/\/hoyre.no\/drammen\/7-grunner-drammen\/grunn-2\/\" \/>\n<meta property=\"og:site_name\" content=\"Drammen H\u00f8yre\" \/>\n<meta property=\"article:modified_time\" content=\"2023-06-03T19:04:42+00:00\" \/>\n<meta property=\"og:image\" content=\"https:\/\/hoyre.no\/content\/uploads\/sites\/201\/2022\/10\/IMG_2439-1024x680.jpg\" \/>\n<meta name=\"twitter:card\" content=\"summary_large_image\" \/>\n<meta name=\"twitter:label1\" content=\"Ansl. lesetid\" \/>\n\t<meta name=\"twitter:data1\" content=\"3 minutter\" \/>\n<script type=\"application\/ld+json\" class=\"yoast-schema-graph\">{\"@context\":\"https:\/\/schema.org\",\"@graph\":[{\"@type\":\"WebPage\",\"@id\":\"https:\/\/hoyre.no\/drammen\/7-grunner-drammen\/grunn-2\/\",\"url\":\"https:\/\/hoyre.no\/drammen\/7-grunner-drammen\/grunn-2\/\",\"name\":\"Grunn 2 - Drammen H\u00f8yre\",\"isPartOf\":{\"@id\":\"https:\/\/hoyre.no\/drammen\/#website\"},\"image\":{\"@id\":\"https:\/\/hoyre.no\/drammen\/7-grunner-drammen\/grunn-2\/#primaryimage\"},\"thumbnailUrl\":\"https:\/\/hoyre.no\/content\/uploads\/sites\/201\/2022\/10\/IMG_2439-1024x680.jpg\",\"datePublished\":\"2023-05-30T19:57:40+00:00\",\"dateModified\":\"2023-06-03T19:04:42+00:00\",\"breadcrumb\":{\"@id\":\"https:\/\/hoyre.no\/drammen\/7-grunner-drammen\/grunn-2\/#breadcrumb\"},\"inLanguage\":\"nb-NO\",\"potentialAction\":[{\"@type\":\"ReadAction\",\"target\":[\"https:\/\/hoyre.no\/drammen\/7-grunner-drammen\/grunn-2\/\"]}]},{\"@type\":\"ImageObject\",\"inLanguage\":\"nb-NO\",\"@id\":\"https:\/\/hoyre.no\/drammen\/7-grunner-drammen\/grunn-2\/#primaryimage\",\"url\":\"https:\/\/hoyre.no\/content\/uploads\/sites\/201\/2022\/10\/IMG_2439-1024x680.jpg\",\"contentUrl\":\"https:\/\/hoyre.no\/content\/uploads\/sites\/201\/2022\/10\/IMG_2439-1024x680.jpg\"},{\"@type\":\"BreadcrumbList\",\"@id\":\"https:\/\/hoyre.no\/drammen\/7-grunner-drammen\/grunn-2\/#breadcrumb\",\"itemListElement\":[{\"@type\":\"ListItem\",\"position\":1,\"name\":\"Til hoyre.no\",\"item\":\"https:\/\/hoyre.no\"},{\"@type\":\"ListItem\",\"position\":2,\"name\":\"Hjem\",\"item\":\"https:\/\/hoyre.no\/drammen\/\"},{\"@type\":\"ListItem\",\"position\":3,\"name\":\"Syv grunner Drammen\",\"item\":\"https:\/\/hoyre.no\/drammen\/7-grunner-drammen\/\"},{\"@type\":\"ListItem\",\"position\":4,\"name\":\"Grunn 2\"}]},{\"@type\":\"WebSite\",\"@id\":\"https:\/\/hoyre.no\/drammen\/#website\",\"url\":\"https:\/\/hoyre.no\/drammen\/\",\"name\":\"Drammen H\u00f8yre\",\"description\":\"Bare enda et H\u00f8yres nettsteder-nettsted\",\"inLanguage\":\"nb-NO\"}]}<\/script>\n<!-- \/ Yoast SEO plugin. -->","yoast_head_json":{"title":"Grunn 2 - Drammen H\u00f8yre","robots":{"index":"index","follow":"follow","max-snippet":"max-snippet:-1","max-image-preview":"max-image-preview:large","max-video-preview":"max-video-preview:-1"},"canonical":"https:\/\/hoyre.no\/drammen\/7-grunner-drammen\/grunn-2\/","og_locale":"nb_NO","og_type":"article","og_title":"Grunn 2 - Drammen H\u00f8yre","og_description":"Fortsatt nei til eiendomsskatt H\u00f8yre er garantisten mot innf\u00f8ring av eiendomsskatt i Drammen. Eiendomsskatt er grunnleggende usosialt. Eiendomsskatt rammer boligeiere uavhengig av inntekt og betalingsevne. Du har som vanlig inntekt skal kunne eie egen bolig. Kristin Surlien, 2. kandidat for Drammen H\u00f8yre Rammer vanlige folk Eiendomsskatt er d\u00e5rlig egnet til \u00e5 utjevne forskjeller og rammer [&hellip;]","og_url":"https:\/\/hoyre.no\/drammen\/7-grunner-drammen\/grunn-2\/","og_site_name":"Drammen H\u00f8yre","article_modified_time":"2023-06-03T19:04:42+00:00","og_image":[{"url":"https:\/\/hoyre.no\/content\/uploads\/sites\/201\/2022\/10\/IMG_2439-1024x680.jpg","type":"","width":"","height":""}],"twitter_card":"summary_large_image","twitter_misc":{"Ansl. lesetid":"3 minutter"},"schema":{"@context":"https:\/\/schema.org","@graph":[{"@type":"WebPage","@id":"https:\/\/hoyre.no\/drammen\/7-grunner-drammen\/grunn-2\/","url":"https:\/\/hoyre.no\/drammen\/7-grunner-drammen\/grunn-2\/","name":"Grunn 2 - Drammen H\u00f8yre","isPartOf":{"@id":"https:\/\/hoyre.no\/drammen\/#website"},"image":{"@id":"https:\/\/hoyre.no\/drammen\/7-grunner-drammen\/grunn-2\/#primaryimage"},"thumbnailUrl":"https:\/\/hoyre.no\/content\/uploads\/sites\/201\/2022\/10\/IMG_2439-1024x680.jpg","datePublished":"2023-05-30T19:57:40+00:00","dateModified":"2023-06-03T19:04:42+00:00","breadcrumb":{"@id":"https:\/\/hoyre.no\/drammen\/7-grunner-drammen\/grunn-2\/#breadcrumb"},"inLanguage":"nb-NO","potentialAction":[{"@type":"ReadAction","target":["https:\/\/hoyre.no\/drammen\/7-grunner-drammen\/grunn-2\/"]}]},{"@type":"ImageObject","inLanguage":"nb-NO","@id":"https:\/\/hoyre.no\/drammen\/7-grunner-drammen\/grunn-2\/#primaryimage","url":"https:\/\/hoyre.no\/content\/uploads\/sites\/201\/2022\/10\/IMG_2439-1024x680.jpg","contentUrl":"https:\/\/hoyre.no\/content\/uploads\/sites\/201\/2022\/10\/IMG_2439-1024x680.jpg"},{"@type":"BreadcrumbList","@id":"https:\/\/hoyre.no\/drammen\/7-grunner-drammen\/grunn-2\/#breadcrumb","itemListElement":[{"@type":"ListItem","position":1,"name":"Til hoyre.no","item":"https:\/\/hoyre.no"},{"@type":"ListItem","position":2,"name":"Hjem","item":"https:\/\/hoyre.no\/drammen\/"},{"@type":"ListItem","position":3,"name":"Syv grunner Drammen","item":"https:\/\/hoyre.no\/drammen\/7-grunner-drammen\/"},{"@type":"ListItem","position":4,"name":"Grunn 2"}]},{"@type":"WebSite","@id":"https:\/\/hoyre.no\/drammen\/#website","url":"https:\/\/hoyre.no\/drammen\/","name":"Drammen H\u00f8yre","description":"Bare enda et H\u00f8yres nettsteder-nettsted","inLanguage":"nb-NO"}]}},"distributor_meta":false,"distributor_terms":false,"distributor_media":false,"distributor_original_site_name":"Drammen H\u00f8yre","distributor_original_site_url":"https:\/\/hoyre.no\/drammen","push-errors":false,"_links":{"self":[{"href":"https:\/\/hoyre.no\/drammen\/wp-json\/wp\/v2\/pages\/404","targetHints":{"allow":["GET"]}}],"collection":[{"href":"https:\/\/hoyre.no\/drammen\/wp-json\/wp\/v2\/pages"}],"about":[{"href":"https:\/\/hoyre.no\/drammen\/wp-json\/wp\/v2\/types\/page"}],"author":[{"embeddable":true,"href":"https:\/\/hoyre.no\/drammen\/wp-json\/wp\/v2\/users\/31325"}],"replies":[{"embeddable":true,"href":"https:\/\/hoyre.no\/drammen\/wp-json\/wp\/v2\/comments?post=404"}],"version-history":[{"count":14,"href":"https:\/\/hoyre.no\/drammen\/wp-json\/wp\/v2\/pages\/404\/revisions"}],"predecessor-version":[{"id":543,"href":"https:\/\/hoyre.no\/drammen\/wp-json\/wp\/v2\/pages\/404\/revisions\/543"}],"up":[{"embeddable":true,"href":"https:\/\/hoyre.no\/drammen\/wp-json\/wp\/v2\/pages\/284"}],"wp:attachment":[{"href":"https:\/\/hoyre.no\/drammen\/wp-json\/wp\/v2\/media?parent=404"}],"curies":[{"name":"wp","href":"https:\/\/api.w.org\/{rel}","templated":true}]}}