{"id":406,"date":"2023-05-30T21:56:41","date_gmt":"2023-05-30T19:56:41","guid":{"rendered":"https:\/\/hoyre.no\/drammen\/?page_id=406"},"modified":"2023-06-03T21:05:15","modified_gmt":"2023-06-03T19:05:15","slug":"grunn-3","status":"publish","type":"page","link":"https:\/\/hoyre.no\/drammen\/7-grunner-drammen\/grunn-3\/","title":{"rendered":"Grunn 3"},"content":{"rendered":"\n<div class=\"wp-block-hoyre-hero with-image-gradient text-color-light  alignfull has-background\"><div class=\"hoyre-hero \"><h1 class=\"title\">3. En skole for elevene<\/h1><p class=\"preamble\">Victoria Cavallini Fevik, 3. kandidat<\/p><\/div><\/div>\n\n\n\n\n<figure class=\"wp-block-embed is-type-video is-provider-youtube wp-block-embed-youtube wp-embed-aspect-16-9 wp-has-aspect-ratio\"><div class=\"wp-block-embed__wrapper\">\n<iframe loading=\"lazy\" title=\"En skole for elevene i Drammen\" width=\"500\" height=\"281\" src=\"https:\/\/www.youtube.com\/embed\/ivRyfRDKIDQ?feature=oembed\" frameborder=\"0\" allow=\"accelerometer; autoplay; clipboard-write; encrypted-media; gyroscope; picture-in-picture; web-share\" referrerpolicy=\"strict-origin-when-cross-origin\" allowfullscreen><\/iframe>\n<\/div><figcaption>Klikk p\u00e5 videoen for \u00e5 se 3. kandidat Victoria Cavallini Fevik vise Drammen H\u00f8yres l\u00f8sninger.<\/figcaption><\/figure>\n\n\n\n\n<div class=\"wp-block-buttons is-content-justification-center is-layout-flex wp-container-core-buttons-is-layout-16018d1d wp-block-buttons-is-layout-flex\">\n<div class=\"wp-block-button\"><a class=\"wp-block-button__link\" href=\"https:\/\/hoyre.no\/drammen\/7-grunner-drammen\/grunn-2\">&lt; Grunn 2<\/a><\/div>\n\n\n\n<div class=\"wp-block-button\"><a class=\"wp-block-button__link\" href=\"https:\/\/hoyre.no\/drammen\/7-grunner-drammen\/\">7 grunner<\/a><\/div>\n\n\n\n<div class=\"wp-block-button\"><a class=\"wp-block-button__link\" href=\"https:\/\/hoyre.no\/drammen\/7-grunner-drammen\/grunn-4\">grunn 4 &gt;<\/a><\/div>\n<\/div>\n\n\n\n<h2 class=\"wp-block-heading\">En skole for elevene<\/h2>\n\n\n\n<p><strong>Mye g\u00e5r bra i skolen, men vi har fortsatt store utfordringer. Hver femte elev g\u00e5r ut av drammensskolen uten \u00e5 kunne lese, regne og skrive skikkelig. For mange starter problemene allerede i barnehagen. Vi i H\u00f8yre \u00f8nsker en skole med muligheter for alle, uavhengig av bakgrunn. Da m\u00e5 vi starte tidlig.&nbsp;&nbsp;<\/strong><\/p>\n\n\n\n<p><em>Victoria Cavallini Fevik, 3. kandidat for Drammen H\u00f8yre<\/em><\/p>\n\n\n\n<h4 class=\"wp-block-heading\">Kvalitet og kunnskap<\/h4>\n\n\n\n<p>Alle barn skal ha den samme muligheten til \u00e5 lykkes. Vi m\u00e5 lage et l\u00e6ringsl\u00f8p som ser den enkelte eleven og som stiller krav til l\u00e6rerne. For \u00e5 skape trygge og selvstendige barn og unge m\u00e5 vi tenke helhetlig om barnehage og skole, og satse p\u00e5 lek, aktivitet og l\u00e6ring. <\/p>\n\n\n\n<p>H\u00f8yre \u00f8nsker en skole med kvalitet og kunnskap, hvor alle elever har like muligheter og hvor innsatsen settes inn tidlig nok, slik at flere elever kjenner l\u00e6ringsglede og flere fullf\u00f8rer og best\u00e5r skolel\u00f8pet. Derfor skal alle elever skal f\u00e5 tilrettelagt undervisning, ogs\u00e5 gjennom forsering av fag.&nbsp;<\/p>\n\n\n\n<figure class=\"wp-block-image size-large\"><img loading=\"lazy\" decoding=\"async\" width=\"1024\" height=\"683\" src=\"https:\/\/hoyre.no\/content\/uploads\/sites\/201\/2023\/01\/2aSaH0w-1024x683.jpeg\" alt=\"\" class=\"wp-image-286\" srcset=\"https:\/\/hoyre.no\/content\/uploads\/sites\/201\/2023\/01\/2aSaH0w-1024x683.jpeg 1024w, https:\/\/hoyre.no\/content\/uploads\/sites\/201\/2023\/01\/2aSaH0w-300x200.jpeg 300w, https:\/\/hoyre.no\/content\/uploads\/sites\/201\/2023\/01\/2aSaH0w-768x512.jpeg 768w, https:\/\/hoyre.no\/content\/uploads\/sites\/201\/2023\/01\/2aSaH0w-1536x1024.jpeg 1536w, https:\/\/hoyre.no\/content\/uploads\/sites\/201\/2023\/01\/2aSaH0w-2048x1365.jpeg 2048w\" sizes=\"auto, (max-width: 1024px) 100vw, 1024px\" \/><figcaption>De elevene som sliter m\u00e5 f\u00e5 hjelp tidlig i skolel\u00f8pet, slik at sm\u00e5 problemer ikke vokser seg store. Vi m\u00e5 derfor kartlegge barns utfordringer og behov allerede i barnehagen.<\/figcaption><\/figure>\n\n\n\n<h4 class=\"wp-block-heading\">Ta vare p\u00e5 l\u00e6relysten<\/h4>\n\n\n\n<p>De elevene som sliter m\u00e5 f\u00e5 hjelp tidlig i skolel\u00f8pet, slik at sm\u00e5 problemer ikke vokser seg store. Vi m\u00e5 derfor kartlegge barns utfordringer og behov allerede i barnehagen. P\u00e5 den m\u00e5ten sikrer vi i st\u00f8rre grad at ingen faller fra, og legger til rette for at alle barn opplever mestring. Barn starter p\u00e5 skolen med stor iver og l\u00e6relyst. Da er det viktig at vi skaper en skole som tar vare p\u00e5 l\u00e6relysten og som ser den enkeltes behov og muligheter. En forutsetning for et godt l\u00e6ringsmilj\u00f8 er at man trives p\u00e5 skolen.&nbsp;&nbsp;<\/p>\n\n\n\n<p>Tidligere i v\u00e5r la hovedverneombudet frem en rapport som slo alarm om vold i skolene i Drammen. B\u00e5de l\u00e6rere og elever kvier seg for \u00e5 dra p\u00e5 skolen, og enkelte l\u00e6rere f\u00f8ler seg overlatt til seg selv. Denne situasjonen er ikke akseptabel. Da m\u00e5 vi som politikere handle. Vi m\u00e5 f\u00e5 tilbake respekten i skolen, slik at elevene respekterer hverandre, l\u00e6rerne og ordensreglene.&nbsp;Tiden for handling er n\u00e5.&nbsp;<\/p>\n\n\n\n<h4 class=\"wp-block-heading\">Satse p\u00e5 l\u00e6reren<\/h4>\n\n\n\n<p>En god skole krever gode l\u00e6rere. Derfor m\u00e5 vi fortsette satsingen p\u00e5 l\u00e6reren, og s\u00f8rge for at l\u00e6rerutdanningen holdes relevant og er av h\u00f8y kvalitet. Vi \u00f8nsker \u00e5 fortsette det store videreutdanningsl\u00f8ftet og s\u00f8rge for at flere f\u00e5r fullf\u00f8rt formell l\u00e6rerutdanning og at alle som trenger det kan oppn\u00e5 kompetansekravene.&nbsp; <\/p>\n\n\n\n<p>Drammen H\u00f8yres m\u00e5l er at Drammen skal tiltrekker seg de dyktigste l\u00e6rerne og rektorene. Vi \u00f8nsker \u00e5 gi den enkelte l\u00e6rer frihet i \u00e5 utforme faglig og pedagogisk opplegg for elevene og prioritere flere l\u00e6rerspesialister.&nbsp;&nbsp;<\/p>\n\n\n\n<h4 class=\"wp-block-heading\">Oppn\u00e5 sitt potensial<\/h4>\n\n\n\n<p>H\u00f8yres m\u00e5l er \u00e5 tilby en skole der hvert enkelt barn oppfyller sitt fulle faglige potensial og f\u00e5r utvikle sine evner og anlegg for \u00e5 bli et trygt, aktivt og selvstendig menneske.&nbsp;&nbsp;<\/p>\n\n\n\n<div class=\"wp-block-teft-factbox is-style-blue\"><div class=\"factbox-inner\"><div class=\"entry-content\"><h4 class=\"toggle\">Drammen H\u00f8yre vil:<\/h4>\n<ul class=\"wp-block-list\"><li>Vi vil gjeninnf\u00f8re ung 11, ett frivillig 11 skole\u00e5r for de som trenger det mest.&nbsp;<\/li><li>Vi \u00f8nsker \u00e5 satse p\u00e5 tilpasset undervisning for de elevene som sliter med skolen, og som ikke opplever mestring.&nbsp;<\/li><li>Samtidig m\u00e5 vi styrke laget rundt elevene med flere helsesykepleiere og milj\u00f8arbeidere \u2013 s\u00e5 elevene l\u00e6rer innen gode rammer.&nbsp;&nbsp;<\/li><\/ul>\n<\/div><\/div><\/div>\n\n\n\n<p class=\"has-text-align-center\">Se flere gode grunner til \u00e5 stemme H\u00f8yre i Drammen:<\/p>\n\n\n\n<div class=\"wp-block-buttons is-content-justification-center is-layout-flex wp-container-core-buttons-is-layout-16018d1d wp-block-buttons-is-layout-flex\">\n<div class=\"wp-block-button\"><a class=\"wp-block-button__link\" href=\"https:\/\/hoyre.no\/drammen\/7-grunner-drammen\/grunn-2\">&lt; Grunn 2<\/a><\/div>\n\n\n\n<div class=\"wp-block-button\"><a class=\"wp-block-button__link\" href=\"https:\/\/hoyre.no\/drammen\/7-grunner-drammen\/\">7 grunner<\/a><\/div>\n\n\n\n<div class=\"wp-block-button\"><a class=\"wp-block-button__link\" href=\"https:\/\/hoyre.no\/drammen\/7-grunner-drammen\/grunn-4\">grunn 4 &gt;<\/a><\/div>\n<\/div>\n","protected":false},"excerpt":{"rendered":"<p>En skole for elevene Mye g\u00e5r bra i skolen, men vi har fortsatt store utfordringer. Hver femte elev g\u00e5r ut av drammensskolen uten \u00e5 kunne lese, regne og skrive skikkelig. For mange starter problemene allerede i barnehagen. Vi i H\u00f8yre \u00f8nsker en skole med muligheter for alle, uavhengig av bakgrunn. Da m\u00e5 vi starte tidlig.&nbsp;&nbsp; [&hellip;]<\/p>\n","protected":false},"author":31325,"featured_media":0,"parent":284,"menu_order":3,"comment_status":"closed","ping_status":"closed","template":"","meta":{"teft_cards_image_url":"","teft_cards_custom_pretitle":"","teft_cards_image_id":0,"teft_cards_image_focal_point_x":0,"teft_cards_image_focal_point_y":0,"teft_cards_title":"","teft_cards_excerpt":"","teft_show_chapters":false,"footnotes":""},"class_list":["post-406","page","type-page","status-publish","hentry"],"yoast_head":"<!-- This site is optimized with the Yoast SEO plugin v26.6 - https:\/\/yoast.com\/wordpress\/plugins\/seo\/ -->\n<title>Grunn 3 - Drammen H\u00f8yre<\/title>\n<meta name=\"robots\" content=\"index, follow, max-snippet:-1, max-image-preview:large, max-video-preview:-1\" \/>\n<link rel=\"canonical\" href=\"https:\/\/hoyre.no\/drammen\/7-grunner-drammen\/grunn-3\/\" \/>\n<meta property=\"og:locale\" content=\"nb_NO\" \/>\n<meta property=\"og:type\" content=\"article\" \/>\n<meta property=\"og:title\" content=\"Grunn 3 - Drammen H\u00f8yre\" \/>\n<meta property=\"og:description\" content=\"En skole for elevene Mye g\u00e5r bra i skolen, men vi har fortsatt store utfordringer. Hver femte elev g\u00e5r ut av drammensskolen uten \u00e5 kunne lese, regne og skrive skikkelig. For mange starter problemene allerede i barnehagen. Vi i H\u00f8yre \u00f8nsker en skole med muligheter for alle, uavhengig av bakgrunn. Da m\u00e5 vi starte tidlig.&nbsp;&nbsp; [&hellip;]\" \/>\n<meta property=\"og:url\" content=\"https:\/\/hoyre.no\/drammen\/7-grunner-drammen\/grunn-3\/\" \/>\n<meta property=\"og:site_name\" content=\"Drammen H\u00f8yre\" \/>\n<meta property=\"article:modified_time\" content=\"2023-06-03T19:05:15+00:00\" \/>\n<meta property=\"og:image\" content=\"https:\/\/hoyre.no\/content\/uploads\/sites\/201\/2023\/01\/2aSaH0w-1024x683.jpeg\" \/>\n<meta name=\"twitter:card\" content=\"summary_large_image\" \/>\n<meta name=\"twitter:label1\" content=\"Ansl. lesetid\" \/>\n\t<meta name=\"twitter:data1\" content=\"4 minutter\" \/>\n<script type=\"application\/ld+json\" class=\"yoast-schema-graph\">{\"@context\":\"https:\/\/schema.org\",\"@graph\":[{\"@type\":\"WebPage\",\"@id\":\"https:\/\/hoyre.no\/drammen\/7-grunner-drammen\/grunn-3\/\",\"url\":\"https:\/\/hoyre.no\/drammen\/7-grunner-drammen\/grunn-3\/\",\"name\":\"Grunn 3 - Drammen H\u00f8yre\",\"isPartOf\":{\"@id\":\"https:\/\/hoyre.no\/drammen\/#website\"},\"image\":{\"@id\":\"https:\/\/hoyre.no\/drammen\/7-grunner-drammen\/grunn-3\/#primaryimage\"},\"thumbnailUrl\":\"https:\/\/hoyre.no\/content\/uploads\/sites\/201\/2023\/01\/2aSaH0w-1024x683.jpeg\",\"datePublished\":\"2023-05-30T19:56:41+00:00\",\"dateModified\":\"2023-06-03T19:05:15+00:00\",\"breadcrumb\":{\"@id\":\"https:\/\/hoyre.no\/drammen\/7-grunner-drammen\/grunn-3\/#breadcrumb\"},\"inLanguage\":\"nb-NO\",\"potentialAction\":[{\"@type\":\"ReadAction\",\"target\":[\"https:\/\/hoyre.no\/drammen\/7-grunner-drammen\/grunn-3\/\"]}]},{\"@type\":\"ImageObject\",\"inLanguage\":\"nb-NO\",\"@id\":\"https:\/\/hoyre.no\/drammen\/7-grunner-drammen\/grunn-3\/#primaryimage\",\"url\":\"https:\/\/hoyre.no\/content\/uploads\/sites\/201\/2023\/01\/2aSaH0w-1024x683.jpeg\",\"contentUrl\":\"https:\/\/hoyre.no\/content\/uploads\/sites\/201\/2023\/01\/2aSaH0w-1024x683.jpeg\"},{\"@type\":\"BreadcrumbList\",\"@id\":\"https:\/\/hoyre.no\/drammen\/7-grunner-drammen\/grunn-3\/#breadcrumb\",\"itemListElement\":[{\"@type\":\"ListItem\",\"position\":1,\"name\":\"Til hoyre.no\",\"item\":\"https:\/\/hoyre.no\"},{\"@type\":\"ListItem\",\"position\":2,\"name\":\"Hjem\",\"item\":\"https:\/\/hoyre.no\/drammen\/\"},{\"@type\":\"ListItem\",\"position\":3,\"name\":\"Syv grunner Drammen\",\"item\":\"https:\/\/hoyre.no\/drammen\/7-grunner-drammen\/\"},{\"@type\":\"ListItem\",\"position\":4,\"name\":\"Grunn 3\"}]},{\"@type\":\"WebSite\",\"@id\":\"https:\/\/hoyre.no\/drammen\/#website\",\"url\":\"https:\/\/hoyre.no\/drammen\/\",\"name\":\"Drammen H\u00f8yre\",\"description\":\"Bare enda et H\u00f8yres nettsteder-nettsted\",\"inLanguage\":\"nb-NO\"}]}<\/script>\n<!-- \/ Yoast SEO plugin. -->","yoast_head_json":{"title":"Grunn 3 - Drammen H\u00f8yre","robots":{"index":"index","follow":"follow","max-snippet":"max-snippet:-1","max-image-preview":"max-image-preview:large","max-video-preview":"max-video-preview:-1"},"canonical":"https:\/\/hoyre.no\/drammen\/7-grunner-drammen\/grunn-3\/","og_locale":"nb_NO","og_type":"article","og_title":"Grunn 3 - Drammen H\u00f8yre","og_description":"En skole for elevene Mye g\u00e5r bra i skolen, men vi har fortsatt store utfordringer. Hver femte elev g\u00e5r ut av drammensskolen uten \u00e5 kunne lese, regne og skrive skikkelig. For mange starter problemene allerede i barnehagen. Vi i H\u00f8yre \u00f8nsker en skole med muligheter for alle, uavhengig av bakgrunn. Da m\u00e5 vi starte tidlig.&nbsp;&nbsp; [&hellip;]","og_url":"https:\/\/hoyre.no\/drammen\/7-grunner-drammen\/grunn-3\/","og_site_name":"Drammen H\u00f8yre","article_modified_time":"2023-06-03T19:05:15+00:00","og_image":[{"url":"https:\/\/hoyre.no\/content\/uploads\/sites\/201\/2023\/01\/2aSaH0w-1024x683.jpeg","type":"","width":"","height":""}],"twitter_card":"summary_large_image","twitter_misc":{"Ansl. lesetid":"4 minutter"},"schema":{"@context":"https:\/\/schema.org","@graph":[{"@type":"WebPage","@id":"https:\/\/hoyre.no\/drammen\/7-grunner-drammen\/grunn-3\/","url":"https:\/\/hoyre.no\/drammen\/7-grunner-drammen\/grunn-3\/","name":"Grunn 3 - Drammen H\u00f8yre","isPartOf":{"@id":"https:\/\/hoyre.no\/drammen\/#website"},"image":{"@id":"https:\/\/hoyre.no\/drammen\/7-grunner-drammen\/grunn-3\/#primaryimage"},"thumbnailUrl":"https:\/\/hoyre.no\/content\/uploads\/sites\/201\/2023\/01\/2aSaH0w-1024x683.jpeg","datePublished":"2023-05-30T19:56:41+00:00","dateModified":"2023-06-03T19:05:15+00:00","breadcrumb":{"@id":"https:\/\/hoyre.no\/drammen\/7-grunner-drammen\/grunn-3\/#breadcrumb"},"inLanguage":"nb-NO","potentialAction":[{"@type":"ReadAction","target":["https:\/\/hoyre.no\/drammen\/7-grunner-drammen\/grunn-3\/"]}]},{"@type":"ImageObject","inLanguage":"nb-NO","@id":"https:\/\/hoyre.no\/drammen\/7-grunner-drammen\/grunn-3\/#primaryimage","url":"https:\/\/hoyre.no\/content\/uploads\/sites\/201\/2023\/01\/2aSaH0w-1024x683.jpeg","contentUrl":"https:\/\/hoyre.no\/content\/uploads\/sites\/201\/2023\/01\/2aSaH0w-1024x683.jpeg"},{"@type":"BreadcrumbList","@id":"https:\/\/hoyre.no\/drammen\/7-grunner-drammen\/grunn-3\/#breadcrumb","itemListElement":[{"@type":"ListItem","position":1,"name":"Til hoyre.no","item":"https:\/\/hoyre.no"},{"@type":"ListItem","position":2,"name":"Hjem","item":"https:\/\/hoyre.no\/drammen\/"},{"@type":"ListItem","position":3,"name":"Syv grunner Drammen","item":"https:\/\/hoyre.no\/drammen\/7-grunner-drammen\/"},{"@type":"ListItem","position":4,"name":"Grunn 3"}]},{"@type":"WebSite","@id":"https:\/\/hoyre.no\/drammen\/#website","url":"https:\/\/hoyre.no\/drammen\/","name":"Drammen H\u00f8yre","description":"Bare enda et H\u00f8yres nettsteder-nettsted","inLanguage":"nb-NO"}]}},"distributor_meta":false,"distributor_terms":false,"distributor_media":false,"distributor_original_site_name":"Drammen H\u00f8yre","distributor_original_site_url":"https:\/\/hoyre.no\/drammen","push-errors":false,"_links":{"self":[{"href":"https:\/\/hoyre.no\/drammen\/wp-json\/wp\/v2\/pages\/406","targetHints":{"allow":["GET"]}}],"collection":[{"href":"https:\/\/hoyre.no\/drammen\/wp-json\/wp\/v2\/pages"}],"about":[{"href":"https:\/\/hoyre.no\/drammen\/wp-json\/wp\/v2\/types\/page"}],"author":[{"embeddable":true,"href":"https:\/\/hoyre.no\/drammen\/wp-json\/wp\/v2\/users\/31325"}],"replies":[{"embeddable":true,"href":"https:\/\/hoyre.no\/drammen\/wp-json\/wp\/v2\/comments?post=406"}],"version-history":[{"count":18,"href":"https:\/\/hoyre.no\/drammen\/wp-json\/wp\/v2\/pages\/406\/revisions"}],"predecessor-version":[{"id":544,"href":"https:\/\/hoyre.no\/drammen\/wp-json\/wp\/v2\/pages\/406\/revisions\/544"}],"up":[{"embeddable":true,"href":"https:\/\/hoyre.no\/drammen\/wp-json\/wp\/v2\/pages\/284"}],"wp:attachment":[{"href":"https:\/\/hoyre.no\/drammen\/wp-json\/wp\/v2\/media?parent=406"}],"curies":[{"name":"wp","href":"https:\/\/api.w.org\/{rel}","templated":true}]}}