{"id":408,"date":"2023-05-30T21:56:17","date_gmt":"2023-05-30T19:56:17","guid":{"rendered":"https:\/\/hoyre.no\/drammen\/?page_id=408"},"modified":"2023-06-03T21:05:46","modified_gmt":"2023-06-03T19:05:46","slug":"grunn-4","status":"publish","type":"page","link":"https:\/\/hoyre.no\/drammen\/7-grunner-drammen\/grunn-4\/","title":{"rendered":"Grunn 4"},"content":{"rendered":"\n<div class=\"wp-block-hoyre-hero with-image-gradient text-color-light  alignfull has-background\"><div class=\"hoyre-hero \"><h1 class=\"title\">4. Nye Drammen &#8211; nye muligheter<\/h1><p class=\"preamble\">Kjell Arne Hermansen, ordf\u00f8rerkandidat<\/p><\/div><\/div>\n\n\n\n\n\n<figure class=\"wp-block-embed is-type-video is-provider-youtube wp-block-embed-youtube wp-embed-aspect-16-9 wp-has-aspect-ratio\"><div class=\"wp-block-embed__wrapper\">\n<iframe loading=\"lazy\" title=\"Nye Drammen -  Nye muligheter\" width=\"500\" height=\"281\" src=\"https:\/\/www.youtube.com\/embed\/gBZ71LOLp3I?feature=oembed\" frameborder=\"0\" allow=\"accelerometer; autoplay; clipboard-write; encrypted-media; gyroscope; picture-in-picture; web-share\" referrerpolicy=\"strict-origin-when-cross-origin\" allowfullscreen><\/iframe>\n<\/div><figcaption>Klikk p\u00e5 videoen for \u00e5 se ordf\u00f8rerkandidat Kjell Arne Hermansen vise Drammen H\u00f8yres l\u00f8sninger.<\/figcaption><\/figure>\n\n\n\n<figure class=\"wp-block-embed is-type-video is-provider-youtube wp-block-embed-youtube\"><div class=\"wp-block-embed__wrapper\">\n<iframe loading=\"lazy\" title=\"Nye Drammen -  Nye muligheter\" width=\"500\" height=\"281\" src=\"https:\/\/www.youtube.com\/embed\/gBZ71LOLp3I?feature=oembed\" frameborder=\"0\" allow=\"accelerometer; autoplay; clipboard-write; encrypted-media; gyroscope; picture-in-picture; web-share\" referrerpolicy=\"strict-origin-when-cross-origin\" allowfullscreen><\/iframe>\n<\/div><\/figure>\n\n\n\n<div class=\"wp-block-buttons is-content-justification-center is-layout-flex wp-container-core-buttons-is-layout-16018d1d wp-block-buttons-is-layout-flex\">\n<div class=\"wp-block-button\"><a class=\"wp-block-button__link\" href=\"https:\/\/hoyre.no\/drammen\/7-grunner-drammen\/grunn-3\">&lt; Grunn 3<\/a><\/div>\n\n\n\n<div class=\"wp-block-button\"><a class=\"wp-block-button__link\" href=\"https:\/\/hoyre.no\/drammen\/7-grunner-drammen\/\">7 grunner<\/a><\/div>\n\n\n\n<div class=\"wp-block-button\"><a class=\"wp-block-button__link\" href=\"https:\/\/hoyre.no\/drammen\/7-grunner-drammen\/grunn-5\">Grunn 5 &gt;<\/a><\/div>\n<\/div>\n\n\n\n<h2 class=\"wp-block-heading\">Nye Drammen &#8211; nye muligheter<\/h2>\n\n\n\n<p><strong>Etter 4 \u00e5r med r\u00f8dgr\u00f8nn styring m\u00e5 vi f\u00e5 fart p\u00e5 Drammen. Da m\u00e5 vi spille p\u00e5 lag med de som skaper arbeidsplasser og de som vil utvikle kommunen v\u00e5r til det bedre. Vi m\u00e5 sette enkeltmennesket f\u00f8rst, og bli en ja-kommune.&nbsp;<\/strong><\/p>\n\n\n\n<p><em>Kjell Arne Hermansen, ordf\u00f8rerkandidat for Drammen H\u00f8yre<\/em><\/p>\n\n\n\n<h4 class=\"wp-block-heading\">Manglende etablering og tilflytting<\/h4>\n\n\n\n<p>N\u00e5r utviklingen stopper opp, svekker det grunnlaget for et trygt og godt velferdstilbud til kommunens innbyggere. Manglende etablering og tilflytning i Drammen, er en konsekvens av en lite sammenhengende politikk for etablering og utvikling. <\/p>\n\n\n\n<p>Kommunen har ikke et godt nok tilbud til de som \u00f8nsker etablering med nye kontorarbeidsplasser eller annen virksomhet. Arealer er ikke tilstrekkelig tilrettelagt for nye boliger som kreves for den \u00f8nskede veksten.&nbsp;<\/p>\n\n\n\n<figure class=\"wp-block-image size-large\"><img loading=\"lazy\" decoding=\"async\" width=\"1024\" height=\"683\" src=\"https:\/\/hoyre.no\/content\/uploads\/sites\/201\/2023\/05\/Kontorarbeidsplass-1024x683.jpg\" alt=\"\" class=\"wp-image-448\" srcset=\"https:\/\/hoyre.no\/content\/uploads\/sites\/201\/2023\/05\/Kontorarbeidsplass-1024x683.jpg 1024w, https:\/\/hoyre.no\/content\/uploads\/sites\/201\/2023\/05\/Kontorarbeidsplass-300x200.jpg 300w, https:\/\/hoyre.no\/content\/uploads\/sites\/201\/2023\/05\/Kontorarbeidsplass-768x512.jpg 768w, https:\/\/hoyre.no\/content\/uploads\/sites\/201\/2023\/05\/Kontorarbeidsplass-1536x1024.jpg 1536w, https:\/\/hoyre.no\/content\/uploads\/sites\/201\/2023\/05\/Kontorarbeidsplass-2048x1365.jpg 2048w\" sizes=\"auto, (max-width: 1024px) 100vw, 1024px\" \/><figcaption>H\u00f8yre vil sikre forutsigbare rammevilk\u00e5r for utbyggere, bedriftseiere, frivillige og initiativtakere for \u00e5 sikre verdiskapning.<\/figcaption><\/figure>\n\n\n\n<h4 class=\"wp-block-heading\"><strong>4000 nye arbeidplasser<\/strong><\/h4>\n\n\n\n<p>Nye tider krever nye l\u00f8sninger. I nye Drammen skal vi si ja der vi kan og nei om vi m\u00e5. Drammen skal v\u00e6re en kommune med en n\u00e6ringsrettet og effektiv arealutvikling som skaper gode og trygge boomr\u00e5der. Skal vi n\u00e5 m\u00e5let om 4000 nye arbeidsplasser innen 2027, m\u00e5 vi utvikle og gjennomf\u00f8re tverrpolitiske tiltak. Tiltakene vil kreve samhandling og koordinering av flere sektorer.&nbsp;<\/p>\n\n\n\n<p>H\u00f8yre vil sikre forutsigbare rammevilk\u00e5r for utbyggere, bedriftseiere, frivillige og initiativtakere for \u00e5 sikre verdiskapning. Verdiskapning er grunnmuren for utvikling av nye Drammen.&nbsp;&nbsp;<\/p>\n\n\n\n<h4 class=\"wp-block-heading\"><strong>Gode rammevilk\u00e5r<\/strong><\/h4>\n\n\n\n<p>Bedrifter og kommunen skal m\u00f8tes jevnlig for l\u00f8se flaskehalser, for \u00e5 sikre god fremdrift i utvikling av Drammen. N\u00e6ringslivet i Drammen skal ha gode rammevilk\u00e5r. Dette er helt sentralt for rekruttering av nye bedrifter, kompetanse og ressurser for verdiskapning. Behovet for kontor, industri og logistikk er et viktig grunnlag for hvilke arealer som skal utvikles, og danner grunnlag for bolig- og stedsutvikling.&nbsp;<\/p>\n\n\n\n<p>Veksten i arbeidsplasser og boligutvikling krever en tilpasset samferdsel hvor fokus vil v\u00e6re p\u00e5 enkel, milj\u00f8vennlig og effektiv forflytning. Dette inneb\u00e6rer alt fra byvekstavtale for Drammensregionen, nye l\u00f8sninger for egen bolig og til samarbeid med Lier kommune om utvikling av Fjordbyen.&nbsp;<\/p>\n\n\n\n<h4 class=\"wp-block-heading\"><strong>Rask saksbehandling<\/strong><\/h4>\n\n\n\n<p>Med m\u00e5lsetting om \u00e5rlig befolkningsvekst p\u00e5 1,5%, vil dette stille store krav til effektiv arealutvikling og rask saksbehandling. Vi m\u00e5 plassere kontorarbeidsplasser ved knutepunkt, og legge til rette for variert boligbygging i Drammen.&nbsp;&nbsp;<\/p>\n\n\n\n<div class=\"wp-block-teft-factbox is-style-blue\"><div class=\"factbox-inner\"><div class=\"entry-content\"><h4 class=\"toggle\">Drammen H\u00f8yre vil:<\/h4>\n<ul class=\"wp-block-list\"><li>Sikre gode rammevilk\u00e5r for etablering av nye virksomheter.&nbsp;<\/li><li>Skape forutsigbare reguleringsplaner for ulike boformer tilpasset vekst i befolkningen.&nbsp;<\/li><li>Ha fokus p\u00e5 b\u00e6rekraftig og trygg samferdsel.&nbsp;<\/li><\/ul>\n<\/div><\/div><\/div>\n\n\n\n<p class=\"has-text-align-center\">Se flere gode grunner til \u00e5 stemme H\u00f8yre i Drammen:<\/p>\n\n\n\n<div class=\"wp-block-buttons is-content-justification-center is-layout-flex wp-container-core-buttons-is-layout-16018d1d wp-block-buttons-is-layout-flex\">\n<div class=\"wp-block-button\"><a class=\"wp-block-button__link\" href=\"https:\/\/hoyre.no\/drammen\/7-grunner-drammen\/grunn-3\">&lt; Grunn 3<\/a><\/div>\n\n\n\n<div class=\"wp-block-button\"><a class=\"wp-block-button__link\" href=\"https:\/\/hoyre.no\/drammen\/7-grunner-drammen\/\">7 grunner<\/a><\/div>\n\n\n\n<div class=\"wp-block-button\"><a class=\"wp-block-button__link\" href=\"https:\/\/hoyre.no\/drammen\/7-grunner-drammen\/grunn-5\">Grunn 5 &gt;<\/a><\/div>\n<\/div>\n","protected":false},"excerpt":{"rendered":"<p>Nye Drammen &#8211; nye muligheter Etter 4 \u00e5r med r\u00f8dgr\u00f8nn styring m\u00e5 vi f\u00e5 fart p\u00e5 Drammen. Da m\u00e5 vi spille p\u00e5 lag med de som skaper arbeidsplasser og de som vil utvikle kommunen v\u00e5r til det bedre. Vi m\u00e5 sette enkeltmennesket f\u00f8rst, og bli en ja-kommune.&nbsp; Kjell Arne Hermansen, ordf\u00f8rerkandidat for Drammen H\u00f8yre Manglende [&hellip;]<\/p>\n","protected":false},"author":31325,"featured_media":0,"parent":284,"menu_order":4,"comment_status":"closed","ping_status":"closed","template":"","meta":{"teft_cards_image_url":"","teft_cards_custom_pretitle":"","teft_cards_image_id":0,"teft_cards_image_focal_point_x":0,"teft_cards_image_focal_point_y":0,"teft_cards_title":"","teft_cards_excerpt":"","teft_show_chapters":false,"footnotes":""},"class_list":["post-408","page","type-page","status-publish","hentry"],"yoast_head":"<!-- This site is optimized with the Yoast SEO plugin v26.6 - https:\/\/yoast.com\/wordpress\/plugins\/seo\/ -->\n<title>Grunn 4 - Drammen H\u00f8yre<\/title>\n<meta name=\"robots\" content=\"index, follow, max-snippet:-1, max-image-preview:large, max-video-preview:-1\" \/>\n<link rel=\"canonical\" href=\"https:\/\/hoyre.no\/drammen\/7-grunner-drammen\/grunn-4\/\" \/>\n<meta property=\"og:locale\" content=\"nb_NO\" \/>\n<meta property=\"og:type\" content=\"article\" \/>\n<meta property=\"og:title\" content=\"Grunn 4 - Drammen H\u00f8yre\" \/>\n<meta property=\"og:description\" content=\"Nye Drammen &#8211; nye muligheter Etter 4 \u00e5r med r\u00f8dgr\u00f8nn styring m\u00e5 vi f\u00e5 fart p\u00e5 Drammen. Da m\u00e5 vi spille p\u00e5 lag med de som skaper arbeidsplasser og de som vil utvikle kommunen v\u00e5r til det bedre. Vi m\u00e5 sette enkeltmennesket f\u00f8rst, og bli en ja-kommune.&nbsp; Kjell Arne Hermansen, ordf\u00f8rerkandidat for Drammen H\u00f8yre Manglende [&hellip;]\" \/>\n<meta property=\"og:url\" content=\"https:\/\/hoyre.no\/drammen\/7-grunner-drammen\/grunn-4\/\" \/>\n<meta property=\"og:site_name\" content=\"Drammen H\u00f8yre\" \/>\n<meta property=\"article:modified_time\" content=\"2023-06-03T19:05:46+00:00\" \/>\n<meta property=\"og:image\" content=\"https:\/\/hoyre.no\/content\/uploads\/sites\/201\/2023\/05\/Kontorarbeidsplass-1024x683.jpg\" \/>\n<meta name=\"twitter:card\" content=\"summary_large_image\" \/>\n<meta name=\"twitter:label1\" content=\"Ansl. lesetid\" \/>\n\t<meta name=\"twitter:data1\" content=\"3 minutter\" \/>\n<script type=\"application\/ld+json\" class=\"yoast-schema-graph\">{\"@context\":\"https:\/\/schema.org\",\"@graph\":[{\"@type\":\"WebPage\",\"@id\":\"https:\/\/hoyre.no\/drammen\/7-grunner-drammen\/grunn-4\/\",\"url\":\"https:\/\/hoyre.no\/drammen\/7-grunner-drammen\/grunn-4\/\",\"name\":\"Grunn 4 - Drammen H\u00f8yre\",\"isPartOf\":{\"@id\":\"https:\/\/hoyre.no\/drammen\/#website\"},\"image\":{\"@id\":\"https:\/\/hoyre.no\/drammen\/7-grunner-drammen\/grunn-4\/#primaryimage\"},\"thumbnailUrl\":\"https:\/\/hoyre.no\/content\/uploads\/sites\/201\/2023\/05\/Kontorarbeidsplass-1024x683.jpg\",\"datePublished\":\"2023-05-30T19:56:17+00:00\",\"dateModified\":\"2023-06-03T19:05:46+00:00\",\"breadcrumb\":{\"@id\":\"https:\/\/hoyre.no\/drammen\/7-grunner-drammen\/grunn-4\/#breadcrumb\"},\"inLanguage\":\"nb-NO\",\"potentialAction\":[{\"@type\":\"ReadAction\",\"target\":[\"https:\/\/hoyre.no\/drammen\/7-grunner-drammen\/grunn-4\/\"]}]},{\"@type\":\"ImageObject\",\"inLanguage\":\"nb-NO\",\"@id\":\"https:\/\/hoyre.no\/drammen\/7-grunner-drammen\/grunn-4\/#primaryimage\",\"url\":\"https:\/\/hoyre.no\/content\/uploads\/sites\/201\/2023\/05\/Kontorarbeidsplass-1024x683.jpg\",\"contentUrl\":\"https:\/\/hoyre.no\/content\/uploads\/sites\/201\/2023\/05\/Kontorarbeidsplass-1024x683.jpg\"},{\"@type\":\"BreadcrumbList\",\"@id\":\"https:\/\/hoyre.no\/drammen\/7-grunner-drammen\/grunn-4\/#breadcrumb\",\"itemListElement\":[{\"@type\":\"ListItem\",\"position\":1,\"name\":\"Til hoyre.no\",\"item\":\"https:\/\/hoyre.no\"},{\"@type\":\"ListItem\",\"position\":2,\"name\":\"Hjem\",\"item\":\"https:\/\/hoyre.no\/drammen\/\"},{\"@type\":\"ListItem\",\"position\":3,\"name\":\"Syv grunner Drammen\",\"item\":\"https:\/\/hoyre.no\/drammen\/7-grunner-drammen\/\"},{\"@type\":\"ListItem\",\"position\":4,\"name\":\"Grunn 4\"}]},{\"@type\":\"WebSite\",\"@id\":\"https:\/\/hoyre.no\/drammen\/#website\",\"url\":\"https:\/\/hoyre.no\/drammen\/\",\"name\":\"Drammen H\u00f8yre\",\"description\":\"Bare enda et H\u00f8yres nettsteder-nettsted\",\"inLanguage\":\"nb-NO\"}]}<\/script>\n<!-- \/ Yoast SEO plugin. -->","yoast_head_json":{"title":"Grunn 4 - Drammen H\u00f8yre","robots":{"index":"index","follow":"follow","max-snippet":"max-snippet:-1","max-image-preview":"max-image-preview:large","max-video-preview":"max-video-preview:-1"},"canonical":"https:\/\/hoyre.no\/drammen\/7-grunner-drammen\/grunn-4\/","og_locale":"nb_NO","og_type":"article","og_title":"Grunn 4 - Drammen H\u00f8yre","og_description":"Nye Drammen &#8211; nye muligheter Etter 4 \u00e5r med r\u00f8dgr\u00f8nn styring m\u00e5 vi f\u00e5 fart p\u00e5 Drammen. Da m\u00e5 vi spille p\u00e5 lag med de som skaper arbeidsplasser og de som vil utvikle kommunen v\u00e5r til det bedre. Vi m\u00e5 sette enkeltmennesket f\u00f8rst, og bli en ja-kommune.&nbsp; Kjell Arne Hermansen, ordf\u00f8rerkandidat for Drammen H\u00f8yre Manglende [&hellip;]","og_url":"https:\/\/hoyre.no\/drammen\/7-grunner-drammen\/grunn-4\/","og_site_name":"Drammen H\u00f8yre","article_modified_time":"2023-06-03T19:05:46+00:00","og_image":[{"url":"https:\/\/hoyre.no\/content\/uploads\/sites\/201\/2023\/05\/Kontorarbeidsplass-1024x683.jpg","type":"","width":"","height":""}],"twitter_card":"summary_large_image","twitter_misc":{"Ansl. lesetid":"3 minutter"},"schema":{"@context":"https:\/\/schema.org","@graph":[{"@type":"WebPage","@id":"https:\/\/hoyre.no\/drammen\/7-grunner-drammen\/grunn-4\/","url":"https:\/\/hoyre.no\/drammen\/7-grunner-drammen\/grunn-4\/","name":"Grunn 4 - Drammen H\u00f8yre","isPartOf":{"@id":"https:\/\/hoyre.no\/drammen\/#website"},"image":{"@id":"https:\/\/hoyre.no\/drammen\/7-grunner-drammen\/grunn-4\/#primaryimage"},"thumbnailUrl":"https:\/\/hoyre.no\/content\/uploads\/sites\/201\/2023\/05\/Kontorarbeidsplass-1024x683.jpg","datePublished":"2023-05-30T19:56:17+00:00","dateModified":"2023-06-03T19:05:46+00:00","breadcrumb":{"@id":"https:\/\/hoyre.no\/drammen\/7-grunner-drammen\/grunn-4\/#breadcrumb"},"inLanguage":"nb-NO","potentialAction":[{"@type":"ReadAction","target":["https:\/\/hoyre.no\/drammen\/7-grunner-drammen\/grunn-4\/"]}]},{"@type":"ImageObject","inLanguage":"nb-NO","@id":"https:\/\/hoyre.no\/drammen\/7-grunner-drammen\/grunn-4\/#primaryimage","url":"https:\/\/hoyre.no\/content\/uploads\/sites\/201\/2023\/05\/Kontorarbeidsplass-1024x683.jpg","contentUrl":"https:\/\/hoyre.no\/content\/uploads\/sites\/201\/2023\/05\/Kontorarbeidsplass-1024x683.jpg"},{"@type":"BreadcrumbList","@id":"https:\/\/hoyre.no\/drammen\/7-grunner-drammen\/grunn-4\/#breadcrumb","itemListElement":[{"@type":"ListItem","position":1,"name":"Til hoyre.no","item":"https:\/\/hoyre.no"},{"@type":"ListItem","position":2,"name":"Hjem","item":"https:\/\/hoyre.no\/drammen\/"},{"@type":"ListItem","position":3,"name":"Syv grunner Drammen","item":"https:\/\/hoyre.no\/drammen\/7-grunner-drammen\/"},{"@type":"ListItem","position":4,"name":"Grunn 4"}]},{"@type":"WebSite","@id":"https:\/\/hoyre.no\/drammen\/#website","url":"https:\/\/hoyre.no\/drammen\/","name":"Drammen H\u00f8yre","description":"Bare enda et H\u00f8yres nettsteder-nettsted","inLanguage":"nb-NO"}]}},"distributor_meta":false,"distributor_terms":false,"distributor_media":false,"distributor_original_site_name":"Drammen H\u00f8yre","distributor_original_site_url":"https:\/\/hoyre.no\/drammen","push-errors":false,"_links":{"self":[{"href":"https:\/\/hoyre.no\/drammen\/wp-json\/wp\/v2\/pages\/408","targetHints":{"allow":["GET"]}}],"collection":[{"href":"https:\/\/hoyre.no\/drammen\/wp-json\/wp\/v2\/pages"}],"about":[{"href":"https:\/\/hoyre.no\/drammen\/wp-json\/wp\/v2\/types\/page"}],"author":[{"embeddable":true,"href":"https:\/\/hoyre.no\/drammen\/wp-json\/wp\/v2\/users\/31325"}],"replies":[{"embeddable":true,"href":"https:\/\/hoyre.no\/drammen\/wp-json\/wp\/v2\/comments?post=408"}],"version-history":[{"count":18,"href":"https:\/\/hoyre.no\/drammen\/wp-json\/wp\/v2\/pages\/408\/revisions"}],"predecessor-version":[{"id":545,"href":"https:\/\/hoyre.no\/drammen\/wp-json\/wp\/v2\/pages\/408\/revisions\/545"}],"up":[{"embeddable":true,"href":"https:\/\/hoyre.no\/drammen\/wp-json\/wp\/v2\/pages\/284"}],"wp:attachment":[{"href":"https:\/\/hoyre.no\/drammen\/wp-json\/wp\/v2\/media?parent=408"}],"curies":[{"name":"wp","href":"https:\/\/api.w.org\/{rel}","templated":true}]}}