{"id":410,"date":"2023-05-30T21:55:57","date_gmt":"2023-05-30T19:55:57","guid":{"rendered":"https:\/\/hoyre.no\/drammen\/?page_id=410"},"modified":"2023-06-03T21:06:16","modified_gmt":"2023-06-03T19:06:16","slug":"grunn-5","status":"publish","type":"page","link":"https:\/\/hoyre.no\/drammen\/7-grunner-drammen\/grunn-5\/","title":{"rendered":"Grunn 5"},"content":{"rendered":"\n<div class=\"wp-block-hoyre-hero with-image-gradient text-color-light  alignfull has-background\"><div class=\"hoyre-hero \"><h1 class=\"title\">5. Muligheter for alle<\/h1><p class=\"preamble\">Kristin Surlien, 2. kandidat<\/p><\/div><\/div>\n\n\n\n\n<figure class=\"wp-block-embed is-type-video is-provider-youtube wp-block-embed-youtube wp-embed-aspect-16-9 wp-has-aspect-ratio\"><div class=\"wp-block-embed__wrapper\">\n<iframe loading=\"lazy\" title=\"Muligheter for alle i Drammen\" width=\"500\" height=\"281\" src=\"https:\/\/www.youtube.com\/embed\/EBcBNSMIVsA?feature=oembed\" frameborder=\"0\" allow=\"accelerometer; autoplay; clipboard-write; encrypted-media; gyroscope; picture-in-picture; web-share\" referrerpolicy=\"strict-origin-when-cross-origin\" allowfullscreen><\/iframe>\n<\/div><figcaption>Klikk p\u00e5 videoen for \u00e5 se 2. kandidat Kristin Surlien vise Drammen H\u00f8yres l\u00f8sninger.<\/figcaption><\/figure>\n\n\n\n\n<div class=\"wp-block-buttons is-content-justification-center is-layout-flex wp-container-core-buttons-is-layout-16018d1d wp-block-buttons-is-layout-flex\">\n<div class=\"wp-block-button\"><a class=\"wp-block-button__link\" href=\"https:\/\/hoyre.no\/drammen\/7-grunner-drammen\/grunn-4\">&lt; Grunn 4<\/a><\/div>\n\n\n\n<div class=\"wp-block-button\"><a class=\"wp-block-button__link\" href=\"https:\/\/hoyre.no\/drammen\/7-grunner-drammen\/\">7 grunner<\/a><\/div>\n\n\n\n<div class=\"wp-block-button\"><a class=\"wp-block-button__link\" href=\"https:\/\/hoyre.no\/drammen\/7-grunner-drammen\/grunn-6\">Grunn 6 &gt;<\/a><\/div>\n<\/div>\n\n\n\n<h2 class=\"wp-block-heading\">Muligheter for alle<\/h2>\n\n\n\n<p><strong>Din bakgrunn skal ikke ha noe \u00e5 si for hvilke muligheter du har i Drammen. Alle trenger noe meningsfullt \u00e5 g\u00e5 til. Foreldrenes lommebok skal ikke v\u00e6re avgj\u00f8rende for om et barn skal kunne spille sjakk, fotball eller h\u00e5ndball. <\/strong><\/p>\n\n\n\n<p class=\"is-style-default\"><em>Kristin Surlien, 2. kandidat for Drammen H\u00f8yre<\/em><\/p>\n\n\n\n<h4 class=\"wp-block-heading\">Flere og flere faller fra<\/h4>\n\n\n\n<p>FNs barnekonvensjon sier at alle barn har rett til lek og fritidsaktiviteter. Da m\u00e5 vi voksne faktisk finne l\u00f8sninger som gj\u00f8r dette mulig.&nbsp;<\/p>\n\n\n\n<p>Etter at regjeringen tok vekk fors\u00f8ksordningen med fritidskortet, ser vi dessverre at flere og flere faller fra.\u202f\u202fRegjeringens politikk f\u00f8rer til at f\u00e6rre unge kan delta i aktiviteter, dersom ikke kommunene de bor i tar et s\u00e6rskilt ansvar \u2013 Drammen H\u00f8yre vil ta det ansvaret. &nbsp;<\/p>\n\n\n\n<figure class=\"wp-block-image size-large\"><img loading=\"lazy\" decoding=\"async\" width=\"1024\" height=\"683\" src=\"https:\/\/hoyre.no\/content\/uploads\/sites\/201\/2023\/01\/sNXXtK-k-1024x683.jpeg\" alt=\"\" class=\"wp-image-288\" srcset=\"https:\/\/hoyre.no\/content\/uploads\/sites\/201\/2023\/01\/sNXXtK-k-1024x683.jpeg 1024w, https:\/\/hoyre.no\/content\/uploads\/sites\/201\/2023\/01\/sNXXtK-k-300x200.jpeg 300w, https:\/\/hoyre.no\/content\/uploads\/sites\/201\/2023\/01\/sNXXtK-k-768x512.jpeg 768w, https:\/\/hoyre.no\/content\/uploads\/sites\/201\/2023\/01\/sNXXtK-k-1536x1024.jpeg 1536w, https:\/\/hoyre.no\/content\/uploads\/sites\/201\/2023\/01\/sNXXtK-k.jpeg 2048w\" sizes=\"auto, (max-width: 1024px) 100vw, 1024px\" \/><figcaption>Alle barn i Drammen kommune skal sikres trygge og gode oppvekstsvilk\u00e5r, og som en del av det er det viktig \u00e5 v\u00e6re en del av et felleskap og ha mulighet til \u00e5 delta i en fritidsaktivitet.&nbsp;<\/figcaption><\/figure>\n\n\n\n<h4 class=\"wp-block-heading\">Trygge og gode oppvekstvilk\u00e5r<\/h4>\n\n\n\n<p>Vi vet at barn fra lavinntektsfamilier i mindre grad deltar i fritidsaktiviteter i Drammen. Det er mange lavinntektsfamilier i Drammen og det betyr at faren for utenforskap er stor. G\u00e5r du glipp av verdifulle fritidsarenaer reduseres muligheten for \u00e5 f\u00e5 venner og v\u00e6re en del av et fellesskap. Sosiale arenaer gir en bedre struktur i hverdagen og mindre ensomhet.&nbsp;&nbsp;<\/p>\n\n\n\n<p>Alle barn i Drammen kommune skal sikres trygge og gode oppvekstsvilk\u00e5r, og som en del av det er det viktig \u00e5 v\u00e6re en del av et felleskap og ha mulighet til \u00e5 delta i en fritidsaktivitet.&nbsp;<\/p>\n\n\n\n<h4 class=\"wp-block-heading\"><strong>Mangfold i tilbudet<\/strong><\/h4>\n\n\n\n<p>Vi skal gi flere og bedre tilbud til alle barn og unge\u202fi Drammen. Nesten halvparten av ungdommene v\u00e5re deltar ikke i et organisert fritidstilbud, s\u00e5 vi trenger ogs\u00e5 arenaer for egenorganisert aktivitet. Vi m\u00e5 ha et mangfold i tilbudet, og vi ha tilbud som ungdommen faktisk \u00f8nsker \u00e5 bruke. Sammen med ungdommen m\u00e5 vi skape og utvikle fremtidsrettede arenaer og m\u00f8teplasser.\u202fVi skal lytte til ungdommenes \u00f8nsker og s\u00f8rge for at de f\u00e5r en meningsfylt fritid. Det er superviktig.\u202f\u202f&nbsp;<\/p>\n\n\n\n<p>Kultur, idrett og frivillighet er selve limet i ethvert samfunn. Gjennom deltakelse skapes engasjement, integrering og vennskap. Uten frivilligheten ville ikke samfunnet g\u00e5tt rundt. Vi er opptatt av frivillige organisasjoners uavhengighet, og anerkjenner det verdifulle arbeidet som de uavhengige organisasjonene tilf\u00f8rer fellesskapet. Frivilligheten betyr mye for velferden v\u00e5r og for \u00e5 skape gode og aktive lokalsamfunn med muligheter for alle.\u202f<\/p>\n\n\n\n<h4 class=\"wp-block-heading\"><strong>Lagarbeid&nbsp;<\/strong><\/h4>\n\n\n\n<p>For \u00e5 kunne ivareta barn og unges \u00f8nsker er vi helt avhengig av \u00e5 spille p\u00e5 lag med alle som kan bidra.&nbsp;&nbsp;<\/p>\n\n\n\n<p>Vi m\u00e5 derfor s\u00f8rge for et enda bedre samarbeid mellom skole, lag og foreninger om \u00e5 utvikle gode fritidstilbud. Slik at vi p\u00e5 best mulig m\u00e5te gir v\u00e5re barn og unge, uansett bakgrunn og bosted, en god og trygg oppvekst i en kommune vi kan v\u00e6re stolte av.&nbsp;<\/p>\n\n\n\n<div class=\"wp-block-teft-factbox is-style-blue\"><div class=\"factbox-inner\"><div class=\"entry-content\"><h4 class=\"toggle\">Drammen H\u00f8yre vil:<\/h4>\n<ul class=\"wp-block-list\"><li>Sikre at alle barn og unge har mulighet til \u00e5 delta p\u00e5 fritidsaktiviteter.\u202f&nbsp;<\/li><\/ul>\n\n\n\n<ul class=\"wp-block-list\"><li>Styrke samarbeidet med frivillige organisasjoner.\u202f&nbsp;<\/li><li>Skape trygge og gode m\u00f8teplasser for barn og unge i kommunen.\u202f&nbsp;<\/li><li>\u00d8ke den fysiske aktiviteten blant barn og unge.\u202f&nbsp;<\/li><li>Utvikle og gi tilbud ut fra barn og unges egne \u00f8nsker og behov.\u202f&nbsp;<\/li><li>Tilrettelegge for god dialog mellom kommunen og frivillige organisasjoner.\u202f&nbsp;<\/li><\/ul>\n<\/div><\/div><\/div>\n\n\n\n<p class=\"has-text-align-center\">Se flere gode grunner til \u00e5 stemme H\u00f8yre i Drammen:<\/p>\n\n\n\n<div class=\"wp-block-buttons is-content-justification-center is-layout-flex wp-container-core-buttons-is-layout-16018d1d wp-block-buttons-is-layout-flex\">\n<div class=\"wp-block-button\"><a class=\"wp-block-button__link\" href=\"https:\/\/hoyre.no\/drammen\/7-grunner-drammen\/grunn-4\">&lt; Grunn 4<\/a><\/div>\n\n\n\n<div class=\"wp-block-button\"><a class=\"wp-block-button__link\" href=\"https:\/\/hoyre.no\/drammen\/7-grunner-drammen\/\">7 grunner<\/a><\/div>\n\n\n\n<div class=\"wp-block-button\"><a class=\"wp-block-button__link\" href=\"https:\/\/hoyre.no\/drammen\/7-grunner-drammen\/grunn-6\">Grunn 6 &gt;<\/a><\/div>\n<\/div>\n","protected":false},"excerpt":{"rendered":"<p>Muligheter for alle Din bakgrunn skal ikke ha noe \u00e5 si for hvilke muligheter du har i Drammen. Alle trenger noe meningsfullt \u00e5 g\u00e5 til. Foreldrenes lommebok skal ikke v\u00e6re avgj\u00f8rende for om et barn skal kunne spille sjakk, fotball eller h\u00e5ndball. Kristin Surlien, 2. kandidat for Drammen H\u00f8yre Flere og flere faller fra FNs [&hellip;]<\/p>\n","protected":false},"author":31325,"featured_media":0,"parent":284,"menu_order":5,"comment_status":"closed","ping_status":"closed","template":"","meta":{"teft_cards_image_url":"","teft_cards_custom_pretitle":"","teft_cards_image_id":0,"teft_cards_image_focal_point_x":0,"teft_cards_image_focal_point_y":0,"teft_cards_title":"","teft_cards_excerpt":"","teft_show_chapters":false,"footnotes":""},"class_list":["post-410","page","type-page","status-publish","hentry"],"yoast_head":"<!-- This site is optimized with the Yoast SEO plugin v26.6 - https:\/\/yoast.com\/wordpress\/plugins\/seo\/ -->\n<title>Grunn 5 - Drammen H\u00f8yre<\/title>\n<meta name=\"robots\" content=\"index, follow, max-snippet:-1, max-image-preview:large, max-video-preview:-1\" \/>\n<link rel=\"canonical\" href=\"https:\/\/hoyre.no\/drammen\/7-grunner-drammen\/grunn-5\/\" \/>\n<meta property=\"og:locale\" content=\"nb_NO\" \/>\n<meta property=\"og:type\" content=\"article\" \/>\n<meta property=\"og:title\" content=\"Grunn 5 - Drammen H\u00f8yre\" \/>\n<meta property=\"og:description\" content=\"Muligheter for alle Din bakgrunn skal ikke ha noe \u00e5 si for hvilke muligheter du har i Drammen. Alle trenger noe meningsfullt \u00e5 g\u00e5 til. Foreldrenes lommebok skal ikke v\u00e6re avgj\u00f8rende for om et barn skal kunne spille sjakk, fotball eller h\u00e5ndball. Kristin Surlien, 2. kandidat for Drammen H\u00f8yre Flere og flere faller fra FNs [&hellip;]\" \/>\n<meta property=\"og:url\" content=\"https:\/\/hoyre.no\/drammen\/7-grunner-drammen\/grunn-5\/\" \/>\n<meta property=\"og:site_name\" content=\"Drammen H\u00f8yre\" \/>\n<meta property=\"article:modified_time\" content=\"2023-06-03T19:06:16+00:00\" \/>\n<meta property=\"og:image\" content=\"https:\/\/hoyre.no\/content\/uploads\/sites\/201\/2023\/01\/sNXXtK-k-1024x683.jpeg\" \/>\n<meta name=\"twitter:card\" content=\"summary_large_image\" \/>\n<meta name=\"twitter:label1\" content=\"Ansl. lesetid\" \/>\n\t<meta name=\"twitter:data1\" content=\"4 minutter\" \/>\n<script type=\"application\/ld+json\" class=\"yoast-schema-graph\">{\"@context\":\"https:\/\/schema.org\",\"@graph\":[{\"@type\":\"WebPage\",\"@id\":\"https:\/\/hoyre.no\/drammen\/7-grunner-drammen\/grunn-5\/\",\"url\":\"https:\/\/hoyre.no\/drammen\/7-grunner-drammen\/grunn-5\/\",\"name\":\"Grunn 5 - Drammen H\u00f8yre\",\"isPartOf\":{\"@id\":\"https:\/\/hoyre.no\/drammen\/#website\"},\"image\":{\"@id\":\"https:\/\/hoyre.no\/drammen\/7-grunner-drammen\/grunn-5\/#primaryimage\"},\"thumbnailUrl\":\"https:\/\/hoyre.no\/content\/uploads\/sites\/201\/2023\/01\/sNXXtK-k-1024x683.jpeg\",\"datePublished\":\"2023-05-30T19:55:57+00:00\",\"dateModified\":\"2023-06-03T19:06:16+00:00\",\"breadcrumb\":{\"@id\":\"https:\/\/hoyre.no\/drammen\/7-grunner-drammen\/grunn-5\/#breadcrumb\"},\"inLanguage\":\"nb-NO\",\"potentialAction\":[{\"@type\":\"ReadAction\",\"target\":[\"https:\/\/hoyre.no\/drammen\/7-grunner-drammen\/grunn-5\/\"]}]},{\"@type\":\"ImageObject\",\"inLanguage\":\"nb-NO\",\"@id\":\"https:\/\/hoyre.no\/drammen\/7-grunner-drammen\/grunn-5\/#primaryimage\",\"url\":\"https:\/\/hoyre.no\/content\/uploads\/sites\/201\/2023\/01\/sNXXtK-k-1024x683.jpeg\",\"contentUrl\":\"https:\/\/hoyre.no\/content\/uploads\/sites\/201\/2023\/01\/sNXXtK-k-1024x683.jpeg\"},{\"@type\":\"BreadcrumbList\",\"@id\":\"https:\/\/hoyre.no\/drammen\/7-grunner-drammen\/grunn-5\/#breadcrumb\",\"itemListElement\":[{\"@type\":\"ListItem\",\"position\":1,\"name\":\"Til hoyre.no\",\"item\":\"https:\/\/hoyre.no\"},{\"@type\":\"ListItem\",\"position\":2,\"name\":\"Hjem\",\"item\":\"https:\/\/hoyre.no\/drammen\/\"},{\"@type\":\"ListItem\",\"position\":3,\"name\":\"Syv grunner Drammen\",\"item\":\"https:\/\/hoyre.no\/drammen\/7-grunner-drammen\/\"},{\"@type\":\"ListItem\",\"position\":4,\"name\":\"Grunn 5\"}]},{\"@type\":\"WebSite\",\"@id\":\"https:\/\/hoyre.no\/drammen\/#website\",\"url\":\"https:\/\/hoyre.no\/drammen\/\",\"name\":\"Drammen H\u00f8yre\",\"description\":\"Bare enda et H\u00f8yres nettsteder-nettsted\",\"inLanguage\":\"nb-NO\"}]}<\/script>\n<!-- \/ Yoast SEO plugin. -->","yoast_head_json":{"title":"Grunn 5 - Drammen H\u00f8yre","robots":{"index":"index","follow":"follow","max-snippet":"max-snippet:-1","max-image-preview":"max-image-preview:large","max-video-preview":"max-video-preview:-1"},"canonical":"https:\/\/hoyre.no\/drammen\/7-grunner-drammen\/grunn-5\/","og_locale":"nb_NO","og_type":"article","og_title":"Grunn 5 - Drammen H\u00f8yre","og_description":"Muligheter for alle Din bakgrunn skal ikke ha noe \u00e5 si for hvilke muligheter du har i Drammen. Alle trenger noe meningsfullt \u00e5 g\u00e5 til. Foreldrenes lommebok skal ikke v\u00e6re avgj\u00f8rende for om et barn skal kunne spille sjakk, fotball eller h\u00e5ndball. Kristin Surlien, 2. kandidat for Drammen H\u00f8yre Flere og flere faller fra FNs [&hellip;]","og_url":"https:\/\/hoyre.no\/drammen\/7-grunner-drammen\/grunn-5\/","og_site_name":"Drammen H\u00f8yre","article_modified_time":"2023-06-03T19:06:16+00:00","og_image":[{"url":"https:\/\/hoyre.no\/content\/uploads\/sites\/201\/2023\/01\/sNXXtK-k-1024x683.jpeg","type":"","width":"","height":""}],"twitter_card":"summary_large_image","twitter_misc":{"Ansl. lesetid":"4 minutter"},"schema":{"@context":"https:\/\/schema.org","@graph":[{"@type":"WebPage","@id":"https:\/\/hoyre.no\/drammen\/7-grunner-drammen\/grunn-5\/","url":"https:\/\/hoyre.no\/drammen\/7-grunner-drammen\/grunn-5\/","name":"Grunn 5 - Drammen H\u00f8yre","isPartOf":{"@id":"https:\/\/hoyre.no\/drammen\/#website"},"image":{"@id":"https:\/\/hoyre.no\/drammen\/7-grunner-drammen\/grunn-5\/#primaryimage"},"thumbnailUrl":"https:\/\/hoyre.no\/content\/uploads\/sites\/201\/2023\/01\/sNXXtK-k-1024x683.jpeg","datePublished":"2023-05-30T19:55:57+00:00","dateModified":"2023-06-03T19:06:16+00:00","breadcrumb":{"@id":"https:\/\/hoyre.no\/drammen\/7-grunner-drammen\/grunn-5\/#breadcrumb"},"inLanguage":"nb-NO","potentialAction":[{"@type":"ReadAction","target":["https:\/\/hoyre.no\/drammen\/7-grunner-drammen\/grunn-5\/"]}]},{"@type":"ImageObject","inLanguage":"nb-NO","@id":"https:\/\/hoyre.no\/drammen\/7-grunner-drammen\/grunn-5\/#primaryimage","url":"https:\/\/hoyre.no\/content\/uploads\/sites\/201\/2023\/01\/sNXXtK-k-1024x683.jpeg","contentUrl":"https:\/\/hoyre.no\/content\/uploads\/sites\/201\/2023\/01\/sNXXtK-k-1024x683.jpeg"},{"@type":"BreadcrumbList","@id":"https:\/\/hoyre.no\/drammen\/7-grunner-drammen\/grunn-5\/#breadcrumb","itemListElement":[{"@type":"ListItem","position":1,"name":"Til hoyre.no","item":"https:\/\/hoyre.no"},{"@type":"ListItem","position":2,"name":"Hjem","item":"https:\/\/hoyre.no\/drammen\/"},{"@type":"ListItem","position":3,"name":"Syv grunner Drammen","item":"https:\/\/hoyre.no\/drammen\/7-grunner-drammen\/"},{"@type":"ListItem","position":4,"name":"Grunn 5"}]},{"@type":"WebSite","@id":"https:\/\/hoyre.no\/drammen\/#website","url":"https:\/\/hoyre.no\/drammen\/","name":"Drammen H\u00f8yre","description":"Bare enda et H\u00f8yres nettsteder-nettsted","inLanguage":"nb-NO"}]}},"distributor_meta":false,"distributor_terms":false,"distributor_media":false,"distributor_original_site_name":"Drammen H\u00f8yre","distributor_original_site_url":"https:\/\/hoyre.no\/drammen","push-errors":false,"_links":{"self":[{"href":"https:\/\/hoyre.no\/drammen\/wp-json\/wp\/v2\/pages\/410","targetHints":{"allow":["GET"]}}],"collection":[{"href":"https:\/\/hoyre.no\/drammen\/wp-json\/wp\/v2\/pages"}],"about":[{"href":"https:\/\/hoyre.no\/drammen\/wp-json\/wp\/v2\/types\/page"}],"author":[{"embeddable":true,"href":"https:\/\/hoyre.no\/drammen\/wp-json\/wp\/v2\/users\/31325"}],"replies":[{"embeddable":true,"href":"https:\/\/hoyre.no\/drammen\/wp-json\/wp\/v2\/comments?post=410"}],"version-history":[{"count":26,"href":"https:\/\/hoyre.no\/drammen\/wp-json\/wp\/v2\/pages\/410\/revisions"}],"predecessor-version":[{"id":546,"href":"https:\/\/hoyre.no\/drammen\/wp-json\/wp\/v2\/pages\/410\/revisions\/546"}],"up":[{"embeddable":true,"href":"https:\/\/hoyre.no\/drammen\/wp-json\/wp\/v2\/pages\/284"}],"wp:attachment":[{"href":"https:\/\/hoyre.no\/drammen\/wp-json\/wp\/v2\/media?parent=410"}],"curies":[{"name":"wp","href":"https:\/\/api.w.org\/{rel}","templated":true}]}}