{"id":412,"date":"2023-05-30T21:55:31","date_gmt":"2023-05-30T19:55:31","guid":{"rendered":"https:\/\/hoyre.no\/drammen\/?page_id=412"},"modified":"2023-06-03T21:06:45","modified_gmt":"2023-06-03T19:06:45","slug":"grunn-6","status":"publish","type":"page","link":"https:\/\/hoyre.no\/drammen\/7-grunner-drammen\/grunn-6\/","title":{"rendered":"Grunn 6"},"content":{"rendered":"\n<div class=\"wp-block-hoyre-hero with-image-gradient text-color-light  alignfull has-background\"><div class=\"hoyre-hero \"><h1 class=\"title\">6. Alle skal kunne bo i Drammen<\/h1><p class=\"preamble\">Kjell Arne Hermansen, ordf\u00f8rerkandidat<\/p><\/div><\/div>\n\n\n\n\n<figure class=\"wp-block-embed is-type-video is-provider-youtube wp-block-embed-youtube wp-embed-aspect-16-9 wp-has-aspect-ratio\"><div class=\"wp-block-embed__wrapper\">\n<iframe loading=\"lazy\" title=\"Alle skal kunne bo i Drammen\" width=\"500\" height=\"281\" src=\"https:\/\/www.youtube.com\/embed\/4AX3IZ7XP6I?feature=oembed\" frameborder=\"0\" allow=\"accelerometer; autoplay; clipboard-write; encrypted-media; gyroscope; picture-in-picture; web-share\" referrerpolicy=\"strict-origin-when-cross-origin\" allowfullscreen><\/iframe>\n<\/div><figcaption>Klikk p\u00e5 videoen for \u00e5 se ordf\u00f8rerkandidat Kjell Arne Hermansen vise Drammen H\u00f8yres l\u00f8sninger.<\/figcaption><\/figure>\n\n\n\n\n<div class=\"wp-block-buttons is-content-justification-center is-layout-flex wp-container-core-buttons-is-layout-16018d1d wp-block-buttons-is-layout-flex\">\n<div class=\"wp-block-button\"><a class=\"wp-block-button__link\" href=\"https:\/\/hoyre.no\/drammen\/7-grunner-drammen\/grunn-5\">&lt; Grunn 5<\/a><\/div>\n\n\n\n<div class=\"wp-block-button\"><a class=\"wp-block-button__link\" href=\"https:\/\/hoyre.no\/drammen\/7-grunner-drammen\/\">7 grunner<\/a><\/div>\n\n\n\n<div class=\"wp-block-button\"><a class=\"wp-block-button__link\" href=\"https:\/\/hoyre.no\/drammen\/7-grunner-drammen\/grunn-7\">Grunn 7 &gt;<\/a><\/div>\n<\/div>\n\n\n\n<h2 class=\"wp-block-heading\">Alle skal kunne bo i Drammen<\/h2>\n\n\n\n<p><strong>Boligprisene er i ferd med \u00e5 bli for h\u00f8ye for mange. Vi vil jobbe for at flere skal kunne oppn\u00e5 boligdr\u00f8mmen Drammen.&nbsp;<\/strong><\/p>\n\n\n\n<p><em>Kjell Arne Hermansen, ordf\u00f8rerkandidat for Drammen H\u00f8yre<\/em><\/p>\n\n\n\n<h4 class=\"wp-block-heading\"><strong>Unike bokvaliteter<\/strong><\/h4>\n\n\n\n<p>Det er flere m\u00e5ter vi kan m\u00f8te denne utfordringen p\u00e5. En av dem er at vi m\u00e5 bygge ut et mangfold av ulike boliger, i forskjellig prisklasser og ta i bruk hele kommunen. Dette vil gj\u00f8re at vi som kommune vil kunne tilby boliger som er etterspurt.&nbsp;<\/p>\n\n\n\n<p>Drammen er en attraktiv kommune \u00e5 bo i. Vi er et sentralt knutepunkt for hele \u00f8stlandsregionen med et godt kollektivtilbud. Dette sikrer milj\u00f8vennlig samferdsel lokalt, men ogs\u00e5 om du skal i retning Oslo, Skien, Kristiansand eller Bergen. Drammen er en passe stor by, med et godt kulturtilbud, kvalitetsrestauranter og en sterk frivillighet. Fra Steinberg til Berger er det mange fine lokalsamfunn og tettsteder med sine unike bokvaliteter.&nbsp;&nbsp;<\/p>\n\n\n\n<figure class=\"wp-block-image size-large\"><img loading=\"lazy\" decoding=\"async\" width=\"1024\" height=\"683\" src=\"https:\/\/hoyre.no\/content\/uploads\/sites\/201\/2023\/01\/X-V2X6KA-1024x683.jpeg\" alt=\"\" class=\"wp-image-289\" srcset=\"https:\/\/hoyre.no\/content\/uploads\/sites\/201\/2023\/01\/X-V2X6KA-1024x683.jpeg 1024w, https:\/\/hoyre.no\/content\/uploads\/sites\/201\/2023\/01\/X-V2X6KA-300x200.jpeg 300w, https:\/\/hoyre.no\/content\/uploads\/sites\/201\/2023\/01\/X-V2X6KA-768x512.jpeg 768w, https:\/\/hoyre.no\/content\/uploads\/sites\/201\/2023\/01\/X-V2X6KA-1536x1024.jpeg 1536w, https:\/\/hoyre.no\/content\/uploads\/sites\/201\/2023\/01\/X-V2X6KA.jpeg 2048w\" sizes=\"auto, (max-width: 1024px) 100vw, 1024px\" \/><figcaption>For at vi skal kunne f\u00e5 til spennende utbyggingsprosjekter m\u00e5 Drammen bli en ja-kommune.<\/figcaption><\/figure>\n\n\n\n<h4 class=\"wp-block-heading\">Forutsigbarhet for enkeltmennesket<\/h4>\n\n\n\n<p>I Drammen skal det v\u00e6re mulig \u00e5 f\u00e5 tak i en god bolig, som dekker forskjellige menneskers behov i ulike livssituasjoner. Det \u00e5 eie en bolig er norsk verdi som gir forutsigbarhet for enkeltmennesket, og kan v\u00e6re med p\u00e5 \u00e5 sikre en tryggere \u00f8konomisk fremtid. En bolig er s\u00e5 mye mer enn en bolig, men et hjem.&nbsp;<\/p>\n\n\n\n<h4 class=\"wp-block-heading\"><strong>Fra leie til eie og deleie<\/strong><\/h4>\n\n\n\n<p>En annen ting vi som kommune kan gj\u00f8re er \u00e5 legge til rette for boligprosjekter med ulike finansieringsordninger. \u00abFra leie til eie\u00bb og deleie er konsepter vi i H\u00f8yre har tro p\u00e5. Det finnes flere ulike varianter av ordningene, men i prinsippet handlet det om at du signerer en avtale som gir deg rett til \u00e5 kj\u00f8pe leiligheten du leier, eller eier deler av. Det viktigste for oss i H\u00f8yre er at dette er ordninger som kommer leietakeren eller deleieren til gode.&nbsp;&nbsp;<\/p>\n\n\n\n<p>Et storstilt kommunalt oppkj\u00f8p av boliger er ingen god l\u00f8sning. Da vil vi igjen se en svart \u00f8konomi med penger under bordet, der \u00e6rlige folk ikke f\u00e5r kj\u00f8pt den boligen de \u00f8nsker. H\u00f8yre vil ikke bruke folks skattepenger p\u00e5 \u00e5 subsidiere boliger uten \u00e5 v\u00e6re sikker p\u00e5 at det hjelper dem som trenger det mest.&nbsp;<\/p>\n\n\n\n<h4 class=\"wp-block-heading\"><strong>3000 nye boliger<\/strong><\/h4>\n\n\n\n<p>For at vi skal kunne f\u00e5 til spennende utbyggingsprosjekter m\u00e5 Drammen bli en ja-kommune. Utbyggere opplever i dag for mye motstand i kommunen, med lange saksbehandlingstider og uklare retningslinjer. Det vil vi endre p\u00e5. Forutsigbarhet er en verdi b\u00e5de vi i H\u00f8yre og n\u00e6ringslivet liker.&nbsp;<\/p>\n\n\n\n<p>Vi i \u00f8nsker at kommunen skal fortsette \u00e5 vokse. Vi har derfor satt oss et m\u00e5l om bygging 3000 nye boliger. Dette vil opprettholde veksten i Drammen. I tillegg er vekst viktig for at kommunen skal kunne videreutvikle tjenestetilbudet, byene og lokalsamfunnene.&nbsp;<\/p>\n\n\n\n<div class=\"wp-block-teft-factbox is-style-blue\"><div class=\"factbox-inner\"><div class=\"entry-content\"><h4 class=\"toggle\">Drammen H\u00f8yre vil:<\/h4>\n<ul class=\"wp-block-list\"><li>At Drammen kommune skal bli en JA-kommune.<\/li><li>Legge til rette for bygging av 3000 nye boliger.&nbsp;<\/li><\/ul>\n\n\n\n<ul class=\"wp-block-list\"><li>Sikre en god variasjon av ulike typer boliger.&nbsp;&nbsp;<\/li><li>At det skal v\u00e6re enkelt, milj\u00f8vennlig og effektivt \u00e5 kunne forflytte seg i kommunen.&nbsp;&nbsp;<\/li><\/ul>\n<\/div><\/div><\/div>\n\n\n\n<p class=\"has-text-align-center\">Se flere gode grunner til \u00e5 stemme H\u00f8yre i Drammen:<\/p>\n\n\n\n<div class=\"wp-block-buttons is-content-justification-center is-layout-flex wp-container-core-buttons-is-layout-16018d1d wp-block-buttons-is-layout-flex\">\n<div class=\"wp-block-button\"><a class=\"wp-block-button__link\" href=\"https:\/\/hoyre.no\/drammen\/7-grunner-drammen\/grunn-5\">&lt; Grunn 5<\/a><\/div>\n\n\n\n<div class=\"wp-block-button\"><a class=\"wp-block-button__link\" href=\"https:\/\/hoyre.no\/drammen\/7-grunner-drammen\/\">7 grunner<\/a><\/div>\n\n\n\n<div class=\"wp-block-button\"><a class=\"wp-block-button__link\" href=\"https:\/\/hoyre.no\/drammen\/7-grunner-drammen\/grunn-7\">Grunn 7 &gt;<\/a><\/div>\n<\/div>\n","protected":false},"excerpt":{"rendered":"<p>Alle skal kunne bo i Drammen Boligprisene er i ferd med \u00e5 bli for h\u00f8ye for mange. Vi vil jobbe for at flere skal kunne oppn\u00e5 boligdr\u00f8mmen Drammen.&nbsp; Kjell Arne Hermansen, ordf\u00f8rerkandidat for Drammen H\u00f8yre Unike bokvaliteter Det er flere m\u00e5ter vi kan m\u00f8te denne utfordringen p\u00e5. En av dem er at vi m\u00e5 bygge [&hellip;]<\/p>\n","protected":false},"author":31325,"featured_media":0,"parent":284,"menu_order":6,"comment_status":"closed","ping_status":"closed","template":"","meta":{"teft_cards_image_url":"","teft_cards_custom_pretitle":"","teft_cards_image_id":0,"teft_cards_image_focal_point_x":0,"teft_cards_image_focal_point_y":0,"teft_cards_title":"","teft_cards_excerpt":"","teft_show_chapters":false,"footnotes":""},"class_list":["post-412","page","type-page","status-publish","hentry"],"yoast_head":"<!-- This site is optimized with the Yoast SEO plugin v26.6 - https:\/\/yoast.com\/wordpress\/plugins\/seo\/ -->\n<title>Grunn 6 - Drammen H\u00f8yre<\/title>\n<meta name=\"robots\" content=\"index, follow, max-snippet:-1, max-image-preview:large, max-video-preview:-1\" \/>\n<link rel=\"canonical\" href=\"https:\/\/hoyre.no\/drammen\/7-grunner-drammen\/grunn-6\/\" \/>\n<meta property=\"og:locale\" content=\"nb_NO\" \/>\n<meta property=\"og:type\" content=\"article\" \/>\n<meta property=\"og:title\" content=\"Grunn 6 - Drammen H\u00f8yre\" \/>\n<meta property=\"og:description\" content=\"Alle skal kunne bo i Drammen Boligprisene er i ferd med \u00e5 bli for h\u00f8ye for mange. Vi vil jobbe for at flere skal kunne oppn\u00e5 boligdr\u00f8mmen Drammen.&nbsp; Kjell Arne Hermansen, ordf\u00f8rerkandidat for Drammen H\u00f8yre Unike bokvaliteter Det er flere m\u00e5ter vi kan m\u00f8te denne utfordringen p\u00e5. En av dem er at vi m\u00e5 bygge [&hellip;]\" \/>\n<meta property=\"og:url\" content=\"https:\/\/hoyre.no\/drammen\/7-grunner-drammen\/grunn-6\/\" \/>\n<meta property=\"og:site_name\" content=\"Drammen H\u00f8yre\" \/>\n<meta property=\"article:modified_time\" content=\"2023-06-03T19:06:45+00:00\" \/>\n<meta property=\"og:image\" content=\"https:\/\/hoyre.no\/content\/uploads\/sites\/201\/2023\/01\/X-V2X6KA-1024x683.jpeg\" \/>\n<meta name=\"twitter:card\" content=\"summary_large_image\" \/>\n<meta name=\"twitter:label1\" content=\"Ansl. lesetid\" \/>\n\t<meta name=\"twitter:data1\" content=\"4 minutter\" \/>\n<script type=\"application\/ld+json\" class=\"yoast-schema-graph\">{\"@context\":\"https:\/\/schema.org\",\"@graph\":[{\"@type\":\"WebPage\",\"@id\":\"https:\/\/hoyre.no\/drammen\/7-grunner-drammen\/grunn-6\/\",\"url\":\"https:\/\/hoyre.no\/drammen\/7-grunner-drammen\/grunn-6\/\",\"name\":\"Grunn 6 - Drammen H\u00f8yre\",\"isPartOf\":{\"@id\":\"https:\/\/hoyre.no\/drammen\/#website\"},\"image\":{\"@id\":\"https:\/\/hoyre.no\/drammen\/7-grunner-drammen\/grunn-6\/#primaryimage\"},\"thumbnailUrl\":\"https:\/\/hoyre.no\/content\/uploads\/sites\/201\/2023\/01\/X-V2X6KA-1024x683.jpeg\",\"datePublished\":\"2023-05-30T19:55:31+00:00\",\"dateModified\":\"2023-06-03T19:06:45+00:00\",\"breadcrumb\":{\"@id\":\"https:\/\/hoyre.no\/drammen\/7-grunner-drammen\/grunn-6\/#breadcrumb\"},\"inLanguage\":\"nb-NO\",\"potentialAction\":[{\"@type\":\"ReadAction\",\"target\":[\"https:\/\/hoyre.no\/drammen\/7-grunner-drammen\/grunn-6\/\"]}]},{\"@type\":\"ImageObject\",\"inLanguage\":\"nb-NO\",\"@id\":\"https:\/\/hoyre.no\/drammen\/7-grunner-drammen\/grunn-6\/#primaryimage\",\"url\":\"https:\/\/hoyre.no\/content\/uploads\/sites\/201\/2023\/01\/X-V2X6KA-1024x683.jpeg\",\"contentUrl\":\"https:\/\/hoyre.no\/content\/uploads\/sites\/201\/2023\/01\/X-V2X6KA-1024x683.jpeg\"},{\"@type\":\"BreadcrumbList\",\"@id\":\"https:\/\/hoyre.no\/drammen\/7-grunner-drammen\/grunn-6\/#breadcrumb\",\"itemListElement\":[{\"@type\":\"ListItem\",\"position\":1,\"name\":\"Til hoyre.no\",\"item\":\"https:\/\/hoyre.no\"},{\"@type\":\"ListItem\",\"position\":2,\"name\":\"Hjem\",\"item\":\"https:\/\/hoyre.no\/drammen\/\"},{\"@type\":\"ListItem\",\"position\":3,\"name\":\"Syv grunner Drammen\",\"item\":\"https:\/\/hoyre.no\/drammen\/7-grunner-drammen\/\"},{\"@type\":\"ListItem\",\"position\":4,\"name\":\"Grunn 6\"}]},{\"@type\":\"WebSite\",\"@id\":\"https:\/\/hoyre.no\/drammen\/#website\",\"url\":\"https:\/\/hoyre.no\/drammen\/\",\"name\":\"Drammen H\u00f8yre\",\"description\":\"Bare enda et H\u00f8yres nettsteder-nettsted\",\"inLanguage\":\"nb-NO\"}]}<\/script>\n<!-- \/ Yoast SEO plugin. -->","yoast_head_json":{"title":"Grunn 6 - Drammen H\u00f8yre","robots":{"index":"index","follow":"follow","max-snippet":"max-snippet:-1","max-image-preview":"max-image-preview:large","max-video-preview":"max-video-preview:-1"},"canonical":"https:\/\/hoyre.no\/drammen\/7-grunner-drammen\/grunn-6\/","og_locale":"nb_NO","og_type":"article","og_title":"Grunn 6 - Drammen H\u00f8yre","og_description":"Alle skal kunne bo i Drammen Boligprisene er i ferd med \u00e5 bli for h\u00f8ye for mange. Vi vil jobbe for at flere skal kunne oppn\u00e5 boligdr\u00f8mmen Drammen.&nbsp; Kjell Arne Hermansen, ordf\u00f8rerkandidat for Drammen H\u00f8yre Unike bokvaliteter Det er flere m\u00e5ter vi kan m\u00f8te denne utfordringen p\u00e5. En av dem er at vi m\u00e5 bygge [&hellip;]","og_url":"https:\/\/hoyre.no\/drammen\/7-grunner-drammen\/grunn-6\/","og_site_name":"Drammen H\u00f8yre","article_modified_time":"2023-06-03T19:06:45+00:00","og_image":[{"url":"https:\/\/hoyre.no\/content\/uploads\/sites\/201\/2023\/01\/X-V2X6KA-1024x683.jpeg","type":"","width":"","height":""}],"twitter_card":"summary_large_image","twitter_misc":{"Ansl. lesetid":"4 minutter"},"schema":{"@context":"https:\/\/schema.org","@graph":[{"@type":"WebPage","@id":"https:\/\/hoyre.no\/drammen\/7-grunner-drammen\/grunn-6\/","url":"https:\/\/hoyre.no\/drammen\/7-grunner-drammen\/grunn-6\/","name":"Grunn 6 - Drammen H\u00f8yre","isPartOf":{"@id":"https:\/\/hoyre.no\/drammen\/#website"},"image":{"@id":"https:\/\/hoyre.no\/drammen\/7-grunner-drammen\/grunn-6\/#primaryimage"},"thumbnailUrl":"https:\/\/hoyre.no\/content\/uploads\/sites\/201\/2023\/01\/X-V2X6KA-1024x683.jpeg","datePublished":"2023-05-30T19:55:31+00:00","dateModified":"2023-06-03T19:06:45+00:00","breadcrumb":{"@id":"https:\/\/hoyre.no\/drammen\/7-grunner-drammen\/grunn-6\/#breadcrumb"},"inLanguage":"nb-NO","potentialAction":[{"@type":"ReadAction","target":["https:\/\/hoyre.no\/drammen\/7-grunner-drammen\/grunn-6\/"]}]},{"@type":"ImageObject","inLanguage":"nb-NO","@id":"https:\/\/hoyre.no\/drammen\/7-grunner-drammen\/grunn-6\/#primaryimage","url":"https:\/\/hoyre.no\/content\/uploads\/sites\/201\/2023\/01\/X-V2X6KA-1024x683.jpeg","contentUrl":"https:\/\/hoyre.no\/content\/uploads\/sites\/201\/2023\/01\/X-V2X6KA-1024x683.jpeg"},{"@type":"BreadcrumbList","@id":"https:\/\/hoyre.no\/drammen\/7-grunner-drammen\/grunn-6\/#breadcrumb","itemListElement":[{"@type":"ListItem","position":1,"name":"Til hoyre.no","item":"https:\/\/hoyre.no"},{"@type":"ListItem","position":2,"name":"Hjem","item":"https:\/\/hoyre.no\/drammen\/"},{"@type":"ListItem","position":3,"name":"Syv grunner Drammen","item":"https:\/\/hoyre.no\/drammen\/7-grunner-drammen\/"},{"@type":"ListItem","position":4,"name":"Grunn 6"}]},{"@type":"WebSite","@id":"https:\/\/hoyre.no\/drammen\/#website","url":"https:\/\/hoyre.no\/drammen\/","name":"Drammen H\u00f8yre","description":"Bare enda et H\u00f8yres nettsteder-nettsted","inLanguage":"nb-NO"}]}},"distributor_meta":false,"distributor_terms":false,"distributor_media":false,"distributor_original_site_name":"Drammen H\u00f8yre","distributor_original_site_url":"https:\/\/hoyre.no\/drammen","push-errors":false,"_links":{"self":[{"href":"https:\/\/hoyre.no\/drammen\/wp-json\/wp\/v2\/pages\/412","targetHints":{"allow":["GET"]}}],"collection":[{"href":"https:\/\/hoyre.no\/drammen\/wp-json\/wp\/v2\/pages"}],"about":[{"href":"https:\/\/hoyre.no\/drammen\/wp-json\/wp\/v2\/types\/page"}],"author":[{"embeddable":true,"href":"https:\/\/hoyre.no\/drammen\/wp-json\/wp\/v2\/users\/31325"}],"replies":[{"embeddable":true,"href":"https:\/\/hoyre.no\/drammen\/wp-json\/wp\/v2\/comments?post=412"}],"version-history":[{"count":14,"href":"https:\/\/hoyre.no\/drammen\/wp-json\/wp\/v2\/pages\/412\/revisions"}],"predecessor-version":[{"id":547,"href":"https:\/\/hoyre.no\/drammen\/wp-json\/wp\/v2\/pages\/412\/revisions\/547"}],"up":[{"embeddable":true,"href":"https:\/\/hoyre.no\/drammen\/wp-json\/wp\/v2\/pages\/284"}],"wp:attachment":[{"href":"https:\/\/hoyre.no\/drammen\/wp-json\/wp\/v2\/media?parent=412"}],"curies":[{"name":"wp","href":"https:\/\/api.w.org\/{rel}","templated":true}]}}