{"id":694,"date":"2024-12-13T21:49:41","date_gmt":"2024-12-13T20:49:41","guid":{"rendered":"https:\/\/hoyre.no\/drammen\/?page_id=694"},"modified":"2026-03-20T19:42:03","modified_gmt":"2026-03-20T18:42:03","slug":"stemmerfratarnet","status":"publish","type":"page","link":"https:\/\/hoyre.no\/drammen\/stemmerfratarnet\/","title":{"rendered":"Podkast"},"content":{"rendered":"\n<div class=\"wp-block-hoyre-hero with-image-gradient text-color-light  has-media alignfull has-background \"><div class=\"hoyre-hero has-image\"><h1 class=\"title\">Stemmer<br>fra t\u00e5rnet<\/h1><p class=\"preamble\">&#8211; en politisk l\u00f8ypemelding fra Drammen<\/p>\t\t\t<div class=\"post-meta wp-block teft-byline-wrapper\">\n\t\t\t\t<div class=\"top\">\n\t\t\t\t\t<div class=\"signature\">\n\t\t\t\t\t\t<div class=\"teft-byline\">\n\t\t\t\t\t\t\t\t\t\t\t\t\t\t<div>\n\t\t\t\t\t\t\t\t<h3>H\u00f8yres redaksjon<\/h3>\t\t\t\t\t\t\t\t\n\t\t\t\t\t\t\t\t\t\t\t\t\t\t\t\t\t<span class=\"date\">Sist oppdatert: 20. mars 2026<\/span>\n\t\t\t\t\t\t\t\t\t\t\t\t\t\t\t\t\t\t\t\t\t\t\t\t\t<span class=\"reading-time\" itemprop=\"timeRequired\" content=\"PT2M\"><em>Ca. 2 minutter lesetid<\/em><\/span>\n\t\t\t\t\t\t\t\t\t\t\t\t\t\t\t<\/div>\n\t\t\t\t\t\t<\/div>\n\t\t\t\t\t<\/div>\n\t\t\t\t\t\t<div class=\"sharing\">\n\t\t<a class=\"share-button share-link copy-link\" data-copy=\"https:\/\/hoyre.no\/drammen\/stemmerfratarnet\/\" target=\"_blank\"><span class=\"screen-reader-text\">Del link<\/span><\/a>\n\t\t<a class=\"share-button share-twitter\" href=\"http:\/\/twitter.com\/share?text=Podkast&#038;url=https:\/\/hoyre.no\/drammen\/stemmerfratarnet\/&#038;hashtags=Hoyre\" target=\"_blank\"><span class=\"screen-reader-text\">Del p\u00e5 twitter<\/span><\/a>\n\t\t<a class=\"share-button share-facebook\" href=\"https:\/\/www.facebook.com\/sharer\/sharer.php?u=https:\/\/hoyre.no\/drammen\/stemmerfratarnet\/\" target=\"_blank\"><span class=\"screen-reader-text\">Del p\u00e5 facebook<\/span><\/a>\n\t<\/div>\n\t\t\t\t\t<\/div>\n\t\t\t<\/div>\n\n\t\t\t<figure class=\"hoyre-image-wrapper\"><div class=\"hoyre-image\"><img loading=\"lazy\" decoding=\"async\" width=\"2048\" height=\"1610\" src=\"https:\/\/hoyre.no\/content\/uploads\/sites\/201\/2023\/08\/364263269_317616267276987_8392935396041175656_n.jpg\" class=\"attachment-scaled size-scaled\" alt=\"Drammen r\u00e5dhus\" style=\"object-position: 50% 50%\" srcset=\"https:\/\/hoyre.no\/content\/uploads\/sites\/201\/2023\/08\/364263269_317616267276987_8392935396041175656_n.jpg 2048w, https:\/\/hoyre.no\/content\/uploads\/sites\/201\/2023\/08\/364263269_317616267276987_8392935396041175656_n-300x236.jpg 300w, https:\/\/hoyre.no\/content\/uploads\/sites\/201\/2023\/08\/364263269_317616267276987_8392935396041175656_n-1024x805.jpg 1024w, https:\/\/hoyre.no\/content\/uploads\/sites\/201\/2023\/08\/364263269_317616267276987_8392935396041175656_n-768x604.jpg 768w, https:\/\/hoyre.no\/content\/uploads\/sites\/201\/2023\/08\/364263269_317616267276987_8392935396041175656_n-1536x1208.jpg 1536w\" sizes=\"auto, (max-width: 2048px) 100vw, 2048px\" \/><\/div><\/figure><\/div><\/div>\n\n\n<div class=\"wp-block-image\">\n<figure class=\"aligncenter size-large is-resized\"><a href=\"https:\/\/podcasts.apple.com\/no\/podcast\/stemmer-fra-t%C3%A5rnet-en-politisk-l%C3%B8ypemelding-fra-drammen\/id1538355443\"><img loading=\"lazy\" decoding=\"async\" width=\"129\" height=\"41\" src=\"https:\/\/hoyre.no\/content\/uploads\/sites\/201\/2026\/02\/badge.svg\" alt=\"\" class=\"wp-image-1470\" style=\"width:261px;height:auto\" \/><\/a><\/figure><\/div>\n\n\n<figure class=\"wp-block-image size-large\"><img loading=\"lazy\" decoding=\"async\" width=\"1024\" height=\"1024\" src=\"https:\/\/hoyre.no\/content\/uploads\/sites\/201\/2026\/03\/Stemmer-fra-tarnet-2026-1-1024x1024.png\" alt=\"Podkastgrafikk\" class=\"wp-image-1424\" srcset=\"https:\/\/hoyre.no\/content\/uploads\/sites\/201\/2026\/03\/Stemmer-fra-tarnet-2026-1-1024x1024.png 1024w, https:\/\/hoyre.no\/content\/uploads\/sites\/201\/2026\/03\/Stemmer-fra-tarnet-2026-1-300x300.png 300w, https:\/\/hoyre.no\/content\/uploads\/sites\/201\/2026\/03\/Stemmer-fra-tarnet-2026-1-150x150.png 150w, https:\/\/hoyre.no\/content\/uploads\/sites\/201\/2026\/03\/Stemmer-fra-tarnet-2026-1-768x768.png 768w, https:\/\/hoyre.no\/content\/uploads\/sites\/201\/2026\/03\/Stemmer-fra-tarnet-2026-1.png 1080w\" sizes=\"auto, (max-width: 1024px) 100vw, 1024px\" \/><figcaption class=\"wp-element-caption\">Drammen H\u00f8yres podkast er tilgjengelig b\u00e5de p\u00e5 YouTube og i alle podkast-apper, som for eksempel Apple Podcasts og Spotify. Bruk lenkene lengre ned for \u00e5 se eller h\u00f8re.<\/figcaption><\/figure>\n\n\n\n<figure class=\"wp-block-embed is-type-rich is-provider-spotify wp-block-embed-spotify wp-embed-aspect-21-9 wp-has-aspect-ratio\"><div class=\"wp-block-embed__wrapper\">\n<iframe title=\"Spotify Embed: Politikere som bl\u00e5ser seg opp og sier de har handlekraft\" style=\"border-radius: 12px\" width=\"100%\" height=\"152\" frameborder=\"0\" allowfullscreen allow=\"autoplay; clipboard-write; encrypted-media; fullscreen; picture-in-picture\" loading=\"lazy\" src=\"https:\/\/open.spotify.com\/embed\/show\/749AVETOWGOg6mtVjYFpjb?si=8d9ca944517841f3&amp;utm_source=oembed\"><\/iframe>\n<\/div><\/figure>\n\n\n\n<h3 class=\"wp-block-heading has-text-align-center\" id=\"h-se-pa-youtube\">Se p\u00e5 YouTube:<\/h3>\n\n\n\n<div class=\"wp-block-buttons is-content-justification-center is-layout-flex wp-container-core-buttons-is-layout-16018d1d wp-block-buttons-is-layout-flex\">\n<div class=\"wp-block-button\"><a class=\"wp-block-button__link wp-element-button\" href=\"https:\/\/youtube.com\/playlist?list=PLsjn0og5ylZOsS9cDNGCV2BlSfkrGAmOV&amp;si=7hjRpnSRhVZcyksZ?sub_confrimation=1\">Hele episoder<\/a><\/div>\n\n\n\n<div class=\"wp-block-button\"><a class=\"wp-block-button__link has-text-align-left wp-element-button\" href=\"https:\/\/youtube.com\/playlist?list=PL7x9Cipu4TKRojYtAv0B8E00l1vb2mNX8&amp;si=hVrLlJuFmGPcY7BW?sub_confrimation=1\">Intervjuene<\/a><\/div>\n<\/div>\n\n\n\n<h3 class=\"wp-block-heading has-text-align-center\">Vi holder deg oppdatert<\/h3>\n\n\n\n<p>Stemmer fra t\u00e5rnet er en podcast for deg som er opptatt av politikk og bryr deg om Drammen. Kristin Surlien og Andreas Muri fra Drammen H\u00f8yres kommunestyregruppe tar deg med p\u00e5 innsiden av r\u00e5dhuset og holder deg oppdatert p\u00e5 det som r\u00f8rer seg i t\u00e5rnbygningen.<\/p>\n\n\n\n<figure class=\"wp-block-image size-large\"><img loading=\"lazy\" decoding=\"async\" width=\"1024\" height=\"768\" src=\"https:\/\/hoyre.no\/content\/uploads\/sites\/201\/2024\/12\/IMG_9313-1024x768.jpeg\" alt=\"Kristin Surlien og Andreas Muri er programledere i podkasten Stemmer fra t\u00e5rnet.\" class=\"wp-image-708\" srcset=\"https:\/\/hoyre.no\/content\/uploads\/sites\/201\/2024\/12\/IMG_9313-1024x768.jpeg 1024w, https:\/\/hoyre.no\/content\/uploads\/sites\/201\/2024\/12\/IMG_9313-300x225.jpeg 300w, https:\/\/hoyre.no\/content\/uploads\/sites\/201\/2024\/12\/IMG_9313-768x576.jpeg 768w, https:\/\/hoyre.no\/content\/uploads\/sites\/201\/2024\/12\/IMG_9313-1536x1152.jpeg 1536w, https:\/\/hoyre.no\/content\/uploads\/sites\/201\/2024\/12\/IMG_9313-2048x1536.jpeg 2048w\" sizes=\"auto, (max-width: 1024px) 100vw, 1024px\" \/><figcaption class=\"wp-element-caption\">H\u00f8yre-politikerne Kristin Surlien og Andreas Muri er podkastverter i Stemmer fra t\u00e5rnet &#8211; en politisk l\u00f8ypemelding fra Drammen.<\/figcaption><\/figure>\n\n\n\n<h3 class=\"wp-block-heading has-text-align-center\">Episodearkiv<\/h3>\n\n\n\n<div class=\"wp-block-teft-accordion\"><div class=\"teft-accordion__inner\">\n<div class=\"wp-block-teft-item\"><div class=\"teft-item__inner\"><h4 class=\"toggle\">Episoder 2026<\/h4><div class=\"teft-item__inner-content entry-content\">\n<p><a href=\"https:\/\/hoyre.no\/drammen\/aktuelt\/podkastepisode-31\/\">Episode 31<\/a> &#8211; Politikere som bl\u00e5ser seg opp og sier de har handlekraft (mars)<\/p>\n\n\n\n<p><a href=\"https:\/\/hoyre.no\/drammen\/aktuelt\/podkastepisode-30\/\">Episode 30<\/a> &#8211; Krever uenighet med noen at man er enig med andre? (februar)<\/p>\n<\/div><\/div><\/div>\n\n\n\n<div class=\"wp-block-teft-item\"><div class=\"teft-item__inner\"><h4 class=\"toggle\">Episoder 2025<\/h4><div class=\"teft-item__inner-content entry-content\">\n<p><a href=\"https:\/\/hoyre.no\/drammen\/aktuelt\/podkastepisode-29\/\">Episode 29<\/a> &#8211; Ringer julen inn med 60% budsjettenighet (desember)<\/p>\n\n\n\n<p><a href=\"https:\/\/hoyre.no\/drammen\/aktuelt\/podkastepisode-28\/\">Episode 28<\/a> &#8211; Til kamp mot ungdomskriminalitet (oktober)<\/p>\n\n\n\n<p><a href=\"https:\/\/hoyre.no\/drammen\/aktuelt\/podkastepisode-27\/\">Episode 27<\/a> &#8211; Sorry Seems to Be the Hardest Word (september)<\/p>\n\n\n\n<p><a href=\"https:\/\/hoyre.no\/drammen\/aktuelt\/podkastepisode-26\/\">Episode 26<\/a> &#8211; Ingen slagord &#8211; bare konkrete l\u00f8sninger! (august)<\/p>\n\n\n\n<p><a href=\"https:\/\/hoyre.no\/drammen\/aktuelt\/podkastepisode-25\/\">Episode 25<\/a> &#8211; Vi f\u00e5r fart p\u00e5 Drammen (juni)<\/p>\n\n\n\n<p><a href=\"https:\/\/hoyre.no\/drammen\/aktuelt\/podkastepisode-24\/\">Episode 24<\/a> &#8211; Drammens Watergate: Storm i et vannglass (mai)<\/p>\n\n\n\n<p><a href=\"https:\/\/hoyre.no\/drammen\/aktuelt\/podkastepisode-23\/\">Episode 23<\/a> &#8211; S\u00f8ppel, EU og integrering (april)<\/p>\n\n\n\n<p><a href=\"https:\/\/hoyre.no\/drammen\/aktuelt\/podkastepisode-22\/\">Episode 22<\/a> &#8211; All makt i denne sal eller ei (februar)<\/p>\n<\/div><\/div><\/div>\n<\/div><\/div>\n\n\n\n<p><\/p>\n","protected":false},"excerpt":{"rendered":"<p>Se p\u00e5 YouTube: Vi holder deg oppdatert Stemmer fra t\u00e5rnet er en podcast for deg som er opptatt av politikk og bryr deg om Drammen. Kristin Surlien og Andreas Muri fra Drammen H\u00f8yres kommunestyregruppe tar deg med p\u00e5 innsiden av r\u00e5dhuset og holder deg oppdatert p\u00e5 det som r\u00f8rer seg i t\u00e5rnbygningen. Episodearkiv<\/p>\n","protected":false},"author":31325,"featured_media":0,"parent":0,"menu_order":0,"comment_status":"closed","ping_status":"closed","template":"","meta":{"teft_cards_image_url":"","teft_cards_custom_pretitle":"","teft_cards_image_id":0,"teft_cards_image_focal_point_x":0,"teft_cards_image_focal_point_y":0,"teft_cards_title":"","teft_cards_excerpt":"","teft_show_chapters":false,"footnotes":""},"class_list":["post-694","page","type-page","status-publish","hentry"],"yoast_head":"<!-- This site is optimized with the Yoast SEO plugin v26.6 - https:\/\/yoast.com\/wordpress\/plugins\/seo\/ -->\n<title>Podkast - Drammen H\u00f8yre<\/title>\n<meta name=\"description\" content=\"Stemmer fra t\u00e5rnet er en podcast for deg som er opptatt av politikk og bryr deg om Drammen, med Kristin Surlien og Andreas Muri.\" \/>\n<meta name=\"robots\" content=\"index, follow, max-snippet:-1, max-image-preview:large, max-video-preview:-1\" \/>\n<link rel=\"canonical\" href=\"https:\/\/hoyre.no\/drammen\/stemmerfratarnet\/\" \/>\n<meta property=\"og:locale\" content=\"nb_NO\" \/>\n<meta property=\"og:type\" content=\"article\" \/>\n<meta property=\"og:title\" content=\"Podkast - Drammen H\u00f8yre\" \/>\n<meta property=\"og:description\" content=\"Stemmer fra t\u00e5rnet er en podcast for deg som er opptatt av politikk og bryr deg om Drammen, med Kristin Surlien og Andreas Muri.\" \/>\n<meta property=\"og:url\" content=\"https:\/\/hoyre.no\/drammen\/stemmerfratarnet\/\" \/>\n<meta property=\"og:site_name\" content=\"Drammen H\u00f8yre\" \/>\n<meta property=\"article:modified_time\" content=\"2026-03-20T18:42:03+00:00\" \/>\n<meta property=\"og:image\" content=\"https:\/\/hoyre.no\/content\/uploads\/sites\/201\/2026\/02\/badge.svg\" \/>\n<meta name=\"twitter:card\" content=\"summary_large_image\" \/>\n<meta name=\"twitter:label1\" content=\"Ansl. lesetid\" \/>\n\t<meta name=\"twitter:data1\" content=\"2 minutter\" \/>\n<script type=\"application\/ld+json\" class=\"yoast-schema-graph\">{\"@context\":\"https:\/\/schema.org\",\"@graph\":[{\"@type\":\"WebPage\",\"@id\":\"https:\/\/hoyre.no\/drammen\/stemmerfratarnet\/\",\"url\":\"https:\/\/hoyre.no\/drammen\/stemmerfratarnet\/\",\"name\":\"Podkast - Drammen H\u00f8yre\",\"isPartOf\":{\"@id\":\"https:\/\/hoyre.no\/drammen\/#website\"},\"image\":{\"@id\":\"https:\/\/hoyre.no\/drammen\/stemmerfratarnet\/#primaryimage\"},\"thumbnailUrl\":\"https:\/\/hoyre.no\/content\/uploads\/sites\/201\/2026\/02\/badge.svg\",\"datePublished\":\"2024-12-13T20:49:41+00:00\",\"dateModified\":\"2026-03-20T18:42:03+00:00\",\"description\":\"Stemmer fra t\u00e5rnet er en podcast for deg som er opptatt av politikk og bryr deg om Drammen, med Kristin Surlien og Andreas Muri.\",\"breadcrumb\":{\"@id\":\"https:\/\/hoyre.no\/drammen\/stemmerfratarnet\/#breadcrumb\"},\"inLanguage\":\"nb-NO\",\"potentialAction\":[{\"@type\":\"ReadAction\",\"target\":[\"https:\/\/hoyre.no\/drammen\/stemmerfratarnet\/\"]}]},{\"@type\":\"ImageObject\",\"inLanguage\":\"nb-NO\",\"@id\":\"https:\/\/hoyre.no\/drammen\/stemmerfratarnet\/#primaryimage\",\"url\":\"https:\/\/hoyre.no\/content\/uploads\/sites\/201\/2026\/02\/badge.svg\",\"contentUrl\":\"https:\/\/hoyre.no\/content\/uploads\/sites\/201\/2026\/02\/badge.svg\"},{\"@type\":\"BreadcrumbList\",\"@id\":\"https:\/\/hoyre.no\/drammen\/stemmerfratarnet\/#breadcrumb\",\"itemListElement\":[{\"@type\":\"ListItem\",\"position\":1,\"name\":\"Til hoyre.no\",\"item\":\"https:\/\/hoyre.no\"},{\"@type\":\"ListItem\",\"position\":2,\"name\":\"Hjem\",\"item\":\"https:\/\/hoyre.no\/drammen\/\"},{\"@type\":\"ListItem\",\"position\":3,\"name\":\"Podkast\"}]},{\"@type\":\"WebSite\",\"@id\":\"https:\/\/hoyre.no\/drammen\/#website\",\"url\":\"https:\/\/hoyre.no\/drammen\/\",\"name\":\"Drammen H\u00f8yre\",\"description\":\"Bare enda et H\u00f8yres nettsteder-nettsted\",\"inLanguage\":\"nb-NO\"}]}<\/script>\n<!-- \/ Yoast SEO plugin. -->","yoast_head_json":{"title":"Podkast - Drammen H\u00f8yre","description":"Stemmer fra t\u00e5rnet er en podcast for deg som er opptatt av politikk og bryr deg om Drammen, med Kristin Surlien og Andreas Muri.","robots":{"index":"index","follow":"follow","max-snippet":"max-snippet:-1","max-image-preview":"max-image-preview:large","max-video-preview":"max-video-preview:-1"},"canonical":"https:\/\/hoyre.no\/drammen\/stemmerfratarnet\/","og_locale":"nb_NO","og_type":"article","og_title":"Podkast - Drammen H\u00f8yre","og_description":"Stemmer fra t\u00e5rnet er en podcast for deg som er opptatt av politikk og bryr deg om Drammen, med Kristin Surlien og Andreas Muri.","og_url":"https:\/\/hoyre.no\/drammen\/stemmerfratarnet\/","og_site_name":"Drammen H\u00f8yre","article_modified_time":"2026-03-20T18:42:03+00:00","og_image":[{"url":"https:\/\/hoyre.no\/content\/uploads\/sites\/201\/2026\/02\/badge.svg","type":"","width":"","height":""}],"twitter_card":"summary_large_image","twitter_misc":{"Ansl. lesetid":"2 minutter"},"schema":{"@context":"https:\/\/schema.org","@graph":[{"@type":"WebPage","@id":"https:\/\/hoyre.no\/drammen\/stemmerfratarnet\/","url":"https:\/\/hoyre.no\/drammen\/stemmerfratarnet\/","name":"Podkast - Drammen H\u00f8yre","isPartOf":{"@id":"https:\/\/hoyre.no\/drammen\/#website"},"image":{"@id":"https:\/\/hoyre.no\/drammen\/stemmerfratarnet\/#primaryimage"},"thumbnailUrl":"https:\/\/hoyre.no\/content\/uploads\/sites\/201\/2026\/02\/badge.svg","datePublished":"2024-12-13T20:49:41+00:00","dateModified":"2026-03-20T18:42:03+00:00","description":"Stemmer fra t\u00e5rnet er en podcast for deg som er opptatt av politikk og bryr deg om Drammen, med Kristin Surlien og Andreas Muri.","breadcrumb":{"@id":"https:\/\/hoyre.no\/drammen\/stemmerfratarnet\/#breadcrumb"},"inLanguage":"nb-NO","potentialAction":[{"@type":"ReadAction","target":["https:\/\/hoyre.no\/drammen\/stemmerfratarnet\/"]}]},{"@type":"ImageObject","inLanguage":"nb-NO","@id":"https:\/\/hoyre.no\/drammen\/stemmerfratarnet\/#primaryimage","url":"https:\/\/hoyre.no\/content\/uploads\/sites\/201\/2026\/02\/badge.svg","contentUrl":"https:\/\/hoyre.no\/content\/uploads\/sites\/201\/2026\/02\/badge.svg"},{"@type":"BreadcrumbList","@id":"https:\/\/hoyre.no\/drammen\/stemmerfratarnet\/#breadcrumb","itemListElement":[{"@type":"ListItem","position":1,"name":"Til hoyre.no","item":"https:\/\/hoyre.no"},{"@type":"ListItem","position":2,"name":"Hjem","item":"https:\/\/hoyre.no\/drammen\/"},{"@type":"ListItem","position":3,"name":"Podkast"}]},{"@type":"WebSite","@id":"https:\/\/hoyre.no\/drammen\/#website","url":"https:\/\/hoyre.no\/drammen\/","name":"Drammen H\u00f8yre","description":"Bare enda et H\u00f8yres nettsteder-nettsted","inLanguage":"nb-NO"}]}},"distributor_meta":false,"distributor_terms":false,"distributor_media":false,"distributor_original_site_name":"Drammen H\u00f8yre","distributor_original_site_url":"https:\/\/hoyre.no\/drammen","push-errors":false,"_links":{"self":[{"href":"https:\/\/hoyre.no\/drammen\/wp-json\/wp\/v2\/pages\/694","targetHints":{"allow":["GET"]}}],"collection":[{"href":"https:\/\/hoyre.no\/drammen\/wp-json\/wp\/v2\/pages"}],"about":[{"href":"https:\/\/hoyre.no\/drammen\/wp-json\/wp\/v2\/types\/page"}],"author":[{"embeddable":true,"href":"https:\/\/hoyre.no\/drammen\/wp-json\/wp\/v2\/users\/31325"}],"replies":[{"embeddable":true,"href":"https:\/\/hoyre.no\/drammen\/wp-json\/wp\/v2\/comments?post=694"}],"version-history":[{"count":57,"href":"https:\/\/hoyre.no\/drammen\/wp-json\/wp\/v2\/pages\/694\/revisions"}],"predecessor-version":[{"id":1515,"href":"https:\/\/hoyre.no\/drammen\/wp-json\/wp\/v2\/pages\/694\/revisions\/1515"}],"wp:attachment":[{"href":"https:\/\/hoyre.no\/drammen\/wp-json\/wp\/v2\/media?parent=694"}],"curies":[{"name":"wp","href":"https:\/\/api.w.org\/{rel}","templated":true}]}}