{"id":36,"date":"2023-07-14T16:46:02","date_gmt":"2023-07-14T14:46:02","guid":{"rendered":"https:\/\/hoyre.no\/eidfjord\/?page_id=36"},"modified":"2023-09-02T20:32:09","modified_gmt":"2023-09-02T18:32:09","slug":"valprogram-2023-2027","status":"publish","type":"page","link":"https:\/\/hoyre.no\/eidfjord\/valprogram-2023-2027\/","title":{"rendered":"Valprogram 2023-2027"},"content":{"rendered":"\n<div class=\"wp-block-hoyre-hero with-image-gradient text-color-light  has-media alignfull has-background\"><div class=\"hoyre-hero has-image\"><h1 class=\"title\">Valprogram<br>2023-2027<\/h1><p class=\"preamble\">Sj\u00e5 kva me g\u00e5r til val p\u00e5 i Eidfjord dei neste fire \u00e5ra!<\/p>\t\t\t<div class=\"post-meta wp-block teft-byline-wrapper\">\n\t\t\t\t<div class=\"top\">\n\t\t\t\t\t<div class=\"signature\">\n\t\t\t\t\t\t<div class=\"teft-byline\">\n\t\t\t\t\t\t\t\t\t\t\t\t\t\t<div>\n\t\t\t\t\t\t\t\t<h3>H\u00f8yres redaksjon<\/h3>\t\t\t\t\t\t\t\t\n\t\t\t\t\t\t\t\t\t\t\t\t\t\t\t\t\t<span class=\"date\">Sist oppdatert: 2. september 2023<\/span>\n\t\t\t\t\t\t\t\t\t\t\t\t\t\t\t\t\t\t\t\t\t\t\t\t\t<span class=\"reading-time\" itemprop=\"timeRequired\" content=\"PT1M\"><em>Ca. 1 minutter lesetid<\/em><\/span>\n\t\t\t\t\t\t\t\t\t\t\t\t\t\t\t<\/div>\n\t\t\t\t\t\t<\/div>\n\t\t\t\t\t<\/div>\n\t\t\t\t\t\t<div class=\"sharing\">\n\t\t<a class=\"share-button share-link copy-link\" data-copy=\"https:\/\/hoyre.no\/eidfjord\/valprogram-2023-2027\/\" target=\"_blank\"><span class=\"screen-reader-text\">Del link<\/span><\/a>\n\t\t<a class=\"share-button share-twitter\" href=\"http:\/\/twitter.com\/share?text=Valprogram 2023-2027&#038;url=https:\/\/hoyre.no\/eidfjord\/valprogram-2023-2027\/&#038;hashtags=Hoyre\" target=\"_blank\"><span class=\"screen-reader-text\">Del p\u00e5 twitter<\/span><\/a>\n\t\t<a class=\"share-button share-facebook\" href=\"https:\/\/www.facebook.com\/sharer\/sharer.php?u=https:\/\/hoyre.no\/eidfjord\/valprogram-2023-2027\/\" target=\"_blank\"><span class=\"screen-reader-text\">Del p\u00e5 facebook<\/span><\/a>\n\t<\/div>\n\t\t\t\t\t<\/div>\n\t\t\t<\/div>\n\n\t\t\t<figure class=\"hoyre-image-wrapper\"><div class=\"hoyre-image\"><img loading=\"lazy\" decoding=\"async\" width=\"1200\" height=\"800\" src=\"https:\/\/hoyre.no\/content\/uploads\/sites\/340\/2023\/07\/Eidfjord-cruiseskip.jpeg\" class=\"attachment-scaled size-scaled\" alt=\"\" style=\"object-position: 39% 44%\" srcset=\"https:\/\/hoyre.no\/content\/uploads\/sites\/340\/2023\/07\/Eidfjord-cruiseskip.jpeg 1200w, https:\/\/hoyre.no\/content\/uploads\/sites\/340\/2023\/07\/Eidfjord-cruiseskip-300x200.jpeg 300w, https:\/\/hoyre.no\/content\/uploads\/sites\/340\/2023\/07\/Eidfjord-cruiseskip-1024x683.jpeg 1024w, https:\/\/hoyre.no\/content\/uploads\/sites\/340\/2023\/07\/Eidfjord-cruiseskip-768x512.jpeg 768w\" sizes=\"auto, (max-width: 1200px) 100vw, 1200px\" \/><\/div><\/figure><\/div><\/div>\n\n\n\n\n<p>Saman skal me&nbsp;halda fram med&nbsp;\u00e5 utvikla Eidfjord som eigen kommune.&nbsp;Born&nbsp;og unge skal m\u00f8ta den beste skulen og barnehagen, med eit l\u00e6ringsmilj\u00f8 som fremjar meistring og utvikling. Eidfjord kommune skal vera ein JA-kommune som ynskjer nye innbyggjarar som vil busetja seg i bygda velkomne. Ein kommune som heiar p\u00e5 dei som skapar arbeidsplassar og som vil utvikla kommunen vidare. Eidfjord H\u00f8gre vil ha gode lokalsamfunn, velferdstenester, kultur og opplevingar i heile kommunen. Me vil arbeida for utvikling og tilrettelegging for at turistar og innbyggjarar kan finna ei positiv samhandling.<\/p>\n\n\n\n<h3 class=\"wp-block-heading\">Last ned programmet v\u00e5rt her:<\/h3>\n\n\n\n<div class=\"wp-block-teft-file icon-link-block\"><a href=\"https:\/\/hoyre.no\/content\/uploads\/sites\/340\/2023\/07\/Eidfjord-Hogre-program-2023-2027.pdf\" download><span class=\"file-title\">Eidfjord H\u00f8gre valprogram 2023-2027<\/span><span class=\"file-name\"><\/span><\/a><\/div>\n\n\n\n\n<div class=\"wp-block-hoyre-banner alignwide undefined  is-style-blue\"><div class=\"banner-inner\"><figure class=\"hoyre-image-wrapper\"><div class=\"hoyre-image\"><img loading=\"lazy\" decoding=\"async\" width=\"2500\" height=\"1667\" src=\"https:\/\/hoyre.no\/content\/uploads\/sites\/340\/2023\/09\/GettyImages-869128550-scaled.jpg\" class=\"attachment-scaled size-scaled\" alt=\"\" style=\"object-position: 41% 46%\" srcset=\"https:\/\/hoyre.no\/content\/uploads\/sites\/340\/2023\/09\/GettyImages-869128550-scaled.jpg 2500w, https:\/\/hoyre.no\/content\/uploads\/sites\/340\/2023\/09\/GettyImages-869128550-300x200.jpg 300w, https:\/\/hoyre.no\/content\/uploads\/sites\/340\/2023\/09\/GettyImages-869128550-1024x683.jpg 1024w, https:\/\/hoyre.no\/content\/uploads\/sites\/340\/2023\/09\/GettyImages-869128550-768x512.jpg 768w, https:\/\/hoyre.no\/content\/uploads\/sites\/340\/2023\/09\/GettyImages-869128550-1536x1024.jpg 1536w, https:\/\/hoyre.no\/content\/uploads\/sites\/340\/2023\/09\/GettyImages-869128550-2048x1365.jpg 2048w\" sizes=\"auto, (max-width: 2500px) 100vw, 2500px\" \/><\/div><\/figure><div class=\"banner-content\"><div class=\"entry-content\">\n<h2 class=\"wp-block-heading\">Vil du ha kortversjonen?<\/h2>\n\n\n\n<p>Her er 5 gode grunnar til \u00e5 r\u00f8yste H\u00f8gre i Eidfjord \ud83d\udc47<\/p>\n\n\n\n<div class=\"wp-block-buttons is-layout-flex wp-block-buttons-is-layout-flex\">\n<div class=\"wp-block-button\"><a class=\"wp-block-button__link\" href=\"https:\/\/hoyre.no\/eidfjord\/5-gode-grunnar\/\">les meir her<\/a><\/div>\n<\/div>\n<\/div><\/div><\/div><\/div>\n","protected":false},"excerpt":{"rendered":"","protected":false},"author":29319,"featured_media":0,"parent":0,"menu_order":0,"comment_status":"closed","ping_status":"closed","template":"","meta":{"teft_cards_image_url":"","teft_cards_custom_pretitle":"","teft_cards_image_id":0,"teft_cards_image_focal_point_x":0,"teft_cards_image_focal_point_y":0,"teft_cards_title":"","teft_cards_excerpt":"","teft_show_chapters":false,"footnotes":""},"class_list":["post-36","page","type-page","status-publish","hentry"],"yoast_head":"<!-- This site is optimized with the Yoast SEO plugin v26.6 - https:\/\/yoast.com\/wordpress\/plugins\/seo\/ -->\n<title>Valprogram 2023-2027 - Eidfjord H\u00f8gre<\/title>\n<meta name=\"robots\" content=\"index, follow, max-snippet:-1, max-image-preview:large, max-video-preview:-1\" \/>\n<link rel=\"canonical\" href=\"https:\/\/hoyre.no\/eidfjord\/valprogram-2023-2027\/\" \/>\n<meta property=\"og:locale\" content=\"nn_NO\" \/>\n<meta property=\"og:type\" content=\"article\" \/>\n<meta property=\"og:title\" content=\"Valprogram 2023-2027 - Eidfjord H\u00f8gre\" \/>\n<meta property=\"og:url\" content=\"https:\/\/hoyre.no\/eidfjord\/valprogram-2023-2027\/\" \/>\n<meta property=\"og:site_name\" content=\"Eidfjord H\u00f8gre\" \/>\n<meta property=\"article:modified_time\" content=\"2023-09-02T18:32:09+00:00\" \/>\n<meta property=\"og:image\" content=\"https:\/\/hoyre.no\/content\/uploads\/sites\/340\/2022\/11\/Hoyres-logo.png\" \/>\n\t<meta property=\"og:image:width\" content=\"1000\" \/>\n\t<meta property=\"og:image:height\" content=\"1000\" \/>\n\t<meta property=\"og:image:type\" content=\"image\/png\" \/>\n<meta name=\"twitter:card\" content=\"summary_large_image\" \/>\n<meta name=\"twitter:label1\" content=\"Est. reading time\" \/>\n\t<meta name=\"twitter:data1\" content=\"1 minutt\" \/>\n<script type=\"application\/ld+json\" class=\"yoast-schema-graph\">{\"@context\":\"https:\/\/schema.org\",\"@graph\":[{\"@type\":\"WebPage\",\"@id\":\"https:\/\/hoyre.no\/eidfjord\/valprogram-2023-2027\/\",\"url\":\"https:\/\/hoyre.no\/eidfjord\/valprogram-2023-2027\/\",\"name\":\"Valprogram 2023-2027 - Eidfjord H\u00f8gre\",\"isPartOf\":{\"@id\":\"https:\/\/hoyre.no\/eidfjord\/#website\"},\"datePublished\":\"2023-07-14T14:46:02+00:00\",\"dateModified\":\"2023-09-02T18:32:09+00:00\",\"breadcrumb\":{\"@id\":\"https:\/\/hoyre.no\/eidfjord\/valprogram-2023-2027\/#breadcrumb\"},\"inLanguage\":\"nn-NO\",\"potentialAction\":[{\"@type\":\"ReadAction\",\"target\":[\"https:\/\/hoyre.no\/eidfjord\/valprogram-2023-2027\/\"]}]},{\"@type\":\"BreadcrumbList\",\"@id\":\"https:\/\/hoyre.no\/eidfjord\/valprogram-2023-2027\/#breadcrumb\",\"itemListElement\":[{\"@type\":\"ListItem\",\"position\":1,\"name\":\"Til hoyre.no\",\"item\":\"https:\/\/hoyre.no\"},{\"@type\":\"ListItem\",\"position\":2,\"name\":\"Hjem\",\"item\":\"https:\/\/hoyre.no\/eidfjord\/\"},{\"@type\":\"ListItem\",\"position\":3,\"name\":\"Valprogram 2023-2027\"}]},{\"@type\":\"WebSite\",\"@id\":\"https:\/\/hoyre.no\/eidfjord\/#website\",\"url\":\"https:\/\/hoyre.no\/eidfjord\/\",\"name\":\"Eidfjord H\u00f8gre\",\"description\":\"Bare enda et H\u00f8yres nettsteder-nettsted\",\"inLanguage\":\"nn-NO\"}]}<\/script>\n<!-- \/ Yoast SEO plugin. -->","yoast_head_json":{"title":"Valprogram 2023-2027 - Eidfjord H\u00f8gre","robots":{"index":"index","follow":"follow","max-snippet":"max-snippet:-1","max-image-preview":"max-image-preview:large","max-video-preview":"max-video-preview:-1"},"canonical":"https:\/\/hoyre.no\/eidfjord\/valprogram-2023-2027\/","og_locale":"nn_NO","og_type":"article","og_title":"Valprogram 2023-2027 - Eidfjord H\u00f8gre","og_url":"https:\/\/hoyre.no\/eidfjord\/valprogram-2023-2027\/","og_site_name":"Eidfjord H\u00f8gre","article_modified_time":"2023-09-02T18:32:09+00:00","og_image":[{"width":1000,"height":1000,"url":"https:\/\/hoyre.no\/content\/uploads\/sites\/340\/2022\/11\/Hoyres-logo.png","type":"image\/png"}],"twitter_card":"summary_large_image","twitter_misc":{"Est. reading time":"1 minutt"},"schema":{"@context":"https:\/\/schema.org","@graph":[{"@type":"WebPage","@id":"https:\/\/hoyre.no\/eidfjord\/valprogram-2023-2027\/","url":"https:\/\/hoyre.no\/eidfjord\/valprogram-2023-2027\/","name":"Valprogram 2023-2027 - Eidfjord H\u00f8gre","isPartOf":{"@id":"https:\/\/hoyre.no\/eidfjord\/#website"},"datePublished":"2023-07-14T14:46:02+00:00","dateModified":"2023-09-02T18:32:09+00:00","breadcrumb":{"@id":"https:\/\/hoyre.no\/eidfjord\/valprogram-2023-2027\/#breadcrumb"},"inLanguage":"nn-NO","potentialAction":[{"@type":"ReadAction","target":["https:\/\/hoyre.no\/eidfjord\/valprogram-2023-2027\/"]}]},{"@type":"BreadcrumbList","@id":"https:\/\/hoyre.no\/eidfjord\/valprogram-2023-2027\/#breadcrumb","itemListElement":[{"@type":"ListItem","position":1,"name":"Til hoyre.no","item":"https:\/\/hoyre.no"},{"@type":"ListItem","position":2,"name":"Hjem","item":"https:\/\/hoyre.no\/eidfjord\/"},{"@type":"ListItem","position":3,"name":"Valprogram 2023-2027"}]},{"@type":"WebSite","@id":"https:\/\/hoyre.no\/eidfjord\/#website","url":"https:\/\/hoyre.no\/eidfjord\/","name":"Eidfjord H\u00f8gre","description":"Bare enda et H\u00f8yres nettsteder-nettsted","inLanguage":"nn-NO"}]}},"distributor_meta":false,"distributor_terms":false,"distributor_media":false,"distributor_original_site_name":"Eidfjord H\u00f8gre","distributor_original_site_url":"https:\/\/hoyre.no\/eidfjord","push-errors":false,"_links":{"self":[{"href":"https:\/\/hoyre.no\/eidfjord\/wp-json\/wp\/v2\/pages\/36","targetHints":{"allow":["GET"]}}],"collection":[{"href":"https:\/\/hoyre.no\/eidfjord\/wp-json\/wp\/v2\/pages"}],"about":[{"href":"https:\/\/hoyre.no\/eidfjord\/wp-json\/wp\/v2\/types\/page"}],"author":[{"embeddable":true,"href":"https:\/\/hoyre.no\/eidfjord\/wp-json\/wp\/v2\/users\/29319"}],"replies":[{"embeddable":true,"href":"https:\/\/hoyre.no\/eidfjord\/wp-json\/wp\/v2\/comments?post=36"}],"version-history":[{"count":7,"href":"https:\/\/hoyre.no\/eidfjord\/wp-json\/wp\/v2\/pages\/36\/revisions"}],"predecessor-version":[{"id":70,"href":"https:\/\/hoyre.no\/eidfjord\/wp-json\/wp\/v2\/pages\/36\/revisions\/70"}],"wp:attachment":[{"href":"https:\/\/hoyre.no\/eidfjord\/wp-json\/wp\/v2\/media?parent=36"}],"curies":[{"name":"wp","href":"https:\/\/api.w.org\/{rel}","templated":true}]}}