{"id":64,"date":"2023-09-02T20:30:07","date_gmt":"2023-09-02T18:30:07","guid":{"rendered":"https:\/\/hoyre.no\/eidfjord\/?page_id=64"},"modified":"2025-02-18T15:55:00","modified_gmt":"2025-02-18T14:55:00","slug":"5-gode-grunnar","status":"publish","type":"page","link":"https:\/\/hoyre.no\/eidfjord\/5-gode-grunnar\/","title":{"rendered":"5 gode grunnar"},"content":{"rendered":"\n<div class=\"wp-block-hoyre-hero with-image-gradient text-color-light  has-media alignfull has-background\"><div class=\"hoyre-hero has-image\"><h1 class=\"title\">5 gode grunnar til \u00e5 r\u00f8yste H\u00f8gre i Eidfjord<\/h1><figure class=\"hoyre-image-wrapper\"><div class=\"hoyre-image\"><img loading=\"lazy\" decoding=\"async\" width=\"454\" height=\"302\" src=\"https:\/\/hoyre.no\/content\/uploads\/sites\/340\/2023\/07\/Eidfjord-solnedgang.jpg\" class=\"attachment-scaled size-scaled\" alt=\"\" style=\"object-position: 27% 42%\" srcset=\"https:\/\/hoyre.no\/content\/uploads\/sites\/340\/2023\/07\/Eidfjord-solnedgang.jpg 454w, https:\/\/hoyre.no\/content\/uploads\/sites\/340\/2023\/07\/Eidfjord-solnedgang-300x200.jpg 300w\" sizes=\"auto, (max-width: 454px) 100vw, 454px\" \/><\/div><\/figure><\/div><\/div>\n\n\n\n\n\t\t<div class=\"has-lightest-blue-background-color is-layout-left alignwide alignwide wp-block-hoyre-media-text\">\n\t\t\t<div class=\"hoyre-media-text__media\">\n\t\t\t\t<img loading=\"lazy\" decoding=\"async\" width=\"560\" height=\"1024\" src=\"https:\/\/hoyre.no\/content\/uploads\/sites\/340\/2023\/07\/Eidfjord-skole-560x1024.jpeg\" class=\"hoyre-media-text__media-image\" alt=\"\" style=\"--focal: 50% 23%;\" srcset=\"https:\/\/hoyre.no\/content\/uploads\/sites\/340\/2023\/07\/Eidfjord-skole-560x1024.jpeg 560w, https:\/\/hoyre.no\/content\/uploads\/sites\/340\/2023\/07\/Eidfjord-skole-164x300.jpeg 164w, https:\/\/hoyre.no\/content\/uploads\/sites\/340\/2023\/07\/Eidfjord-skole.jpeg 700w\" sizes=\"auto, (max-width: 560px) 100vw, 560px\" \/>\n\t\t\t<\/div>\n\t\t\t<div class=\"hoyre-media-text__content\">\n\t\t\t\t<div class=\"hoyre-media-text__content-inner\">\n\t\t\t\t\t\n\t\t\t<div class=\"hoyre-media-text__title-container\">\n\t\t\t\t\n\t\t\t\t<h2 class=\"hoyre-media-text__title\">1. Ein trygg og god oppvekst for borna<\/h2>\n\t\t\t<\/div>\n\t\t\t\n\t\t\t\t\t<div class=\"hoyre-media-text__blocks\">\n<p>Me vil prioritera ekstra innsats innan grunnleggande ferdigheiter, slik at alle skal kunne lesa, skriva og rekna n\u00e5r dei g\u00e5r ut av skulen. Me vil styrka PP-tenesta, r\u00e5dgjevings- og skulehelsetenesta, og skulen skal f\u00e5 mobbeombod\/milj\u00f8arbeidar for \u00e5 ta vare p\u00e5 det sosiale milj\u00f8et p\u00e5 skulen. Me vil \u00f2g syte for realisering av nytt skulebygg.<\/p>\n<\/div>\n\t\t\t\t\t\n\t\t\t\t<\/div>\n\t\t\t<\/div>\n\t\t<\/div>\n\t\t\n\n\n\n\t\t<div class=\"has-pale-blue-background-color is-layout-right alignwide alignwide wp-block-hoyre-media-text\">\n\t\t\t<div class=\"hoyre-media-text__media\">\n\t\t\t\t<img loading=\"lazy\" decoding=\"async\" width=\"1024\" height=\"552\" src=\"https:\/\/hoyre.no\/content\/uploads\/sites\/340\/2023\/09\/GettyImages-673304934-1024x552.jpg\" class=\"hoyre-media-text__media-image\" alt=\"\" style=\"--focal: 37% 41%;\" srcset=\"https:\/\/hoyre.no\/content\/uploads\/sites\/340\/2023\/09\/GettyImages-673304934-1024x552.jpg 1024w, https:\/\/hoyre.no\/content\/uploads\/sites\/340\/2023\/09\/GettyImages-673304934-300x162.jpg 300w, https:\/\/hoyre.no\/content\/uploads\/sites\/340\/2023\/09\/GettyImages-673304934-768x414.jpg 768w, https:\/\/hoyre.no\/content\/uploads\/sites\/340\/2023\/09\/GettyImages-673304934-1536x828.jpg 1536w, https:\/\/hoyre.no\/content\/uploads\/sites\/340\/2023\/09\/GettyImages-673304934-2048x1103.jpg 2048w\" sizes=\"auto, (max-width: 1024px) 100vw, 1024px\" \/>\n\t\t\t<\/div>\n\t\t\t<div class=\"hoyre-media-text__content\">\n\t\t\t\t<div class=\"hoyre-media-text__content-inner\">\n\t\t\t\t\t\n\t\t\t<div class=\"hoyre-media-text__title-container\">\n\t\t\t\t\n\t\t\t\t<h2 class=\"hoyre-media-text__title\">2. Gode helsetenester til alle<\/h2>\n\t\t\t<\/div>\n\t\t\t\n\t\t\t\t\t<div class=\"hoyre-media-text__blocks\">\n<p>Kvaliteten p\u00e5 tenesta kjem alltid fyrst. Me vil at du skal m\u00f8ta eit tilbod som gjev deg det du treng n\u00e5r du treng det &#8211; anten det gjeld fastlege, legevakt, vald, brukarstyrt assistanse, rus eller psykiatri. Me vil \u00f2g oppretthalda eigen bemanna ambulansestasjon lokalt i kommunen.<\/p>\n<\/div>\n\t\t\t\t\t\n\t\t\t\t<\/div>\n\t\t\t<\/div>\n\t\t<\/div>\n\t\t\n\n\n\t\t<div class=\"has-pale-purple-background-color is-layout-left alignwide alignwide wp-block-hoyre-media-text\">\n\t\t\t<div class=\"hoyre-media-text__media\">\n\t\t\t\t<img loading=\"lazy\" decoding=\"async\" width=\"1024\" height=\"683\" src=\"https:\/\/hoyre.no\/content\/uploads\/sites\/340\/2023\/09\/GettyImages-869128550-1024x683.jpg\" class=\"hoyre-media-text__media-image\" alt=\"\" style=\"--focal: 50% 50%;\" srcset=\"https:\/\/hoyre.no\/content\/uploads\/sites\/340\/2023\/09\/GettyImages-869128550-1024x683.jpg 1024w, https:\/\/hoyre.no\/content\/uploads\/sites\/340\/2023\/09\/GettyImages-869128550-300x200.jpg 300w, https:\/\/hoyre.no\/content\/uploads\/sites\/340\/2023\/09\/GettyImages-869128550-768x512.jpg 768w, https:\/\/hoyre.no\/content\/uploads\/sites\/340\/2023\/09\/GettyImages-869128550-1536x1024.jpg 1536w, https:\/\/hoyre.no\/content\/uploads\/sites\/340\/2023\/09\/GettyImages-869128550-2048x1365.jpg 2048w\" sizes=\"auto, (max-width: 1024px) 100vw, 1024px\" \/>\n\t\t\t<\/div>\n\t\t\t<div class=\"hoyre-media-text__content\">\n\t\t\t\t<div class=\"hoyre-media-text__content-inner\">\n\t\t\t\t\t\n\t\t\t<div class=\"hoyre-media-text__title-container\">\n\t\t\t\t\n\t\t\t\t<h2 class=\"hoyre-media-text__title\">3. Det skal vera godt \u00e5 verta eldre i Eidfjord<\/h2>\n\t\t\t<\/div>\n\t\t\t\n\t\t\t\t\t<div class=\"hoyre-media-text__blocks\">\n<p>Me vil <span style=\"font-size: revert;, sans-serif;letter-spacing: 0.02em\">styrka heimetenesta slik at det vert trygt \u00e5 bu heima s\u00e5 lenge som mogleg<\/span>, oppretthalda aktivitetssenter for dei eldre i kommunen, og ansette ein eldrekoordinator i kommunen. Me m\u00e5 rekruttera folk og tilpassa turnusane slik at dei passar dei tilsette sine ulike livsfasar.<\/p>\n<\/div>\n\t\t\t\t\t\n\t\t\t\t<\/div>\n\t\t\t<\/div>\n\t\t<\/div>\n\t\t\n\n\n\t\t<div class=\"has-pale-blue-background-color is-layout-right alignwide alignwide wp-block-hoyre-media-text\">\n\t\t\t<div class=\"hoyre-media-text__media\">\n\t\t\t\t<img loading=\"lazy\" decoding=\"async\" width=\"1024\" height=\"492\" src=\"https:\/\/hoyre.no\/content\/uploads\/sites\/340\/2023\/07\/Eidfjord-sentrum-1024x492.jpeg\" class=\"hoyre-media-text__media-image\" alt=\"\" style=\"--focal: 42% 70%;\" srcset=\"https:\/\/hoyre.no\/content\/uploads\/sites\/340\/2023\/07\/Eidfjord-sentrum-1024x492.jpeg 1024w, https:\/\/hoyre.no\/content\/uploads\/sites\/340\/2023\/07\/Eidfjord-sentrum-300x144.jpeg 300w, https:\/\/hoyre.no\/content\/uploads\/sites\/340\/2023\/07\/Eidfjord-sentrum-768x369.jpeg 768w, https:\/\/hoyre.no\/content\/uploads\/sites\/340\/2023\/07\/Eidfjord-sentrum.jpeg 1200w\" sizes=\"auto, (max-width: 1024px) 100vw, 1024px\" \/>\n\t\t\t<\/div>\n\t\t\t<div class=\"hoyre-media-text__content\">\n\t\t\t\t<div class=\"hoyre-media-text__content-inner\">\n\t\t\t\t\t\n\t\t\t<div class=\"hoyre-media-text__title-container\">\n\t\t\t\t\n\t\t\t\t<h2 class=\"hoyre-media-text__title\">4. Me skal vere p\u00e5\u00a0lag med jobbskaparane<\/h2>\n\t\t\t<\/div>\n\t\t\t\n\t\t\t\t\t<div class=\"hoyre-media-text__blocks\">\n<p>K<span style=\"font-size: revert;, sans-serif;letter-spacing: 0.02em\">ommunen skal legga til rette for framleis vekst og investering i<\/span> n\u00e6ringslivet, ved \u00e5 gje dei gode rammevilk\u00e5r. Me vil ikkje ha eigedomsskatt p\u00e5 bustad og fritidseigedom, vidaref\u00f8ra eksisterande straumst\u00f8tte til n\u00e6ringslivet, sakshandsamingstida m\u00e5 ned, og me vil se til at me til ei kvar tid har ledig n\u00e6ringsareal i heile kommunen.<\/p>\n<\/div>\n\t\t\t\t\t\n\t\t\t\t<\/div>\n\t\t\t<\/div>\n\t\t<\/div>\n\t\t\n\n\n\t\t<div class=\"has-pale-green-background-color is-layout-left alignwide alignwide wp-block-hoyre-media-text\">\n\t\t\t<div class=\"hoyre-media-text__media\">\n\t\t\t\t<img loading=\"lazy\" decoding=\"async\" width=\"576\" height=\"1024\" src=\"https:\/\/hoyre.no\/content\/uploads\/sites\/340\/2023\/07\/Eidfjord-voringsfoss-576x1024.jpeg\" class=\"hoyre-media-text__media-image\" alt=\"\" style=\"--focal: 49% 43%;\" srcset=\"https:\/\/hoyre.no\/content\/uploads\/sites\/340\/2023\/07\/Eidfjord-voringsfoss-576x1024.jpeg 576w, https:\/\/hoyre.no\/content\/uploads\/sites\/340\/2023\/07\/Eidfjord-voringsfoss-169x300.jpeg 169w, https:\/\/hoyre.no\/content\/uploads\/sites\/340\/2023\/07\/Eidfjord-voringsfoss.jpeg 750w\" sizes=\"auto, (max-width: 576px) 100vw, 576px\" \/>\n\t\t\t<\/div>\n\t\t\t<div class=\"hoyre-media-text__content\">\n\t\t\t\t<div class=\"hoyre-media-text__content-inner\">\n\t\t\t\t\t\n\t\t\t<div class=\"hoyre-media-text__title-container\">\n\t\t\t\t\n\t\t\t\t<h2 class=\"hoyre-media-text__title\">5. Eidfjord skal v\u00e6re ein attraktiv kommune<\/h2>\n\t\t\t<\/div>\n\t\t\t\n\t\t\t\t\t<div class=\"hoyre-media-text__blocks\">\n<p>H\u00f8gre vil gjera Eidfjord kommune attraktiv gjennom trivsel og gode n\u00e6rmilj\u00f8. H\u00f8gre ynskjer ei dynamisk utvikling og ei levande bygd med m\u00f8teplassar for aktivitet og rekreasjon.<\/p>\n<\/div>\n\t\t\t\t\t\n\t\t\t\t<\/div>\n\t\t\t<\/div>\n\t\t<\/div>\n\t\t\n\n\n<div class=\"wp-block-hoyre-banner alignwide undefined  is-style-dark\"><div class=\"banner-inner\"><figure class=\"hoyre-image-wrapper\"><div class=\"hoyre-image\"><img loading=\"lazy\" decoding=\"async\" width=\"1920\" height=\"1280\" src=\"https:\/\/hoyre.no\/content\/uploads\/sites\/340\/2023\/07\/thumbnail_Anne_Lise_Bleie_foto_Agathe_Steen_1-9.jpeg\" class=\"attachment-scaled size-scaled\" alt=\"\" style=\"object-position: 50% 50%\" srcset=\"https:\/\/hoyre.no\/content\/uploads\/sites\/340\/2023\/07\/thumbnail_Anne_Lise_Bleie_foto_Agathe_Steen_1-9.jpeg 1920w, https:\/\/hoyre.no\/content\/uploads\/sites\/340\/2023\/07\/thumbnail_Anne_Lise_Bleie_foto_Agathe_Steen_1-9-300x200.jpeg 300w, https:\/\/hoyre.no\/content\/uploads\/sites\/340\/2023\/07\/thumbnail_Anne_Lise_Bleie_foto_Agathe_Steen_1-9-1024x683.jpeg 1024w, https:\/\/hoyre.no\/content\/uploads\/sites\/340\/2023\/07\/thumbnail_Anne_Lise_Bleie_foto_Agathe_Steen_1-9-768x512.jpeg 768w, https:\/\/hoyre.no\/content\/uploads\/sites\/340\/2023\/07\/thumbnail_Anne_Lise_Bleie_foto_Agathe_Steen_1-9-1536x1024.jpeg 1536w\" sizes=\"auto, (max-width: 1920px) 100vw, 1920px\" \/><\/div><\/figure><div class=\"banner-content\"><div class=\"entry-content\">\n<h2 class=\"wp-block-heading\">Vil du vite meir?<\/h2>\n\n\n\n<p>Les heile v\u00e5rt valprogram her \ud83d\udc47<\/p>\n\n\n\n<div class=\"wp-block-buttons is-layout-flex wp-block-buttons-is-layout-flex\">\n<div class=\"wp-block-button\"><a class=\"wp-block-button__link\" href=\"https:\/\/hoyre.no\/eidfjord\/valprogram-2023-2027\/\">les meir her<\/a><\/div>\n<\/div>\n<\/div><\/div><\/div><\/div>\n","protected":false},"excerpt":{"rendered":"","protected":false},"author":29319,"featured_media":0,"parent":0,"menu_order":0,"comment_status":"closed","ping_status":"closed","template":"","meta":{"teft_cards_image_url":"","teft_cards_custom_pretitle":"","teft_cards_image_id":0,"teft_cards_image_focal_point_x":0,"teft_cards_image_focal_point_y":0,"teft_cards_title":"","teft_cards_excerpt":"","teft_show_chapters":false,"footnotes":""},"class_list":["post-64","page","type-page","status-publish","hentry"],"yoast_head":"<!-- This site is optimized with the Yoast SEO plugin v26.6 - https:\/\/yoast.com\/wordpress\/plugins\/seo\/ -->\n<title>5 gode grunnar - Eidfjord H\u00f8gre<\/title>\n<meta name=\"description\" content=\"5 gode grunnar til \u00e5 r\u00f8yste H\u00f8gre om du bur i Eidfjord.\" \/>\n<meta name=\"robots\" content=\"index, follow, max-snippet:-1, max-image-preview:large, max-video-preview:-1\" \/>\n<link rel=\"canonical\" href=\"https:\/\/hoyre.no\/eidfjord\/5-gode-grunnar\/\" \/>\n<meta property=\"og:locale\" content=\"nn_NO\" \/>\n<meta property=\"og:type\" content=\"article\" \/>\n<meta property=\"og:title\" content=\"5 gode grunnar - Eidfjord H\u00f8gre\" \/>\n<meta property=\"og:description\" content=\"5 gode grunnar til \u00e5 r\u00f8yste H\u00f8gre om du bur i Eidfjord.\" \/>\n<meta property=\"og:url\" content=\"https:\/\/hoyre.no\/eidfjord\/5-gode-grunnar\/\" \/>\n<meta property=\"og:site_name\" content=\"Eidfjord H\u00f8gre\" \/>\n<meta property=\"article:modified_time\" content=\"2025-02-18T14:55:00+00:00\" \/>\n<meta property=\"og:image\" content=\"https:\/\/hoyre.no\/content\/uploads\/sites\/340\/2022\/11\/Hoyres-logo.png\" \/>\n\t<meta property=\"og:image:width\" content=\"1000\" \/>\n\t<meta property=\"og:image:height\" content=\"1000\" \/>\n\t<meta property=\"og:image:type\" content=\"image\/png\" \/>\n<meta name=\"twitter:card\" content=\"summary_large_image\" \/>\n<meta name=\"twitter:label1\" content=\"Est. reading time\" \/>\n\t<meta name=\"twitter:data1\" content=\"2 minutt\" \/>\n<script type=\"application\/ld+json\" class=\"yoast-schema-graph\">{\"@context\":\"https:\/\/schema.org\",\"@graph\":[{\"@type\":\"WebPage\",\"@id\":\"https:\/\/hoyre.no\/eidfjord\/5-gode-grunnar\/\",\"url\":\"https:\/\/hoyre.no\/eidfjord\/5-gode-grunnar\/\",\"name\":\"5 gode grunnar - Eidfjord H\u00f8gre\",\"isPartOf\":{\"@id\":\"https:\/\/hoyre.no\/eidfjord\/#website\"},\"datePublished\":\"2023-09-02T18:30:07+00:00\",\"dateModified\":\"2025-02-18T14:55:00+00:00\",\"description\":\"5 gode grunnar til \u00e5 r\u00f8yste H\u00f8gre om du bur i Eidfjord.\",\"breadcrumb\":{\"@id\":\"https:\/\/hoyre.no\/eidfjord\/5-gode-grunnar\/#breadcrumb\"},\"inLanguage\":\"nn-NO\",\"potentialAction\":[{\"@type\":\"ReadAction\",\"target\":[\"https:\/\/hoyre.no\/eidfjord\/5-gode-grunnar\/\"]}]},{\"@type\":\"BreadcrumbList\",\"@id\":\"https:\/\/hoyre.no\/eidfjord\/5-gode-grunnar\/#breadcrumb\",\"itemListElement\":[{\"@type\":\"ListItem\",\"position\":1,\"name\":\"Til hoyre.no\",\"item\":\"https:\/\/hoyre.no\"},{\"@type\":\"ListItem\",\"position\":2,\"name\":\"Hjem\",\"item\":\"https:\/\/hoyre.no\/eidfjord\/\"},{\"@type\":\"ListItem\",\"position\":3,\"name\":\"5 gode grunnar\"}]},{\"@type\":\"WebSite\",\"@id\":\"https:\/\/hoyre.no\/eidfjord\/#website\",\"url\":\"https:\/\/hoyre.no\/eidfjord\/\",\"name\":\"Eidfjord H\u00f8gre\",\"description\":\"Bare enda et H\u00f8yres nettsteder-nettsted\",\"inLanguage\":\"nn-NO\"}]}<\/script>\n<!-- \/ Yoast SEO plugin. -->","yoast_head_json":{"title":"5 gode grunnar - Eidfjord H\u00f8gre","description":"5 gode grunnar til \u00e5 r\u00f8yste H\u00f8gre om du bur i Eidfjord.","robots":{"index":"index","follow":"follow","max-snippet":"max-snippet:-1","max-image-preview":"max-image-preview:large","max-video-preview":"max-video-preview:-1"},"canonical":"https:\/\/hoyre.no\/eidfjord\/5-gode-grunnar\/","og_locale":"nn_NO","og_type":"article","og_title":"5 gode grunnar - Eidfjord H\u00f8gre","og_description":"5 gode grunnar til \u00e5 r\u00f8yste H\u00f8gre om du bur i Eidfjord.","og_url":"https:\/\/hoyre.no\/eidfjord\/5-gode-grunnar\/","og_site_name":"Eidfjord H\u00f8gre","article_modified_time":"2025-02-18T14:55:00+00:00","og_image":[{"width":1000,"height":1000,"url":"https:\/\/hoyre.no\/content\/uploads\/sites\/340\/2022\/11\/Hoyres-logo.png","type":"image\/png"}],"twitter_card":"summary_large_image","twitter_misc":{"Est. reading time":"2 minutt"},"schema":{"@context":"https:\/\/schema.org","@graph":[{"@type":"WebPage","@id":"https:\/\/hoyre.no\/eidfjord\/5-gode-grunnar\/","url":"https:\/\/hoyre.no\/eidfjord\/5-gode-grunnar\/","name":"5 gode grunnar - Eidfjord H\u00f8gre","isPartOf":{"@id":"https:\/\/hoyre.no\/eidfjord\/#website"},"datePublished":"2023-09-02T18:30:07+00:00","dateModified":"2025-02-18T14:55:00+00:00","description":"5 gode grunnar til \u00e5 r\u00f8yste H\u00f8gre om du bur i Eidfjord.","breadcrumb":{"@id":"https:\/\/hoyre.no\/eidfjord\/5-gode-grunnar\/#breadcrumb"},"inLanguage":"nn-NO","potentialAction":[{"@type":"ReadAction","target":["https:\/\/hoyre.no\/eidfjord\/5-gode-grunnar\/"]}]},{"@type":"BreadcrumbList","@id":"https:\/\/hoyre.no\/eidfjord\/5-gode-grunnar\/#breadcrumb","itemListElement":[{"@type":"ListItem","position":1,"name":"Til hoyre.no","item":"https:\/\/hoyre.no"},{"@type":"ListItem","position":2,"name":"Hjem","item":"https:\/\/hoyre.no\/eidfjord\/"},{"@type":"ListItem","position":3,"name":"5 gode grunnar"}]},{"@type":"WebSite","@id":"https:\/\/hoyre.no\/eidfjord\/#website","url":"https:\/\/hoyre.no\/eidfjord\/","name":"Eidfjord H\u00f8gre","description":"Bare enda et H\u00f8yres nettsteder-nettsted","inLanguage":"nn-NO"}]}},"distributor_meta":false,"distributor_terms":false,"distributor_media":false,"distributor_original_site_name":"Eidfjord H\u00f8gre","distributor_original_site_url":"https:\/\/hoyre.no\/eidfjord","push-errors":false,"_links":{"self":[{"href":"https:\/\/hoyre.no\/eidfjord\/wp-json\/wp\/v2\/pages\/64","targetHints":{"allow":["GET"]}}],"collection":[{"href":"https:\/\/hoyre.no\/eidfjord\/wp-json\/wp\/v2\/pages"}],"about":[{"href":"https:\/\/hoyre.no\/eidfjord\/wp-json\/wp\/v2\/types\/page"}],"author":[{"embeddable":true,"href":"https:\/\/hoyre.no\/eidfjord\/wp-json\/wp\/v2\/users\/29319"}],"replies":[{"embeddable":true,"href":"https:\/\/hoyre.no\/eidfjord\/wp-json\/wp\/v2\/comments?post=64"}],"version-history":[{"count":3,"href":"https:\/\/hoyre.no\/eidfjord\/wp-json\/wp\/v2\/pages\/64\/revisions"}],"predecessor-version":[{"id":74,"href":"https:\/\/hoyre.no\/eidfjord\/wp-json\/wp\/v2\/pages\/64\/revisions\/74"}],"wp:attachment":[{"href":"https:\/\/hoyre.no\/eidfjord\/wp-json\/wp\/v2\/media?parent=64"}],"curies":[{"name":"wp","href":"https:\/\/api.w.org\/{rel}","templated":true}]}}