{"id":58,"date":"2023-04-09T17:30:20","date_gmt":"2023-04-09T15:30:20","guid":{"rendered":"https:\/\/hoyre.no\/eigersund\/?page_id=58"},"modified":"2023-07-30T18:33:17","modified_gmt":"2023-07-30T16:33:17","slug":"8-grunner-til-a-stemme-eigersund-hoyre","status":"publish","type":"page","link":"https:\/\/hoyre.no\/eigersund\/politikk\/8-grunner-til-a-stemme-eigersund-hoyre\/","title":{"rendered":"8 gode grunner til \u00e5 stemme Eigersund H\u00f8yre"},"content":{"rendered":"\n<div class=\"wp-block-hoyre-hero with-image-gradient text-color-light  has-media alignfull has-background\"><div class=\"hoyre-hero has-image\"><h1 class=\"title\">8 gode grunner til \u00e5 stemme Eigersund H\u00f8yre<\/h1><figure class=\"hoyre-image-wrapper\"><div class=\"hoyre-image\"><img loading=\"lazy\" decoding=\"async\" width=\"960\" height=\"1280\" src=\"https:\/\/hoyre.no\/content\/uploads\/sites\/225\/2023\/04\/thumbnail_IMG_6822.jpg\" class=\"attachment-scaled size-scaled\" alt=\"\" style=\"object-position: 27% 47%\" srcset=\"https:\/\/hoyre.no\/content\/uploads\/sites\/225\/2023\/04\/thumbnail_IMG_6822.jpg 960w, https:\/\/hoyre.no\/content\/uploads\/sites\/225\/2023\/04\/thumbnail_IMG_6822-225x300.jpg 225w, https:\/\/hoyre.no\/content\/uploads\/sites\/225\/2023\/04\/thumbnail_IMG_6822-768x1024.jpg 768w\" sizes=\"auto, (max-width: 960px) 100vw, 960px\" \/><\/div><\/figure><\/div><\/div>\n\n\n\n\n\n<h2 class=\"wp-block-heading\"><\/h2>\n\n\n\n<div class=\"wp-block-hoyre-banner alignwide undefined\"><div class=\"banner-inner\"><figure class=\"hoyre-image-wrapper\"><div class=\"hoyre-image\"><img loading=\"lazy\" decoding=\"async\" width=\"892\" height=\"1280\" src=\"https:\/\/hoyre.no\/content\/uploads\/sites\/225\/2023\/04\/Anja-Pa-Varberg-Profilering.jpg\" class=\"attachment-scaled size-scaled\" alt=\"\" style=\"object-position: 3% 66%\" srcset=\"https:\/\/hoyre.no\/content\/uploads\/sites\/225\/2023\/04\/Anja-Pa-Varberg-Profilering.jpg 892w, https:\/\/hoyre.no\/content\/uploads\/sites\/225\/2023\/04\/Anja-Pa-Varberg-Profilering-209x300.jpg 209w, https:\/\/hoyre.no\/content\/uploads\/sites\/225\/2023\/04\/Anja-Pa-Varberg-Profilering-714x1024.jpg 714w, https:\/\/hoyre.no\/content\/uploads\/sites\/225\/2023\/04\/Anja-Pa-Varberg-Profilering-768x1102.jpg 768w\" sizes=\"auto, (max-width: 892px) 100vw, 892px\" \/><\/div><\/figure><div class=\"banner-content\"><div class=\"entry-content\">\n<h2 class=\"wp-block-heading\">Eigersund skal v\u00e6re en JA-kommune med muligheter for alle!<\/h2>\n\n\n\n<p class=\"has-text-align-left\"><strong>H\u00f8yre vil at Eigersund skal v\u00e6re en JA-kommune som spiller p\u00e5 lag med folk, frivillighet og n\u00e6ringsliv. <\/strong><\/p>\n\n\n\n<p class=\"has-text-align-left\"><strong>Eigersund skal v\u00e6re en attraktiv, forutsigbar og god kommune \u00e5 bo, jobbe og leve i og vi \u00f8nsker en kommune som ikke gj\u00f8r ting vanskeligere enn de er. Du skal f\u00e5 bestemme mest mulig over egen hverdag og eget liv. H\u00f8yre skal si JA n\u00e5r vi kan, og nei KUN n\u00e5r vi m\u00e5.<\/strong><\/p>\n\n\n\n<p><\/p>\n\n\n\n<p>Anja Hovland, Ordf\u00f8rerkandidat<\/p>\n\n\n\n<div class=\"wp-block-buttons is-layout-flex wp-block-buttons-is-layout-flex\"><\/div>\n<\/div><\/div><\/div><\/div>\n\n\n\n<div class=\"wp-block-media-text alignwide is-stacked-on-mobile\" style=\"grid-template-columns:47% auto\"><figure class=\"wp-block-media-text__media\"><img loading=\"lazy\" decoding=\"async\" width=\"768\" height=\"1024\" src=\"https:\/\/hoyre.no\/content\/uploads\/sites\/225\/2023\/04\/thumbnail_IMG_7144-1-768x1024.jpg\" alt=\"\" class=\"wp-image-63 size-full\" srcset=\"https:\/\/hoyre.no\/content\/uploads\/sites\/225\/2023\/04\/thumbnail_IMG_7144-1-768x1024.jpg 768w, https:\/\/hoyre.no\/content\/uploads\/sites\/225\/2023\/04\/thumbnail_IMG_7144-1-225x300.jpg 225w, https:\/\/hoyre.no\/content\/uploads\/sites\/225\/2023\/04\/thumbnail_IMG_7144-1.jpg 960w\" sizes=\"auto, (max-width: 768px) 100vw, 768px\" \/><\/figure><div class=\"wp-block-media-text__content\">\n\n<p><\/p>\n\n\n<h2 class=\"wp-block-heading\">1. Eigersund skal v\u00e6re en JA-kommune!<\/h2>\n\n\n<p>Det skal v\u00e6re en god opplevelse \u00e5 ta kontakt med kommunen, og du skal f\u00e5 svar p\u00e5 det du lurer p\u00e5. Eigersund skal v\u00e6re en attraktiv, forutsigbar og god kommune \u00e5 bo, jobbe og leve i og vi \u00f8nsker en kommune som ikke gj\u00f8r ting vanskeligere enn de er. Vi \u00f8nsker at du skal f\u00e5 bestemme mest mulig over egen hverdag og eget liv. Vi skal si JA n\u00e5r vi kan, og nei KUN n\u00e5r vi m\u00e5, og fokuset skal v\u00e6re p\u00e5 hva vi kan gj\u00f8re for deg! <\/p>\n\n<\/div><\/div>\n\n\n\n<div class=\"wp-block-media-text alignwide has-media-on-the-right is-stacked-on-mobile\"><figure class=\"wp-block-media-text__media\"><img loading=\"lazy\" decoding=\"async\" width=\"1024\" height=\"683\" src=\"https:\/\/hoyre.no\/content\/uploads\/sites\/225\/2023\/04\/Aktivitet-1024x683.jpeg\" alt=\"\" class=\"wp-image-61 size-full\" srcset=\"https:\/\/hoyre.no\/content\/uploads\/sites\/225\/2023\/04\/Aktivitet-1024x683.jpeg 1024w, https:\/\/hoyre.no\/content\/uploads\/sites\/225\/2023\/04\/Aktivitet-300x200.jpeg 300w, https:\/\/hoyre.no\/content\/uploads\/sites\/225\/2023\/04\/Aktivitet-768x512.jpeg 768w, https:\/\/hoyre.no\/content\/uploads\/sites\/225\/2023\/04\/Aktivitet-1536x1024.jpeg 1536w, https:\/\/hoyre.no\/content\/uploads\/sites\/225\/2023\/04\/Aktivitet-2048x1365.jpeg 2048w\" sizes=\"auto, (max-width: 1024px) 100vw, 1024px\" \/><\/figure><div class=\"wp-block-media-text__content\">\n\n<h2 class=\"wp-block-heading\">2. Et trygt og inkluderende oppvekstmilj\u00f8<\/h2>\n\n\n<p>Et trygt og inkluderende oppvekstmilj\u00f8 er viktig for at barn og unge skal kjenne seg trygge og oppleve mestring. Vi skal legge til rette for gode m\u00f8teplasser for de unge og gjennom et mangfoldig tilbud av aktiviteter kan vi stimulere til \u00e5 fremme gode relasjoner. Familiens \u00f8konomi skal ikke v\u00e6re til hinder for at barn skal f\u00e5 delta p\u00e5 fritidsaktiviteter og for \u00e5 bidra til inkludering vil vi blant annet gjeninnf\u00f8re fritidskortet s\u00e5nn at barn og unge mellom 6 og 18 \u00e5r f\u00e5r delta p\u00e5 minst en fritidsaktivitet i uka. Vi vil ogs\u00e5 innf\u00f8re gratis adgang i offentlige sv\u00f8mmehaller for elever p\u00e5 1-7 trinn som er i f\u00f8lge med en voksen. <\/p>\n\n<\/div><\/div>\n\n\n\n<div class=\"wp-block-media-text alignwide is-stacked-on-mobile\"><figure class=\"wp-block-media-text__media\"><img loading=\"lazy\" decoding=\"async\" width=\"1024\" height=\"683\" src=\"https:\/\/hoyre.no\/content\/uploads\/sites\/225\/2023\/04\/Aktivitet-2-1024x683.jpeg\" alt=\"\" class=\"wp-image-64 size-full\" srcset=\"https:\/\/hoyre.no\/content\/uploads\/sites\/225\/2023\/04\/Aktivitet-2-1024x683.jpeg 1024w, https:\/\/hoyre.no\/content\/uploads\/sites\/225\/2023\/04\/Aktivitet-2-300x200.jpeg 300w, https:\/\/hoyre.no\/content\/uploads\/sites\/225\/2023\/04\/Aktivitet-2-768x512.jpeg 768w, https:\/\/hoyre.no\/content\/uploads\/sites\/225\/2023\/04\/Aktivitet-2-1536x1024.jpeg 1536w, https:\/\/hoyre.no\/content\/uploads\/sites\/225\/2023\/04\/Aktivitet-2-2048x1365.jpeg 2048w\" sizes=\"auto, (max-width: 1024px) 100vw, 1024px\" \/><\/figure><div class=\"wp-block-media-text__content\">\n\n<h2 class=\"wp-block-heading\">3. En familievennlig barnehagepolitikk<\/h2>\n\n\n<p>H\u00f8yre \u00f8nsker et best mulig familievennlig barnehagetilbud, og at det er st\u00f8rst mulig valgfrihet for den enkelte familie. For H\u00f8yre er det viktig \u00e5 opprettholde et mangfold av barnehager. For oss spiller det ingen rolle om barna g\u00e5r i en kommunal, en ideell eller en privat barnehage s\u00e5 lenge kvaliteten er h\u00f8y, barna trives og foreldrene er forn\u00f8yde.&nbsp;Vi skal sikre at kommunen opprettholder full barnehagedekning og legge til rette for at kommunen endrer praksis til to barnehageopptak i \u00e5ret. Vi skal jobbe m\u00e5lrettet for \u00e5 n\u00e5 pedagognormen i alle kommunens barnehager og sikre at det er nok voksne tilstede i hele barnehagens \u00e5pningstid.<\/p>\n\n<\/div><\/div>\n\n\n\n<div class=\"wp-block-media-text alignwide has-media-on-the-right is-stacked-on-mobile\"><figure class=\"wp-block-media-text__media\"><img loading=\"lazy\" decoding=\"async\" width=\"1024\" height=\"683\" src=\"https:\/\/hoyre.no\/content\/uploads\/sites\/225\/2023\/04\/SKole-1024x683.jpeg\" alt=\"\" class=\"wp-image-65 size-full\" srcset=\"https:\/\/hoyre.no\/content\/uploads\/sites\/225\/2023\/04\/SKole-1024x683.jpeg 1024w, https:\/\/hoyre.no\/content\/uploads\/sites\/225\/2023\/04\/SKole-300x200.jpeg 300w, https:\/\/hoyre.no\/content\/uploads\/sites\/225\/2023\/04\/SKole-768x512.jpeg 768w, https:\/\/hoyre.no\/content\/uploads\/sites\/225\/2023\/04\/SKole-1536x1025.jpeg 1536w, https:\/\/hoyre.no\/content\/uploads\/sites\/225\/2023\/04\/SKole.jpeg 2048w\" sizes=\"auto, (max-width: 1024px) 100vw, 1024px\" \/><\/figure><div class=\"wp-block-media-text__content\">\n\n<h2 class=\"wp-block-heading\">4. Ambisjoner p\u00e5 elevenes vegne<\/h2>\n\n\n<p>Mye er bra i Eigersundskolen, men H\u00f8yre vil satse videre. Vi vil prioritere tidlig innsats, dyktige og kvalifiserte l\u00e6rere, en god skolehelsetjeneste og gode skolebygg. Vi vil at flere l\u00e6rere skal f\u00e5 tilbud om etter- og videreutdanning og vi vil bidra til \u00e5 styrke det faglige fellesskapet p\u00e5 tvers av skolene. Vi skal s\u00f8rge for at elevene har oppdaterte l\u00e6reverk og et godt l\u00e6ringsmilj\u00f8. Hver enkelt elev skal f\u00f8le mestring, og vi skal bygge systemet rundt den enkelte elev, og ikke omvendt. Laget rundt eleven skal styrkes, og vi vil blant annet styrke helsesykepleietjenesten p\u00e5 ungdomsskolene. H\u00f8yre er opptatt av at tidlig innsats skal v\u00e6re et arbeidsprinsipp og ikke et ekstra tiltak.<\/p>\n\n<\/div><\/div>\n\n\n\n<div class=\"wp-block-media-text alignwide is-stacked-on-mobile\"><figure class=\"wp-block-media-text__media\"><img loading=\"lazy\" decoding=\"async\" width=\"847\" height=\"581\" src=\"https:\/\/hoyre.no\/content\/uploads\/sites\/225\/2023\/04\/thumbnail_IMG_7661.jpg\" alt=\"\" class=\"wp-image-66 size-full\" srcset=\"https:\/\/hoyre.no\/content\/uploads\/sites\/225\/2023\/04\/thumbnail_IMG_7661.jpg 847w, https:\/\/hoyre.no\/content\/uploads\/sites\/225\/2023\/04\/thumbnail_IMG_7661-300x206.jpg 300w, https:\/\/hoyre.no\/content\/uploads\/sites\/225\/2023\/04\/thumbnail_IMG_7661-768x527.jpg 768w\" sizes=\"auto, (max-width: 847px) 100vw, 847px\" \/><\/figure><div class=\"wp-block-media-text__content\">\n\n<h2 class=\"wp-block-heading\">5. Det skal v\u00e6re godt \u00e5 bli gammel i Eigersund<\/h2>\n\n\n<p>Innbyggerne i Eigersund skal kunne leve hele livet i et mer aldersvennlig lokalsamfunn. Dagens og morgendagens eldreomsorg m\u00e5 h\u00e5ndtere det som er i ferd m\u00e5 \u00e5 bli en folkesykdom \u2013 demens. Vi vil satse p\u00e5 forebygging i tjenestene, slik at vi i st\u00f8rre grad kan s\u00f8rge for at sykdommen holdes p\u00e5 avstand. Kommunen skal legge til rette for en aktiv alderdom. H\u00f8yre vil jobbe for \u00e5 forebygge ensomhet blant eldre, blant annet ved \u00e5 skape flere gode m\u00f8teplasser. Vi vil legge til rette for nye og flere boformer, ogs\u00e5 sentrumsn\u00e6rt, slik at du enklere kan opps\u00f8ke aktiviteter og m\u00f8te andre mennesker. Digitalt utenforskap m\u00e5 forebygges og reduseres. H\u00f8yre vil sikre at alle som har behov for det skal f\u00e5 tilgang til oppl\u00e6ring og st\u00f8tte i \u00e5 mestre digitale verkt\u00f8y. For Eigersund H\u00f8yre er det viktig at du skal f\u00e5 v\u00e6re sjef i eget liv, hele livet!<\/p>\n\n<\/div><\/div>\n\n\n\n<div class=\"wp-block-media-text alignwide has-media-on-the-right is-stacked-on-mobile\"><figure class=\"wp-block-media-text__media\"><img loading=\"lazy\" decoding=\"async\" width=\"1024\" height=\"683\" src=\"https:\/\/hoyre.no\/content\/uploads\/sites\/225\/2023\/04\/Eldre-2-1024x683.jpeg\" alt=\"\" class=\"wp-image-68 size-full\" srcset=\"https:\/\/hoyre.no\/content\/uploads\/sites\/225\/2023\/04\/Eldre-2-1024x683.jpeg 1024w, https:\/\/hoyre.no\/content\/uploads\/sites\/225\/2023\/04\/Eldre-2-300x200.jpeg 300w, https:\/\/hoyre.no\/content\/uploads\/sites\/225\/2023\/04\/Eldre-2-768x512.jpeg 768w, https:\/\/hoyre.no\/content\/uploads\/sites\/225\/2023\/04\/Eldre-2-1536x1024.jpeg 1536w, https:\/\/hoyre.no\/content\/uploads\/sites\/225\/2023\/04\/Eldre-2-2048x1365.jpeg 2048w\" sizes=\"auto, (max-width: 1024px) 100vw, 1024px\" \/><\/figure><div class=\"wp-block-media-text__content\">\n\n<h2 class=\"wp-block-heading\">6. En helsetjeneste tilpasset den enkeltes behov<\/h2>\n\n\n<p>Vi skal ha \u201dLeve hele livet\u201d reformen og et aldersvennlig samfunn som en grunntanke for utvikling av v\u00e5re helse- og omsorgstjenester. N\u00e5r behovet melder seg skal du m\u00f8te en kompetent helsetjeneste som spiller p\u00e5 lag med deg.  Brukermedvirkning skal st\u00e5 sentralt n\u00e5r tjenester og tilbud utformes, ogs\u00e5 innenfor demensomsorgen. Eigersund H\u00f8yre vil at flest mulig skal kunne f\u00e5 bo hjemme s\u00e5 lenge de kan og \u00f8nsker det, og vi skal fortsette \u00e5 satse p\u00e5 velferdsteknologi. Men, n\u00e5r behovet kommer s\u00e5 skal det v\u00e6re nok held\u00f8gns sykehjems- og omsorgsplasser for de som trenger det. Vi vil jobbe for \u00e5 bygge nye institusjonsplasser i tr\u00e5d med det antall som er beskrevet i kommunens strategiplan. Vi vil stimulere til samarbeid med private utbyggere for \u00e5 sikre en rask utbygging i tr\u00e5d med kommunens behov. <\/p>\n\n<\/div><\/div>\n\n\n\n<div class=\"wp-block-media-text alignwide is-stacked-on-mobile\" style=\"grid-template-columns:45% auto\"><figure class=\"wp-block-media-text__media\"><img loading=\"lazy\" decoding=\"async\" width=\"768\" height=\"1024\" src=\"https:\/\/hoyre.no\/content\/uploads\/sites\/225\/2023\/04\/thumbnail_IMG_5236-1-768x1024.jpg\" alt=\"\" class=\"wp-image-72 size-full\" srcset=\"https:\/\/hoyre.no\/content\/uploads\/sites\/225\/2023\/04\/thumbnail_IMG_5236-1-768x1024.jpg 768w, https:\/\/hoyre.no\/content\/uploads\/sites\/225\/2023\/04\/thumbnail_IMG_5236-1-225x300.jpg 225w, https:\/\/hoyre.no\/content\/uploads\/sites\/225\/2023\/04\/thumbnail_IMG_5236-1.jpg 960w\" sizes=\"auto, (max-width: 768px) 100vw, 768px\" \/><\/figure><div class=\"wp-block-media-text__content\">\n\n<h2 class=\"wp-block-heading\">7. Vi er p\u00e5 lag med de som skaper jobber<\/h2>\n\n\n<p>Eigersund H\u00f8yre vil at kommunen skal oppleves som en fremoverlent kommune som spiller p\u00e5 lag og heier p\u00e5 n\u00e6ringslivet. Gode lokalsamfunn krever sterke bedrifter. Det gir arbeidsplasser og velstand. Eigersund skal v\u00e6re en kommune som legger til rette for n\u00e6ringsutvikling, vi skal s\u00f8rge for at n\u00e6ringslivet har gode og forutsigbare kommunale planer som de kan forholde seg til og vi skal til enhver tid ha ledige n\u00e6ringstomter. Vi skal lytte til de behovene bedriftene har og spille p\u00e5 lag med de som \u00f8nsker \u00e5 satse i Eigersund. Eigersund H\u00f8yre vil prioritere mer effektiv saksbehandling og jobbe for redusert eiendomsskatt og lavest mulig kommunale avgifter. Vi skal arbeide aktivt for at Eigersund fortsatt skal v\u00e6re en av Norges st\u00f8rste fiskerihavner, ved \u00e5 sikre gode rammevilk\u00e5r for fiskerin\u00e6ringen og leverand\u00f8rindustrien. <\/p>\n\n\n<p><\/p>\n\n<\/div><\/div>\n\n\n\n<div class=\"wp-block-media-text alignwide has-media-on-the-right is-stacked-on-mobile\"><figure class=\"wp-block-media-text__media\"><img loading=\"lazy\" decoding=\"async\" width=\"1024\" height=\"768\" src=\"https:\/\/hoyre.no\/content\/uploads\/sites\/225\/2023\/04\/egersund-gc55a2415f_1920-1024x768.jpg\" alt=\"\" class=\"wp-image-73 size-full\" srcset=\"https:\/\/hoyre.no\/content\/uploads\/sites\/225\/2023\/04\/egersund-gc55a2415f_1920-1024x768.jpg 1024w, https:\/\/hoyre.no\/content\/uploads\/sites\/225\/2023\/04\/egersund-gc55a2415f_1920-300x225.jpg 300w, https:\/\/hoyre.no\/content\/uploads\/sites\/225\/2023\/04\/egersund-gc55a2415f_1920-768x576.jpg 768w, https:\/\/hoyre.no\/content\/uploads\/sites\/225\/2023\/04\/egersund-gc55a2415f_1920-1536x1152.jpg 1536w, https:\/\/hoyre.no\/content\/uploads\/sites\/225\/2023\/04\/egersund-gc55a2415f_1920.jpg 1920w\" sizes=\"auto, (max-width: 1024px) 100vw, 1024px\" \/><\/figure><div class=\"wp-block-media-text__content\">\n\n<h2 class=\"wp-block-heading\">8. Du skal ha r\u00e5d til \u00e5 bo i Eigersund &#8211; ogs\u00e5 i vernesonen<\/h2>\n\n\n<p>Eigersund H\u00f8yre skal v\u00e6re en p\u00e5driver for at kommunen til enhver tid skal ha ledige boligtomter, og sammen med n\u00e6ringen planlegge for gode bomilj\u00f8 og en god miks av ulike type boliger. Flere skal f\u00e5 mulighet til \u00e5 eie sin egen bolig gjennom leie til eie. Vi skal aktivt s\u00f8ke \u00e5 redusere eiendomsskatten og holde de kommunale avgiftene lavest mulig. Kommunen skal bli mer effektiv og mer av ressursene skal brukes p\u00e5 tjenester til innbyggerne. M\u00e5let v\u00e5rt er at innbyggerne skal f\u00e5 beholde mer av sine egne penger. Vi skal sikre lys i vinduene i vernesonen ved \u00e5 forenkle s\u00f8knadsprosesser og v\u00e6re en god medspiller og st\u00f8ttende r\u00e5dgiver ved rehabilitering og ombygging. Vern gjennom bruk skal v\u00e6re styrende for den gamle trehusbebyggelsen.<\/p>\n\n\n<p><\/p>\n\n<\/div><\/div>\n\n\n\n<div class=\"wp-block-buttons is-layout-flex wp-block-buttons-is-layout-flex\">\n<div class=\"wp-block-button\"><a class=\"wp-block-button__link\" href=\"https:\/\/hoyre.no\/eigersund\/politikk\/\">Her kan du laste ned Eigersund H\u00f8yres program for 2023-2027<\/a><\/div>\n<\/div>\n","protected":false},"excerpt":{"rendered":"<p>1. Eigersund skal v\u00e6re en JA-kommune! Det skal v\u00e6re en god opplevelse \u00e5 ta kontakt med kommunen, og du skal f\u00e5 svar p\u00e5 det du lurer p\u00e5. Eigersund skal v\u00e6re en attraktiv, forutsigbar og god kommune \u00e5 bo, jobbe og leve i og vi \u00f8nsker en kommune som ikke gj\u00f8r ting vanskeligere enn de er. [&hellip;]<\/p>\n","protected":false},"author":6546,"featured_media":0,"parent":110,"menu_order":0,"comment_status":"closed","ping_status":"closed","template":"","meta":{"teft_cards_image_url":"","teft_cards_custom_pretitle":"","teft_cards_image_id":0,"teft_cards_image_focal_point_x":0,"teft_cards_image_focal_point_y":0,"teft_cards_title":"","teft_cards_excerpt":"","teft_show_chapters":false,"footnotes":""},"class_list":["post-58","page","type-page","status-publish","hentry"],"yoast_head":"<!-- This site is optimized with the Yoast SEO plugin v26.6 - https:\/\/yoast.com\/wordpress\/plugins\/seo\/ -->\n<title>8 gode grunner til \u00e5 stemme Eigersund H\u00f8yre - Eigersund H\u00f8yre<\/title>\n<meta name=\"robots\" content=\"index, follow, max-snippet:-1, max-image-preview:large, max-video-preview:-1\" \/>\n<link rel=\"canonical\" href=\"https:\/\/hoyre.no\/eigersund\/politikk\/8-grunner-til-a-stemme-eigersund-hoyre\/\" \/>\n<meta property=\"og:locale\" content=\"nb_NO\" \/>\n<meta property=\"og:type\" content=\"article\" \/>\n<meta property=\"og:title\" content=\"8 gode grunner til \u00e5 stemme Eigersund H\u00f8yre - Eigersund H\u00f8yre\" \/>\n<meta property=\"og:description\" content=\"1. Eigersund skal v\u00e6re en JA-kommune! Det skal v\u00e6re en god opplevelse \u00e5 ta kontakt med kommunen, og du skal f\u00e5 svar p\u00e5 det du lurer p\u00e5. Eigersund skal v\u00e6re en attraktiv, forutsigbar og god kommune \u00e5 bo, jobbe og leve i og vi \u00f8nsker en kommune som ikke gj\u00f8r ting vanskeligere enn de er. [&hellip;]\" \/>\n<meta property=\"og:url\" content=\"https:\/\/hoyre.no\/eigersund\/politikk\/8-grunner-til-a-stemme-eigersund-hoyre\/\" \/>\n<meta property=\"og:site_name\" content=\"Eigersund H\u00f8yre\" \/>\n<meta property=\"article:modified_time\" content=\"2023-07-30T16:33:17+00:00\" \/>\n<meta property=\"og:image\" content=\"https:\/\/hoyre.no\/content\/uploads\/sites\/225\/2023\/04\/thumbnail_IMG_7144-1-768x1024.jpg\" \/>\n<meta name=\"twitter:card\" content=\"summary_large_image\" \/>\n<meta name=\"twitter:label1\" content=\"Ansl. lesetid\" \/>\n\t<meta name=\"twitter:data1\" content=\"8 minutter\" \/>\n<script type=\"application\/ld+json\" class=\"yoast-schema-graph\">{\"@context\":\"https:\/\/schema.org\",\"@graph\":[{\"@type\":\"WebPage\",\"@id\":\"https:\/\/hoyre.no\/eigersund\/politikk\/8-grunner-til-a-stemme-eigersund-hoyre\/\",\"url\":\"https:\/\/hoyre.no\/eigersund\/politikk\/8-grunner-til-a-stemme-eigersund-hoyre\/\",\"name\":\"8 gode grunner til \u00e5 stemme Eigersund H\u00f8yre - Eigersund H\u00f8yre\",\"isPartOf\":{\"@id\":\"https:\/\/hoyre.no\/eigersund\/#website\"},\"image\":{\"@id\":\"https:\/\/hoyre.no\/eigersund\/politikk\/8-grunner-til-a-stemme-eigersund-hoyre\/#primaryimage\"},\"thumbnailUrl\":\"https:\/\/hoyre.no\/content\/uploads\/sites\/225\/2023\/04\/thumbnail_IMG_7144-1-768x1024.jpg\",\"datePublished\":\"2023-04-09T15:30:20+00:00\",\"dateModified\":\"2023-07-30T16:33:17+00:00\",\"breadcrumb\":{\"@id\":\"https:\/\/hoyre.no\/eigersund\/politikk\/8-grunner-til-a-stemme-eigersund-hoyre\/#breadcrumb\"},\"inLanguage\":\"nb-NO\",\"potentialAction\":[{\"@type\":\"ReadAction\",\"target\":[\"https:\/\/hoyre.no\/eigersund\/politikk\/8-grunner-til-a-stemme-eigersund-hoyre\/\"]}]},{\"@type\":\"ImageObject\",\"inLanguage\":\"nb-NO\",\"@id\":\"https:\/\/hoyre.no\/eigersund\/politikk\/8-grunner-til-a-stemme-eigersund-hoyre\/#primaryimage\",\"url\":\"https:\/\/hoyre.no\/content\/uploads\/sites\/225\/2023\/04\/thumbnail_IMG_7144-1-768x1024.jpg\",\"contentUrl\":\"https:\/\/hoyre.no\/content\/uploads\/sites\/225\/2023\/04\/thumbnail_IMG_7144-1-768x1024.jpg\"},{\"@type\":\"BreadcrumbList\",\"@id\":\"https:\/\/hoyre.no\/eigersund\/politikk\/8-grunner-til-a-stemme-eigersund-hoyre\/#breadcrumb\",\"itemListElement\":[{\"@type\":\"ListItem\",\"position\":1,\"name\":\"Til hoyre.no\",\"item\":\"https:\/\/hoyre.no\"},{\"@type\":\"ListItem\",\"position\":2,\"name\":\"Hjem\",\"item\":\"https:\/\/hoyre.no\/eigersund\/\"},{\"@type\":\"ListItem\",\"position\":3,\"name\":\"Politikk\",\"item\":\"https:\/\/hoyre.no\/eigersund\/politikk\/\"},{\"@type\":\"ListItem\",\"position\":4,\"name\":\"8 gode grunner til \u00e5 stemme Eigersund H\u00f8yre\"}]},{\"@type\":\"WebSite\",\"@id\":\"https:\/\/hoyre.no\/eigersund\/#website\",\"url\":\"https:\/\/hoyre.no\/eigersund\/\",\"name\":\"Eigersund H\u00f8yre\",\"description\":\"Bare enda et H\u00f8yres nettsteder-nettsted\",\"inLanguage\":\"nb-NO\"}]}<\/script>\n<!-- \/ Yoast SEO plugin. -->","yoast_head_json":{"title":"8 gode grunner til \u00e5 stemme Eigersund H\u00f8yre - Eigersund H\u00f8yre","robots":{"index":"index","follow":"follow","max-snippet":"max-snippet:-1","max-image-preview":"max-image-preview:large","max-video-preview":"max-video-preview:-1"},"canonical":"https:\/\/hoyre.no\/eigersund\/politikk\/8-grunner-til-a-stemme-eigersund-hoyre\/","og_locale":"nb_NO","og_type":"article","og_title":"8 gode grunner til \u00e5 stemme Eigersund H\u00f8yre - Eigersund H\u00f8yre","og_description":"1. Eigersund skal v\u00e6re en JA-kommune! Det skal v\u00e6re en god opplevelse \u00e5 ta kontakt med kommunen, og du skal f\u00e5 svar p\u00e5 det du lurer p\u00e5. Eigersund skal v\u00e6re en attraktiv, forutsigbar og god kommune \u00e5 bo, jobbe og leve i og vi \u00f8nsker en kommune som ikke gj\u00f8r ting vanskeligere enn de er. [&hellip;]","og_url":"https:\/\/hoyre.no\/eigersund\/politikk\/8-grunner-til-a-stemme-eigersund-hoyre\/","og_site_name":"Eigersund H\u00f8yre","article_modified_time":"2023-07-30T16:33:17+00:00","og_image":[{"url":"https:\/\/hoyre.no\/content\/uploads\/sites\/225\/2023\/04\/thumbnail_IMG_7144-1-768x1024.jpg","type":"","width":"","height":""}],"twitter_card":"summary_large_image","twitter_misc":{"Ansl. lesetid":"8 minutter"},"schema":{"@context":"https:\/\/schema.org","@graph":[{"@type":"WebPage","@id":"https:\/\/hoyre.no\/eigersund\/politikk\/8-grunner-til-a-stemme-eigersund-hoyre\/","url":"https:\/\/hoyre.no\/eigersund\/politikk\/8-grunner-til-a-stemme-eigersund-hoyre\/","name":"8 gode grunner til \u00e5 stemme Eigersund H\u00f8yre - Eigersund H\u00f8yre","isPartOf":{"@id":"https:\/\/hoyre.no\/eigersund\/#website"},"image":{"@id":"https:\/\/hoyre.no\/eigersund\/politikk\/8-grunner-til-a-stemme-eigersund-hoyre\/#primaryimage"},"thumbnailUrl":"https:\/\/hoyre.no\/content\/uploads\/sites\/225\/2023\/04\/thumbnail_IMG_7144-1-768x1024.jpg","datePublished":"2023-04-09T15:30:20+00:00","dateModified":"2023-07-30T16:33:17+00:00","breadcrumb":{"@id":"https:\/\/hoyre.no\/eigersund\/politikk\/8-grunner-til-a-stemme-eigersund-hoyre\/#breadcrumb"},"inLanguage":"nb-NO","potentialAction":[{"@type":"ReadAction","target":["https:\/\/hoyre.no\/eigersund\/politikk\/8-grunner-til-a-stemme-eigersund-hoyre\/"]}]},{"@type":"ImageObject","inLanguage":"nb-NO","@id":"https:\/\/hoyre.no\/eigersund\/politikk\/8-grunner-til-a-stemme-eigersund-hoyre\/#primaryimage","url":"https:\/\/hoyre.no\/content\/uploads\/sites\/225\/2023\/04\/thumbnail_IMG_7144-1-768x1024.jpg","contentUrl":"https:\/\/hoyre.no\/content\/uploads\/sites\/225\/2023\/04\/thumbnail_IMG_7144-1-768x1024.jpg"},{"@type":"BreadcrumbList","@id":"https:\/\/hoyre.no\/eigersund\/politikk\/8-grunner-til-a-stemme-eigersund-hoyre\/#breadcrumb","itemListElement":[{"@type":"ListItem","position":1,"name":"Til hoyre.no","item":"https:\/\/hoyre.no"},{"@type":"ListItem","position":2,"name":"Hjem","item":"https:\/\/hoyre.no\/eigersund\/"},{"@type":"ListItem","position":3,"name":"Politikk","item":"https:\/\/hoyre.no\/eigersund\/politikk\/"},{"@type":"ListItem","position":4,"name":"8 gode grunner til \u00e5 stemme Eigersund H\u00f8yre"}]},{"@type":"WebSite","@id":"https:\/\/hoyre.no\/eigersund\/#website","url":"https:\/\/hoyre.no\/eigersund\/","name":"Eigersund H\u00f8yre","description":"Bare enda et H\u00f8yres nettsteder-nettsted","inLanguage":"nb-NO"}]}},"distributor_meta":false,"distributor_terms":false,"distributor_media":false,"distributor_original_site_name":"Eigersund H\u00f8yre","distributor_original_site_url":"https:\/\/hoyre.no\/eigersund","push-errors":false,"_links":{"self":[{"href":"https:\/\/hoyre.no\/eigersund\/wp-json\/wp\/v2\/pages\/58","targetHints":{"allow":["GET"]}}],"collection":[{"href":"https:\/\/hoyre.no\/eigersund\/wp-json\/wp\/v2\/pages"}],"about":[{"href":"https:\/\/hoyre.no\/eigersund\/wp-json\/wp\/v2\/types\/page"}],"author":[{"embeddable":true,"href":"https:\/\/hoyre.no\/eigersund\/wp-json\/wp\/v2\/users\/6546"}],"replies":[{"embeddable":true,"href":"https:\/\/hoyre.no\/eigersund\/wp-json\/wp\/v2\/comments?post=58"}],"version-history":[{"count":19,"href":"https:\/\/hoyre.no\/eigersund\/wp-json\/wp\/v2\/pages\/58\/revisions"}],"predecessor-version":[{"id":309,"href":"https:\/\/hoyre.no\/eigersund\/wp-json\/wp\/v2\/pages\/58\/revisions\/309"}],"up":[{"embeddable":true,"href":"https:\/\/hoyre.no\/eigersund\/wp-json\/wp\/v2\/pages\/110"}],"wp:attachment":[{"href":"https:\/\/hoyre.no\/eigersund\/wp-json\/wp\/v2\/media?parent=58"}],"curies":[{"name":"wp","href":"https:\/\/api.w.org\/{rel}","templated":true}]}}