{"id":1572,"date":"2024-04-17T09:07:26","date_gmt":"2024-04-17T07:07:26","guid":{"rendered":"https:\/\/hoyre.no\/elverum\/?page_id=1572"},"modified":"2025-02-04T12:31:50","modified_gmt":"2025-02-04T11:31:50","slug":"om-elverum-hoyre","status":"publish","type":"page","link":"https:\/\/hoyre.no\/elverum\/om-elverum-hoyre\/","title":{"rendered":"Om Elverum H\u00f8yre"},"content":{"rendered":"\n<div class=\"wp-block-hoyre-hero with-image-gradient text-color-light  has-media alignfull has-background\"><div class=\"hoyre-hero has-image\"><h1 class=\"title\">Om oss <\/h1><p class=\"preamble\">Her p\u00e5 siden vil vi legge ut informasjon, bilder og historier som viser hvem vi er og hva vi st\u00e5r for.  <br>Bildet viser v\u00e5r visjone for Elverum.  Vi vil skape mer sammen.<br><\/p>\t\t\t<div class=\"post-meta wp-block teft-byline-wrapper\">\n\t\t\t\t<div class=\"top\">\n\t\t\t\t\t<div class=\"signature\">\n\t\t\t\t\t\t<div class=\"teft-byline\">\n\t\t\t\t\t\t\t\t\t\t\t\t\t\t<div>\n\t\t\t\t\t\t\t\t<h3>H\u00f8yres redaksjon<\/h3>\t\t\t\t\t\t\t\t\n\t\t\t\t\t\t\t\t\t\t\t\t\t\t\t\t\t<span class=\"date\">Sist oppdatert: 4. februar 2025<\/span>\n\t\t\t\t\t\t\t\t\t\t\t\t\t\t\t\t\t\t\t\t\t\t\t\t\t<span class=\"reading-time\" itemprop=\"timeRequired\" content=\"PT1M\"><em>Ca. 1 minutter lesetid<\/em><\/span>\n\t\t\t\t\t\t\t\t\t\t\t\t\t\t\t<\/div>\n\t\t\t\t\t\t<\/div>\n\t\t\t\t\t<\/div>\n\t\t\t\t\t\t<div class=\"sharing\">\n\t\t<a class=\"share-button share-link copy-link\" data-copy=\"https:\/\/hoyre.no\/elverum\/om-elverum-hoyre\/\" target=\"_blank\"><span class=\"screen-reader-text\">Del link<\/span><\/a>\n\t\t<a class=\"share-button share-twitter\" href=\"http:\/\/twitter.com\/share?text=Om Elverum H\u00f8yre&#038;url=https:\/\/hoyre.no\/elverum\/om-elverum-hoyre\/&#038;hashtags=Hoyre\" target=\"_blank\"><span class=\"screen-reader-text\">Del p\u00e5 twitter<\/span><\/a>\n\t\t<a class=\"share-button share-facebook\" href=\"https:\/\/www.facebook.com\/sharer\/sharer.php?u=https:\/\/hoyre.no\/elverum\/om-elverum-hoyre\/\" target=\"_blank\"><span class=\"screen-reader-text\">Del p\u00e5 facebook<\/span><\/a>\n\t<\/div>\n\t\t\t\t\t<\/div>\n\t\t\t<\/div>\n\n\t\t\t<figure class=\"hoyre-image-wrapper\"><div class=\"hoyre-image\"><img loading=\"lazy\" decoding=\"async\" width=\"1251\" height=\"1752\" src=\"https:\/\/hoyre.no\/content\/uploads\/sites\/83\/2023\/09\/13.jpg\" class=\"attachment-scaled size-scaled\" alt=\"\" style=\"object-position: 51% 28.999999999999996%\" srcset=\"https:\/\/hoyre.no\/content\/uploads\/sites\/83\/2023\/09\/13.jpg 1251w, https:\/\/hoyre.no\/content\/uploads\/sites\/83\/2023\/09\/13-214x300.jpg 214w, https:\/\/hoyre.no\/content\/uploads\/sites\/83\/2023\/09\/13-731x1024.jpg 731w, https:\/\/hoyre.no\/content\/uploads\/sites\/83\/2023\/09\/13-768x1076.jpg 768w, https:\/\/hoyre.no\/content\/uploads\/sites\/83\/2023\/09\/13-1097x1536.jpg 1097w\" sizes=\"auto, (max-width: 1251px) 100vw, 1251px\" \/><\/div><\/figure><\/div><\/div>\n\n\n\n<p><\/p>\n\n\n\n<h2 class=\"wp-block-heading\">Gjeldende vedtekter for Elverum H\u00f8yre<\/h2>\n\n\n\n<div class=\"wp-block-teft-file icon-link-block\"><a href=\"https:\/\/hoyre.no\/content\/uploads\/sites\/83\/2025\/02\/Vedtekter-for-Elverum-Hoyre-2021.pdf\" download><span class=\"file-title\">Vedtekter for Elverum H\u00f8yre 2021<\/span><span class=\"file-name\">Vedtekter-for-Elverum-Hoyre-2021.pdf [7.5kb]<\/span><\/a><\/div>\n\n\n\n<h2 class=\"wp-block-heading\">\u00c5rsm\u00f8tet 26.nov 2024<\/h2>\n\n\n\n<p>\u00c5rsm\u00f8tet godkjente innstillingen til nytt styret, herunder at styret ved konstituering velger nestleder(e). <strong>Det nye styret i Elverum H\u00f8yre for 2024-2025 er;<\/strong><\/p>\n\n\n\n<p><img loading=\"lazy\" decoding=\"async\" width=\"1399\" height=\"2107\" class=\"wp-image-630\" style=\"width: 150px\" src=\"https:\/\/hoyre.no\/content\/uploads\/sites\/83\/2023\/05\/Vigdis-Osbak.jpg\" alt=\"\" srcset=\"https:\/\/hoyre.no\/content\/uploads\/sites\/83\/2023\/05\/Vigdis-Osbak.jpg 1399w, https:\/\/hoyre.no\/content\/uploads\/sites\/83\/2023\/05\/Vigdis-Osbak-199x300.jpg 199w, https:\/\/hoyre.no\/content\/uploads\/sites\/83\/2023\/05\/Vigdis-Osbak-680x1024.jpg 680w, https:\/\/hoyre.no\/content\/uploads\/sites\/83\/2023\/05\/Vigdis-Osbak-768x1157.jpg 768w, https:\/\/hoyre.no\/content\/uploads\/sites\/83\/2023\/05\/Vigdis-Osbak-1020x1536.jpg 1020w, https:\/\/hoyre.no\/content\/uploads\/sites\/83\/2023\/05\/Vigdis-Osbak-1360x2048.jpg 1360w\" sizes=\"auto, (max-width: 1399px) 100vw, 1399px\" \/>Leder Vigdis Osbak velges for 2 \u00e5r 2024-2026<\/p>\n\n\n\n<p>Styremedlem Hj\u00f8rdis Bj\u00f8lseth ikke p\u00e5 valg<\/p>\n\n\n\n<p>Styremedlem Leif Klausen ikke p\u00e5 valg<\/p>\n\n\n\n<p>Styremedlem Tonje Nordsveen NY velges for 2024-2026<\/p>\n\n\n\n<p>Styremedlem Thor Anders Sognli NY velges for 2024-2025<\/p>\n\n\n\n<p>Vara til styret Arild Skurdal ikke p\u00e5 valg<\/p>\n\n\n\n<p>Vara til styret Nils Richard Melby NY velges for 2024-2026<\/p>\n\n\n\n<p><\/p>\n\n\n\n<p><\/p>\n\n\n\n<p><\/p>\n","protected":false},"excerpt":{"rendered":"<p>Gjeldende vedtekter for Elverum H\u00f8yre \u00c5rsm\u00f8tet 26.nov 2024 \u00c5rsm\u00f8tet godkjente innstillingen til nytt styret, herunder at styret ved konstituering velger nestleder(e). Det nye styret i Elverum H\u00f8yre for 2024-2025 er; Leder Vigdis Osbak velges for 2 \u00e5r 2024-2026 Styremedlem Hj\u00f8rdis Bj\u00f8lseth ikke p\u00e5 valg Styremedlem Leif Klausen ikke p\u00e5 valg Styremedlem Tonje Nordsveen NY velges [&hellip;]<\/p>\n","protected":false},"author":31451,"featured_media":0,"parent":0,"menu_order":0,"comment_status":"closed","ping_status":"closed","template":"","meta":{"teft_cards_image_url":"","teft_cards_custom_pretitle":"","teft_cards_image_id":1187,"teft_cards_image_focal_point_x":0.5,"teft_cards_image_focal_point_y":0.5,"teft_cards_title":"","teft_cards_excerpt":"","teft_show_chapters":false,"footnotes":""},"class_list":["post-1572","page","type-page","status-publish","hentry"],"yoast_head":"<!-- This site is optimized with the Yoast SEO plugin v26.6 - https:\/\/yoast.com\/wordpress\/plugins\/seo\/ -->\n<title>Om Elverum H\u00f8yre - Elverum H\u00f8yre<\/title>\n<meta name=\"robots\" content=\"index, follow, max-snippet:-1, max-image-preview:large, max-video-preview:-1\" \/>\n<link rel=\"canonical\" href=\"https:\/\/hoyre.no\/elverum\/om-elverum-hoyre\/\" \/>\n<meta property=\"og:locale\" content=\"nb_NO\" \/>\n<meta property=\"og:type\" content=\"article\" \/>\n<meta property=\"og:title\" content=\"Om Elverum H\u00f8yre - Elverum H\u00f8yre\" \/>\n<meta property=\"og:description\" content=\"Gjeldende vedtekter for Elverum H\u00f8yre \u00c5rsm\u00f8tet 26.nov 2024 \u00c5rsm\u00f8tet godkjente innstillingen til nytt styret, herunder at styret ved konstituering velger nestleder(e). Det nye styret i Elverum H\u00f8yre for 2024-2025 er; Leder Vigdis Osbak velges for 2 \u00e5r 2024-2026 Styremedlem Hj\u00f8rdis Bj\u00f8lseth ikke p\u00e5 valg Styremedlem Leif Klausen ikke p\u00e5 valg Styremedlem Tonje Nordsveen NY velges [&hellip;]\" \/>\n<meta property=\"og:url\" content=\"https:\/\/hoyre.no\/elverum\/om-elverum-hoyre\/\" \/>\n<meta property=\"og:site_name\" content=\"Elverum H\u00f8yre\" \/>\n<meta property=\"article:modified_time\" content=\"2025-02-04T11:31:50+00:00\" \/>\n<meta property=\"og:image\" content=\"https:\/\/hoyre.no\/content\/uploads\/sites\/83\/2023\/09\/13-731x1024.jpg\" \/>\n<meta name=\"twitter:card\" content=\"summary_large_image\" \/>\n<meta name=\"twitter:label1\" content=\"Ansl. lesetid\" \/>\n\t<meta name=\"twitter:data1\" content=\"1 minutt\" \/>\n<script type=\"application\/ld+json\" class=\"yoast-schema-graph\">{\"@context\":\"https:\/\/schema.org\",\"@graph\":[{\"@type\":\"WebPage\",\"@id\":\"https:\/\/hoyre.no\/elverum\/om-elverum-hoyre\/\",\"url\":\"https:\/\/hoyre.no\/elverum\/om-elverum-hoyre\/\",\"name\":\"Om Elverum H\u00f8yre - Elverum H\u00f8yre\",\"isPartOf\":{\"@id\":\"https:\/\/hoyre.no\/elverum\/#website\"},\"image\":{\"@id\":\"https:\/\/hoyre.no\/elverum\/om-elverum-hoyre\/#primaryimage\"},\"thumbnailUrl\":\"https:\/\/hoyre.no\/content\/uploads\/sites\/83\/2023\/05\/Vigdis-Osbak.jpg\",\"datePublished\":\"2024-04-17T07:07:26+00:00\",\"dateModified\":\"2025-02-04T11:31:50+00:00\",\"breadcrumb\":{\"@id\":\"https:\/\/hoyre.no\/elverum\/om-elverum-hoyre\/#breadcrumb\"},\"inLanguage\":\"nb-NO\",\"potentialAction\":[{\"@type\":\"ReadAction\",\"target\":[\"https:\/\/hoyre.no\/elverum\/om-elverum-hoyre\/\"]}]},{\"@type\":\"ImageObject\",\"inLanguage\":\"nb-NO\",\"@id\":\"https:\/\/hoyre.no\/elverum\/om-elverum-hoyre\/#primaryimage\",\"url\":\"https:\/\/hoyre.no\/content\/uploads\/sites\/83\/2023\/05\/Vigdis-Osbak.jpg\",\"contentUrl\":\"https:\/\/hoyre.no\/content\/uploads\/sites\/83\/2023\/05\/Vigdis-Osbak.jpg\"},{\"@type\":\"BreadcrumbList\",\"@id\":\"https:\/\/hoyre.no\/elverum\/om-elverum-hoyre\/#breadcrumb\",\"itemListElement\":[{\"@type\":\"ListItem\",\"position\":1,\"name\":\"Til hoyre.no\",\"item\":\"https:\/\/hoyre.no\"},{\"@type\":\"ListItem\",\"position\":2,\"name\":\"Hjem\",\"item\":\"https:\/\/hoyre.no\/elverum\/\"},{\"@type\":\"ListItem\",\"position\":3,\"name\":\"Om Elverum H\u00f8yre\"}]},{\"@type\":\"WebSite\",\"@id\":\"https:\/\/hoyre.no\/elverum\/#website\",\"url\":\"https:\/\/hoyre.no\/elverum\/\",\"name\":\"Elverum H\u00f8yre\",\"description\":\"Bare enda et H\u00f8yres nettsteder-nettsted\",\"inLanguage\":\"nb-NO\"}]}<\/script>\n<!-- \/ Yoast SEO plugin. -->","yoast_head_json":{"title":"Om Elverum H\u00f8yre - Elverum H\u00f8yre","robots":{"index":"index","follow":"follow","max-snippet":"max-snippet:-1","max-image-preview":"max-image-preview:large","max-video-preview":"max-video-preview:-1"},"canonical":"https:\/\/hoyre.no\/elverum\/om-elverum-hoyre\/","og_locale":"nb_NO","og_type":"article","og_title":"Om Elverum H\u00f8yre - Elverum H\u00f8yre","og_description":"Gjeldende vedtekter for Elverum H\u00f8yre \u00c5rsm\u00f8tet 26.nov 2024 \u00c5rsm\u00f8tet godkjente innstillingen til nytt styret, herunder at styret ved konstituering velger nestleder(e). Det nye styret i Elverum H\u00f8yre for 2024-2025 er; Leder Vigdis Osbak velges for 2 \u00e5r 2024-2026 Styremedlem Hj\u00f8rdis Bj\u00f8lseth ikke p\u00e5 valg Styremedlem Leif Klausen ikke p\u00e5 valg Styremedlem Tonje Nordsveen NY velges [&hellip;]","og_url":"https:\/\/hoyre.no\/elverum\/om-elverum-hoyre\/","og_site_name":"Elverum H\u00f8yre","article_modified_time":"2025-02-04T11:31:50+00:00","og_image":[{"url":"https:\/\/hoyre.no\/content\/uploads\/sites\/83\/2023\/09\/13-731x1024.jpg","width":"","height":"","type":""}],"twitter_card":"summary_large_image","twitter_misc":{"Ansl. lesetid":"1 minutt"},"schema":{"@context":"https:\/\/schema.org","@graph":[{"@type":"WebPage","@id":"https:\/\/hoyre.no\/elverum\/om-elverum-hoyre\/","url":"https:\/\/hoyre.no\/elverum\/om-elverum-hoyre\/","name":"Om Elverum H\u00f8yre - Elverum H\u00f8yre","isPartOf":{"@id":"https:\/\/hoyre.no\/elverum\/#website"},"image":{"@id":"https:\/\/hoyre.no\/elverum\/om-elverum-hoyre\/#primaryimage"},"thumbnailUrl":"https:\/\/hoyre.no\/content\/uploads\/sites\/83\/2023\/05\/Vigdis-Osbak.jpg","datePublished":"2024-04-17T07:07:26+00:00","dateModified":"2025-02-04T11:31:50+00:00","breadcrumb":{"@id":"https:\/\/hoyre.no\/elverum\/om-elverum-hoyre\/#breadcrumb"},"inLanguage":"nb-NO","potentialAction":[{"@type":"ReadAction","target":["https:\/\/hoyre.no\/elverum\/om-elverum-hoyre\/"]}]},{"@type":"ImageObject","inLanguage":"nb-NO","@id":"https:\/\/hoyre.no\/elverum\/om-elverum-hoyre\/#primaryimage","url":"https:\/\/hoyre.no\/content\/uploads\/sites\/83\/2023\/05\/Vigdis-Osbak.jpg","contentUrl":"https:\/\/hoyre.no\/content\/uploads\/sites\/83\/2023\/05\/Vigdis-Osbak.jpg"},{"@type":"BreadcrumbList","@id":"https:\/\/hoyre.no\/elverum\/om-elverum-hoyre\/#breadcrumb","itemListElement":[{"@type":"ListItem","position":1,"name":"Til hoyre.no","item":"https:\/\/hoyre.no"},{"@type":"ListItem","position":2,"name":"Hjem","item":"https:\/\/hoyre.no\/elverum\/"},{"@type":"ListItem","position":3,"name":"Om Elverum H\u00f8yre"}]},{"@type":"WebSite","@id":"https:\/\/hoyre.no\/elverum\/#website","url":"https:\/\/hoyre.no\/elverum\/","name":"Elverum H\u00f8yre","description":"Bare enda et H\u00f8yres nettsteder-nettsted","inLanguage":"nb-NO"}]}},"distributor_meta":false,"distributor_terms":false,"distributor_media":false,"distributor_original_site_name":"Elverum H\u00f8yre","distributor_original_site_url":"https:\/\/hoyre.no\/elverum","push-errors":false,"_links":{"self":[{"href":"https:\/\/hoyre.no\/elverum\/wp-json\/wp\/v2\/pages\/1572","targetHints":{"allow":["GET"]}}],"collection":[{"href":"https:\/\/hoyre.no\/elverum\/wp-json\/wp\/v2\/pages"}],"about":[{"href":"https:\/\/hoyre.no\/elverum\/wp-json\/wp\/v2\/types\/page"}],"author":[{"embeddable":true,"href":"https:\/\/hoyre.no\/elverum\/wp-json\/wp\/v2\/users\/31451"}],"replies":[{"embeddable":true,"href":"https:\/\/hoyre.no\/elverum\/wp-json\/wp\/v2\/comments?post=1572"}],"version-history":[{"count":28,"href":"https:\/\/hoyre.no\/elverum\/wp-json\/wp\/v2\/pages\/1572\/revisions"}],"predecessor-version":[{"id":2175,"href":"https:\/\/hoyre.no\/elverum\/wp-json\/wp\/v2\/pages\/1572\/revisions\/2175"}],"wp:attachment":[{"href":"https:\/\/hoyre.no\/elverum\/wp-json\/wp\/v2\/media?parent=1572"}],"curies":[{"name":"wp","href":"https:\/\/api.w.org\/{rel}","templated":true}]}}