{"id":568,"date":"2023-06-29T08:26:42","date_gmt":"2023-06-29T06:26:42","guid":{"rendered":"https:\/\/hoyre.no\/elverum\/?page_id=568"},"modified":"2025-01-17T10:39:11","modified_gmt":"2025-01-17T09:39:11","slug":"ordforerkandidat","status":"publish","type":"page","link":"https:\/\/hoyre.no\/elverum\/ordforerkandidat\/","title":{"rendered":"Ordf\u00f8rerkandidat"},"content":{"rendered":"\n<div class=\"wp-block-hoyre-hero with-image-gradient text-color-light  has-media alignfull has-background\"><div class=\"hoyre-hero has-image\"><h1 class=\"title\">Yngve S\u00e6tre <\/h1><p class=\"preamble\">Yngve har lang erfaring som folkevalgt, og har bakgrunn og evner som vil gj\u00f8re ham til en utmerket stortingskandidat for Innlandet. Bli bedre kjent med ham her!<\/p>\t\t\t<div class=\"post-meta wp-block teft-byline-wrapper\">\n\t\t\t\t<div class=\"top\">\n\t\t\t\t\t<div class=\"signature\">\n\t\t\t\t\t\t<div class=\"teft-byline\">\n\t\t\t\t\t\t\t\t\t\t\t\t\t\t<div>\n\t\t\t\t\t\t\t\t<h3>H\u00f8yres redaksjon<\/h3>\t\t\t\t\t\t\t\t\n\t\t\t\t\t\t\t\t\t\t\t\t\t\t\t\t\t<span class=\"date\">Sist oppdatert: 17. januar 2025<\/span>\n\t\t\t\t\t\t\t\t\t\t\t\t\t\t\t\t\t\t\t\t\t\t\t\t\t<span class=\"reading-time\" itemprop=\"timeRequired\" content=\"PT2M\"><em>Ca. 2 minutter lesetid<\/em><\/span>\n\t\t\t\t\t\t\t\t\t\t\t\t\t\t\t<\/div>\n\t\t\t\t\t\t<\/div>\n\t\t\t\t\t<\/div>\n\t\t\t\t\t\t<div class=\"sharing\">\n\t\t<a class=\"share-button share-link copy-link\" data-copy=\"https:\/\/hoyre.no\/elverum\/ordforerkandidat\/\" target=\"_blank\"><span class=\"screen-reader-text\">Del link<\/span><\/a>\n\t\t<a class=\"share-button share-twitter\" href=\"http:\/\/twitter.com\/share?text=Ordf\u00f8rerkandidat&#038;url=https:\/\/hoyre.no\/elverum\/ordforerkandidat\/&#038;hashtags=Hoyre\" target=\"_blank\"><span class=\"screen-reader-text\">Del p\u00e5 twitter<\/span><\/a>\n\t\t<a class=\"share-button share-facebook\" href=\"https:\/\/www.facebook.com\/sharer\/sharer.php?u=https:\/\/hoyre.no\/elverum\/ordforerkandidat\/\" target=\"_blank\"><span class=\"screen-reader-text\">Del p\u00e5 facebook<\/span><\/a>\n\t<\/div>\n\t\t\t\t\t<\/div>\n\t\t\t<\/div>\n\n\t\t\t<figure class=\"hoyre-image-wrapper\"><div class=\"hoyre-image\"><img loading=\"lazy\" decoding=\"async\" width=\"1024\" height=\"683\" src=\"https:\/\/hoyre.no\/content\/uploads\/sites\/83\/2025\/01\/Yngve-Saetre-brosjyre-2019-1024x683-1.jpg\" class=\"attachment-scaled size-scaled\" alt=\"Yngve\" style=\"object-position: 56.00000000000001% 71%\" srcset=\"https:\/\/hoyre.no\/content\/uploads\/sites\/83\/2025\/01\/Yngve-Saetre-brosjyre-2019-1024x683-1.jpg 1024w, https:\/\/hoyre.no\/content\/uploads\/sites\/83\/2025\/01\/Yngve-Saetre-brosjyre-2019-1024x683-1-300x200.jpg 300w, https:\/\/hoyre.no\/content\/uploads\/sites\/83\/2025\/01\/Yngve-Saetre-brosjyre-2019-1024x683-1-768x512.jpg 768w\" sizes=\"auto, (max-width: 1024px) 100vw, 1024px\" \/><\/div><\/figure><\/div><\/div>\n\n\n\n\n<div class=\"wp-block-buttons is-content-justification-center is-layout-flex wp-container-core-buttons-is-layout-16018d1d wp-block-buttons-is-layout-flex\">\n<div class=\"wp-block-button\"><a class=\"wp-block-button__link wp-element-button\" href=\"https:\/\/hoyre.no\/nyhetsbrev\/\">abonner p\u00e5 h\u00f8yres nyhetsbrev<\/a><\/div>\n\n\n\n<div class=\"wp-block-button\"><a class=\"wp-block-button__link wp-element-button\" href=\"https:\/\/hoyre.no\/personprofiler\/yngve-saetre\/\">kom i kontakt med Yngve<\/a><\/div>\n\n\n\n<div class=\"wp-block-button\"><a class=\"wp-block-button__link wp-element-button\" href=\"https:\/\/www.facebook.com\/ElverumHoyre\">f\u00f8lg Elverum h\u00f8yre p\u00e5 facebook<\/a><\/div>\n<\/div>\n\n\n\n<div class=\"wp-block-hoyre-banner undefined has-icon-title icon-heart is-style-blue\"><div class=\"banner-inner\"><figure class=\"hoyre-image-wrapper\"><div class=\"hoyre-image\"><img loading=\"lazy\" decoding=\"async\" width=\"1812\" height=\"1750\" src=\"https:\/\/hoyre.no\/content\/uploads\/sites\/83\/2023\/06\/20230628_100555-scaled-e1687951813368.jpg\" class=\"attachment-scaled size-scaled\" alt=\"\" style=\"object-position: 50% 50%\" srcset=\"https:\/\/hoyre.no\/content\/uploads\/sites\/83\/2023\/06\/20230628_100555-scaled-e1687951813368.jpg 1812w, https:\/\/hoyre.no\/content\/uploads\/sites\/83\/2023\/06\/20230628_100555-scaled-e1687951813368-300x290.jpg 300w, https:\/\/hoyre.no\/content\/uploads\/sites\/83\/2023\/06\/20230628_100555-scaled-e1687951813368-1024x989.jpg 1024w, https:\/\/hoyre.no\/content\/uploads\/sites\/83\/2023\/06\/20230628_100555-scaled-e1687951813368-768x742.jpg 768w, https:\/\/hoyre.no\/content\/uploads\/sites\/83\/2023\/06\/20230628_100555-scaled-e1687951813368-1536x1483.jpg 1536w\" sizes=\"auto, (max-width: 1812px) 100vw, 1812px\" \/><\/div><\/figure><div class=\"banner-content\"><div class=\"entry-content\">\n<h2 class=\"wp-block-heading has-text-align-center\" id=\"h-bli-bedre-kjent-med-navn\">Bli bedre kjent med Yngve S\u00e6tre!<\/h2>\n\n\n\n\n\n<p class=\"has-text-align-left\"><strong>Bosted:<\/strong> St\u00f8a, Elverum<\/p>\n\n\n\n<p class=\"has-text-align-left\"><strong>Jobb:<\/strong> Bedriftsr\u00e5dgiver i S\u00f8r-\u00d8sterdal n\u00e6ringshage.<\/p>\n\n\n\n<p class=\"has-text-align-left\"><strong>Bakgrunn:<\/strong> Master fra NMBU i \u00f8konomi og ressursforvaltning. Gruppeleder i 12 \u00e5r for Elverum H\u00f8yre, vararepresentant til Stortinget og tidligere medlem i fylkestinget.<\/p>\n<\/div><\/div><\/div><\/div>\n\n\n\n<figure class=\"wp-block-image size-large\"><img loading=\"lazy\" decoding=\"async\" width=\"1024\" height=\"683\" src=\"https:\/\/hoyre.no\/content\/uploads\/sites\/83\/2023\/06\/Yngve-sitter-pa-huk-ved-veikryss-1024x683.jpg\" alt=\"\" class=\"wp-image-757\" srcset=\"https:\/\/hoyre.no\/content\/uploads\/sites\/83\/2023\/06\/Yngve-sitter-pa-huk-ved-veikryss-1024x683.jpg 1024w, https:\/\/hoyre.no\/content\/uploads\/sites\/83\/2023\/06\/Yngve-sitter-pa-huk-ved-veikryss-300x200.jpg 300w, https:\/\/hoyre.no\/content\/uploads\/sites\/83\/2023\/06\/Yngve-sitter-pa-huk-ved-veikryss-768x512.jpg 768w, https:\/\/hoyre.no\/content\/uploads\/sites\/83\/2023\/06\/Yngve-sitter-pa-huk-ved-veikryss-1536x1024.jpg 1536w, https:\/\/hoyre.no\/content\/uploads\/sites\/83\/2023\/06\/Yngve-sitter-pa-huk-ved-veikryss-2048x1365.jpg 2048w\" sizes=\"auto, (max-width: 1024px) 100vw, 1024px\" \/><\/figure>\n\n\n\n<h2 class=\"wp-block-heading\">\ud83d\udc99 Yngves hjertesak: St\u00f8dig kurs for Elverum<\/h2>\n\n\n\n<p>Elverum trenger n\u00e5 en st\u00f8 kurs for \u00e5 h\u00e5ndtere de utfordringene kommunen st\u00e5r overfor. Vi m\u00e5 tiltrekke oss flere barnefamilier slik at vi kan f\u00e5 fylle opp skolene igjen, sikre en god aldersbalanse i befolkningen og styrke lokalsamfunnet.<\/p>\n\n\n\n<p class=\"has-text-align-left\"><strong>Hvorfor er H\u00f8yre rett parti for deg?<\/strong><\/p>\n\n\n\n<p class=\"has-text-align-left\">Fordi H\u00f8yre tar utgangspunkt i enkeltmennesket, mangfold og personlig frihet.<br><br><strong>Det er l\u00f8rdag, klokka n\u00e6rmer seg 19.00. Hva spiser du helst til middag?<\/strong><\/p>\n\n\n\n<p class=\"has-text-align-left\">Jeg foretrekker \u00e5 spise lasagne eller taco.<\/p>\n\n\n\n<p class=\"has-text-align-left\"><strong>Konsert eller idrettsarrangement?<\/strong><\/p>\n\n\n\n<p class=\"has-text-align-left\">Konsert.<br><br><strong>Hvis du skulle valgt en, hva er din favorittartist?<\/strong><\/p>\n\n\n\n<p class=\"has-text-align-left\">Elvis.<br><br><strong>Hva er din favorittplass i kommunen og utenfor kommunen?<\/strong><\/p>\n\n\n\n<p class=\"has-text-align-left\">Innenfor kommunen er Restvold favorittplassen. Utenfor er det Memphis i Tennessee.<br><br><strong>Hva gj\u00f8r det skikkelig glad?<\/strong><br>Folk som har jobbet hardt over tid mot et m\u00e5l og lykkes.<br><br><strong>Hva provoserer deg?<\/strong><br>Folk som blir d\u00e5rlig behandlet, uansett om det er privat eller av det offentlige.<br><br><strong>Hva brenner du for?<\/strong> <\/p>\n\n\n\n<p class=\"has-text-align-left\">Skole, helse, by- og n\u00e6ringsutvikling.<\/p>\n\n\n\n<div class=\"wp-block-teft-accentuated-link undefined has-image\"><div class=\"kf-link__wrapper\"><div class=\"kf-link__tagline\">LES MER<\/div><a class=\"kf-link__link\" href=\"\" rel=\"noreferrer noopener\" target=\"_blank\">Kom i kontakt med Yngve S\u00e6tre<\/a><\/div><figure class=\"hoyre-image-wrapper\"><div class=\"hoyre-image\"><\/div><\/figure><\/div>\n\n","protected":false},"excerpt":{"rendered":"","protected":false},"author":15299,"featured_media":0,"parent":0,"menu_order":0,"comment_status":"closed","ping_status":"closed","template":"","meta":{"teft_cards_image_url":"","teft_cards_custom_pretitle":"","teft_cards_image_id":853,"teft_cards_image_focal_point_x":0.5,"teft_cards_image_focal_point_y":0.5,"teft_cards_title":"","teft_cards_excerpt":"","teft_show_chapters":false,"footnotes":""},"class_list":["post-568","page","type-page","status-publish","hentry"],"yoast_head":"<!-- This site is optimized with the Yoast SEO plugin v26.6 - https:\/\/yoast.com\/wordpress\/plugins\/seo\/ -->\n<title>Ordf\u00f8rerkandidat - Elverum H\u00f8yre<\/title>\n<meta name=\"robots\" content=\"index, follow, max-snippet:-1, max-image-preview:large, max-video-preview:-1\" \/>\n<link rel=\"canonical\" href=\"https:\/\/hoyre.no\/elverum\/ordforerkandidat\/\" \/>\n<meta property=\"og:locale\" content=\"nb_NO\" \/>\n<meta property=\"og:type\" content=\"article\" \/>\n<meta property=\"og:title\" content=\"Ordf\u00f8rerkandidat - Elverum H\u00f8yre\" \/>\n<meta property=\"og:url\" content=\"https:\/\/hoyre.no\/elverum\/ordforerkandidat\/\" \/>\n<meta property=\"og:site_name\" content=\"Elverum H\u00f8yre\" \/>\n<meta property=\"article:modified_time\" content=\"2025-01-17T09:39:11+00:00\" \/>\n<meta property=\"og:image\" content=\"https:\/\/hoyre.no\/content\/uploads\/sites\/83\/2023\/06\/20230628_100555-scaled-e1687951813368-1024x989.jpg\" \/>\n<meta name=\"twitter:card\" content=\"summary_large_image\" \/>\n<meta name=\"twitter:label1\" content=\"Ansl. lesetid\" \/>\n\t<meta name=\"twitter:data1\" content=\"2 minutter\" \/>\n<script type=\"application\/ld+json\" class=\"yoast-schema-graph\">{\"@context\":\"https:\/\/schema.org\",\"@graph\":[{\"@type\":\"WebPage\",\"@id\":\"https:\/\/hoyre.no\/elverum\/ordforerkandidat\/\",\"url\":\"https:\/\/hoyre.no\/elverum\/ordforerkandidat\/\",\"name\":\"Ordf\u00f8rerkandidat - Elverum H\u00f8yre\",\"isPartOf\":{\"@id\":\"https:\/\/hoyre.no\/elverum\/#website\"},\"image\":{\"@id\":\"https:\/\/hoyre.no\/elverum\/ordforerkandidat\/#primaryimage\"},\"thumbnailUrl\":\"https:\/\/hoyre.no\/content\/uploads\/sites\/83\/2023\/06\/Yngve-sitter-pa-huk-ved-veikryss-1024x683.jpg\",\"datePublished\":\"2023-06-29T06:26:42+00:00\",\"dateModified\":\"2025-01-17T09:39:11+00:00\",\"breadcrumb\":{\"@id\":\"https:\/\/hoyre.no\/elverum\/ordforerkandidat\/#breadcrumb\"},\"inLanguage\":\"nb-NO\",\"potentialAction\":[{\"@type\":\"ReadAction\",\"target\":[\"https:\/\/hoyre.no\/elverum\/ordforerkandidat\/\"]}]},{\"@type\":\"ImageObject\",\"inLanguage\":\"nb-NO\",\"@id\":\"https:\/\/hoyre.no\/elverum\/ordforerkandidat\/#primaryimage\",\"url\":\"https:\/\/hoyre.no\/content\/uploads\/sites\/83\/2023\/06\/Yngve-sitter-pa-huk-ved-veikryss-1024x683.jpg\",\"contentUrl\":\"https:\/\/hoyre.no\/content\/uploads\/sites\/83\/2023\/06\/Yngve-sitter-pa-huk-ved-veikryss-1024x683.jpg\"},{\"@type\":\"BreadcrumbList\",\"@id\":\"https:\/\/hoyre.no\/elverum\/ordforerkandidat\/#breadcrumb\",\"itemListElement\":[{\"@type\":\"ListItem\",\"position\":1,\"name\":\"Til hoyre.no\",\"item\":\"https:\/\/hoyre.no\"},{\"@type\":\"ListItem\",\"position\":2,\"name\":\"Hjem\",\"item\":\"https:\/\/hoyre.no\/elverum\/\"},{\"@type\":\"ListItem\",\"position\":3,\"name\":\"Ordf\u00f8rerkandidat\"}]},{\"@type\":\"WebSite\",\"@id\":\"https:\/\/hoyre.no\/elverum\/#website\",\"url\":\"https:\/\/hoyre.no\/elverum\/\",\"name\":\"Elverum H\u00f8yre\",\"description\":\"Bare enda et H\u00f8yres nettsteder-nettsted\",\"inLanguage\":\"nb-NO\"}]}<\/script>\n<!-- \/ Yoast SEO plugin. -->","yoast_head_json":{"title":"Ordf\u00f8rerkandidat - Elverum H\u00f8yre","robots":{"index":"index","follow":"follow","max-snippet":"max-snippet:-1","max-image-preview":"max-image-preview:large","max-video-preview":"max-video-preview:-1"},"canonical":"https:\/\/hoyre.no\/elverum\/ordforerkandidat\/","og_locale":"nb_NO","og_type":"article","og_title":"Ordf\u00f8rerkandidat - Elverum H\u00f8yre","og_url":"https:\/\/hoyre.no\/elverum\/ordforerkandidat\/","og_site_name":"Elverum H\u00f8yre","article_modified_time":"2025-01-17T09:39:11+00:00","og_image":[{"url":"https:\/\/hoyre.no\/content\/uploads\/sites\/83\/2023\/06\/20230628_100555-scaled-e1687951813368-1024x989.jpg","width":"","height":"","type":""}],"twitter_card":"summary_large_image","twitter_misc":{"Ansl. lesetid":"2 minutter"},"schema":{"@context":"https:\/\/schema.org","@graph":[{"@type":"WebPage","@id":"https:\/\/hoyre.no\/elverum\/ordforerkandidat\/","url":"https:\/\/hoyre.no\/elverum\/ordforerkandidat\/","name":"Ordf\u00f8rerkandidat - Elverum H\u00f8yre","isPartOf":{"@id":"https:\/\/hoyre.no\/elverum\/#website"},"image":{"@id":"https:\/\/hoyre.no\/elverum\/ordforerkandidat\/#primaryimage"},"thumbnailUrl":"https:\/\/hoyre.no\/content\/uploads\/sites\/83\/2023\/06\/Yngve-sitter-pa-huk-ved-veikryss-1024x683.jpg","datePublished":"2023-06-29T06:26:42+00:00","dateModified":"2025-01-17T09:39:11+00:00","breadcrumb":{"@id":"https:\/\/hoyre.no\/elverum\/ordforerkandidat\/#breadcrumb"},"inLanguage":"nb-NO","potentialAction":[{"@type":"ReadAction","target":["https:\/\/hoyre.no\/elverum\/ordforerkandidat\/"]}]},{"@type":"ImageObject","inLanguage":"nb-NO","@id":"https:\/\/hoyre.no\/elverum\/ordforerkandidat\/#primaryimage","url":"https:\/\/hoyre.no\/content\/uploads\/sites\/83\/2023\/06\/Yngve-sitter-pa-huk-ved-veikryss-1024x683.jpg","contentUrl":"https:\/\/hoyre.no\/content\/uploads\/sites\/83\/2023\/06\/Yngve-sitter-pa-huk-ved-veikryss-1024x683.jpg"},{"@type":"BreadcrumbList","@id":"https:\/\/hoyre.no\/elverum\/ordforerkandidat\/#breadcrumb","itemListElement":[{"@type":"ListItem","position":1,"name":"Til hoyre.no","item":"https:\/\/hoyre.no"},{"@type":"ListItem","position":2,"name":"Hjem","item":"https:\/\/hoyre.no\/elverum\/"},{"@type":"ListItem","position":3,"name":"Ordf\u00f8rerkandidat"}]},{"@type":"WebSite","@id":"https:\/\/hoyre.no\/elverum\/#website","url":"https:\/\/hoyre.no\/elverum\/","name":"Elverum H\u00f8yre","description":"Bare enda et H\u00f8yres nettsteder-nettsted","inLanguage":"nb-NO"}]}},"distributor_meta":false,"distributor_terms":false,"distributor_media":false,"distributor_original_site_name":"Elverum H\u00f8yre","distributor_original_site_url":"https:\/\/hoyre.no\/elverum","push-errors":false,"_links":{"self":[{"href":"https:\/\/hoyre.no\/elverum\/wp-json\/wp\/v2\/pages\/568","targetHints":{"allow":["GET"]}}],"collection":[{"href":"https:\/\/hoyre.no\/elverum\/wp-json\/wp\/v2\/pages"}],"about":[{"href":"https:\/\/hoyre.no\/elverum\/wp-json\/wp\/v2\/types\/page"}],"author":[{"embeddable":true,"href":"https:\/\/hoyre.no\/elverum\/wp-json\/wp\/v2\/users\/15299"}],"replies":[{"embeddable":true,"href":"https:\/\/hoyre.no\/elverum\/wp-json\/wp\/v2\/comments?post=568"}],"version-history":[{"count":15,"href":"https:\/\/hoyre.no\/elverum\/wp-json\/wp\/v2\/pages\/568\/revisions"}],"predecessor-version":[{"id":2157,"href":"https:\/\/hoyre.no\/elverum\/wp-json\/wp\/v2\/pages\/568\/revisions\/2157"}],"wp:attachment":[{"href":"https:\/\/hoyre.no\/elverum\/wp-json\/wp\/v2\/media?parent=568"}],"curies":[{"name":"wp","href":"https:\/\/api.w.org\/{rel}","templated":true}]}}