{"id":68,"date":"2023-06-30T11:25:02","date_gmt":"2023-06-30T09:25:02","guid":{"rendered":"https:\/\/hoyre.no\/enebakk\/?page_id=68"},"modified":"2024-12-16T15:02:58","modified_gmt":"2024-12-16T14:02:58","slug":"syv-gode-grunner-til-a-stemme-hoyre-i-enebakk","status":"publish","type":"page","link":"https:\/\/hoyre.no\/enebakk\/syv-gode-grunner-til-a-stemme-hoyre-i-enebakk\/","title":{"rendered":"Syv gode grunner til \u00e5 stemme H\u00f8yre i Enebakk"},"content":{"rendered":"\n<div class=\"wp-block-hoyre-hero with-image-gradient text-color-light  has-media alignfull has-background\"><div class=\"hoyre-hero has-image\"><h1 class=\"title\">Syv gode grunner til \u00e5 stemme H\u00f8yre i Enebakk<\/h1><p class=\"preamble\">Hvorfor H\u00f8yre? Her har du syv gode grunner..<\/p>\t\t\t<div class=\"post-meta wp-block teft-byline-wrapper\">\n\t\t\t\t<div class=\"top\">\n\t\t\t\t\t<div class=\"signature\">\n\t\t\t\t\t\t<div class=\"teft-byline\">\n\t\t\t\t\t\t\t\t\t\t\t\t\t\t<div>\n\t\t\t\t\t\t\t\t<h3>H\u00f8yres redaksjon<\/h3>\t\t\t\t\t\t\t\t\n\t\t\t\t\t\t\t\t\t\t\t\t\t\t\t\t\t<span class=\"date\">Sist oppdatert: 16. desember 2024<\/span>\n\t\t\t\t\t\t\t\t\t\t\t\t\t\t\t\t\t\t\t\t\t\t\t\t\t<span class=\"reading-time\" itemprop=\"timeRequired\" content=\"PT4M\"><em>Ca. 4 minutter lesetid<\/em><\/span>\n\t\t\t\t\t\t\t\t\t\t\t\t\t\t\t<\/div>\n\t\t\t\t\t\t<\/div>\n\t\t\t\t\t<\/div>\n\t\t\t\t\t\t<div class=\"sharing\">\n\t\t<a class=\"share-button share-link copy-link\" data-copy=\"https:\/\/hoyre.no\/enebakk\/syv-gode-grunner-til-a-stemme-hoyre-i-enebakk\/\" target=\"_blank\"><span class=\"screen-reader-text\">Del link<\/span><\/a>\n\t\t<a class=\"share-button share-twitter\" href=\"http:\/\/twitter.com\/share?text=Syv gode grunner til \u00e5 stemme H\u00f8yre i Enebakk&#038;url=https:\/\/hoyre.no\/enebakk\/syv-gode-grunner-til-a-stemme-hoyre-i-enebakk\/&#038;hashtags=Hoyre\" target=\"_blank\"><span class=\"screen-reader-text\">Del p\u00e5 twitter<\/span><\/a>\n\t\t<a class=\"share-button share-facebook\" href=\"https:\/\/www.facebook.com\/sharer\/sharer.php?u=https:\/\/hoyre.no\/enebakk\/syv-gode-grunner-til-a-stemme-hoyre-i-enebakk\/\" target=\"_blank\"><span class=\"screen-reader-text\">Del p\u00e5 facebook<\/span><\/a>\n\t<\/div>\n\t\t\t\t\t<\/div>\n\t\t\t<\/div>\n\n\t\t\t<figure class=\"hoyre-image-wrapper\"><div class=\"hoyre-image\"><img loading=\"lazy\" decoding=\"async\" width=\"2500\" height=\"1667\" src=\"https:\/\/hoyre.no\/content\/uploads\/sites\/198\/2023\/06\/15_Hoyre-017-scaled.jpg\" class=\"attachment-scaled size-scaled\" alt=\"Utsikt mot Igna i Kirkebygda\" style=\"object-position: 50% 50%\" srcset=\"https:\/\/hoyre.no\/content\/uploads\/sites\/198\/2023\/06\/15_Hoyre-017-scaled.jpg 2500w, https:\/\/hoyre.no\/content\/uploads\/sites\/198\/2023\/06\/15_Hoyre-017-300x200.jpg 300w, https:\/\/hoyre.no\/content\/uploads\/sites\/198\/2023\/06\/15_Hoyre-017-1024x683.jpg 1024w, https:\/\/hoyre.no\/content\/uploads\/sites\/198\/2023\/06\/15_Hoyre-017-768x512.jpg 768w, https:\/\/hoyre.no\/content\/uploads\/sites\/198\/2023\/06\/15_Hoyre-017-1536x1024.jpg 1536w, https:\/\/hoyre.no\/content\/uploads\/sites\/198\/2023\/06\/15_Hoyre-017-2048x1365.jpg 2048w\" sizes=\"auto, (max-width: 2500px) 100vw, 2500px\" \/><\/div><\/figure><\/div><\/div>\n\n\n\n\n\n<div class=\"wp-block-media-text alignwide is-stacked-on-mobile\"><figure class=\"wp-block-media-text__media\"><img decoding=\"async\" src=\"https:\/\/hoyre.no\/content\/uploads\/sites\/180\/2023\/06\/GettyImages-1358014313-1-1024x683.jpg\" alt=\"\" class=\"wp-image-203 size-full\"\/><\/figure><div class=\"wp-block-media-text__content\">\n<h2 class=\"wp-block-heading\">1. En skole der alle kan lykkes<\/h2>\n\n\n\n<p>Det er for mange som g\u00e5r ut av skolen uten \u00e5 kunne lese, skrive og regne skikkelig. Flere elever skal trives og oppleve mestring, gjerne via mer praktisk arbeid. L\u00e6rere skal ha trygge og gode arbeidsforhold, de skal ha tid til \u00e5 v\u00e6re l\u00e6rere og flere skal f\u00e5 etterutdanning. Vi \u00f8nsker at alle elever skal se tilbake p\u00e5 skole- og oppvekst\u00e5rene i Enebakk som viktige og gode \u00e5r.<\/p>\n<\/div><\/div>\n\n\n\n<div class=\"wp-block-media-text alignwide has-media-on-the-right is-stacked-on-mobile\"><div class=\"wp-block-media-text__content\">\n<h2 class=\"wp-block-heading\"><strong>2. Du skal ha det trygt og godt n\u00e5r du blir eldre<\/strong><\/h2>\n\n\n\n<p>Enebakk skal bli mer aldersvennlig. Vi skal legge bedre til rette for en sosial og aktiv alderdom ved \u00e5 skape gode m\u00f8teplasser og redusere digitalt utenforskap. Eldre som trenger pleie skal m\u00f8te et godt tilbud og medbestemmelse. Det skal legges godt til rette for \u00e5 bo hjemme, men ogs\u00e5 v\u00e6re tilstrekkelig tilbud om sykehjem- og omsorgsplasser. Vi \u00f8nsker \u00e5 se p\u00e5 muligheter for samarbeid med v\u00e5re nabokommuner om et bedre tilbud til unge med demens.<\/p>\n<\/div><figure class=\"wp-block-media-text__media\"><img decoding=\"async\" src=\"https:\/\/hoyre.no\/content\/uploads\/sites\/180\/2023\/06\/GettyImages-1053414448-1024x683.jpg\" alt=\"\" class=\"wp-image-200 size-full\"\/><\/figure><\/div>\n\n\n\n<div class=\"wp-block-media-text alignwide is-stacked-on-mobile\"><figure class=\"wp-block-media-text__media\"><img loading=\"lazy\" decoding=\"async\" width=\"1024\" height=\"683\" src=\"https:\/\/hoyre.no\/content\/uploads\/sites\/198\/2023\/06\/GettyImages-860044730-1024x683.jpg\" alt=\"\" class=\"wp-image-69 size-full\" srcset=\"https:\/\/hoyre.no\/content\/uploads\/sites\/198\/2023\/06\/GettyImages-860044730-1024x683.jpg 1024w, https:\/\/hoyre.no\/content\/uploads\/sites\/198\/2023\/06\/GettyImages-860044730-300x200.jpg 300w, https:\/\/hoyre.no\/content\/uploads\/sites\/198\/2023\/06\/GettyImages-860044730-768x513.jpg 768w, https:\/\/hoyre.no\/content\/uploads\/sites\/198\/2023\/06\/GettyImages-860044730-1536x1025.jpg 1536w, https:\/\/hoyre.no\/content\/uploads\/sites\/198\/2023\/06\/GettyImages-860044730-2048x1367.jpg 2048w\" sizes=\"auto, (max-width: 1024px) 100vw, 1024px\" \/><\/figure><div class=\"wp-block-media-text__content\">\n<h2 class=\"wp-block-heading\">3. <strong>Et boligmarked for alle<\/strong><\/h2>\n\n\n\n<p>Vi vil s\u00f8rge for mer variert boligbygging for unge i etableringsfasen og voksne som \u00f8nsker \u00e5 bytte ut en enebolig med noe mer lettvint. Vi skal ta i bruk ulike boligsosiale modeller i samarbeid med utbyggere.<\/p>\n<\/div><\/div>\n\n\n\n<div class=\"wp-block-media-text alignwide has-media-on-the-right is-stacked-on-mobile\"><div class=\"wp-block-media-text__content\">\n<h2 class=\"wp-block-heading\"><strong>4. Psykisk helse er et viktig satsningsomr\u00e5de, s\u00e6rlig for unge<\/strong><\/h2>\n\n\n\n<p>Vi \u00f8nsker \u00e5 gj\u00f8re tilbudene enda mer tilgjengelig og gi hjelp n\u00e5r det trengs. Rask og riktig hjelp er avgj\u00f8rende. Vi vil ha flere lavterskeltilbud, mer opps\u00f8kende hjelp og flere helsearbeidere innenfor psykisk helse- og rusarbeid. Sammen med Follo-kommunene vil vi fors\u00f8ke en lokal rusreform hvor vi g\u00e5r fra straffereaksjoner til helsehjelp og oppf\u00f8lging.<\/p>\n<\/div><figure class=\"wp-block-media-text__media\"><img loading=\"lazy\" decoding=\"async\" width=\"1024\" height=\"683\" src=\"https:\/\/hoyre.no\/content\/uploads\/sites\/198\/2023\/06\/GettyImages-1296917152-1024x683.jpg\" alt=\"\" class=\"wp-image-70 size-full\" srcset=\"https:\/\/hoyre.no\/content\/uploads\/sites\/198\/2023\/06\/GettyImages-1296917152-1024x683.jpg 1024w, https:\/\/hoyre.no\/content\/uploads\/sites\/198\/2023\/06\/GettyImages-1296917152-300x200.jpg 300w, https:\/\/hoyre.no\/content\/uploads\/sites\/198\/2023\/06\/GettyImages-1296917152-768x512.jpg 768w, https:\/\/hoyre.no\/content\/uploads\/sites\/198\/2023\/06\/GettyImages-1296917152-1536x1024.jpg 1536w, https:\/\/hoyre.no\/content\/uploads\/sites\/198\/2023\/06\/GettyImages-1296917152-2048x1365.jpg 2048w\" sizes=\"auto, (max-width: 1024px) 100vw, 1024px\" \/><\/figure><\/div>\n\n\n\n<div class=\"wp-block-media-text alignwide is-stacked-on-mobile\"><figure class=\"wp-block-media-text__media\"><img loading=\"lazy\" decoding=\"async\" width=\"1024\" height=\"683\" src=\"https:\/\/hoyre.no\/content\/uploads\/sites\/198\/2023\/06\/GettyImages-1202315655-1024x683.jpg\" alt=\"\" class=\"wp-image-71 size-full\" srcset=\"https:\/\/hoyre.no\/content\/uploads\/sites\/198\/2023\/06\/GettyImages-1202315655-1024x683.jpg 1024w, https:\/\/hoyre.no\/content\/uploads\/sites\/198\/2023\/06\/GettyImages-1202315655-300x200.jpg 300w, https:\/\/hoyre.no\/content\/uploads\/sites\/198\/2023\/06\/GettyImages-1202315655-768x512.jpg 768w, https:\/\/hoyre.no\/content\/uploads\/sites\/198\/2023\/06\/GettyImages-1202315655-1536x1024.jpg 1536w, https:\/\/hoyre.no\/content\/uploads\/sites\/198\/2023\/06\/GettyImages-1202315655-2048x1365.jpg 2048w\" sizes=\"auto, (max-width: 1024px) 100vw, 1024px\" \/><\/figure><div class=\"wp-block-media-text__content\">\n<h2 class=\"wp-block-heading\"><strong>5. Ta vare p\u00e5 naturen<\/strong><\/h2>\n\n\n\n<p>Vi vil gj\u00f8re det pent i sentrumsomr\u00e5dene. Det er behov for gode m\u00f8teplasser og gr\u00f8nne lunger. Det er viktig \u00e5 beholde god kvalitet p\u00e5 drikkevann og badevann, samt ha en plan for avrenning fra jordbruket og lekkasjer fra vann og avl\u00f8p. Vi vil v\u00e6re med \u00e5 bidra til at Oslofjorden reddes og at naturen i \u00d8stmarka bevares, samtidig som det skal legges til rette for friluftsliv og idrett.<\/p>\n<\/div><\/div>\n\n\n\n<div class=\"wp-block-media-text alignwide has-media-on-the-right is-stacked-on-mobile\"><div class=\"wp-block-media-text__content\">\n<h2 class=\"wp-block-heading\"><strong>6. P\u00e5 lag med de som skaper arbeidsplasser<\/strong><\/h2>\n\n\n\n<p>Vi vil gj\u00f8re det mer attraktivt \u00e5 skape arbeidsplasser i Enebakk. Vi heier p\u00e5 alle som vil skape jobber i kommunen. Vi vil prioritere arbeidet med \u00e5 utvikle n\u00e6ringsarealene til noe mer enn lagervirksomheter.<\/p>\n<\/div><figure class=\"wp-block-media-text__media\"><img decoding=\"async\" src=\"https:\/\/hoyre.no\/content\/uploads\/sites\/180\/2023\/06\/GettyImages-598254944-1024x683.jpg\" alt=\"\" class=\"wp-image-207 size-full\"\/><\/figure><\/div>\n\n\n\n<div class=\"wp-block-media-text is-stacked-on-mobile is-image-fill alignwide\"><figure class=\"wp-block-media-text__media\" style=\"background-image:url('https:\/\/hoyre.no\/content\/uploads\/sites\/180\/2023\/06\/GettyImages-1209076220-1024x683.jpg');background-position:50% 50%\"><img decoding=\"async\" src=\"https:\/\/hoyre.no\/content\/uploads\/sites\/180\/2023\/06\/GettyImages-1209076220-1024x683.jpg\" alt=\"\" class=\"wp-image-204 size-full\"\/><\/figure><div class=\"wp-block-media-text__content\">\n<h2 class=\"wp-block-heading\"><strong>7. Din garantist mot eiendomsskatt p\u00e5 bolig<\/strong><\/h2>\n\n\n\n<p>Mange kommuner rundt oss har allerede innf\u00f8rt eiendomsskatt, eller arbeider for \u00e5 innf\u00f8re denne dobbeltbeskatningen av folks boliger. Enebakk H\u00f8yre er helt klare p\u00e5 at en slik skatt ikke skal innf\u00f8res. Skatten er urettferdig og tar ikke hensyn til betalingsevne. Den rammer s\u00e6rlig eldre som sitter med st\u00f8rre boliger og sm\u00e5barnsfamilier som er i etableringsfasen.<\/p>\n<\/div><\/div>\n\n\n\n<div class=\"wp-block-hoyre-banner alignwide undefined  is-style-blue\"><div class=\"banner-inner\"><figure class=\"hoyre-image-wrapper\"><div class=\"hoyre-image\"><img loading=\"lazy\" decoding=\"async\" width=\"1252\" height=\"939\" src=\"https:\/\/hoyre.no\/content\/uploads\/sites\/198\/2022\/09\/Tonje-Olsen.jpg\" class=\"attachment-scaled size-scaled\" alt=\"\" style=\"object-position: 5% 84%\" srcset=\"https:\/\/hoyre.no\/content\/uploads\/sites\/198\/2022\/09\/Tonje-Olsen.jpg 1252w, https:\/\/hoyre.no\/content\/uploads\/sites\/198\/2022\/09\/Tonje-Olsen-300x225.jpg 300w, https:\/\/hoyre.no\/content\/uploads\/sites\/198\/2022\/09\/Tonje-Olsen-1024x768.jpg 1024w, https:\/\/hoyre.no\/content\/uploads\/sites\/198\/2022\/09\/Tonje-Olsen-768x576.jpg 768w\" sizes=\"auto, (max-width: 1252px) 100vw, 1252px\" \/><\/div><\/figure><div class=\"banner-content\"><div class=\"entry-content\">\n<h2 class=\"wp-block-heading\">Bli bedre kjent med Tonje<\/h2>\n\n\n\n<p>Tonje Anderson Olsen er Enebakk H\u00f8yres ordf\u00f8rerkandidat til kommunevalget i 2023. <\/p>\n\n\n\n<div class=\"wp-block-buttons alignwide is-layout-flex wp-block-buttons-is-layout-flex\">\n<div class=\"wp-block-button\"><a class=\"wp-block-button__link wp-element-button\" href=\"https:\/\/hoyre.no\/enebakk\/bli-bedre-kjent-med-tonje\/\" target=\"_blank\" rel=\"noreferrer noopener\">bli bedre kjent med Tonje<\/a><\/div>\n<\/div>\n<\/div><\/div><\/div><\/div>\n","protected":false},"excerpt":{"rendered":"<p>1. En skole der alle kan lykkes Det er for mange som g\u00e5r ut av skolen uten \u00e5 kunne lese, skrive og regne skikkelig. Flere elever skal trives og oppleve mestring, gjerne via mer praktisk arbeid. L\u00e6rere skal ha trygge og gode arbeidsforhold, de skal ha tid til \u00e5 v\u00e6re l\u00e6rere og flere skal f\u00e5 [&hellip;]<\/p>\n","protected":false},"author":11570,"featured_media":0,"parent":0,"menu_order":0,"comment_status":"closed","ping_status":"closed","template":"","meta":{"teft_cards_image_url":"","teft_cards_custom_pretitle":"","teft_cards_image_id":46,"teft_cards_image_focal_point_x":0.5,"teft_cards_image_focal_point_y":0.5,"teft_cards_title":"Syv gode grunner til \u00e5 stemme H\u00f8yre i Enebakk","teft_cards_excerpt":"","teft_show_chapters":false,"footnotes":""},"class_list":["post-68","page","type-page","status-publish","hentry"],"yoast_head":"<!-- This site is optimized with the Yoast SEO plugin v26.6 - https:\/\/yoast.com\/wordpress\/plugins\/seo\/ -->\n<title>Syv gode grunner til \u00e5 stemme H\u00f8yre i Enebakk - Enebakk H\u00f8yre<\/title>\n<meta name=\"robots\" content=\"index, follow, max-snippet:-1, max-image-preview:large, max-video-preview:-1\" \/>\n<link rel=\"canonical\" href=\"https:\/\/hoyre.no\/enebakk\/syv-gode-grunner-til-a-stemme-hoyre-i-enebakk\/\" \/>\n<meta property=\"og:locale\" content=\"nb_NO\" \/>\n<meta property=\"og:type\" content=\"article\" \/>\n<meta property=\"og:title\" content=\"Syv gode grunner til \u00e5 stemme H\u00f8yre i Enebakk - Enebakk H\u00f8yre\" \/>\n<meta property=\"og:description\" content=\"1. En skole der alle kan lykkes Det er for mange som g\u00e5r ut av skolen uten \u00e5 kunne lese, skrive og regne skikkelig. Flere elever skal trives og oppleve mestring, gjerne via mer praktisk arbeid. L\u00e6rere skal ha trygge og gode arbeidsforhold, de skal ha tid til \u00e5 v\u00e6re l\u00e6rere og flere skal f\u00e5 [&hellip;]\" \/>\n<meta property=\"og:url\" content=\"https:\/\/hoyre.no\/enebakk\/syv-gode-grunner-til-a-stemme-hoyre-i-enebakk\/\" \/>\n<meta property=\"og:site_name\" content=\"Enebakk H\u00f8yre\" \/>\n<meta property=\"article:modified_time\" content=\"2024-12-16T14:02:58+00:00\" \/>\n<meta property=\"og:image\" content=\"https:\/\/hoyre.no\/content\/uploads\/sites\/198\/2023\/06\/15_Hoyre-017-1024x683.jpg\" \/>\n<meta name=\"twitter:card\" content=\"summary_large_image\" \/>\n<meta name=\"twitter:label1\" content=\"Ansl. lesetid\" \/>\n\t<meta name=\"twitter:data1\" content=\"5 minutter\" \/>\n<script type=\"application\/ld+json\" class=\"yoast-schema-graph\">{\"@context\":\"https:\/\/schema.org\",\"@graph\":[{\"@type\":\"WebPage\",\"@id\":\"https:\/\/hoyre.no\/enebakk\/syv-gode-grunner-til-a-stemme-hoyre-i-enebakk\/\",\"url\":\"https:\/\/hoyre.no\/enebakk\/syv-gode-grunner-til-a-stemme-hoyre-i-enebakk\/\",\"name\":\"Syv gode grunner til \u00e5 stemme H\u00f8yre i Enebakk - Enebakk H\u00f8yre\",\"isPartOf\":{\"@id\":\"https:\/\/hoyre.no\/enebakk\/#website\"},\"image\":{\"@id\":\"https:\/\/hoyre.no\/enebakk\/syv-gode-grunner-til-a-stemme-hoyre-i-enebakk\/#primaryimage\"},\"thumbnailUrl\":\"https:\/\/hoyre.no\/content\/uploads\/sites\/180\/2023\/06\/GettyImages-1358014313-1-1024x683.jpg\",\"datePublished\":\"2023-06-30T09:25:02+00:00\",\"dateModified\":\"2024-12-16T14:02:58+00:00\",\"breadcrumb\":{\"@id\":\"https:\/\/hoyre.no\/enebakk\/syv-gode-grunner-til-a-stemme-hoyre-i-enebakk\/#breadcrumb\"},\"inLanguage\":\"nb-NO\",\"potentialAction\":[{\"@type\":\"ReadAction\",\"target\":[\"https:\/\/hoyre.no\/enebakk\/syv-gode-grunner-til-a-stemme-hoyre-i-enebakk\/\"]}]},{\"@type\":\"ImageObject\",\"inLanguage\":\"nb-NO\",\"@id\":\"https:\/\/hoyre.no\/enebakk\/syv-gode-grunner-til-a-stemme-hoyre-i-enebakk\/#primaryimage\",\"url\":\"https:\/\/hoyre.no\/content\/uploads\/sites\/180\/2023\/06\/GettyImages-1358014313-1-1024x683.jpg\",\"contentUrl\":\"https:\/\/hoyre.no\/content\/uploads\/sites\/180\/2023\/06\/GettyImages-1358014313-1-1024x683.jpg\"},{\"@type\":\"BreadcrumbList\",\"@id\":\"https:\/\/hoyre.no\/enebakk\/syv-gode-grunner-til-a-stemme-hoyre-i-enebakk\/#breadcrumb\",\"itemListElement\":[{\"@type\":\"ListItem\",\"position\":1,\"name\":\"Til hoyre.no\",\"item\":\"https:\/\/hoyre.no\"},{\"@type\":\"ListItem\",\"position\":2,\"name\":\"Hjem\",\"item\":\"https:\/\/hoyre.no\/enebakk\/\"},{\"@type\":\"ListItem\",\"position\":3,\"name\":\"Syv gode grunner til \u00e5 stemme H\u00f8yre i Enebakk\"}]},{\"@type\":\"WebSite\",\"@id\":\"https:\/\/hoyre.no\/enebakk\/#website\",\"url\":\"https:\/\/hoyre.no\/enebakk\/\",\"name\":\"Enebakk H\u00f8yre\",\"description\":\"Bare enda et H\u00f8yres nettsteder-nettsted\",\"inLanguage\":\"nb-NO\"}]}<\/script>\n<!-- \/ Yoast SEO plugin. -->","yoast_head_json":{"title":"Syv gode grunner til \u00e5 stemme H\u00f8yre i Enebakk - Enebakk H\u00f8yre","robots":{"index":"index","follow":"follow","max-snippet":"max-snippet:-1","max-image-preview":"max-image-preview:large","max-video-preview":"max-video-preview:-1"},"canonical":"https:\/\/hoyre.no\/enebakk\/syv-gode-grunner-til-a-stemme-hoyre-i-enebakk\/","og_locale":"nb_NO","og_type":"article","og_title":"Syv gode grunner til \u00e5 stemme H\u00f8yre i Enebakk - Enebakk H\u00f8yre","og_description":"1. En skole der alle kan lykkes Det er for mange som g\u00e5r ut av skolen uten \u00e5 kunne lese, skrive og regne skikkelig. Flere elever skal trives og oppleve mestring, gjerne via mer praktisk arbeid. L\u00e6rere skal ha trygge og gode arbeidsforhold, de skal ha tid til \u00e5 v\u00e6re l\u00e6rere og flere skal f\u00e5 [&hellip;]","og_url":"https:\/\/hoyre.no\/enebakk\/syv-gode-grunner-til-a-stemme-hoyre-i-enebakk\/","og_site_name":"Enebakk H\u00f8yre","article_modified_time":"2024-12-16T14:02:58+00:00","og_image":[{"url":"https:\/\/hoyre.no\/content\/uploads\/sites\/198\/2023\/06\/15_Hoyre-017-1024x683.jpg","width":"","height":"","type":""}],"twitter_card":"summary_large_image","twitter_misc":{"Ansl. lesetid":"5 minutter"},"schema":{"@context":"https:\/\/schema.org","@graph":[{"@type":"WebPage","@id":"https:\/\/hoyre.no\/enebakk\/syv-gode-grunner-til-a-stemme-hoyre-i-enebakk\/","url":"https:\/\/hoyre.no\/enebakk\/syv-gode-grunner-til-a-stemme-hoyre-i-enebakk\/","name":"Syv gode grunner til \u00e5 stemme H\u00f8yre i Enebakk - Enebakk H\u00f8yre","isPartOf":{"@id":"https:\/\/hoyre.no\/enebakk\/#website"},"image":{"@id":"https:\/\/hoyre.no\/enebakk\/syv-gode-grunner-til-a-stemme-hoyre-i-enebakk\/#primaryimage"},"thumbnailUrl":"https:\/\/hoyre.no\/content\/uploads\/sites\/180\/2023\/06\/GettyImages-1358014313-1-1024x683.jpg","datePublished":"2023-06-30T09:25:02+00:00","dateModified":"2024-12-16T14:02:58+00:00","breadcrumb":{"@id":"https:\/\/hoyre.no\/enebakk\/syv-gode-grunner-til-a-stemme-hoyre-i-enebakk\/#breadcrumb"},"inLanguage":"nb-NO","potentialAction":[{"@type":"ReadAction","target":["https:\/\/hoyre.no\/enebakk\/syv-gode-grunner-til-a-stemme-hoyre-i-enebakk\/"]}]},{"@type":"ImageObject","inLanguage":"nb-NO","@id":"https:\/\/hoyre.no\/enebakk\/syv-gode-grunner-til-a-stemme-hoyre-i-enebakk\/#primaryimage","url":"https:\/\/hoyre.no\/content\/uploads\/sites\/180\/2023\/06\/GettyImages-1358014313-1-1024x683.jpg","contentUrl":"https:\/\/hoyre.no\/content\/uploads\/sites\/180\/2023\/06\/GettyImages-1358014313-1-1024x683.jpg"},{"@type":"BreadcrumbList","@id":"https:\/\/hoyre.no\/enebakk\/syv-gode-grunner-til-a-stemme-hoyre-i-enebakk\/#breadcrumb","itemListElement":[{"@type":"ListItem","position":1,"name":"Til hoyre.no","item":"https:\/\/hoyre.no"},{"@type":"ListItem","position":2,"name":"Hjem","item":"https:\/\/hoyre.no\/enebakk\/"},{"@type":"ListItem","position":3,"name":"Syv gode grunner til \u00e5 stemme H\u00f8yre i Enebakk"}]},{"@type":"WebSite","@id":"https:\/\/hoyre.no\/enebakk\/#website","url":"https:\/\/hoyre.no\/enebakk\/","name":"Enebakk H\u00f8yre","description":"Bare enda et H\u00f8yres nettsteder-nettsted","inLanguage":"nb-NO"}]}},"distributor_meta":false,"distributor_terms":false,"distributor_media":false,"distributor_original_site_name":"Enebakk H\u00f8yre","distributor_original_site_url":"https:\/\/hoyre.no\/enebakk","push-errors":false,"_links":{"self":[{"href":"https:\/\/hoyre.no\/enebakk\/wp-json\/wp\/v2\/pages\/68","targetHints":{"allow":["GET"]}}],"collection":[{"href":"https:\/\/hoyre.no\/enebakk\/wp-json\/wp\/v2\/pages"}],"about":[{"href":"https:\/\/hoyre.no\/enebakk\/wp-json\/wp\/v2\/types\/page"}],"author":[{"embeddable":true,"href":"https:\/\/hoyre.no\/enebakk\/wp-json\/wp\/v2\/users\/11570"}],"replies":[{"embeddable":true,"href":"https:\/\/hoyre.no\/enebakk\/wp-json\/wp\/v2\/comments?post=68"}],"version-history":[{"count":4,"href":"https:\/\/hoyre.no\/enebakk\/wp-json\/wp\/v2\/pages\/68\/revisions"}],"predecessor-version":[{"id":121,"href":"https:\/\/hoyre.no\/enebakk\/wp-json\/wp\/v2\/pages\/68\/revisions\/121"}],"wp:attachment":[{"href":"https:\/\/hoyre.no\/enebakk\/wp-json\/wp\/v2\/media?parent=68"}],"curies":[{"name":"wp","href":"https:\/\/api.w.org\/{rel}","templated":true}]}}