{"id":79,"date":"2023-06-30T11:41:41","date_gmt":"2023-06-30T09:41:41","guid":{"rendered":"https:\/\/hoyre.no\/enebakk\/?page_id=79"},"modified":"2024-12-16T15:15:01","modified_gmt":"2024-12-16T14:15:01","slug":"bli-bedre-kjent-med-tonje","status":"publish","type":"page","link":"https:\/\/hoyre.no\/enebakk\/bli-bedre-kjent-med-tonje\/","title":{"rendered":"Bli bedre kjent med Tonje"},"content":{"rendered":"\n<div class=\"wp-block-hoyre-hero with-image-gradient text-color-light  has-media alignfull has-background\"><div class=\"hoyre-hero has-image\"><h1 class=\"title\">Bli bedre kjent med Tonje<\/h1><p class=\"preamble\">Tonje Anderson Olsen er varaordf\u00f8rer i Enebakk.<\/p>\t\t\t<div class=\"post-meta wp-block teft-byline-wrapper\">\n\t\t\t\t<div class=\"top\">\n\t\t\t\t\t<div class=\"signature\">\n\t\t\t\t\t\t<div class=\"teft-byline\">\n\t\t\t\t\t\t\t\t\t\t\t\t\t\t<div>\n\t\t\t\t\t\t\t\t<h3>H\u00f8yres redaksjon<\/h3>\t\t\t\t\t\t\t\t\n\t\t\t\t\t\t\t\t\t\t\t\t\t\t\t\t\t<span class=\"date\">Sist oppdatert: 16. desember 2024<\/span>\n\t\t\t\t\t\t\t\t\t\t\t\t\t\t\t\t\t\t\t\t\t\t\t\t\t<span class=\"reading-time\" itemprop=\"timeRequired\" content=\"PT3M\"><em>Ca. 3 minutter lesetid<\/em><\/span>\n\t\t\t\t\t\t\t\t\t\t\t\t\t\t\t<\/div>\n\t\t\t\t\t\t<\/div>\n\t\t\t\t\t<\/div>\n\t\t\t\t\t\t<div class=\"sharing\">\n\t\t<a class=\"share-button share-link copy-link\" data-copy=\"https:\/\/hoyre.no\/enebakk\/bli-bedre-kjent-med-tonje\/\" target=\"_blank\"><span class=\"screen-reader-text\">Del link<\/span><\/a>\n\t\t<a class=\"share-button share-twitter\" href=\"http:\/\/twitter.com\/share?text=Bli bedre kjent med Tonje&#038;url=https:\/\/hoyre.no\/enebakk\/bli-bedre-kjent-med-tonje\/&#038;hashtags=Hoyre\" target=\"_blank\"><span class=\"screen-reader-text\">Del p\u00e5 twitter<\/span><\/a>\n\t\t<a class=\"share-button share-facebook\" href=\"https:\/\/www.facebook.com\/sharer\/sharer.php?u=https:\/\/hoyre.no\/enebakk\/bli-bedre-kjent-med-tonje\/\" target=\"_blank\"><span class=\"screen-reader-text\">Del p\u00e5 facebook<\/span><\/a>\n\t<\/div>\n\t\t\t\t\t<\/div>\n\t\t\t<\/div>\n\n\t\t\t<figure class=\"hoyre-image-wrapper\"><div class=\"hoyre-image\"><img loading=\"lazy\" decoding=\"async\" width=\"1252\" height=\"939\" src=\"https:\/\/hoyre.no\/content\/uploads\/sites\/198\/2022\/09\/Tonje-Olsen.jpg\" class=\"attachment-scaled size-scaled\" alt=\"\" style=\"object-position: 50% 30%\" srcset=\"https:\/\/hoyre.no\/content\/uploads\/sites\/198\/2022\/09\/Tonje-Olsen.jpg 1252w, https:\/\/hoyre.no\/content\/uploads\/sites\/198\/2022\/09\/Tonje-Olsen-300x225.jpg 300w, https:\/\/hoyre.no\/content\/uploads\/sites\/198\/2022\/09\/Tonje-Olsen-1024x768.jpg 1024w, https:\/\/hoyre.no\/content\/uploads\/sites\/198\/2022\/09\/Tonje-Olsen-768x576.jpg 768w\" sizes=\"auto, (max-width: 1252px) 100vw, 1252px\" \/><\/div><\/figure><\/div><\/div>\n\n\n\n\n<div class=\"wp-block-hoyre-banner undefined has-icon-title icon-heart is-style-blue\"><div class=\"banner-inner\"><div class=\"banner-content\"><div class=\"entry-content\">\n<h2 class=\"wp-block-heading has-text-align-center\">Bli bedre kjent med Tonje!<\/h2>\n\n\n\n<p class=\"has-text-align-left\"><strong>Alder:<\/strong> 53 \u00e5r<\/p>\n\n\n\n<p class=\"has-text-align-left\"><strong>Sivilstatus:<\/strong> Gift og har to gutter p\u00e5 22 \u00e5r<\/p>\n\n\n\n<p class=\"has-text-align-left\"><strong>Bosted:<\/strong> Kirkebygda, Enebakk<\/p>\n\n\n\n<p class=\"has-text-align-left\"><strong>Jobb:<\/strong> Karriereveileder og l\u00e6rer i ungdomsskolen<\/p>\n\n\n\n<div class=\"wp-block-buttons is-layout-flex wp-block-buttons-is-layout-flex\"><\/div>\n<\/div><\/div><\/div><\/div>\n\n\n\n<figure class=\"wp-block-image size-large\"><img loading=\"lazy\" decoding=\"async\" width=\"1024\" height=\"905\" src=\"https:\/\/hoyre.no\/content\/uploads\/sites\/198\/2023\/06\/21_Tonje_2-1024x905.jpg\" alt=\"\" class=\"wp-image-53\" srcset=\"https:\/\/hoyre.no\/content\/uploads\/sites\/198\/2023\/06\/21_Tonje_2-1024x905.jpg 1024w, https:\/\/hoyre.no\/content\/uploads\/sites\/198\/2023\/06\/21_Tonje_2-300x265.jpg 300w, https:\/\/hoyre.no\/content\/uploads\/sites\/198\/2023\/06\/21_Tonje_2-768x679.jpg 768w, https:\/\/hoyre.no\/content\/uploads\/sites\/198\/2023\/06\/21_Tonje_2-1536x1357.jpg 1536w, https:\/\/hoyre.no\/content\/uploads\/sites\/198\/2023\/06\/21_Tonje_2-2048x1810.jpg 2048w\" sizes=\"auto, (max-width: 1024px) 100vw, 1024px\" \/><\/figure>\n\n\n\n<p><strong>Hva er det beste med Enebakk?<\/strong><\/p>\n\n\n\n<p>\u2013 Naturen, beliggenheten og alle fine folk som bor her! Vi har det landlig, samtidig som det er kort vei til byene rundt oss. Jeg opplever at vi har mange engasjerte innbyggere som vil v\u00e6re med \u00e5 bidra i lokalsamfunnet. Enebakk hadde ikke v\u00e6rt det samme uten frivilligheten og dugnads\u00e5nden.<\/p>\n\n\n\n<p><strong>Hvorfor og n\u00e5r meldte du deg inn i H\u00f8yre?<\/strong><\/p>\n\n\n\n<p>\u2013 Jeg tilh\u00f8rer Willoch-generasjonen. S\u00e5 allerede p\u00e5 80-tallet ble H\u00f8yre partiet for meg. Jeg var opptatt av valgfrihet, at butikker ikke skulle stenge klokka 16, flere TV- og radiokanaler, og kanskje viktigst: Jo Benkows sitat; \u00ab<em>Jeg velger H\u00f8yre, fordi det er det partiet som best sikrer meg retten til \u00e5 v\u00e6re annerledes.\u00bb.<\/em><\/p>\n\n\n\n<p>Jeg ble aktivt med i Enebakk H\u00f8yre etter at jeg fikk barn, s\u00e5 n\u00e5 n\u00e6rmer det seg 20 \u00e5r med lokalpolitikk. I tillegg er jeg vara p\u00e5 Stortinget og 2. nestleder i interimsstyret i Akershus H\u00f8yre.<\/p>\n\n\n\n<p><strong>Hvorfor er du engasjert i lokalpolitikk?<\/strong><\/p>\n\n\n\n<p>\u2013 Fordi Enebakk kan bli et enda bedre sted \u00e5 bo, leve og arbeide. Vi er n\u00f8dt til \u00e5 ruste kommunen for fremtidens utfordringer. Derfor m\u00e5 Enebakk videreutvikles til det beste for innbyggerne, samtidig som vi tar vare p\u00e5 v\u00e5re mange gode kvaliteter.<\/p>\n\n\n\n<p><strong>Hvilke saker mener du at H\u00f8yre b\u00f8r prioritere?<\/strong><\/p>\n\n\n\n<p>\u2013 Oppvekst, trygg alderdom, flere tilpassede boliger og arbeidsplasser er viktige saker for H\u00f8yre.<\/p>\n\n\n\n<p>Jeg mener s\u00e6rlig at en god oppvekst b\u00f8r l\u00f8ftes frem. Vi ser en \u00f8kning av ungdommer som sliter med psykisk helse, rus og utenforskap. Vi har for mange som ikke fullf\u00f8rer utdanning og som ikke f\u00e5r den hjelpen de trenger. For at flere elever skal trives og oppleve mestring p\u00e5 skolen, vil H\u00f8yre fokusere p\u00e5 tidlig innsats allerede fra barnehagen, \u00e5 la l\u00e6rerne jobbe med undervisning, f\u00e5 flere profesjoner inn i skolen og gj\u00f8re skolen mer tilpasset slik at flere opplever mestring. Dette er en oppgave der foreldre, lokalsamfunnet og kommunen m\u00e5 jobbe sammen.<\/p>\n\n\n\n<p><strong>Hva gj\u00f8r du n\u00e5r du ikke er politiker?<\/strong><\/p>\n\n\n\n<p>\u2013 Jeg har politikk b\u00e5de som jobb og hobby. I dag er jeg varaordf\u00f8rer, noe som tar litt tid i tillegg til all annen politikk, men jeg er opptatt av gjenbruk og fors\u00f8ker \u00e5 ha salgsboder et par ganger i \u00e5ret. S\u00e6rlig julemarkedet i Kirkebygda er sv\u00e6rt hyggelig \u00e5 v\u00e6re med p\u00e5. Ellers p\u00e5 fritiden liker jeg \u00e5 lytte til lydb\u00f8ker mens jeg gj\u00f8r husarbeid, steller i hagen eller pusser opp noen bruktfunn. Det er ogs\u00e5 viktig for meg \u00e5 treffe venner og v\u00e6re sosial.<\/p>\n\n\n\n<div class=\"wp-block-hoyre-banner alignwide undefined  is-style-dark\"><div class=\"banner-inner\"><figure class=\"hoyre-image-wrapper\"><div class=\"hoyre-image\"><img loading=\"lazy\" decoding=\"async\" width=\"800\" height=\"737\" src=\"https:\/\/hoyre.no\/content\/uploads\/sites\/198\/2023\/06\/Valgstand.png\" class=\"attachment-scaled size-scaled\" alt=\"\" style=\"object-position: 49% 91%\" srcset=\"https:\/\/hoyre.no\/content\/uploads\/sites\/198\/2023\/06\/Valgstand.png 800w, https:\/\/hoyre.no\/content\/uploads\/sites\/198\/2023\/06\/Valgstand-300x276.png 300w, https:\/\/hoyre.no\/content\/uploads\/sites\/198\/2023\/06\/Valgstand-768x708.png 768w\" sizes=\"auto, (max-width: 800px) 100vw, 800px\" \/><\/div><\/figure><div class=\"banner-content\"><div class=\"entry-content\">\n<h2 class=\"wp-block-heading\">Syv gode grunner til<br>\u00e5 stemme H\u00f8yre i Enebakk<\/h2>\n\n\n\n<p>Her kan du lese syv gode grunner til \u00e5 stemme H\u00f8yre i Enebakk\ud83d\udc47<\/p>\n\n\n\n<div class=\"wp-block-buttons alignwide is-layout-flex wp-block-buttons-is-layout-flex\">\n<div class=\"wp-block-button\"><a class=\"wp-block-button__link wp-element-button\" href=\"https:\/\/hoyre.no\/enebakk\/syv-gode-grunner-til-a-stemme-hoyre-i-enebakk\/\" target=\"_blank\" rel=\"noreferrer noopener\">Les mer<\/a><\/div>\n<\/div>\n<\/div><\/div><\/div><\/div>\n\n","protected":false},"excerpt":{"rendered":"","protected":false},"author":11570,"featured_media":0,"parent":0,"menu_order":0,"comment_status":"closed","ping_status":"closed","template":"","meta":{"teft_cards_image_url":"","teft_cards_custom_pretitle":"","teft_cards_image_id":29,"teft_cards_image_focal_point_x":0.5,"teft_cards_image_focal_point_y":0.5,"teft_cards_title":"Bli bedre kjent med Tonje","teft_cards_excerpt":"","teft_show_chapters":false,"footnotes":""},"class_list":["post-79","page","type-page","status-publish","hentry"],"yoast_head":"<!-- This site is optimized with the Yoast SEO plugin v26.6 - https:\/\/yoast.com\/wordpress\/plugins\/seo\/ -->\n<title>Bli bedre kjent med Tonje - Enebakk H\u00f8yre<\/title>\n<meta name=\"robots\" content=\"index, follow, max-snippet:-1, max-image-preview:large, max-video-preview:-1\" \/>\n<link rel=\"canonical\" href=\"https:\/\/hoyre.no\/enebakk\/bli-bedre-kjent-med-tonje\/\" \/>\n<meta property=\"og:locale\" content=\"nb_NO\" \/>\n<meta property=\"og:type\" content=\"article\" \/>\n<meta property=\"og:title\" content=\"Bli bedre kjent med Tonje - Enebakk H\u00f8yre\" \/>\n<meta property=\"og:url\" content=\"https:\/\/hoyre.no\/enebakk\/bli-bedre-kjent-med-tonje\/\" \/>\n<meta property=\"og:site_name\" content=\"Enebakk H\u00f8yre\" \/>\n<meta property=\"article:modified_time\" content=\"2024-12-16T14:15:01+00:00\" \/>\n<meta property=\"og:image\" content=\"https:\/\/hoyre.no\/content\/uploads\/sites\/198\/2022\/09\/Tonje-Olsen-1024x768.jpg\" \/>\n<meta name=\"twitter:card\" content=\"summary_large_image\" \/>\n<meta name=\"twitter:label1\" content=\"Ansl. lesetid\" \/>\n\t<meta name=\"twitter:data1\" content=\"3 minutter\" \/>\n<script type=\"application\/ld+json\" class=\"yoast-schema-graph\">{\"@context\":\"https:\/\/schema.org\",\"@graph\":[{\"@type\":\"WebPage\",\"@id\":\"https:\/\/hoyre.no\/enebakk\/bli-bedre-kjent-med-tonje\/\",\"url\":\"https:\/\/hoyre.no\/enebakk\/bli-bedre-kjent-med-tonje\/\",\"name\":\"Bli bedre kjent med Tonje - Enebakk H\u00f8yre\",\"isPartOf\":{\"@id\":\"https:\/\/hoyre.no\/enebakk\/#website\"},\"image\":{\"@id\":\"https:\/\/hoyre.no\/enebakk\/bli-bedre-kjent-med-tonje\/#primaryimage\"},\"thumbnailUrl\":\"https:\/\/hoyre.no\/content\/uploads\/sites\/198\/2023\/06\/21_Tonje_2-1024x905.jpg\",\"datePublished\":\"2023-06-30T09:41:41+00:00\",\"dateModified\":\"2024-12-16T14:15:01+00:00\",\"breadcrumb\":{\"@id\":\"https:\/\/hoyre.no\/enebakk\/bli-bedre-kjent-med-tonje\/#breadcrumb\"},\"inLanguage\":\"nb-NO\",\"potentialAction\":[{\"@type\":\"ReadAction\",\"target\":[\"https:\/\/hoyre.no\/enebakk\/bli-bedre-kjent-med-tonje\/\"]}]},{\"@type\":\"ImageObject\",\"inLanguage\":\"nb-NO\",\"@id\":\"https:\/\/hoyre.no\/enebakk\/bli-bedre-kjent-med-tonje\/#primaryimage\",\"url\":\"https:\/\/hoyre.no\/content\/uploads\/sites\/198\/2023\/06\/21_Tonje_2-1024x905.jpg\",\"contentUrl\":\"https:\/\/hoyre.no\/content\/uploads\/sites\/198\/2023\/06\/21_Tonje_2-1024x905.jpg\"},{\"@type\":\"BreadcrumbList\",\"@id\":\"https:\/\/hoyre.no\/enebakk\/bli-bedre-kjent-med-tonje\/#breadcrumb\",\"itemListElement\":[{\"@type\":\"ListItem\",\"position\":1,\"name\":\"Til hoyre.no\",\"item\":\"https:\/\/hoyre.no\"},{\"@type\":\"ListItem\",\"position\":2,\"name\":\"Hjem\",\"item\":\"https:\/\/hoyre.no\/enebakk\/\"},{\"@type\":\"ListItem\",\"position\":3,\"name\":\"Bli bedre kjent med Tonje\"}]},{\"@type\":\"WebSite\",\"@id\":\"https:\/\/hoyre.no\/enebakk\/#website\",\"url\":\"https:\/\/hoyre.no\/enebakk\/\",\"name\":\"Enebakk H\u00f8yre\",\"description\":\"Bare enda et H\u00f8yres nettsteder-nettsted\",\"inLanguage\":\"nb-NO\"}]}<\/script>\n<!-- \/ Yoast SEO plugin. -->","yoast_head_json":{"title":"Bli bedre kjent med Tonje - Enebakk H\u00f8yre","robots":{"index":"index","follow":"follow","max-snippet":"max-snippet:-1","max-image-preview":"max-image-preview:large","max-video-preview":"max-video-preview:-1"},"canonical":"https:\/\/hoyre.no\/enebakk\/bli-bedre-kjent-med-tonje\/","og_locale":"nb_NO","og_type":"article","og_title":"Bli bedre kjent med Tonje - Enebakk H\u00f8yre","og_url":"https:\/\/hoyre.no\/enebakk\/bli-bedre-kjent-med-tonje\/","og_site_name":"Enebakk H\u00f8yre","article_modified_time":"2024-12-16T14:15:01+00:00","og_image":[{"url":"https:\/\/hoyre.no\/content\/uploads\/sites\/198\/2022\/09\/Tonje-Olsen-1024x768.jpg","width":"","height":"","type":""}],"twitter_card":"summary_large_image","twitter_misc":{"Ansl. lesetid":"3 minutter"},"schema":{"@context":"https:\/\/schema.org","@graph":[{"@type":"WebPage","@id":"https:\/\/hoyre.no\/enebakk\/bli-bedre-kjent-med-tonje\/","url":"https:\/\/hoyre.no\/enebakk\/bli-bedre-kjent-med-tonje\/","name":"Bli bedre kjent med Tonje - Enebakk H\u00f8yre","isPartOf":{"@id":"https:\/\/hoyre.no\/enebakk\/#website"},"image":{"@id":"https:\/\/hoyre.no\/enebakk\/bli-bedre-kjent-med-tonje\/#primaryimage"},"thumbnailUrl":"https:\/\/hoyre.no\/content\/uploads\/sites\/198\/2023\/06\/21_Tonje_2-1024x905.jpg","datePublished":"2023-06-30T09:41:41+00:00","dateModified":"2024-12-16T14:15:01+00:00","breadcrumb":{"@id":"https:\/\/hoyre.no\/enebakk\/bli-bedre-kjent-med-tonje\/#breadcrumb"},"inLanguage":"nb-NO","potentialAction":[{"@type":"ReadAction","target":["https:\/\/hoyre.no\/enebakk\/bli-bedre-kjent-med-tonje\/"]}]},{"@type":"ImageObject","inLanguage":"nb-NO","@id":"https:\/\/hoyre.no\/enebakk\/bli-bedre-kjent-med-tonje\/#primaryimage","url":"https:\/\/hoyre.no\/content\/uploads\/sites\/198\/2023\/06\/21_Tonje_2-1024x905.jpg","contentUrl":"https:\/\/hoyre.no\/content\/uploads\/sites\/198\/2023\/06\/21_Tonje_2-1024x905.jpg"},{"@type":"BreadcrumbList","@id":"https:\/\/hoyre.no\/enebakk\/bli-bedre-kjent-med-tonje\/#breadcrumb","itemListElement":[{"@type":"ListItem","position":1,"name":"Til hoyre.no","item":"https:\/\/hoyre.no"},{"@type":"ListItem","position":2,"name":"Hjem","item":"https:\/\/hoyre.no\/enebakk\/"},{"@type":"ListItem","position":3,"name":"Bli bedre kjent med Tonje"}]},{"@type":"WebSite","@id":"https:\/\/hoyre.no\/enebakk\/#website","url":"https:\/\/hoyre.no\/enebakk\/","name":"Enebakk H\u00f8yre","description":"Bare enda et H\u00f8yres nettsteder-nettsted","inLanguage":"nb-NO"}]}},"distributor_meta":false,"distributor_terms":false,"distributor_media":false,"distributor_original_site_name":"Enebakk H\u00f8yre","distributor_original_site_url":"https:\/\/hoyre.no\/enebakk","push-errors":false,"_links":{"self":[{"href":"https:\/\/hoyre.no\/enebakk\/wp-json\/wp\/v2\/pages\/79","targetHints":{"allow":["GET"]}}],"collection":[{"href":"https:\/\/hoyre.no\/enebakk\/wp-json\/wp\/v2\/pages"}],"about":[{"href":"https:\/\/hoyre.no\/enebakk\/wp-json\/wp\/v2\/types\/page"}],"author":[{"embeddable":true,"href":"https:\/\/hoyre.no\/enebakk\/wp-json\/wp\/v2\/users\/11570"}],"replies":[{"embeddable":true,"href":"https:\/\/hoyre.no\/enebakk\/wp-json\/wp\/v2\/comments?post=79"}],"version-history":[{"count":4,"href":"https:\/\/hoyre.no\/enebakk\/wp-json\/wp\/v2\/pages\/79\/revisions"}],"predecessor-version":[{"id":126,"href":"https:\/\/hoyre.no\/enebakk\/wp-json\/wp\/v2\/pages\/79\/revisions\/126"}],"wp:attachment":[{"href":"https:\/\/hoyre.no\/enebakk\/wp-json\/wp\/v2\/media?parent=79"}],"curies":[{"name":"wp","href":"https:\/\/api.w.org\/{rel}","templated":true}]}}