{"id":104,"date":"2023-08-09T11:58:54","date_gmt":"2023-08-09T09:58:54","guid":{"rendered":"https:\/\/hoyre.no\/evenes\/?page_id=104"},"modified":"2023-08-09T11:58:55","modified_gmt":"2023-08-09T09:58:55","slug":"104-2","status":"publish","type":"page","link":"https:\/\/hoyre.no\/evenes\/104-2\/","title":{"rendered":""},"content":{"rendered":"\n<div class=\"wp-block-hoyre-hero with-image-gradient text-color-light  has-media alignfull has-background\"><div class=\"hoyre-hero has-image\"><h1 class=\"title\">10 grunner til \u00e5 stemme H\u00f8yre i Evenes<\/h1><p class=\"preamble\">Evenes H\u00f8yre har et rikholdig program, som favner bredt. Her oppsummerer vi hovedpunktene!<\/p>\t\t\t<div class=\"post-meta wp-block teft-byline-wrapper\">\n\t\t\t\t<div class=\"top\">\n\t\t\t\t\t<div class=\"signature\">\n\t\t\t\t\t\t<div class=\"teft-byline\">\n\t\t\t\t\t\t\t\t\t\t\t\t\t\t<div>\n\t\t\t\t\t\t\t\t<h3>H\u00f8yres redaksjon<\/h3>\t\t\t\t\t\t\t\t\n\t\t\t\t\t\t\t\t\t\t\t\t\t\t\t\t\t<span class=\"date\">Sist oppdatert: 9. august 2023<\/span>\n\t\t\t\t\t\t\t\t\t\t\t\t\t\t\t\t\t\t\t\t\t\t\t\t\t<span class=\"reading-time\" itemprop=\"timeRequired\" content=\"PT2M\"><em>Ca. 2 minutter lesetid<\/em><\/span>\n\t\t\t\t\t\t\t\t\t\t\t\t\t\t\t<\/div>\n\t\t\t\t\t\t<\/div>\n\t\t\t\t\t<\/div>\n\t\t\t\t\t\t<div class=\"sharing\">\n\t\t<a class=\"share-button share-link copy-link\" data-copy=\"https:\/\/hoyre.no\/evenes\/104-2\/\" target=\"_blank\"><span class=\"screen-reader-text\">Del link<\/span><\/a>\n\t\t<a class=\"share-button share-twitter\" href=\"http:\/\/twitter.com\/share?text=&#038;url=https:\/\/hoyre.no\/evenes\/104-2\/&#038;hashtags=Hoyre\" target=\"_blank\"><span class=\"screen-reader-text\">Del p\u00e5 twitter<\/span><\/a>\n\t\t<a class=\"share-button share-facebook\" href=\"https:\/\/www.facebook.com\/sharer\/sharer.php?u=https:\/\/hoyre.no\/evenes\/104-2\/\" target=\"_blank\"><span class=\"screen-reader-text\">Del p\u00e5 facebook<\/span><\/a>\n\t<\/div>\n\t\t\t\t\t<\/div>\n\t\t\t<\/div>\n\n\t\t\t<figure class=\"hoyre-image-wrapper\"><div class=\"hoyre-image\"><img loading=\"lazy\" decoding=\"async\" width=\"2500\" height=\"1674\" src=\"https:\/\/hoyre.no\/content\/uploads\/sites\/145\/2023\/08\/AdobeStock_107271823-scaled.jpeg\" class=\"attachment-scaled size-scaled\" alt=\"\" style=\"object-position: 50% 50%\" srcset=\"https:\/\/hoyre.no\/content\/uploads\/sites\/145\/2023\/08\/AdobeStock_107271823-scaled.jpeg 2500w, https:\/\/hoyre.no\/content\/uploads\/sites\/145\/2023\/08\/AdobeStock_107271823-300x201.jpeg 300w, https:\/\/hoyre.no\/content\/uploads\/sites\/145\/2023\/08\/AdobeStock_107271823-1024x685.jpeg 1024w, https:\/\/hoyre.no\/content\/uploads\/sites\/145\/2023\/08\/AdobeStock_107271823-768x514.jpeg 768w, https:\/\/hoyre.no\/content\/uploads\/sites\/145\/2023\/08\/AdobeStock_107271823-1536x1028.jpeg 1536w, https:\/\/hoyre.no\/content\/uploads\/sites\/145\/2023\/08\/AdobeStock_107271823-2048x1371.jpeg 2048w\" sizes=\"auto, (max-width: 2500px) 100vw, 2500px\" \/><\/div><\/figure><\/div><\/div>\n\n\n\n\n<div class=\"wp-block-media-text alignwide is-stacked-on-mobile is-image-fill is-style-lightest-blue\"><figure class=\"wp-block-media-text__media\" style=\"background-image:url('https:\/\/hoyre.no\/content\/uploads\/sites\/145\/2023\/08\/GettyImages-1310100160-1024x683.jpg');background-position:50% 50%\"><img loading=\"lazy\" decoding=\"async\" width=\"1024\" height=\"683\" src=\"https:\/\/hoyre.no\/content\/uploads\/sites\/145\/2023\/08\/GettyImages-1310100160-1024x683.jpg\" alt=\"\" class=\"wp-image-105 size-full\" srcset=\"https:\/\/hoyre.no\/content\/uploads\/sites\/145\/2023\/08\/GettyImages-1310100160-1024x683.jpg 1024w, https:\/\/hoyre.no\/content\/uploads\/sites\/145\/2023\/08\/GettyImages-1310100160-300x200.jpg 300w, https:\/\/hoyre.no\/content\/uploads\/sites\/145\/2023\/08\/GettyImages-1310100160-768x512.jpg 768w, https:\/\/hoyre.no\/content\/uploads\/sites\/145\/2023\/08\/GettyImages-1310100160-1536x1024.jpg 1536w, https:\/\/hoyre.no\/content\/uploads\/sites\/145\/2023\/08\/GettyImages-1310100160-2048x1365.jpg 2048w\" sizes=\"auto, (max-width: 1024px) 100vw, 1024px\" \/><\/figure><div class=\"wp-block-media-text__content\">\n<h2 class=\"wp-block-heading\">1. Evenes skal v\u00e6re kommunen som ivaretar innbyggernes interesser<\/h2>\n<\/div><\/div>\n\n\n\n\n<div class=\"wp-block-media-text alignwide has-media-on-the-right is-stacked-on-mobile is-image-fill is-style-pink\"><figure class=\"wp-block-media-text__media\" style=\"background-image:url('https:\/\/hoyre.no\/content\/uploads\/sites\/145\/2023\/08\/GettyImages-514112498-1024x722.jpg');background-position:50% 50%\"><img loading=\"lazy\" decoding=\"async\" width=\"1024\" height=\"722\" src=\"https:\/\/hoyre.no\/content\/uploads\/sites\/145\/2023\/08\/GettyImages-514112498-1024x722.jpg\" alt=\"\" class=\"wp-image-106 size-full\" srcset=\"https:\/\/hoyre.no\/content\/uploads\/sites\/145\/2023\/08\/GettyImages-514112498-1024x722.jpg 1024w, https:\/\/hoyre.no\/content\/uploads\/sites\/145\/2023\/08\/GettyImages-514112498-300x212.jpg 300w, https:\/\/hoyre.no\/content\/uploads\/sites\/145\/2023\/08\/GettyImages-514112498-768x542.jpg 768w, https:\/\/hoyre.no\/content\/uploads\/sites\/145\/2023\/08\/GettyImages-514112498-1536x1083.jpg 1536w, https:\/\/hoyre.no\/content\/uploads\/sites\/145\/2023\/08\/GettyImages-514112498-2048x1445.jpg 2048w\" sizes=\"auto, (max-width: 1024px) 100vw, 1024px\" \/><\/figure><div class=\"wp-block-media-text__content\">\n<h2 class=\"wp-block-heading\">2. Evenes skal v\u00e6re kommunen som gir trygg og god eldreomsorg<\/h2>\n<\/div><\/div>\n\n\n\n<div class=\"wp-block-media-text alignwide is-stacked-on-mobile is-image-fill is-style-pale-green\"><figure class=\"wp-block-media-text__media\" style=\"background-image:url('https:\/\/hoyre.no\/content\/uploads\/sites\/145\/2023\/08\/GettyImages-473032112-1024x566.jpg');background-position:50% 50%\"><img loading=\"lazy\" decoding=\"async\" width=\"1024\" height=\"566\" src=\"https:\/\/hoyre.no\/content\/uploads\/sites\/145\/2023\/08\/GettyImages-473032112-1024x566.jpg\" alt=\"\" class=\"wp-image-107 size-full\" srcset=\"https:\/\/hoyre.no\/content\/uploads\/sites\/145\/2023\/08\/GettyImages-473032112-1024x566.jpg 1024w, https:\/\/hoyre.no\/content\/uploads\/sites\/145\/2023\/08\/GettyImages-473032112-300x166.jpg 300w, https:\/\/hoyre.no\/content\/uploads\/sites\/145\/2023\/08\/GettyImages-473032112-768x425.jpg 768w, https:\/\/hoyre.no\/content\/uploads\/sites\/145\/2023\/08\/GettyImages-473032112-1536x850.jpg 1536w, https:\/\/hoyre.no\/content\/uploads\/sites\/145\/2023\/08\/GettyImages-473032112-2048x1133.jpg 2048w\" sizes=\"auto, (max-width: 1024px) 100vw, 1024px\" \/><\/figure><div class=\"wp-block-media-text__content\">\n<h2 class=\"wp-block-heading\">3. Evenes skal v\u00e6re kommunen som ser hvert enkelt barn<\/h2>\n<\/div><\/div>\n\n\n\n<div class=\"wp-block-media-text alignwide has-media-on-the-right is-stacked-on-mobile is-image-fill is-style-darkest-blue\"><figure class=\"wp-block-media-text__media\" style=\"background-image:url('https:\/\/hoyre.no\/content\/uploads\/sites\/145\/2023\/08\/GettyImages-640964975-1024x683.jpg');background-position:53% 20%\"><img loading=\"lazy\" decoding=\"async\" width=\"1024\" height=\"683\" src=\"https:\/\/hoyre.no\/content\/uploads\/sites\/145\/2023\/08\/GettyImages-640964975-1024x683.jpg\" alt=\"\" class=\"wp-image-108 size-full\" srcset=\"https:\/\/hoyre.no\/content\/uploads\/sites\/145\/2023\/08\/GettyImages-640964975-1024x683.jpg 1024w, https:\/\/hoyre.no\/content\/uploads\/sites\/145\/2023\/08\/GettyImages-640964975-300x200.jpg 300w, https:\/\/hoyre.no\/content\/uploads\/sites\/145\/2023\/08\/GettyImages-640964975-768x512.jpg 768w, https:\/\/hoyre.no\/content\/uploads\/sites\/145\/2023\/08\/GettyImages-640964975-1536x1024.jpg 1536w, https:\/\/hoyre.no\/content\/uploads\/sites\/145\/2023\/08\/GettyImages-640964975-2048x1365.jpg 2048w\" sizes=\"auto, (max-width: 1024px) 100vw, 1024px\" \/><\/figure><div class=\"wp-block-media-text__content\">\n<h2 class=\"wp-block-heading\">4. Evenes skal v\u00e6re kommunen som er p\u00e5 lag med jobbskaperne<\/h2>\n<\/div><\/div>\n\n\n\n<div class=\"wp-block-media-text alignwide is-stacked-on-mobile is-image-fill is-style-pale-grey\"><figure class=\"wp-block-media-text__media\" style=\"background-image:url('https:\/\/hoyre.no\/content\/uploads\/sites\/145\/2023\/08\/GettyImages-860044730-1024x683.jpg');background-position:50% 50%\"><img loading=\"lazy\" decoding=\"async\" width=\"1024\" height=\"683\" src=\"https:\/\/hoyre.no\/content\/uploads\/sites\/145\/2023\/08\/GettyImages-860044730-1024x683.jpg\" alt=\"\" class=\"wp-image-109 size-full\" srcset=\"https:\/\/hoyre.no\/content\/uploads\/sites\/145\/2023\/08\/GettyImages-860044730-1024x683.jpg 1024w, https:\/\/hoyre.no\/content\/uploads\/sites\/145\/2023\/08\/GettyImages-860044730-300x200.jpg 300w, https:\/\/hoyre.no\/content\/uploads\/sites\/145\/2023\/08\/GettyImages-860044730-768x513.jpg 768w, https:\/\/hoyre.no\/content\/uploads\/sites\/145\/2023\/08\/GettyImages-860044730-1536x1025.jpg 1536w, https:\/\/hoyre.no\/content\/uploads\/sites\/145\/2023\/08\/GettyImages-860044730-2048x1367.jpg 2048w\" sizes=\"auto, (max-width: 1024px) 100vw, 1024px\" \/><\/figure><div class=\"wp-block-media-text__content\">\n<h2 class=\"wp-block-heading\">5. Evenes skal v\u00e6re foretrukket kommune for bosetting<\/h2>\n<\/div><\/div>\n\n\n\n<div class=\"wp-block-media-text alignwide has-media-on-the-right is-stacked-on-mobile is-image-fill is-style-lightest-blue\"><figure class=\"wp-block-media-text__media\" style=\"background-image:url('https:\/\/hoyre.no\/content\/uploads\/sites\/145\/2023\/08\/GettyImages-598307497-683x1024.jpg');background-position:81% 28.999999999999996%\"><img loading=\"lazy\" decoding=\"async\" width=\"683\" height=\"1024\" src=\"https:\/\/hoyre.no\/content\/uploads\/sites\/145\/2023\/08\/GettyImages-598307497-683x1024.jpg\" alt=\"\" class=\"wp-image-110 size-full\" srcset=\"https:\/\/hoyre.no\/content\/uploads\/sites\/145\/2023\/08\/GettyImages-598307497-683x1024.jpg 683w, https:\/\/hoyre.no\/content\/uploads\/sites\/145\/2023\/08\/GettyImages-598307497-200x300.jpg 200w, https:\/\/hoyre.no\/content\/uploads\/sites\/145\/2023\/08\/GettyImages-598307497-768x1152.jpg 768w, https:\/\/hoyre.no\/content\/uploads\/sites\/145\/2023\/08\/GettyImages-598307497-1024x1536.jpg 1024w, https:\/\/hoyre.no\/content\/uploads\/sites\/145\/2023\/08\/GettyImages-598307497-1365x2048.jpg 1365w, https:\/\/hoyre.no\/content\/uploads\/sites\/145\/2023\/08\/GettyImages-598307497-scaled.jpg 1667w\" sizes=\"auto, (max-width: 683px) 100vw, 683px\" \/><\/figure><div class=\"wp-block-media-text__content\">\n<h2 class=\"wp-block-heading\">6. Evenes skal v\u00e6re JA-kommunen med fremdrift<\/h2>\n<\/div><\/div>\n\n\n\n<div class=\"wp-block-media-text alignwide is-stacked-on-mobile is-image-fill is-style-pale-purple\"><figure class=\"wp-block-media-text__media\" style=\"background-image:url('https:\/\/hoyre.no\/content\/uploads\/sites\/145\/2023\/08\/GettyImages-610672696-1024x683.jpg');background-position:50% 50%\"><img loading=\"lazy\" decoding=\"async\" width=\"1024\" height=\"683\" src=\"https:\/\/hoyre.no\/content\/uploads\/sites\/145\/2023\/08\/GettyImages-610672696-1024x683.jpg\" alt=\"\" class=\"wp-image-111 size-full\" srcset=\"https:\/\/hoyre.no\/content\/uploads\/sites\/145\/2023\/08\/GettyImages-610672696-1024x683.jpg 1024w, https:\/\/hoyre.no\/content\/uploads\/sites\/145\/2023\/08\/GettyImages-610672696-300x200.jpg 300w, https:\/\/hoyre.no\/content\/uploads\/sites\/145\/2023\/08\/GettyImages-610672696-768x512.jpg 768w, https:\/\/hoyre.no\/content\/uploads\/sites\/145\/2023\/08\/GettyImages-610672696-1536x1024.jpg 1536w, https:\/\/hoyre.no\/content\/uploads\/sites\/145\/2023\/08\/GettyImages-610672696-2048x1365.jpg 2048w\" sizes=\"auto, (max-width: 1024px) 100vw, 1024px\" \/><\/figure><div class=\"wp-block-media-text__content\">\n<h2 class=\"wp-block-heading\">7. Evenes skal v\u00e6re kommunen der du beholder mer av egen inntekt<\/h2>\n<\/div><\/div>\n\n\n\n<div class=\"wp-block-media-text alignwide is-stacked-on-mobile is-image-fill is-style-dark-blue\"><figure class=\"wp-block-media-text__media\" style=\"background-image:url('https:\/\/hoyre.no\/content\/uploads\/sites\/145\/2023\/08\/GettyImages-1299103172-1024x683.jpg');background-position:50% 50%\"><img loading=\"lazy\" decoding=\"async\" width=\"1024\" height=\"683\" src=\"https:\/\/hoyre.no\/content\/uploads\/sites\/145\/2023\/08\/GettyImages-1299103172-1024x683.jpg\" alt=\"\" class=\"wp-image-112 size-full\" srcset=\"https:\/\/hoyre.no\/content\/uploads\/sites\/145\/2023\/08\/GettyImages-1299103172-1024x683.jpg 1024w, https:\/\/hoyre.no\/content\/uploads\/sites\/145\/2023\/08\/GettyImages-1299103172-300x200.jpg 300w, https:\/\/hoyre.no\/content\/uploads\/sites\/145\/2023\/08\/GettyImages-1299103172-768x513.jpg 768w, https:\/\/hoyre.no\/content\/uploads\/sites\/145\/2023\/08\/GettyImages-1299103172-1536x1025.jpg 1536w, https:\/\/hoyre.no\/content\/uploads\/sites\/145\/2023\/08\/GettyImages-1299103172-2048x1367.jpg 2048w\" sizes=\"auto, (max-width: 1024px) 100vw, 1024px\" \/><\/figure><div class=\"wp-block-media-text__content\">\n<h2 class=\"wp-block-heading\">8. Evenes skal v\u00e6re en konkurransedyktig kommune<\/h2>\n<\/div><\/div>\n\n\n\n<div class=\"wp-block-media-text alignwide is-stacked-on-mobile is-image-fill is-style-pale-green\"><figure class=\"wp-block-media-text__media\" style=\"background-image:url('https:\/\/hoyre.no\/content\/uploads\/sites\/145\/2023\/08\/GettyImages-1220320393-1024x768.jpg');background-position:50% 50%\"><img loading=\"lazy\" decoding=\"async\" width=\"1024\" height=\"768\" src=\"https:\/\/hoyre.no\/content\/uploads\/sites\/145\/2023\/08\/GettyImages-1220320393-1024x768.jpg\" alt=\"\" class=\"wp-image-113 size-full\" srcset=\"https:\/\/hoyre.no\/content\/uploads\/sites\/145\/2023\/08\/GettyImages-1220320393-1024x768.jpg 1024w, https:\/\/hoyre.no\/content\/uploads\/sites\/145\/2023\/08\/GettyImages-1220320393-300x225.jpg 300w, https:\/\/hoyre.no\/content\/uploads\/sites\/145\/2023\/08\/GettyImages-1220320393-768x576.jpg 768w, https:\/\/hoyre.no\/content\/uploads\/sites\/145\/2023\/08\/GettyImages-1220320393-1536x1152.jpg 1536w, https:\/\/hoyre.no\/content\/uploads\/sites\/145\/2023\/08\/GettyImages-1220320393-2048x1536.jpg 2048w\" sizes=\"auto, (max-width: 1024px) 100vw, 1024px\" \/><\/figure><div class=\"wp-block-media-text__content\">\n<h2 class=\"wp-block-heading\">9. Evenes skal sikre fremtiden gjennom b\u00e6rekraftig utvikling<\/h2>\n<\/div><\/div>\n\n\n\n<div class=\"wp-block-media-text alignwide has-media-on-the-right is-stacked-on-mobile is-image-fill is-style-lightest-blue\"><figure class=\"wp-block-media-text__media\" style=\"background-image:url('https:\/\/hoyre.no\/content\/uploads\/sites\/145\/2023\/08\/GettyImages-960077510-1024x683.jpg');background-position:50% 50%\"><img loading=\"lazy\" decoding=\"async\" width=\"1024\" height=\"683\" src=\"https:\/\/hoyre.no\/content\/uploads\/sites\/145\/2023\/08\/GettyImages-960077510-1024x683.jpg\" alt=\"\" class=\"wp-image-114 size-full\" srcset=\"https:\/\/hoyre.no\/content\/uploads\/sites\/145\/2023\/08\/GettyImages-960077510-1024x683.jpg 1024w, https:\/\/hoyre.no\/content\/uploads\/sites\/145\/2023\/08\/GettyImages-960077510-300x200.jpg 300w, https:\/\/hoyre.no\/content\/uploads\/sites\/145\/2023\/08\/GettyImages-960077510-768x513.jpg 768w, https:\/\/hoyre.no\/content\/uploads\/sites\/145\/2023\/08\/GettyImages-960077510-1536x1025.jpg 1536w, https:\/\/hoyre.no\/content\/uploads\/sites\/145\/2023\/08\/GettyImages-960077510-2048x1367.jpg 2048w\" sizes=\"auto, (max-width: 1024px) 100vw, 1024px\" \/><\/figure><div class=\"wp-block-media-text__content\">\n<h2 class=\"wp-block-heading\">10. Evenes skal v\u00e6re \u00e5pen og inkluderende med hjerte for kultur og frivillighet<\/h2>\n<\/div><\/div>\n\n\n\n<div class=\"wp-block-hoyre-banner alignwide undefined has-icon-title icon-heart\"><div class=\"banner-inner\"><figure class=\"hoyre-image-wrapper\"><div class=\"hoyre-image\"><img loading=\"lazy\" decoding=\"async\" width=\"1875\" height=\"2500\" src=\"https:\/\/hoyre.no\/content\/uploads\/sites\/145\/2023\/01\/Evenes-Hoyre-scaled.jpg\" class=\"attachment-scaled size-scaled\" alt=\"\" style=\"object-position: 57.99999999999999% 23%\" srcset=\"https:\/\/hoyre.no\/content\/uploads\/sites\/145\/2023\/01\/Evenes-Hoyre-scaled.jpg 1875w, https:\/\/hoyre.no\/content\/uploads\/sites\/145\/2023\/01\/Evenes-Hoyre-225x300.jpg 225w, https:\/\/hoyre.no\/content\/uploads\/sites\/145\/2023\/01\/Evenes-Hoyre-768x1024.jpg 768w, https:\/\/hoyre.no\/content\/uploads\/sites\/145\/2023\/01\/Evenes-Hoyre-1152x1536.jpg 1152w, https:\/\/hoyre.no\/content\/uploads\/sites\/145\/2023\/01\/Evenes-Hoyre-1536x2048.jpg 1536w\" sizes=\"auto, (max-width: 1875px) 100vw, 1875px\" \/><\/div><\/figure><div class=\"banner-content\"><div class=\"entry-content\">\n<h2 class=\"wp-block-heading\">Fant du ikke din hjertesak?<\/h2>\n\n\n\n<p>Det er heldigvis mange gode grunner til \u00e5 stemme H\u00f8yre i Evenes. Finn ut hva vi mener om din hjertesak ved \u00e5 lese programmet v\u00e5rt!<\/p>\n\n\n\n<div class=\"wp-block-buttons is-layout-flex wp-block-buttons-is-layout-flex\">\n<div class=\"wp-block-button has-custom-width wp-block-button__width-100\"><a class=\"wp-block-button__link\" href=\"https:\/\/hoyre.no\/evenes\/politikk\/\" target=\"_blank\" rel=\"noreferrer noopener\">Les Evenes H\u00f8yre sitt valgprogram<\/a><\/div>\n<\/div>\n<\/div><\/div><\/div><\/div>\n","protected":false},"excerpt":{"rendered":"<p>2. Evenes skal v\u00e6re kommunen som gir trygg og god eldreomsorg 3. Evenes skal v\u00e6re kommunen som ser hvert enkelt barn 4. Evenes skal v\u00e6re kommunen som er p\u00e5 lag med jobbskaperne 5. Evenes skal v\u00e6re foretrukket kommune for bosetting 6. Evenes skal v\u00e6re JA-kommunen med fremdrift 7. Evenes skal v\u00e6re kommunen der du beholder [&hellip;]<\/p>\n","protected":false},"author":3547,"featured_media":0,"parent":0,"menu_order":0,"comment_status":"closed","ping_status":"closed","template":"","meta":{"teft_cards_image_url":"","teft_cards_custom_pretitle":"","teft_cards_image_id":0,"teft_cards_image_focal_point_x":0,"teft_cards_image_focal_point_y":0,"teft_cards_title":"","teft_cards_excerpt":"","teft_show_chapters":false,"footnotes":""},"class_list":["post-104","page","type-page","status-publish","hentry"],"yoast_head":"<!-- This site is optimized with the Yoast SEO plugin v26.6 - https:\/\/yoast.com\/wordpress\/plugins\/seo\/ -->\n<title>- Evenes H\u00f8yre<\/title>\n<meta name=\"robots\" content=\"index, follow, max-snippet:-1, max-image-preview:large, max-video-preview:-1\" \/>\n<link rel=\"canonical\" href=\"https:\/\/hoyre.no\/evenes\/104-2\/\" \/>\n<meta property=\"og:locale\" content=\"nb_NO\" \/>\n<meta property=\"og:type\" content=\"article\" \/>\n<meta property=\"og:title\" content=\"- Evenes H\u00f8yre\" \/>\n<meta property=\"og:description\" content=\"2. Evenes skal v\u00e6re kommunen som gir trygg og god eldreomsorg 3. Evenes skal v\u00e6re kommunen som ser hvert enkelt barn 4. Evenes skal v\u00e6re kommunen som er p\u00e5 lag med jobbskaperne 5. Evenes skal v\u00e6re foretrukket kommune for bosetting 6. Evenes skal v\u00e6re JA-kommunen med fremdrift 7. Evenes skal v\u00e6re kommunen der du beholder [&hellip;]\" \/>\n<meta property=\"og:url\" content=\"https:\/\/hoyre.no\/evenes\/104-2\/\" \/>\n<meta property=\"og:site_name\" content=\"Evenes H\u00f8yre\" \/>\n<meta property=\"article:modified_time\" content=\"2023-08-09T09:58:55+00:00\" \/>\n<meta property=\"og:image\" content=\"https:\/\/hoyre.no\/content\/uploads\/sites\/145\/2023\/08\/GettyImages-1310100160-1024x683.jpg\" \/>\n<meta name=\"twitter:card\" content=\"summary_large_image\" \/>\n<meta name=\"twitter:label1\" content=\"Ansl. lesetid\" \/>\n\t<meta name=\"twitter:data1\" content=\"3 minutter\" \/>\n<script type=\"application\/ld+json\" class=\"yoast-schema-graph\">{\"@context\":\"https:\/\/schema.org\",\"@graph\":[{\"@type\":\"WebPage\",\"@id\":\"https:\/\/hoyre.no\/evenes\/104-2\/\",\"url\":\"https:\/\/hoyre.no\/evenes\/104-2\/\",\"name\":\"- Evenes H\u00f8yre\",\"isPartOf\":{\"@id\":\"https:\/\/hoyre.no\/evenes\/#website\"},\"image\":{\"@id\":\"https:\/\/hoyre.no\/evenes\/104-2\/#primaryimage\"},\"thumbnailUrl\":\"https:\/\/hoyre.no\/content\/uploads\/sites\/145\/2023\/08\/GettyImages-1310100160-1024x683.jpg\",\"datePublished\":\"2023-08-09T09:58:54+00:00\",\"dateModified\":\"2023-08-09T09:58:55+00:00\",\"breadcrumb\":{\"@id\":\"https:\/\/hoyre.no\/evenes\/104-2\/#breadcrumb\"},\"inLanguage\":\"nb-NO\",\"potentialAction\":[{\"@type\":\"ReadAction\",\"target\":[\"https:\/\/hoyre.no\/evenes\/104-2\/\"]}]},{\"@type\":\"ImageObject\",\"inLanguage\":\"nb-NO\",\"@id\":\"https:\/\/hoyre.no\/evenes\/104-2\/#primaryimage\",\"url\":\"https:\/\/hoyre.no\/content\/uploads\/sites\/145\/2023\/08\/GettyImages-1310100160-1024x683.jpg\",\"contentUrl\":\"https:\/\/hoyre.no\/content\/uploads\/sites\/145\/2023\/08\/GettyImages-1310100160-1024x683.jpg\"},{\"@type\":\"BreadcrumbList\",\"@id\":\"https:\/\/hoyre.no\/evenes\/104-2\/#breadcrumb\",\"itemListElement\":[{\"@type\":\"ListItem\",\"position\":1,\"name\":\"Til hoyre.no\",\"item\":\"https:\/\/hoyre.no\"},{\"@type\":\"ListItem\",\"position\":2,\"name\":\"Hjem\",\"item\":\"https:\/\/hoyre.no\/evenes\/\"}]},{\"@type\":\"WebSite\",\"@id\":\"https:\/\/hoyre.no\/evenes\/#website\",\"url\":\"https:\/\/hoyre.no\/evenes\/\",\"name\":\"Evenes H\u00f8yre\",\"description\":\"Bare enda et H\u00f8yres nettsteder-nettsted\",\"inLanguage\":\"nb-NO\"}]}<\/script>\n<!-- \/ Yoast SEO plugin. -->","yoast_head_json":{"title":"- Evenes H\u00f8yre","robots":{"index":"index","follow":"follow","max-snippet":"max-snippet:-1","max-image-preview":"max-image-preview:large","max-video-preview":"max-video-preview:-1"},"canonical":"https:\/\/hoyre.no\/evenes\/104-2\/","og_locale":"nb_NO","og_type":"article","og_title":"- Evenes H\u00f8yre","og_description":"2. Evenes skal v\u00e6re kommunen som gir trygg og god eldreomsorg 3. Evenes skal v\u00e6re kommunen som ser hvert enkelt barn 4. Evenes skal v\u00e6re kommunen som er p\u00e5 lag med jobbskaperne 5. Evenes skal v\u00e6re foretrukket kommune for bosetting 6. Evenes skal v\u00e6re JA-kommunen med fremdrift 7. Evenes skal v\u00e6re kommunen der du beholder [&hellip;]","og_url":"https:\/\/hoyre.no\/evenes\/104-2\/","og_site_name":"Evenes H\u00f8yre","article_modified_time":"2023-08-09T09:58:55+00:00","og_image":[{"url":"https:\/\/hoyre.no\/content\/uploads\/sites\/145\/2023\/08\/GettyImages-1310100160-1024x683.jpg","type":"","width":"","height":""}],"twitter_card":"summary_large_image","twitter_misc":{"Ansl. lesetid":"3 minutter"},"schema":{"@context":"https:\/\/schema.org","@graph":[{"@type":"WebPage","@id":"https:\/\/hoyre.no\/evenes\/104-2\/","url":"https:\/\/hoyre.no\/evenes\/104-2\/","name":"- Evenes H\u00f8yre","isPartOf":{"@id":"https:\/\/hoyre.no\/evenes\/#website"},"image":{"@id":"https:\/\/hoyre.no\/evenes\/104-2\/#primaryimage"},"thumbnailUrl":"https:\/\/hoyre.no\/content\/uploads\/sites\/145\/2023\/08\/GettyImages-1310100160-1024x683.jpg","datePublished":"2023-08-09T09:58:54+00:00","dateModified":"2023-08-09T09:58:55+00:00","breadcrumb":{"@id":"https:\/\/hoyre.no\/evenes\/104-2\/#breadcrumb"},"inLanguage":"nb-NO","potentialAction":[{"@type":"ReadAction","target":["https:\/\/hoyre.no\/evenes\/104-2\/"]}]},{"@type":"ImageObject","inLanguage":"nb-NO","@id":"https:\/\/hoyre.no\/evenes\/104-2\/#primaryimage","url":"https:\/\/hoyre.no\/content\/uploads\/sites\/145\/2023\/08\/GettyImages-1310100160-1024x683.jpg","contentUrl":"https:\/\/hoyre.no\/content\/uploads\/sites\/145\/2023\/08\/GettyImages-1310100160-1024x683.jpg"},{"@type":"BreadcrumbList","@id":"https:\/\/hoyre.no\/evenes\/104-2\/#breadcrumb","itemListElement":[{"@type":"ListItem","position":1,"name":"Til hoyre.no","item":"https:\/\/hoyre.no"},{"@type":"ListItem","position":2,"name":"Hjem","item":"https:\/\/hoyre.no\/evenes\/"}]},{"@type":"WebSite","@id":"https:\/\/hoyre.no\/evenes\/#website","url":"https:\/\/hoyre.no\/evenes\/","name":"Evenes H\u00f8yre","description":"Bare enda et H\u00f8yres nettsteder-nettsted","inLanguage":"nb-NO"}]}},"distributor_meta":false,"distributor_terms":false,"distributor_media":false,"distributor_original_site_name":"Evenes H\u00f8yre","distributor_original_site_url":"https:\/\/hoyre.no\/evenes","push-errors":false,"_links":{"self":[{"href":"https:\/\/hoyre.no\/evenes\/wp-json\/wp\/v2\/pages\/104","targetHints":{"allow":["GET"]}}],"collection":[{"href":"https:\/\/hoyre.no\/evenes\/wp-json\/wp\/v2\/pages"}],"about":[{"href":"https:\/\/hoyre.no\/evenes\/wp-json\/wp\/v2\/types\/page"}],"author":[{"embeddable":true,"href":"https:\/\/hoyre.no\/evenes\/wp-json\/wp\/v2\/users\/3547"}],"replies":[{"embeddable":true,"href":"https:\/\/hoyre.no\/evenes\/wp-json\/wp\/v2\/comments?post=104"}],"version-history":[{"count":1,"href":"https:\/\/hoyre.no\/evenes\/wp-json\/wp\/v2\/pages\/104\/revisions"}],"predecessor-version":[{"id":116,"href":"https:\/\/hoyre.no\/evenes\/wp-json\/wp\/v2\/pages\/104\/revisions\/116"}],"wp:attachment":[{"href":"https:\/\/hoyre.no\/evenes\/wp-json\/wp\/v2\/media?parent=104"}],"curies":[{"name":"wp","href":"https:\/\/api.w.org\/{rel}","templated":true}]}}