{"id":33,"date":"2023-06-21T12:37:20","date_gmt":"2023-06-21T10:37:20","guid":{"rendered":"https:\/\/hoyre.no\/evje-og-hornnes\/?page_id=33"},"modified":"2023-06-21T12:37:20","modified_gmt":"2023-06-21T10:37:20","slug":"finn-bjorn-rorvik-var-ordforerkandidat","status":"publish","type":"page","link":"https:\/\/hoyre.no\/evje-og-hornnes\/finn-bjorn-rorvik-var-ordforerkandidat\/","title":{"rendered":"Finn Bj\u00f8rn R\u00f8rvik &#8211; v\u00e5r ordf\u00f8rerkandidat"},"content":{"rendered":"\n<div class=\"wp-block-hoyre-hero with-image-gradient text-color-light  has-media alignfull has-background\"><div class=\"hoyre-hero has-image\"><h1 class=\"title\">Bli kjent med Finn Bj\u00f8rn<\/h1><p class=\"preamble\">Evje og Hornnes H\u00f8yres ordf\u00f8rerkandidat<\/p>\t\t\t<div class=\"post-meta wp-block teft-byline-wrapper\">\n\t\t\t\t<div class=\"top\">\n\t\t\t\t\t<div class=\"signature\">\n\t\t\t\t\t\t<div class=\"teft-byline\">\n\t\t\t\t\t\t\t\t\t\t\t\t\t\t<div>\n\t\t\t\t\t\t\t\t<h3>H\u00f8yres redaksjon<\/h3>\t\t\t\t\t\t\t\t\n\t\t\t\t\t\t\t\t\t\t\t\t\t\t\t\t\t<span class=\"date\">Sist oppdatert: 21. juni 2023<\/span>\n\t\t\t\t\t\t\t\t\t\t\t\t\t\t\t\t\t\t\t\t\t\t\t\t\t<span class=\"reading-time\" itemprop=\"timeRequired\" content=\"PT5M\"><em>Ca. 5 minutter lesetid<\/em><\/span>\n\t\t\t\t\t\t\t\t\t\t\t\t\t\t\t<\/div>\n\t\t\t\t\t\t<\/div>\n\t\t\t\t\t<\/div>\n\t\t\t\t\t\t<div class=\"sharing\">\n\t\t<a class=\"share-button share-link copy-link\" data-copy=\"https:\/\/hoyre.no\/evje-og-hornnes\/finn-bjorn-rorvik-var-ordforerkandidat\/\" target=\"_blank\"><span class=\"screen-reader-text\">Del link<\/span><\/a>\n\t\t<a class=\"share-button share-twitter\" href=\"http:\/\/twitter.com\/share?text=Finn Bj\u00f8rn R\u00f8rvik &#8211; v\u00e5r ordf\u00f8rerkandidat&#038;url=https:\/\/hoyre.no\/evje-og-hornnes\/finn-bjorn-rorvik-var-ordforerkandidat\/&#038;hashtags=Hoyre\" target=\"_blank\"><span class=\"screen-reader-text\">Del p\u00e5 twitter<\/span><\/a>\n\t\t<a class=\"share-button share-facebook\" href=\"https:\/\/www.facebook.com\/sharer\/sharer.php?u=https:\/\/hoyre.no\/evje-og-hornnes\/finn-bjorn-rorvik-var-ordforerkandidat\/\" target=\"_blank\"><span class=\"screen-reader-text\">Del p\u00e5 facebook<\/span><\/a>\n\t<\/div>\n\t\t\t\t\t<\/div>\n\t\t\t<\/div>\n\n\t\t\t<figure class=\"hoyre-image-wrapper\"><div class=\"hoyre-image\"><img loading=\"lazy\" decoding=\"async\" width=\"2016\" height=\"1512\" src=\"https:\/\/hoyre.no\/content\/uploads\/sites\/36\/2020\/11\/bilde_evje.jpg\" class=\"attachment-scaled size-scaled\" alt=\"\" style=\"object-position: 50% 50%\" srcset=\"https:\/\/hoyre.no\/content\/uploads\/sites\/36\/2020\/11\/bilde_evje.jpg 2016w, https:\/\/hoyre.no\/content\/uploads\/sites\/36\/2020\/11\/bilde_evje-300x225.jpg 300w, https:\/\/hoyre.no\/content\/uploads\/sites\/36\/2020\/11\/bilde_evje-1024x768.jpg 1024w, https:\/\/hoyre.no\/content\/uploads\/sites\/36\/2020\/11\/bilde_evje-768x576.jpg 768w, https:\/\/hoyre.no\/content\/uploads\/sites\/36\/2020\/11\/bilde_evje-1536x1152.jpg 1536w\" sizes=\"auto, (max-width: 2016px) 100vw, 2016px\" \/><\/div><\/figure><\/div><\/div>\n\n\n\n\n<div class=\"wp-block-buttons is-content-justification-center is-layout-flex wp-container-core-buttons-is-layout-16018d1d wp-block-buttons-is-layout-flex\">\n<div class=\"wp-block-button\"><a class=\"wp-block-button__link\" href=\"https:\/\/hoyre.no\/nyhetsbrev\/\">abonner p\u00e5 h\u00f8yres nyhetsbrev<\/a><\/div>\n\n\n\n<div class=\"wp-block-button\"><a class=\"wp-block-button__link\" href=\"https:\/\/www.facebook.com\/finnbjorn.rorvik\">F\u00d8LG FINN BJ\u00d8RN P\u00c5 FACEBOOK<\/a><\/div>\n\n\n\n<div class=\"wp-block-button\"><a class=\"wp-block-button__link\">f\u00f8lg EVJE OG HORNNES h\u00f8yre p\u00e5 facebook<\/a><\/div>\n<\/div>\n\n\n\n<div class=\"wp-block-hoyre-banner undefined has-icon-title icon-heart is-style-blue\"><div class=\"banner-inner\"><div class=\"banner-content\"><div class=\"entry-content\">\n<h2 class=\"has-text-align-center wp-block-heading\" id=\"h-bli-bedre-kjent-med-navn\">Bli bedre kjent med Finn Bj\u00f8rn!<\/h2>\n\n\n\n<p class=\"has-text-align-left\"><strong>Alder:<\/strong> 71 \u00e5r<\/p>\n\n\n\n<p class=\"has-text-align-left\"><strong>Bosted:<\/strong> P\u00e5 Evje i Arendalsveien<\/p>\n\n\n\n<p class=\"has-text-align-left\"><strong>Sivilstatus:<\/strong> Har fire voksne s\u00f8nner med min kone \u00c5se, to svigerd\u00f8tre og fire barnebarn<\/p>\n\n\n\n<p class=\"has-text-align-left\"><strong>Jobb:<\/strong> Pensjonist, men fortsatt yrkesaktiv som vikarlege<\/p>\n\n\n\n<p class=\"has-text-align-left\"><strong>Bakgrunn:<\/strong> En god oppvekst p\u00e5 Ris\u00f8ya i Tvedstrand kommune. Hovedutdannelse i Belfast N.Ireland hvor jeg ogs\u00e5 arbeidet. 7 \u00e5r i en by som bar preg av at n\u00e5r to politiske ytterligheter t\u00f8rner sammen, og ikke evner \u00e5 snakke sammen,- da f\u00f8lger det mye lidelse med p\u00e5 kj\u00f8pet.<\/p>\n\n\n\n<p class=\"has-text-align-left\">Etter hjemkomst, 2 \u00e5r i Finnmark, senere \u00a0i Oslo og Porsgrunn i arbeidssammenheng utover Evje. Arbeidet 83-84 p\u00e5 Evje, senere Iveland kommune, S\u00f8rlandet sykehus Kristiansand og siste \u00e5rene i Vennesla. Var i 12 \u00e5r leder av Otra idrettslag, og er fortsatt engasjert som i ett av Otra sine selskaper. N\u00e5 som jeg ser tilbake p\u00e5 alle disse \u00e5rene\u00a0er jeg takknemlig for at jeg fikk en ballast i barne- og ungdomstiden, som gav grunnlaget for et godt liv.<\/p>\n\n\n\n<p class=\"has-text-align-left\"><strong>Politisk erfaring:<\/strong> Snart to perioder som varaordf\u00f8rer i Evje og Hornnes.<\/p>\n\n\n\n<p class=\"has-text-align-left\"><strong>Hvorfor er H\u00f8yre rett parti for deg?<\/strong> Jeg har en grunnholdning som bygger p\u00e5 at et hvert samfunn m\u00e5 bygges fra bunnen. Med en god grunnmur hvor alle har like muligheter og der en politisk stimulerer til personlig innsats, ansvar og engasjement s\u00e5 vil det f\u00f8lge et trygt og godt samfunn der vi tar vare p\u00e5 hverandre.<\/p>\n\n\n\n<p class=\"has-text-align-left\"><strong>Det er l\u00f8rdag, klokka n\u00e6rmer seg 19.00. Hva spiser du helst til middag?<\/strong> Siden barna var sm\u00e5 har l\u00f8rdag kveld alltid v\u00e6rt forbundet med hjemmelagd pizza. En tradisjon vi to hjemme fortsatt videref\u00f8rer. Tradisjoner m\u00e5 ivaretas i familieliv og samfunnsliv.<\/p>\n\n\n\n<p class=\"has-text-align-left\"><strong>Konsert eller idrettsarrangement?<\/strong> Ja takk begge deler. En god konsert og et lavterskel idrettsarrangement er topp.<\/p>\n\n\n\n<p class=\"has-text-align-left\"><strong>Hvis du skulle valgt en, hva er din favorittartist?<\/strong> Susanne Sundf\u00f8r og Henning Kvitnes<\/p>\n\n\n\n<p class=\"has-text-align-left\"><strong>Funfact?<\/strong> Har siste \u00e5rene etterisolert boligen, installert jordvarme med varmeveksel og n\u00e5 sommeren 2023 solcelletak. Elektrisk bil fra 2014 og snart \u00e5tte ganger rundt jorden p\u00e5 str\u00f8m. Mitt lille bidrag til gr\u00f8nt skifte.<\/p>\n\n\n\n<p class=\"has-text-align-left\"><strong>Hva er din favorittplass i kommunen og utenfor kommunen?<\/strong>\u00a0I v\u00e5r flotte kommune er der ikke bare en favorittplass. Med barna s\u00e5 begynte toppturene. Fennefossfjellet\/\u00d8rnefjell, \u00c5rdalsnapen, Bertesnapen med flere. \u00c5rstidene skifter og favoritt topp med den.<\/p>\n\n\n\n<div class=\"wp-block-buttons is-layout-flex wp-block-buttons-is-layout-flex\"><\/div>\n<\/div><\/div><\/div><\/div>\n\n\n\n<div class=\"wp-block-teft-accentuated-link undefined has-image\"><div class=\"kf-link__wrapper\"><div class=\"kf-link__tagline\"><\/div><a class=\"kf-link__link\" href=\"https:\/\/hoyre.no\/personprofiler\/finn-bjorn-rorvik\/\" rel=\"noreferrer noopener\" target=\"_blank\">Kom i kontakt med Finn Bj\u00f8rn R\u00f8rvik<span class=\"kf-link__link-source\">hoyre.no<\/span><\/a><\/div><figure class=\"hoyre-image-wrapper\"><div class=\"hoyre-image\"><img loading=\"lazy\" decoding=\"async\" width=\"2016\" height=\"1512\" src=\"https:\/\/hoyre.no\/content\/uploads\/sites\/36\/2020\/11\/bilde_evje.jpg\" class=\"attachment-scaled size-scaled\" alt=\"\" style=\"object-position: 52% 33%\" srcset=\"https:\/\/hoyre.no\/content\/uploads\/sites\/36\/2020\/11\/bilde_evje.jpg 2016w, https:\/\/hoyre.no\/content\/uploads\/sites\/36\/2020\/11\/bilde_evje-300x225.jpg 300w, https:\/\/hoyre.no\/content\/uploads\/sites\/36\/2020\/11\/bilde_evje-1024x768.jpg 1024w, https:\/\/hoyre.no\/content\/uploads\/sites\/36\/2020\/11\/bilde_evje-768x576.jpg 768w, https:\/\/hoyre.no\/content\/uploads\/sites\/36\/2020\/11\/bilde_evje-1536x1152.jpg 1536w\" sizes=\"auto, (max-width: 2016px) 100vw, 2016px\" \/><\/div><\/figure><\/div>\n\n\n\n<figure class=\"wp-block-teft-gallery columns-3 count-3 rows-2 is-cropped\"><ul class=\"teft-gallery-grid\"><li class=\"teft-gallery-item \"><figure><a href=\"https:\/\/hoyre.no\/content\/uploads\/sites\/36\/2023\/06\/IMG_2563-rotated.jpg\" data-size=\"1512x1512\"><img loading=\"lazy\" decoding=\"async\" width=\"1024\" height=\"1024\" src=\"https:\/\/hoyre.no\/content\/uploads\/sites\/36\/2023\/06\/IMG_2563-1024x1024.jpg\" class=\"attachment-large size-large\" alt=\"\" srcset=\"https:\/\/hoyre.no\/content\/uploads\/sites\/36\/2023\/06\/IMG_2563-1024x1024.jpg 1024w, https:\/\/hoyre.no\/content\/uploads\/sites\/36\/2023\/06\/IMG_2563-300x300.jpg 300w, https:\/\/hoyre.no\/content\/uploads\/sites\/36\/2023\/06\/IMG_2563-150x150.jpg 150w, https:\/\/hoyre.no\/content\/uploads\/sites\/36\/2023\/06\/IMG_2563-768x768.jpg 768w, https:\/\/hoyre.no\/content\/uploads\/sites\/36\/2023\/06\/IMG_2563-rotated.jpg 1512w\" sizes=\"auto, (max-width: 1024px) 100vw, 1024px\" \/ data-full-url=\"https:\/\/hoyre.no\/content\/uploads\/sites\/36\/2023\/06\/IMG_2563-rotated.jpg\" data-id=\"60\" data-caption=\"60\"\/><\/a><\/figure><\/li><li class=\"teft-gallery-item \"><figure><a href=\"https:\/\/hoyre.no\/content\/uploads\/sites\/36\/2023\/06\/IMG_4652-rotated.jpg\" data-size=\"1512x2016\"><img loading=\"lazy\" decoding=\"async\" width=\"768\" height=\"1024\" src=\"https:\/\/hoyre.no\/content\/uploads\/sites\/36\/2023\/06\/IMG_4652-768x1024.jpg\" class=\"attachment-large size-large\" alt=\"\" srcset=\"https:\/\/hoyre.no\/content\/uploads\/sites\/36\/2023\/06\/IMG_4652-768x1024.jpg 768w, https:\/\/hoyre.no\/content\/uploads\/sites\/36\/2023\/06\/IMG_4652-225x300.jpg 225w, https:\/\/hoyre.no\/content\/uploads\/sites\/36\/2023\/06\/IMG_4652-1152x1536.jpg 1152w, https:\/\/hoyre.no\/content\/uploads\/sites\/36\/2023\/06\/IMG_4652-rotated.jpg 1512w\" sizes=\"auto, (max-width: 768px) 100vw, 768px\" \/ data-full-url=\"https:\/\/hoyre.no\/content\/uploads\/sites\/36\/2023\/06\/IMG_4652-rotated.jpg\" data-id=\"59\" data-caption=\"59\"\/><\/a><\/figure><\/li><li class=\"teft-gallery-item \"><figure><a href=\"https:\/\/hoyre.no\/content\/uploads\/sites\/36\/2023\/06\/IMG_5234-rotated.jpg\" data-size=\"1512x2016\"><img loading=\"lazy\" decoding=\"async\" width=\"768\" height=\"1024\" src=\"https:\/\/hoyre.no\/content\/uploads\/sites\/36\/2023\/06\/IMG_5234-768x1024.jpg\" class=\"attachment-large size-large\" alt=\"\" srcset=\"https:\/\/hoyre.no\/content\/uploads\/sites\/36\/2023\/06\/IMG_5234-768x1024.jpg 768w, https:\/\/hoyre.no\/content\/uploads\/sites\/36\/2023\/06\/IMG_5234-225x300.jpg 225w, https:\/\/hoyre.no\/content\/uploads\/sites\/36\/2023\/06\/IMG_5234-1152x1536.jpg 1152w, https:\/\/hoyre.no\/content\/uploads\/sites\/36\/2023\/06\/IMG_5234-rotated.jpg 1512w\" sizes=\"auto, (max-width: 768px) 100vw, 768px\" \/ data-full-url=\"https:\/\/hoyre.no\/content\/uploads\/sites\/36\/2023\/06\/IMG_5234-rotated.jpg\" data-id=\"58\" data-caption=\"58\"\/><\/a><\/figure><\/li><\/ul><\/figure>\n\n\n\n<h2 class=\"has-text-align-center wp-block-heading\">Finn Bj\u00f8rns hjertesak<\/h2>\n\n\n\n<h3 class=\"wp-block-heading\"><strong>Et Evje og Hornnes i vekst!<\/strong><\/h3>\n\n\n\n<p>Som politiker m\u00e5 du forplikte deg til \u00e5 se sammenhenger og helheten n\u00e5r en skal treffe en best mulig beslutning. En er satt til \u00e5 forvalte store verdier p\u00e5 vegne av et felleskap og det forplikter. Som politiker m\u00e5 du ogs\u00e5 evne \u00e5 se den enkelte innbygger og de utfordringer som denne m\u00f8ter i hverdagen.<\/p>\n\n\n\n<p>I dette valg\u00e5ret har vi bak \u00a0oss Covid-epidemien &#8211; og med den\u00a0 det som fulgte\u00a0 av sykdom og begrensninger.<\/p>\n\n\n\n<p>Men knapt var den over f\u00f8r vi m\u00f8tte betydelig \u00f8kte leveomkostninger og for mange med denne betydelige \u00f8konomiske bekymringer.<\/p>\n\n\n\n<p>Folk flest har et sterkt \u00f8nske om \u00e5 v\u00e6re selvfors\u00f8rgende og kunne ivareta sin forpliktelser p\u00e5 en god m\u00e5te. Dette \u00f8nske krever at vi i v\u00e5r politikk tilrettelegger for et pulserende n\u00e6ringsliv hvor der er et arbeid for alle. Det betyr faktisk det at vi m\u00e5 heia p\u00e5 alle som satser og vil bidra til en slik n\u00e6ringsliv i bygda v\u00e5r. Vi m\u00e5 ikke la janteloven bli v\u00e5r norm, da det er n\u00e6ringslivet som i neste omgang bidrar til at vi f\u00e5r en god eldreomsorg, en god skole, et rikt idretts- og kulturliv og trygge og gode forhold i bygda v\u00e5r.<\/p>\n\n\n\n<p>Som ordf\u00f8rerkandidat forplikter jeg p\u00e5 at vi skal bygge bygda v\u00e5r sammen med alle de gode kreftene som vil v\u00e6re med \u00e5 skape et godt samfunn for oss alle.<\/p>\n\n\n\n<div class=\"wp-block-hoyre-banner alignwide undefined  is-style-blue\"><div class=\"banner-inner\"><figure class=\"hoyre-image-wrapper\"><div class=\"hoyre-image\"><img loading=\"lazy\" decoding=\"async\" width=\"2016\" height=\"1512\" src=\"https:\/\/hoyre.no\/content\/uploads\/sites\/36\/2020\/11\/bilde_evje.jpg\" class=\"attachment-scaled size-scaled\" alt=\"\" style=\"object-position: 50% 42%\" srcset=\"https:\/\/hoyre.no\/content\/uploads\/sites\/36\/2020\/11\/bilde_evje.jpg 2016w, https:\/\/hoyre.no\/content\/uploads\/sites\/36\/2020\/11\/bilde_evje-300x225.jpg 300w, https:\/\/hoyre.no\/content\/uploads\/sites\/36\/2020\/11\/bilde_evje-1024x768.jpg 1024w, https:\/\/hoyre.no\/content\/uploads\/sites\/36\/2020\/11\/bilde_evje-768x576.jpg 768w, https:\/\/hoyre.no\/content\/uploads\/sites\/36\/2020\/11\/bilde_evje-1536x1152.jpg 1536w\" sizes=\"auto, (max-width: 2016px) 100vw, 2016px\" \/><\/div><\/figure><div class=\"banner-content\"><div class=\"entry-content\">\n<h2 class=\"wp-block-heading\" id=\"h-ti-gode-grunner\">Kom i kontakt med Finn Bj\u00f8rn<\/h2>\n\n\n\n<ul class=\"wp-block-list\"><li>E-post: <a href=\"mailto:fbrorvik@gmail.com\">fbrorvik@gmail.com<\/a><\/li><li>Telefon: 906 89 277<\/li><\/ul>\n\n\n\n<div class=\"wp-block-buttons is-layout-flex wp-block-buttons-is-layout-flex\">\n<div class=\"wp-block-button\"><a class=\"wp-block-button__link\" href=\"https:\/\/www.facebook.com\/finnbjorn.rorvik\" target=\"_blank\" rel=\"noreferrer noopener\">F\u00d8LG Finn Bj\u00f8rn P\u00c5 FACEBOOK<\/a><\/div>\n<\/div>\n<\/div><\/div><\/div><\/div>\n\n","protected":false},"excerpt":{"rendered":"","protected":false},"author":347,"featured_media":0,"parent":0,"menu_order":0,"comment_status":"closed","ping_status":"closed","template":"","meta":{"teft_cards_image_url":"","teft_cards_custom_pretitle":"","teft_cards_image_id":0,"teft_cards_image_focal_point_x":0,"teft_cards_image_focal_point_y":0,"teft_cards_title":"","teft_cards_excerpt":"","teft_show_chapters":false,"footnotes":""},"class_list":["post-33","page","type-page","status-publish","hentry"],"yoast_head":"<!-- This site is optimized with the Yoast SEO plugin v26.6 - https:\/\/yoast.com\/wordpress\/plugins\/seo\/ -->\n<title>Finn Bj\u00f8rn R\u00f8rvik - v\u00e5r ordf\u00f8rerkandidat - Evje og Hornnes H\u00f8yre<\/title>\n<meta name=\"robots\" content=\"index, follow, max-snippet:-1, max-image-preview:large, max-video-preview:-1\" \/>\n<link rel=\"canonical\" href=\"https:\/\/hoyre.no\/evje-og-hornnes\/finn-bjorn-rorvik-var-ordforerkandidat\/\" \/>\n<meta property=\"og:locale\" content=\"nb_NO\" \/>\n<meta property=\"og:type\" content=\"article\" \/>\n<meta property=\"og:title\" content=\"Finn Bj\u00f8rn R\u00f8rvik - v\u00e5r ordf\u00f8rerkandidat - Evje og Hornnes H\u00f8yre\" \/>\n<meta property=\"og:url\" content=\"https:\/\/hoyre.no\/evje-og-hornnes\/finn-bjorn-rorvik-var-ordforerkandidat\/\" \/>\n<meta property=\"og:site_name\" content=\"Evje og Hornnes H\u00f8yre\" \/>\n<meta property=\"og:image\" content=\"https:\/\/hoyre.no\/content\/uploads\/sites\/36\/2022\/11\/2020_RGB_hoyre_logo_profilbilde_011.png\" \/>\n\t<meta property=\"og:image:width\" content=\"1000\" \/>\n\t<meta property=\"og:image:height\" content=\"1000\" \/>\n\t<meta property=\"og:image:type\" content=\"image\/png\" \/>\n<meta name=\"twitter:card\" content=\"summary_large_image\" \/>\n<meta name=\"twitter:label1\" content=\"Ansl. lesetid\" \/>\n\t<meta name=\"twitter:data1\" content=\"4 minutter\" \/>\n<script type=\"application\/ld+json\" class=\"yoast-schema-graph\">{\"@context\":\"https:\/\/schema.org\",\"@graph\":[{\"@type\":\"WebPage\",\"@id\":\"https:\/\/hoyre.no\/evje-og-hornnes\/finn-bjorn-rorvik-var-ordforerkandidat\/\",\"url\":\"https:\/\/hoyre.no\/evje-og-hornnes\/finn-bjorn-rorvik-var-ordforerkandidat\/\",\"name\":\"Finn Bj\u00f8rn R\u00f8rvik - v\u00e5r ordf\u00f8rerkandidat - Evje og Hornnes H\u00f8yre\",\"isPartOf\":{\"@id\":\"https:\/\/hoyre.no\/evje-og-hornnes\/#website\"},\"datePublished\":\"2023-06-21T10:37:20+00:00\",\"breadcrumb\":{\"@id\":\"https:\/\/hoyre.no\/evje-og-hornnes\/finn-bjorn-rorvik-var-ordforerkandidat\/#breadcrumb\"},\"inLanguage\":\"nb-NO\",\"potentialAction\":[{\"@type\":\"ReadAction\",\"target\":[\"https:\/\/hoyre.no\/evje-og-hornnes\/finn-bjorn-rorvik-var-ordforerkandidat\/\"]}]},{\"@type\":\"BreadcrumbList\",\"@id\":\"https:\/\/hoyre.no\/evje-og-hornnes\/finn-bjorn-rorvik-var-ordforerkandidat\/#breadcrumb\",\"itemListElement\":[{\"@type\":\"ListItem\",\"position\":1,\"name\":\"Til hoyre.no\",\"item\":\"https:\/\/hoyre.no\"},{\"@type\":\"ListItem\",\"position\":2,\"name\":\"Hjem\",\"item\":\"https:\/\/hoyre.no\/evje-og-hornnes\/\"},{\"@type\":\"ListItem\",\"position\":3,\"name\":\"Finn Bj\u00f8rn R\u00f8rvik &#8211; v\u00e5r ordf\u00f8rerkandidat\"}]},{\"@type\":\"WebSite\",\"@id\":\"https:\/\/hoyre.no\/evje-og-hornnes\/#website\",\"url\":\"https:\/\/hoyre.no\/evje-og-hornnes\/\",\"name\":\"Evje og Hornnes H\u00f8yre\",\"description\":\"Bare enda et H\u00f8yres nettsteder-nettsted\",\"inLanguage\":\"nb-NO\"}]}<\/script>\n<!-- \/ Yoast SEO plugin. -->","yoast_head_json":{"title":"Finn Bj\u00f8rn R\u00f8rvik - v\u00e5r ordf\u00f8rerkandidat - Evje og Hornnes H\u00f8yre","robots":{"index":"index","follow":"follow","max-snippet":"max-snippet:-1","max-image-preview":"max-image-preview:large","max-video-preview":"max-video-preview:-1"},"canonical":"https:\/\/hoyre.no\/evje-og-hornnes\/finn-bjorn-rorvik-var-ordforerkandidat\/","og_locale":"nb_NO","og_type":"article","og_title":"Finn Bj\u00f8rn R\u00f8rvik - v\u00e5r ordf\u00f8rerkandidat - Evje og Hornnes H\u00f8yre","og_url":"https:\/\/hoyre.no\/evje-og-hornnes\/finn-bjorn-rorvik-var-ordforerkandidat\/","og_site_name":"Evje og Hornnes H\u00f8yre","og_image":[{"width":1000,"height":1000,"url":"https:\/\/hoyre.no\/content\/uploads\/sites\/36\/2022\/11\/2020_RGB_hoyre_logo_profilbilde_011.png","type":"image\/png"}],"twitter_card":"summary_large_image","twitter_misc":{"Ansl. lesetid":"4 minutter"},"schema":{"@context":"https:\/\/schema.org","@graph":[{"@type":"WebPage","@id":"https:\/\/hoyre.no\/evje-og-hornnes\/finn-bjorn-rorvik-var-ordforerkandidat\/","url":"https:\/\/hoyre.no\/evje-og-hornnes\/finn-bjorn-rorvik-var-ordforerkandidat\/","name":"Finn Bj\u00f8rn R\u00f8rvik - v\u00e5r ordf\u00f8rerkandidat - Evje og Hornnes H\u00f8yre","isPartOf":{"@id":"https:\/\/hoyre.no\/evje-og-hornnes\/#website"},"datePublished":"2023-06-21T10:37:20+00:00","breadcrumb":{"@id":"https:\/\/hoyre.no\/evje-og-hornnes\/finn-bjorn-rorvik-var-ordforerkandidat\/#breadcrumb"},"inLanguage":"nb-NO","potentialAction":[{"@type":"ReadAction","target":["https:\/\/hoyre.no\/evje-og-hornnes\/finn-bjorn-rorvik-var-ordforerkandidat\/"]}]},{"@type":"BreadcrumbList","@id":"https:\/\/hoyre.no\/evje-og-hornnes\/finn-bjorn-rorvik-var-ordforerkandidat\/#breadcrumb","itemListElement":[{"@type":"ListItem","position":1,"name":"Til hoyre.no","item":"https:\/\/hoyre.no"},{"@type":"ListItem","position":2,"name":"Hjem","item":"https:\/\/hoyre.no\/evje-og-hornnes\/"},{"@type":"ListItem","position":3,"name":"Finn Bj\u00f8rn R\u00f8rvik &#8211; v\u00e5r ordf\u00f8rerkandidat"}]},{"@type":"WebSite","@id":"https:\/\/hoyre.no\/evje-og-hornnes\/#website","url":"https:\/\/hoyre.no\/evje-og-hornnes\/","name":"Evje og Hornnes H\u00f8yre","description":"Bare enda et H\u00f8yres nettsteder-nettsted","inLanguage":"nb-NO"}]}},"distributor_meta":false,"distributor_terms":false,"distributor_media":false,"distributor_original_site_name":"Evje og Hornnes H\u00f8yre","distributor_original_site_url":"https:\/\/hoyre.no\/evje-og-hornnes","push-errors":false,"_links":{"self":[{"href":"https:\/\/hoyre.no\/evje-og-hornnes\/wp-json\/wp\/v2\/pages\/33","targetHints":{"allow":["GET"]}}],"collection":[{"href":"https:\/\/hoyre.no\/evje-og-hornnes\/wp-json\/wp\/v2\/pages"}],"about":[{"href":"https:\/\/hoyre.no\/evje-og-hornnes\/wp-json\/wp\/v2\/types\/page"}],"author":[{"embeddable":true,"href":"https:\/\/hoyre.no\/evje-og-hornnes\/wp-json\/wp\/v2\/users\/347"}],"replies":[{"embeddable":true,"href":"https:\/\/hoyre.no\/evje-og-hornnes\/wp-json\/wp\/v2\/comments?post=33"}],"version-history":[{"count":1,"href":"https:\/\/hoyre.no\/evje-og-hornnes\/wp-json\/wp\/v2\/pages\/33\/revisions"}],"predecessor-version":[{"id":61,"href":"https:\/\/hoyre.no\/evje-og-hornnes\/wp-json\/wp\/v2\/pages\/33\/revisions\/61"}],"wp:attachment":[{"href":"https:\/\/hoyre.no\/evje-og-hornnes\/wp-json\/wp\/v2\/media?parent=33"}],"curies":[{"name":"wp","href":"https:\/\/api.w.org\/{rel}","templated":true}]}}