{"id":1237,"date":"2023-05-02T12:50:01","date_gmt":"2023-05-02T10:50:01","guid":{"rendered":"https:\/\/hoyre.no\/faerder\/?page_id=1237"},"modified":"2024-02-25T16:36:10","modified_gmt":"2024-02-25T15:36:10","slug":"politikk","status":"publish","type":"page","link":"https:\/\/hoyre.no\/faerder\/politikk\/","title":{"rendered":"Politikk"},"content":{"rendered":"\n<div class=\"wp-block-hoyre-hero with-image-gradient text-color-light  alignfull has-background\"><div class=\"hoyre-hero \"><h1 class=\"title\">Politikk<\/h1><p class=\"preamble\">N\u00e5r frivilligheten, n\u00e6ringslivet og offentlig sektor spiller p\u00e5 lag, skapes det gode lokalsamfunn. H\u00f8yre tror p\u00e5 enkeltmenneskets evne og lyst til \u00e5 st\u00e5 p\u00e5 egne ben.<br><br>Det er v\u00e5r oppgave \u00e5 s\u00f8rge for at mennesker kan leve gode liv, uansett utgangspunkt. Vi skaper ikke politikk for kommunen, men for alle som bor der. H\u00f8yre tror p\u00e5 et samfunn som gir muligheter for alle.<\/p><\/div><\/div>\n\n\n\n<div class=\"wp-block-teft-file icon-link-block\"><a href=\"https:\/\/hoyre.no\/content\/uploads\/sites\/372\/2023\/05\/Program-Faerder-Hoyre-2023-2027.pdf\" download><span class=\"file-title\">Her kan du lese F\u00e6rder H\u00f8yres program for perioden 2023 &#8211; 2027<\/span><span class=\"file-name\">Program-Faerder-Hoyre-2023-2027.pdf [253.4kb]<\/span><\/a><\/div>\n\n\n\n\t\t<div class=\"has-pale-blue-background-color is-layout-right alignwide alignwide wp-block-hoyre-media-text\">\n\t\t\t<div class=\"hoyre-media-text__media\">\n\t\t\t\t<img loading=\"lazy\" decoding=\"async\" width=\"1024\" height=\"582\" src=\"https:\/\/hoyre.no\/content\/uploads\/sites\/372\/2022\/11\/IMG_3892-1024x582.jpeg\" class=\"hoyre-media-text__media-image\" alt=\"\" style=\"--focal: 71% 96%;\" srcset=\"https:\/\/hoyre.no\/content\/uploads\/sites\/372\/2022\/11\/IMG_3892-1024x582.jpeg 1024w, https:\/\/hoyre.no\/content\/uploads\/sites\/372\/2022\/11\/IMG_3892-300x171.jpeg 300w, https:\/\/hoyre.no\/content\/uploads\/sites\/372\/2022\/11\/IMG_3892-768x437.jpeg 768w, https:\/\/hoyre.no\/content\/uploads\/sites\/372\/2022\/11\/IMG_3892.jpeg 1432w\" sizes=\"auto, (max-width: 1024px) 100vw, 1024px\" \/>\n\t\t\t<\/div>\n\t\t\t<div class=\"hoyre-media-text__content\">\n\t\t\t\t<div class=\"hoyre-media-text__content-inner\">\n\t\t\t\t\t\n\t\t\t<div class=\"hoyre-media-text__title-container\">\n\t\t\t\t\n\t\t\t\t<h2 class=\"hoyre-media-text__title\">6 viktige saker for H\u00f8yre i F\u00e6rder<\/h2>\n\t\t\t<\/div>\n\t\t\t\n\t\t\t\t\t<div class=\"hoyre-media-text__blocks\">\n<p><\/p>\n<\/div>\n\t\t\t\t\t\n\t\t\t<div class=\"hoyre-media-text__buttons\">\n\t\t\t\t<a class=\"button\" href=\"https:\/\/hoyre.no\/faerder\/politikk\/6-gode-grunner-til-a-stemme-hoyre-i-faerder\/\">Trykk her<\/a>\n\t\t\t<\/div>\n\t\t\t\n\t\t\t\t<\/div>\n\t\t\t<\/div>\n\t\t<\/div>\n\t\t\n\n\n\t\t<div class=\"has-dark-blue-background-color is-layout-left alignwide alignwide wp-block-hoyre-media-text\">\n\t\t\t<div class=\"hoyre-media-text__media\">\n\t\t\t\t<img loading=\"lazy\" decoding=\"async\" width=\"1024\" height=\"768\" src=\"https:\/\/hoyre.no\/content\/uploads\/sites\/372\/2023\/03\/473AD2B8-3D96-4785-B695-7B15A8E12ACD-1024x768.jpeg\" class=\"hoyre-media-text__media-image\" alt=\"\" style=\"--focal: 71% 96%;\" srcset=\"https:\/\/hoyre.no\/content\/uploads\/sites\/372\/2023\/03\/473AD2B8-3D96-4785-B695-7B15A8E12ACD-1024x768.jpeg 1024w, https:\/\/hoyre.no\/content\/uploads\/sites\/372\/2023\/03\/473AD2B8-3D96-4785-B695-7B15A8E12ACD-300x225.jpeg 300w, https:\/\/hoyre.no\/content\/uploads\/sites\/372\/2023\/03\/473AD2B8-3D96-4785-B695-7B15A8E12ACD-768x576.jpeg 768w, https:\/\/hoyre.no\/content\/uploads\/sites\/372\/2023\/03\/473AD2B8-3D96-4785-B695-7B15A8E12ACD-1536x1152.jpeg 1536w, https:\/\/hoyre.no\/content\/uploads\/sites\/372\/2023\/03\/473AD2B8-3D96-4785-B695-7B15A8E12ACD.jpeg 2016w\" sizes=\"auto, (max-width: 1024px) 100vw, 1024px\" \/>\n\t\t\t<\/div>\n\t\t\t<div class=\"hoyre-media-text__content\">\n\t\t\t\t<div class=\"hoyre-media-text__content-inner\">\n\t\t\t\t\t\n\t\t\t<div class=\"hoyre-media-text__title-container\">\n\t\t\t\t\n\t\t\t\t<h2 class=\"hoyre-media-text__title\">F\u00e6rder H\u00f8yres ordf\u00f8rer<\/h2>\n\t\t\t<\/div>\n\t\t\t\n\t\t\t\t\t<div class=\"hoyre-media-text__blocks\">\n<p>Tom Mello er ordf\u00f8rer fra H\u00f8yre i F\u00e6rder kommune. Du kan lese mer om Tom her <\/p>\n<\/div>\n\t\t\t\t\t\n\t\t\t<div class=\"hoyre-media-text__buttons\">\n\t\t\t\t<a class=\"button\" href=\"https:\/\/hoyre.no\/faerder\/wp-admin\/post.php?post=840&#038;action=edit\">Les mer<\/a>\n\t\t\t<\/div>\n\t\t\t\n\t\t\t\t<\/div>\n\t\t\t<\/div>\n\t\t<\/div>\n\t\t\n\n\n\t\t<div class=\"has-lightest-blue-background-color is-layout-right alignwide alignwide wp-block-hoyre-media-text\">\n\t\t\t<div class=\"hoyre-media-text__media\">\n\t\t\t\t<img loading=\"lazy\" decoding=\"async\" width=\"746\" height=\"1024\" src=\"https:\/\/hoyre.no\/content\/uploads\/sites\/372\/2023\/05\/IMG_8263-746x1024.jpeg\" class=\"hoyre-media-text__media-image\" alt=\"F\u00e6rder H\u00f8yre program 2023 - 2027 forside\" style=\"--focal: 50% 18%;\" srcset=\"https:\/\/hoyre.no\/content\/uploads\/sites\/372\/2023\/05\/IMG_8263-746x1024.jpeg 746w, https:\/\/hoyre.no\/content\/uploads\/sites\/372\/2023\/05\/IMG_8263-219x300.jpeg 219w, https:\/\/hoyre.no\/content\/uploads\/sites\/372\/2023\/05\/IMG_8263-768x1054.jpeg 768w, https:\/\/hoyre.no\/content\/uploads\/sites\/372\/2023\/05\/IMG_8263-1119x1536.jpeg 1119w, https:\/\/hoyre.no\/content\/uploads\/sites\/372\/2023\/05\/IMG_8263-1492x2048.jpeg 1492w, https:\/\/hoyre.no\/content\/uploads\/sites\/372\/2023\/05\/IMG_8263-scaled.jpeg 1821w\" sizes=\"auto, (max-width: 746px) 100vw, 746px\" \/>\n\t\t\t<\/div>\n\t\t\t<div class=\"hoyre-media-text__content\">\n\t\t\t\t<div class=\"hoyre-media-text__content-inner\">\n\t\t\t\t\t\n\t\t\t<div class=\"hoyre-media-text__title-container\">\n\t\t\t\t\n\t\t\t\t<h2 class=\"hoyre-media-text__title\">F\u00e6rder H\u00f8yres program for perioden 2023 &#8211; 2027<\/h2>\n\t\t\t<\/div>\n\t\t\t\n\t\t\t\t\t<div class=\"hoyre-media-text__blocks\"><\/div>\n\t\t\t\t\t\n\t\t\t<div class=\"hoyre-media-text__buttons\">\n\t\t\t\t<a class=\"button\" href=\"https:\/\/hoyre.no\/content\/uploads\/sites\/372\/2023\/05\/Program-Faerder-Hoyre-2023-2027.pdf\">Trykk her<\/a>\n\t\t\t<\/div>\n\t\t\t\n\t\t\t\t<\/div>\n\t\t\t<\/div>\n\t\t<\/div>\n\t\t\n\n\n\n\n\t\t<div class=\"has-lightest-blue-background-color is-layout-left alignwide alignwide wp-block-hoyre-media-text\">\n\t\t\t<div class=\"hoyre-media-text__media\">\n\t\t\t\t<img loading=\"lazy\" decoding=\"async\" width=\"1024\" height=\"831\" src=\"https:\/\/hoyre.no\/content\/uploads\/sites\/372\/2023\/07\/2V3A7676-1024x831.jpeg\" class=\"hoyre-media-text__media-image\" alt=\"\" style=\"--focal: 50% 50%;\" srcset=\"https:\/\/hoyre.no\/content\/uploads\/sites\/372\/2023\/07\/2V3A7676-1024x831.jpeg 1024w, https:\/\/hoyre.no\/content\/uploads\/sites\/372\/2023\/07\/2V3A7676-300x243.jpeg 300w, https:\/\/hoyre.no\/content\/uploads\/sites\/372\/2023\/07\/2V3A7676-768x623.jpeg 768w, https:\/\/hoyre.no\/content\/uploads\/sites\/372\/2023\/07\/2V3A7676-1536x1246.jpeg 1536w, https:\/\/hoyre.no\/content\/uploads\/sites\/372\/2023\/07\/2V3A7676-2048x1662.jpeg 2048w\" sizes=\"auto, (max-width: 1024px) 100vw, 1024px\" \/>\n\t\t\t<\/div>\n\t\t\t<div class=\"hoyre-media-text__content\">\n\t\t\t\t<div class=\"hoyre-media-text__content-inner\">\n\t\t\t\t\t\n\t\t\t<div class=\"hoyre-media-text__title-container\">\n\t\t\t\t\n\t\t\t\t<h2 class=\"hoyre-media-text__title\">Her kan du se presentasjon av F\u00e6rder H\u00f8yres representanter til kommunestyret 2023-2027<\/h2>\n\t\t\t<\/div>\n\t\t\t\n\t\t\t\t\t<div class=\"hoyre-media-text__blocks\"><\/div>\n\t\t\t\t\t\n\t\t\t<div class=\"hoyre-media-text__buttons\">\n\t\t\t\t<a class=\"button\" href=\"https:\/\/hoyre.no\/faerder\/vare-folk\/vare-kandidater\/\">Trykk her<\/a>\n\t\t\t<\/div>\n\t\t\t\n\t\t\t\t<\/div>\n\t\t\t<\/div>\n\t\t<\/div>\n\t\t","protected":false},"excerpt":{"rendered":"","protected":false},"author":21339,"featured_media":0,"parent":0,"menu_order":0,"comment_status":"closed","ping_status":"closed","template":"","meta":{"teft_cards_image_url":"","teft_cards_custom_pretitle":"","teft_cards_image_id":0,"teft_cards_image_focal_point_x":0,"teft_cards_image_focal_point_y":0,"teft_cards_title":"","teft_cards_excerpt":"","teft_show_chapters":false,"footnotes":""},"class_list":["post-1237","page","type-page","status-publish","hentry"],"yoast_head":"<!-- This site is optimized with the Yoast SEO plugin v26.6 - https:\/\/yoast.com\/wordpress\/plugins\/seo\/ -->\n<title>Politikk - F\u00e6rder H\u00f8yre<\/title>\n<meta name=\"robots\" content=\"index, follow, max-snippet:-1, max-image-preview:large, max-video-preview:-1\" \/>\n<link rel=\"canonical\" href=\"https:\/\/hoyre.no\/faerder\/politikk\/\" \/>\n<meta property=\"og:locale\" content=\"nb_NO\" \/>\n<meta property=\"og:type\" content=\"article\" \/>\n<meta property=\"og:title\" content=\"Politikk - F\u00e6rder H\u00f8yre\" \/>\n<meta property=\"og:url\" content=\"https:\/\/hoyre.no\/faerder\/politikk\/\" \/>\n<meta property=\"og:site_name\" content=\"F\u00e6rder H\u00f8yre\" \/>\n<meta property=\"article:modified_time\" content=\"2024-02-25T15:36:10+00:00\" \/>\n<meta property=\"og:image\" content=\"https:\/\/hoyre.no\/content\/uploads\/sites\/372\/2022\/11\/Hoyres-logo.png\" \/>\n\t<meta property=\"og:image:width\" content=\"1000\" \/>\n\t<meta property=\"og:image:height\" content=\"1000\" \/>\n\t<meta property=\"og:image:type\" content=\"image\/png\" \/>\n<meta name=\"twitter:card\" content=\"summary_large_image\" \/>\n<meta name=\"twitter:label1\" content=\"Ansl. lesetid\" \/>\n\t<meta name=\"twitter:data1\" content=\"1 minutt\" \/>\n<script type=\"application\/ld+json\" class=\"yoast-schema-graph\">{\"@context\":\"https:\/\/schema.org\",\"@graph\":[{\"@type\":\"WebPage\",\"@id\":\"https:\/\/hoyre.no\/faerder\/politikk\/\",\"url\":\"https:\/\/hoyre.no\/faerder\/politikk\/\",\"name\":\"Politikk - F\u00e6rder H\u00f8yre\",\"isPartOf\":{\"@id\":\"https:\/\/hoyre.no\/faerder\/#website\"},\"datePublished\":\"2023-05-02T10:50:01+00:00\",\"dateModified\":\"2024-02-25T15:36:10+00:00\",\"breadcrumb\":{\"@id\":\"https:\/\/hoyre.no\/faerder\/politikk\/#breadcrumb\"},\"inLanguage\":\"nb-NO\",\"potentialAction\":[{\"@type\":\"ReadAction\",\"target\":[\"https:\/\/hoyre.no\/faerder\/politikk\/\"]}]},{\"@type\":\"BreadcrumbList\",\"@id\":\"https:\/\/hoyre.no\/faerder\/politikk\/#breadcrumb\",\"itemListElement\":[{\"@type\":\"ListItem\",\"position\":1,\"name\":\"Til hoyre.no\",\"item\":\"https:\/\/hoyre.no\"},{\"@type\":\"ListItem\",\"position\":2,\"name\":\"Hjem\",\"item\":\"https:\/\/hoyre.no\/faerder\/\"},{\"@type\":\"ListItem\",\"position\":3,\"name\":\"Politikk\"}]},{\"@type\":\"WebSite\",\"@id\":\"https:\/\/hoyre.no\/faerder\/#website\",\"url\":\"https:\/\/hoyre.no\/faerder\/\",\"name\":\"F\u00e6rder H\u00f8yre\",\"description\":\"Bare enda et H\u00f8yres nettsteder-nettsted\",\"inLanguage\":\"nb-NO\"}]}<\/script>\n<!-- \/ Yoast SEO plugin. -->","yoast_head_json":{"title":"Politikk - F\u00e6rder H\u00f8yre","robots":{"index":"index","follow":"follow","max-snippet":"max-snippet:-1","max-image-preview":"max-image-preview:large","max-video-preview":"max-video-preview:-1"},"canonical":"https:\/\/hoyre.no\/faerder\/politikk\/","og_locale":"nb_NO","og_type":"article","og_title":"Politikk - F\u00e6rder H\u00f8yre","og_url":"https:\/\/hoyre.no\/faerder\/politikk\/","og_site_name":"F\u00e6rder H\u00f8yre","article_modified_time":"2024-02-25T15:36:10+00:00","og_image":[{"width":1000,"height":1000,"url":"https:\/\/hoyre.no\/content\/uploads\/sites\/372\/2022\/11\/Hoyres-logo.png","type":"image\/png"}],"twitter_card":"summary_large_image","twitter_misc":{"Ansl. lesetid":"1 minutt"},"schema":{"@context":"https:\/\/schema.org","@graph":[{"@type":"WebPage","@id":"https:\/\/hoyre.no\/faerder\/politikk\/","url":"https:\/\/hoyre.no\/faerder\/politikk\/","name":"Politikk - F\u00e6rder H\u00f8yre","isPartOf":{"@id":"https:\/\/hoyre.no\/faerder\/#website"},"datePublished":"2023-05-02T10:50:01+00:00","dateModified":"2024-02-25T15:36:10+00:00","breadcrumb":{"@id":"https:\/\/hoyre.no\/faerder\/politikk\/#breadcrumb"},"inLanguage":"nb-NO","potentialAction":[{"@type":"ReadAction","target":["https:\/\/hoyre.no\/faerder\/politikk\/"]}]},{"@type":"BreadcrumbList","@id":"https:\/\/hoyre.no\/faerder\/politikk\/#breadcrumb","itemListElement":[{"@type":"ListItem","position":1,"name":"Til hoyre.no","item":"https:\/\/hoyre.no"},{"@type":"ListItem","position":2,"name":"Hjem","item":"https:\/\/hoyre.no\/faerder\/"},{"@type":"ListItem","position":3,"name":"Politikk"}]},{"@type":"WebSite","@id":"https:\/\/hoyre.no\/faerder\/#website","url":"https:\/\/hoyre.no\/faerder\/","name":"F\u00e6rder H\u00f8yre","description":"Bare enda et H\u00f8yres nettsteder-nettsted","inLanguage":"nb-NO"}]}},"distributor_meta":false,"distributor_terms":false,"distributor_media":false,"distributor_original_site_name":"F\u00e6rder H\u00f8yre","distributor_original_site_url":"https:\/\/hoyre.no\/faerder","push-errors":false,"_links":{"self":[{"href":"https:\/\/hoyre.no\/faerder\/wp-json\/wp\/v2\/pages\/1237","targetHints":{"allow":["GET"]}}],"collection":[{"href":"https:\/\/hoyre.no\/faerder\/wp-json\/wp\/v2\/pages"}],"about":[{"href":"https:\/\/hoyre.no\/faerder\/wp-json\/wp\/v2\/types\/page"}],"author":[{"embeddable":true,"href":"https:\/\/hoyre.no\/faerder\/wp-json\/wp\/v2\/users\/21339"}],"replies":[{"embeddable":true,"href":"https:\/\/hoyre.no\/faerder\/wp-json\/wp\/v2\/comments?post=1237"}],"version-history":[{"count":19,"href":"https:\/\/hoyre.no\/faerder\/wp-json\/wp\/v2\/pages\/1237\/revisions"}],"predecessor-version":[{"id":2121,"href":"https:\/\/hoyre.no\/faerder\/wp-json\/wp\/v2\/pages\/1237\/revisions\/2121"}],"wp:attachment":[{"href":"https:\/\/hoyre.no\/faerder\/wp-json\/wp\/v2\/media?parent=1237"}],"curies":[{"name":"wp","href":"https:\/\/api.w.org\/{rel}","templated":true}]}}