{"id":1287,"date":"2023-05-26T17:25:47","date_gmt":"2023-05-26T15:25:47","guid":{"rendered":"https:\/\/hoyre.no\/faerder\/?page_id=1287"},"modified":"2025-02-14T12:07:16","modified_gmt":"2025-02-14T11:07:16","slug":"6-gode-grunner-til-a-stemme-hoyre-i-faerder","status":"publish","type":"page","link":"https:\/\/hoyre.no\/faerder\/politikk\/6-gode-grunner-til-a-stemme-hoyre-i-faerder\/","title":{"rendered":"6 viktige saker for H\u00f8yre i F\u00e6rder"},"content":{"rendered":"\n<div class=\"wp-block-hoyre-hero with-image-gradient text-color-light  has-media alignfull has-background\"><div class=\"hoyre-hero has-image\"><h1 class=\"title\">6 viktige saker for  H\u00f8yre i F\u00e6rder<\/h1><figure class=\"hoyre-image-wrapper\"><div class=\"hoyre-image\"><img loading=\"lazy\" decoding=\"async\" width=\"2500\" height=\"925\" src=\"https:\/\/hoyre.no\/content\/uploads\/sites\/372\/2022\/11\/289A60FC-4360-44F2-85E3-E14A8C73EA37-scaled.jpeg\" class=\"attachment-scaled size-scaled\" alt=\"\" style=\"object-position: 39% 100%\" srcset=\"https:\/\/hoyre.no\/content\/uploads\/sites\/372\/2022\/11\/289A60FC-4360-44F2-85E3-E14A8C73EA37-scaled.jpeg 2500w, https:\/\/hoyre.no\/content\/uploads\/sites\/372\/2022\/11\/289A60FC-4360-44F2-85E3-E14A8C73EA37-300x111.jpeg 300w, https:\/\/hoyre.no\/content\/uploads\/sites\/372\/2022\/11\/289A60FC-4360-44F2-85E3-E14A8C73EA37-1024x379.jpeg 1024w, https:\/\/hoyre.no\/content\/uploads\/sites\/372\/2022\/11\/289A60FC-4360-44F2-85E3-E14A8C73EA37-768x284.jpeg 768w, https:\/\/hoyre.no\/content\/uploads\/sites\/372\/2022\/11\/289A60FC-4360-44F2-85E3-E14A8C73EA37-1536x569.jpeg 1536w, https:\/\/hoyre.no\/content\/uploads\/sites\/372\/2022\/11\/289A60FC-4360-44F2-85E3-E14A8C73EA37-2048x758.jpeg 2048w\" sizes=\"auto, (max-width: 2500px) 100vw, 2500px\" \/><\/div><\/figure><\/div><\/div>\n\n\n\n\t\t<div class=\"has-pale-green-background-color is-layout-right alignwide alignwide wp-block-hoyre-media-text\">\n\t\t\t<div class=\"hoyre-media-text__media\">\n\t\t\t\t<img loading=\"lazy\" decoding=\"async\" width=\"1024\" height=\"547\" src=\"https:\/\/hoyre.no\/content\/uploads\/sites\/372\/2023\/05\/IMG_8154-1024x547.png\" class=\"hoyre-media-text__media-image\" alt=\"\" style=\"--focal: 11% 100%;\" srcset=\"https:\/\/hoyre.no\/content\/uploads\/sites\/372\/2023\/05\/IMG_8154-1024x547.png 1024w, https:\/\/hoyre.no\/content\/uploads\/sites\/372\/2023\/05\/IMG_8154-300x160.png 300w, https:\/\/hoyre.no\/content\/uploads\/sites\/372\/2023\/05\/IMG_8154-768x410.png 768w, https:\/\/hoyre.no\/content\/uploads\/sites\/372\/2023\/05\/IMG_8154-1536x820.png 1536w, https:\/\/hoyre.no\/content\/uploads\/sites\/372\/2023\/05\/IMG_8154-2048x1093.png 2048w\" sizes=\"auto, (max-width: 1024px) 100vw, 1024px\" \/>\n\t\t\t<\/div>\n\t\t\t<div class=\"hoyre-media-text__content\">\n\t\t\t\t<div class=\"hoyre-media-text__content-inner\">\n\t\t\t\t\t\n\t\t\t<div class=\"hoyre-media-text__title-container\">\n\t\t\t\t\n\t\t\t\t<h2 class=\"hoyre-media-text__title\">1. Frisk Oslofjord<\/h2>\n\t\t\t<\/div>\n\t\t\t\n\t\t\t\t\t<div class=\"hoyre-media-text__blocks\">\n<p>Redusert avrenning fra landbruket gjennom krav om dekkvekster og vernesoner mot vassdrag, m\u00e5 staten bidra til i samarbeid med landbruksinteressene.<\/p><p>Rensing av n\u00e6ringssalter i kloakk m\u00e5 skje i n\u00e6rt samarbeid mellom statlige myndigheter og kommunene som har utslipp i Oslofjorden og til elver som renner ut i fjorden.<\/p><p>(Utdrag fra vedtatt resolusjon p\u00e5 Vestfold og Telemark H\u00f8yres \u00e5rsm\u00f8te 11. februar 2023)<\/p>\n<\/div>\n\t\t\t\t\t\n\t\t\t\t<\/div>\n\t\t\t<\/div>\n\t\t<\/div>\n\t\t\n\n\n\t\t<div class=\"has-pink-background-color is-layout-left alignwide alignwide wp-block-hoyre-media-text\">\n\t\t\t<div class=\"hoyre-media-text__media\">\n\t\t\t\t<img loading=\"lazy\" decoding=\"async\" width=\"1024\" height=\"683\" src=\"https:\/\/hoyre.no\/content\/uploads\/sites\/372\/2023\/05\/IMG_8256-1024x683.jpeg\" class=\"hoyre-media-text__media-image\" alt=\"\" style=\"--focal: 50% 50%;\" srcset=\"https:\/\/hoyre.no\/content\/uploads\/sites\/372\/2023\/05\/IMG_8256-1024x683.jpeg 1024w, https:\/\/hoyre.no\/content\/uploads\/sites\/372\/2023\/05\/IMG_8256-300x200.jpeg 300w, https:\/\/hoyre.no\/content\/uploads\/sites\/372\/2023\/05\/IMG_8256-768x512.jpeg 768w, https:\/\/hoyre.no\/content\/uploads\/sites\/372\/2023\/05\/IMG_8256-1536x1024.jpeg 1536w, https:\/\/hoyre.no\/content\/uploads\/sites\/372\/2023\/05\/IMG_8256-2048x1365.jpeg 2048w\" sizes=\"auto, (max-width: 1024px) 100vw, 1024px\" \/>\n\t\t\t<\/div>\n\t\t\t<div class=\"hoyre-media-text__content\">\n\t\t\t\t<div class=\"hoyre-media-text__content-inner\">\n\t\t\t\t\t\n\t\t\t<div class=\"hoyre-media-text__title-container\">\n\t\t\t\t\n\t\t\t\t<h2 class=\"hoyre-media-text__title\">2. Trygghet for god helsehjelp<\/h2>\n\t\t\t<\/div>\n\t\t\t\n\t\t\t\t\t<div class=\"hoyre-media-text__blocks\">\n<p>Alle innbyggerne i F\u00e6rder skal f\u00e5 god helsehjelp uavhengig av alder, funksjonsevne og livssituasjon. F\u00e6rder H\u00f8yre vil sikre god kvalitet og valgfrihet i helsetilbudet. <br><br>Vi vil videreutvikle behandlings- og oppf\u00f8lgingstilbudet innen psykisk helse og rus.<\/p>\n<\/div>\n\t\t\t\t\t\n\t\t\t\t<\/div>\n\t\t\t<\/div>\n\t\t<\/div>\n\t\t\n\n\n\t\t<div class=\"has-lightest-blue-background-color is-layout-right alignwide alignwide wp-block-hoyre-media-text\">\n\t\t\t<div class=\"hoyre-media-text__media\">\n\t\t\t\t<img loading=\"lazy\" decoding=\"async\" width=\"1024\" height=\"682\" src=\"https:\/\/hoyre.no\/content\/uploads\/sites\/372\/2023\/05\/IMG_8261-1024x682.jpeg\" class=\"hoyre-media-text__media-image\" alt=\"\" style=\"--focal: 50% 50%;\" srcset=\"https:\/\/hoyre.no\/content\/uploads\/sites\/372\/2023\/05\/IMG_8261-1024x682.jpeg 1024w, https:\/\/hoyre.no\/content\/uploads\/sites\/372\/2023\/05\/IMG_8261-300x200.jpeg 300w, https:\/\/hoyre.no\/content\/uploads\/sites\/372\/2023\/05\/IMG_8261-768x512.jpeg 768w, https:\/\/hoyre.no\/content\/uploads\/sites\/372\/2023\/05\/IMG_8261-1536x1023.jpeg 1536w, https:\/\/hoyre.no\/content\/uploads\/sites\/372\/2023\/05\/IMG_8261-2048x1364.jpeg 2048w\" sizes=\"auto, (max-width: 1024px) 100vw, 1024px\" \/>\n\t\t\t<\/div>\n\t\t\t<div class=\"hoyre-media-text__content\">\n\t\t\t\t<div class=\"hoyre-media-text__content-inner\">\n\t\t\t\t\t\n\t\t\t<div class=\"hoyre-media-text__title-container\">\n\t\t\t\t\n\t\t\t\t<h2 class=\"hoyre-media-text__title\">3. Verdier m\u00e5 skapes f\u00f8r de kan deles<\/h2>\n\t\t\t<\/div>\n\t\t\t\n\t\t\t\t\t<div class=\"hoyre-media-text__blocks\">\n<p>Et godt n\u00e6ringsliv er grunnlaget for arbeidsplasser, mestring, inkludering og velferd.<\/p><p>Vi m\u00e5 f\u00e5 ned saksbehandlingstiden i byggesaker, tilrettelegge for flere n\u00e6ringsomr\u00e5der og v\u00e6re p\u00e5drivere for l\u00e6rling- og praksisplasser.<\/p>\n<\/div>\n\t\t\t\t\t\n\t\t\t\t<\/div>\n\t\t\t<\/div>\n\t\t<\/div>\n\t\t\n\n\n\t\t<div class=\"has-pale-purple-background-color is-layout-left alignwide alignwide wp-block-hoyre-media-text\">\n\t\t\t<div class=\"hoyre-media-text__media\">\n\t\t\t\t<img loading=\"lazy\" decoding=\"async\" width=\"1024\" height=\"566\" src=\"https:\/\/hoyre.no\/content\/uploads\/sites\/372\/2023\/05\/IMG_8255-1024x566.jpeg\" class=\"hoyre-media-text__media-image\" alt=\"\" style=\"--focal: 50% 50%;\" srcset=\"https:\/\/hoyre.no\/content\/uploads\/sites\/372\/2023\/05\/IMG_8255-1024x566.jpeg 1024w, https:\/\/hoyre.no\/content\/uploads\/sites\/372\/2023\/05\/IMG_8255-300x166.jpeg 300w, https:\/\/hoyre.no\/content\/uploads\/sites\/372\/2023\/05\/IMG_8255-768x425.jpeg 768w, https:\/\/hoyre.no\/content\/uploads\/sites\/372\/2023\/05\/IMG_8255-1536x850.jpeg 1536w, https:\/\/hoyre.no\/content\/uploads\/sites\/372\/2023\/05\/IMG_8255-2048x1133.jpeg 2048w\" sizes=\"auto, (max-width: 1024px) 100vw, 1024px\" \/>\n\t\t\t<\/div>\n\t\t\t<div class=\"hoyre-media-text__content\">\n\t\t\t\t<div class=\"hoyre-media-text__content-inner\">\n\t\t\t\t\t\n\t\t\t<div class=\"hoyre-media-text__title-container\">\n\t\t\t\t\n\t\t\t\t<h2 class=\"hoyre-media-text__title\">4. En kommune for barnefamilier<\/h2>\n\t\t\t<\/div>\n\t\t\t\n\t\t\t\t\t<div class=\"hoyre-media-text__blocks\">\n<p>Vi vil ha ny barnehage p\u00e5 Teie i privat regi og satse p\u00e5 opptak i barnehagene gjennom hele \u00e5ret. Vi \u00f8nsker \u00e5 skape en skole for mestring og trivsel. Klasseturer i 10. trinn skal opprettholdes og leirskole videref\u00f8res. <\/p>\n<\/div>\n\t\t\t\t\t\n\t\t\t\t<\/div>\n\t\t\t<\/div>\n\t\t<\/div>\n\t\t\n\n\n\t\t<div class=\"has-dark-blue-background-color is-layout-right alignwide alignwide wp-block-hoyre-media-text\">\n\t\t\t<div class=\"hoyre-media-text__media\">\n\t\t\t\t<img loading=\"lazy\" decoding=\"async\" width=\"1024\" height=\"662\" src=\"https:\/\/hoyre.no\/content\/uploads\/sites\/372\/2021\/11\/15C94998-9190-407E-87E4-F0106FFDE382-1024x662.jpeg\" class=\"hoyre-media-text__media-image\" alt=\"\" style=\"--focal: 74% 100%;\" srcset=\"https:\/\/hoyre.no\/content\/uploads\/sites\/372\/2021\/11\/15C94998-9190-407E-87E4-F0106FFDE382-1024x662.jpeg 1024w, https:\/\/hoyre.no\/content\/uploads\/sites\/372\/2021\/11\/15C94998-9190-407E-87E4-F0106FFDE382-300x194.jpeg 300w, https:\/\/hoyre.no\/content\/uploads\/sites\/372\/2021\/11\/15C94998-9190-407E-87E4-F0106FFDE382-768x496.jpeg 768w, https:\/\/hoyre.no\/content\/uploads\/sites\/372\/2021\/11\/15C94998-9190-407E-87E4-F0106FFDE382-1536x993.jpeg 1536w, https:\/\/hoyre.no\/content\/uploads\/sites\/372\/2021\/11\/15C94998-9190-407E-87E4-F0106FFDE382.jpeg 1920w\" sizes=\"auto, (max-width: 1024px) 100vw, 1024px\" \/>\n\t\t\t<\/div>\n\t\t\t<div class=\"hoyre-media-text__content\">\n\t\t\t\t<div class=\"hoyre-media-text__content-inner\">\n\t\t\t\t\t\n\t\t\t<div class=\"hoyre-media-text__title-container\">\n\t\t\t\t\n\t\t\t\t<h2 class=\"hoyre-media-text__title\">5. Nei til eiendomsskatt!<\/h2>\n\t\t\t<\/div>\n\t\t\t\n\t\t\t\t\t<div class=\"hoyre-media-text__blocks\">\n<p>F\u00e6rder H\u00f8yre er en garantist for ikke \u00e5 innf\u00f8re eiendomsskatt!<\/p>\n<\/div>\n\t\t\t\t\t\n\t\t\t\t<\/div>\n\t\t\t<\/div>\n\t\t<\/div>\n\t\t\n\n\n\t\t<div class=\"has-pale-blue-background-color is-layout-left alignwide alignwide wp-block-hoyre-media-text\">\n\t\t\t<div class=\"hoyre-media-text__media\">\n\t\t\t\t<img loading=\"lazy\" decoding=\"async\" width=\"1024\" height=\"582\" src=\"https:\/\/hoyre.no\/content\/uploads\/sites\/372\/2022\/04\/83D10875-FC33-4A05-8F22-AADA34B41A50-1024x582.jpeg\" class=\"hoyre-media-text__media-image\" alt=\"\" style=\"--focal: 50% 50%;\" srcset=\"https:\/\/hoyre.no\/content\/uploads\/sites\/372\/2022\/04\/83D10875-FC33-4A05-8F22-AADA34B41A50-1024x582.jpeg 1024w, https:\/\/hoyre.no\/content\/uploads\/sites\/372\/2022\/04\/83D10875-FC33-4A05-8F22-AADA34B41A50-300x171.jpeg 300w, https:\/\/hoyre.no\/content\/uploads\/sites\/372\/2022\/04\/83D10875-FC33-4A05-8F22-AADA34B41A50-768x437.jpeg 768w, https:\/\/hoyre.no\/content\/uploads\/sites\/372\/2022\/04\/83D10875-FC33-4A05-8F22-AADA34B41A50.jpeg 1432w\" sizes=\"auto, (max-width: 1024px) 100vw, 1024px\" \/>\n\t\t\t<\/div>\n\t\t\t<div class=\"hoyre-media-text__content\">\n\t\t\t\t<div class=\"hoyre-media-text__content-inner\">\n\t\t\t\t\t\n\t\t\t<div class=\"hoyre-media-text__title-container\">\n\t\t\t\t\n\t\t\t\t<h2 class=\"hoyre-media-text__title\">6. En forutsigbar kommune<\/h2>\n\t\t\t<\/div>\n\t\t\t\n\t\t\t\t\t<div class=\"hoyre-media-text__blocks\">\n<p>Vi vil si JA n\u00e5r vi kan og NEI n\u00e5r vi m\u00e5! <\/p>\n<\/div>\n\t\t\t\t\t\n\t\t\t\t<\/div>\n\t\t\t<\/div>\n\t\t<\/div>\n\t\t\n\n\n<div class=\"wp-block-hoyre-banner alignwide undefined has-icon-title icon-heart is-style-blue\"><div class=\"banner-inner\"><figure class=\"hoyre-image-wrapper\"><div class=\"hoyre-image\"><img loading=\"lazy\" decoding=\"async\" width=\"1821\" height=\"2500\" src=\"https:\/\/hoyre.no\/content\/uploads\/sites\/372\/2023\/05\/IMG_8263-scaled.jpeg\" class=\"attachment-scaled size-scaled\" alt=\"F\u00e6rder H\u00f8yre program 2023 - 2027 forside\" style=\"object-position: 48% 39%\" srcset=\"https:\/\/hoyre.no\/content\/uploads\/sites\/372\/2023\/05\/IMG_8263-scaled.jpeg 1821w, https:\/\/hoyre.no\/content\/uploads\/sites\/372\/2023\/05\/IMG_8263-219x300.jpeg 219w, https:\/\/hoyre.no\/content\/uploads\/sites\/372\/2023\/05\/IMG_8263-746x1024.jpeg 746w, https:\/\/hoyre.no\/content\/uploads\/sites\/372\/2023\/05\/IMG_8263-768x1054.jpeg 768w, https:\/\/hoyre.no\/content\/uploads\/sites\/372\/2023\/05\/IMG_8263-1119x1536.jpeg 1119w, https:\/\/hoyre.no\/content\/uploads\/sites\/372\/2023\/05\/IMG_8263-1492x2048.jpeg 1492w\" sizes=\"auto, (max-width: 1821px) 100vw, 1821px\" \/><\/div><\/figure><div class=\"banner-content\"><div class=\"entry-content\">\n<h2 class=\"wp-block-heading alignwide has-text-align-left\">Lurer du p\u00e5 hva F\u00e6rder H\u00f8yre mener?<\/h2>\n\n\n\n<p>Det kan du lese mer om i v\u00e5rt program som du finner her\ud83d\udc47\ud83c\udffc<\/p>\n\n\n\n<div class=\"wp-block-buttons alignwide is-layout-flex wp-block-buttons-is-layout-flex\">\n<div class=\"wp-block-button has-custom-width wp-block-button__width-100\"><a class=\"wp-block-button__link wp-element-button\" href=\"https:\/\/hoyre.no\/content\/uploads\/sites\/372\/2023\/05\/Program-Faerder-Hoyre-2023-2027.pdf\" target=\"_blank\" rel=\"noreferrer noopener\">Trykk her for \u00e5 lese program<\/a><\/div>\n<\/div>\n<\/div><\/div><\/div><\/div>\n","protected":false},"excerpt":{"rendered":"","protected":false},"author":21339,"featured_media":0,"parent":1237,"menu_order":0,"comment_status":"closed","ping_status":"closed","template":"","meta":{"teft_cards_image_url":"","teft_cards_custom_pretitle":"","teft_cards_image_id":631,"teft_cards_image_focal_point_x":0.5,"teft_cards_image_focal_point_y":0.5,"teft_cards_title":"F\u00c6RDER H\u00d8YRES PROGRAM 2023 - 2027","teft_cards_excerpt":"","teft_show_chapters":false,"footnotes":""},"class_list":["post-1287","page","type-page","status-publish","hentry"],"yoast_head":"<!-- This site is optimized with the Yoast SEO plugin v26.6 - https:\/\/yoast.com\/wordpress\/plugins\/seo\/ -->\n<title>6 viktige saker for H\u00f8yre i F\u00e6rder - F\u00e6rder H\u00f8yre<\/title>\n<meta name=\"description\" content=\"Vi gir deg 6 gode grunner til hvorfor du b\u00f8r gi H\u00f8yre din stemme i F\u00e6rder kommune.\" \/>\n<meta name=\"robots\" content=\"index, follow, max-snippet:-1, max-image-preview:large, max-video-preview:-1\" \/>\n<link rel=\"canonical\" href=\"https:\/\/hoyre.no\/faerder\/politikk\/6-gode-grunner-til-a-stemme-hoyre-i-faerder\/\" \/>\n<meta property=\"og:locale\" content=\"nb_NO\" \/>\n<meta property=\"og:type\" content=\"article\" \/>\n<meta property=\"og:title\" content=\"6 viktige saker for H\u00f8yre i F\u00e6rder - F\u00e6rder H\u00f8yre\" \/>\n<meta property=\"og:description\" content=\"Vi gir deg 6 gode grunner til hvorfor du b\u00f8r gi H\u00f8yre din stemme i F\u00e6rder kommune.\" \/>\n<meta property=\"og:url\" content=\"https:\/\/hoyre.no\/faerder\/politikk\/6-gode-grunner-til-a-stemme-hoyre-i-faerder\/\" \/>\n<meta property=\"og:site_name\" content=\"F\u00e6rder H\u00f8yre\" \/>\n<meta property=\"article:modified_time\" content=\"2025-02-14T11:07:16+00:00\" \/>\n<meta property=\"og:image\" content=\"https:\/\/hoyre.no\/content\/uploads\/sites\/372\/2022\/11\/289A60FC-4360-44F2-85E3-E14A8C73EA37-1024x379.jpeg\" \/>\n<meta name=\"twitter:card\" content=\"summary_large_image\" \/>\n<meta name=\"twitter:label1\" content=\"Ansl. lesetid\" \/>\n\t<meta name=\"twitter:data1\" content=\"2 minutter\" \/>\n<script type=\"application\/ld+json\" class=\"yoast-schema-graph\">{\"@context\":\"https:\/\/schema.org\",\"@graph\":[{\"@type\":\"WebPage\",\"@id\":\"https:\/\/hoyre.no\/faerder\/politikk\/6-gode-grunner-til-a-stemme-hoyre-i-faerder\/\",\"url\":\"https:\/\/hoyre.no\/faerder\/politikk\/6-gode-grunner-til-a-stemme-hoyre-i-faerder\/\",\"name\":\"6 viktige saker for H\u00f8yre i F\u00e6rder - F\u00e6rder H\u00f8yre\",\"isPartOf\":{\"@id\":\"https:\/\/hoyre.no\/faerder\/#website\"},\"datePublished\":\"2023-05-26T15:25:47+00:00\",\"dateModified\":\"2025-02-14T11:07:16+00:00\",\"description\":\"Vi gir deg 6 gode grunner til hvorfor du b\u00f8r gi H\u00f8yre din stemme i F\u00e6rder kommune.\",\"breadcrumb\":{\"@id\":\"https:\/\/hoyre.no\/faerder\/politikk\/6-gode-grunner-til-a-stemme-hoyre-i-faerder\/#breadcrumb\"},\"inLanguage\":\"nb-NO\",\"potentialAction\":[{\"@type\":\"ReadAction\",\"target\":[\"https:\/\/hoyre.no\/faerder\/politikk\/6-gode-grunner-til-a-stemme-hoyre-i-faerder\/\"]}]},{\"@type\":\"BreadcrumbList\",\"@id\":\"https:\/\/hoyre.no\/faerder\/politikk\/6-gode-grunner-til-a-stemme-hoyre-i-faerder\/#breadcrumb\",\"itemListElement\":[{\"@type\":\"ListItem\",\"position\":1,\"name\":\"Til hoyre.no\",\"item\":\"https:\/\/hoyre.no\"},{\"@type\":\"ListItem\",\"position\":2,\"name\":\"Hjem\",\"item\":\"https:\/\/hoyre.no\/faerder\/\"},{\"@type\":\"ListItem\",\"position\":3,\"name\":\"Politikk\",\"item\":\"https:\/\/hoyre.no\/faerder\/politikk\/\"},{\"@type\":\"ListItem\",\"position\":4,\"name\":\"6 viktige saker for H\u00f8yre i F\u00e6rder\"}]},{\"@type\":\"WebSite\",\"@id\":\"https:\/\/hoyre.no\/faerder\/#website\",\"url\":\"https:\/\/hoyre.no\/faerder\/\",\"name\":\"F\u00e6rder H\u00f8yre\",\"description\":\"Bare enda et H\u00f8yres nettsteder-nettsted\",\"inLanguage\":\"nb-NO\"}]}<\/script>\n<!-- \/ Yoast SEO plugin. -->","yoast_head_json":{"title":"6 viktige saker for H\u00f8yre i F\u00e6rder - F\u00e6rder H\u00f8yre","description":"Vi gir deg 6 gode grunner til hvorfor du b\u00f8r gi H\u00f8yre din stemme i F\u00e6rder kommune.","robots":{"index":"index","follow":"follow","max-snippet":"max-snippet:-1","max-image-preview":"max-image-preview:large","max-video-preview":"max-video-preview:-1"},"canonical":"https:\/\/hoyre.no\/faerder\/politikk\/6-gode-grunner-til-a-stemme-hoyre-i-faerder\/","og_locale":"nb_NO","og_type":"article","og_title":"6 viktige saker for H\u00f8yre i F\u00e6rder - F\u00e6rder H\u00f8yre","og_description":"Vi gir deg 6 gode grunner til hvorfor du b\u00f8r gi H\u00f8yre din stemme i F\u00e6rder kommune.","og_url":"https:\/\/hoyre.no\/faerder\/politikk\/6-gode-grunner-til-a-stemme-hoyre-i-faerder\/","og_site_name":"F\u00e6rder H\u00f8yre","article_modified_time":"2025-02-14T11:07:16+00:00","og_image":[{"url":"https:\/\/hoyre.no\/content\/uploads\/sites\/372\/2022\/11\/289A60FC-4360-44F2-85E3-E14A8C73EA37-1024x379.jpeg","width":"","height":"","type":""}],"twitter_card":"summary_large_image","twitter_misc":{"Ansl. lesetid":"2 minutter"},"schema":{"@context":"https:\/\/schema.org","@graph":[{"@type":"WebPage","@id":"https:\/\/hoyre.no\/faerder\/politikk\/6-gode-grunner-til-a-stemme-hoyre-i-faerder\/","url":"https:\/\/hoyre.no\/faerder\/politikk\/6-gode-grunner-til-a-stemme-hoyre-i-faerder\/","name":"6 viktige saker for H\u00f8yre i F\u00e6rder - F\u00e6rder H\u00f8yre","isPartOf":{"@id":"https:\/\/hoyre.no\/faerder\/#website"},"datePublished":"2023-05-26T15:25:47+00:00","dateModified":"2025-02-14T11:07:16+00:00","description":"Vi gir deg 6 gode grunner til hvorfor du b\u00f8r gi H\u00f8yre din stemme i F\u00e6rder kommune.","breadcrumb":{"@id":"https:\/\/hoyre.no\/faerder\/politikk\/6-gode-grunner-til-a-stemme-hoyre-i-faerder\/#breadcrumb"},"inLanguage":"nb-NO","potentialAction":[{"@type":"ReadAction","target":["https:\/\/hoyre.no\/faerder\/politikk\/6-gode-grunner-til-a-stemme-hoyre-i-faerder\/"]}]},{"@type":"BreadcrumbList","@id":"https:\/\/hoyre.no\/faerder\/politikk\/6-gode-grunner-til-a-stemme-hoyre-i-faerder\/#breadcrumb","itemListElement":[{"@type":"ListItem","position":1,"name":"Til hoyre.no","item":"https:\/\/hoyre.no"},{"@type":"ListItem","position":2,"name":"Hjem","item":"https:\/\/hoyre.no\/faerder\/"},{"@type":"ListItem","position":3,"name":"Politikk","item":"https:\/\/hoyre.no\/faerder\/politikk\/"},{"@type":"ListItem","position":4,"name":"6 viktige saker for H\u00f8yre i F\u00e6rder"}]},{"@type":"WebSite","@id":"https:\/\/hoyre.no\/faerder\/#website","url":"https:\/\/hoyre.no\/faerder\/","name":"F\u00e6rder H\u00f8yre","description":"Bare enda et H\u00f8yres nettsteder-nettsted","inLanguage":"nb-NO"}]}},"distributor_meta":false,"distributor_terms":false,"distributor_media":false,"distributor_original_site_name":"F\u00e6rder H\u00f8yre","distributor_original_site_url":"https:\/\/hoyre.no\/faerder","push-errors":false,"_links":{"self":[{"href":"https:\/\/hoyre.no\/faerder\/wp-json\/wp\/v2\/pages\/1287","targetHints":{"allow":["GET"]}}],"collection":[{"href":"https:\/\/hoyre.no\/faerder\/wp-json\/wp\/v2\/pages"}],"about":[{"href":"https:\/\/hoyre.no\/faerder\/wp-json\/wp\/v2\/types\/page"}],"author":[{"embeddable":true,"href":"https:\/\/hoyre.no\/faerder\/wp-json\/wp\/v2\/users\/21339"}],"replies":[{"embeddable":true,"href":"https:\/\/hoyre.no\/faerder\/wp-json\/wp\/v2\/comments?post=1287"}],"version-history":[{"count":46,"href":"https:\/\/hoyre.no\/faerder\/wp-json\/wp\/v2\/pages\/1287\/revisions"}],"predecessor-version":[{"id":2220,"href":"https:\/\/hoyre.no\/faerder\/wp-json\/wp\/v2\/pages\/1287\/revisions\/2220"}],"up":[{"embeddable":true,"href":"https:\/\/hoyre.no\/faerder\/wp-json\/wp\/v2\/pages\/1237"}],"wp:attachment":[{"href":"https:\/\/hoyre.no\/faerder\/wp-json\/wp\/v2\/media?parent=1287"}],"curies":[{"name":"wp","href":"https:\/\/api.w.org\/{rel}","templated":true}]}}