{"id":840,"date":"2023-05-23T12:23:11","date_gmt":"2023-05-23T10:23:11","guid":{"rendered":"https:\/\/hoyre.no\/faerder\/?page_id=840"},"modified":"2025-02-14T12:09:46","modified_gmt":"2025-02-14T11:09:46","slug":"tom-mello-var-ordforerkandidat","status":"publish","type":"page","link":"https:\/\/hoyre.no\/faerder\/tom-mello-var-ordforerkandidat\/","title":{"rendered":"Tom Mello &#8211; ordf\u00f8rer i F\u00e6rder"},"content":{"rendered":"\n<div class=\"wp-block-hoyre-hero with-image-gradient text-color-light  has-media alignfull has-background\"><div class=\"hoyre-hero has-image\"><h1 class=\"title\">Tom Mello &#8211; ordf\u00f8rer<\/h1><figure class=\"hoyre-image-wrapper\"><div class=\"hoyre-image\"><img loading=\"lazy\" decoding=\"async\" width=\"1827\" height=\"2136\" src=\"https:\/\/hoyre.no\/content\/uploads\/sites\/372\/2022\/11\/Tom-Mello-beskaret.png\" class=\"attachment-scaled size-scaled\" alt=\"\" style=\"object-position: 49% 23%\" srcset=\"https:\/\/hoyre.no\/content\/uploads\/sites\/372\/2022\/11\/Tom-Mello-beskaret.png 1827w, https:\/\/hoyre.no\/content\/uploads\/sites\/372\/2022\/11\/Tom-Mello-beskaret-257x300.png 257w, https:\/\/hoyre.no\/content\/uploads\/sites\/372\/2022\/11\/Tom-Mello-beskaret-876x1024.png 876w, https:\/\/hoyre.no\/content\/uploads\/sites\/372\/2022\/11\/Tom-Mello-beskaret-768x898.png 768w, https:\/\/hoyre.no\/content\/uploads\/sites\/372\/2022\/11\/Tom-Mello-beskaret-1314x1536.png 1314w, https:\/\/hoyre.no\/content\/uploads\/sites\/372\/2022\/11\/Tom-Mello-beskaret-1752x2048.png 1752w\" sizes=\"auto, (max-width: 1827px) 100vw, 1827px\" \/><\/div><\/figure><\/div><\/div>\n\n\n\n\n<div class=\"wp-block-buttons is-content-justification-center is-layout-flex wp-container-core-buttons-is-layout-16018d1d wp-block-buttons-is-layout-flex\">\n<div class=\"wp-block-button\"><a class=\"wp-block-button__link wp-element-button\" href=\"https:\/\/hoyre.no\/nyhetsbrev\/\">abonner p\u00e5 h\u00f8yres nyhetsbrev<\/a><\/div>\n\n\n\n<div class=\"wp-block-button has-custom-width wp-block-button__width-50\"><a class=\"wp-block-button__link wp-element-button\" href=\"https:\/\/hoyre.no\/personprofiler\/tom-mello\/\" target=\"_blank\" rel=\"noreferrer noopener\">kom i kontakt med Tom Mello<\/a><\/div>\n\n\n\n<div class=\"wp-block-button\"><a class=\"wp-block-button__link wp-element-button\" href=\"https:\/\/www.facebook.com\/FaerderHoeyre\/\" target=\"_blank\" rel=\"noreferrer noopener\">f\u00f8lg F\u00e6rder h\u00f8yre p\u00e5 facebook<\/a><\/div>\n\n\n\n<div class=\"wp-block-button has-custom-width wp-block-button__width-50\"><a class=\"wp-block-button__link wp-element-button\" href=\"https:\/\/hoyre.no\/content\/uploads\/sites\/372\/2023\/05\/Program-Faerder-Hoyre-2023-2027.pdf\" target=\"_blank\" rel=\"noreferrer noopener\">F\u00e6rder H\u00f8yres program<\/a><\/div>\n<\/div>\n\n\n\n<div class=\"wp-block-hoyre-banner undefined has-icon-title icon-heart is-style-blue\"><div class=\"banner-inner\"><figure class=\"hoyre-image-wrapper\"><div class=\"hoyre-image\"><img loading=\"lazy\" decoding=\"async\" width=\"2500\" height=\"1532\" src=\"https:\/\/hoyre.no\/content\/uploads\/sites\/372\/2023\/05\/IMG_8056-scaled.jpeg\" class=\"attachment-scaled size-scaled\" alt=\"\" style=\"object-position: 60% 5%\" srcset=\"https:\/\/hoyre.no\/content\/uploads\/sites\/372\/2023\/05\/IMG_8056-scaled.jpeg 2500w, https:\/\/hoyre.no\/content\/uploads\/sites\/372\/2023\/05\/IMG_8056-300x184.jpeg 300w, https:\/\/hoyre.no\/content\/uploads\/sites\/372\/2023\/05\/IMG_8056-1024x628.jpeg 1024w, https:\/\/hoyre.no\/content\/uploads\/sites\/372\/2023\/05\/IMG_8056-768x471.jpeg 768w, https:\/\/hoyre.no\/content\/uploads\/sites\/372\/2023\/05\/IMG_8056-1536x941.jpeg 1536w, https:\/\/hoyre.no\/content\/uploads\/sites\/372\/2023\/05\/IMG_8056-2048x1255.jpeg 2048w\" sizes=\"auto, (max-width: 2500px) 100vw, 2500px\" \/><\/div><\/figure><div class=\"banner-content\"><div class=\"entry-content\">\n<h2 class=\"wp-block-heading has-text-align-center\" id=\"h-bli-bedre-kjent-med-navn\">Bli bedre kjent med Tom!<\/h2>\n\n\n\n<p class=\"has-text-align-left\"><strong>F\u00f8dt:<\/strong> N\u00f8tter\u00f8y i 1959<\/p>\n\n\n\n<p class=\"has-text-align-left\"><strong>Bosted:<\/strong>  Nordre Nes (Nesskogen)<\/p>\n\n\n\n<p class=\"has-text-align-left\"><strong>Sivilstatus:<\/strong> <strong>Gift<\/strong>\u00a0med Bente, to voksne barn ( Volvo stasjonsvogn, mangler hund)<\/p>\n\n\n\n<p class=\"has-text-align-left\"><strong>Jobb:<\/strong> Selvstendig konsulent innen organisasjons- og eiendomsutvikling (tidligere jobbet som produksjonssjef og ulike roller som avdelingsdirekt\u00f8r p\u00e5 Scanrope).<\/p>\n\n\n\n<p class=\"has-text-align-left\"><strong>Politisk erfaring:<\/strong> H\u00f8yres gruppeleder i F\u00e6rder kommunestyre, styremedlem i F\u00e6rder nasjonalpark<\/p>\n\n\n\n<p class=\"has-text-align-left\"><strong>Hvorfor meldte du deg inn i H\u00f8yre?<\/strong>\u00a0For \u00e5 kunne v\u00e6re med \u00e5 p\u00e5virke samfunnsutviklingen i det partiet som jobber for mennesker og sidestiller offentlig og privat virksomhet.<\/p>\n\n\n\n<p class=\"has-text-align-left\"><strong>Hva er dine hjertesaker?<\/strong>&nbsp;Alt innen oppvekst og omsorg er viktigst. Ellers s\u00e5 mener jeg at opplevelsen av mestring er grunnlaget for trivsel i alle faser av livet.<\/p>\n\n\n\n<p class=\"has-text-align-left\"><strong>Hva spiser du n\u00e5r du skal kose deg skikkelig?<\/strong>&nbsp;Jeg er veldig forn\u00f8yd med all mat som jeg slipper \u00e5 lage selv, men grilling kan jeg.<\/p>\n\n\n\n<p class=\"has-text-align-left\"><strong>Hva gj\u00f8r du utenom jobb og politikk?<\/strong>&nbsp;Ikke mye tid til annet, men b\u00e5tliv med familien og dugnadsarbeid med gode venner.<\/p>\n\n\n\n<p class=\"has-text-align-left\"><strong>Hva er ditt favorittsted? <\/strong>\u00d8yene og s\u00e6rlig Vierskj\u00e6r.<\/p>\n\n\n\n<p class=\"has-text-align-left\"><strong>Det er l\u00f8rdag, klokka n\u00e6rmer seg 19.00. Hva spiser du helst til middag?<\/strong> Det jeg f\u00e5r servert.<\/p>\n\n\n\n<p class=\"has-text-align-left\"><strong>Konsert eller idrettsarrangement?<\/strong> Ja takk, begge deler.<\/p>\n\n\n\n<p class=\"has-text-align-left\"><strong>Hvis du skulle valgt en, hva er din favorittartist?<\/strong> Adele.<\/p>\n\n\n\n<p class=\"has-text-align-left\"><strong>Har du en funfact om deg?<\/strong>\u00a0Klipper h\u00e5ret selv, med saks og plaster.<\/p>\n\n\n\n<p class=\"has-text-align-left\"><strong>Hvorfor er H\u00f8yre rett parti for deg?<\/strong> H\u00f8yre tenker mennesker foran system, partiet har en helhetstenkning. F\u00f8rst skape, s\u00e5 dele, og  verdsetter initiativ<\/p>\n\n\n\n<div class=\"wp-block-buttons is-layout-flex wp-block-buttons-is-layout-flex\">\n<div class=\"wp-block-button\"><a class=\"wp-block-button__link wp-element-button\" href=\"https:\/\/hoyre.no\/personprofiler\/tom-mello\/\" target=\"_blank\" rel=\"noreferrer noopener\">Kom i kontakt med Tom Mello &#8211; trykk her<\/a><\/div>\n<\/div>\n<\/div><\/div><\/div><\/div>\n\n\n\n<figure class=\"wp-block-teft-gallery columns-1 count-1 rows-2 is-cropped is-style-grid\"><ul class=\"teft-gallery-grid\"><li class=\"teft-gallery-item \"><figure><a href=\"https:\/\/hoyre.no\/content\/uploads\/sites\/372\/2022\/11\/856109A7-BD58-4900-8DD8-584086BE3A25-scaled.jpeg\" data-size=\"2500x1875\"><img loading=\"lazy\" decoding=\"async\" width=\"1024\" height=\"768\" src=\"https:\/\/hoyre.no\/content\/uploads\/sites\/372\/2022\/11\/856109A7-BD58-4900-8DD8-584086BE3A25-1024x768.jpeg\" class=\"attachment-large size-large\" alt=\"\" srcset=\"https:\/\/hoyre.no\/content\/uploads\/sites\/372\/2022\/11\/856109A7-BD58-4900-8DD8-584086BE3A25-1024x768.jpeg 1024w, https:\/\/hoyre.no\/content\/uploads\/sites\/372\/2022\/11\/856109A7-BD58-4900-8DD8-584086BE3A25-300x225.jpeg 300w, https:\/\/hoyre.no\/content\/uploads\/sites\/372\/2022\/11\/856109A7-BD58-4900-8DD8-584086BE3A25-768x576.jpeg 768w, https:\/\/hoyre.no\/content\/uploads\/sites\/372\/2022\/11\/856109A7-BD58-4900-8DD8-584086BE3A25-1536x1152.jpeg 1536w, https:\/\/hoyre.no\/content\/uploads\/sites\/372\/2022\/11\/856109A7-BD58-4900-8DD8-584086BE3A25-2048x1536.jpeg 2048w\" sizes=\"auto, (max-width: 1024px) 100vw, 1024px\" \/ data-full-url=\"https:\/\/hoyre.no\/content\/uploads\/sites\/372\/2022\/11\/856109A7-BD58-4900-8DD8-584086BE3A25-scaled.jpeg\" data-id=\"619\" data-caption=\"619\"\/><\/a><\/figure><\/li><\/ul><\/figure>\n\n\n\n<p>Med bakgrunn fra n\u00e6ringslivet og mange \u00e5r i lokalpolitikken s\u00e5 mener jeg at jeg har f\u00e5tt god forst\u00e5else for det n\u00f8dvendige samspillet mellom det offentlige, privat virksomhet og innbyggerne. N\u00e6ringslivet og privatpersoner m\u00e5 vise forst\u00e5else for at viktige samfunnsinteresser m\u00e5 v\u00e6re f\u00f8rende, og det offentlige (vi politikere) m\u00e5 forst\u00e5 at n\u00e6ringsinvesteringer avhenger av en forventning om l\u00f8nnsomhet.<\/p>\n\n\n\n<p><strong>Hjertesak<\/strong> \ud83d\udc99\ud83d\udc47\ud83c\udffc<br>H\u00f8yres slagord \u00abSkape mer og inkludere flere\u00bb, er selve kjernen i hvorfor jeg driver med politikk. Alle folk er like verdifulle, uansett alder, bakgrunn, etnisitet og legning. \u00c5 ha en jobb og g\u00e5 til er det viktigste \u00abv\u00e5penet\u00bb mot barnefattigdom og utenforskap.<\/p>\n\n\n\n<p class=\"is-style-default\">Kunsten er \u00e5 forene alle gode krefter for utvikling og trygging av lokalsamfunnet. Verdiskapning, skole og velferd innen alle sektorer er gjensidig avhengig av hverandre. Jeg tror at tillitsforholdet som har utviklet seg i Norge gjennom generasjoner er v\u00e5rt gull. Det kan v\u00e6re t\u00f8ffe politiske dragkamper, og vi har forskjellige l\u00f8sninger, men vi vil alle det beste for innbyggerne i F\u00e6rder.<\/p>\n\n\n\n<figure class=\"wp-block-image size-large\"><img loading=\"lazy\" decoding=\"async\" width=\"1024\" height=\"582\" src=\"https:\/\/hoyre.no\/content\/uploads\/sites\/372\/2022\/11\/IMG_3892-1024x582.jpeg\" alt=\"\" class=\"wp-image-613\" srcset=\"https:\/\/hoyre.no\/content\/uploads\/sites\/372\/2022\/11\/IMG_3892-1024x582.jpeg 1024w, https:\/\/hoyre.no\/content\/uploads\/sites\/372\/2022\/11\/IMG_3892-300x171.jpeg 300w, https:\/\/hoyre.no\/content\/uploads\/sites\/372\/2022\/11\/IMG_3892-768x437.jpeg 768w, https:\/\/hoyre.no\/content\/uploads\/sites\/372\/2022\/11\/IMG_3892.jpeg 1432w\" sizes=\"auto, (max-width: 1024px) 100vw, 1024px\" \/><figcaption class=\"wp-element-caption\">&laquo;\u00c5 kunne mestre de store og sm\u00e5 tingene i livet sitt er grunnleggende for trivsel og selvf\u00f8lelse&raquo;<\/figcaption><\/figure>\n\n\n\n<h2 class=\"wp-block-heading has-text-align-center\">Toms hjertesak<\/h2>\n\n\n\n<figure class=\"wp-block-video\"><video controls src=\"https:\/\/hoyre.no\/content\/uploads\/sites\/372\/2022\/11\/trim.E9BB6E5A-3541-40FD-92A0-4F3D5CA8E0B6.mov\"><\/video><\/figure>\n\n\n\n<section class=\"wp-block-hoyre-branch-contact-person alignwide\">\n\t<div class=\"block-inner\">\n\t\t\n<div class=\"politician-info-wrapper\">\n\t<div class=\"politician-image-wrapper\">\n\t\t<div class=\"politician-image\">\n\t\t\t\t\t\t\t\t\t\t\t<a href=\"https:\/\/res.cloudinary.com\/hoyre\/image\/upload\/g_face:center,d_defaultprofileimg3.jpg,fl_lossy,f_auto\/v200902\/11225372.jpg\">\n\t\t\t\t\t<img decoding=\"async\" src=\"https:\/\/res.cloudinary.com\/hoyre\/image\/upload\/c_thumb,g_face:center,h_500,w_500,d_defaultprofileimg3.jpg,fl_lossy,f_auto\/w_500\/v20230420\/11225372.jpg\" alt=\"Profilbilde\" style=\"object-position: 50% 50%\" \/>\n\t\t\t\t<\/a>\n\t\t\t\t\t<\/div>\n\t\t\t<\/div>\n\t<div class=\"politician-details\">\n\t\t\t\t\t<h1 class=\"politician-name\"><a href=\"https:\/\/hoyre.no\/personprofiler\/tom-mello\/\">Tom Mello<\/a><\/h1>\n\t\t\t\t\t\t\t\t<h2 class=\"politician-title\">Ordf\u00f8rer F\u00e6rder<\/h2>\n\t\t\t\t\t<\/div>\n<\/div>\n\t<\/div>\n<\/section>\n\n","protected":false},"excerpt":{"rendered":"","protected":false},"author":31684,"featured_media":0,"parent":0,"menu_order":0,"comment_status":"closed","ping_status":"closed","template":"","meta":{"teft_cards_image_url":"","teft_cards_custom_pretitle":"","teft_cards_image_id":1392,"teft_cards_image_focal_point_x":0.56,"teft_cards_image_focal_point_y":0.05,"teft_cards_title":"","teft_cards_excerpt":"","teft_show_chapters":false,"footnotes":""},"class_list":["post-840","page","type-page","status-publish","hentry"],"yoast_head":"<!-- This site is optimized with the Yoast SEO plugin v26.6 - https:\/\/yoast.com\/wordpress\/plugins\/seo\/ -->\n<title>Tom Mello - ordf\u00f8rer i F\u00e6rder - F\u00e6rder H\u00f8yre<\/title>\n<meta name=\"description\" content=\"Bli bedre kjent med ordf\u00f8reren i F\u00e6rder, Tom Mello.\" \/>\n<meta name=\"robots\" content=\"index, follow, max-snippet:-1, max-image-preview:large, max-video-preview:-1\" \/>\n<link rel=\"canonical\" href=\"https:\/\/hoyre.no\/faerder\/tom-mello-var-ordforerkandidat\/\" \/>\n<meta property=\"og:locale\" content=\"nb_NO\" \/>\n<meta property=\"og:type\" content=\"article\" \/>\n<meta property=\"og:title\" content=\"Tom Mello - ordf\u00f8rer i F\u00e6rder - F\u00e6rder H\u00f8yre\" \/>\n<meta property=\"og:description\" content=\"Bli bedre kjent med ordf\u00f8reren i F\u00e6rder, Tom Mello.\" \/>\n<meta property=\"og:url\" content=\"https:\/\/hoyre.no\/faerder\/tom-mello-var-ordforerkandidat\/\" \/>\n<meta property=\"og:site_name\" content=\"F\u00e6rder H\u00f8yre\" \/>\n<meta property=\"article:modified_time\" content=\"2025-02-14T11:09:46+00:00\" \/>\n<meta property=\"og:image\" content=\"https:\/\/hoyre.no\/content\/uploads\/sites\/372\/2023\/05\/IMG_8056-1024x628.jpeg\" \/>\n<meta name=\"twitter:card\" content=\"summary_large_image\" \/>\n<meta name=\"twitter:label1\" content=\"Ansl. lesetid\" \/>\n\t<meta name=\"twitter:data1\" content=\"3 minutter\" \/>\n<script type=\"application\/ld+json\" class=\"yoast-schema-graph\">{\"@context\":\"https:\/\/schema.org\",\"@graph\":[{\"@type\":\"WebPage\",\"@id\":\"https:\/\/hoyre.no\/faerder\/tom-mello-var-ordforerkandidat\/\",\"url\":\"https:\/\/hoyre.no\/faerder\/tom-mello-var-ordforerkandidat\/\",\"name\":\"Tom Mello - ordf\u00f8rer i F\u00e6rder - F\u00e6rder H\u00f8yre\",\"isPartOf\":{\"@id\":\"https:\/\/hoyre.no\/faerder\/#website\"},\"image\":{\"@id\":\"https:\/\/hoyre.no\/faerder\/tom-mello-var-ordforerkandidat\/#primaryimage\"},\"thumbnailUrl\":\"https:\/\/hoyre.no\/content\/uploads\/sites\/372\/2022\/11\/IMG_3892-1024x582.jpeg\",\"datePublished\":\"2023-05-23T10:23:11+00:00\",\"dateModified\":\"2025-02-14T11:09:46+00:00\",\"description\":\"Bli bedre kjent med ordf\u00f8reren i F\u00e6rder, Tom Mello.\",\"breadcrumb\":{\"@id\":\"https:\/\/hoyre.no\/faerder\/tom-mello-var-ordforerkandidat\/#breadcrumb\"},\"inLanguage\":\"nb-NO\",\"potentialAction\":[{\"@type\":\"ReadAction\",\"target\":[\"https:\/\/hoyre.no\/faerder\/tom-mello-var-ordforerkandidat\/\"]}]},{\"@type\":\"ImageObject\",\"inLanguage\":\"nb-NO\",\"@id\":\"https:\/\/hoyre.no\/faerder\/tom-mello-var-ordforerkandidat\/#primaryimage\",\"url\":\"https:\/\/hoyre.no\/content\/uploads\/sites\/372\/2022\/11\/IMG_3892-1024x582.jpeg\",\"contentUrl\":\"https:\/\/hoyre.no\/content\/uploads\/sites\/372\/2022\/11\/IMG_3892-1024x582.jpeg\"},{\"@type\":\"BreadcrumbList\",\"@id\":\"https:\/\/hoyre.no\/faerder\/tom-mello-var-ordforerkandidat\/#breadcrumb\",\"itemListElement\":[{\"@type\":\"ListItem\",\"position\":1,\"name\":\"Til hoyre.no\",\"item\":\"https:\/\/hoyre.no\"},{\"@type\":\"ListItem\",\"position\":2,\"name\":\"Hjem\",\"item\":\"https:\/\/hoyre.no\/faerder\/\"},{\"@type\":\"ListItem\",\"position\":3,\"name\":\"Tom Mello &#8211; ordf\u00f8rer i F\u00e6rder\"}]},{\"@type\":\"WebSite\",\"@id\":\"https:\/\/hoyre.no\/faerder\/#website\",\"url\":\"https:\/\/hoyre.no\/faerder\/\",\"name\":\"F\u00e6rder H\u00f8yre\",\"description\":\"Bare enda et H\u00f8yres nettsteder-nettsted\",\"inLanguage\":\"nb-NO\"}]}<\/script>\n<!-- \/ Yoast SEO plugin. -->","yoast_head_json":{"title":"Tom Mello - ordf\u00f8rer i F\u00e6rder - F\u00e6rder H\u00f8yre","description":"Bli bedre kjent med ordf\u00f8reren i F\u00e6rder, Tom Mello.","robots":{"index":"index","follow":"follow","max-snippet":"max-snippet:-1","max-image-preview":"max-image-preview:large","max-video-preview":"max-video-preview:-1"},"canonical":"https:\/\/hoyre.no\/faerder\/tom-mello-var-ordforerkandidat\/","og_locale":"nb_NO","og_type":"article","og_title":"Tom Mello - ordf\u00f8rer i F\u00e6rder - F\u00e6rder H\u00f8yre","og_description":"Bli bedre kjent med ordf\u00f8reren i F\u00e6rder, Tom Mello.","og_url":"https:\/\/hoyre.no\/faerder\/tom-mello-var-ordforerkandidat\/","og_site_name":"F\u00e6rder H\u00f8yre","article_modified_time":"2025-02-14T11:09:46+00:00","og_image":[{"url":"https:\/\/hoyre.no\/content\/uploads\/sites\/372\/2023\/05\/IMG_8056-1024x628.jpeg","width":"","height":"","type":""}],"twitter_card":"summary_large_image","twitter_misc":{"Ansl. lesetid":"3 minutter"},"schema":{"@context":"https:\/\/schema.org","@graph":[{"@type":"WebPage","@id":"https:\/\/hoyre.no\/faerder\/tom-mello-var-ordforerkandidat\/","url":"https:\/\/hoyre.no\/faerder\/tom-mello-var-ordforerkandidat\/","name":"Tom Mello - ordf\u00f8rer i F\u00e6rder - F\u00e6rder H\u00f8yre","isPartOf":{"@id":"https:\/\/hoyre.no\/faerder\/#website"},"image":{"@id":"https:\/\/hoyre.no\/faerder\/tom-mello-var-ordforerkandidat\/#primaryimage"},"thumbnailUrl":"https:\/\/hoyre.no\/content\/uploads\/sites\/372\/2022\/11\/IMG_3892-1024x582.jpeg","datePublished":"2023-05-23T10:23:11+00:00","dateModified":"2025-02-14T11:09:46+00:00","description":"Bli bedre kjent med ordf\u00f8reren i F\u00e6rder, Tom Mello.","breadcrumb":{"@id":"https:\/\/hoyre.no\/faerder\/tom-mello-var-ordforerkandidat\/#breadcrumb"},"inLanguage":"nb-NO","potentialAction":[{"@type":"ReadAction","target":["https:\/\/hoyre.no\/faerder\/tom-mello-var-ordforerkandidat\/"]}]},{"@type":"ImageObject","inLanguage":"nb-NO","@id":"https:\/\/hoyre.no\/faerder\/tom-mello-var-ordforerkandidat\/#primaryimage","url":"https:\/\/hoyre.no\/content\/uploads\/sites\/372\/2022\/11\/IMG_3892-1024x582.jpeg","contentUrl":"https:\/\/hoyre.no\/content\/uploads\/sites\/372\/2022\/11\/IMG_3892-1024x582.jpeg"},{"@type":"BreadcrumbList","@id":"https:\/\/hoyre.no\/faerder\/tom-mello-var-ordforerkandidat\/#breadcrumb","itemListElement":[{"@type":"ListItem","position":1,"name":"Til hoyre.no","item":"https:\/\/hoyre.no"},{"@type":"ListItem","position":2,"name":"Hjem","item":"https:\/\/hoyre.no\/faerder\/"},{"@type":"ListItem","position":3,"name":"Tom Mello &#8211; ordf\u00f8rer i F\u00e6rder"}]},{"@type":"WebSite","@id":"https:\/\/hoyre.no\/faerder\/#website","url":"https:\/\/hoyre.no\/faerder\/","name":"F\u00e6rder H\u00f8yre","description":"Bare enda et H\u00f8yres nettsteder-nettsted","inLanguage":"nb-NO"}]}},"distributor_meta":false,"distributor_terms":false,"distributor_media":false,"distributor_original_site_name":"F\u00e6rder H\u00f8yre","distributor_original_site_url":"https:\/\/hoyre.no\/faerder","push-errors":false,"_links":{"self":[{"href":"https:\/\/hoyre.no\/faerder\/wp-json\/wp\/v2\/pages\/840","targetHints":{"allow":["GET"]}}],"collection":[{"href":"https:\/\/hoyre.no\/faerder\/wp-json\/wp\/v2\/pages"}],"about":[{"href":"https:\/\/hoyre.no\/faerder\/wp-json\/wp\/v2\/types\/page"}],"author":[{"embeddable":true,"href":"https:\/\/hoyre.no\/faerder\/wp-json\/wp\/v2\/users\/31684"}],"replies":[{"embeddable":true,"href":"https:\/\/hoyre.no\/faerder\/wp-json\/wp\/v2\/comments?post=840"}],"version-history":[{"count":23,"href":"https:\/\/hoyre.no\/faerder\/wp-json\/wp\/v2\/pages\/840\/revisions"}],"predecessor-version":[{"id":2222,"href":"https:\/\/hoyre.no\/faerder\/wp-json\/wp\/v2\/pages\/840\/revisions\/2222"}],"wp:attachment":[{"href":"https:\/\/hoyre.no\/faerder\/wp-json\/wp\/v2\/media?parent=840"}],"curies":[{"name":"wp","href":"https:\/\/api.w.org\/{rel}","templated":true}]}}