{"id":59,"date":"2023-07-06T17:00:36","date_gmt":"2023-07-06T15:00:36","guid":{"rendered":"https:\/\/hoyre.no\/farsund\/?page_id=59"},"modified":"2023-07-10T10:02:28","modified_gmt":"2023-07-10T08:02:28","slug":"pal-hals-var-ordforerkandidat","status":"publish","type":"page","link":"https:\/\/hoyre.no\/farsund\/pal-hals-var-ordforerkandidat\/","title":{"rendered":"P\u00e5l Hals &#8211; v\u00e5r ordf\u00f8rerkandidat"},"content":{"rendered":"\n<div class=\"wp-block-hoyre-hero with-image-gradient text-color-light  has-media alignfull has-background\"><div class=\"hoyre-hero has-image\"><h1 class=\"title\">Bli kjent med P\u00e5l<\/h1><p class=\"preamble\">Farsund H\u00f8yres ordf\u00f8rerkandidat<\/p>\t\t\t<div class=\"post-meta wp-block teft-byline-wrapper\">\n\t\t\t\t<div class=\"top\">\n\t\t\t\t\t<div class=\"signature\">\n\t\t\t\t\t\t<div class=\"teft-byline\">\n\t\t\t\t\t\t\t\t\t\t\t\t\t\t<div>\n\t\t\t\t\t\t\t\t<h3>H\u00f8yres redaksjon<\/h3>\t\t\t\t\t\t\t\t\n\t\t\t\t\t\t\t\t\t\t\t\t\t\t\t\t\t<span class=\"date\">Sist oppdatert: 10. juli 2023<\/span>\n\t\t\t\t\t\t\t\t\t\t\t\t\t\t\t\t\t\t\t\t\t\t\t\t\t<span class=\"reading-time\" itemprop=\"timeRequired\" content=\"PT3M\"><em>Ca. 3 minutter lesetid<\/em><\/span>\n\t\t\t\t\t\t\t\t\t\t\t\t\t\t\t<\/div>\n\t\t\t\t\t\t<\/div>\n\t\t\t\t\t<\/div>\n\t\t\t\t\t\t<div class=\"sharing\">\n\t\t<a class=\"share-button share-link copy-link\" data-copy=\"https:\/\/hoyre.no\/farsund\/pal-hals-var-ordforerkandidat\/\" target=\"_blank\"><span class=\"screen-reader-text\">Del link<\/span><\/a>\n\t\t<a class=\"share-button share-twitter\" href=\"http:\/\/twitter.com\/share?text=P\u00e5l Hals &#8211; v\u00e5r ordf\u00f8rerkandidat&#038;url=https:\/\/hoyre.no\/farsund\/pal-hals-var-ordforerkandidat\/&#038;hashtags=Hoyre\" target=\"_blank\"><span class=\"screen-reader-text\">Del p\u00e5 twitter<\/span><\/a>\n\t\t<a class=\"share-button share-facebook\" href=\"https:\/\/www.facebook.com\/sharer\/sharer.php?u=https:\/\/hoyre.no\/farsund\/pal-hals-var-ordforerkandidat\/\" target=\"_blank\"><span class=\"screen-reader-text\">Del p\u00e5 facebook<\/span><\/a>\n\t<\/div>\n\t\t\t\t\t<\/div>\n\t\t\t<\/div>\n\n\t\t\t<figure class=\"hoyre-image-wrapper\"><div class=\"hoyre-image\"><img loading=\"lazy\" decoding=\"async\" width=\"2500\" height=\"1408\" src=\"https:\/\/hoyre.no\/content\/uploads\/sites\/37\/2023\/07\/Pa\u030al-Hals216-scaled.jpg\" class=\"attachment-scaled size-scaled\" alt=\"\" style=\"object-position: 33% 50%\" srcset=\"https:\/\/hoyre.no\/content\/uploads\/sites\/37\/2023\/07\/Pa\u030al-Hals216-scaled.jpg 2500w, https:\/\/hoyre.no\/content\/uploads\/sites\/37\/2023\/07\/Pa\u030al-Hals216-300x169.jpg 300w, https:\/\/hoyre.no\/content\/uploads\/sites\/37\/2023\/07\/Pa\u030al-Hals216-1024x577.jpg 1024w, https:\/\/hoyre.no\/content\/uploads\/sites\/37\/2023\/07\/Pa\u030al-Hals216-768x432.jpg 768w, https:\/\/hoyre.no\/content\/uploads\/sites\/37\/2023\/07\/Pa\u030al-Hals216-1536x865.jpg 1536w, https:\/\/hoyre.no\/content\/uploads\/sites\/37\/2023\/07\/Pa\u030al-Hals216-2048x1153.jpg 2048w\" sizes=\"auto, (max-width: 2500px) 100vw, 2500px\" \/><\/div><\/figure><\/div><\/div>\n\n\n\n\n<div class=\"wp-block-buttons is-content-justification-center is-layout-flex wp-container-core-buttons-is-layout-16018d1d wp-block-buttons-is-layout-flex\">\n<div class=\"wp-block-button\"><a class=\"wp-block-button__link\" href=\"https:\/\/hoyre.no\/nyhetsbrev\/\">abonner p\u00e5 h\u00f8yres nyhetsbrev<\/a><\/div>\n\n\n\n<div class=\"wp-block-button\"><a class=\"wp-block-button__link\" href=\"https:\/\/www.facebook.com\/Paal.Hals\">F\u00f8lg P\u00e5l p\u00e5 Facebook<\/a><\/div>\n\n\n\n<div class=\"wp-block-button\"><a class=\"wp-block-button__link\" href=\"https:\/\/www.facebook.com\/Farsundhoyre\">f\u00f8lg Farsund h\u00f8yre p\u00e5 facebook<\/a><\/div>\n<\/div>\n\n\n\n<div class=\"wp-block-hoyre-banner undefined has-icon-title icon-heart is-style-blue\"><div class=\"banner-inner\"><div class=\"banner-content\"><div class=\"entry-content\">\n<h2 class=\"has-text-align-center wp-block-heading\" id=\"h-bli-bedre-kjent-med-navn\">Bli bedre kjent med P\u00e5l!<\/h2>\n\n\n\n<p class=\"has-text-align-left\"><strong>Alder:<\/strong> 50<\/p>\n\n\n\n<p class=\"has-text-align-left\"><strong>Bosted:<\/strong> Kj\u00f8restad<\/p>\n\n\n\n<p class=\"has-text-align-left\"><strong>Sivilstatus:<\/strong> Kj\u00e6reste og 2 barn<\/p>\n\n\n\n<p class=\"has-text-align-left\"><strong>Jobb:<\/strong> Daglig leder for Lista Fyr AS<\/p>\n\n\n\n<p class=\"has-text-align-left\"><strong>Bakgrunn:<\/strong> Erfaring fra statlig- og privat sektor<\/p>\n\n\n\n<p class=\"has-text-align-left\"><strong>Politisk erfaring:<\/strong> Medlem i H\u00f8yre og tillitsverv gjennom 20 \u00e5r<\/p>\n\n\n\n<p class=\"has-text-align-left\"><strong>Hvorfor er H\u00f8yre rett parti for deg?<\/strong> H\u00f8yre har gode l\u00f8sninger p\u00e5 de viktigste sakene.<\/p>\n\n\n\n<p class=\"has-text-align-left\"><strong>Det er l\u00f8rdag, klokka n\u00e6rmer seg 19.00. Hva spiser du helst til middag?<\/strong> Biff, medium stekt, saltbakte poteter<\/p>\n\n\n\n<p class=\"has-text-align-left\"><strong>Konsert eller idrettsarrangement?<\/strong> Konsert<\/p>\n\n\n\n<p class=\"has-text-align-left\"><strong>Hvis du skulle valgt en, hva er din favorittartist?<\/strong> Leonard Cohen<\/p>\n\n\n\n<p class=\"has-text-align-left\"><strong>Funfact?<\/strong> Har hatt regien p\u00e5 hundrevis av lydb\u00f8ker og v\u00e6rt frontfigur i band<\/p>\n\n\n\n<p class=\"has-text-align-left\"><strong>Hva er din favorittplass i kommunen og utenfor kommunen?<\/strong>&nbsp;Liker meg godt i Loshavn og p\u00e5 sydkysten av Kreta<\/p>\n\n\n\n<div class=\"wp-block-buttons is-layout-flex wp-block-buttons-is-layout-flex\"><\/div>\n<\/div><\/div><\/div><\/div>\n\n\n\n<div class=\"wp-block-teft-accentuated-link undefined has-image\"><div class=\"kf-link__wrapper\"><div class=\"kf-link__tagline\"><\/div><a class=\"kf-link__link\" href=\"https:\/\/hoyre.no\/personprofiler\/pal-erik-hals\/\" rel=\"noreferrer noopener\" target=\"_blank\">Kom i kontakt med P\u00e5l Hals<span class=\"kf-link__link-source\">hoyre.no<\/span><\/a><\/div><figure class=\"hoyre-image-wrapper\"><div class=\"hoyre-image\"><img loading=\"lazy\" decoding=\"async\" width=\"2500\" height=\"1408\" src=\"https:\/\/hoyre.no\/content\/uploads\/sites\/37\/2023\/07\/Pa\u030al-Hals216-scaled.jpg\" class=\"attachment-scaled size-scaled\" alt=\"\" style=\"object-position: 33% 50%\" srcset=\"https:\/\/hoyre.no\/content\/uploads\/sites\/37\/2023\/07\/Pa\u030al-Hals216-scaled.jpg 2500w, https:\/\/hoyre.no\/content\/uploads\/sites\/37\/2023\/07\/Pa\u030al-Hals216-300x169.jpg 300w, https:\/\/hoyre.no\/content\/uploads\/sites\/37\/2023\/07\/Pa\u030al-Hals216-1024x577.jpg 1024w, https:\/\/hoyre.no\/content\/uploads\/sites\/37\/2023\/07\/Pa\u030al-Hals216-768x432.jpg 768w, https:\/\/hoyre.no\/content\/uploads\/sites\/37\/2023\/07\/Pa\u030al-Hals216-1536x865.jpg 1536w, https:\/\/hoyre.no\/content\/uploads\/sites\/37\/2023\/07\/Pa\u030al-Hals216-2048x1153.jpg 2048w\" sizes=\"auto, (max-width: 2500px) 100vw, 2500px\" \/><\/div><\/figure><\/div>\n\n\n\n<figure class=\"wp-block-teft-gallery columns-2 count-2 rows-2 is-cropped\"><ul class=\"teft-gallery-grid\"><li class=\"teft-gallery-item \"><figure><a href=\"https:\/\/hoyre.no\/content\/uploads\/sites\/37\/2023\/07\/Pa\u030al-Hals216-scaled.jpg\" data-size=\"2500x1408\"><img loading=\"lazy\" decoding=\"async\" width=\"1024\" height=\"577\" src=\"https:\/\/hoyre.no\/content\/uploads\/sites\/37\/2023\/07\/Pa\u030al-Hals216-1024x577.jpg\" class=\"attachment-large size-large\" alt=\"\" srcset=\"https:\/\/hoyre.no\/content\/uploads\/sites\/37\/2023\/07\/Pa\u030al-Hals216-1024x577.jpg 1024w, https:\/\/hoyre.no\/content\/uploads\/sites\/37\/2023\/07\/Pa\u030al-Hals216-300x169.jpg 300w, https:\/\/hoyre.no\/content\/uploads\/sites\/37\/2023\/07\/Pa\u030al-Hals216-768x432.jpg 768w, https:\/\/hoyre.no\/content\/uploads\/sites\/37\/2023\/07\/Pa\u030al-Hals216-1536x865.jpg 1536w, https:\/\/hoyre.no\/content\/uploads\/sites\/37\/2023\/07\/Pa\u030al-Hals216-2048x1153.jpg 2048w\" sizes=\"auto, (max-width: 1024px) 100vw, 1024px\" \/ data-full-url=\"https:\/\/hoyre.no\/content\/uploads\/sites\/37\/2023\/07\/Pa\u030al-Hals216-scaled.jpg\" data-id=\"71\" data-caption=\"71\"\/><\/a><\/figure><\/li><li class=\"teft-gallery-item \"><figure><a href=\"https:\/\/hoyre.no\/content\/uploads\/sites\/37\/2023\/07\/IMG_9762.jpg\" data-size=\"1146x1528\"><img loading=\"lazy\" decoding=\"async\" width=\"768\" height=\"1024\" src=\"https:\/\/hoyre.no\/content\/uploads\/sites\/37\/2023\/07\/IMG_9762-768x1024.jpg\" class=\"attachment-large size-large\" alt=\"\" srcset=\"https:\/\/hoyre.no\/content\/uploads\/sites\/37\/2023\/07\/IMG_9762-768x1024.jpg 768w, https:\/\/hoyre.no\/content\/uploads\/sites\/37\/2023\/07\/IMG_9762-225x300.jpg 225w, https:\/\/hoyre.no\/content\/uploads\/sites\/37\/2023\/07\/IMG_9762.jpg 1146w\" sizes=\"auto, (max-width: 768px) 100vw, 768px\" \/ data-full-url=\"https:\/\/hoyre.no\/content\/uploads\/sites\/37\/2023\/07\/IMG_9762.jpg\" data-id=\"72\" data-caption=\"72\"\/><\/a><\/figure><\/li><\/ul><\/figure>\n\n\n\n<h2 class=\"has-text-align-center wp-block-heading\">P\u00e5ls hjertesak<\/h2>\n\n\n\n<h3 class=\"wp-block-heading\"><strong>Farsund &#8211; et mangfold av muligheter<\/strong><\/h3>\n\n\n\n<p>Farsund H\u00f8yre vil bevare og videreutvikle mangfoldet i kommunen v\u00e5r. Utvikling og vern g\u00e5r h\u00e5nd i h\u00e5nd og gir oss unike muligheter. Vi skal v\u00e6re en p\u00e5driver for b\u00e6rekraftig vekst med hensyn til v\u00e5re naturverdier, v\u00e5rt n\u00e6ringsliv, v\u00e5r kultur og v\u00e5re innbyggere.&nbsp;Farsund H\u00f8yre skal sikre retten til \u00e5 v\u00e6re og tenke annerledes.&nbsp;-Et godt sted \u00e5 bo er et godt sted \u00e5 bes\u00f8ke!<\/p>\n\n\n\n<ul class=\"wp-block-list\"><li>Opprette et milj\u00f8utvalg best\u00e5ende av brukere av omsorgssentrene, hjemmehjelp og helsetjenesten, p\u00e5r\u00f8rende, ansatte, eldrer\u00e5det og politikere som sammen skal belyse utfordringer og finne de beste l\u00f8sningene for alle parter. Utvalget skal foresl\u00e5 konkrete l\u00f8sninger som f\u00f8lges opp politisk.<\/li><li>Opprette stilling som musikkterapeut og ern\u00e6ringsfysiolog i kommunen.<\/li><li>Utvikle Farsund videre som attraktiv skoleby i Agder, med spennende og lokalt tilpasset fagtilbud, god tilgang p\u00e5 hybler, aktiviteter og sosiale m\u00f8testeder for ungdommen.<\/li><li>Vi forst\u00e5r verdien av historiske bygningsmilj\u00f8 og stedsidentitet. Vi skal v\u00e6re en p\u00e5driver for oppdaterte sentrums- og tettstedsplaner for hele kommunen.<\/li><li>Vi vil sette fokus p\u00e5 skolenes l\u00e6ringsmilj\u00f8 og elevenes medansvarlighet for at skolen skal v\u00e6re et godt sted \u00e5 v\u00e6re og l\u00e6re. Vi vil ansette milj\u00f8veiledere i barnehager og skoler.<\/li><li>Jobbe for null toleranse for vold, diskriminering, trakassering og bruk av narkotika i ungdomsmilj\u00f8ene.&nbsp;<\/li><\/ul>\n\n\n\n<ul class=\"wp-block-list\"><li>Vi vil ha flytende barnehageopptak.<\/li><\/ul>\n\n\n\n<ul class=\"wp-block-list\"><li>Innen 2 \u00e5r skal vi revidere det kommunale n\u00e6ringsapparatet og f\u00e5 p\u00e5 plass et tydelig planverk som sikrer kontinuitet og forutsigbare rammer for n\u00e6ringsutvikling, spesielt med hensyn til et mangfold av sm\u00e5 og mellomstore bedrifter.<\/li><\/ul>\n\n\n\n<ul class=\"wp-block-list\"><li>Innen 3 \u00e5r skal vi fjerne eiendomsskatten i kommunen fordi den er en un\u00f8dvendig bremse-skatt for vekst, nyetablering og utvikling. Vi skal v\u00e6re den beste bostedskommunen i Agder!<\/li><\/ul>\n\n\n\n<div class=\"wp-block-hoyre-banner alignwide undefined  is-style-blue\"><div class=\"banner-inner\"><figure class=\"hoyre-image-wrapper\"><div class=\"hoyre-image\"><img loading=\"lazy\" decoding=\"async\" width=\"2500\" height=\"1408\" src=\"https:\/\/hoyre.no\/content\/uploads\/sites\/37\/2023\/07\/Pa\u030al-Hals216-scaled.jpg\" class=\"attachment-scaled size-scaled\" alt=\"\" style=\"object-position: 33% 51%\" srcset=\"https:\/\/hoyre.no\/content\/uploads\/sites\/37\/2023\/07\/Pa\u030al-Hals216-scaled.jpg 2500w, https:\/\/hoyre.no\/content\/uploads\/sites\/37\/2023\/07\/Pa\u030al-Hals216-300x169.jpg 300w, https:\/\/hoyre.no\/content\/uploads\/sites\/37\/2023\/07\/Pa\u030al-Hals216-1024x577.jpg 1024w, https:\/\/hoyre.no\/content\/uploads\/sites\/37\/2023\/07\/Pa\u030al-Hals216-768x432.jpg 768w, https:\/\/hoyre.no\/content\/uploads\/sites\/37\/2023\/07\/Pa\u030al-Hals216-1536x865.jpg 1536w, https:\/\/hoyre.no\/content\/uploads\/sites\/37\/2023\/07\/Pa\u030al-Hals216-2048x1153.jpg 2048w\" sizes=\"auto, (max-width: 2500px) 100vw, 2500px\" \/><\/div><\/figure><div class=\"banner-content\"><div class=\"entry-content\">\n<h2 class=\"wp-block-heading\" id=\"h-ti-gode-grunner\">Kom i kontakt med P\u00e5l<\/h2>\n\n\n\n<ul class=\"wp-block-list\"><li>E-post: <a href=\"mailto:paalhals@hotmail.com\">paalhals@hotmail.com<\/a><\/li><li>Telefon: 408 78 476<\/li><\/ul>\n\n\n\n<div class=\"wp-block-buttons is-layout-flex wp-block-buttons-is-layout-flex\">\n<div class=\"wp-block-button\"><a class=\"wp-block-button__link\" href=\"https:\/\/www.facebook.com\/Paal.Hals\" target=\"_blank\" rel=\"noreferrer noopener\">F\u00d8LG P\u00e5l P\u00c5 FACEBOOK<\/a><\/div>\n<\/div>\n<\/div><\/div><\/div><\/div>\n\n","protected":false},"excerpt":{"rendered":"","protected":false},"author":347,"featured_media":0,"parent":0,"menu_order":0,"comment_status":"closed","ping_status":"closed","template":"","meta":{"teft_cards_image_url":"","teft_cards_custom_pretitle":"","teft_cards_image_id":71,"teft_cards_image_focal_point_x":0.34,"teft_cards_image_focal_point_y":0.51,"teft_cards_title":"","teft_cards_excerpt":"","teft_show_chapters":false,"footnotes":""},"class_list":["post-59","page","type-page","status-publish","hentry"],"yoast_head":"<!-- This site is optimized with the Yoast SEO plugin v26.6 - https:\/\/yoast.com\/wordpress\/plugins\/seo\/ -->\n<title>P\u00e5l Hals - v\u00e5r ordf\u00f8rerkandidat - Farsund H\u00f8yre<\/title>\n<meta name=\"robots\" content=\"index, follow, max-snippet:-1, max-image-preview:large, max-video-preview:-1\" \/>\n<link rel=\"canonical\" href=\"https:\/\/hoyre.no\/farsund\/pal-hals-var-ordforerkandidat\/\" \/>\n<meta property=\"og:locale\" content=\"nb_NO\" \/>\n<meta property=\"og:type\" content=\"article\" \/>\n<meta property=\"og:title\" content=\"P\u00e5l Hals - v\u00e5r ordf\u00f8rerkandidat - Farsund H\u00f8yre\" \/>\n<meta property=\"og:url\" content=\"https:\/\/hoyre.no\/farsund\/pal-hals-var-ordforerkandidat\/\" \/>\n<meta property=\"og:site_name\" content=\"Farsund H\u00f8yre\" \/>\n<meta property=\"article:modified_time\" content=\"2023-07-10T08:02:28+00:00\" \/>\n<meta property=\"og:image\" content=\"https:\/\/hoyre.no\/content\/uploads\/sites\/37\/2023\/07\/Pa\u030al-Hals216-scaled.jpg\" \/>\n\t<meta property=\"og:image:width\" content=\"2500\" \/>\n\t<meta property=\"og:image:height\" content=\"1408\" \/>\n\t<meta property=\"og:image:type\" content=\"image\/jpeg\" \/>\n<meta name=\"twitter:card\" content=\"summary_large_image\" \/>\n<meta name=\"twitter:image\" content=\"https:\/\/hoyre.no\/content\/uploads\/sites\/37\/2023\/07\/Pa\u030al-Hals216-scaled.jpg\" \/>\n<meta name=\"twitter:label1\" content=\"Ansl. lesetid\" \/>\n\t<meta name=\"twitter:data1\" content=\"3 minutter\" \/>\n<script type=\"application\/ld+json\" class=\"yoast-schema-graph\">{\"@context\":\"https:\/\/schema.org\",\"@graph\":[{\"@type\":\"WebPage\",\"@id\":\"https:\/\/hoyre.no\/farsund\/pal-hals-var-ordforerkandidat\/\",\"url\":\"https:\/\/hoyre.no\/farsund\/pal-hals-var-ordforerkandidat\/\",\"name\":\"P\u00e5l Hals - v\u00e5r ordf\u00f8rerkandidat - Farsund H\u00f8yre\",\"isPartOf\":{\"@id\":\"https:\/\/hoyre.no\/farsund\/#website\"},\"datePublished\":\"2023-07-06T15:00:36+00:00\",\"dateModified\":\"2023-07-10T08:02:28+00:00\",\"breadcrumb\":{\"@id\":\"https:\/\/hoyre.no\/farsund\/pal-hals-var-ordforerkandidat\/#breadcrumb\"},\"inLanguage\":\"nb-NO\",\"potentialAction\":[{\"@type\":\"ReadAction\",\"target\":[\"https:\/\/hoyre.no\/farsund\/pal-hals-var-ordforerkandidat\/\"]}]},{\"@type\":\"BreadcrumbList\",\"@id\":\"https:\/\/hoyre.no\/farsund\/pal-hals-var-ordforerkandidat\/#breadcrumb\",\"itemListElement\":[{\"@type\":\"ListItem\",\"position\":1,\"name\":\"Til hoyre.no\",\"item\":\"https:\/\/hoyre.no\"},{\"@type\":\"ListItem\",\"position\":2,\"name\":\"Hjem\",\"item\":\"https:\/\/hoyre.no\/farsund\/\"},{\"@type\":\"ListItem\",\"position\":3,\"name\":\"P\u00e5l Hals &#8211; v\u00e5r ordf\u00f8rerkandidat\"}]},{\"@type\":\"WebSite\",\"@id\":\"https:\/\/hoyre.no\/farsund\/#website\",\"url\":\"https:\/\/hoyre.no\/farsund\/\",\"name\":\"Farsund H\u00f8yre\",\"description\":\"Bare enda et H\u00f8yres nettsteder-nettsted\",\"inLanguage\":\"nb-NO\"}]}<\/script>\n<!-- \/ Yoast SEO plugin. -->","yoast_head_json":{"title":"P\u00e5l Hals - v\u00e5r ordf\u00f8rerkandidat - Farsund H\u00f8yre","robots":{"index":"index","follow":"follow","max-snippet":"max-snippet:-1","max-image-preview":"max-image-preview:large","max-video-preview":"max-video-preview:-1"},"canonical":"https:\/\/hoyre.no\/farsund\/pal-hals-var-ordforerkandidat\/","og_locale":"nb_NO","og_type":"article","og_title":"P\u00e5l Hals - v\u00e5r ordf\u00f8rerkandidat - Farsund H\u00f8yre","og_url":"https:\/\/hoyre.no\/farsund\/pal-hals-var-ordforerkandidat\/","og_site_name":"Farsund H\u00f8yre","article_modified_time":"2023-07-10T08:02:28+00:00","og_image":[{"width":2500,"height":1408,"url":"https:\/\/hoyre.no\/content\/uploads\/sites\/37\/2023\/07\/Pa\u030al-Hals216-scaled.jpg","type":"image\/jpeg"}],"twitter_card":"summary_large_image","twitter_image":"https:\/\/hoyre.no\/content\/uploads\/sites\/37\/2023\/07\/Pa\u030al-Hals216-scaled.jpg","twitter_misc":{"Ansl. lesetid":"3 minutter"},"schema":{"@context":"https:\/\/schema.org","@graph":[{"@type":"WebPage","@id":"https:\/\/hoyre.no\/farsund\/pal-hals-var-ordforerkandidat\/","url":"https:\/\/hoyre.no\/farsund\/pal-hals-var-ordforerkandidat\/","name":"P\u00e5l Hals - v\u00e5r ordf\u00f8rerkandidat - Farsund H\u00f8yre","isPartOf":{"@id":"https:\/\/hoyre.no\/farsund\/#website"},"datePublished":"2023-07-06T15:00:36+00:00","dateModified":"2023-07-10T08:02:28+00:00","breadcrumb":{"@id":"https:\/\/hoyre.no\/farsund\/pal-hals-var-ordforerkandidat\/#breadcrumb"},"inLanguage":"nb-NO","potentialAction":[{"@type":"ReadAction","target":["https:\/\/hoyre.no\/farsund\/pal-hals-var-ordforerkandidat\/"]}]},{"@type":"BreadcrumbList","@id":"https:\/\/hoyre.no\/farsund\/pal-hals-var-ordforerkandidat\/#breadcrumb","itemListElement":[{"@type":"ListItem","position":1,"name":"Til hoyre.no","item":"https:\/\/hoyre.no"},{"@type":"ListItem","position":2,"name":"Hjem","item":"https:\/\/hoyre.no\/farsund\/"},{"@type":"ListItem","position":3,"name":"P\u00e5l Hals &#8211; v\u00e5r ordf\u00f8rerkandidat"}]},{"@type":"WebSite","@id":"https:\/\/hoyre.no\/farsund\/#website","url":"https:\/\/hoyre.no\/farsund\/","name":"Farsund H\u00f8yre","description":"Bare enda et H\u00f8yres nettsteder-nettsted","inLanguage":"nb-NO"}]}},"distributor_meta":false,"distributor_terms":false,"distributor_media":false,"distributor_original_site_name":"Farsund H\u00f8yre","distributor_original_site_url":"https:\/\/hoyre.no\/farsund","push-errors":false,"_links":{"self":[{"href":"https:\/\/hoyre.no\/farsund\/wp-json\/wp\/v2\/pages\/59","targetHints":{"allow":["GET"]}}],"collection":[{"href":"https:\/\/hoyre.no\/farsund\/wp-json\/wp\/v2\/pages"}],"about":[{"href":"https:\/\/hoyre.no\/farsund\/wp-json\/wp\/v2\/types\/page"}],"author":[{"embeddable":true,"href":"https:\/\/hoyre.no\/farsund\/wp-json\/wp\/v2\/users\/347"}],"replies":[{"embeddable":true,"href":"https:\/\/hoyre.no\/farsund\/wp-json\/wp\/v2\/comments?post=59"}],"version-history":[{"count":2,"href":"https:\/\/hoyre.no\/farsund\/wp-json\/wp\/v2\/pages\/59\/revisions"}],"predecessor-version":[{"id":90,"href":"https:\/\/hoyre.no\/farsund\/wp-json\/wp\/v2\/pages\/59\/revisions\/90"}],"wp:attachment":[{"href":"https:\/\/hoyre.no\/farsund\/wp-json\/wp\/v2\/media?parent=59"}],"curies":[{"name":"wp","href":"https:\/\/api.w.org\/{rel}","templated":true}]}}