{"id":76,"date":"2023-07-06T17:14:01","date_gmt":"2023-07-06T15:14:01","guid":{"rendered":"https:\/\/hoyre.no\/farsund\/?page_id=76"},"modified":"2023-07-06T17:14:01","modified_gmt":"2023-07-06T15:14:01","slug":"syv-gode-grunner-til-a-stemme-hoyre","status":"publish","type":"page","link":"https:\/\/hoyre.no\/farsund\/syv-gode-grunner-til-a-stemme-hoyre\/","title":{"rendered":"Syv gode grunner til \u00e5 stemme H\u00f8yre"},"content":{"rendered":"\n<div class=\"wp-block-hoyre-hero with-image-gradient text-color-light  has-media alignfull has-background\"><div class=\"hoyre-hero has-image\"><h1 class=\"title\">Syv gode grunner til \u00e5 stemme H\u00f8yre i Farsund<\/h1><figure class=\"hoyre-image-wrapper\"><div class=\"hoyre-image\"><img loading=\"lazy\" decoding=\"async\" width=\"2500\" height=\"1406\" src=\"https:\/\/hoyre.no\/content\/uploads\/sites\/37\/2023\/07\/65A7153_v2-scaled.jpg\" class=\"attachment-scaled size-scaled\" alt=\"\" style=\"object-position: 50% 50%\" srcset=\"https:\/\/hoyre.no\/content\/uploads\/sites\/37\/2023\/07\/65A7153_v2-scaled.jpg 2500w, https:\/\/hoyre.no\/content\/uploads\/sites\/37\/2023\/07\/65A7153_v2-300x169.jpg 300w, https:\/\/hoyre.no\/content\/uploads\/sites\/37\/2023\/07\/65A7153_v2-1024x576.jpg 1024w, https:\/\/hoyre.no\/content\/uploads\/sites\/37\/2023\/07\/65A7153_v2-768x432.jpg 768w, https:\/\/hoyre.no\/content\/uploads\/sites\/37\/2023\/07\/65A7153_v2-1536x864.jpg 1536w, https:\/\/hoyre.no\/content\/uploads\/sites\/37\/2023\/07\/65A7153_v2-2048x1152.jpg 2048w\" sizes=\"auto, (max-width: 2500px) 100vw, 2500px\" \/><\/div><\/figure><\/div><\/div>\n\n\n\n\n<div class=\"wp-block-hoyre-banner alignwide undefined\"><div class=\"banner-inner\"><figure class=\"hoyre-image-wrapper\"><div class=\"hoyre-image\"><img loading=\"lazy\" decoding=\"async\" width=\"2500\" height=\"1408\" src=\"https:\/\/hoyre.no\/content\/uploads\/sites\/37\/2023\/07\/Pa\u030al-Hals216-scaled.jpg\" class=\"attachment-scaled size-scaled\" alt=\"\" style=\"object-position: 33% 50%\" srcset=\"https:\/\/hoyre.no\/content\/uploads\/sites\/37\/2023\/07\/Pa\u030al-Hals216-scaled.jpg 2500w, https:\/\/hoyre.no\/content\/uploads\/sites\/37\/2023\/07\/Pa\u030al-Hals216-300x169.jpg 300w, https:\/\/hoyre.no\/content\/uploads\/sites\/37\/2023\/07\/Pa\u030al-Hals216-1024x577.jpg 1024w, https:\/\/hoyre.no\/content\/uploads\/sites\/37\/2023\/07\/Pa\u030al-Hals216-768x432.jpg 768w, https:\/\/hoyre.no\/content\/uploads\/sites\/37\/2023\/07\/Pa\u030al-Hals216-1536x865.jpg 1536w, https:\/\/hoyre.no\/content\/uploads\/sites\/37\/2023\/07\/Pa\u030al-Hals216-2048x1153.jpg 2048w\" sizes=\"auto, (max-width: 2500px) 100vw, 2500px\" \/><\/div><\/figure><div class=\"banner-content\"><div class=\"entry-content\">\n<p>H\u00f8yre mener at det trengs et skifte i Farsund. Vi skal st\u00f8tte opp om mangfoldet av sm\u00e5 og mellomstore bedrifter og v\u00e6re innovative i m\u00f8tet med morgendagen.<\/p>\n\n\n\n<div class=\"wp-block-buttons is-layout-flex wp-block-buttons-is-layout-flex\"><\/div>\n<\/div><\/div><\/div><\/div>\n\n\n\n\n<div class=\"wp-block-media-text alignwide is-stacked-on-mobile is-image-fill\"><figure class=\"wp-block-media-text__media\" style=\"background-image:url('https:\/\/hoyre.no\/content\/uploads\/sites\/37\/2023\/07\/GettyImages-1216408189-1024x683.jpg');background-position:50% 50%\"><img loading=\"lazy\" decoding=\"async\" width=\"1024\" height=\"683\" src=\"https:\/\/hoyre.no\/content\/uploads\/sites\/37\/2023\/07\/GettyImages-1216408189-1024x683.jpg\" alt=\"\" class=\"wp-image-79 size-full\" srcset=\"https:\/\/hoyre.no\/content\/uploads\/sites\/37\/2023\/07\/GettyImages-1216408189-1024x683.jpg 1024w, https:\/\/hoyre.no\/content\/uploads\/sites\/37\/2023\/07\/GettyImages-1216408189-300x200.jpg 300w, https:\/\/hoyre.no\/content\/uploads\/sites\/37\/2023\/07\/GettyImages-1216408189-768x512.jpg 768w, https:\/\/hoyre.no\/content\/uploads\/sites\/37\/2023\/07\/GettyImages-1216408189-1536x1024.jpg 1536w, https:\/\/hoyre.no\/content\/uploads\/sites\/37\/2023\/07\/GettyImages-1216408189-2048x1365.jpg 2048w\" sizes=\"auto, (max-width: 1024px) 100vw, 1024px\" \/><\/figure><div class=\"wp-block-media-text__content\">\n<h2 class=\"wp-block-heading\">1. En skole der folk lykkes<\/h2>\n\n\n\n<p>For \u00e5 skape et samfunn der alle kan lykkes, er det avgj\u00f8rende med gode skoler. H\u00f8yre vil prioritere tidlig innsats, flere dyktige l\u00e6rere og team med milj\u00f8veileder i hele kommunen for at flere elever skal trives og oppleve mestring. I tillegg vil vi s\u00f8rge for at skolen blir bedre tilpasset hver enkelt elev, blant annet ved \u00e5 innf\u00f8re flere valgfag og linjer p\u00e5 ungdomsskolen.<\/p>\n<\/div><\/div>\n\n\n\n<div class=\"wp-block-media-text alignwide has-media-on-the-right is-stacked-on-mobile is-image-fill\"><figure class=\"wp-block-media-text__media\" style=\"background-image:url('https:\/\/hoyre.no\/content\/uploads\/sites\/37\/2023\/07\/GettyImages-1205244545-1024x683.jpg');background-position:50% 50%\"><img loading=\"lazy\" decoding=\"async\" width=\"1024\" height=\"683\" src=\"https:\/\/hoyre.no\/content\/uploads\/sites\/37\/2023\/07\/GettyImages-1205244545-1024x683.jpg\" alt=\"\" class=\"wp-image-80 size-full\" srcset=\"https:\/\/hoyre.no\/content\/uploads\/sites\/37\/2023\/07\/GettyImages-1205244545-1024x683.jpg 1024w, https:\/\/hoyre.no\/content\/uploads\/sites\/37\/2023\/07\/GettyImages-1205244545-300x200.jpg 300w, https:\/\/hoyre.no\/content\/uploads\/sites\/37\/2023\/07\/GettyImages-1205244545-768x512.jpg 768w, https:\/\/hoyre.no\/content\/uploads\/sites\/37\/2023\/07\/GettyImages-1205244545-1536x1024.jpg 1536w, https:\/\/hoyre.no\/content\/uploads\/sites\/37\/2023\/07\/GettyImages-1205244545-2048x1365.jpg 2048w\" sizes=\"auto, (max-width: 1024px) 100vw, 1024px\" \/><\/figure><div class=\"wp-block-media-text__content\">\n<h2 class=\"wp-block-heading\">2. Menneskene foran systemet<\/h2>\n\n\n\n<p>Eldre som trenger pleie skal m\u00f8te en kompetent helsetjeneste som gir dem valgfrihet og medbestemmelse. H\u00f8yre vil opprette milj\u00f8utvalg best\u00e5ende av brukere ved omsorgssentrene, hjemmehjelp og helsetjenesten, p\u00e5r\u00f8rende, eldrer\u00e5det, ansatte og politikere, som sammen skal belyse utfordringer, finne l\u00f8sninger og foresl\u00e5 konkrete tiltak som skal f\u00f8lges opp politisk.<\/p>\n<\/div><\/div>\n\n\n\n<div class=\"wp-block-media-text alignwide is-stacked-on-mobile is-image-fill\"><figure class=\"wp-block-media-text__media\" style=\"background-image:url('https:\/\/hoyre.no\/content\/uploads\/sites\/37\/2023\/07\/thumbnail_IMG_9097.jpg');background-position:50% 50%\"><img loading=\"lazy\" decoding=\"async\" width=\"640\" height=\"481\" src=\"https:\/\/hoyre.no\/content\/uploads\/sites\/37\/2023\/07\/thumbnail_IMG_9097.jpg\" alt=\"\" class=\"wp-image-81 size-full\" srcset=\"https:\/\/hoyre.no\/content\/uploads\/sites\/37\/2023\/07\/thumbnail_IMG_9097.jpg 640w, https:\/\/hoyre.no\/content\/uploads\/sites\/37\/2023\/07\/thumbnail_IMG_9097-300x225.jpg 300w\" sizes=\"auto, (max-width: 640px) 100vw, 640px\" \/><\/figure><div class=\"wp-block-media-text__content\">\n<h2 class=\"wp-block-heading\">3. Kultur og fritid<\/h2>\n\n\n\n<p>Fra naturens side har Farsund de beste forutsetninger for \u00e5 skape et allsidig aktivitetstilbud. Vi har et mangfoldig kulturtilbud som favner bredt, fra kulturhistorie til ut\u00f8vende kunstnere. H\u00f8yre vil jobbe for stabile rammer for frivilligheten og legge til rette for at det profesjonelle kulturlivet styrkes. Med etableringen av nye Eilert Sundt videreg\u00e5ende skole skal H\u00f8yre arbeide aktivt for at kommunen blir spennende, attraktiv og med et yrende liv.<\/p>\n<\/div><\/div>\n\n\n\n<div class=\"wp-block-media-text alignwide has-media-on-the-right is-stacked-on-mobile is-image-fill\"><figure class=\"wp-block-media-text__media\" style=\"background-image:url('https:\/\/hoyre.no\/content\/uploads\/sites\/37\/2023\/07\/65A7268-1024x576.jpg');background-position:50% 50%\"><img loading=\"lazy\" decoding=\"async\" width=\"1024\" height=\"576\" src=\"https:\/\/hoyre.no\/content\/uploads\/sites\/37\/2023\/07\/65A7268-1024x576.jpg\" alt=\"\" class=\"wp-image-82 size-full\" srcset=\"https:\/\/hoyre.no\/content\/uploads\/sites\/37\/2023\/07\/65A7268-1024x576.jpg 1024w, https:\/\/hoyre.no\/content\/uploads\/sites\/37\/2023\/07\/65A7268-300x169.jpg 300w, https:\/\/hoyre.no\/content\/uploads\/sites\/37\/2023\/07\/65A7268-768x432.jpg 768w, https:\/\/hoyre.no\/content\/uploads\/sites\/37\/2023\/07\/65A7268-1536x864.jpg 1536w, https:\/\/hoyre.no\/content\/uploads\/sites\/37\/2023\/07\/65A7268-2048x1152.jpg 2048w\" sizes=\"auto, (max-width: 1024px) 100vw, 1024px\" \/><\/figure><div class=\"wp-block-media-text__content\">\n<h2 class=\"wp-block-heading\">4. Samferdsel, klima og milj\u00f8<\/h2>\n\n\n\n<p>Vi skal oppdatere planer for infrastruktur som vei, sykkelsti, ladestasjoner for elbil, vann og avl\u00f8p, fiber og str\u00f8mnett. Utbedre &laquo;lappeteppene&raquo; av asfalterte veier og reasfaltere der det trengs. H\u00f8yre vil satse p\u00e5 utvidet forskning og utvikling av ny teknologi innen fornybar og gr\u00f8nn energikilder.<\/p>\n<\/div><\/div>\n\n\n\n<div class=\"wp-block-media-text alignwide is-stacked-on-mobile is-image-fill\"><figure class=\"wp-block-media-text__media\" style=\"background-image:url('https:\/\/hoyre.no\/content\/uploads\/sites\/37\/2023\/07\/65A7178-1024x576.jpg');background-position:50% 50%\"><img loading=\"lazy\" decoding=\"async\" width=\"1024\" height=\"576\" src=\"https:\/\/hoyre.no\/content\/uploads\/sites\/37\/2023\/07\/65A7178-1024x576.jpg\" alt=\"\" class=\"wp-image-78 size-full\" srcset=\"https:\/\/hoyre.no\/content\/uploads\/sites\/37\/2023\/07\/65A7178-1024x576.jpg 1024w, https:\/\/hoyre.no\/content\/uploads\/sites\/37\/2023\/07\/65A7178-300x169.jpg 300w, https:\/\/hoyre.no\/content\/uploads\/sites\/37\/2023\/07\/65A7178-768x432.jpg 768w, https:\/\/hoyre.no\/content\/uploads\/sites\/37\/2023\/07\/65A7178-1536x864.jpg 1536w, https:\/\/hoyre.no\/content\/uploads\/sites\/37\/2023\/07\/65A7178-2048x1152.jpg 2048w\" sizes=\"auto, (max-width: 1024px) 100vw, 1024px\" \/><\/figure><div class=\"wp-block-media-text__content\">\n<h2 class=\"wp-block-heading\">5. Innbyggerne i fokus &#8211; plan og bygg<\/h2>\n\n\n\n<p>Vi forst\u00e5r verdien av stedsidentitet. Det skal v\u00e6re god balanse mellom vekst og vern i arealpolitikken. H\u00f8yre skal v\u00e6re p\u00e5driver for oppdaterte reguleringsplaner, sentrums- og tettstedsplaner i hele kommunen. Vi vil forenkle byr\u00e5kratiet og bidra til \u00f8kt utnyttelsesgrad og fortetting der vi kan.<\/p>\n<\/div><\/div>\n\n\n\n<div class=\"wp-block-media-text alignwide has-media-on-the-right is-stacked-on-mobile is-image-fill\"><figure class=\"wp-block-media-text__media\" style=\"background-image:url('https:\/\/hoyre.no\/content\/uploads\/sites\/37\/2023\/07\/IMG_4376-768x1024.jpg');background-position:50% 50%\"><img loading=\"lazy\" decoding=\"async\" width=\"768\" height=\"1024\" src=\"https:\/\/hoyre.no\/content\/uploads\/sites\/37\/2023\/07\/IMG_4376-768x1024.jpg\" alt=\"\" class=\"wp-image-83 size-full\" srcset=\"https:\/\/hoyre.no\/content\/uploads\/sites\/37\/2023\/07\/IMG_4376-768x1024.jpg 768w, https:\/\/hoyre.no\/content\/uploads\/sites\/37\/2023\/07\/IMG_4376-225x300.jpg 225w, https:\/\/hoyre.no\/content\/uploads\/sites\/37\/2023\/07\/IMG_4376-1152x1536.jpg 1152w, https:\/\/hoyre.no\/content\/uploads\/sites\/37\/2023\/07\/IMG_4376-1536x2048.jpg 1536w, https:\/\/hoyre.no\/content\/uploads\/sites\/37\/2023\/07\/IMG_4376-scaled.jpg 1875w\" sizes=\"auto, (max-width: 768px) 100vw, 768px\" \/><\/figure><div class=\"wp-block-media-text__content\">\n<h2 class=\"wp-block-heading\">6. Vi vil utvikle Farsund<\/h2>\n\n\n\n<p>H\u00f8yre vil utnytte mulighetene v\u00e5re bedre. Derfor skal vi arbeide for \u00e5 styrke havnefasilitetene, legge til rette for gr\u00fcndere og bidra til vekst innen landbruk, industri, forskning og reiseliv.<\/p>\n<\/div><\/div>\n\n\n\n<div class=\"wp-block-media-text alignwide is-stacked-on-mobile is-image-fill\"><figure class=\"wp-block-media-text__media\" style=\"background-image:url('https:\/\/hoyre.no\/content\/uploads\/sites\/37\/2023\/07\/GettyImages-860044730-1024x683.jpg');background-position:50% 50%\"><img loading=\"lazy\" decoding=\"async\" width=\"1024\" height=\"683\" src=\"https:\/\/hoyre.no\/content\/uploads\/sites\/37\/2023\/07\/GettyImages-860044730-1024x683.jpg\" alt=\"\" class=\"wp-image-84 size-full\" srcset=\"https:\/\/hoyre.no\/content\/uploads\/sites\/37\/2023\/07\/GettyImages-860044730-1024x683.jpg 1024w, https:\/\/hoyre.no\/content\/uploads\/sites\/37\/2023\/07\/GettyImages-860044730-300x200.jpg 300w, https:\/\/hoyre.no\/content\/uploads\/sites\/37\/2023\/07\/GettyImages-860044730-768x513.jpg 768w, https:\/\/hoyre.no\/content\/uploads\/sites\/37\/2023\/07\/GettyImages-860044730-1536x1025.jpg 1536w, https:\/\/hoyre.no\/content\/uploads\/sites\/37\/2023\/07\/GettyImages-860044730-2048x1367.jpg 2048w\" sizes=\"auto, (max-width: 1024px) 100vw, 1024px\" \/><\/figure><div class=\"wp-block-media-text__content\">\n<h2 class=\"wp-block-heading\">7. Vi er din garantist mot eiendomsskatt<\/h2>\n\n\n\n<p>Summen av v\u00e5r politikk vil medf\u00f8re at behovet for eiendomsskatt blir mindre. Vi \u00f8nsker derfor \u00e5 fjerne denne un\u00f8dvendige skatten innen 3 \u00e5r.<\/p>\n<\/div><\/div>\n\n\n\n<div class=\"wp-block-hoyre-banner alignwide undefined has-icon-title icon-heart is-style-blue\"><div class=\"banner-inner\"><figure class=\"hoyre-image-wrapper\"><div class=\"hoyre-image\"><img loading=\"lazy\" decoding=\"async\" width=\"2048\" height=\"1536\" src=\"https:\/\/hoyre.no\/content\/uploads\/sites\/37\/2021\/09\/received_545607753382951.jpeg\" class=\"attachment-scaled size-scaled\" alt=\"\" style=\"object-position: 77% 66%\" srcset=\"https:\/\/hoyre.no\/content\/uploads\/sites\/37\/2021\/09\/received_545607753382951.jpeg 2048w, https:\/\/hoyre.no\/content\/uploads\/sites\/37\/2021\/09\/received_545607753382951-300x225.jpeg 300w, https:\/\/hoyre.no\/content\/uploads\/sites\/37\/2021\/09\/received_545607753382951-1024x768.jpeg 1024w, https:\/\/hoyre.no\/content\/uploads\/sites\/37\/2021\/09\/received_545607753382951-768x576.jpeg 768w, https:\/\/hoyre.no\/content\/uploads\/sites\/37\/2021\/09\/received_545607753382951-1536x1152.jpeg 1536w\" sizes=\"auto, (max-width: 2048px) 100vw, 2048px\" \/><\/div><\/figure><div class=\"banner-content\"><div class=\"entry-content\">\n<h2 class=\"wp-block-heading\">Fant du ikke din hjertesak?<\/h2>\n\n\n\n<p>Det er heldigvis mange gode grunner til \u00e5 stemme H\u00f8yre i Farsund. Finn ut hva vi mener om din hjertesak ved \u00e5 lese programmet v\u00e5rt!<\/p>\n\n\n\n<div class=\"wp-block-buttons is-layout-flex wp-block-buttons-is-layout-flex\">\n<div class=\"wp-block-button\"><a class=\"wp-block-button__link\" href=\"https:\/\/hoyre.no\/farsund\/politikk\/\">LES Farsund H\u00d8YRES VALGPROGRAM<\/a><\/div>\n<\/div>\n<\/div><\/div><\/div><\/div>\n\n\n\n<div class=\"wp-block-hoyre-banner alignwide undefined\"><div class=\"banner-inner\"><figure class=\"hoyre-image-wrapper\"><div class=\"hoyre-image\"><img loading=\"lazy\" decoding=\"async\" width=\"2500\" height=\"1408\" src=\"https:\/\/hoyre.no\/content\/uploads\/sites\/37\/2023\/07\/Pa\u030al-Hals216-scaled.jpg\" class=\"attachment-scaled size-scaled\" alt=\"\" style=\"object-position: 38% 51%\" srcset=\"https:\/\/hoyre.no\/content\/uploads\/sites\/37\/2023\/07\/Pa\u030al-Hals216-scaled.jpg 2500w, https:\/\/hoyre.no\/content\/uploads\/sites\/37\/2023\/07\/Pa\u030al-Hals216-300x169.jpg 300w, https:\/\/hoyre.no\/content\/uploads\/sites\/37\/2023\/07\/Pa\u030al-Hals216-1024x577.jpg 1024w, https:\/\/hoyre.no\/content\/uploads\/sites\/37\/2023\/07\/Pa\u030al-Hals216-768x432.jpg 768w, https:\/\/hoyre.no\/content\/uploads\/sites\/37\/2023\/07\/Pa\u030al-Hals216-1536x865.jpg 1536w, https:\/\/hoyre.no\/content\/uploads\/sites\/37\/2023\/07\/Pa\u030al-Hals216-2048x1153.jpg 2048w\" sizes=\"auto, (max-width: 2500px) 100vw, 2500px\" \/><\/div><\/figure><div class=\"banner-content\"><div class=\"entry-content\">\n<h2 class=\"wp-block-heading\">Bli bedre kjent med Farsund H\u00f8yres ordf\u00f8rerkandidat<\/h2>\n\n\n\n<p>P\u00e5l Hals er v\u00e5r ordf\u00f8rerkandidat for kommunevalget i 2023. Bli bedre kjent med hvem han er og hva han st\u00e5r for \ud83d\udc47<\/p>\n\n\n\n<div class=\"wp-block-buttons is-layout-flex wp-block-buttons-is-layout-flex\">\n<div class=\"wp-block-button\"><a class=\"wp-block-button__link\" href=\"https:\/\/hoyre.no\/farsund\/pal-hals-var-ordforerkandidat\/\">BLI KJENT MED P\u00e5l<\/a><\/div>\n<\/div>\n<\/div><\/div><\/div><\/div>\n","protected":false},"excerpt":{"rendered":"<p>1. En skole der folk lykkes For \u00e5 skape et samfunn der alle kan lykkes, er det avgj\u00f8rende med gode skoler. H\u00f8yre vil prioritere tidlig innsats, flere dyktige l\u00e6rere og team med milj\u00f8veileder i hele kommunen for at flere elever skal trives og oppleve mestring. I tillegg vil vi s\u00f8rge for at skolen blir bedre [&hellip;]<\/p>\n","protected":false},"author":347,"featured_media":0,"parent":0,"menu_order":0,"comment_status":"closed","ping_status":"closed","template":"","meta":{"teft_cards_image_url":"","teft_cards_custom_pretitle":"","teft_cards_image_id":0,"teft_cards_image_focal_point_x":0,"teft_cards_image_focal_point_y":0,"teft_cards_title":"","teft_cards_excerpt":"","teft_show_chapters":false,"footnotes":""},"class_list":["post-76","page","type-page","status-publish","hentry"],"yoast_head":"<!-- This site is optimized with the Yoast SEO plugin v26.6 - https:\/\/yoast.com\/wordpress\/plugins\/seo\/ -->\n<title>Syv gode grunner til \u00e5 stemme H\u00f8yre - Farsund H\u00f8yre<\/title>\n<meta name=\"robots\" content=\"index, follow, max-snippet:-1, max-image-preview:large, max-video-preview:-1\" \/>\n<link rel=\"canonical\" href=\"https:\/\/hoyre.no\/farsund\/syv-gode-grunner-til-a-stemme-hoyre\/\" \/>\n<meta property=\"og:locale\" content=\"nb_NO\" \/>\n<meta property=\"og:type\" content=\"article\" \/>\n<meta property=\"og:title\" content=\"Syv gode grunner til \u00e5 stemme H\u00f8yre - Farsund H\u00f8yre\" \/>\n<meta property=\"og:description\" content=\"1. En skole der folk lykkes For \u00e5 skape et samfunn der alle kan lykkes, er det avgj\u00f8rende med gode skoler. H\u00f8yre vil prioritere tidlig innsats, flere dyktige l\u00e6rere og team med milj\u00f8veileder i hele kommunen for at flere elever skal trives og oppleve mestring. I tillegg vil vi s\u00f8rge for at skolen blir bedre [&hellip;]\" \/>\n<meta property=\"og:url\" content=\"https:\/\/hoyre.no\/farsund\/syv-gode-grunner-til-a-stemme-hoyre\/\" \/>\n<meta property=\"og:site_name\" content=\"Farsund H\u00f8yre\" \/>\n<meta property=\"og:image\" content=\"https:\/\/hoyre.no\/content\/uploads\/sites\/37\/2023\/07\/65A7153_v2-scaled.jpg\" \/>\n\t<meta property=\"og:image:width\" content=\"2500\" \/>\n\t<meta property=\"og:image:height\" content=\"1406\" \/>\n\t<meta property=\"og:image:type\" content=\"image\/jpeg\" \/>\n<meta name=\"twitter:card\" content=\"summary_large_image\" \/>\n<meta name=\"twitter:image\" content=\"https:\/\/hoyre.no\/content\/uploads\/sites\/37\/2023\/07\/65A7153_v2-scaled.jpg\" \/>\n<meta name=\"twitter:label1\" content=\"Ansl. lesetid\" \/>\n\t<meta name=\"twitter:data1\" content=\"5 minutter\" \/>\n<script type=\"application\/ld+json\" class=\"yoast-schema-graph\">{\"@context\":\"https:\/\/schema.org\",\"@graph\":[{\"@type\":\"WebPage\",\"@id\":\"https:\/\/hoyre.no\/farsund\/syv-gode-grunner-til-a-stemme-hoyre\/\",\"url\":\"https:\/\/hoyre.no\/farsund\/syv-gode-grunner-til-a-stemme-hoyre\/\",\"name\":\"Syv gode grunner til \u00e5 stemme H\u00f8yre - Farsund H\u00f8yre\",\"isPartOf\":{\"@id\":\"https:\/\/hoyre.no\/farsund\/#website\"},\"image\":{\"@id\":\"https:\/\/hoyre.no\/farsund\/syv-gode-grunner-til-a-stemme-hoyre\/#primaryimage\"},\"thumbnailUrl\":\"https:\/\/hoyre.no\/content\/uploads\/sites\/37\/2023\/07\/GettyImages-1216408189-1024x683.jpg\",\"datePublished\":\"2023-07-06T15:14:01+00:00\",\"breadcrumb\":{\"@id\":\"https:\/\/hoyre.no\/farsund\/syv-gode-grunner-til-a-stemme-hoyre\/#breadcrumb\"},\"inLanguage\":\"nb-NO\",\"potentialAction\":[{\"@type\":\"ReadAction\",\"target\":[\"https:\/\/hoyre.no\/farsund\/syv-gode-grunner-til-a-stemme-hoyre\/\"]}]},{\"@type\":\"ImageObject\",\"inLanguage\":\"nb-NO\",\"@id\":\"https:\/\/hoyre.no\/farsund\/syv-gode-grunner-til-a-stemme-hoyre\/#primaryimage\",\"url\":\"https:\/\/hoyre.no\/content\/uploads\/sites\/37\/2023\/07\/GettyImages-1216408189-1024x683.jpg\",\"contentUrl\":\"https:\/\/hoyre.no\/content\/uploads\/sites\/37\/2023\/07\/GettyImages-1216408189-1024x683.jpg\"},{\"@type\":\"BreadcrumbList\",\"@id\":\"https:\/\/hoyre.no\/farsund\/syv-gode-grunner-til-a-stemme-hoyre\/#breadcrumb\",\"itemListElement\":[{\"@type\":\"ListItem\",\"position\":1,\"name\":\"Til hoyre.no\",\"item\":\"https:\/\/hoyre.no\"},{\"@type\":\"ListItem\",\"position\":2,\"name\":\"Hjem\",\"item\":\"https:\/\/hoyre.no\/farsund\/\"},{\"@type\":\"ListItem\",\"position\":3,\"name\":\"Syv gode grunner til \u00e5 stemme H\u00f8yre\"}]},{\"@type\":\"WebSite\",\"@id\":\"https:\/\/hoyre.no\/farsund\/#website\",\"url\":\"https:\/\/hoyre.no\/farsund\/\",\"name\":\"Farsund H\u00f8yre\",\"description\":\"Bare enda et H\u00f8yres nettsteder-nettsted\",\"inLanguage\":\"nb-NO\"}]}<\/script>\n<!-- \/ Yoast SEO plugin. -->","yoast_head_json":{"title":"Syv gode grunner til \u00e5 stemme H\u00f8yre - Farsund H\u00f8yre","robots":{"index":"index","follow":"follow","max-snippet":"max-snippet:-1","max-image-preview":"max-image-preview:large","max-video-preview":"max-video-preview:-1"},"canonical":"https:\/\/hoyre.no\/farsund\/syv-gode-grunner-til-a-stemme-hoyre\/","og_locale":"nb_NO","og_type":"article","og_title":"Syv gode grunner til \u00e5 stemme H\u00f8yre - Farsund H\u00f8yre","og_description":"1. En skole der folk lykkes For \u00e5 skape et samfunn der alle kan lykkes, er det avgj\u00f8rende med gode skoler. H\u00f8yre vil prioritere tidlig innsats, flere dyktige l\u00e6rere og team med milj\u00f8veileder i hele kommunen for at flere elever skal trives og oppleve mestring. I tillegg vil vi s\u00f8rge for at skolen blir bedre [&hellip;]","og_url":"https:\/\/hoyre.no\/farsund\/syv-gode-grunner-til-a-stemme-hoyre\/","og_site_name":"Farsund H\u00f8yre","og_image":[{"width":2500,"height":1406,"url":"https:\/\/hoyre.no\/content\/uploads\/sites\/37\/2023\/07\/65A7153_v2-scaled.jpg","type":"image\/jpeg"}],"twitter_card":"summary_large_image","twitter_image":"https:\/\/hoyre.no\/content\/uploads\/sites\/37\/2023\/07\/65A7153_v2-scaled.jpg","twitter_misc":{"Ansl. lesetid":"5 minutter"},"schema":{"@context":"https:\/\/schema.org","@graph":[{"@type":"WebPage","@id":"https:\/\/hoyre.no\/farsund\/syv-gode-grunner-til-a-stemme-hoyre\/","url":"https:\/\/hoyre.no\/farsund\/syv-gode-grunner-til-a-stemme-hoyre\/","name":"Syv gode grunner til \u00e5 stemme H\u00f8yre - Farsund H\u00f8yre","isPartOf":{"@id":"https:\/\/hoyre.no\/farsund\/#website"},"image":{"@id":"https:\/\/hoyre.no\/farsund\/syv-gode-grunner-til-a-stemme-hoyre\/#primaryimage"},"thumbnailUrl":"https:\/\/hoyre.no\/content\/uploads\/sites\/37\/2023\/07\/GettyImages-1216408189-1024x683.jpg","datePublished":"2023-07-06T15:14:01+00:00","breadcrumb":{"@id":"https:\/\/hoyre.no\/farsund\/syv-gode-grunner-til-a-stemme-hoyre\/#breadcrumb"},"inLanguage":"nb-NO","potentialAction":[{"@type":"ReadAction","target":["https:\/\/hoyre.no\/farsund\/syv-gode-grunner-til-a-stemme-hoyre\/"]}]},{"@type":"ImageObject","inLanguage":"nb-NO","@id":"https:\/\/hoyre.no\/farsund\/syv-gode-grunner-til-a-stemme-hoyre\/#primaryimage","url":"https:\/\/hoyre.no\/content\/uploads\/sites\/37\/2023\/07\/GettyImages-1216408189-1024x683.jpg","contentUrl":"https:\/\/hoyre.no\/content\/uploads\/sites\/37\/2023\/07\/GettyImages-1216408189-1024x683.jpg"},{"@type":"BreadcrumbList","@id":"https:\/\/hoyre.no\/farsund\/syv-gode-grunner-til-a-stemme-hoyre\/#breadcrumb","itemListElement":[{"@type":"ListItem","position":1,"name":"Til hoyre.no","item":"https:\/\/hoyre.no"},{"@type":"ListItem","position":2,"name":"Hjem","item":"https:\/\/hoyre.no\/farsund\/"},{"@type":"ListItem","position":3,"name":"Syv gode grunner til \u00e5 stemme H\u00f8yre"}]},{"@type":"WebSite","@id":"https:\/\/hoyre.no\/farsund\/#website","url":"https:\/\/hoyre.no\/farsund\/","name":"Farsund H\u00f8yre","description":"Bare enda et H\u00f8yres nettsteder-nettsted","inLanguage":"nb-NO"}]}},"distributor_meta":false,"distributor_terms":false,"distributor_media":false,"distributor_original_site_name":"Farsund H\u00f8yre","distributor_original_site_url":"https:\/\/hoyre.no\/farsund","push-errors":false,"_links":{"self":[{"href":"https:\/\/hoyre.no\/farsund\/wp-json\/wp\/v2\/pages\/76","targetHints":{"allow":["GET"]}}],"collection":[{"href":"https:\/\/hoyre.no\/farsund\/wp-json\/wp\/v2\/pages"}],"about":[{"href":"https:\/\/hoyre.no\/farsund\/wp-json\/wp\/v2\/types\/page"}],"author":[{"embeddable":true,"href":"https:\/\/hoyre.no\/farsund\/wp-json\/wp\/v2\/users\/347"}],"replies":[{"embeddable":true,"href":"https:\/\/hoyre.no\/farsund\/wp-json\/wp\/v2\/comments?post=76"}],"version-history":[{"count":1,"href":"https:\/\/hoyre.no\/farsund\/wp-json\/wp\/v2\/pages\/76\/revisions"}],"predecessor-version":[{"id":85,"href":"https:\/\/hoyre.no\/farsund\/wp-json\/wp\/v2\/pages\/76\/revisions\/85"}],"wp:attachment":[{"href":"https:\/\/hoyre.no\/farsund\/wp-json\/wp\/v2\/media?parent=76"}],"curies":[{"name":"wp","href":"https:\/\/api.w.org\/{rel}","templated":true}]}}