{"id":39,"date":"2023-08-10T13:29:07","date_gmt":"2023-08-10T11:29:07","guid":{"rendered":"https:\/\/hoyre.no\/fauske\/?page_id=39"},"modified":"2025-01-24T15:46:45","modified_gmt":"2025-01-24T14:46:45","slug":"39-2","status":"publish","type":"page","link":"https:\/\/hoyre.no\/fauske\/39-2\/","title":{"rendered":""},"content":{"rendered":"\n<div class=\"wp-block-hoyre-hero with-image-gradient text-color-light  has-media alignfull has-background\"><div class=\"hoyre-hero has-image\"><h1 class=\"title\">Seks gode grunner til \u00e5 stemme H\u00f8yre p\u00e5 Fauske<\/h1><figure class=\"hoyre-image-wrapper\"><div class=\"hoyre-image\"><img loading=\"lazy\" decoding=\"async\" width=\"2500\" height=\"1406\" src=\"https:\/\/hoyre.no\/content\/uploads\/sites\/144\/2023\/08\/AdobeStock_529879564-scaled.jpeg\" class=\"attachment-scaled size-scaled\" alt=\"\" style=\"object-position: 50% 50%\" srcset=\"https:\/\/hoyre.no\/content\/uploads\/sites\/144\/2023\/08\/AdobeStock_529879564-scaled.jpeg 2500w, https:\/\/hoyre.no\/content\/uploads\/sites\/144\/2023\/08\/AdobeStock_529879564-300x169.jpeg 300w, https:\/\/hoyre.no\/content\/uploads\/sites\/144\/2023\/08\/AdobeStock_529879564-1024x576.jpeg 1024w, https:\/\/hoyre.no\/content\/uploads\/sites\/144\/2023\/08\/AdobeStock_529879564-768x432.jpeg 768w, https:\/\/hoyre.no\/content\/uploads\/sites\/144\/2023\/08\/AdobeStock_529879564-1536x864.jpeg 1536w, https:\/\/hoyre.no\/content\/uploads\/sites\/144\/2023\/08\/AdobeStock_529879564-2048x1152.jpeg 2048w\" sizes=\"auto, (max-width: 2500px) 100vw, 2500px\" \/><\/div><\/figure><\/div><\/div>\n\n\n\n<div class=\"wp-block-hoyre-banner undefined\"><div class=\"banner-inner\"><div class=\"banner-content\"><div class=\"entry-content\">\n<h2 class=\"wp-block-heading\">Trivsel &#8211; Utvikling &#8211; Trygghet<\/h2>\n\n\n\n<p>Fauske skal v\u00e6re en god plass \u00e5 bo og leve. Det er vi som bor i Fauske kommune som sammen skaper mulighetene, \u00f8ker trivselen, sikrer utvikling, trygghet, og \u00f8kt tilflytting. Godt samarbeid i Salten skal sikre en positiv utvikling for hele regionen med spesielt s\u00f8kelys p\u00e5 samferdsel, turisme og mineral- og energiutvinning.<\/p>\n\n\n\n<div class=\"wp-block-buttons is-layout-flex wp-block-buttons-is-layout-flex\"><\/div>\n<\/div><\/div><\/div><\/div>\n\n\n\n\n<div class=\"wp-block-media-text alignwide is-stacked-on-mobile is-image-fill is-style-pale-grey\"><figure class=\"wp-block-media-text__media\" style=\"background-image:url('https:\/\/hoyre.no\/content\/uploads\/sites\/144\/2023\/08\/AdobeStock_335262705-1024x682.jpeg');background-position:50% 50%\"><img loading=\"lazy\" decoding=\"async\" width=\"1024\" height=\"682\" src=\"https:\/\/hoyre.no\/content\/uploads\/sites\/144\/2023\/08\/AdobeStock_335262705-1024x682.jpeg\" alt=\"\" class=\"wp-image-40 size-full\" srcset=\"https:\/\/hoyre.no\/content\/uploads\/sites\/144\/2023\/08\/AdobeStock_335262705-1024x682.jpeg 1024w, https:\/\/hoyre.no\/content\/uploads\/sites\/144\/2023\/08\/AdobeStock_335262705-300x200.jpeg 300w, https:\/\/hoyre.no\/content\/uploads\/sites\/144\/2023\/08\/AdobeStock_335262705-768x512.jpeg 768w, https:\/\/hoyre.no\/content\/uploads\/sites\/144\/2023\/08\/AdobeStock_335262705-1536x1023.jpeg 1536w, https:\/\/hoyre.no\/content\/uploads\/sites\/144\/2023\/08\/AdobeStock_335262705-2048x1364.jpeg 2048w\" sizes=\"auto, (max-width: 1024px) 100vw, 1024px\" \/><\/figure><div class=\"wp-block-media-text__content\">\n<h2 class=\"wp-block-heading\">1. Sunn og god kommune\u00f8konomi<\/h2>\n\n\n\n<p>God \u00f8konomistyring er den viktigste forutsetningen for vekst og utvikling. Harde prioriteringer, stram styring og investeringer som gir gevinst er m\u00e5ter \u00e5 styrke \u00f8konomien p\u00e5. Gjennom god kontroll p\u00e5 \u00f8konomien kan vi styre og utvikle Fauske ytterligere.<\/p>\n\n\n\n<p>H\u00f8yre skal f\u00e5 \u00f8konomien i orden, og tilpasse seg de inntekter vi har tilgengelige.<\/p>\n<\/div><\/div>\n\n\n\n\n<div class=\"wp-block-media-text alignwide has-media-on-the-right is-stacked-on-mobile is-image-fill is-style-lightest-blue\"><div class=\"wp-block-media-text__content\">\n<h2 class=\"wp-block-heading\">2. Kunnskap og mestring i skolen<\/h2>\n\n\n\n<p>H\u00f8yres m\u00e5l med Fauske-skolen, barnehagen og SFO er \u00e5 skape muligheter for alle, uavhengig av hvilken familie du kommer fra. Elevene skal kjenne p\u00e5 l\u00e6ringsglede og f\u00e5 den hjelpen de trenger. H\u00f8yre vil ansette flere l\u00e6rere. Vi vil styrke skolene og jobbe for at det opprettes flere linjer i videreg\u00e5ende skole p\u00e5 Fauske. Vi vil ogs\u00e5 styrke laget rundt elevene med flere helsesykepleiere og milj\u00f8arbeidere.<\/p>\n<\/div><figure class=\"wp-block-media-text__media\" style=\"background-image:url('https:\/\/hoyre.no\/content\/uploads\/sites\/144\/2023\/08\/GettyImages-473032112-1024x566.jpg');background-position:50% 50%\"><img loading=\"lazy\" decoding=\"async\" width=\"1024\" height=\"566\" src=\"https:\/\/hoyre.no\/content\/uploads\/sites\/144\/2023\/08\/GettyImages-473032112-1024x566.jpg\" alt=\"\" class=\"wp-image-41 size-full\" srcset=\"https:\/\/hoyre.no\/content\/uploads\/sites\/144\/2023\/08\/GettyImages-473032112-1024x566.jpg 1024w, https:\/\/hoyre.no\/content\/uploads\/sites\/144\/2023\/08\/GettyImages-473032112-300x166.jpg 300w, https:\/\/hoyre.no\/content\/uploads\/sites\/144\/2023\/08\/GettyImages-473032112-768x425.jpg 768w, https:\/\/hoyre.no\/content\/uploads\/sites\/144\/2023\/08\/GettyImages-473032112-1536x850.jpg 1536w, https:\/\/hoyre.no\/content\/uploads\/sites\/144\/2023\/08\/GettyImages-473032112-2048x1133.jpg 2048w\" sizes=\"auto, (max-width: 1024px) 100vw, 1024px\" \/><\/figure><\/div>\n\n\n\n<div class=\"wp-block-media-text alignwide is-stacked-on-mobile is-image-fill is-style-pale-purple\"><figure class=\"wp-block-media-text__media\" style=\"background-image:url('https:\/\/hoyre.no\/content\/uploads\/sites\/144\/2023\/08\/GettyImages-1076508954-1024x681.jpg');background-position:50% 50%\"><img loading=\"lazy\" decoding=\"async\" width=\"1024\" height=\"681\" src=\"https:\/\/hoyre.no\/content\/uploads\/sites\/144\/2023\/08\/GettyImages-1076508954-1024x681.jpg\" alt=\"\" class=\"wp-image-42 size-full\" srcset=\"https:\/\/hoyre.no\/content\/uploads\/sites\/144\/2023\/08\/GettyImages-1076508954-1024x681.jpg 1024w, https:\/\/hoyre.no\/content\/uploads\/sites\/144\/2023\/08\/GettyImages-1076508954-300x200.jpg 300w, https:\/\/hoyre.no\/content\/uploads\/sites\/144\/2023\/08\/GettyImages-1076508954-768x511.jpg 768w, https:\/\/hoyre.no\/content\/uploads\/sites\/144\/2023\/08\/GettyImages-1076508954-1536x1022.jpg 1536w, https:\/\/hoyre.no\/content\/uploads\/sites\/144\/2023\/08\/GettyImages-1076508954-2048x1363.jpg 2048w\" sizes=\"auto, (max-width: 1024px) 100vw, 1024px\" \/><\/figure><div class=\"wp-block-media-text__content\">\n<h2 class=\"wp-block-heading\">3. Kvalitet og valgfrihet i omsorgen<\/h2>\n\n\n\n<p>Vi blir stadig flere eldre. Samtidig blir vi f\u00e6rre til \u00e5 ta vare p\u00e5 oss n\u00e5r vi blir gamle. En verdig alderdom handler om \u00e5 ha mulighet til \u00e5 velge det som er best for en selv. Fauske H\u00f8yre vil at eldre skal ha st\u00f8rre valgfrihet og verdighet i omsorgen, og at de skal kunne bo hjemme s\u00e5 lenge de vil derfor vil vi bygge flere tilrettelagte boliger.<\/p>\n\n\n\n<p>Mange eldre har god helse og vi m\u00e5 legge til rette for at de som \u00f8nsker \u00e5 bidra eller delta p\u00e5 tilbud, kan gj\u00f8re det blant annet gjennom godt samarbeid med frivilligheten.<\/p>\n<\/div><\/div>\n\n\n\n<div class=\"wp-block-media-text alignwide has-media-on-the-right is-stacked-on-mobile is-image-fill is-style-darkest-blue\"><div class=\"wp-block-media-text__content\">\n<h2 class=\"wp-block-heading\">4. Et attraktivt og inkluderende lokalsamfunn<\/h2>\n\n\n\n<p>Fauske H\u00f8yre vil at Fauske skal v\u00e6re en levende by med et rikt kulturliv. Vi skal \u00d8nske nye innbyggere velkommen til Fauske p\u00e5 en positiv m\u00e5te, og s\u00f8rge for informasjon og involvering i de ulike tilbudene som finnes i kommunen.<\/p>\n<\/div><figure class=\"wp-block-media-text__media\" style=\"background-image:url('https:\/\/hoyre.no\/content\/uploads\/sites\/144\/2023\/08\/GettyImages-1310100160-1024x683.jpg');background-position:50% 50%\"><img loading=\"lazy\" decoding=\"async\" width=\"1024\" height=\"683\" src=\"https:\/\/hoyre.no\/content\/uploads\/sites\/144\/2023\/08\/GettyImages-1310100160-1024x683.jpg\" alt=\"\" class=\"wp-image-43 size-full\" srcset=\"https:\/\/hoyre.no\/content\/uploads\/sites\/144\/2023\/08\/GettyImages-1310100160-1024x683.jpg 1024w, https:\/\/hoyre.no\/content\/uploads\/sites\/144\/2023\/08\/GettyImages-1310100160-300x200.jpg 300w, https:\/\/hoyre.no\/content\/uploads\/sites\/144\/2023\/08\/GettyImages-1310100160-768x512.jpg 768w, https:\/\/hoyre.no\/content\/uploads\/sites\/144\/2023\/08\/GettyImages-1310100160-1536x1024.jpg 1536w, https:\/\/hoyre.no\/content\/uploads\/sites\/144\/2023\/08\/GettyImages-1310100160-2048x1365.jpg 2048w\" sizes=\"auto, (max-width: 1024px) 100vw, 1024px\" \/><\/figure><\/div>\n\n\n\n<div class=\"wp-block-media-text alignwide is-stacked-on-mobile is-image-fill is-style-pale-green\"><figure class=\"wp-block-media-text__media\" style=\"background-image:url('https:\/\/hoyre.no\/content\/uploads\/sites\/144\/2023\/08\/GettyImages-1220320393-1024x768.jpg');background-position:50% 50%\"><img loading=\"lazy\" decoding=\"async\" width=\"1024\" height=\"768\" src=\"https:\/\/hoyre.no\/content\/uploads\/sites\/144\/2023\/08\/GettyImages-1220320393-1024x768.jpg\" alt=\"\" class=\"wp-image-44 size-full\" srcset=\"https:\/\/hoyre.no\/content\/uploads\/sites\/144\/2023\/08\/GettyImages-1220320393-1024x768.jpg 1024w, https:\/\/hoyre.no\/content\/uploads\/sites\/144\/2023\/08\/GettyImages-1220320393-300x225.jpg 300w, https:\/\/hoyre.no\/content\/uploads\/sites\/144\/2023\/08\/GettyImages-1220320393-768x576.jpg 768w, https:\/\/hoyre.no\/content\/uploads\/sites\/144\/2023\/08\/GettyImages-1220320393-1536x1152.jpg 1536w, https:\/\/hoyre.no\/content\/uploads\/sites\/144\/2023\/08\/GettyImages-1220320393-2048x1536.jpg 2048w\" sizes=\"auto, (max-width: 1024px) 100vw, 1024px\" \/><\/figure><div class=\"wp-block-media-text__content\">\n<h2 class=\"wp-block-heading\">5. Gr\u00f8nn transport og bedre veier<\/h2>\n\n\n\n<p>Trafikksikkerhet er v\u00e5r prioritet nummer \u00e9n for \u00e5 opprette og vedlikeholde gode veil\u00f8sninger og gang- og sykkelvei. H\u00f8yre vil blant annet jobbe for ny E6 p\u00e5 strekningen Fauske-M\u00f8rsvikbotn, videreutvikle Saltenpendelen gjennom flere avganger, spesielt til Fauske hver morgen. Vi vil jobbe for at private sammen med staten, fylkeskommunen og kommunen skaper gode veil\u00f8sninger som kommer innbyggerne til gode.<\/p>\n<\/div><\/div>\n\n\n\n<div class=\"wp-block-media-text alignwide has-media-on-the-right is-stacked-on-mobile is-image-fill is-style-pale-blue\"><div class=\"wp-block-media-text__content\">\n<h2 class=\"wp-block-heading\">6. Positiv n\u00e6ringsutvikling<\/h2>\n\n\n\n<p>Vi heier p\u00e5 mennesker som vil skape aktivitet og jobber p\u00e5 Fauske. H\u00f8yre vil at kommunen skal oppleves som en medspiller for jobbskaperne, og at det skal bli lettere \u00e5 etablere nye bedrifter i Fauske kommune. De etablerte bedriftene skal ha mulighet til \u00e5 vokse.<\/p>\n\n\n\n<p>H\u00f8yre vil ta i bruk fornybar energi, prioritere mer til n\u00e6ringsareal og beholde og videreutvikle Fauske som et hovedknutepunkt for gods og post.<\/p>\n<\/div><figure class=\"wp-block-media-text__media\" style=\"background-image:url('https:\/\/hoyre.no\/content\/uploads\/sites\/144\/2023\/08\/GettyImages-640964975-1024x683.jpg');background-position:50% 50%\"><img loading=\"lazy\" decoding=\"async\" width=\"1024\" height=\"683\" src=\"https:\/\/hoyre.no\/content\/uploads\/sites\/144\/2023\/08\/GettyImages-640964975-1024x683.jpg\" alt=\"\" class=\"wp-image-45 size-full\" srcset=\"https:\/\/hoyre.no\/content\/uploads\/sites\/144\/2023\/08\/GettyImages-640964975-1024x683.jpg 1024w, https:\/\/hoyre.no\/content\/uploads\/sites\/144\/2023\/08\/GettyImages-640964975-300x200.jpg 300w, https:\/\/hoyre.no\/content\/uploads\/sites\/144\/2023\/08\/GettyImages-640964975-768x512.jpg 768w, https:\/\/hoyre.no\/content\/uploads\/sites\/144\/2023\/08\/GettyImages-640964975-1536x1024.jpg 1536w, https:\/\/hoyre.no\/content\/uploads\/sites\/144\/2023\/08\/GettyImages-640964975-2048x1365.jpg 2048w\" sizes=\"auto, (max-width: 1024px) 100vw, 1024px\" \/><\/figure><\/div>\n\n\n\n<div class=\"wp-block-hoyre-banner undefined has-icon-title icon-heart is-style-blue\"><div class=\"banner-inner\"><div class=\"banner-content\"><div class=\"entry-content\">\n<h2 class=\"wp-block-heading\">Fant du ikke din hjertesak?<\/h2>\n\n\n\n<p>Det er heldigvis mange gode grunner til \u00e5 stemme H\u00f8yre i Kristiansand. Finn ut hva vi mener om din hjertesak ved \u00e5 lese programmet v\u00e5rt!<\/p>\n\n\n\n<div class=\"wp-block-buttons is-layout-flex wp-block-buttons-is-layout-flex\">\n<div class=\"wp-block-button has-custom-width wp-block-button__width-75\"><a class=\"wp-block-button__link wp-element-button\" href=\"https:\/\/hoyre.no\/fauske\/politikk\/?preview=true\" target=\"_blank\" rel=\"noreferrer noopener\">Les fauske h\u00f8yres valgprogram<\/a><\/div>\n<\/div>\n<\/div><\/div><\/div><\/div>\n\n\n<div class=\"wp-block hoyre-section alignfull has-background is-style-light-blue wp-block-hoyre-section\"><div class=\"inner-blocks alignwide\">\n\n<h2 class=\"wp-block-heading has-text-align-center\">Finn ditt n\u00e6rmeste valglokale<\/h2>\n\n\n\n<p class=\"has-text-align-center\">Du kan forh\u00e5ndsstemme fra 10. august til og med 8. september. I denne perioden kan du stemme i valglokaler over hele landet. Se oversikt over lokale valglokaler og \u00e5pningstider her:<\/p>\n\n\n\n<div class=\"wp-block-buttons is-layout-flex wp-block-buttons-is-layout-flex\">\n<div class=\"wp-block-button has-custom-width wp-block-button__width-100\"><a class=\"wp-block-button__link wp-element-button\" href=\"https:\/\/www.valg.no\/valglokaler\/valglokaler2\/stem-pa-forhand\/?mpid=1841\" target=\"_blank\" rel=\"noreferrer noopener\">Lokaler for forh\u00e5ndsstemming<\/a><\/div>\n<\/div>\n\n\n\n<p class=\"has-text-align-center\">Valgdagen i \u00e5r er mandag 11. september. P\u00e5 valgdagen m\u00e5 du stemme i Fauske kommune. Se oversikt over lokale valglokaler og \u00e5pningstider her:<\/p>\n\n\n\n<div class=\"wp-block-buttons is-layout-flex wp-block-buttons-is-layout-flex\">\n<div class=\"wp-block-button has-custom-width wp-block-button__width-100\"><a class=\"wp-block-button__link wp-element-button\" href=\"https:\/\/www.valg.no\/valglokaler\/valglokaler2\/stemme-pa-valgdagen\/?mpid=1841\" target=\"_blank\" rel=\"noreferrer noopener\">Valglokaler p\u00e5 valgdagen<\/a><\/div>\n<\/div>\n\n\n\n<p class=\"has-text-align-center\"><strong>Husk \u00e5 ta med legitimasjon n\u00e5r du skal stemme. Godt valg!<\/strong><\/p>\n\n\n\n<p class=\"has-text-align-center\"><strong>PS! <\/strong>Husk \u00e5 stemme H\u00f8yre to ganger, til kommunevalget og fylkestingsvalget for at din stemme skal bli h\u00f8rt langs hele fylket!<\/p>\n\n\n<div class=\"wp-block-image\">\n<figure class=\"aligncenter size-large is-resized\"><img loading=\"lazy\" decoding=\"async\" width=\"1024\" height=\"884\" src=\"https:\/\/hoyre.no\/content\/uploads\/sites\/144\/2023\/08\/HIPSTORYMULIGHETER-FOR-ALLE-Erna-Solberg-2021-B-illustrasjon-tegning-1024x884.png\" alt=\"\" class=\"wp-image-48\" style=\"width:337px;height:291px\" srcset=\"https:\/\/hoyre.no\/content\/uploads\/sites\/144\/2023\/08\/HIPSTORYMULIGHETER-FOR-ALLE-Erna-Solberg-2021-B-illustrasjon-tegning-1024x884.png 1024w, https:\/\/hoyre.no\/content\/uploads\/sites\/144\/2023\/08\/HIPSTORYMULIGHETER-FOR-ALLE-Erna-Solberg-2021-B-illustrasjon-tegning-300x259.png 300w, https:\/\/hoyre.no\/content\/uploads\/sites\/144\/2023\/08\/HIPSTORYMULIGHETER-FOR-ALLE-Erna-Solberg-2021-B-illustrasjon-tegning-768x663.png 768w, https:\/\/hoyre.no\/content\/uploads\/sites\/144\/2023\/08\/HIPSTORYMULIGHETER-FOR-ALLE-Erna-Solberg-2021-B-illustrasjon-tegning.png 1497w\" sizes=\"auto, (max-width: 1024px) 100vw, 1024px\" \/><\/figure><\/div>\n<\/div><\/div>","protected":false},"excerpt":{"rendered":"<p>2. Kunnskap og mestring i skolen H\u00f8yres m\u00e5l med Fauske-skolen, barnehagen og SFO er \u00e5 skape muligheter for alle, uavhengig av hvilken familie du kommer fra. Elevene skal kjenne p\u00e5 l\u00e6ringsglede og f\u00e5 den hjelpen de trenger. H\u00f8yre vil ansette flere l\u00e6rere. Vi vil styrke skolene og jobbe for at det opprettes flere linjer i [&hellip;]<\/p>\n","protected":false},"author":3547,"featured_media":0,"parent":0,"menu_order":0,"comment_status":"closed","ping_status":"closed","template":"","meta":{"teft_cards_image_url":"","teft_cards_custom_pretitle":"","teft_cards_image_id":0,"teft_cards_image_focal_point_x":0,"teft_cards_image_focal_point_y":0,"teft_cards_title":"","teft_cards_excerpt":"","teft_show_chapters":false,"footnotes":""},"class_list":["post-39","page","type-page","status-publish","hentry"],"yoast_head":"<!-- This site is optimized with the Yoast SEO plugin v26.6 - https:\/\/yoast.com\/wordpress\/plugins\/seo\/ -->\n<title>- Fauske H\u00f8yre<\/title>\n<meta name=\"robots\" content=\"index, follow, max-snippet:-1, max-image-preview:large, max-video-preview:-1\" \/>\n<link rel=\"canonical\" href=\"https:\/\/hoyre.no\/fauske\/39-2\/\" \/>\n<meta property=\"og:locale\" content=\"nb_NO\" \/>\n<meta property=\"og:type\" content=\"article\" \/>\n<meta property=\"og:title\" content=\"- Fauske H\u00f8yre\" \/>\n<meta property=\"og:description\" content=\"2. Kunnskap og mestring i skolen H\u00f8yres m\u00e5l med Fauske-skolen, barnehagen og SFO er \u00e5 skape muligheter for alle, uavhengig av hvilken familie du kommer fra. Elevene skal kjenne p\u00e5 l\u00e6ringsglede og f\u00e5 den hjelpen de trenger. H\u00f8yre vil ansette flere l\u00e6rere. Vi vil styrke skolene og jobbe for at det opprettes flere linjer i [&hellip;]\" \/>\n<meta property=\"og:url\" content=\"https:\/\/hoyre.no\/fauske\/39-2\/\" \/>\n<meta property=\"og:site_name\" content=\"Fauske H\u00f8yre\" \/>\n<meta property=\"article:modified_time\" content=\"2025-01-24T14:46:45+00:00\" \/>\n<meta property=\"og:image\" content=\"https:\/\/hoyre.no\/content\/uploads\/sites\/144\/2023\/08\/AdobeStock_335262705-1024x682.jpeg\" \/>\n<meta name=\"twitter:card\" content=\"summary_large_image\" \/>\n<meta name=\"twitter:label1\" content=\"Ansl. lesetid\" \/>\n\t<meta name=\"twitter:data1\" content=\"5 minutter\" \/>\n<script type=\"application\/ld+json\" class=\"yoast-schema-graph\">{\"@context\":\"https:\/\/schema.org\",\"@graph\":[{\"@type\":\"WebPage\",\"@id\":\"https:\/\/hoyre.no\/fauske\/39-2\/\",\"url\":\"https:\/\/hoyre.no\/fauske\/39-2\/\",\"name\":\"- Fauske H\u00f8yre\",\"isPartOf\":{\"@id\":\"https:\/\/hoyre.no\/fauske\/#website\"},\"image\":{\"@id\":\"https:\/\/hoyre.no\/fauske\/39-2\/#primaryimage\"},\"thumbnailUrl\":\"https:\/\/hoyre.no\/content\/uploads\/sites\/144\/2023\/08\/AdobeStock_335262705-1024x682.jpeg\",\"datePublished\":\"2023-08-10T11:29:07+00:00\",\"dateModified\":\"2025-01-24T14:46:45+00:00\",\"breadcrumb\":{\"@id\":\"https:\/\/hoyre.no\/fauske\/39-2\/#breadcrumb\"},\"inLanguage\":\"nb-NO\",\"potentialAction\":[{\"@type\":\"ReadAction\",\"target\":[\"https:\/\/hoyre.no\/fauske\/39-2\/\"]}]},{\"@type\":\"ImageObject\",\"inLanguage\":\"nb-NO\",\"@id\":\"https:\/\/hoyre.no\/fauske\/39-2\/#primaryimage\",\"url\":\"https:\/\/hoyre.no\/content\/uploads\/sites\/144\/2023\/08\/AdobeStock_335262705-1024x682.jpeg\",\"contentUrl\":\"https:\/\/hoyre.no\/content\/uploads\/sites\/144\/2023\/08\/AdobeStock_335262705-1024x682.jpeg\"},{\"@type\":\"BreadcrumbList\",\"@id\":\"https:\/\/hoyre.no\/fauske\/39-2\/#breadcrumb\",\"itemListElement\":[{\"@type\":\"ListItem\",\"position\":1,\"name\":\"Til hoyre.no\",\"item\":\"https:\/\/hoyre.no\"},{\"@type\":\"ListItem\",\"position\":2,\"name\":\"Hjem\",\"item\":\"https:\/\/hoyre.no\/fauske\/\"}]},{\"@type\":\"WebSite\",\"@id\":\"https:\/\/hoyre.no\/fauske\/#website\",\"url\":\"https:\/\/hoyre.no\/fauske\/\",\"name\":\"Fauske H\u00f8yre\",\"description\":\"Bare enda et H\u00f8yres nettsteder-nettsted\",\"inLanguage\":\"nb-NO\"}]}<\/script>\n<!-- \/ Yoast SEO plugin. -->","yoast_head_json":{"title":"- Fauske H\u00f8yre","robots":{"index":"index","follow":"follow","max-snippet":"max-snippet:-1","max-image-preview":"max-image-preview:large","max-video-preview":"max-video-preview:-1"},"canonical":"https:\/\/hoyre.no\/fauske\/39-2\/","og_locale":"nb_NO","og_type":"article","og_title":"- Fauske H\u00f8yre","og_description":"2. Kunnskap og mestring i skolen H\u00f8yres m\u00e5l med Fauske-skolen, barnehagen og SFO er \u00e5 skape muligheter for alle, uavhengig av hvilken familie du kommer fra. Elevene skal kjenne p\u00e5 l\u00e6ringsglede og f\u00e5 den hjelpen de trenger. H\u00f8yre vil ansette flere l\u00e6rere. Vi vil styrke skolene og jobbe for at det opprettes flere linjer i [&hellip;]","og_url":"https:\/\/hoyre.no\/fauske\/39-2\/","og_site_name":"Fauske H\u00f8yre","article_modified_time":"2025-01-24T14:46:45+00:00","og_image":[{"url":"https:\/\/hoyre.no\/content\/uploads\/sites\/144\/2023\/08\/AdobeStock_335262705-1024x682.jpeg","type":"","width":"","height":""}],"twitter_card":"summary_large_image","twitter_misc":{"Ansl. lesetid":"5 minutter"},"schema":{"@context":"https:\/\/schema.org","@graph":[{"@type":"WebPage","@id":"https:\/\/hoyre.no\/fauske\/39-2\/","url":"https:\/\/hoyre.no\/fauske\/39-2\/","name":"- Fauske H\u00f8yre","isPartOf":{"@id":"https:\/\/hoyre.no\/fauske\/#website"},"image":{"@id":"https:\/\/hoyre.no\/fauske\/39-2\/#primaryimage"},"thumbnailUrl":"https:\/\/hoyre.no\/content\/uploads\/sites\/144\/2023\/08\/AdobeStock_335262705-1024x682.jpeg","datePublished":"2023-08-10T11:29:07+00:00","dateModified":"2025-01-24T14:46:45+00:00","breadcrumb":{"@id":"https:\/\/hoyre.no\/fauske\/39-2\/#breadcrumb"},"inLanguage":"nb-NO","potentialAction":[{"@type":"ReadAction","target":["https:\/\/hoyre.no\/fauske\/39-2\/"]}]},{"@type":"ImageObject","inLanguage":"nb-NO","@id":"https:\/\/hoyre.no\/fauske\/39-2\/#primaryimage","url":"https:\/\/hoyre.no\/content\/uploads\/sites\/144\/2023\/08\/AdobeStock_335262705-1024x682.jpeg","contentUrl":"https:\/\/hoyre.no\/content\/uploads\/sites\/144\/2023\/08\/AdobeStock_335262705-1024x682.jpeg"},{"@type":"BreadcrumbList","@id":"https:\/\/hoyre.no\/fauske\/39-2\/#breadcrumb","itemListElement":[{"@type":"ListItem","position":1,"name":"Til hoyre.no","item":"https:\/\/hoyre.no"},{"@type":"ListItem","position":2,"name":"Hjem","item":"https:\/\/hoyre.no\/fauske\/"}]},{"@type":"WebSite","@id":"https:\/\/hoyre.no\/fauske\/#website","url":"https:\/\/hoyre.no\/fauske\/","name":"Fauske H\u00f8yre","description":"Bare enda et H\u00f8yres nettsteder-nettsted","inLanguage":"nb-NO"}]}},"distributor_meta":false,"distributor_terms":false,"distributor_media":false,"distributor_original_site_name":"Fauske H\u00f8yre","distributor_original_site_url":"https:\/\/hoyre.no\/fauske","push-errors":false,"_links":{"self":[{"href":"https:\/\/hoyre.no\/fauske\/wp-json\/wp\/v2\/pages\/39","targetHints":{"allow":["GET"]}}],"collection":[{"href":"https:\/\/hoyre.no\/fauske\/wp-json\/wp\/v2\/pages"}],"about":[{"href":"https:\/\/hoyre.no\/fauske\/wp-json\/wp\/v2\/types\/page"}],"author":[{"embeddable":true,"href":"https:\/\/hoyre.no\/fauske\/wp-json\/wp\/v2\/users\/3547"}],"replies":[{"embeddable":true,"href":"https:\/\/hoyre.no\/fauske\/wp-json\/wp\/v2\/comments?post=39"}],"version-history":[{"count":2,"href":"https:\/\/hoyre.no\/fauske\/wp-json\/wp\/v2\/pages\/39\/revisions"}],"predecessor-version":[{"id":83,"href":"https:\/\/hoyre.no\/fauske\/wp-json\/wp\/v2\/pages\/39\/revisions\/83"}],"wp:attachment":[{"href":"https:\/\/hoyre.no\/fauske\/wp-json\/wp\/v2\/media?parent=39"}],"curies":[{"name":"wp","href":"https:\/\/api.w.org\/{rel}","templated":true}]}}