{"id":36,"date":"2023-09-02T21:12:08","date_gmt":"2023-09-02T19:12:08","guid":{"rendered":"https:\/\/hoyre.no\/fedje\/?page_id=36"},"modified":"2025-02-18T15:56:01","modified_gmt":"2025-02-18T14:56:01","slug":"8-gode-grunnar","status":"publish","type":"page","link":"https:\/\/hoyre.no\/fedje\/8-gode-grunnar\/","title":{"rendered":"8 gode grunnar"},"content":{"rendered":"\n<div class=\"wp-block-hoyre-hero with-image-gradient text-color-light  has-media alignfull has-background\"><div class=\"hoyre-hero has-image\"><h1 class=\"title\">8 gode grunnar til \u00e5 r\u00f8yste H\u00f8gre p\u00e5 Fedje<\/h1><figure class=\"hoyre-image-wrapper\"><div class=\"hoyre-image\"><img loading=\"lazy\" decoding=\"async\" width=\"1280\" height=\"720\" src=\"https:\/\/hoyre.no\/content\/uploads\/sites\/337\/2023\/09\/fedje-2.jpeg\" class=\"attachment-scaled size-scaled\" alt=\"\" style=\"object-position: 13% 48%\" srcset=\"https:\/\/hoyre.no\/content\/uploads\/sites\/337\/2023\/09\/fedje-2.jpeg 1280w, https:\/\/hoyre.no\/content\/uploads\/sites\/337\/2023\/09\/fedje-2-300x169.jpeg 300w, https:\/\/hoyre.no\/content\/uploads\/sites\/337\/2023\/09\/fedje-2-1024x576.jpeg 1024w, https:\/\/hoyre.no\/content\/uploads\/sites\/337\/2023\/09\/fedje-2-768x432.jpeg 768w\" sizes=\"auto, (max-width: 1280px) 100vw, 1280px\" \/><\/div><\/figure><\/div><\/div>\n\n\n\n\n\t\t<div class=\"has-lightest-blue-background-color is-layout-left alignwide alignwide wp-block-hoyre-media-text\">\n\t\t\t<div class=\"hoyre-media-text__media\">\n\t\t\t\t<img loading=\"lazy\" decoding=\"async\" width=\"1024\" height=\"370\" src=\"https:\/\/hoyre.no\/content\/uploads\/sites\/337\/2023\/09\/Fedje-barnehage-1024x370.jpeg\" class=\"hoyre-media-text__media-image\" alt=\"\" style=\"--focal: 56% 41%;\" srcset=\"https:\/\/hoyre.no\/content\/uploads\/sites\/337\/2023\/09\/Fedje-barnehage-1024x370.jpeg 1024w, https:\/\/hoyre.no\/content\/uploads\/sites\/337\/2023\/09\/Fedje-barnehage-300x108.jpeg 300w, https:\/\/hoyre.no\/content\/uploads\/sites\/337\/2023\/09\/Fedje-barnehage-768x278.jpeg 768w, https:\/\/hoyre.no\/content\/uploads\/sites\/337\/2023\/09\/Fedje-barnehage-1536x555.jpeg 1536w, https:\/\/hoyre.no\/content\/uploads\/sites\/337\/2023\/09\/Fedje-barnehage.jpeg 2048w\" sizes=\"auto, (max-width: 1024px) 100vw, 1024px\" \/>\n\t\t\t<\/div>\n\t\t\t<div class=\"hoyre-media-text__content\">\n\t\t\t\t<div class=\"hoyre-media-text__content-inner\">\n\t\t\t\t\t\n\t\t\t<div class=\"hoyre-media-text__title-container\">\n\t\t\t\t\n\t\t\t\t<h2 class=\"hoyre-media-text__title\">1. Gratis barnehage<\/h2>\n\t\t\t<\/div>\n\t\t\t\n\t\t\t\t\t<div class=\"hoyre-media-text__blocks\">\n<p>Viste du at H\u00f8gre framleis vil ha gratis barnehage, garantert barnehageplass og at barnehagen framleis skal ha opningstider tilpassa brukarane?<\/p><p>Det er ogs\u00e5 eit m\u00e5l \u00e5 f\u00e5 p\u00e5 plass igjen sumarbarnehage, utvikle uteomr\u00e5det og f\u00e5 ein trygg parkering ved barnehagen.<\/p>\n<\/div>\n\t\t\t\t\t\n\t\t\t\t<\/div>\n\t\t\t<\/div>\n\t\t<\/div>\n\t\t\n\n\n\n\t\t<div class=\"has-pale-blue-background-color is-layout-right alignwide alignwide wp-block-hoyre-media-text\">\n\t\t\t<div class=\"hoyre-media-text__media\">\n\t\t\t\t<img loading=\"lazy\" decoding=\"async\" width=\"1024\" height=\"337\" src=\"https:\/\/hoyre.no\/content\/uploads\/sites\/337\/2023\/09\/Fedje-skole-1024x337.jpeg\" class=\"hoyre-media-text__media-image\" alt=\"\" style=\"--focal: 39% 100%;\" srcset=\"https:\/\/hoyre.no\/content\/uploads\/sites\/337\/2023\/09\/Fedje-skole-1024x337.jpeg 1024w, https:\/\/hoyre.no\/content\/uploads\/sites\/337\/2023\/09\/Fedje-skole-300x99.jpeg 300w, https:\/\/hoyre.no\/content\/uploads\/sites\/337\/2023\/09\/Fedje-skole-768x252.jpeg 768w, https:\/\/hoyre.no\/content\/uploads\/sites\/337\/2023\/09\/Fedje-skole-1536x505.jpeg 1536w, https:\/\/hoyre.no\/content\/uploads\/sites\/337\/2023\/09\/Fedje-skole.jpeg 2048w\" sizes=\"auto, (max-width: 1024px) 100vw, 1024px\" \/>\n\t\t\t<\/div>\n\t\t\t<div class=\"hoyre-media-text__content\">\n\t\t\t\t<div class=\"hoyre-media-text__content-inner\">\n\t\t\t\t\t\n\t\t\t<div class=\"hoyre-media-text__title-container\">\n\t\t\t\t\n\t\t\t\t<h2 class=\"hoyre-media-text__title\">2. Ein skule som gjev kunnskap, trivsel og tryggleik<\/h2>\n\t\t\t<\/div>\n\t\t\t\n\t\t\t\t\t<div class=\"hoyre-media-text__blocks\">\n<p>Me i Fedje H\u00f8gre er opptatt av \u00e5 skape ein skule som er sentrert rundt kunnskap og grunnleggjande ferdigheiter. Me har eit klart m\u00e5l: \u00c5 sikre at kvar einaste elev trivst og kjenner seg trygg i sitt skulemilj\u00f8. V\u00e5re dedikerte l\u00e6rarar er hjartet til ein god skule, og difor vil H\u00f8gre arbeide aktivt med \u00e5 rekruttere nye l\u00e6rarar, samstundes som me tek vare p\u00e5 dei som allereie er her.<\/p>\n<\/div>\n\t\t\t\t\t\n\t\t\t\t<\/div>\n\t\t\t<\/div>\n\t\t<\/div>\n\t\t\n\n\n\t\t<div class=\"has-pink-background-color is-layout-left alignwide alignwide wp-block-hoyre-media-text\">\n\t\t\t<div class=\"hoyre-media-text__media\">\n\t\t\t\t<img loading=\"lazy\" decoding=\"async\" width=\"929\" height=\"1024\" src=\"https:\/\/hoyre.no\/content\/uploads\/sites\/337\/2023\/09\/fedje-flerbrukshall-929x1024.jpeg\" class=\"hoyre-media-text__media-image\" alt=\"\" style=\"--focal: 50% 50%;\" srcset=\"https:\/\/hoyre.no\/content\/uploads\/sites\/337\/2023\/09\/fedje-flerbrukshall-929x1024.jpeg 929w, https:\/\/hoyre.no\/content\/uploads\/sites\/337\/2023\/09\/fedje-flerbrukshall-272x300.jpeg 272w, https:\/\/hoyre.no\/content\/uploads\/sites\/337\/2023\/09\/fedje-flerbrukshall-768x846.jpeg 768w, https:\/\/hoyre.no\/content\/uploads\/sites\/337\/2023\/09\/fedje-flerbrukshall-1394x1536.jpeg 1394w, https:\/\/hoyre.no\/content\/uploads\/sites\/337\/2023\/09\/fedje-flerbrukshall.jpeg 1742w\" sizes=\"auto, (max-width: 929px) 100vw, 929px\" \/>\n\t\t\t<\/div>\n\t\t\t<div class=\"hoyre-media-text__content\">\n\t\t\t\t<div class=\"hoyre-media-text__content-inner\">\n\t\t\t\t\t\n\t\t\t<div class=\"hoyre-media-text__title-container\">\n\t\t\t\t\n\t\t\t\t<h2 class=\"hoyre-media-text__title\">3. Betre kulturtilbod<\/h2>\n\t\t\t<\/div>\n\t\t\t\n\t\t\t\t\t<div class=\"hoyre-media-text__blocks\">\n<p>Fedje H\u00f8gre vil arbeida for \u00e5 betra dei eksisterande kulturtilboda og introdusera nye, spennande initiativ. Vi ser p\u00e5 moglegheitene for \u00e5 breia bruken av fleirbrukshallen slik at ho kan nyttast til fleire kulturform\u00e5l. Vi vil aktivt st\u00f8tta lokale kulturarrangement som ikkje berikar berre livet v\u00e5rt, men ogs\u00e5 tiltrekkjer seg bes\u00f8kjande fr\u00e5 andre stader. Dette medverkar til auka aktivitet og vekst i kommunen v\u00e5r. Me vil \u00f2g montera opp ein klatrevegg i fleirbrukshallen.<\/p>\n<\/div>\n\t\t\t\t\t\n\t\t\t\t<\/div>\n\t\t\t<\/div>\n\t\t<\/div>\n\t\t\n\n\n\t\t<div class=\"has-pale-green-background-color is-layout-right alignwide alignwide wp-block-hoyre-media-text\">\n\t\t\t<div class=\"hoyre-media-text__media\">\n\t\t\t\t<img loading=\"lazy\" decoding=\"async\" width=\"719\" height=\"960\" src=\"https:\/\/hoyre.no\/content\/uploads\/sites\/337\/2023\/09\/Fedje-idrett.jpeg\" class=\"hoyre-media-text__media-image\" alt=\"\" style=\"--focal: 60% 8%;\" srcset=\"https:\/\/hoyre.no\/content\/uploads\/sites\/337\/2023\/09\/Fedje-idrett.jpeg 719w, https:\/\/hoyre.no\/content\/uploads\/sites\/337\/2023\/09\/Fedje-idrett-225x300.jpeg 225w\" sizes=\"auto, (max-width: 719px) 100vw, 719px\" \/>\n\t\t\t<\/div>\n\t\t\t<div class=\"hoyre-media-text__content\">\n\t\t\t\t<div class=\"hoyre-media-text__content-inner\">\n\t\t\t\t\t\n\t\t\t<div class=\"hoyre-media-text__title-container\">\n\t\t\t\t\n\t\t\t\t<h2 class=\"hoyre-media-text__title\">4. Satsing p\u00e5 idrett<\/h2>\n\t\t\t<\/div>\n\t\t\t\n\t\t\t\t\t<div class=\"hoyre-media-text__blocks\">\n<p>Fedje H\u00f8gre arbeider for \u00e5 fremja helse og aktivitet blant dei unge innbyggjarane v\u00e5re, og vil styrkja idrettsmilj\u00f8et v\u00e5rt. Vi trur p\u00e5 verdien av idrett som ein l\u00e6ringsarena og kjelde til helsegevinstar for komande generasjonar.<\/p><p>Ei av v\u00e5re prioriterte m\u00e5lsettingar er \u00e5 medverka til \u00e5 realisera eit klubbhus eller garderobeanlegg ved v\u00e5r idrettsplass.<\/p>\n<\/div>\n\t\t\t\t\t\n\t\t\t\t<\/div>\n\t\t\t<\/div>\n\t\t<\/div>\n\t\t\n\n\n\t\t<div class=\"has-lightest-blue-background-color is-layout-left alignwide alignwide wp-block-hoyre-media-text\">\n\t\t\t<div class=\"hoyre-media-text__media\">\n\t\t\t\t<img loading=\"lazy\" decoding=\"async\" width=\"769\" height=\"1024\" src=\"https:\/\/hoyre.no\/content\/uploads\/sites\/337\/2023\/09\/fedje-hundepark-769x1024.jpeg\" class=\"hoyre-media-text__media-image\" alt=\"\" style=\"--focal: 50% 50%;\" srcset=\"https:\/\/hoyre.no\/content\/uploads\/sites\/337\/2023\/09\/fedje-hundepark-769x1024.jpeg 769w, https:\/\/hoyre.no\/content\/uploads\/sites\/337\/2023\/09\/fedje-hundepark-225x300.jpeg 225w, https:\/\/hoyre.no\/content\/uploads\/sites\/337\/2023\/09\/fedje-hundepark-768x1023.jpeg 768w, https:\/\/hoyre.no\/content\/uploads\/sites\/337\/2023\/09\/fedje-hundepark-1153x1536.jpeg 1153w, https:\/\/hoyre.no\/content\/uploads\/sites\/337\/2023\/09\/fedje-hundepark.jpeg 1537w\" sizes=\"auto, (max-width: 769px) 100vw, 769px\" \/>\n\t\t\t<\/div>\n\t\t\t<div class=\"hoyre-media-text__content\">\n\t\t\t\t<div class=\"hoyre-media-text__content-inner\">\n\t\t\t\t\t\n\t\t\t<div class=\"hoyre-media-text__title-container\">\n\t\t\t\t\n\t\t\t\t<h2 class=\"hoyre-media-text__title\">5. Hundepark<\/h2>\n\t\t\t<\/div>\n\t\t\t\n\t\t\t\t\t<div class=\"hoyre-media-text__blocks\">\n<p>Fedje H\u00f8gre har ein visjon om \u00e5 skapa eit inkluderande og triveleg lokalsamfunn. Vi \u00f8nskjer difor \u00e5 etablera ein mindre hundepark p\u00e5 ein passande stad, der hundeeigarar kan la hundane l\u00f8pa fritt og engasjera seg i hundetrening.<\/p><p>Det er viktig for oss \u00e5 understreka at hundeparken vil vera utforma med omsyn til folk som er redde for hundar. Vi ynskjer \u00e5 skapa ein trygg atmosf\u00e6re der alle kan f\u00f8la seg komfortable og samstundes nytta godt av dette tilbodet. Hundeparken vil ikkje berre vera ein flott stad for hundeeigarar og deira firbeinte venner, men \u00f2g ein stad der folk kan m\u00f8tast, utveksla erfaringar og styrka fellesskapet.<\/p>\n<\/div>\n\t\t\t\t\t\n\t\t\t\t<\/div>\n\t\t\t<\/div>\n\t\t<\/div>\n\t\t\n\n\n\t\t<div class=\"has-pale-blue-background-color is-layout-right alignwide alignwide wp-block-hoyre-media-text\">\n\t\t\t<div class=\"hoyre-media-text__media\">\n\t\t\t\t<img loading=\"lazy\" decoding=\"async\" width=\"496\" height=\"1024\" src=\"https:\/\/hoyre.no\/content\/uploads\/sites\/337\/2023\/09\/Fedje-kirke-496x1024.jpeg\" class=\"hoyre-media-text__media-image\" alt=\"\" style=\"--focal: 40% 24%;\" srcset=\"https:\/\/hoyre.no\/content\/uploads\/sites\/337\/2023\/09\/Fedje-kirke-496x1024.jpeg 496w, https:\/\/hoyre.no\/content\/uploads\/sites\/337\/2023\/09\/Fedje-kirke-145x300.jpeg 145w, https:\/\/hoyre.no\/content\/uploads\/sites\/337\/2023\/09\/Fedje-kirke-768x1587.jpeg 768w, https:\/\/hoyre.no\/content\/uploads\/sites\/337\/2023\/09\/Fedje-kirke-743x1536.jpeg 743w, https:\/\/hoyre.no\/content\/uploads\/sites\/337\/2023\/09\/Fedje-kirke.jpeg 991w\" sizes=\"auto, (max-width: 496px) 100vw, 496px\" \/>\n\t\t\t<\/div>\n\t\t\t<div class=\"hoyre-media-text__content\">\n\t\t\t\t<div class=\"hoyre-media-text__content-inner\">\n\t\t\t\t\t\n\t\t\t<div class=\"hoyre-media-text__title-container\">\n\t\t\t\t\n\t\t\t\t<h2 class=\"hoyre-media-text__title\">6. Ein attraktiv kommune<\/h2>\n\t\t\t<\/div>\n\t\t\t\n\t\t\t\t\t<div class=\"hoyre-media-text__blocks\">\n<p>Fedje H\u00f8gre har eit viktig m\u00e5l &#8211; \u00e5 auke folketala p\u00e5 Fedje og skape trivsel der folk ynskjer \u00e5 bu. Me trur at n\u00f8kkelen til vekst ligg i \u00e5 tilby gode arbeidsplassar, bustader og tomtar for v\u00e5re innbyggjarar. For \u00e5 tiltrekkja nye innbyggjarar, vil Fedje H\u00f8gre introdusera ei &laquo;etableringspakke&raquo;. Dette inkluderer dekning av flyttekostnader opp til 25 000 kr, for \u00e5 letta overgangen til \u00e5 bli ein del av v\u00e5rt samfunn. Me ynskjer \u00e5 gjera det enkelt for nye innbyggjarar \u00e5 velja Fedje som sitt heimstadsval.<\/p><p>Me forst\u00e5r betydninga av eit godt fergetilbod for v\u00e5re innbyggjarar p\u00e5 \u00f8ya. Fedje H\u00f8gre vil arbeida for \u00e5 tryggja ein jamn og p\u00e5liteleg ferjeforbindelse.<\/p>\n<\/div>\n\t\t\t\t\t\n\t\t\t\t<\/div>\n\t\t\t<\/div>\n\t\t<\/div>\n\t\t\n\n\n\t\t<div class=\"has-pale-green-background-color is-layout-left alignwide alignwide wp-block-hoyre-media-text\">\n\t\t\t<div class=\"hoyre-media-text__media\">\n\t\t\t\t<img loading=\"lazy\" decoding=\"async\" width=\"1024\" height=\"328\" src=\"https:\/\/hoyre.no\/content\/uploads\/sites\/337\/2023\/09\/Fedje-utsikt-1024x328.jpeg\" class=\"hoyre-media-text__media-image\" alt=\"\" style=\"--focal: 80% 54%;\" srcset=\"https:\/\/hoyre.no\/content\/uploads\/sites\/337\/2023\/09\/Fedje-utsikt-1024x328.jpeg 1024w, https:\/\/hoyre.no\/content\/uploads\/sites\/337\/2023\/09\/Fedje-utsikt-300x96.jpeg 300w, https:\/\/hoyre.no\/content\/uploads\/sites\/337\/2023\/09\/Fedje-utsikt-768x246.jpeg 768w, https:\/\/hoyre.no\/content\/uploads\/sites\/337\/2023\/09\/Fedje-utsikt-1536x491.jpeg 1536w, https:\/\/hoyre.no\/content\/uploads\/sites\/337\/2023\/09\/Fedje-utsikt-2048x655.jpeg 2048w\" sizes=\"auto, (max-width: 1024px) 100vw, 1024px\" \/>\n\t\t\t<\/div>\n\t\t\t<div class=\"hoyre-media-text__content\">\n\t\t\t\t<div class=\"hoyre-media-text__content-inner\">\n\t\t\t\t\t\n\t\t\t<div class=\"hoyre-media-text__title-container\">\n\t\t\t\t\n\t\t\t\t<h2 class=\"hoyre-media-text__title\">7. N\u00e6rinsutvikling og berekraftig vekst<\/h2>\n\t\t\t<\/div>\n\t\t\t\n\t\t\t\t\t<div class=\"hoyre-media-text__blocks\">\n<p>Fedje H\u00f8gre har eit klart m\u00e5l: \u00c5 fremja ei politikk som bidreg til eit variert og sterkt n\u00e6ringsliv p\u00e5 Fedje, samtidig som me tek vare p\u00e5 kreative enkeltmenneske. Vi ynskjer at Fedje kommune skal vera ein &laquo;JA-kommune,&raquo; med ei smidig veg fr\u00e5 s\u00f8knad til realisering. Kommunen skal vera ein katalysator for mindre prosjekt og vurdera moglegheiter for tilskot til lokale n\u00e6ringstiltak.<\/p>\n<\/div>\n\t\t\t\t\t\n\t\t\t\t<\/div>\n\t\t\t<\/div>\n\t\t<\/div>\n\t\t\n\n\n\t\t<div class=\"has-pale-blue-background-color is-layout-right alignwide alignwide wp-block-hoyre-media-text\">\n\t\t\t<div class=\"hoyre-media-text__media\">\n\t\t\t\t<img loading=\"lazy\" decoding=\"async\" width=\"1024\" height=\"1024\" src=\"https:\/\/hoyre.no\/content\/uploads\/sites\/337\/2023\/09\/Fedje-turloype-1024x1024.jpeg\" class=\"hoyre-media-text__media-image\" alt=\"\" style=\"--focal: 50% 50%;\" srcset=\"https:\/\/hoyre.no\/content\/uploads\/sites\/337\/2023\/09\/Fedje-turloype-1024x1024.jpeg 1024w, https:\/\/hoyre.no\/content\/uploads\/sites\/337\/2023\/09\/Fedje-turloype-300x300.jpeg 300w, https:\/\/hoyre.no\/content\/uploads\/sites\/337\/2023\/09\/Fedje-turloype-150x150.jpeg 150w, https:\/\/hoyre.no\/content\/uploads\/sites\/337\/2023\/09\/Fedje-turloype-768x768.jpeg 768w, https:\/\/hoyre.no\/content\/uploads\/sites\/337\/2023\/09\/Fedje-turloype-1536x1536.jpeg 1536w, https:\/\/hoyre.no\/content\/uploads\/sites\/337\/2023\/09\/Fedje-turloype.jpeg 2048w\" sizes=\"auto, (max-width: 1024px) 100vw, 1024px\" \/>\n\t\t\t<\/div>\n\t\t\t<div class=\"hoyre-media-text__content\">\n\t\t\t\t<div class=\"hoyre-media-text__content-inner\">\n\t\t\t\t\t\n\t\t\t<div class=\"hoyre-media-text__title-container\">\n\t\t\t\t\n\t\t\t\t<h2 class=\"hoyre-media-text__title\">8. Eit blomstrande lokalsamfunn<\/h2>\n\t\t\t<\/div>\n\t\t\t\n\t\t\t\t\t<div class=\"hoyre-media-text__blocks\">\n<p>Fedje H\u00f8gre er opptatt av \u00e5 skapa eit blomstrande lokalsamfunn. Me \u00f8nskjer \u00e5 framleis ha et dugnadsfond som kan st\u00f8tta lokale initiativ retta mot auka trivsel og betre vedlikehald av omr\u00e5de som turl\u00f8ypa.<\/p><p>Me har planar om \u00e5 lage til ein sosial m\u00f8teplass med spennande aktivitetar for alle aldersgrupper i den gruslagde l\u00f8ypa. Vidare vurderer me \u00e5 utvida grusl\u00f8ypa mot vest, mot turhytta, og samstundes forbetra uteomr\u00e5det rundt hytta. Dette inkluderer tilrettelegging av toalettfasilitetar. P\u00e5 denne m\u00e5ten \u00f8nskjer Fedje H\u00f8gre \u00e5 styrka fellesskapet og oppmuntre til ein aktiv og triveleg livsstil for v\u00e5re innbyggjarar.<\/p>\n<\/div>\n\t\t\t\t\t\n\t\t\t\t<\/div>\n\t\t\t<\/div>\n\t\t<\/div>\n\t\t","protected":false},"excerpt":{"rendered":"","protected":false},"author":29319,"featured_media":0,"parent":0,"menu_order":0,"comment_status":"closed","ping_status":"closed","template":"","meta":{"teft_cards_image_url":"","teft_cards_custom_pretitle":"","teft_cards_image_id":0,"teft_cards_image_focal_point_x":0,"teft_cards_image_focal_point_y":0,"teft_cards_title":"","teft_cards_excerpt":"","teft_show_chapters":false,"footnotes":""},"class_list":["post-36","page","type-page","status-publish","hentry"],"yoast_head":"<!-- This site is optimized with the Yoast SEO plugin v26.6 - https:\/\/yoast.com\/wordpress\/plugins\/seo\/ -->\n<title>8 gode grunnar - Fedje H\u00f8gre<\/title>\n<meta name=\"description\" content=\"8 gode grunnar til \u00e5 r\u00f8yste H\u00f8gre om du bur p\u00e5 Fedje.\" \/>\n<meta name=\"robots\" content=\"index, follow, max-snippet:-1, max-image-preview:large, max-video-preview:-1\" \/>\n<link rel=\"canonical\" href=\"https:\/\/hoyre.no\/fedje\/8-gode-grunnar\/\" \/>\n<meta property=\"og:locale\" content=\"nn_NO\" \/>\n<meta property=\"og:type\" content=\"article\" \/>\n<meta property=\"og:title\" content=\"8 gode grunnar - Fedje H\u00f8gre\" \/>\n<meta property=\"og:description\" content=\"8 gode grunnar til \u00e5 r\u00f8yste H\u00f8gre om du bur p\u00e5 Fedje.\" \/>\n<meta property=\"og:url\" content=\"https:\/\/hoyre.no\/fedje\/8-gode-grunnar\/\" \/>\n<meta property=\"og:site_name\" content=\"Fedje H\u00f8gre\" \/>\n<meta property=\"article:modified_time\" content=\"2025-02-18T14:56:01+00:00\" \/>\n<meta property=\"og:image\" content=\"https:\/\/hoyre.no\/content\/uploads\/sites\/337\/2022\/11\/Hoyres-logo.png\" \/>\n\t<meta property=\"og:image:width\" content=\"1000\" \/>\n\t<meta property=\"og:image:height\" content=\"1000\" \/>\n\t<meta property=\"og:image:type\" content=\"image\/png\" \/>\n<meta name=\"twitter:card\" content=\"summary_large_image\" \/>\n<meta name=\"twitter:label1\" content=\"Est. reading time\" \/>\n\t<meta name=\"twitter:data1\" content=\"4 minutt\" \/>\n<script type=\"application\/ld+json\" class=\"yoast-schema-graph\">{\"@context\":\"https:\/\/schema.org\",\"@graph\":[{\"@type\":\"WebPage\",\"@id\":\"https:\/\/hoyre.no\/fedje\/8-gode-grunnar\/\",\"url\":\"https:\/\/hoyre.no\/fedje\/8-gode-grunnar\/\",\"name\":\"8 gode grunnar - Fedje H\u00f8gre\",\"isPartOf\":{\"@id\":\"https:\/\/hoyre.no\/fedje\/#website\"},\"datePublished\":\"2023-09-02T19:12:08+00:00\",\"dateModified\":\"2025-02-18T14:56:01+00:00\",\"description\":\"8 gode grunnar til \u00e5 r\u00f8yste H\u00f8gre om du bur p\u00e5 Fedje.\",\"breadcrumb\":{\"@id\":\"https:\/\/hoyre.no\/fedje\/8-gode-grunnar\/#breadcrumb\"},\"inLanguage\":\"nn-NO\",\"potentialAction\":[{\"@type\":\"ReadAction\",\"target\":[\"https:\/\/hoyre.no\/fedje\/8-gode-grunnar\/\"]}]},{\"@type\":\"BreadcrumbList\",\"@id\":\"https:\/\/hoyre.no\/fedje\/8-gode-grunnar\/#breadcrumb\",\"itemListElement\":[{\"@type\":\"ListItem\",\"position\":1,\"name\":\"Til hoyre.no\",\"item\":\"https:\/\/hoyre.no\"},{\"@type\":\"ListItem\",\"position\":2,\"name\":\"Hjem\",\"item\":\"https:\/\/hoyre.no\/fedje\/\"},{\"@type\":\"ListItem\",\"position\":3,\"name\":\"8 gode grunnar\"}]},{\"@type\":\"WebSite\",\"@id\":\"https:\/\/hoyre.no\/fedje\/#website\",\"url\":\"https:\/\/hoyre.no\/fedje\/\",\"name\":\"Fedje H\u00f8gre\",\"description\":\"Bare enda et H\u00f8yres nettsteder-nettsted\",\"inLanguage\":\"nn-NO\"}]}<\/script>\n<!-- \/ Yoast SEO plugin. -->","yoast_head_json":{"title":"8 gode grunnar - Fedje H\u00f8gre","description":"8 gode grunnar til \u00e5 r\u00f8yste H\u00f8gre om du bur p\u00e5 Fedje.","robots":{"index":"index","follow":"follow","max-snippet":"max-snippet:-1","max-image-preview":"max-image-preview:large","max-video-preview":"max-video-preview:-1"},"canonical":"https:\/\/hoyre.no\/fedje\/8-gode-grunnar\/","og_locale":"nn_NO","og_type":"article","og_title":"8 gode grunnar - Fedje H\u00f8gre","og_description":"8 gode grunnar til \u00e5 r\u00f8yste H\u00f8gre om du bur p\u00e5 Fedje.","og_url":"https:\/\/hoyre.no\/fedje\/8-gode-grunnar\/","og_site_name":"Fedje H\u00f8gre","article_modified_time":"2025-02-18T14:56:01+00:00","og_image":[{"width":1000,"height":1000,"url":"https:\/\/hoyre.no\/content\/uploads\/sites\/337\/2022\/11\/Hoyres-logo.png","type":"image\/png"}],"twitter_card":"summary_large_image","twitter_misc":{"Est. reading time":"4 minutt"},"schema":{"@context":"https:\/\/schema.org","@graph":[{"@type":"WebPage","@id":"https:\/\/hoyre.no\/fedje\/8-gode-grunnar\/","url":"https:\/\/hoyre.no\/fedje\/8-gode-grunnar\/","name":"8 gode grunnar - Fedje H\u00f8gre","isPartOf":{"@id":"https:\/\/hoyre.no\/fedje\/#website"},"datePublished":"2023-09-02T19:12:08+00:00","dateModified":"2025-02-18T14:56:01+00:00","description":"8 gode grunnar til \u00e5 r\u00f8yste H\u00f8gre om du bur p\u00e5 Fedje.","breadcrumb":{"@id":"https:\/\/hoyre.no\/fedje\/8-gode-grunnar\/#breadcrumb"},"inLanguage":"nn-NO","potentialAction":[{"@type":"ReadAction","target":["https:\/\/hoyre.no\/fedje\/8-gode-grunnar\/"]}]},{"@type":"BreadcrumbList","@id":"https:\/\/hoyre.no\/fedje\/8-gode-grunnar\/#breadcrumb","itemListElement":[{"@type":"ListItem","position":1,"name":"Til hoyre.no","item":"https:\/\/hoyre.no"},{"@type":"ListItem","position":2,"name":"Hjem","item":"https:\/\/hoyre.no\/fedje\/"},{"@type":"ListItem","position":3,"name":"8 gode grunnar"}]},{"@type":"WebSite","@id":"https:\/\/hoyre.no\/fedje\/#website","url":"https:\/\/hoyre.no\/fedje\/","name":"Fedje H\u00f8gre","description":"Bare enda et H\u00f8yres nettsteder-nettsted","inLanguage":"nn-NO"}]}},"distributor_meta":false,"distributor_terms":false,"distributor_media":false,"distributor_original_site_name":"Fedje H\u00f8gre","distributor_original_site_url":"https:\/\/hoyre.no\/fedje","push-errors":false,"_links":{"self":[{"href":"https:\/\/hoyre.no\/fedje\/wp-json\/wp\/v2\/pages\/36","targetHints":{"allow":["GET"]}}],"collection":[{"href":"https:\/\/hoyre.no\/fedje\/wp-json\/wp\/v2\/pages"}],"about":[{"href":"https:\/\/hoyre.no\/fedje\/wp-json\/wp\/v2\/types\/page"}],"author":[{"embeddable":true,"href":"https:\/\/hoyre.no\/fedje\/wp-json\/wp\/v2\/users\/29319"}],"replies":[{"embeddable":true,"href":"https:\/\/hoyre.no\/fedje\/wp-json\/wp\/v2\/comments?post=36"}],"version-history":[{"count":2,"href":"https:\/\/hoyre.no\/fedje\/wp-json\/wp\/v2\/pages\/36\/revisions"}],"predecessor-version":[{"id":49,"href":"https:\/\/hoyre.no\/fedje\/wp-json\/wp\/v2\/pages\/36\/revisions\/49"}],"wp:attachment":[{"href":"https:\/\/hoyre.no\/fedje\/wp-json\/wp\/v2\/media?parent=36"}],"curies":[{"name":"wp","href":"https:\/\/api.w.org\/{rel}","templated":true}]}}