{"id":310,"date":"2024-09-16T11:23:45","date_gmt":"2024-09-16T09:23:45","guid":{"rendered":"https:\/\/hoyre.no\/finnmark\/?page_id=310"},"modified":"2025-01-02T13:46:06","modified_gmt":"2025-01-02T12:46:06","slug":"terje-rogde","status":"publish","type":"page","link":"https:\/\/hoyre.no\/finnmark\/kandidatpresentasjon-2025-2029\/terje-rogde\/","title":{"rendered":"Terje Rogde"},"content":{"rendered":"\n\t\t<div class=\"has-lightest-blue-background-color align wp-block-hoyre-media-text\">\n\t\t\t<div class=\"hoyre-media-text__media\">\n\t\t\t\t<img loading=\"lazy\" decoding=\"async\" width=\"299\" height=\"214\" src=\"https:\/\/hoyre.no\/content\/uploads\/sites\/431\/2024\/09\/Terje-Rogde1.jpg\" class=\"hoyre-media-text__media-image\" alt=\"\" style=\"--focal: 0% 100%;\" \/>\n\t\t\t<\/div>\n\t\t\t<div class=\"hoyre-media-text__content\">\n\t\t\t\t<div class=\"hoyre-media-text__content-inner\">\n\t\t\t\t\t\n\t\t\t<div class=\"hoyre-media-text__title-container\">\n\t\t\t\t\n\t\t\t\t<h2 class=\"hoyre-media-text__title\">Terje Rogde<\/h2>\n\t\t\t<\/div>\n\t\t\t\n\t\t\t\t\t<div class=\"hoyre-media-text__blocks\"><\/div>\n\t\t\t\t\t\n\t\t\t\t<\/div>\n\t\t\t<\/div>\n\t\t<\/div>\n\t\t\n\n\n\n<p><strong>Hva er din bakgrunn og hvilke egenskaper vil du trekke frem ved deg selv?<\/strong><\/p>\n\n\n\n<p>\u2013 Jeg er f\u00f8dt og oppvokst i en familiebedrift her i Hammerfest og jobbet med salg og service hele livet. Jeg har maskinteknisk bakgrunn med Teknisk fagskole maskin, Urmaker-utdannelse og Nautikk ved H\u00f8gskolen i Troms\u00f8.<\/p>\n\n\n\n<p><\/p>\n\n\n\n<p><strong>Hva er dine viktigste politiske saker?<\/strong><\/p>\n\n\n\n<p>\u2013 Samferdsel, energi og fiskeri.<\/p>\n\n\n\n<p><strong>Hvorfor stiller du til valg for Finnmark H\u00f8yre?<\/strong><\/p>\n\n\n\n<p>\u2013 Jeg stiller meg til disposisjon for Finnmark H\u00f8yre for jeg mener at vi n\u00e5 har en unik mulighet til \u00e5 sette v\u00e5r politikk ut i live i Finnmarks-kommunene. Jeg er overbevist om at v\u00e5r politikk vil f\u00f8re til et mer sammensveiset Finnmark, med de beste mulighetene for \u00e5 drive bedrift og skape gode samfunn i hele fylket.<\/p>\n\n","protected":false},"excerpt":{"rendered":"","protected":false},"author":41407,"featured_media":0,"parent":174,"menu_order":0,"comment_status":"closed","ping_status":"closed","template":"","meta":{"teft_cards_image_url":"","teft_cards_custom_pretitle":"","teft_cards_image_id":0,"teft_cards_image_focal_point_x":0,"teft_cards_image_focal_point_y":0,"teft_cards_title":"","teft_cards_excerpt":"","teft_show_chapters":false,"footnotes":""},"class_list":["post-310","page","type-page","status-publish","hentry"],"yoast_head":"<!-- This site is optimized with the Yoast SEO plugin v26.6 - https:\/\/yoast.com\/wordpress\/plugins\/seo\/ -->\n<title>Terje Rogde - Finnmark H\u00f8yre<\/title>\n<meta name=\"robots\" content=\"index, follow, max-snippet:-1, max-image-preview:large, max-video-preview:-1\" \/>\n<link rel=\"canonical\" href=\"https:\/\/hoyre.no\/finnmark\/kandidatpresentasjon-2025-2029\/terje-rogde\/\" \/>\n<meta property=\"og:locale\" content=\"nb_NO\" \/>\n<meta property=\"og:type\" content=\"article\" \/>\n<meta property=\"og:title\" content=\"Terje Rogde - Finnmark H\u00f8yre\" \/>\n<meta property=\"og:url\" content=\"https:\/\/hoyre.no\/finnmark\/kandidatpresentasjon-2025-2029\/terje-rogde\/\" \/>\n<meta property=\"og:site_name\" content=\"Finnmark H\u00f8yre\" \/>\n<meta property=\"article:modified_time\" content=\"2025-01-02T12:46:06+00:00\" \/>\n<meta name=\"twitter:card\" content=\"summary_large_image\" \/>\n<meta name=\"twitter:label1\" content=\"Ansl. lesetid\" \/>\n\t<meta name=\"twitter:data1\" content=\"1 minutt\" \/>\n<script type=\"application\/ld+json\" class=\"yoast-schema-graph\">{\"@context\":\"https:\/\/schema.org\",\"@graph\":[{\"@type\":\"WebPage\",\"@id\":\"https:\/\/hoyre.no\/finnmark\/kandidatpresentasjon-2025-2029\/terje-rogde\/\",\"url\":\"https:\/\/hoyre.no\/finnmark\/kandidatpresentasjon-2025-2029\/terje-rogde\/\",\"name\":\"Terje Rogde - Finnmark H\u00f8yre\",\"isPartOf\":{\"@id\":\"https:\/\/hoyre.no\/finnmark\/#website\"},\"datePublished\":\"2024-09-16T09:23:45+00:00\",\"dateModified\":\"2025-01-02T12:46:06+00:00\",\"breadcrumb\":{\"@id\":\"https:\/\/hoyre.no\/finnmark\/kandidatpresentasjon-2025-2029\/terje-rogde\/#breadcrumb\"},\"inLanguage\":\"nb-NO\",\"potentialAction\":[{\"@type\":\"ReadAction\",\"target\":[\"https:\/\/hoyre.no\/finnmark\/kandidatpresentasjon-2025-2029\/terje-rogde\/\"]}]},{\"@type\":\"BreadcrumbList\",\"@id\":\"https:\/\/hoyre.no\/finnmark\/kandidatpresentasjon-2025-2029\/terje-rogde\/#breadcrumb\",\"itemListElement\":[{\"@type\":\"ListItem\",\"position\":1,\"name\":\"Til hoyre.no\",\"item\":\"https:\/\/hoyre.no\"},{\"@type\":\"ListItem\",\"position\":2,\"name\":\"Hjem\",\"item\":\"https:\/\/hoyre.no\/finnmark\/\"},{\"@type\":\"ListItem\",\"position\":3,\"name\":\"Kandidatpresentasjon 2025-2029\",\"item\":\"https:\/\/hoyre.no\/finnmark\/kandidatpresentasjon-2025-2029\/\"},{\"@type\":\"ListItem\",\"position\":4,\"name\":\"Terje Rogde\"}]},{\"@type\":\"WebSite\",\"@id\":\"https:\/\/hoyre.no\/finnmark\/#website\",\"url\":\"https:\/\/hoyre.no\/finnmark\/\",\"name\":\"Finnmark H\u00f8yre\",\"description\":\"Bare enda et H\u00f8yres nettsteder-nettsted\",\"inLanguage\":\"nb-NO\"}]}<\/script>\n<!-- \/ Yoast SEO plugin. -->","yoast_head_json":{"title":"Terje Rogde - Finnmark H\u00f8yre","robots":{"index":"index","follow":"follow","max-snippet":"max-snippet:-1","max-image-preview":"max-image-preview:large","max-video-preview":"max-video-preview:-1"},"canonical":"https:\/\/hoyre.no\/finnmark\/kandidatpresentasjon-2025-2029\/terje-rogde\/","og_locale":"nb_NO","og_type":"article","og_title":"Terje Rogde - Finnmark H\u00f8yre","og_url":"https:\/\/hoyre.no\/finnmark\/kandidatpresentasjon-2025-2029\/terje-rogde\/","og_site_name":"Finnmark H\u00f8yre","article_modified_time":"2025-01-02T12:46:06+00:00","twitter_card":"summary_large_image","twitter_misc":{"Ansl. lesetid":"1 minutt"},"schema":{"@context":"https:\/\/schema.org","@graph":[{"@type":"WebPage","@id":"https:\/\/hoyre.no\/finnmark\/kandidatpresentasjon-2025-2029\/terje-rogde\/","url":"https:\/\/hoyre.no\/finnmark\/kandidatpresentasjon-2025-2029\/terje-rogde\/","name":"Terje Rogde - Finnmark H\u00f8yre","isPartOf":{"@id":"https:\/\/hoyre.no\/finnmark\/#website"},"datePublished":"2024-09-16T09:23:45+00:00","dateModified":"2025-01-02T12:46:06+00:00","breadcrumb":{"@id":"https:\/\/hoyre.no\/finnmark\/kandidatpresentasjon-2025-2029\/terje-rogde\/#breadcrumb"},"inLanguage":"nb-NO","potentialAction":[{"@type":"ReadAction","target":["https:\/\/hoyre.no\/finnmark\/kandidatpresentasjon-2025-2029\/terje-rogde\/"]}]},{"@type":"BreadcrumbList","@id":"https:\/\/hoyre.no\/finnmark\/kandidatpresentasjon-2025-2029\/terje-rogde\/#breadcrumb","itemListElement":[{"@type":"ListItem","position":1,"name":"Til hoyre.no","item":"https:\/\/hoyre.no"},{"@type":"ListItem","position":2,"name":"Hjem","item":"https:\/\/hoyre.no\/finnmark\/"},{"@type":"ListItem","position":3,"name":"Kandidatpresentasjon 2025-2029","item":"https:\/\/hoyre.no\/finnmark\/kandidatpresentasjon-2025-2029\/"},{"@type":"ListItem","position":4,"name":"Terje Rogde"}]},{"@type":"WebSite","@id":"https:\/\/hoyre.no\/finnmark\/#website","url":"https:\/\/hoyre.no\/finnmark\/","name":"Finnmark H\u00f8yre","description":"Bare enda et H\u00f8yres nettsteder-nettsted","inLanguage":"nb-NO"}]}},"distributor_meta":false,"distributor_terms":false,"distributor_media":false,"distributor_original_site_name":"Finnmark H\u00f8yre","distributor_original_site_url":"https:\/\/hoyre.no\/finnmark","push-errors":false,"_links":{"self":[{"href":"https:\/\/hoyre.no\/finnmark\/wp-json\/wp\/v2\/pages\/310","targetHints":{"allow":["GET"]}}],"collection":[{"href":"https:\/\/hoyre.no\/finnmark\/wp-json\/wp\/v2\/pages"}],"about":[{"href":"https:\/\/hoyre.no\/finnmark\/wp-json\/wp\/v2\/types\/page"}],"author":[{"embeddable":true,"href":"https:\/\/hoyre.no\/finnmark\/wp-json\/wp\/v2\/users\/41407"}],"replies":[{"embeddable":true,"href":"https:\/\/hoyre.no\/finnmark\/wp-json\/wp\/v2\/comments?post=310"}],"version-history":[{"count":7,"href":"https:\/\/hoyre.no\/finnmark\/wp-json\/wp\/v2\/pages\/310\/revisions"}],"predecessor-version":[{"id":425,"href":"https:\/\/hoyre.no\/finnmark\/wp-json\/wp\/v2\/pages\/310\/revisions\/425"}],"up":[{"embeddable":true,"href":"https:\/\/hoyre.no\/finnmark\/wp-json\/wp\/v2\/pages\/174"}],"wp:attachment":[{"href":"https:\/\/hoyre.no\/finnmark\/wp-json\/wp\/v2\/media?parent=310"}],"curies":[{"name":"wp","href":"https:\/\/api.w.org\/{rel}","templated":true}]}}