{"id":33,"date":"2023-09-02T21:30:55","date_gmt":"2023-09-02T19:30:55","guid":{"rendered":"https:\/\/hoyre.no\/fitjar\/?page_id=33"},"modified":"2025-02-14T12:38:59","modified_gmt":"2025-02-14T11:38:59","slug":"5-gode-grunnar","status":"publish","type":"page","link":"https:\/\/hoyre.no\/fitjar\/5-gode-grunnar\/","title":{"rendered":"5 gode grunnar"},"content":{"rendered":"\n<div class=\"wp-block-hoyre-hero with-image-gradient text-color-light  has-media alignfull has-background\"><div class=\"hoyre-hero has-image\"><h1 class=\"title\">5 gode grunnar til \u00e5 r\u00f8yste H\u00f8gre p\u00e5 Fitjar<\/h1><figure class=\"hoyre-image-wrapper\"><div class=\"hoyre-image\"><img loading=\"lazy\" decoding=\"async\" width=\"1919\" height=\"2048\" src=\"https:\/\/hoyre.no\/content\/uploads\/sites\/338\/2023\/09\/Fitjar-H-lagarbeid.jpeg\" class=\"attachment-scaled size-scaled\" alt=\"\" style=\"object-position: 49% 31%\" srcset=\"https:\/\/hoyre.no\/content\/uploads\/sites\/338\/2023\/09\/Fitjar-H-lagarbeid.jpeg 1919w, https:\/\/hoyre.no\/content\/uploads\/sites\/338\/2023\/09\/Fitjar-H-lagarbeid-281x300.jpeg 281w, https:\/\/hoyre.no\/content\/uploads\/sites\/338\/2023\/09\/Fitjar-H-lagarbeid-960x1024.jpeg 960w, https:\/\/hoyre.no\/content\/uploads\/sites\/338\/2023\/09\/Fitjar-H-lagarbeid-768x820.jpeg 768w, https:\/\/hoyre.no\/content\/uploads\/sites\/338\/2023\/09\/Fitjar-H-lagarbeid-1439x1536.jpeg 1439w\" sizes=\"auto, (max-width: 1919px) 100vw, 1919px\" \/><\/div><\/figure><\/div><\/div>\n\n\n\n\n\t\t<div class=\"has-lightest-blue-background-color is-layout-left alignwide alignwide wp-block-hoyre-media-text\">\n\t\t\t<div class=\"hoyre-media-text__media\">\n\t\t\t\t<img loading=\"lazy\" decoding=\"async\" width=\"1024\" height=\"683\" src=\"https:\/\/hoyre.no\/content\/uploads\/sites\/338\/2023\/09\/GettyImages-1165371469-1024x683.jpg\" class=\"hoyre-media-text__media-image\" alt=\"\" style=\"--focal: 50% 50%;\" srcset=\"https:\/\/hoyre.no\/content\/uploads\/sites\/338\/2023\/09\/GettyImages-1165371469-1024x683.jpg 1024w, https:\/\/hoyre.no\/content\/uploads\/sites\/338\/2023\/09\/GettyImages-1165371469-300x200.jpg 300w, https:\/\/hoyre.no\/content\/uploads\/sites\/338\/2023\/09\/GettyImages-1165371469-768x512.jpg 768w, https:\/\/hoyre.no\/content\/uploads\/sites\/338\/2023\/09\/GettyImages-1165371469-1536x1025.jpg 1536w, https:\/\/hoyre.no\/content\/uploads\/sites\/338\/2023\/09\/GettyImages-1165371469-2048x1367.jpg 2048w\" sizes=\"auto, (max-width: 1024px) 100vw, 1024px\" \/>\n\t\t\t<\/div>\n\t\t\t<div class=\"hoyre-media-text__content\">\n\t\t\t\t<div class=\"hoyre-media-text__content-inner\">\n\t\t\t\t\t\n\t\t\t<div class=\"hoyre-media-text__title-container\">\n\t\t\t\t\n\t\t\t\t<h2 class=\"hoyre-media-text__title\">1. Ei trygg og god eldreomsorg<\/h2>\n\t\t\t<\/div>\n\t\t\t\n\t\t\t\t\t<div class=\"hoyre-media-text__blocks\"><\/div>\n\t\t\t\t\t\n\t\t\t\t<\/div>\n\t\t\t<\/div>\n\t\t<\/div>\n\t\t\n\n\n\n\t\t<div class=\"has-pale-purple-background-color is-layout-right alignwide alignwide wp-block-hoyre-media-text\">\n\t\t\t<div class=\"hoyre-media-text__media\">\n\t\t\t\t<img loading=\"lazy\" decoding=\"async\" width=\"1024\" height=\"683\" src=\"https:\/\/hoyre.no\/content\/uploads\/sites\/338\/2023\/09\/GettyImages-687776655-1024x683.jpg\" class=\"hoyre-media-text__media-image\" alt=\"\" style=\"--focal: 50% 50%;\" srcset=\"https:\/\/hoyre.no\/content\/uploads\/sites\/338\/2023\/09\/GettyImages-687776655-1024x683.jpg 1024w, https:\/\/hoyre.no\/content\/uploads\/sites\/338\/2023\/09\/GettyImages-687776655-300x200.jpg 300w, https:\/\/hoyre.no\/content\/uploads\/sites\/338\/2023\/09\/GettyImages-687776655-768x512.jpg 768w, https:\/\/hoyre.no\/content\/uploads\/sites\/338\/2023\/09\/GettyImages-687776655-1536x1024.jpg 1536w, https:\/\/hoyre.no\/content\/uploads\/sites\/338\/2023\/09\/GettyImages-687776655-2048x1365.jpg 2048w\" sizes=\"auto, (max-width: 1024px) 100vw, 1024px\" \/>\n\t\t\t<\/div>\n\t\t\t<div class=\"hoyre-media-text__content\">\n\t\t\t\t<div class=\"hoyre-media-text__content-inner\">\n\t\t\t\t\t\n\t\t\t<div class=\"hoyre-media-text__title-container\">\n\t\t\t\t\n\t\t\t\t<h2 class=\"hoyre-media-text__title\">2. Ei skule med meistring og l\u00e6ringsglede<\/h2>\n\t\t\t<\/div>\n\t\t\t\n\t\t\t\t\t<div class=\"hoyre-media-text__blocks\"><\/div>\n\t\t\t\t\t\n\t\t\t\t<\/div>\n\t\t\t<\/div>\n\t\t<\/div>\n\t\t\n\n\n\t\t<div class=\"has-pale-blue-background-color is-layout-left alignwide alignwide wp-block-hoyre-media-text\">\n\t\t\t<div class=\"hoyre-media-text__media\">\n\t\t\t\t<img loading=\"lazy\" decoding=\"async\" width=\"1024\" height=\"768\" src=\"https:\/\/hoyre.no\/content\/uploads\/sites\/338\/2023\/09\/Fitjar-H-selfie-1024x768.jpeg\" class=\"hoyre-media-text__media-image\" alt=\"\" style=\"--focal: 50% 50%;\" srcset=\"https:\/\/hoyre.no\/content\/uploads\/sites\/338\/2023\/09\/Fitjar-H-selfie-1024x768.jpeg 1024w, https:\/\/hoyre.no\/content\/uploads\/sites\/338\/2023\/09\/Fitjar-H-selfie-300x225.jpeg 300w, https:\/\/hoyre.no\/content\/uploads\/sites\/338\/2023\/09\/Fitjar-H-selfie-768x576.jpeg 768w, https:\/\/hoyre.no\/content\/uploads\/sites\/338\/2023\/09\/Fitjar-H-selfie-1536x1152.jpeg 1536w, https:\/\/hoyre.no\/content\/uploads\/sites\/338\/2023\/09\/Fitjar-H-selfie.jpeg 2048w\" sizes=\"auto, (max-width: 1024px) 100vw, 1024px\" \/>\n\t\t\t<\/div>\n\t\t\t<div class=\"hoyre-media-text__content\">\n\t\t\t\t<div class=\"hoyre-media-text__content-inner\">\n\t\t\t\t\t\n\t\t\t<div class=\"hoyre-media-text__title-container\">\n\t\t\t\t\n\t\t\t\t<h2 class=\"hoyre-media-text__title\">3. Halde kommunale avgifter og eigedomsskatt p\u00e5 l\u00e5gast mogleg niv\u00e5<\/h2>\n\t\t\t<\/div>\n\t\t\t\n\t\t\t\t\t<div class=\"hoyre-media-text__blocks\"><\/div>\n\t\t\t\t\t\n\t\t\t\t<\/div>\n\t\t\t<\/div>\n\t\t<\/div>\n\t\t\n\n\n\t\t<div class=\"has-pale-green-background-color is-layout-right alignwide alignwide wp-block-hoyre-media-text\">\n\t\t\t<div class=\"hoyre-media-text__media\">\n\t\t\t\t<img loading=\"lazy\" decoding=\"async\" width=\"1024\" height=\"683\" src=\"https:\/\/hoyre.no\/content\/uploads\/sites\/338\/2023\/09\/GettyImages-1057614796-1024x683.jpg\" class=\"hoyre-media-text__media-image\" alt=\"\" style=\"--focal: 50% 50%;\" srcset=\"https:\/\/hoyre.no\/content\/uploads\/sites\/338\/2023\/09\/GettyImages-1057614796-1024x683.jpg 1024w, https:\/\/hoyre.no\/content\/uploads\/sites\/338\/2023\/09\/GettyImages-1057614796-300x200.jpg 300w, https:\/\/hoyre.no\/content\/uploads\/sites\/338\/2023\/09\/GettyImages-1057614796-768x513.jpg 768w, https:\/\/hoyre.no\/content\/uploads\/sites\/338\/2023\/09\/GettyImages-1057614796-1536x1025.jpg 1536w, https:\/\/hoyre.no\/content\/uploads\/sites\/338\/2023\/09\/GettyImages-1057614796-2048x1367.jpg 2048w\" sizes=\"auto, (max-width: 1024px) 100vw, 1024px\" \/>\n\t\t\t<\/div>\n\t\t\t<div class=\"hoyre-media-text__content\">\n\t\t\t\t<div class=\"hoyre-media-text__content-inner\">\n\t\t\t\t\t\n\t\t\t<div class=\"hoyre-media-text__title-container\">\n\t\t\t\t\n\t\t\t\t<h2 class=\"hoyre-media-text__title\">4. P\u00e5 lag med jobbskaparane og etablert n\u00e6ringsliv<\/h2>\n\t\t\t<\/div>\n\t\t\t\n\t\t\t\t\t<div class=\"hoyre-media-text__blocks\"><\/div>\n\t\t\t\t\t\n\t\t\t\t<\/div>\n\t\t\t<\/div>\n\t\t<\/div>\n\t\t\n\n\n\t\t<div class=\"has-pale-blue-background-color is-layout-left alignwide alignwide wp-block-hoyre-media-text\">\n\t\t\t<div class=\"hoyre-media-text__media\">\n\t\t\t\t<img loading=\"lazy\" decoding=\"async\" width=\"1024\" height=\"768\" src=\"https:\/\/hoyre.no\/content\/uploads\/sites\/338\/2023\/09\/Fitjar-H-pa\u030a-stand-1024x768.jpeg\" class=\"hoyre-media-text__media-image\" alt=\"\" style=\"--focal: 50% 50%;\" srcset=\"https:\/\/hoyre.no\/content\/uploads\/sites\/338\/2023\/09\/Fitjar-H-pa\u030a-stand-1024x768.jpeg 1024w, https:\/\/hoyre.no\/content\/uploads\/sites\/338\/2023\/09\/Fitjar-H-pa\u030a-stand-300x225.jpeg 300w, https:\/\/hoyre.no\/content\/uploads\/sites\/338\/2023\/09\/Fitjar-H-pa\u030a-stand-768x576.jpeg 768w, https:\/\/hoyre.no\/content\/uploads\/sites\/338\/2023\/09\/Fitjar-H-pa\u030a-stand-1536x1152.jpeg 1536w, https:\/\/hoyre.no\/content\/uploads\/sites\/338\/2023\/09\/Fitjar-H-pa\u030a-stand.jpeg 2048w\" sizes=\"auto, (max-width: 1024px) 100vw, 1024px\" \/>\n\t\t\t<\/div>\n\t\t\t<div class=\"hoyre-media-text__content\">\n\t\t\t\t<div class=\"hoyre-media-text__content-inner\">\n\t\t\t\t\t\n\t\t\t<div class=\"hoyre-media-text__title-container\">\n\t\t\t\t\n\t\t\t\t<h2 class=\"hoyre-media-text__title\">5. F\u00e5 fortgang i arealplanen for \u00e5 lejje til rette for eit attraktivt Fitjar<\/h2>\n\t\t\t<\/div>\n\t\t\t\n\t\t\t\t\t<div class=\"hoyre-media-text__blocks\"><\/div>\n\t\t\t\t\t\n\t\t\t\t<\/div>\n\t\t\t<\/div>\n\t\t<\/div>\n\t\t","protected":false},"excerpt":{"rendered":"","protected":false},"author":29319,"featured_media":0,"parent":0,"menu_order":0,"comment_status":"closed","ping_status":"closed","template":"","meta":{"teft_cards_image_url":"","teft_cards_custom_pretitle":"","teft_cards_image_id":0,"teft_cards_image_focal_point_x":0,"teft_cards_image_focal_point_y":0,"teft_cards_title":"","teft_cards_excerpt":"","teft_show_chapters":false,"footnotes":""},"class_list":["post-33","page","type-page","status-publish","hentry"],"yoast_head":"<!-- This site is optimized with the Yoast SEO plugin v26.6 - https:\/\/yoast.com\/wordpress\/plugins\/seo\/ -->\n<title>5 gode grunnar - Fitjar H\u00f8gre<\/title>\n<meta name=\"description\" content=\"Me gjer deg 5 gode grunnar til \u00e5 r\u00f8yste H\u00f8gre p\u00e5 Fitjar.\" \/>\n<meta name=\"robots\" content=\"index, follow, max-snippet:-1, max-image-preview:large, max-video-preview:-1\" \/>\n<link rel=\"canonical\" href=\"https:\/\/hoyre.no\/fitjar\/5-gode-grunnar\/\" \/>\n<meta property=\"og:locale\" content=\"nn_NO\" \/>\n<meta property=\"og:type\" content=\"article\" \/>\n<meta property=\"og:title\" content=\"5 gode grunnar - Fitjar H\u00f8gre\" \/>\n<meta property=\"og:description\" content=\"Me gjer deg 5 gode grunnar til \u00e5 r\u00f8yste H\u00f8gre p\u00e5 Fitjar.\" \/>\n<meta property=\"og:url\" content=\"https:\/\/hoyre.no\/fitjar\/5-gode-grunnar\/\" \/>\n<meta property=\"og:site_name\" content=\"Fitjar H\u00f8gre\" \/>\n<meta property=\"article:modified_time\" content=\"2025-02-14T11:38:59+00:00\" \/>\n<meta property=\"og:image\" content=\"https:\/\/hoyre.no\/content\/uploads\/sites\/338\/2022\/11\/Hoyres-logo.png\" \/>\n\t<meta property=\"og:image:width\" content=\"1000\" \/>\n\t<meta property=\"og:image:height\" content=\"1000\" \/>\n\t<meta property=\"og:image:type\" content=\"image\/png\" \/>\n<meta name=\"twitter:card\" content=\"summary_large_image\" \/>\n<meta name=\"twitter:label1\" content=\"Est. reading time\" \/>\n\t<meta name=\"twitter:data1\" content=\"1 minutt\" \/>\n<script type=\"application\/ld+json\" class=\"yoast-schema-graph\">{\"@context\":\"https:\/\/schema.org\",\"@graph\":[{\"@type\":\"WebPage\",\"@id\":\"https:\/\/hoyre.no\/fitjar\/5-gode-grunnar\/\",\"url\":\"https:\/\/hoyre.no\/fitjar\/5-gode-grunnar\/\",\"name\":\"5 gode grunnar - Fitjar H\u00f8gre\",\"isPartOf\":{\"@id\":\"https:\/\/hoyre.no\/fitjar\/#website\"},\"datePublished\":\"2023-09-02T19:30:55+00:00\",\"dateModified\":\"2025-02-14T11:38:59+00:00\",\"description\":\"Me gjer deg 5 gode grunnar til \u00e5 r\u00f8yste H\u00f8gre p\u00e5 Fitjar.\",\"breadcrumb\":{\"@id\":\"https:\/\/hoyre.no\/fitjar\/5-gode-grunnar\/#breadcrumb\"},\"inLanguage\":\"nn-NO\",\"potentialAction\":[{\"@type\":\"ReadAction\",\"target\":[\"https:\/\/hoyre.no\/fitjar\/5-gode-grunnar\/\"]}]},{\"@type\":\"BreadcrumbList\",\"@id\":\"https:\/\/hoyre.no\/fitjar\/5-gode-grunnar\/#breadcrumb\",\"itemListElement\":[{\"@type\":\"ListItem\",\"position\":1,\"name\":\"Til hoyre.no\",\"item\":\"https:\/\/hoyre.no\"},{\"@type\":\"ListItem\",\"position\":2,\"name\":\"Hjem\",\"item\":\"https:\/\/hoyre.no\/fitjar\/\"},{\"@type\":\"ListItem\",\"position\":3,\"name\":\"5 gode grunnar\"}]},{\"@type\":\"WebSite\",\"@id\":\"https:\/\/hoyre.no\/fitjar\/#website\",\"url\":\"https:\/\/hoyre.no\/fitjar\/\",\"name\":\"Fitjar H\u00f8gre\",\"description\":\"Bare enda et H\u00f8yres nettsteder-nettsted\",\"inLanguage\":\"nn-NO\"}]}<\/script>\n<!-- \/ Yoast SEO plugin. -->","yoast_head_json":{"title":"5 gode grunnar - Fitjar H\u00f8gre","description":"Me gjer deg 5 gode grunnar til \u00e5 r\u00f8yste H\u00f8gre p\u00e5 Fitjar.","robots":{"index":"index","follow":"follow","max-snippet":"max-snippet:-1","max-image-preview":"max-image-preview:large","max-video-preview":"max-video-preview:-1"},"canonical":"https:\/\/hoyre.no\/fitjar\/5-gode-grunnar\/","og_locale":"nn_NO","og_type":"article","og_title":"5 gode grunnar - Fitjar H\u00f8gre","og_description":"Me gjer deg 5 gode grunnar til \u00e5 r\u00f8yste H\u00f8gre p\u00e5 Fitjar.","og_url":"https:\/\/hoyre.no\/fitjar\/5-gode-grunnar\/","og_site_name":"Fitjar H\u00f8gre","article_modified_time":"2025-02-14T11:38:59+00:00","og_image":[{"width":1000,"height":1000,"url":"https:\/\/hoyre.no\/content\/uploads\/sites\/338\/2022\/11\/Hoyres-logo.png","type":"image\/png"}],"twitter_card":"summary_large_image","twitter_misc":{"Est. reading time":"1 minutt"},"schema":{"@context":"https:\/\/schema.org","@graph":[{"@type":"WebPage","@id":"https:\/\/hoyre.no\/fitjar\/5-gode-grunnar\/","url":"https:\/\/hoyre.no\/fitjar\/5-gode-grunnar\/","name":"5 gode grunnar - Fitjar H\u00f8gre","isPartOf":{"@id":"https:\/\/hoyre.no\/fitjar\/#website"},"datePublished":"2023-09-02T19:30:55+00:00","dateModified":"2025-02-14T11:38:59+00:00","description":"Me gjer deg 5 gode grunnar til \u00e5 r\u00f8yste H\u00f8gre p\u00e5 Fitjar.","breadcrumb":{"@id":"https:\/\/hoyre.no\/fitjar\/5-gode-grunnar\/#breadcrumb"},"inLanguage":"nn-NO","potentialAction":[{"@type":"ReadAction","target":["https:\/\/hoyre.no\/fitjar\/5-gode-grunnar\/"]}]},{"@type":"BreadcrumbList","@id":"https:\/\/hoyre.no\/fitjar\/5-gode-grunnar\/#breadcrumb","itemListElement":[{"@type":"ListItem","position":1,"name":"Til hoyre.no","item":"https:\/\/hoyre.no"},{"@type":"ListItem","position":2,"name":"Hjem","item":"https:\/\/hoyre.no\/fitjar\/"},{"@type":"ListItem","position":3,"name":"5 gode grunnar"}]},{"@type":"WebSite","@id":"https:\/\/hoyre.no\/fitjar\/#website","url":"https:\/\/hoyre.no\/fitjar\/","name":"Fitjar H\u00f8gre","description":"Bare enda et H\u00f8yres nettsteder-nettsted","inLanguage":"nn-NO"}]}},"distributor_meta":false,"distributor_terms":false,"distributor_media":false,"distributor_original_site_name":"Fitjar H\u00f8gre","distributor_original_site_url":"https:\/\/hoyre.no\/fitjar","push-errors":false,"_links":{"self":[{"href":"https:\/\/hoyre.no\/fitjar\/wp-json\/wp\/v2\/pages\/33","targetHints":{"allow":["GET"]}}],"collection":[{"href":"https:\/\/hoyre.no\/fitjar\/wp-json\/wp\/v2\/pages"}],"about":[{"href":"https:\/\/hoyre.no\/fitjar\/wp-json\/wp\/v2\/types\/page"}],"author":[{"embeddable":true,"href":"https:\/\/hoyre.no\/fitjar\/wp-json\/wp\/v2\/users\/29319"}],"replies":[{"embeddable":true,"href":"https:\/\/hoyre.no\/fitjar\/wp-json\/wp\/v2\/comments?post=33"}],"version-history":[{"count":3,"href":"https:\/\/hoyre.no\/fitjar\/wp-json\/wp\/v2\/pages\/33\/revisions"}],"predecessor-version":[{"id":47,"href":"https:\/\/hoyre.no\/fitjar\/wp-json\/wp\/v2\/pages\/33\/revisions\/47"}],"wp:attachment":[{"href":"https:\/\/hoyre.no\/fitjar\/wp-json\/wp\/v2\/media?parent=33"}],"curies":[{"name":"wp","href":"https:\/\/api.w.org\/{rel}","templated":true}]}}