{"id":33,"date":"2023-08-28T12:34:40","date_gmt":"2023-08-28T10:34:40","guid":{"rendered":"https:\/\/hoyre.no\/fjaler\/?page_id=33"},"modified":"2025-02-18T15:58:19","modified_gmt":"2025-02-18T14:58:19","slug":"5-gode-grunnar","status":"publish","type":"page","link":"https:\/\/hoyre.no\/fjaler\/5-gode-grunnar\/","title":{"rendered":"5 gode grunnar"},"content":{"rendered":"\n<div class=\"wp-block-hoyre-hero with-image-gradient text-color-light  has-media alignfull has-background\"><div class=\"hoyre-hero has-image\"><h1 class=\"title\">5 gode grunnar til \u00e5 r\u00f8yste H\u00f8gre i Fjaler<\/h1><figure class=\"hoyre-image-wrapper\"><div class=\"hoyre-image\"><img loading=\"lazy\" decoding=\"async\" width=\"2048\" height=\"1536\" src=\"https:\/\/hoyre.no\/content\/uploads\/sites\/336\/2023\/06\/Fjaler_foto_Elias_Eide.jpg\" class=\"attachment-scaled size-scaled\" alt=\"\" style=\"object-position: 50% 50%\" srcset=\"https:\/\/hoyre.no\/content\/uploads\/sites\/336\/2023\/06\/Fjaler_foto_Elias_Eide.jpg 2048w, https:\/\/hoyre.no\/content\/uploads\/sites\/336\/2023\/06\/Fjaler_foto_Elias_Eide-300x225.jpg 300w, https:\/\/hoyre.no\/content\/uploads\/sites\/336\/2023\/06\/Fjaler_foto_Elias_Eide-1024x768.jpg 1024w, https:\/\/hoyre.no\/content\/uploads\/sites\/336\/2023\/06\/Fjaler_foto_Elias_Eide-768x576.jpg 768w, https:\/\/hoyre.no\/content\/uploads\/sites\/336\/2023\/06\/Fjaler_foto_Elias_Eide-1536x1152.jpg 1536w\" sizes=\"auto, (max-width: 2048px) 100vw, 2048px\" \/><\/div><\/figure><\/div><\/div>\n\n\n\n\n<p><\/p>\n\n\n\n\n<div class=\"wp-block-hoyre-banner alignwide undefined  is-style-blue\"><div class=\"banner-inner\"><figure class=\"hoyre-image-wrapper\"><div class=\"hoyre-image\"><img loading=\"lazy\" decoding=\"async\" width=\"2500\" height=\"2436\" src=\"https:\/\/hoyre.no\/content\/uploads\/sites\/336\/2023\/08\/NR-1-Jostein-Jarstad-scaled.jpg\" class=\"attachment-scaled size-scaled\" alt=\"\" style=\"object-position: 57.99999999999999% 85%\" srcset=\"https:\/\/hoyre.no\/content\/uploads\/sites\/336\/2023\/08\/NR-1-Jostein-Jarstad-scaled.jpg 2500w, https:\/\/hoyre.no\/content\/uploads\/sites\/336\/2023\/08\/NR-1-Jostein-Jarstad-300x292.jpg 300w, https:\/\/hoyre.no\/content\/uploads\/sites\/336\/2023\/08\/NR-1-Jostein-Jarstad-1024x998.jpg 1024w, https:\/\/hoyre.no\/content\/uploads\/sites\/336\/2023\/08\/NR-1-Jostein-Jarstad-768x748.jpg 768w, https:\/\/hoyre.no\/content\/uploads\/sites\/336\/2023\/08\/NR-1-Jostein-Jarstad-1536x1497.jpg 1536w, https:\/\/hoyre.no\/content\/uploads\/sites\/336\/2023\/08\/NR-1-Jostein-Jarstad-2048x1996.jpg 2048w\" sizes=\"auto, (max-width: 2500px) 100vw, 2500px\" \/><\/div><\/figure><div class=\"banner-content\"><div class=\"entry-content\">\n<p>Eg vil jobbe for betre og sterkare samspel mellom kommune og n\u00e6ringsliv. Her ligg eit enormt potensial om ein klarar \u00e5 jobbe i samspel. Fjaler H\u00f8gre er eit st\u00f8dig, trygt og folkeleg parti som ser innbyggarar og n\u00e6ring p\u00e5 ein god m\u00e5te. Vi jobbar for gode l\u00f8ysingar som p\u00e5 lang sikt er til det beste for alle i Fjaler.<\/p>\n\n\n\n<ul class=\"wp-block-list\">\n<li>Jostein Jarstad, gruppeleiar for Fjaler H\u00f8gre<\/li>\n<\/ul>\n\n\n\n<div class=\"wp-block-buttons is-layout-flex wp-block-buttons-is-layout-flex\"><\/div>\n<\/div><\/div><\/div><\/div>\n\n\n\n\t\t<div class=\"has-pale-blue-background-color is-layout-left alignwide alignwide wp-block-hoyre-media-text\">\n\t\t\t<div class=\"hoyre-media-text__media\">\n\t\t\t\t<img loading=\"lazy\" decoding=\"async\" width=\"1024\" height=\"681\" src=\"https:\/\/hoyre.no\/content\/uploads\/sites\/336\/2023\/08\/GettyImages-171303303-1024x681.jpg\" class=\"hoyre-media-text__media-image\" alt=\"\" style=\"--focal: 68% 35%;\" srcset=\"https:\/\/hoyre.no\/content\/uploads\/sites\/336\/2023\/08\/GettyImages-171303303-1024x681.jpg 1024w, https:\/\/hoyre.no\/content\/uploads\/sites\/336\/2023\/08\/GettyImages-171303303-300x200.jpg 300w, https:\/\/hoyre.no\/content\/uploads\/sites\/336\/2023\/08\/GettyImages-171303303-768x511.jpg 768w, https:\/\/hoyre.no\/content\/uploads\/sites\/336\/2023\/08\/GettyImages-171303303-1536x1022.jpg 1536w, https:\/\/hoyre.no\/content\/uploads\/sites\/336\/2023\/08\/GettyImages-171303303-2048x1363.jpg 2048w\" sizes=\"auto, (max-width: 1024px) 100vw, 1024px\" \/>\n\t\t\t<\/div>\n\t\t\t<div class=\"hoyre-media-text__content\">\n\t\t\t\t<div class=\"hoyre-media-text__content-inner\">\n\t\t\t\t\t\n\t\t\t<div class=\"hoyre-media-text__title-container\">\n\t\t\t\t\n\t\t\t\t<h2 class=\"hoyre-media-text__title\">1. Arbeide for at Fjaler skal vere ein JA-kommune i m\u00f8te med n\u00e6ringslivet<\/h2>\n\t\t\t<\/div>\n\t\t\t\n\t\t\t\t\t<div class=\"hoyre-media-text__blocks\"><\/div>\n\t\t\t\t\t\n\t\t\t\t<\/div>\n\t\t\t<\/div>\n\t\t<\/div>\n\t\t\n\n\n\t\t<div class=\"has-pale-purple-background-color is-layout-right alignwide alignwide wp-block-hoyre-media-text\">\n\t\t\t<div class=\"hoyre-media-text__media\">\n\t\t\t\t<img loading=\"lazy\" decoding=\"async\" width=\"1024\" height=\"683\" src=\"https:\/\/hoyre.no\/content\/uploads\/sites\/336\/2023\/08\/GettyImages-514112456-1024x683.jpg\" class=\"hoyre-media-text__media-image\" alt=\"\" style=\"--focal: 50% 50%;\" srcset=\"https:\/\/hoyre.no\/content\/uploads\/sites\/336\/2023\/08\/GettyImages-514112456-1024x683.jpg 1024w, https:\/\/hoyre.no\/content\/uploads\/sites\/336\/2023\/08\/GettyImages-514112456-300x200.jpg 300w, https:\/\/hoyre.no\/content\/uploads\/sites\/336\/2023\/08\/GettyImages-514112456-768x513.jpg 768w, https:\/\/hoyre.no\/content\/uploads\/sites\/336\/2023\/08\/GettyImages-514112456-1536x1025.jpg 1536w, https:\/\/hoyre.no\/content\/uploads\/sites\/336\/2023\/08\/GettyImages-514112456-2048x1367.jpg 2048w\" sizes=\"auto, (max-width: 1024px) 100vw, 1024px\" \/>\n\t\t\t<\/div>\n\t\t\t<div class=\"hoyre-media-text__content\">\n\t\t\t\t<div class=\"hoyre-media-text__content-inner\">\n\t\t\t\t\t\n\t\t\t<div class=\"hoyre-media-text__title-container\">\n\t\t\t\t\n\t\t\t\t<h2 class=\"hoyre-media-text__title\">2. Bygging av omsorgsbustader i sentrale omr\u00e5de i kommunen<\/h2>\n\t\t\t<\/div>\n\t\t\t\n\t\t\t\t\t<div class=\"hoyre-media-text__blocks\"><\/div>\n\t\t\t\t\t\n\t\t\t\t<\/div>\n\t\t\t<\/div>\n\t\t<\/div>\n\t\t\n\n\n\t\t<div class=\"has-pale-green-background-color is-layout-left alignwide alignwide wp-block-hoyre-media-text\">\n\t\t\t<div class=\"hoyre-media-text__media\">\n\t\t\t\t<img loading=\"lazy\" decoding=\"async\" width=\"1024\" height=\"683\" src=\"https:\/\/hoyre.no\/content\/uploads\/sites\/336\/2023\/08\/GettyImages-621350462-1024x683.jpg\" class=\"hoyre-media-text__media-image\" alt=\"\" style=\"--focal: 63% 29%;\" srcset=\"https:\/\/hoyre.no\/content\/uploads\/sites\/336\/2023\/08\/GettyImages-621350462-1024x683.jpg 1024w, https:\/\/hoyre.no\/content\/uploads\/sites\/336\/2023\/08\/GettyImages-621350462-300x200.jpg 300w, https:\/\/hoyre.no\/content\/uploads\/sites\/336\/2023\/08\/GettyImages-621350462-768x512.jpg 768w, https:\/\/hoyre.no\/content\/uploads\/sites\/336\/2023\/08\/GettyImages-621350462-1536x1024.jpg 1536w, https:\/\/hoyre.no\/content\/uploads\/sites\/336\/2023\/08\/GettyImages-621350462-2048x1365.jpg 2048w\" sizes=\"auto, (max-width: 1024px) 100vw, 1024px\" \/>\n\t\t\t<\/div>\n\t\t\t<div class=\"hoyre-media-text__content\">\n\t\t\t\t<div class=\"hoyre-media-text__content-inner\">\n\t\t\t\t\t\n\t\t\t<div class=\"hoyre-media-text__title-container\">\n\t\t\t\t\n\t\t\t\t<h2 class=\"hoyre-media-text__title\">3. Vi vil legge til rette for oppstart og opparbeiding av nye bustadomr\u00e5de i Fjaler, gjerne i privat regi<\/h2>\n\t\t\t<\/div>\n\t\t\t\n\t\t\t\t\t<div class=\"hoyre-media-text__blocks\"><\/div>\n\t\t\t\t\t\n\t\t\t\t<\/div>\n\t\t\t<\/div>\n\t\t<\/div>\n\t\t\n\n\n\t\t<div class=\"has-pale-blue-background-color is-layout-right alignwide alignwide wp-block-hoyre-media-text\">\n\t\t\t<div class=\"hoyre-media-text__media\">\n\t\t\t\t<img loading=\"lazy\" decoding=\"async\" width=\"1024\" height=\"683\" src=\"https:\/\/hoyre.no\/content\/uploads\/sites\/336\/2023\/08\/Naeringsliv-1024x683.jpg\" class=\"hoyre-media-text__media-image\" alt=\"\" style=\"--focal: 50% 50%;\" srcset=\"https:\/\/hoyre.no\/content\/uploads\/sites\/336\/2023\/08\/Naeringsliv-1024x683.jpg 1024w, https:\/\/hoyre.no\/content\/uploads\/sites\/336\/2023\/08\/Naeringsliv-300x200.jpg 300w, https:\/\/hoyre.no\/content\/uploads\/sites\/336\/2023\/08\/Naeringsliv-768x512.jpg 768w, https:\/\/hoyre.no\/content\/uploads\/sites\/336\/2023\/08\/Naeringsliv-1536x1024.jpg 1536w, https:\/\/hoyre.no\/content\/uploads\/sites\/336\/2023\/08\/Naeringsliv-2048x1365.jpg 2048w\" sizes=\"auto, (max-width: 1024px) 100vw, 1024px\" \/>\n\t\t\t<\/div>\n\t\t\t<div class=\"hoyre-media-text__content\">\n\t\t\t\t<div class=\"hoyre-media-text__content-inner\">\n\t\t\t\t\t\n\t\t\t<div class=\"hoyre-media-text__title-container\">\n\t\t\t\t\n\t\t\t\t<h2 class=\"hoyre-media-text__title\">4. Arbeide med tilrettelegging av n\u00e6ringsareal for nye og etablerte verksemder og sikre vidare n\u00e6ringsutvikling p\u00e5 Lutelandet<\/h2>\n\t\t\t<\/div>\n\t\t\t\n\t\t\t\t\t<div class=\"hoyre-media-text__blocks\"><\/div>\n\t\t\t\t\t\n\t\t\t\t<\/div>\n\t\t\t<\/div>\n\t\t<\/div>\n\t\t\n\n\n\t\t<div class=\"has-lightest-blue-background-color is-layout-left alignwide alignwide wp-block-hoyre-media-text\">\n\t\t\t<div class=\"hoyre-media-text__media\">\n\t\t\t\t<img loading=\"lazy\" decoding=\"async\" width=\"1024\" height=\"683\" src=\"https:\/\/hoyre.no\/content\/uploads\/sites\/336\/2023\/08\/GettyImages-1326083999-1024x683.jpg\" class=\"hoyre-media-text__media-image\" alt=\"\" style=\"--focal: 50% 50%;\" srcset=\"https:\/\/hoyre.no\/content\/uploads\/sites\/336\/2023\/08\/GettyImages-1326083999-1024x683.jpg 1024w, https:\/\/hoyre.no\/content\/uploads\/sites\/336\/2023\/08\/GettyImages-1326083999-300x200.jpg 300w, https:\/\/hoyre.no\/content\/uploads\/sites\/336\/2023\/08\/GettyImages-1326083999-768x512.jpg 768w, https:\/\/hoyre.no\/content\/uploads\/sites\/336\/2023\/08\/GettyImages-1326083999-1536x1025.jpg 1536w, https:\/\/hoyre.no\/content\/uploads\/sites\/336\/2023\/08\/GettyImages-1326083999-2048x1366.jpg 2048w\" sizes=\"auto, (max-width: 1024px) 100vw, 1024px\" \/>\n\t\t\t<\/div>\n\t\t\t<div class=\"hoyre-media-text__content\">\n\t\t\t\t<div class=\"hoyre-media-text__content-inner\">\n\t\t\t\t\t\n\t\t\t<div class=\"hoyre-media-text__title-container\">\n\t\t\t\t\n\t\t\t\t<h2 class=\"hoyre-media-text__title\">5. St\u00f8tte og sikre Dale vidareg\u00e5ande skule, blant anna gjennom tettare samarbeid mellom skule, idrett og n\u00e6ringslivet i regionen<\/h2>\n\t\t\t<\/div>\n\t\t\t\n\t\t\t\t\t<div class=\"hoyre-media-text__blocks\"><\/div>\n\t\t\t\t\t\n\t\t\t\t<\/div>\n\t\t\t<\/div>\n\t\t<\/div>\n\t\t","protected":false},"excerpt":{"rendered":"","protected":false},"author":29319,"featured_media":0,"parent":0,"menu_order":0,"comment_status":"closed","ping_status":"closed","template":"","meta":{"teft_cards_image_url":"","teft_cards_custom_pretitle":"","teft_cards_image_id":0,"teft_cards_image_focal_point_x":0,"teft_cards_image_focal_point_y":0,"teft_cards_title":"","teft_cards_excerpt":"","teft_show_chapters":false,"footnotes":""},"class_list":["post-33","page","type-page","status-publish","hentry"],"yoast_head":"<!-- This site is optimized with the Yoast SEO plugin v26.6 - https:\/\/yoast.com\/wordpress\/plugins\/seo\/ -->\n<title>5 gode grunnar - Fjaler H\u00f8gre<\/title>\n<meta name=\"description\" content=\"5 gode grunnar til \u00e5 r\u00f8yste H\u00f8gre om du bur i Fjaler.\" \/>\n<meta name=\"robots\" content=\"index, follow, max-snippet:-1, max-image-preview:large, max-video-preview:-1\" \/>\n<link rel=\"canonical\" href=\"https:\/\/hoyre.no\/fjaler\/5-gode-grunnar\/\" \/>\n<meta property=\"og:locale\" content=\"nn_NO\" \/>\n<meta property=\"og:type\" content=\"article\" \/>\n<meta property=\"og:title\" content=\"5 gode grunnar - Fjaler H\u00f8gre\" \/>\n<meta property=\"og:description\" content=\"5 gode grunnar til \u00e5 r\u00f8yste H\u00f8gre om du bur i Fjaler.\" \/>\n<meta property=\"og:url\" content=\"https:\/\/hoyre.no\/fjaler\/5-gode-grunnar\/\" \/>\n<meta property=\"og:site_name\" content=\"Fjaler H\u00f8gre\" \/>\n<meta property=\"article:modified_time\" content=\"2025-02-18T14:58:19+00:00\" \/>\n<meta property=\"og:image\" content=\"https:\/\/hoyre.no\/content\/uploads\/sites\/336\/2022\/11\/Hoyres-logo.png\" \/>\n\t<meta property=\"og:image:width\" content=\"1000\" \/>\n\t<meta property=\"og:image:height\" content=\"1000\" \/>\n\t<meta property=\"og:image:type\" content=\"image\/png\" \/>\n<meta name=\"twitter:card\" content=\"summary_large_image\" \/>\n<meta name=\"twitter:label1\" content=\"Est. reading time\" \/>\n\t<meta name=\"twitter:data1\" content=\"1 minutt\" \/>\n<script type=\"application\/ld+json\" class=\"yoast-schema-graph\">{\"@context\":\"https:\/\/schema.org\",\"@graph\":[{\"@type\":\"WebPage\",\"@id\":\"https:\/\/hoyre.no\/fjaler\/5-gode-grunnar\/\",\"url\":\"https:\/\/hoyre.no\/fjaler\/5-gode-grunnar\/\",\"name\":\"5 gode grunnar - Fjaler H\u00f8gre\",\"isPartOf\":{\"@id\":\"https:\/\/hoyre.no\/fjaler\/#website\"},\"datePublished\":\"2023-08-28T10:34:40+00:00\",\"dateModified\":\"2025-02-18T14:58:19+00:00\",\"description\":\"5 gode grunnar til \u00e5 r\u00f8yste H\u00f8gre om du bur i Fjaler.\",\"breadcrumb\":{\"@id\":\"https:\/\/hoyre.no\/fjaler\/5-gode-grunnar\/#breadcrumb\"},\"inLanguage\":\"nn-NO\",\"potentialAction\":[{\"@type\":\"ReadAction\",\"target\":[\"https:\/\/hoyre.no\/fjaler\/5-gode-grunnar\/\"]}]},{\"@type\":\"BreadcrumbList\",\"@id\":\"https:\/\/hoyre.no\/fjaler\/5-gode-grunnar\/#breadcrumb\",\"itemListElement\":[{\"@type\":\"ListItem\",\"position\":1,\"name\":\"Til hoyre.no\",\"item\":\"https:\/\/hoyre.no\"},{\"@type\":\"ListItem\",\"position\":2,\"name\":\"Hjem\",\"item\":\"https:\/\/hoyre.no\/fjaler\/\"},{\"@type\":\"ListItem\",\"position\":3,\"name\":\"5 gode grunnar\"}]},{\"@type\":\"WebSite\",\"@id\":\"https:\/\/hoyre.no\/fjaler\/#website\",\"url\":\"https:\/\/hoyre.no\/fjaler\/\",\"name\":\"Fjaler H\u00f8gre\",\"description\":\"Bare enda et H\u00f8yres nettsteder-nettsted\",\"inLanguage\":\"nn-NO\"}]}<\/script>\n<!-- \/ Yoast SEO plugin. -->","yoast_head_json":{"title":"5 gode grunnar - Fjaler H\u00f8gre","description":"5 gode grunnar til \u00e5 r\u00f8yste H\u00f8gre om du bur i Fjaler.","robots":{"index":"index","follow":"follow","max-snippet":"max-snippet:-1","max-image-preview":"max-image-preview:large","max-video-preview":"max-video-preview:-1"},"canonical":"https:\/\/hoyre.no\/fjaler\/5-gode-grunnar\/","og_locale":"nn_NO","og_type":"article","og_title":"5 gode grunnar - Fjaler H\u00f8gre","og_description":"5 gode grunnar til \u00e5 r\u00f8yste H\u00f8gre om du bur i Fjaler.","og_url":"https:\/\/hoyre.no\/fjaler\/5-gode-grunnar\/","og_site_name":"Fjaler H\u00f8gre","article_modified_time":"2025-02-18T14:58:19+00:00","og_image":[{"width":1000,"height":1000,"url":"https:\/\/hoyre.no\/content\/uploads\/sites\/336\/2022\/11\/Hoyres-logo.png","type":"image\/png"}],"twitter_card":"summary_large_image","twitter_misc":{"Est. reading time":"1 minutt"},"schema":{"@context":"https:\/\/schema.org","@graph":[{"@type":"WebPage","@id":"https:\/\/hoyre.no\/fjaler\/5-gode-grunnar\/","url":"https:\/\/hoyre.no\/fjaler\/5-gode-grunnar\/","name":"5 gode grunnar - Fjaler H\u00f8gre","isPartOf":{"@id":"https:\/\/hoyre.no\/fjaler\/#website"},"datePublished":"2023-08-28T10:34:40+00:00","dateModified":"2025-02-18T14:58:19+00:00","description":"5 gode grunnar til \u00e5 r\u00f8yste H\u00f8gre om du bur i Fjaler.","breadcrumb":{"@id":"https:\/\/hoyre.no\/fjaler\/5-gode-grunnar\/#breadcrumb"},"inLanguage":"nn-NO","potentialAction":[{"@type":"ReadAction","target":["https:\/\/hoyre.no\/fjaler\/5-gode-grunnar\/"]}]},{"@type":"BreadcrumbList","@id":"https:\/\/hoyre.no\/fjaler\/5-gode-grunnar\/#breadcrumb","itemListElement":[{"@type":"ListItem","position":1,"name":"Til hoyre.no","item":"https:\/\/hoyre.no"},{"@type":"ListItem","position":2,"name":"Hjem","item":"https:\/\/hoyre.no\/fjaler\/"},{"@type":"ListItem","position":3,"name":"5 gode grunnar"}]},{"@type":"WebSite","@id":"https:\/\/hoyre.no\/fjaler\/#website","url":"https:\/\/hoyre.no\/fjaler\/","name":"Fjaler H\u00f8gre","description":"Bare enda et H\u00f8yres nettsteder-nettsted","inLanguage":"nn-NO"}]}},"distributor_meta":false,"distributor_terms":false,"distributor_media":false,"distributor_original_site_name":"Fjaler H\u00f8gre","distributor_original_site_url":"https:\/\/hoyre.no\/fjaler","push-errors":false,"_links":{"self":[{"href":"https:\/\/hoyre.no\/fjaler\/wp-json\/wp\/v2\/pages\/33","targetHints":{"allow":["GET"]}}],"collection":[{"href":"https:\/\/hoyre.no\/fjaler\/wp-json\/wp\/v2\/pages"}],"about":[{"href":"https:\/\/hoyre.no\/fjaler\/wp-json\/wp\/v2\/types\/page"}],"author":[{"embeddable":true,"href":"https:\/\/hoyre.no\/fjaler\/wp-json\/wp\/v2\/users\/29319"}],"replies":[{"embeddable":true,"href":"https:\/\/hoyre.no\/fjaler\/wp-json\/wp\/v2\/comments?post=33"}],"version-history":[{"count":4,"href":"https:\/\/hoyre.no\/fjaler\/wp-json\/wp\/v2\/pages\/33\/revisions"}],"predecessor-version":[{"id":50,"href":"https:\/\/hoyre.no\/fjaler\/wp-json\/wp\/v2\/pages\/33\/revisions\/50"}],"wp:attachment":[{"href":"https:\/\/hoyre.no\/fjaler\/wp-json\/wp\/v2\/media?parent=33"}],"curies":[{"name":"wp","href":"https:\/\/api.w.org\/{rel}","templated":true}]}}