{"id":31,"date":"2023-07-19T22:02:46","date_gmt":"2023-07-19T20:02:46","guid":{"rendered":"https:\/\/hoyre.no\/fjord\/?page_id=31"},"modified":"2025-01-20T10:24:38","modified_gmt":"2025-01-20T09:24:38","slug":"ordforerkandidat","status":"publish","type":"page","link":"https:\/\/hoyre.no\/fjord\/ordforerkandidat\/","title":{"rendered":"Ordf\u00f8rerkandidat"},"content":{"rendered":"\n<div class=\"wp-block-hoyre-hero with-image-gradient text-color-light  has-media alignfull has-background\"><div class=\"hoyre-hero has-image\"><h1 class=\"title\">Robert Bergerud <\/h1><p class=\"preamble\">\u2013 Etter at eg flytta til Eidsdal og Fjord kommune har eg sett mange moglegheiter, m\u00f8tt mange med spennande idear og tankar, og kjent p\u00e5 nokre av dei utfordringane distriktskommunane kjempar med. N\u00e5r eg var spurt om \u00e5 stille som listetopp og ordf\u00f8rarkandidat, slo det meg at  dette er ei sjeldan moglegheittil faktisk \u00e5 bidra til at moglegheiter og idear vert realisert, og bevise at distriktskommunar ogs\u00e5 kan f\u00e5 det til.<\/p>\t\t\t<div class=\"post-meta wp-block teft-byline-wrapper\">\n\t\t\t\t<div class=\"top\">\n\t\t\t\t\t<div class=\"signature\">\n\t\t\t\t\t\t<div class=\"teft-byline\">\n\t\t\t\t\t\t\t\t\t\t\t\t\t\t<div>\n\t\t\t\t\t\t\t\t<h3>H\u00f8yres redaksjon<\/h3>\t\t\t\t\t\t\t\t\n\t\t\t\t\t\t\t\t\t\t\t\t\t\t\t\t\t<span class=\"date\">Sist oppdatert: 20. januar 2025<\/span>\n\t\t\t\t\t\t\t\t\t\t\t\t\t\t\t\t\t\t\t\t\t\t\t\t\t<span class=\"reading-time\" itemprop=\"timeRequired\" content=\"PT3M\"><em>Ca. 3 minutter lesetid<\/em><\/span>\n\t\t\t\t\t\t\t\t\t\t\t\t\t\t\t<\/div>\n\t\t\t\t\t\t<\/div>\n\t\t\t\t\t<\/div>\n\t\t\t\t\t\t<div class=\"sharing\">\n\t\t<a class=\"share-button share-link copy-link\" data-copy=\"https:\/\/hoyre.no\/fjord\/ordforerkandidat\/\" target=\"_blank\"><span class=\"screen-reader-text\">Del link<\/span><\/a>\n\t\t<a class=\"share-button share-twitter\" href=\"http:\/\/twitter.com\/share?text=Ordf\u00f8rerkandidat&#038;url=https:\/\/hoyre.no\/fjord\/ordforerkandidat\/&#038;hashtags=Hoyre\" target=\"_blank\"><span class=\"screen-reader-text\">Del p\u00e5 twitter<\/span><\/a>\n\t\t<a class=\"share-button share-facebook\" href=\"https:\/\/www.facebook.com\/sharer\/sharer.php?u=https:\/\/hoyre.no\/fjord\/ordforerkandidat\/\" target=\"_blank\"><span class=\"screen-reader-text\">Del p\u00e5 facebook<\/span><\/a>\n\t<\/div>\n\t\t\t\t\t<\/div>\n\t\t\t<\/div>\n\n\t\t\t<figure class=\"hoyre-image-wrapper\"><div class=\"hoyre-image\"><\/div><\/figure><\/div><\/div>\n\n\n\n\n<div class=\"wp-block-buttons is-content-justification-center is-layout-flex wp-container-core-buttons-is-layout-16018d1d wp-block-buttons-is-layout-flex\">\n<div class=\"wp-block-button\"><a class=\"wp-block-button__link wp-element-button\" href=\"https:\/\/hoyre.no\/nyhetsbrev\/\">abonner p\u00e5 h\u00f8yres nyhetsbrev<\/a><\/div>\n<\/div>\n\n\n\n<div class=\"wp-block-hoyre-banner undefined has-icon-title icon-heart is-style-blue\"><div class=\"banner-inner\"><figure class=\"hoyre-image-wrapper\"><div class=\"hoyre-image\"><img loading=\"lazy\" decoding=\"async\" width=\"1993\" height=\"1106\" src=\"https:\/\/hoyre.no\/content\/uploads\/sites\/109\/2023\/07\/IMG_5634-scaled-e1689768527763.jpg\" class=\"attachment-scaled size-scaled\" alt=\"\" style=\"object-position: 50% 50%\" srcset=\"https:\/\/hoyre.no\/content\/uploads\/sites\/109\/2023\/07\/IMG_5634-scaled-e1689768527763.jpg 1993w, https:\/\/hoyre.no\/content\/uploads\/sites\/109\/2023\/07\/IMG_5634-scaled-e1689768527763-300x166.jpg 300w, https:\/\/hoyre.no\/content\/uploads\/sites\/109\/2023\/07\/IMG_5634-scaled-e1689768527763-1024x568.jpg 1024w, https:\/\/hoyre.no\/content\/uploads\/sites\/109\/2023\/07\/IMG_5634-scaled-e1689768527763-768x426.jpg 768w, https:\/\/hoyre.no\/content\/uploads\/sites\/109\/2023\/07\/IMG_5634-scaled-e1689768527763-1536x852.jpg 1536w\" sizes=\"auto, (max-width: 1993px) 100vw, 1993px\" \/><\/div><\/figure><div class=\"banner-content\"><div class=\"entry-content\">\n<h2 class=\"wp-block-heading has-text-align-center\" id=\"h-bli-bedre-kjent-med-navn\">Bli bedre kjent med Robert!<\/h2>\n\n\n\n<p class=\"has-text-align-left\"><strong>Bosted:<\/strong> Eidsdal<\/p>\n\n\n\n<p class=\"has-text-align-left\"><strong>Sivilstatus:<\/strong> Gift med Mari-Linn, tre barn<\/p>\n\n\n\n<p class=\"has-text-align-left\"><strong>Jobb:<\/strong> Bedriftsr\u00e5dgiver og statsautorisert regnskapsf\u00f8rer<\/p>\n\n\n\n<p class=\"has-text-align-left\"><strong>Bakgrunn:<\/strong> Robert vaks opp i Kongsberg. Som<br>17-\u00e5ring flytta han til Stavanger der<br>han utdanna seg innan flytekniske fag<br>og \u00f8konomi, og arbeid innan bank og<br>finans. I jula 2019 flytta han, kona<br>Mari-Linn og dei tre barna til Eidsdal<br>for \u00e5 ta over Andersgarden. Robert<br>arbeider i dag som bedriftsr\u00e5dgivar og<br>rekneskapsf\u00f8rar i Sherpa \u00d8konomi i<br>\u00c5lesund.<br>Utover dette har han p\u00e5 kort<br>tid engasjert seg p\u00e5 fleire felt i<br>kommunen, og er blant anna<br>konstituert styreleiar i bruselskapet<br>over Norddalsfjorden, styremedlem i<br>Eidsdal N\u00e6ringslag, Ytterdal<br>historiske naustlag og Eidsdal<br>Idrottslag.<\/p>\n\n\n\n<p class=\"has-text-align-left\"><strong>Politisk erfaring:<\/strong> Robert var aktivt med i Stavanger H\u00f8gre, og var blant anna medlem i<br>Stavanger kommunestyre. N\u00e5r han<br>flytta til Eidsdal var det derfor naturleg<br>\u00e5 fortsette dette engasjementet i Fjord<br>H\u00f8gre. <\/p>\n\n\n\n<p class=\"has-text-align-left\"><strong>Hvorfor er H\u00f8yre rett parti for deg?<\/strong> Utgangspunktet med frihet for enkeltmenneske og konservatismen med forandring for \u00e5 bevare er det som gj\u00f8r det rett for meg.<\/p>\n\n\n\n<p class=\"has-text-align-left\"><strong>Det er l\u00f8rdag, klokka n\u00e6rmer seg 19.00. Hva spiser du helst til middag?<\/strong> Biff eller steik av hjort<\/p>\n\n\n\n<p class=\"has-text-align-left\"><strong>Konsert eller idrettsarrangement?<\/strong> Idrett<\/p>\n\n\n\n<p class=\"has-text-align-left\"><strong>Hvis du skulle valgt en, hva er din favorittartist?<\/strong> Metallica<\/p>\n\n\n\n<p class=\"has-text-align-left\"><strong>Funfact?<\/strong> Fly og flyging er en stor interesse siden barne\u00e5rene.<\/p>\n\n\n\n<p class=\"has-text-align-left\"><strong>Hva er din favorittplass i kommunen og utenfor kommunen?<\/strong>\u00a0Kilstisetra er favoritten innenfor kommunen, Stavanger er favoritt utenfor etter mange fine \u00e5r bosatt der. M\u00e5 ogs\u00e5 nevne Sigdal som et flott sted med mange gode minner.<\/p>\n\n\n\n<div class=\"wp-block-buttons is-layout-flex wp-block-buttons-is-layout-flex\"><\/div>\n<\/div><\/div><\/div><\/div>\n\n\n\n\n\n\n\n\n\n\n\n","protected":false},"excerpt":{"rendered":"","protected":false},"author":4365,"featured_media":0,"parent":0,"menu_order":0,"comment_status":"closed","ping_status":"closed","template":"","meta":{"teft_cards_image_url":"","teft_cards_custom_pretitle":"","teft_cards_image_id":0,"teft_cards_image_focal_point_x":0,"teft_cards_image_focal_point_y":0,"teft_cards_title":"","teft_cards_excerpt":"","teft_show_chapters":false,"footnotes":""},"class_list":["post-31","page","type-page","status-publish","hentry"],"yoast_head":"<!-- This site is optimized with the Yoast SEO plugin v26.6 - https:\/\/yoast.com\/wordpress\/plugins\/seo\/ -->\n<title>Ordf\u00f8rerkandidat - Fjord H\u00f8gre<\/title>\n<meta name=\"robots\" content=\"index, follow, max-snippet:-1, max-image-preview:large, max-video-preview:-1\" \/>\n<link rel=\"canonical\" href=\"https:\/\/hoyre.no\/fjord\/ordforerkandidat\/\" \/>\n<meta property=\"og:locale\" content=\"nn_NO\" \/>\n<meta property=\"og:type\" content=\"article\" \/>\n<meta property=\"og:title\" content=\"Ordf\u00f8rerkandidat - Fjord H\u00f8gre\" \/>\n<meta property=\"og:url\" content=\"https:\/\/hoyre.no\/fjord\/ordforerkandidat\/\" \/>\n<meta property=\"og:site_name\" content=\"Fjord H\u00f8gre\" \/>\n<meta property=\"article:modified_time\" content=\"2025-01-20T09:24:38+00:00\" \/>\n<meta property=\"og:image\" content=\"https:\/\/hoyre.no\/content\/uploads\/sites\/109\/2022\/11\/Hoyres-logo.png\" \/>\n\t<meta property=\"og:image:width\" content=\"1000\" \/>\n\t<meta property=\"og:image:height\" content=\"1000\" \/>\n\t<meta property=\"og:image:type\" content=\"image\/png\" \/>\n<meta name=\"twitter:card\" content=\"summary_large_image\" \/>\n<meta name=\"twitter:label1\" content=\"Est. reading time\" \/>\n\t<meta name=\"twitter:data1\" content=\"3 minutt\" \/>\n<script type=\"application\/ld+json\" class=\"yoast-schema-graph\">{\"@context\":\"https:\/\/schema.org\",\"@graph\":[{\"@type\":\"WebPage\",\"@id\":\"https:\/\/hoyre.no\/fjord\/ordforerkandidat\/\",\"url\":\"https:\/\/hoyre.no\/fjord\/ordforerkandidat\/\",\"name\":\"Ordf\u00f8rerkandidat - Fjord H\u00f8gre\",\"isPartOf\":{\"@id\":\"https:\/\/hoyre.no\/fjord\/#website\"},\"datePublished\":\"2023-07-19T20:02:46+00:00\",\"dateModified\":\"2025-01-20T09:24:38+00:00\",\"breadcrumb\":{\"@id\":\"https:\/\/hoyre.no\/fjord\/ordforerkandidat\/#breadcrumb\"},\"inLanguage\":\"nn-NO\",\"potentialAction\":[{\"@type\":\"ReadAction\",\"target\":[\"https:\/\/hoyre.no\/fjord\/ordforerkandidat\/\"]}]},{\"@type\":\"BreadcrumbList\",\"@id\":\"https:\/\/hoyre.no\/fjord\/ordforerkandidat\/#breadcrumb\",\"itemListElement\":[{\"@type\":\"ListItem\",\"position\":1,\"name\":\"Til hoyre.no\",\"item\":\"https:\/\/hoyre.no\"},{\"@type\":\"ListItem\",\"position\":2,\"name\":\"Hjem\",\"item\":\"https:\/\/hoyre.no\/fjord\/\"},{\"@type\":\"ListItem\",\"position\":3,\"name\":\"Ordf\u00f8rerkandidat\"}]},{\"@type\":\"WebSite\",\"@id\":\"https:\/\/hoyre.no\/fjord\/#website\",\"url\":\"https:\/\/hoyre.no\/fjord\/\",\"name\":\"Fjord H\u00f8gre\",\"description\":\"Bare enda et H\u00f8yres nettsteder-nettsted\",\"inLanguage\":\"nn-NO\"}]}<\/script>\n<!-- \/ Yoast SEO plugin. -->","yoast_head_json":{"title":"Ordf\u00f8rerkandidat - Fjord H\u00f8gre","robots":{"index":"index","follow":"follow","max-snippet":"max-snippet:-1","max-image-preview":"max-image-preview:large","max-video-preview":"max-video-preview:-1"},"canonical":"https:\/\/hoyre.no\/fjord\/ordforerkandidat\/","og_locale":"nn_NO","og_type":"article","og_title":"Ordf\u00f8rerkandidat - Fjord H\u00f8gre","og_url":"https:\/\/hoyre.no\/fjord\/ordforerkandidat\/","og_site_name":"Fjord H\u00f8gre","article_modified_time":"2025-01-20T09:24:38+00:00","og_image":[{"width":1000,"height":1000,"url":"https:\/\/hoyre.no\/content\/uploads\/sites\/109\/2022\/11\/Hoyres-logo.png","type":"image\/png"}],"twitter_card":"summary_large_image","twitter_misc":{"Est. reading time":"3 minutt"},"schema":{"@context":"https:\/\/schema.org","@graph":[{"@type":"WebPage","@id":"https:\/\/hoyre.no\/fjord\/ordforerkandidat\/","url":"https:\/\/hoyre.no\/fjord\/ordforerkandidat\/","name":"Ordf\u00f8rerkandidat - Fjord H\u00f8gre","isPartOf":{"@id":"https:\/\/hoyre.no\/fjord\/#website"},"datePublished":"2023-07-19T20:02:46+00:00","dateModified":"2025-01-20T09:24:38+00:00","breadcrumb":{"@id":"https:\/\/hoyre.no\/fjord\/ordforerkandidat\/#breadcrumb"},"inLanguage":"nn-NO","potentialAction":[{"@type":"ReadAction","target":["https:\/\/hoyre.no\/fjord\/ordforerkandidat\/"]}]},{"@type":"BreadcrumbList","@id":"https:\/\/hoyre.no\/fjord\/ordforerkandidat\/#breadcrumb","itemListElement":[{"@type":"ListItem","position":1,"name":"Til hoyre.no","item":"https:\/\/hoyre.no"},{"@type":"ListItem","position":2,"name":"Hjem","item":"https:\/\/hoyre.no\/fjord\/"},{"@type":"ListItem","position":3,"name":"Ordf\u00f8rerkandidat"}]},{"@type":"WebSite","@id":"https:\/\/hoyre.no\/fjord\/#website","url":"https:\/\/hoyre.no\/fjord\/","name":"Fjord H\u00f8gre","description":"Bare enda et H\u00f8yres nettsteder-nettsted","inLanguage":"nn-NO"}]}},"distributor_meta":false,"distributor_terms":false,"distributor_media":false,"distributor_original_site_name":"Fjord H\u00f8gre","distributor_original_site_url":"https:\/\/hoyre.no\/fjord","push-errors":false,"_links":{"self":[{"href":"https:\/\/hoyre.no\/fjord\/wp-json\/wp\/v2\/pages\/31","targetHints":{"allow":["GET"]}}],"collection":[{"href":"https:\/\/hoyre.no\/fjord\/wp-json\/wp\/v2\/pages"}],"about":[{"href":"https:\/\/hoyre.no\/fjord\/wp-json\/wp\/v2\/types\/page"}],"author":[{"embeddable":true,"href":"https:\/\/hoyre.no\/fjord\/wp-json\/wp\/v2\/users\/4365"}],"replies":[{"embeddable":true,"href":"https:\/\/hoyre.no\/fjord\/wp-json\/wp\/v2\/comments?post=31"}],"version-history":[{"count":8,"href":"https:\/\/hoyre.no\/fjord\/wp-json\/wp\/v2\/pages\/31\/revisions"}],"predecessor-version":[{"id":109,"href":"https:\/\/hoyre.no\/fjord\/wp-json\/wp\/v2\/pages\/31\/revisions\/109"}],"wp:attachment":[{"href":"https:\/\/hoyre.no\/fjord\/wp-json\/wp\/v2\/media?parent=31"}],"curies":[{"name":"wp","href":"https:\/\/api.w.org\/{rel}","templated":true}]}}