{"id":4,"date":"2020-11-12T09:37:17","date_gmt":"2020-11-12T08:37:17","guid":{"rendered":"https:\/\/hoyre.no\/fjord\/vare-folk\/"},"modified":"2020-11-12T09:37:17","modified_gmt":"2020-11-12T08:37:17","slug":"vare-folk","status":"publish","type":"page","link":"https:\/\/hoyre.no\/fjord\/vare-folk\/","title":{"rendered":"V\u00e5re folk"},"content":{"rendered":"\n<div class=\"wp-block-hoyre-hero with-image-gradient text-color-light  alignfull has-background\"><div class=\"hoyre-hero \"><h1 class=\"title\">V\u00e5re folk<\/h1><p class=\"preamble\">Fjord H\u00f8gre best\u00e5r av fleire tillits- og folkevalde. Har du nokre sp\u00f8rsm\u00e5l? Ikkje n\u00f8l med \u00e5 ta kontakt!<\/p><\/div><\/div>\n\n\n\n\n<section class=\"wp-block-hoyre-local-politicians alignfull has-background\">\n\t<div class=\"block-inner\">\n\t\t<div class=\"select-wrapper\">\n\t\t\t<select class=\"politician-committee-dropdown filter-dropdown\" name=\"committee_id\">\n\t\t\t\t\t\t\t\t\t<option value=\"kommunestyret\"  selected='selected'>\n\t\t\t\t\t\tKommunestyret\t\t\t\t\t<\/option>\n\t\t\t\t\t\t\t\t\t<option value=\"foreningsstyret\" >\n\t\t\t\t\t\tForeningsstyret\t\t\t\t\t<\/option>\n\t\t\t\t\t\t\t<\/select>\n\t\t<\/div>\n\t\t<div class=\"teft-cards-grid default-size-3\">\n\t\t\t<div class=\"teft-cards-item  is-card-hoyre-person\">\n\n\t<article class=\"teft-card hoyre-person has-internal-link\">\n\t\t<div class=\"teft-card__media circle-crop\"><img decoding=\"async\" loading=\"lazy\" width=\"500\" height=\"500\" src=\"https:\/\/res.cloudinary.com\/hoyre\/image\/upload\/c_thumb,g_face:center,h_500,w_500,d_defaultprofileimg3.jpg,fl_lossy,f_auto\/w_500\/v20230420\/50333178.jpg\" style=\"background-position:50% 50%\" alt=\"Jan Are Remme\" \/><\/div>\t\t<div class=\"teft-card__primary\">\n\t\t\t\t\t\t\t<a href=\"https:\/\/hoyre.no\/personprofiler\/jan-are-remme\/\" class=\"primary-link\"><h2>Jan Are Remme<\/h2><\/a>\n\t\t\t\t\t\t\t\t\t\t<p>Gruppeleder<\/p>\n\t\t\t\t\t\t\t\t<\/div>\n\n\t<\/article>\n\n\t<\/div><div class=\"teft-cards-item  is-card-hoyre-person\">\n\n\t<article class=\"teft-card hoyre-person has-internal-link\">\n\t\t<div class=\"teft-card__media circle-crop\"><img decoding=\"async\" loading=\"lazy\" width=\"500\" height=\"500\" src=\"https:\/\/res.cloudinary.com\/hoyre\/image\/upload\/c_thumb,g_face:center,h_500,w_500,d_defaultprofileimg3.jpg,fl_lossy,f_auto\/w_500\/v20230420\/12258083.jpg\" style=\"background-position:50% 50%\" alt=\"Robert Bergerud\" \/><\/div>\t\t<div class=\"teft-card__primary\">\n\t\t\t\t\t\t\t<a href=\"https:\/\/hoyre.no\/personprofiler\/robert-bergerud\/\" class=\"primary-link\"><h2>Robert Bergerud<\/h2><\/a>\n\t\t\t\t\t\t\t\t\t\t<p>Gruppenestleder<\/p>\n\t\t\t\t\t\t\t\t<\/div>\n\n\t<\/article>\n\n\t<\/div><div class=\"teft-cards-item  is-card-hoyre-person\">\n\n\t<article class=\"teft-card hoyre-person has-internal-link\">\n\t\t<div class=\"teft-card__media circle-crop\"><img decoding=\"async\" loading=\"lazy\" width=\"500\" height=\"500\" src=\"https:\/\/res.cloudinary.com\/hoyre\/image\/upload\/c_thumb,g_face:center,h_500,w_500,d_defaultprofileimg3.jpg,fl_lossy,f_auto\/w_500\/v20230420\/51930105.jpg\" style=\"background-position:50% 50%\" alt=\"Claus Hoff\" \/><\/div>\t\t<div class=\"teft-card__primary\">\n\t\t\t\t\t\t\t<a href=\"https:\/\/hoyre.no\/personprofiler\/claus-hoff\/\" class=\"primary-link\"><h2>Claus Hoff<\/h2><\/a>\n\t\t\t\t\t\t\t\t\t\t<p>Representant<\/p>\n\t\t\t\t\t\t\t\t<\/div>\n\n\t<\/article>\n\n\t<\/div><div class=\"teft-cards-item  is-card-hoyre-person\">\n\n\t<article class=\"teft-card hoyre-person has-internal-link\">\n\t\t<div class=\"teft-card__media circle-crop\"><img decoding=\"async\" loading=\"lazy\" width=\"500\" height=\"500\" src=\"https:\/\/res.cloudinary.com\/hoyre\/image\/upload\/c_thumb,g_face:center,h_500,w_500,d_defaultprofileimg3.jpg,fl_lossy,f_auto\/w_500\/v20230420\/52233228.jpg\" style=\"background-position:50% 50%\" alt=\"Ester Reidun Vinje Nilsen\" \/><\/div>\t\t<div class=\"teft-card__primary\">\n\t\t\t\t\t\t\t<a href=\"https:\/\/hoyre.no\/personprofiler\/ester-reidun-vinje-nilsen\/\" class=\"primary-link\"><h2>Ester Reidun Vinje Nilsen<\/h2><\/a>\n\t\t\t\t\t\t\t\t\t\t<p>Representant<\/p>\n\t\t\t\t\t\t\t\t<\/div>\n\n\t<\/article>\n\n\t<\/div><div class=\"teft-cards-item  is-card-hoyre-person\">\n\n\t<article class=\"teft-card hoyre-person has-internal-link\">\n\t\t<div class=\"teft-card__media circle-crop\"><img decoding=\"async\" loading=\"lazy\" width=\"500\" height=\"500\" src=\"https:\/\/res.cloudinary.com\/hoyre\/image\/upload\/c_thumb,g_face:center,h_500,w_500,d_defaultprofileimg3.jpg,fl_lossy,f_auto\/w_500\/v20230420\/52229721.jpg\" style=\"background-position:50% 50%\" alt=\"Jan Erik Vad\" \/><\/div>\t\t<div class=\"teft-card__primary\">\n\t\t\t\t\t\t\t<a href=\"https:\/\/hoyre.no\/personprofiler\/jan-erik-vad\/\" class=\"primary-link\"><h2>Jan Erik Vad<\/h2><\/a>\n\t\t\t\t\t\t\t\t\t\t<p>Representant<\/p>\n\t\t\t\t\t\t\t\t<\/div>\n\n\t<\/article>\n\n\t<\/div><div class=\"teft-cards-item  is-card-hoyre-person\">\n\n\t<article class=\"teft-card hoyre-person has-internal-link\">\n\t\t<div class=\"teft-card__media circle-crop\"><img decoding=\"async\" loading=\"lazy\" width=\"500\" height=\"500\" src=\"https:\/\/res.cloudinary.com\/hoyre\/image\/upload\/c_thumb,g_face:center,h_500,w_500,d_defaultprofileimg3.jpg,fl_lossy,f_auto\/w_500\/v20230420\/51930964.jpg\" style=\"background-position:50% 50%\" alt=\"Johan Arnt Over\u00f8ye\" \/><\/div>\t\t<div class=\"teft-card__primary\">\n\t\t\t\t\t\t\t<a href=\"https:\/\/hoyre.no\/personprofiler\/johan-arnt-overoye\/\" class=\"primary-link\"><h2>Johan Arnt Over\u00f8ye<\/h2><\/a>\n\t\t\t\t\t\t\t\t\t\t<p>Representant<\/p>\n\t\t\t\t\t\t\t\t<\/div>\n\n\t<\/article>\n\n\t<\/div><div class=\"teft-cards-item  is-card-hoyre-person\">\n\n\t<article class=\"teft-card hoyre-person has-internal-link\">\n\t\t<div class=\"teft-card__media circle-crop\"><img decoding=\"async\" loading=\"lazy\" width=\"500\" height=\"500\" src=\"https:\/\/res.cloudinary.com\/hoyre\/image\/upload\/c_thumb,g_face:center,h_500,w_500,d_defaultprofileimg3.jpg,fl_lossy,f_auto\/w_500\/v20230420\/52048220.jpg\" style=\"background-position:50% 50%\" alt=\"Jan Ole Strand\" \/><\/div>\t\t<div class=\"teft-card__primary\">\n\t\t\t\t\t\t\t<a href=\"https:\/\/hoyre.no\/personprofiler\/jan-ole-strand\/\" class=\"primary-link\"><h2>Jan Ole Strand<\/h2><\/a>\n\t\t\t\t\t\t\t\t\t\t<p>Varamedlem<\/p>\n\t\t\t\t\t\t\t\t<\/div>\n\n\t<\/article>\n\n\t<\/div><div class=\"teft-cards-item  is-card-hoyre-person\">\n\n\t<article class=\"teft-card hoyre-person has-internal-link\">\n\t\t<div class=\"teft-card__media circle-crop\"><img decoding=\"async\" loading=\"lazy\" width=\"500\" height=\"500\" src=\"https:\/\/res.cloudinary.com\/hoyre\/image\/upload\/c_thumb,g_face:center,h_500,w_500,d_defaultprofileimg3.jpg,fl_lossy,f_auto\/w_500\/v20230420\/50035062.jpg\" style=\"background-position:50% 50%\" alt=\"Rune St\u00f8versten\" \/><\/div>\t\t<div class=\"teft-card__primary\">\n\t\t\t\t\t\t\t<a href=\"https:\/\/hoyre.no\/personprofiler\/rune-stoversten\/\" class=\"primary-link\"><h2>Rune St\u00f8versten<\/h2><\/a>\n\t\t\t\t\t\t\t\t\t\t<p>Varamedlem<\/p>\n\t\t\t\t\t\t\t\t<\/div>\n\n\t<\/article>\n\n\t<\/div><div class=\"teft-cards-item  is-card-hoyre-person\">\n\n\t<article class=\"teft-card hoyre-person has-internal-link\">\n\t\t<div class=\"teft-card__media circle-crop\"><img decoding=\"async\" loading=\"lazy\" width=\"500\" height=\"500\" src=\"https:\/\/res.cloudinary.com\/hoyre\/image\/upload\/c_thumb,g_face:center,h_500,w_500,d_defaultprofileimg3.jpg,fl_lossy,f_auto\/w_500\/v20230420\/52229457.jpg\" style=\"background-position:50% 50%\" alt=\"Kathrine Hjelle Busengdal\" \/><\/div>\t\t<div class=\"teft-card__primary\">\n\t\t\t\t\t\t\t<a href=\"https:\/\/hoyre.no\/personprofiler\/kathrine-hjelle-busengdal\/\" class=\"primary-link\"><h2>Kathrine Hjelle Busengdal<\/h2><\/a>\n\t\t\t\t\t\t\t\t\t\t<p>Varamedlem<\/p>\n\t\t\t\t\t\t\t\t<\/div>\n\n\t<\/article>\n\n\t<\/div><div class=\"teft-cards-item  is-card-hoyre-person\">\n\n\t<article class=\"teft-card hoyre-person has-internal-link\">\n\t\t<div class=\"teft-card__media circle-crop\"><img decoding=\"async\" loading=\"lazy\" width=\"500\" height=\"500\" src=\"https:\/\/res.cloudinary.com\/hoyre\/image\/upload\/c_thumb,g_face:center,h_500,w_500,d_defaultprofileimg3.jpg,fl_lossy,f_auto\/w_500\/v20230420\/52092368.jpg\" style=\"background-position:50% 50%\" alt=\"Per-Andre R\u00f8nneberg\" \/><\/div>\t\t<div class=\"teft-card__primary\">\n\t\t\t\t\t\t\t<a href=\"https:\/\/hoyre.no\/personprofiler\/per-andre-ronneberg\/\" class=\"primary-link\"><h2>Per-Andre R\u00f8nneberg<\/h2><\/a>\n\t\t\t\t\t\t\t\t\t\t<p>Varamedlem<\/p>\n\t\t\t\t\t\t\t\t<\/div>\n\n\t<\/article>\n\n\t<\/div><div class=\"teft-cards-item  is-card-hoyre-person\">\n\n\t<article class=\"teft-card hoyre-person has-internal-link\">\n\t\t<div class=\"teft-card__media circle-crop\"><img decoding=\"async\" loading=\"lazy\" width=\"500\" height=\"500\" src=\"https:\/\/res.cloudinary.com\/hoyre\/image\/upload\/c_thumb,g_face:center,h_500,w_500,d_defaultprofileimg3.jpg,fl_lossy,f_auto\/w_500\/v20230420\/51930097.jpg\" style=\"background-position:50% 50%\" alt=\"Gry Annette Bonsaksen\" \/><\/div>\t\t<div class=\"teft-card__primary\">\n\t\t\t\t\t\t\t<a href=\"https:\/\/hoyre.no\/personprofiler\/gry-annette-bonsaksen\/\" class=\"primary-link\"><h2>Gry Annette Bonsaksen<\/h2><\/a>\n\t\t\t\t\t\t\t\t\t\t<p>Varamedlem<\/p>\n\t\t\t\t\t\t\t\t<\/div>\n\n\t<\/article>\n\n\t<\/div><div class=\"teft-cards-item  is-card-hoyre-person\">\n\n\t<article class=\"teft-card hoyre-person has-internal-link\">\n\t\t<div class=\"teft-card__media circle-crop\"><img decoding=\"async\" loading=\"lazy\" width=\"500\" height=\"500\" src=\"https:\/\/res.cloudinary.com\/hoyre\/image\/upload\/c_thumb,g_face:center,h_500,w_500,d_defaultprofileimg3.jpg,fl_lossy,f_auto\/w_500\/v20230420\/52211950.jpg\" style=\"background-position:50% 50%\" alt=\"Almar Bonsaksen Remme\" \/><\/div>\t\t<div class=\"teft-card__primary\">\n\t\t\t\t\t\t\t<a href=\"https:\/\/hoyre.no\/personprofiler\/almar-bonsaksen-remme\/\" class=\"primary-link\"><h2>Almar Bonsaksen Remme<\/h2><\/a>\n\t\t\t\t\t\t\t\t\t\t<p>Varamedlem<\/p>\n\t\t\t\t\t\t\t\t<\/div>\n\n\t<\/article>\n\n\t<\/div><div class=\"teft-cards-item  is-card-hoyre-person\">\n\n\t<article class=\"teft-card hoyre-person has-internal-link\">\n\t\t<div class=\"teft-card__media circle-crop\"><img decoding=\"async\" loading=\"lazy\" width=\"500\" height=\"500\" src=\"https:\/\/res.cloudinary.com\/hoyre\/image\/upload\/c_thumb,g_face:center,h_500,w_500,d_defaultprofileimg3.jpg,fl_lossy,f_auto\/w_500\/v20230420\/52078375.jpg\" style=\"background-position:50% 50%\" alt=\"Viktor Valdal\" \/><\/div>\t\t<div class=\"teft-card__primary\">\n\t\t\t\t\t\t\t<a href=\"https:\/\/hoyre.no\/personprofiler\/viktor-valdal\/\" class=\"primary-link\"><h2>Viktor Valdal<\/h2><\/a>\n\t\t\t\t\t\t\t\t\t\t<p>Varamedlem<\/p>\n\t\t\t\t\t\t\t\t<\/div>\n\n\t<\/article>\n\n\t<\/div><div class=\"teft-cards-item  is-card-hoyre-person\">\n\n\t<article class=\"teft-card hoyre-person has-internal-link\">\n\t\t<div class=\"teft-card__media circle-crop\"><img decoding=\"async\" loading=\"lazy\" width=\"500\" height=\"500\" src=\"https:\/\/res.cloudinary.com\/hoyre\/image\/upload\/c_thumb,g_face:center,h_500,w_500,d_defaultprofileimg3.jpg,fl_lossy,f_auto\/w_500\/v20230420\/52212024.jpg\" style=\"background-position:50% 50%\" alt=\"Levent \u00d6calan\" \/><\/div>\t\t<div class=\"teft-card__primary\">\n\t\t\t\t\t\t\t<a href=\"https:\/\/hoyre.no\/personprofiler\/levent-ocalan\/\" class=\"primary-link\"><h2>Levent \u00d6calan<\/h2><\/a>\n\t\t\t\t\t\t\t\t\t\t<p>Varamedlem<\/p>\n\t\t\t\t\t\t\t\t<\/div>\n\n\t<\/article>\n\n\t<\/div>\t\t<\/div>\n\t<\/div>\n<\/section>\n\n\n\n<section class=\"wp-block-hoyre-branch-contact-info aligncenter\">\n\t<div class=\"block-inner\">\n\t\t<h2>Kontakt oss<\/h2>\n\t\t<div class=\"panel\">\n\t\t\t<h3>Fjord H\u00f8gre<\/h3>\n\t\t\t<dl class=\"info-misc-with-icons\">\n\t\t\t\t\t\t\t\t\t\t\t\t\n\t\t\t\t\t\t\t<\/dl>\n\t\t<\/div>\n\t<\/div>\n<\/section>\n\n","protected":false},"excerpt":{"rendered":"","protected":false},"author":0,"featured_media":0,"parent":0,"menu_order":0,"comment_status":"closed","ping_status":"closed","template":"","meta":{"teft_cards_image_url":"","teft_cards_custom_pretitle":"","teft_cards_image_id":0,"teft_cards_image_focal_point_x":0,"teft_cards_image_focal_point_y":0,"teft_cards_title":"","teft_cards_excerpt":"","teft_show_chapters":false,"footnotes":""},"class_list":["post-4","page","type-page","status-publish","hentry"],"yoast_head":"<!-- This site is optimized with the Yoast SEO plugin v26.6 - https:\/\/yoast.com\/wordpress\/plugins\/seo\/ -->\n<title>V\u00e5re folk - Fjord H\u00f8gre<\/title>\n<meta name=\"robots\" content=\"index, follow, max-snippet:-1, max-image-preview:large, max-video-preview:-1\" \/>\n<link rel=\"canonical\" href=\"https:\/\/hoyre.no\/fjord\/vare-folk\/\" \/>\n<meta property=\"og:locale\" content=\"nn_NO\" \/>\n<meta property=\"og:type\" content=\"article\" \/>\n<meta property=\"og:title\" content=\"V\u00e5re folk - Fjord H\u00f8gre\" \/>\n<meta property=\"og:url\" content=\"https:\/\/hoyre.no\/fjord\/vare-folk\/\" \/>\n<meta property=\"og:site_name\" content=\"Fjord H\u00f8gre\" \/>\n<meta property=\"og:image\" content=\"https:\/\/hoyre.no\/content\/uploads\/sites\/109\/2022\/11\/Hoyres-logo.png\" \/>\n\t<meta property=\"og:image:width\" content=\"1000\" \/>\n\t<meta property=\"og:image:height\" content=\"1000\" \/>\n\t<meta property=\"og:image:type\" content=\"image\/png\" \/>\n<meta name=\"twitter:card\" content=\"summary_large_image\" \/>\n<script type=\"application\/ld+json\" class=\"yoast-schema-graph\">{\"@context\":\"https:\/\/schema.org\",\"@graph\":[{\"@type\":\"WebPage\",\"@id\":\"https:\/\/hoyre.no\/fjord\/vare-folk\/\",\"url\":\"https:\/\/hoyre.no\/fjord\/vare-folk\/\",\"name\":\"V\u00e5re folk - Fjord H\u00f8gre\",\"isPartOf\":{\"@id\":\"https:\/\/hoyre.no\/fjord\/#website\"},\"datePublished\":\"2020-11-12T08:37:17+00:00\",\"breadcrumb\":{\"@id\":\"https:\/\/hoyre.no\/fjord\/vare-folk\/#breadcrumb\"},\"inLanguage\":\"nn-NO\",\"potentialAction\":[{\"@type\":\"ReadAction\",\"target\":[\"https:\/\/hoyre.no\/fjord\/vare-folk\/\"]}]},{\"@type\":\"BreadcrumbList\",\"@id\":\"https:\/\/hoyre.no\/fjord\/vare-folk\/#breadcrumb\",\"itemListElement\":[{\"@type\":\"ListItem\",\"position\":1,\"name\":\"Til hoyre.no\",\"item\":\"https:\/\/hoyre.no\"},{\"@type\":\"ListItem\",\"position\":2,\"name\":\"Hjem\",\"item\":\"https:\/\/hoyre.no\/fjord\/\"},{\"@type\":\"ListItem\",\"position\":3,\"name\":\"V\u00e5re folk\"}]},{\"@type\":\"WebSite\",\"@id\":\"https:\/\/hoyre.no\/fjord\/#website\",\"url\":\"https:\/\/hoyre.no\/fjord\/\",\"name\":\"Fjord H\u00f8gre\",\"description\":\"Bare enda et H\u00f8yres nettsteder-nettsted\",\"inLanguage\":\"nn-NO\"}]}<\/script>\n<!-- \/ Yoast SEO plugin. -->","yoast_head_json":{"title":"V\u00e5re folk - Fjord H\u00f8gre","robots":{"index":"index","follow":"follow","max-snippet":"max-snippet:-1","max-image-preview":"max-image-preview:large","max-video-preview":"max-video-preview:-1"},"canonical":"https:\/\/hoyre.no\/fjord\/vare-folk\/","og_locale":"nn_NO","og_type":"article","og_title":"V\u00e5re folk - Fjord H\u00f8gre","og_url":"https:\/\/hoyre.no\/fjord\/vare-folk\/","og_site_name":"Fjord H\u00f8gre","og_image":[{"width":1000,"height":1000,"url":"https:\/\/hoyre.no\/content\/uploads\/sites\/109\/2022\/11\/Hoyres-logo.png","type":"image\/png"}],"twitter_card":"summary_large_image","schema":{"@context":"https:\/\/schema.org","@graph":[{"@type":"WebPage","@id":"https:\/\/hoyre.no\/fjord\/vare-folk\/","url":"https:\/\/hoyre.no\/fjord\/vare-folk\/","name":"V\u00e5re folk - Fjord H\u00f8gre","isPartOf":{"@id":"https:\/\/hoyre.no\/fjord\/#website"},"datePublished":"2020-11-12T08:37:17+00:00","breadcrumb":{"@id":"https:\/\/hoyre.no\/fjord\/vare-folk\/#breadcrumb"},"inLanguage":"nn-NO","potentialAction":[{"@type":"ReadAction","target":["https:\/\/hoyre.no\/fjord\/vare-folk\/"]}]},{"@type":"BreadcrumbList","@id":"https:\/\/hoyre.no\/fjord\/vare-folk\/#breadcrumb","itemListElement":[{"@type":"ListItem","position":1,"name":"Til hoyre.no","item":"https:\/\/hoyre.no"},{"@type":"ListItem","position":2,"name":"Hjem","item":"https:\/\/hoyre.no\/fjord\/"},{"@type":"ListItem","position":3,"name":"V\u00e5re folk"}]},{"@type":"WebSite","@id":"https:\/\/hoyre.no\/fjord\/#website","url":"https:\/\/hoyre.no\/fjord\/","name":"Fjord H\u00f8gre","description":"Bare enda et H\u00f8yres nettsteder-nettsted","inLanguage":"nn-NO"}]}},"distributor_meta":false,"distributor_terms":false,"distributor_media":false,"distributor_original_site_name":"Fjord H\u00f8gre","distributor_original_site_url":"https:\/\/hoyre.no\/fjord","push-errors":false,"_links":{"self":[{"href":"https:\/\/hoyre.no\/fjord\/wp-json\/wp\/v2\/pages\/4","targetHints":{"allow":["GET"]}}],"collection":[{"href":"https:\/\/hoyre.no\/fjord\/wp-json\/wp\/v2\/pages"}],"about":[{"href":"https:\/\/hoyre.no\/fjord\/wp-json\/wp\/v2\/types\/page"}],"replies":[{"embeddable":true,"href":"https:\/\/hoyre.no\/fjord\/wp-json\/wp\/v2\/comments?post=4"}],"version-history":[{"count":0,"href":"https:\/\/hoyre.no\/fjord\/wp-json\/wp\/v2\/pages\/4\/revisions"}],"wp:attachment":[{"href":"https:\/\/hoyre.no\/fjord\/wp-json\/wp\/v2\/media?parent=4"}],"curies":[{"name":"wp","href":"https:\/\/api.w.org\/{rel}","templated":true}]}}