{"id":1046,"date":"2023-05-14T23:30:58","date_gmt":"2023-05-14T21:30:58","guid":{"rendered":"https:\/\/hoyre.no\/fredrikstad\/?page_id=1046"},"modified":"2023-05-15T11:26:04","modified_gmt":"2023-05-15T09:26:04","slug":"7-gode-grunner-til-a-stemme-pa-fredrikstad-hoyre-i-2023","status":"publish","type":"page","link":"https:\/\/hoyre.no\/fredrikstad\/7-gode-grunner-til-a-stemme-pa-fredrikstad-hoyre-i-2023\/","title":{"rendered":"7 gode grunner til \u00e5 stemme p\u00e5 Fredrikstad H\u00f8yre i 2023\ufffc"},"content":{"rendered":"\n<div class=\"wp-block-hoyre-hero with-image-gradient text-color-light  has-media alignfull has-background\"><div class=\"hoyre-hero has-image\"><h1 class=\"title\"><strong>Muligheter for Fredrikstad!<\/strong><\/h1><p class=\"preamble\">Det er p\u00e5 tide med et politisk skifte i Fredrikstad. Flere piler peker feil vei og har gjort det for lenge. For \u00e5 f\u00e5 til en endring m\u00e5 vi s\u00f8rge for at sosial bakgrunn og \u00f8konomi ikke skal begrense mulighetene dine. Derfor m\u00e5 vi satse p\u00e5 de unge, s\u00f8rge for at det skapes jobber, og sikre en verdig alderdom.<\/p>\t\t\t<div class=\"post-meta wp-block teft-byline-wrapper\">\n\t\t\t\t<div class=\"top\">\n\t\t\t\t\t<div class=\"signature\">\n\t\t\t\t\t\t<div class=\"teft-byline\">\n\t\t\t\t\t\t\t\t\t\t\t\t\t\t<div>\n\t\t\t\t\t\t\t\t<h3>H\u00f8yres redaksjon<\/h3>\t\t\t\t\t\t\t\t\n\t\t\t\t\t\t\t\t\t\t\t\t\t\t\t\t\t<span class=\"date\">Sist oppdatert: 15. mai 2023<\/span>\n\t\t\t\t\t\t\t\t\t\t\t\t\t\t\t\t\t\t\t\t\t\t\t\t\t<span class=\"reading-time\" itemprop=\"timeRequired\" content=\"PT4M\"><em>Ca. 4 minutter lesetid<\/em><\/span>\n\t\t\t\t\t\t\t\t\t\t\t\t\t\t\t<\/div>\n\t\t\t\t\t\t<\/div>\n\t\t\t\t\t<\/div>\n\t\t\t\t\t\t<div class=\"sharing\">\n\t\t<a class=\"share-button share-link copy-link\" data-copy=\"https:\/\/hoyre.no\/fredrikstad\/7-gode-grunner-til-a-stemme-pa-fredrikstad-hoyre-i-2023\/\" target=\"_blank\"><span class=\"screen-reader-text\">Del link<\/span><\/a>\n\t\t<a class=\"share-button share-twitter\" href=\"http:\/\/twitter.com\/share?text=7 gode grunner til \u00e5 stemme p\u00e5 Fredrikstad H\u00f8yre i 2023\ufffc&#038;url=https:\/\/hoyre.no\/fredrikstad\/7-gode-grunner-til-a-stemme-pa-fredrikstad-hoyre-i-2023\/&#038;hashtags=Hoyre\" target=\"_blank\"><span class=\"screen-reader-text\">Del p\u00e5 twitter<\/span><\/a>\n\t\t<a class=\"share-button share-facebook\" href=\"https:\/\/www.facebook.com\/sharer\/sharer.php?u=https:\/\/hoyre.no\/fredrikstad\/7-gode-grunner-til-a-stemme-pa-fredrikstad-hoyre-i-2023\/\" target=\"_blank\"><span class=\"screen-reader-text\">Del p\u00e5 facebook<\/span><\/a>\n\t<\/div>\n\t\t\t\t\t<\/div>\n\t\t\t<\/div>\n\n\t\t\t<figure class=\"hoyre-image-wrapper\"><div class=\"hoyre-image\"><img loading=\"lazy\" decoding=\"async\" width=\"2500\" height=\"1875\" src=\"https:\/\/hoyre.no\/content\/uploads\/sites\/194\/2022\/11\/310295771_463904798868400_3123875799034537908_n-1-scaled.jpg\" class=\"attachment-scaled size-scaled\" alt=\"\" style=\"object-position: 53% 20%\" srcset=\"https:\/\/hoyre.no\/content\/uploads\/sites\/194\/2022\/11\/310295771_463904798868400_3123875799034537908_n-1-scaled.jpg 2500w, https:\/\/hoyre.no\/content\/uploads\/sites\/194\/2022\/11\/310295771_463904798868400_3123875799034537908_n-1-300x225.jpg 300w, https:\/\/hoyre.no\/content\/uploads\/sites\/194\/2022\/11\/310295771_463904798868400_3123875799034537908_n-1-1024x768.jpg 1024w, https:\/\/hoyre.no\/content\/uploads\/sites\/194\/2022\/11\/310295771_463904798868400_3123875799034537908_n-1-768x576.jpg 768w, https:\/\/hoyre.no\/content\/uploads\/sites\/194\/2022\/11\/310295771_463904798868400_3123875799034537908_n-1-1536x1152.jpg 1536w, https:\/\/hoyre.no\/content\/uploads\/sites\/194\/2022\/11\/310295771_463904798868400_3123875799034537908_n-1-2048x1536.jpg 2048w\" sizes=\"auto, (max-width: 2500px) 100vw, 2500px\" \/><\/div><\/figure><\/div><\/div>\n\n\n\n\n<p><\/p>\n\n\n\n\n<div class=\"wp-block-media-text alignwide is-stacked-on-mobile\"><figure class=\"wp-block-media-text__media\"><img loading=\"lazy\" decoding=\"async\" width=\"1024\" height=\"683\" src=\"https:\/\/hoyre.no\/content\/uploads\/sites\/194\/2023\/04\/GettyImages-687776655-1024x683.jpg\" alt=\"\" class=\"wp-image-970 size-full\" srcset=\"https:\/\/hoyre.no\/content\/uploads\/sites\/194\/2023\/04\/GettyImages-687776655-1024x683.jpg 1024w, https:\/\/hoyre.no\/content\/uploads\/sites\/194\/2023\/04\/GettyImages-687776655-300x200.jpg 300w, https:\/\/hoyre.no\/content\/uploads\/sites\/194\/2023\/04\/GettyImages-687776655-768x512.jpg 768w, https:\/\/hoyre.no\/content\/uploads\/sites\/194\/2023\/04\/GettyImages-687776655-1536x1024.jpg 1536w, https:\/\/hoyre.no\/content\/uploads\/sites\/194\/2023\/04\/GettyImages-687776655-2048x1365.jpg 2048w\" sizes=\"auto, (max-width: 1024px) 100vw, 1024px\" \/><\/figure><div class=\"wp-block-media-text__content\">\n<h2 class=\"wp-block-heading\">1. <strong>En skole med muligheter for alle<\/strong><\/h2>\n\n\n\n<p>Flere av skolene i Fredrikstad er for d\u00e5rlig vedlikeholdt. \u00c5 rette opp mange \u00e5rs manglende vedlikehold vil v\u00e6re en av de viktigste sakene for Fredrikstad H\u00f8yre framover. H\u00f8yre vil ogs\u00e5 fokusere p\u00e5 innholdet i skolen, og vil at l\u00e6rerne skal f\u00e5 bruke tiden sin p\u00e5 elevene. Det er l\u00e6reren skal v\u00e6re sjefen i klasserommet. H\u00f8yre vil satse p\u00e5 de ansatte i skolen, p\u00e5 tidlig innsats og \u00f8nsker at elever skal lykkes.<\/p>\n<\/div><\/div>\n\n\n\n<div class=\"wp-block-media-text alignwide has-media-on-the-right is-stacked-on-mobile\"><figure class=\"wp-block-media-text__media\"><img loading=\"lazy\" decoding=\"async\" width=\"1024\" height=\"768\" src=\"https:\/\/hoyre.no\/content\/uploads\/sites\/194\/2023\/05\/IMG_7380-1024x768.jpg\" alt=\"\" class=\"wp-image-1057 size-full\" srcset=\"https:\/\/hoyre.no\/content\/uploads\/sites\/194\/2023\/05\/IMG_7380-1024x768.jpg 1024w, https:\/\/hoyre.no\/content\/uploads\/sites\/194\/2023\/05\/IMG_7380-300x225.jpg 300w, https:\/\/hoyre.no\/content\/uploads\/sites\/194\/2023\/05\/IMG_7380-768x576.jpg 768w, https:\/\/hoyre.no\/content\/uploads\/sites\/194\/2023\/05\/IMG_7380-1536x1152.jpg 1536w, https:\/\/hoyre.no\/content\/uploads\/sites\/194\/2023\/05\/IMG_7380-2048x1536.jpg 2048w\" sizes=\"auto, (max-width: 1024px) 100vw, 1024px\" \/><\/figure><div class=\"wp-block-media-text__content\">\n<h2 class=\"wp-block-heading\">2. <strong>Trygg styring av kommunens \u00f8konomi<\/strong><\/h2>\n\n\n\n<p>Trygg styring betyr f\u00f8rst og fremst at man ikke bruker mer penger enn man har. Vi vil drifte kommunen p\u00e5 en effektiv m\u00e5te gjennom bedre forvaltning av kommunens verdier, mer samarbeid med andre kommuner, fokus p\u00e5 kjerneoppgavene, mindre planer og riktige investeringer. P\u00e5 sikt er v\u00e5rt m\u00e5l \u00e5 fjerne eiendomsskatten, slik at du kan beholde mer av egne penger.<\/p>\n<\/div><\/div>\n\n\n\n<div class=\"wp-block-media-text alignwide is-stacked-on-mobile\"><figure class=\"wp-block-media-text__media\"><img loading=\"lazy\" decoding=\"async\" width=\"1024\" height=\"683\" src=\"https:\/\/hoyre.no\/content\/uploads\/sites\/194\/2022\/11\/GettyImages-1133755381-1024x683.jpg\" alt=\"\" class=\"wp-image-776 size-full\" srcset=\"https:\/\/hoyre.no\/content\/uploads\/sites\/194\/2022\/11\/GettyImages-1133755381-1024x683.jpg 1024w, https:\/\/hoyre.no\/content\/uploads\/sites\/194\/2022\/11\/GettyImages-1133755381-300x200.jpg 300w, https:\/\/hoyre.no\/content\/uploads\/sites\/194\/2022\/11\/GettyImages-1133755381-768x513.jpg 768w, https:\/\/hoyre.no\/content\/uploads\/sites\/194\/2022\/11\/GettyImages-1133755381-1536x1025.jpg 1536w, https:\/\/hoyre.no\/content\/uploads\/sites\/194\/2022\/11\/GettyImages-1133755381-2048x1367.jpg 2048w\" sizes=\"auto, (max-width: 1024px) 100vw, 1024px\" \/><\/figure><div class=\"wp-block-media-text__content\">\n<h2 class=\"wp-block-heading\">3. <strong>Vi m\u00e5 legge til rette for n\u00e6ringsliv og jobbskaperne<\/strong><\/h2>\n\n\n\n<p>Altfor mange jobbskapere opplever at s\u00f8knadsprosesser tar for lang tid, og blir firkantet<br>behandlet. Fredrikstad H\u00f8yre \u00f8nsker kortest mulig saksbehandlingstid, med oppdatert planverk og digitale l\u00f8sninger. Vi vil ha flere n\u00e6ringsarealer, m\u00f8te n\u00e6ringslivet med en positiv holdning, og finne l\u00f8sninger \u2013 ikke skape problemer. Vi vil v\u00e6re en Ja-kommune!<\/p>\n<\/div><\/div>\n\n\n\n<div class=\"wp-block-media-text alignwide has-media-on-the-right is-stacked-on-mobile\"><figure class=\"wp-block-media-text__media\"><img loading=\"lazy\" decoding=\"async\" width=\"1024\" height=\"683\" src=\"https:\/\/hoyre.no\/content\/uploads\/sites\/194\/2023\/05\/image001-1024x683.jpg\" alt=\"\" class=\"wp-image-1054 size-full\" srcset=\"https:\/\/hoyre.no\/content\/uploads\/sites\/194\/2023\/05\/image001-1024x683.jpg 1024w, https:\/\/hoyre.no\/content\/uploads\/sites\/194\/2023\/05\/image001-300x200.jpg 300w, https:\/\/hoyre.no\/content\/uploads\/sites\/194\/2023\/05\/image001-768x512.jpg 768w, https:\/\/hoyre.no\/content\/uploads\/sites\/194\/2023\/05\/image001-1536x1024.jpg 1536w, https:\/\/hoyre.no\/content\/uploads\/sites\/194\/2023\/05\/image001-2048x1365.jpg 2048w\" sizes=\"auto, (max-width: 1024px) 100vw, 1024px\" \/><\/figure><div class=\"wp-block-media-text__content\">\n<h2 class=\"wp-block-heading\">4.<strong> Du skal glede deg til \u00e5 bli gammel i Fredrikstad<\/strong><\/h2>\n\n\n\n<p>H\u00f8yre setter mennesket i fokus. Kommunen m\u00e5 legge til rette for en mer aldersvennlig kommune, med fokus p\u00e5 en sosial og aktiv alderdom. Dette gj\u00f8r vi ved \u00e5 skape flere gode m\u00f8teplasser, et variert aktivitetstilbud for alle eldre, og s\u00f8rge for flere ulike boformer i samarbeid med private og frivillige. De som trenger pleie skal m\u00f8te en kompetent helsetjeneste som gir dem valgfrihet og medbestemmelse. Vi vil innf\u00f8re fritt brukervalg, slik at du i st\u00f8rre grad selv kan velge hvem som skal levere tjenestene.<\/p>\n<\/div><\/div>\n\n\n\n<div class=\"wp-block-media-text alignwide is-stacked-on-mobile\"><figure class=\"wp-block-media-text__media\"><img loading=\"lazy\" decoding=\"async\" width=\"1024\" height=\"768\" src=\"https:\/\/hoyre.no\/content\/uploads\/sites\/194\/2022\/11\/309280382_859104095255687_2486478609575723164_n-1024x768.jpg\" alt=\"Bilde fra Gamle Byen\" class=\"wp-image-680 size-full\" srcset=\"https:\/\/hoyre.no\/content\/uploads\/sites\/194\/2022\/11\/309280382_859104095255687_2486478609575723164_n-1024x768.jpg 1024w, https:\/\/hoyre.no\/content\/uploads\/sites\/194\/2022\/11\/309280382_859104095255687_2486478609575723164_n-300x225.jpg 300w, https:\/\/hoyre.no\/content\/uploads\/sites\/194\/2022\/11\/309280382_859104095255687_2486478609575723164_n-768x576.jpg 768w, https:\/\/hoyre.no\/content\/uploads\/sites\/194\/2022\/11\/309280382_859104095255687_2486478609575723164_n-1536x1152.jpg 1536w, https:\/\/hoyre.no\/content\/uploads\/sites\/194\/2022\/11\/309280382_859104095255687_2486478609575723164_n-2048x1536.jpg 2048w\" sizes=\"auto, (max-width: 1024px) 100vw, 1024px\" \/><\/figure><div class=\"wp-block-media-text__content\">\n<h2 class=\"wp-block-heading\">5.<strong> Et gr\u00f8nnere Fredrikstad<\/strong><\/h2>\n\n\n\n<p>Fredrikstad skal bli en gr\u00f8nnere kommune. Vi vil prioritere milj\u00f8et og sikre et mindre klimaavtrykk i kommunens planer og innkj\u00f8p. Sammen med et av Norges st\u00f8rste milj\u00f8er innen sirkul\u00e6r\u00f8konomi skal vi sammen legge til rette for nye gr\u00f8nne arbeidsplasser. Vi vil jobbe enda mer aktivt med de gr\u00f8nne kunnskapsmilj\u00f8ene, og bruke oppdatert og ny teknologi for \u00e5 redusere klimautslippene. M\u00e5let er en felles, bl\u00e5-gr\u00f8nn fremtid.<\/p>\n<\/div><\/div>\n\n\n\n<div class=\"wp-block-media-text alignwide has-media-on-the-right is-stacked-on-mobile\"><figure class=\"wp-block-media-text__media\"><img loading=\"lazy\" decoding=\"async\" width=\"1024\" height=\"683\" src=\"https:\/\/hoyre.no\/content\/uploads\/sites\/194\/2023\/05\/GettyImages-860044586-1024x683.jpg\" alt=\"\" class=\"wp-image-1047 size-full\" srcset=\"https:\/\/hoyre.no\/content\/uploads\/sites\/194\/2023\/05\/GettyImages-860044586-1024x683.jpg 1024w, https:\/\/hoyre.no\/content\/uploads\/sites\/194\/2023\/05\/GettyImages-860044586-300x200.jpg 300w, https:\/\/hoyre.no\/content\/uploads\/sites\/194\/2023\/05\/GettyImages-860044586-768x513.jpg 768w, https:\/\/hoyre.no\/content\/uploads\/sites\/194\/2023\/05\/GettyImages-860044586-1536x1025.jpg 1536w, https:\/\/hoyre.no\/content\/uploads\/sites\/194\/2023\/05\/GettyImages-860044586-2048x1367.jpg 2048w\" sizes=\"auto, (max-width: 1024px) 100vw, 1024px\" \/><\/figure><div class=\"wp-block-media-text__content\">\n<h2 class=\"wp-block-heading\">6.<strong> Flere skal kunne eie sin egen bolig<\/strong><\/h2>\n\n\n\n<p>Mange opplever \u00e5 f\u00e5 en svekket privat\u00f8konomi. I tillegg kreves det inn rekordmye i eiendomsskatt og kommunale avgifter, samtidig med at flere har behov for sosialhjelp. H\u00f8yre vil legge til rette for at det bygges flere boliger, i ulike prisklasser over hele kommunen. For \u00e5 f\u00e5 ned prisen m\u00e5 det stilles f\u00e6rre krav til utbygger, og vi vil legge til rette for sosial boligutbygging gjennom eie-til-leie, deleie og ulike boliger. En bolig er ikke et skatteobjekt, men et hjem.<\/p>\n<\/div><\/div>\n\n\n\n<div class=\"wp-block-media-text alignwide is-stacked-on-mobile\"><figure class=\"wp-block-media-text__media\"><img loading=\"lazy\" decoding=\"async\" width=\"1024\" height=\"683\" src=\"https:\/\/hoyre.no\/content\/uploads\/sites\/194\/2023\/05\/GettyImages-648945872-1024x683.jpg\" alt=\"\" class=\"wp-image-1048 size-full\" srcset=\"https:\/\/hoyre.no\/content\/uploads\/sites\/194\/2023\/05\/GettyImages-648945872-1024x683.jpg 1024w, https:\/\/hoyre.no\/content\/uploads\/sites\/194\/2023\/05\/GettyImages-648945872-300x200.jpg 300w, https:\/\/hoyre.no\/content\/uploads\/sites\/194\/2023\/05\/GettyImages-648945872-768x512.jpg 768w, https:\/\/hoyre.no\/content\/uploads\/sites\/194\/2023\/05\/GettyImages-648945872-1536x1024.jpg 1536w, https:\/\/hoyre.no\/content\/uploads\/sites\/194\/2023\/05\/GettyImages-648945872-2048x1365.jpg 2048w\" sizes=\"auto, (max-width: 1024px) 100vw, 1024px\" \/><\/figure><div class=\"wp-block-media-text__content\">\n<h2 class=\"wp-block-heading\">7.<strong> P\u00e5 lag med idretten, n\u00e6ringsliv og frivilligheten<\/strong><\/h2>\n\n\n\n<p>Vi vil bygge og fullf\u00f8re ishockeyhallen Arena Fredrikstad som et offentlig-privat samarbeid. Vi har ikke r\u00e5d til \u00e5 b\u00e6re kostnadene alene. For \u00e5 komme i m\u00e5l med store prosjekter m\u00e5 kommunen i enda st\u00f8rre grad spille p\u00e5 lag med n\u00e6ringslivet og frivilligheten.<\/p>\n<\/div><\/div>\n","protected":false},"excerpt":{"rendered":"<p>1. En skole med muligheter for alle Flere av skolene i Fredrikstad er for d\u00e5rlig vedlikeholdt. \u00c5 rette opp mange \u00e5rs manglende vedlikehold vil v\u00e6re en av de viktigste sakene for Fredrikstad H\u00f8yre framover. H\u00f8yre vil ogs\u00e5 fokusere p\u00e5 innholdet i skolen, og vil at l\u00e6rerne skal f\u00e5 bruke tiden sin p\u00e5 elevene. Det er [&hellip;]<\/p>\n","protected":false},"author":15700,"featured_media":0,"parent":0,"menu_order":0,"comment_status":"closed","ping_status":"closed","template":"","meta":{"teft_cards_image_url":"","teft_cards_custom_pretitle":"","teft_cards_image_id":0,"teft_cards_image_focal_point_x":0,"teft_cards_image_focal_point_y":0,"teft_cards_title":"","teft_cards_excerpt":"","teft_show_chapters":false,"footnotes":""},"class_list":["post-1046","page","type-page","status-publish","hentry"],"yoast_head":"<!-- This site is optimized with the Yoast SEO plugin v26.6 - https:\/\/yoast.com\/wordpress\/plugins\/seo\/ -->\n<title>7 gode grunner til \u00e5 stemme p\u00e5 Fredrikstad H\u00f8yre i 2023\ufffc - Fredrikstad H\u00f8yre<\/title>\n<meta name=\"robots\" content=\"index, follow, max-snippet:-1, max-image-preview:large, max-video-preview:-1\" \/>\n<link rel=\"canonical\" href=\"https:\/\/hoyre.no\/fredrikstad\/7-gode-grunner-til-a-stemme-pa-fredrikstad-hoyre-i-2023\/\" \/>\n<meta property=\"og:locale\" content=\"nb_NO\" \/>\n<meta property=\"og:type\" content=\"article\" \/>\n<meta property=\"og:title\" content=\"7 gode grunner til \u00e5 stemme p\u00e5 Fredrikstad H\u00f8yre i 2023\ufffc - Fredrikstad H\u00f8yre\" \/>\n<meta property=\"og:description\" content=\"1. En skole med muligheter for alle Flere av skolene i Fredrikstad er for d\u00e5rlig vedlikeholdt. \u00c5 rette opp mange \u00e5rs manglende vedlikehold vil v\u00e6re en av de viktigste sakene for Fredrikstad H\u00f8yre framover. H\u00f8yre vil ogs\u00e5 fokusere p\u00e5 innholdet i skolen, og vil at l\u00e6rerne skal f\u00e5 bruke tiden sin p\u00e5 elevene. Det er [&hellip;]\" \/>\n<meta property=\"og:url\" content=\"https:\/\/hoyre.no\/fredrikstad\/7-gode-grunner-til-a-stemme-pa-fredrikstad-hoyre-i-2023\/\" \/>\n<meta property=\"og:site_name\" content=\"Fredrikstad H\u00f8yre\" \/>\n<meta property=\"article:modified_time\" content=\"2023-05-15T09:26:04+00:00\" \/>\n<meta property=\"og:image\" content=\"https:\/\/hoyre.no\/content\/uploads\/sites\/194\/2023\/04\/GettyImages-687776655-1024x683.jpg\" \/>\n<meta name=\"twitter:card\" content=\"summary_large_image\" \/>\n<meta name=\"twitter:label1\" content=\"Ansl. lesetid\" \/>\n\t<meta name=\"twitter:data1\" content=\"5 minutter\" \/>\n<script type=\"application\/ld+json\" class=\"yoast-schema-graph\">{\"@context\":\"https:\/\/schema.org\",\"@graph\":[{\"@type\":\"WebPage\",\"@id\":\"https:\/\/hoyre.no\/fredrikstad\/7-gode-grunner-til-a-stemme-pa-fredrikstad-hoyre-i-2023\/\",\"url\":\"https:\/\/hoyre.no\/fredrikstad\/7-gode-grunner-til-a-stemme-pa-fredrikstad-hoyre-i-2023\/\",\"name\":\"7 gode grunner til \u00e5 stemme p\u00e5 Fredrikstad H\u00f8yre i 2023\ufffc - Fredrikstad H\u00f8yre\",\"isPartOf\":{\"@id\":\"https:\/\/hoyre.no\/fredrikstad\/#website\"},\"image\":{\"@id\":\"https:\/\/hoyre.no\/fredrikstad\/7-gode-grunner-til-a-stemme-pa-fredrikstad-hoyre-i-2023\/#primaryimage\"},\"thumbnailUrl\":\"https:\/\/hoyre.no\/content\/uploads\/sites\/194\/2023\/04\/GettyImages-687776655-1024x683.jpg\",\"datePublished\":\"2023-05-14T21:30:58+00:00\",\"dateModified\":\"2023-05-15T09:26:04+00:00\",\"breadcrumb\":{\"@id\":\"https:\/\/hoyre.no\/fredrikstad\/7-gode-grunner-til-a-stemme-pa-fredrikstad-hoyre-i-2023\/#breadcrumb\"},\"inLanguage\":\"nb-NO\",\"potentialAction\":[{\"@type\":\"ReadAction\",\"target\":[\"https:\/\/hoyre.no\/fredrikstad\/7-gode-grunner-til-a-stemme-pa-fredrikstad-hoyre-i-2023\/\"]}]},{\"@type\":\"ImageObject\",\"inLanguage\":\"nb-NO\",\"@id\":\"https:\/\/hoyre.no\/fredrikstad\/7-gode-grunner-til-a-stemme-pa-fredrikstad-hoyre-i-2023\/#primaryimage\",\"url\":\"https:\/\/hoyre.no\/content\/uploads\/sites\/194\/2023\/04\/GettyImages-687776655-1024x683.jpg\",\"contentUrl\":\"https:\/\/hoyre.no\/content\/uploads\/sites\/194\/2023\/04\/GettyImages-687776655-1024x683.jpg\"},{\"@type\":\"BreadcrumbList\",\"@id\":\"https:\/\/hoyre.no\/fredrikstad\/7-gode-grunner-til-a-stemme-pa-fredrikstad-hoyre-i-2023\/#breadcrumb\",\"itemListElement\":[{\"@type\":\"ListItem\",\"position\":1,\"name\":\"Til hoyre.no\",\"item\":\"https:\/\/hoyre.no\"},{\"@type\":\"ListItem\",\"position\":2,\"name\":\"Hjem\",\"item\":\"https:\/\/hoyre.no\/fredrikstad\/\"},{\"@type\":\"ListItem\",\"position\":3,\"name\":\"7 gode grunner til \u00e5 stemme p\u00e5 Fredrikstad H\u00f8yre i 2023\ufffc\"}]},{\"@type\":\"WebSite\",\"@id\":\"https:\/\/hoyre.no\/fredrikstad\/#website\",\"url\":\"https:\/\/hoyre.no\/fredrikstad\/\",\"name\":\"Fredrikstad H\u00f8yre\",\"description\":\"Bare enda et H\u00f8yres nettsteder-nettsted\",\"inLanguage\":\"nb-NO\"}]}<\/script>\n<!-- \/ Yoast SEO plugin. -->","yoast_head_json":{"title":"7 gode grunner til \u00e5 stemme p\u00e5 Fredrikstad H\u00f8yre i 2023\ufffc - Fredrikstad H\u00f8yre","robots":{"index":"index","follow":"follow","max-snippet":"max-snippet:-1","max-image-preview":"max-image-preview:large","max-video-preview":"max-video-preview:-1"},"canonical":"https:\/\/hoyre.no\/fredrikstad\/7-gode-grunner-til-a-stemme-pa-fredrikstad-hoyre-i-2023\/","og_locale":"nb_NO","og_type":"article","og_title":"7 gode grunner til \u00e5 stemme p\u00e5 Fredrikstad H\u00f8yre i 2023\ufffc - Fredrikstad H\u00f8yre","og_description":"1. En skole med muligheter for alle Flere av skolene i Fredrikstad er for d\u00e5rlig vedlikeholdt. \u00c5 rette opp mange \u00e5rs manglende vedlikehold vil v\u00e6re en av de viktigste sakene for Fredrikstad H\u00f8yre framover. H\u00f8yre vil ogs\u00e5 fokusere p\u00e5 innholdet i skolen, og vil at l\u00e6rerne skal f\u00e5 bruke tiden sin p\u00e5 elevene. Det er [&hellip;]","og_url":"https:\/\/hoyre.no\/fredrikstad\/7-gode-grunner-til-a-stemme-pa-fredrikstad-hoyre-i-2023\/","og_site_name":"Fredrikstad H\u00f8yre","article_modified_time":"2023-05-15T09:26:04+00:00","og_image":[{"url":"https:\/\/hoyre.no\/content\/uploads\/sites\/194\/2023\/04\/GettyImages-687776655-1024x683.jpg","type":"","width":"","height":""}],"twitter_card":"summary_large_image","twitter_misc":{"Ansl. lesetid":"5 minutter"},"schema":{"@context":"https:\/\/schema.org","@graph":[{"@type":"WebPage","@id":"https:\/\/hoyre.no\/fredrikstad\/7-gode-grunner-til-a-stemme-pa-fredrikstad-hoyre-i-2023\/","url":"https:\/\/hoyre.no\/fredrikstad\/7-gode-grunner-til-a-stemme-pa-fredrikstad-hoyre-i-2023\/","name":"7 gode grunner til \u00e5 stemme p\u00e5 Fredrikstad H\u00f8yre i 2023\ufffc - Fredrikstad H\u00f8yre","isPartOf":{"@id":"https:\/\/hoyre.no\/fredrikstad\/#website"},"image":{"@id":"https:\/\/hoyre.no\/fredrikstad\/7-gode-grunner-til-a-stemme-pa-fredrikstad-hoyre-i-2023\/#primaryimage"},"thumbnailUrl":"https:\/\/hoyre.no\/content\/uploads\/sites\/194\/2023\/04\/GettyImages-687776655-1024x683.jpg","datePublished":"2023-05-14T21:30:58+00:00","dateModified":"2023-05-15T09:26:04+00:00","breadcrumb":{"@id":"https:\/\/hoyre.no\/fredrikstad\/7-gode-grunner-til-a-stemme-pa-fredrikstad-hoyre-i-2023\/#breadcrumb"},"inLanguage":"nb-NO","potentialAction":[{"@type":"ReadAction","target":["https:\/\/hoyre.no\/fredrikstad\/7-gode-grunner-til-a-stemme-pa-fredrikstad-hoyre-i-2023\/"]}]},{"@type":"ImageObject","inLanguage":"nb-NO","@id":"https:\/\/hoyre.no\/fredrikstad\/7-gode-grunner-til-a-stemme-pa-fredrikstad-hoyre-i-2023\/#primaryimage","url":"https:\/\/hoyre.no\/content\/uploads\/sites\/194\/2023\/04\/GettyImages-687776655-1024x683.jpg","contentUrl":"https:\/\/hoyre.no\/content\/uploads\/sites\/194\/2023\/04\/GettyImages-687776655-1024x683.jpg"},{"@type":"BreadcrumbList","@id":"https:\/\/hoyre.no\/fredrikstad\/7-gode-grunner-til-a-stemme-pa-fredrikstad-hoyre-i-2023\/#breadcrumb","itemListElement":[{"@type":"ListItem","position":1,"name":"Til hoyre.no","item":"https:\/\/hoyre.no"},{"@type":"ListItem","position":2,"name":"Hjem","item":"https:\/\/hoyre.no\/fredrikstad\/"},{"@type":"ListItem","position":3,"name":"7 gode grunner til \u00e5 stemme p\u00e5 Fredrikstad H\u00f8yre i 2023\ufffc"}]},{"@type":"WebSite","@id":"https:\/\/hoyre.no\/fredrikstad\/#website","url":"https:\/\/hoyre.no\/fredrikstad\/","name":"Fredrikstad H\u00f8yre","description":"Bare enda et H\u00f8yres nettsteder-nettsted","inLanguage":"nb-NO"}]}},"distributor_meta":false,"distributor_terms":false,"distributor_media":false,"distributor_original_site_name":"Fredrikstad H\u00f8yre","distributor_original_site_url":"https:\/\/hoyre.no\/fredrikstad","push-errors":false,"_links":{"self":[{"href":"https:\/\/hoyre.no\/fredrikstad\/wp-json\/wp\/v2\/pages\/1046","targetHints":{"allow":["GET"]}}],"collection":[{"href":"https:\/\/hoyre.no\/fredrikstad\/wp-json\/wp\/v2\/pages"}],"about":[{"href":"https:\/\/hoyre.no\/fredrikstad\/wp-json\/wp\/v2\/types\/page"}],"author":[{"embeddable":true,"href":"https:\/\/hoyre.no\/fredrikstad\/wp-json\/wp\/v2\/users\/15700"}],"replies":[{"embeddable":true,"href":"https:\/\/hoyre.no\/fredrikstad\/wp-json\/wp\/v2\/comments?post=1046"}],"version-history":[{"count":2,"href":"https:\/\/hoyre.no\/fredrikstad\/wp-json\/wp\/v2\/pages\/1046\/revisions"}],"predecessor-version":[{"id":1059,"href":"https:\/\/hoyre.no\/fredrikstad\/wp-json\/wp\/v2\/pages\/1046\/revisions\/1059"}],"wp:attachment":[{"href":"https:\/\/hoyre.no\/fredrikstad\/wp-json\/wp\/v2\/media?parent=1046"}],"curies":[{"name":"wp","href":"https:\/\/api.w.org\/{rel}","templated":true}]}}