{"id":702,"date":"2022-11-03T16:29:55","date_gmt":"2022-11-03T15:29:55","guid":{"rendered":"https:\/\/hoyre.no\/fredrikstad\/?page_id=702"},"modified":"2022-11-03T16:45:00","modified_gmt":"2022-11-03T15:45:00","slug":"ordforerkandidat-arne-sekkelsten","status":"publish","type":"page","link":"https:\/\/hoyre.no\/fredrikstad\/ordforerkandidat-arne-sekkelsten\/","title":{"rendered":"Ordf\u00f8rerkandidat Arne Sekkelsten"},"content":{"rendered":"\n<div class=\"wp-block-hoyre-hero with-image-gradient text-color-light  has-media alignfull has-background\"><div class=\"hoyre-hero has-image\"><h1 class=\"title\">Fredrikstads neste ordf\u00f8rer<\/h1><p class=\"preamble\">Arne Sekkelsten<\/p>\t\t\t<div class=\"post-meta wp-block teft-byline-wrapper\">\n\t\t\t\t<div class=\"top\">\n\t\t\t\t\t<div class=\"signature\">\n\t\t\t\t\t\t<div class=\"teft-byline\">\n\t\t\t\t\t\t\t\t\t\t\t\t\t\t<div>\n\t\t\t\t\t\t\t\t<h3>H\u00f8yres redaksjon<\/h3>\t\t\t\t\t\t\t\t\n\t\t\t\t\t\t\t\t\t\t\t\t\t\t\t\t\t<span class=\"date\">Sist oppdatert: 3. november 2022<\/span>\n\t\t\t\t\t\t\t\t\t\t\t\t\t\t\t\t\t\t\t\t\t\t\t\t\t<span class=\"reading-time\" itemprop=\"timeRequired\" content=\"PT1M\"><em>Ca. 1 minutter lesetid<\/em><\/span>\n\t\t\t\t\t\t\t\t\t\t\t\t\t\t\t<\/div>\n\t\t\t\t\t\t<\/div>\n\t\t\t\t\t<\/div>\n\t\t\t\t\t\t<div class=\"sharing\">\n\t\t<a class=\"share-button share-link copy-link\" data-copy=\"https:\/\/hoyre.no\/fredrikstad\/ordforerkandidat-arne-sekkelsten\/\" target=\"_blank\"><span class=\"screen-reader-text\">Del link<\/span><\/a>\n\t\t<a class=\"share-button share-twitter\" href=\"http:\/\/twitter.com\/share?text=Ordf\u00f8rerkandidat Arne Sekkelsten&#038;url=https:\/\/hoyre.no\/fredrikstad\/ordforerkandidat-arne-sekkelsten\/&#038;hashtags=Hoyre\" target=\"_blank\"><span class=\"screen-reader-text\">Del p\u00e5 twitter<\/span><\/a>\n\t\t<a class=\"share-button share-facebook\" href=\"https:\/\/www.facebook.com\/sharer\/sharer.php?u=https:\/\/hoyre.no\/fredrikstad\/ordforerkandidat-arne-sekkelsten\/\" target=\"_blank\"><span class=\"screen-reader-text\">Del p\u00e5 facebook<\/span><\/a>\n\t<\/div>\n\t\t\t\t\t<\/div>\n\t\t\t<\/div>\n\n\t\t\t<figure class=\"hoyre-image-wrapper\"><div class=\"hoyre-image\"><img loading=\"lazy\" decoding=\"async\" width=\"1806\" height=\"1881\" src=\"https:\/\/hoyre.no\/content\/uploads\/sites\/194\/2022\/10\/Image-scaled-e1668017045380.jpeg\" class=\"attachment-scaled size-scaled\" alt=\"Ordf\u00f8rer Arne Sekkelsten\" style=\"object-position: 45% 18%\" srcset=\"https:\/\/hoyre.no\/content\/uploads\/sites\/194\/2022\/10\/Image-scaled-e1668017045380.jpeg 1806w, https:\/\/hoyre.no\/content\/uploads\/sites\/194\/2022\/10\/Image-scaled-e1668017045380-288x300.jpeg 288w, https:\/\/hoyre.no\/content\/uploads\/sites\/194\/2022\/10\/Image-scaled-e1668017045380-983x1024.jpeg 983w, https:\/\/hoyre.no\/content\/uploads\/sites\/194\/2022\/10\/Image-scaled-e1668017045380-768x800.jpeg 768w, https:\/\/hoyre.no\/content\/uploads\/sites\/194\/2022\/10\/Image-scaled-e1668017045380-1475x1536.jpeg 1475w\" sizes=\"auto, (max-width: 1806px) 100vw, 1806px\" \/><\/div><\/figure><\/div><\/div>\n\n\n\n\n<p>Arne er spesielt opptatt av skolepolitikk, arbeidsplasser og en sunn kommune\u00f8konomi. En god kommune\u00f8konomi er en forutsetning for \u00e5 skape en god skole, som igjen er viktig for \u00e5 f\u00e5 jobb. Alt henger sammen med alt, og en m\u00e5 evne \u00e5 se helheten.&nbsp;<\/p>\n\n\n\n<p>Tidligere har Arne sittet i kommunestyret i Oppeg\u00e5rd, fylkestinget i Akershus, og bystyret i Fredrikstad fra 2019. &laquo;Jeg har sagt ja til \u00e5 v\u00e6re ordf\u00f8rerkandidat fordi jeg mener det er alt for lite satsning p\u00e5 skolen. Jeg vil gj\u00f8re mitt for \u00e5 styrke denne&raquo; sier Arne til Fredrikstad H\u00f8yre. Han er gift, har to barn, og bosatt p\u00e5 Kr\u00e5ker\u00f8y. Av fritidsinteresser utenom politikk, er han glad i b\u00e5tliv og fjellturer.&nbsp;<\/p>\n\n","protected":false},"excerpt":{"rendered":"","protected":false},"author":15700,"featured_media":0,"parent":0,"menu_order":0,"comment_status":"closed","ping_status":"closed","template":"","meta":{"teft_cards_image_url":"","teft_cards_custom_pretitle":"","teft_cards_image_id":664,"teft_cards_image_focal_point_x":0.5,"teft_cards_image_focal_point_y":0.5,"teft_cards_title":"","teft_cards_excerpt":"","teft_show_chapters":false,"footnotes":""},"class_list":["post-702","page","type-page","status-publish","hentry"],"yoast_head":"<!-- This site is optimized with the Yoast SEO plugin v26.6 - https:\/\/yoast.com\/wordpress\/plugins\/seo\/ -->\n<title>Ordf\u00f8rerkandidat Arne Sekkelsten - Fredrikstad H\u00f8yre<\/title>\n<meta name=\"robots\" content=\"index, follow, max-snippet:-1, max-image-preview:large, max-video-preview:-1\" \/>\n<link rel=\"canonical\" href=\"https:\/\/hoyre.no\/fredrikstad\/ordforerkandidat-arne-sekkelsten\/\" \/>\n<meta property=\"og:locale\" content=\"nb_NO\" \/>\n<meta property=\"og:type\" content=\"article\" \/>\n<meta property=\"og:title\" content=\"Ordf\u00f8rerkandidat Arne Sekkelsten - Fredrikstad H\u00f8yre\" \/>\n<meta property=\"og:url\" content=\"https:\/\/hoyre.no\/fredrikstad\/ordforerkandidat-arne-sekkelsten\/\" \/>\n<meta property=\"og:site_name\" content=\"Fredrikstad H\u00f8yre\" \/>\n<meta property=\"article:modified_time\" content=\"2022-11-03T15:45:00+00:00\" \/>\n<meta property=\"og:image\" content=\"https:\/\/hoyre.no\/content\/uploads\/sites\/194\/2022\/10\/Image-scaled-e1668017045380-983x1024.jpeg\" \/>\n<meta name=\"twitter:card\" content=\"summary_large_image\" \/>\n<meta name=\"twitter:label1\" content=\"Ansl. lesetid\" \/>\n\t<meta name=\"twitter:data1\" content=\"1 minutt\" \/>\n<script type=\"application\/ld+json\" class=\"yoast-schema-graph\">{\"@context\":\"https:\/\/schema.org\",\"@graph\":[{\"@type\":\"WebPage\",\"@id\":\"https:\/\/hoyre.no\/fredrikstad\/ordforerkandidat-arne-sekkelsten\/\",\"url\":\"https:\/\/hoyre.no\/fredrikstad\/ordforerkandidat-arne-sekkelsten\/\",\"name\":\"Ordf\u00f8rerkandidat Arne Sekkelsten - Fredrikstad H\u00f8yre\",\"isPartOf\":{\"@id\":\"https:\/\/hoyre.no\/fredrikstad\/#website\"},\"datePublished\":\"2022-11-03T15:29:55+00:00\",\"dateModified\":\"2022-11-03T15:45:00+00:00\",\"breadcrumb\":{\"@id\":\"https:\/\/hoyre.no\/fredrikstad\/ordforerkandidat-arne-sekkelsten\/#breadcrumb\"},\"inLanguage\":\"nb-NO\",\"potentialAction\":[{\"@type\":\"ReadAction\",\"target\":[\"https:\/\/hoyre.no\/fredrikstad\/ordforerkandidat-arne-sekkelsten\/\"]}]},{\"@type\":\"BreadcrumbList\",\"@id\":\"https:\/\/hoyre.no\/fredrikstad\/ordforerkandidat-arne-sekkelsten\/#breadcrumb\",\"itemListElement\":[{\"@type\":\"ListItem\",\"position\":1,\"name\":\"Til hoyre.no\",\"item\":\"https:\/\/hoyre.no\"},{\"@type\":\"ListItem\",\"position\":2,\"name\":\"Hjem\",\"item\":\"https:\/\/hoyre.no\/fredrikstad\/\"},{\"@type\":\"ListItem\",\"position\":3,\"name\":\"Ordf\u00f8rerkandidat Arne Sekkelsten\"}]},{\"@type\":\"WebSite\",\"@id\":\"https:\/\/hoyre.no\/fredrikstad\/#website\",\"url\":\"https:\/\/hoyre.no\/fredrikstad\/\",\"name\":\"Fredrikstad H\u00f8yre\",\"description\":\"Bare enda et H\u00f8yres nettsteder-nettsted\",\"inLanguage\":\"nb-NO\"}]}<\/script>\n<!-- \/ Yoast SEO plugin. -->","yoast_head_json":{"title":"Ordf\u00f8rerkandidat Arne Sekkelsten - Fredrikstad H\u00f8yre","robots":{"index":"index","follow":"follow","max-snippet":"max-snippet:-1","max-image-preview":"max-image-preview:large","max-video-preview":"max-video-preview:-1"},"canonical":"https:\/\/hoyre.no\/fredrikstad\/ordforerkandidat-arne-sekkelsten\/","og_locale":"nb_NO","og_type":"article","og_title":"Ordf\u00f8rerkandidat Arne Sekkelsten - Fredrikstad H\u00f8yre","og_url":"https:\/\/hoyre.no\/fredrikstad\/ordforerkandidat-arne-sekkelsten\/","og_site_name":"Fredrikstad H\u00f8yre","article_modified_time":"2022-11-03T15:45:00+00:00","og_image":[{"url":"https:\/\/hoyre.no\/content\/uploads\/sites\/194\/2022\/10\/Image-scaled-e1668017045380-983x1024.jpeg","width":"","height":"","type":""}],"twitter_card":"summary_large_image","twitter_misc":{"Ansl. lesetid":"1 minutt"},"schema":{"@context":"https:\/\/schema.org","@graph":[{"@type":"WebPage","@id":"https:\/\/hoyre.no\/fredrikstad\/ordforerkandidat-arne-sekkelsten\/","url":"https:\/\/hoyre.no\/fredrikstad\/ordforerkandidat-arne-sekkelsten\/","name":"Ordf\u00f8rerkandidat Arne Sekkelsten - Fredrikstad H\u00f8yre","isPartOf":{"@id":"https:\/\/hoyre.no\/fredrikstad\/#website"},"datePublished":"2022-11-03T15:29:55+00:00","dateModified":"2022-11-03T15:45:00+00:00","breadcrumb":{"@id":"https:\/\/hoyre.no\/fredrikstad\/ordforerkandidat-arne-sekkelsten\/#breadcrumb"},"inLanguage":"nb-NO","potentialAction":[{"@type":"ReadAction","target":["https:\/\/hoyre.no\/fredrikstad\/ordforerkandidat-arne-sekkelsten\/"]}]},{"@type":"BreadcrumbList","@id":"https:\/\/hoyre.no\/fredrikstad\/ordforerkandidat-arne-sekkelsten\/#breadcrumb","itemListElement":[{"@type":"ListItem","position":1,"name":"Til hoyre.no","item":"https:\/\/hoyre.no"},{"@type":"ListItem","position":2,"name":"Hjem","item":"https:\/\/hoyre.no\/fredrikstad\/"},{"@type":"ListItem","position":3,"name":"Ordf\u00f8rerkandidat Arne Sekkelsten"}]},{"@type":"WebSite","@id":"https:\/\/hoyre.no\/fredrikstad\/#website","url":"https:\/\/hoyre.no\/fredrikstad\/","name":"Fredrikstad H\u00f8yre","description":"Bare enda et H\u00f8yres nettsteder-nettsted","inLanguage":"nb-NO"}]}},"distributor_meta":false,"distributor_terms":false,"distributor_media":false,"distributor_original_site_name":"Fredrikstad H\u00f8yre","distributor_original_site_url":"https:\/\/hoyre.no\/fredrikstad","push-errors":false,"_links":{"self":[{"href":"https:\/\/hoyre.no\/fredrikstad\/wp-json\/wp\/v2\/pages\/702","targetHints":{"allow":["GET"]}}],"collection":[{"href":"https:\/\/hoyre.no\/fredrikstad\/wp-json\/wp\/v2\/pages"}],"about":[{"href":"https:\/\/hoyre.no\/fredrikstad\/wp-json\/wp\/v2\/types\/page"}],"author":[{"embeddable":true,"href":"https:\/\/hoyre.no\/fredrikstad\/wp-json\/wp\/v2\/users\/15700"}],"replies":[{"embeddable":true,"href":"https:\/\/hoyre.no\/fredrikstad\/wp-json\/wp\/v2\/comments?post=702"}],"version-history":[{"count":2,"href":"https:\/\/hoyre.no\/fredrikstad\/wp-json\/wp\/v2\/pages\/702\/revisions"}],"predecessor-version":[{"id":707,"href":"https:\/\/hoyre.no\/fredrikstad\/wp-json\/wp\/v2\/pages\/702\/revisions\/707"}],"wp:attachment":[{"href":"https:\/\/hoyre.no\/fredrikstad\/wp-json\/wp\/v2\/media?parent=702"}],"curies":[{"name":"wp","href":"https:\/\/api.w.org\/{rel}","templated":true}]}}