{"id":940,"date":"2023-04-23T21:54:25","date_gmt":"2023-04-23T19:54:25","guid":{"rendered":"https:\/\/hoyre.no\/fredrikstad\/?page_id=940"},"modified":"2023-04-23T21:56:44","modified_gmt":"2023-04-23T19:56:44","slug":"hjertesaker","status":"publish","type":"page","link":"https:\/\/hoyre.no\/fredrikstad\/hjertesaker\/","title":{"rendered":"Hjertesaker"},"content":{"rendered":"\n<div class=\"wp-block-hoyre-hero with-image-gradient text-color-light  has-media alignfull has-background\"><div class=\"hoyre-hero has-image\"><h1 class=\"title\">V\u00e5re hjertesaker<\/h1><figure class=\"hoyre-image-wrapper\"><div class=\"hoyre-image\"><img loading=\"lazy\" decoding=\"async\" width=\"800\" height=\"533\" src=\"https:\/\/hoyre.no\/content\/uploads\/sites\/194\/2020\/11\/57583172c29143628d97.png\" class=\"attachment-scaled size-scaled\" alt=\"\" style=\"object-position: 39% 20%\" srcset=\"https:\/\/hoyre.no\/content\/uploads\/sites\/194\/2020\/11\/57583172c29143628d97.png 800w, https:\/\/hoyre.no\/content\/uploads\/sites\/194\/2020\/11\/57583172c29143628d97-300x200.png 300w, https:\/\/hoyre.no\/content\/uploads\/sites\/194\/2020\/11\/57583172c29143628d97-768x512.png 768w\" sizes=\"auto, (max-width: 800px) 100vw, 800px\" \/><\/div><\/figure><\/div><\/div>\n\n\n\n\n<div class=\"wp-block-hoyre-opinions alignfull wp-block has-background has-icon-title\"><div class=\"block-inner\"><div class=\"post-wrap\"><h2 class=\"title anchor-title\">Hjertesaker<\/h2><ul>\n<li class=\"wp-block-hoyre-single-opinion-free-text\"><h3>Det store skolel\u00f8ftet<\/h3><p>B\u00e5de elever og l\u00e6rere fortjener godt vedlikeholdte og hensiktsmessige skolebygg. Vi vet at utdanning reduserer sosiale forskjeller, og at frafall i skolen er en av de viktigste driverne for sosial og \u00f8konomisk ulikhet. Derfor har H\u00f8yre sitt hovedfokus p\u00e5 skolen.Vi vil pusse opp og bygge nye skoler for mist en milliard de neste fire \u00e5rene. \u00c5 kunne lese og skrive funksjonelt er den viktigste faktoren for \u00e5 fullf\u00f8re videreg\u00e5ende skole, skaffe seg en utdannelse, bli deltaker i arbeidslivet og leve et godt liv. Derfor vil vi satse p\u00e5 de ansatte i skolen. Det er de som vet best. H\u00f8yre vil at l\u00e6rerne skal bruke tiden sin p\u00e5 elevene. Vi har tillit til l\u00e6rerne, og sammen med dem skal vi se p\u00e5 hvordan vi kan redusere administrasjonsarbeidet. Hovedfokuset skal ligge p\u00e5 \u00e5 bygge et sterkt lag rundt eleven. Vi vil st\u00f8tte ulike pedagogiske tiltak, som bidrar til \u00e5 bekjempe ulike typer frafall i skolen. Fredrikstad-skolen skal v\u00e6re en skole der alle kan lykkes.<\/p><\/li>\n\n\n\n<li class=\"wp-block-hoyre-single-opinion-free-text\"><h3>Bedre kommune\u00f8konomi<\/h3><p>H\u00f8yre \u00f8nsker en effektiv drift av Fredrikstad kommune. Kommunen m\u00e5 fokusere og konsentrere virksomheten, for \u00e5 f\u00e5 mest mulig ut av hver skattekrone. Fokuset skal v\u00e6re p\u00e5 lovp\u00e5lagte tjenester og kommunens kjerneoppgaver &#8211; p\u00e5 omr\u00e5dene oppvekst og omsorg. Dessuten m\u00e5 kommunens verdier sikres for framtiden. Det gj\u00f8r vi best gjennom \u00e5 selge unna eiendommer med lav utnyttelsesgrad, og investere midlene, slik at vi kan benytte avkasningen til vedlikehold av n\u00f8dvendige komunale bygninger. H\u00f8yre vil ha en kritisk gjennomgang av administrative og tekniske funksjoner, og \u00f8nsker en restriktiv holdning til reansettelser og nyansettelser p\u00e5 ikke-lovp\u00e5lagte omr\u00e5der. <\/p><\/li>\n\n\n\n<li class=\"wp-block-hoyre-single-opinion-free-text\"><h3>N\u00e6ringslivets Ja-kommune<\/h3><p>Deltakelse i arbeidslivet er en av de viktigste driverne for sosial likhet. I Fredrikstad st\u00e5r 14 500 personer utenfor arbeidslivet. Derfor vil H\u00f8yre legge til rette for gode tiltak som bidrar til \u00f8kt deltakelse i arbeidslivet. \u00c5 ha en jobb er viktig for den enkeltes frihet og for utviklingen av Fredrikstad-samfunnet. N\u00e6ringslivet skal oppleve et effektivt byr\u00e5krati og forutsigbare s\u00f8knadsprosesser. Det skal bli enklere \u00e5 etablere virksomheter i Fredrikstad. H\u00f8yre vil ogs\u00e5 legge til rette for \u00f8kt samarbeid mellom private og kommunale akt\u00f8rer. Kommunen skal gj\u00f8re arealer tilgjengelig for personer med gode ideer, og st\u00f8tte opp om dem som satser gjennom egne innkj\u00f8p.<\/p><\/li>\n\n\n\n<li class=\"wp-block-hoyre-single-opinion-free-text\"><h3>Fredrikstad hele livet<\/h3><p>Alle innbyggere i Fredrikstad skal v\u00e6re trygge p\u00e5 at de f\u00e5r hjelp n\u00e5r de trenger det. Vi vil s\u00f8rge for gode m\u00f8teplasser, smakfulle m\u00e5ltider og et variert aktivitetstilbud for alle eldre, slik at alle kan leve gode liv \u2013 hele livet!  Vi mener at en mer sosial boligbygging, slik at eldre kan selge tungdrevne hus og flytte inn i mer lettstelte leiligheter, kan bidra til \u00e5 lette trykket, b\u00e5de p\u00e5 boligmarkedet og p\u00e5 de kommunale hjelpetjenestene. Vi vil bygge flere bo- og omsorgsplasser og gi eldre mulighet til \u00e5 bo hjemme lengre. Gjennom en tett dialog med private utbyggere vil vi sikre en st\u00f8rst mulig grad av sosial profil p\u00e5 nye utbyggingsprosjekter. Fredrikstad skal v\u00e6re en offensiv kommune med ansatte som f\u00e5r anledning til \u00e5 bruke ny teknologi, og som f\u00e5r arbeide i turnusordninger som s\u00f8rger for en mer stabil bemanning. Vi \u00f8nsker aktive brukerr\u00e5d der p\u00e5r\u00f8rende deltar, og et godt samarbeid med frivillige. Slik kan v\u00e5rt dyktige helsepersonell gi dager til livet, mens frivillige fra lokalsamfunnet gir liv til dagene.<\/p><\/li>\n\n\n\n<li class=\"wp-block-hoyre-single-opinion-free-text\"><h3>Bl\u00e5 politikk for et gr\u00f8nt skifte<\/h3><p>Klima- og milj\u00f8endringene er v\u00e5r tids st\u00f8rste utfordring. Utfordringen krever internasjonal, nasjonal og lokal innsats. H\u00f8yre mener at noe av det viktigste vi kan gj\u00f8re for barna v\u00e5re er \u00e5 f\u00f8re en offensiv og klimaklok politikk der vi kutter utslipp samtidig som vi skaper nye arbeidsplasser og beholder velferden. Det skal stilles strenge utslippskrav til kommunalt eide selskaper. Ved innkj\u00f8p av tjenester skal vi stimulerer til bruk av klimavennlig teknologi. Vi skal legge til rette for framtidens gr\u00f8nne industrietableringer. Fredrikstad har store omr\u00e5der med skog, land og vann. Dette er viktige rekreasjonsomr\u00e5der for alle som bor her, men det er ogs\u00e5 et viktig n\u00e6ringsgrunnlag.<\/p><\/li>\n\n\n\n<li class=\"wp-block-hoyre-single-opinion-free-text\"><h3>Samferdsel<\/h3><p>H\u00f8yre vil gj\u00f8re det lettere for innbyggerne \u00e5 ta milj\u00f8smarte valg. Gode veier og kollektivl\u00f8sninger er viktig for at folk og varer skal komme raskt og trygt frem. H\u00f8yre vil legge til rette for st\u00f8rre bo- og arbeidsmarkeder som gj\u00f8r at folk kan jobbe og bo der de vil. Derfor vil H\u00f8yre bygge og vedlikeholde flere veier. Vi vil ogs\u00e5 styrke kollektivtransport som et alternativ til bilen. Det skal l\u00f8nne seg \u00e5 kj\u00f8re milj\u00f8bevisst gjennom reduserte avgifter for el-biler.<\/p><\/li>\n\n\n\n<li class=\"wp-block-hoyre-single-opinion-free-text\"><h3>Mulighetenes kommune<\/h3><p>Mange opplever \u00e5 f\u00e5 en svekket privat\u00f8konomi p\u00e5 grunn av kommunale avgifter, h\u00f8ye str\u00f8mpriser, \u00f8kte renter og et stadig strammere matbudsjett. Eiendomsskatten kan f\u00f8re til at unge etablerer seg i nabokommuner med lavere skatter og avgifter. Antall fattige i byen \u00f8ker, og stadig flere m\u00e5 opps\u00f8ke matstasjoner og andre hjelpetiltak. N\u00e5r Fredrikstadfolk sliter med privat\u00f8konomien, skal kommunen v\u00e6re sv\u00e6rt forsiktig med \u00e5 p\u00e5legge innbyggerne h\u00f8yere skatter og avgifter. Alle barn i kommunen skal kunne delta i minst en fritidsaktivitet. Vi skal ha skoler som sikre alle muligheten til \u00e5 skape seg en fremtid, et hjem og en jobb i Fredrikstad.<\/p><\/li>\n<\/ul><\/div><\/div><\/div>\n\n","protected":false},"excerpt":{"rendered":"","protected":false},"author":15700,"featured_media":0,"parent":0,"menu_order":0,"comment_status":"closed","ping_status":"closed","template":"","meta":{"teft_cards_image_url":"","teft_cards_custom_pretitle":"","teft_cards_image_id":0,"teft_cards_image_focal_point_x":0,"teft_cards_image_focal_point_y":0,"teft_cards_title":"","teft_cards_excerpt":"","teft_show_chapters":false,"footnotes":""},"class_list":["post-940","page","type-page","status-publish","hentry"],"yoast_head":"<!-- This site is optimized with the Yoast SEO plugin v26.6 - https:\/\/yoast.com\/wordpress\/plugins\/seo\/ -->\n<title>Hjertesaker - Fredrikstad H\u00f8yre<\/title>\n<meta name=\"robots\" content=\"index, follow, max-snippet:-1, max-image-preview:large, max-video-preview:-1\" \/>\n<link rel=\"canonical\" href=\"https:\/\/hoyre.no\/fredrikstad\/hjertesaker\/\" \/>\n<meta property=\"og:locale\" content=\"nb_NO\" \/>\n<meta property=\"og:type\" content=\"article\" \/>\n<meta property=\"og:title\" content=\"Hjertesaker - Fredrikstad H\u00f8yre\" \/>\n<meta property=\"og:url\" content=\"https:\/\/hoyre.no\/fredrikstad\/hjertesaker\/\" \/>\n<meta property=\"og:site_name\" content=\"Fredrikstad H\u00f8yre\" \/>\n<meta property=\"article:modified_time\" content=\"2023-04-23T19:56:44+00:00\" \/>\n<meta property=\"og:image\" content=\"https:\/\/hoyre.no\/content\/uploads\/sites\/194\/2022\/11\/Hoyres-logo.png\" \/>\n\t<meta property=\"og:image:width\" content=\"1000\" \/>\n\t<meta property=\"og:image:height\" content=\"1000\" \/>\n\t<meta property=\"og:image:type\" content=\"image\/png\" \/>\n<meta name=\"twitter:card\" content=\"summary_large_image\" \/>\n<meta name=\"twitter:label1\" content=\"Ansl. lesetid\" \/>\n\t<meta name=\"twitter:data1\" content=\"5 minutter\" \/>\n<script type=\"application\/ld+json\" class=\"yoast-schema-graph\">{\"@context\":\"https:\/\/schema.org\",\"@graph\":[{\"@type\":\"WebPage\",\"@id\":\"https:\/\/hoyre.no\/fredrikstad\/hjertesaker\/\",\"url\":\"https:\/\/hoyre.no\/fredrikstad\/hjertesaker\/\",\"name\":\"Hjertesaker - Fredrikstad H\u00f8yre\",\"isPartOf\":{\"@id\":\"https:\/\/hoyre.no\/fredrikstad\/#website\"},\"datePublished\":\"2023-04-23T19:54:25+00:00\",\"dateModified\":\"2023-04-23T19:56:44+00:00\",\"breadcrumb\":{\"@id\":\"https:\/\/hoyre.no\/fredrikstad\/hjertesaker\/#breadcrumb\"},\"inLanguage\":\"nb-NO\",\"potentialAction\":[{\"@type\":\"ReadAction\",\"target\":[\"https:\/\/hoyre.no\/fredrikstad\/hjertesaker\/\"]}]},{\"@type\":\"BreadcrumbList\",\"@id\":\"https:\/\/hoyre.no\/fredrikstad\/hjertesaker\/#breadcrumb\",\"itemListElement\":[{\"@type\":\"ListItem\",\"position\":1,\"name\":\"Til hoyre.no\",\"item\":\"https:\/\/hoyre.no\"},{\"@type\":\"ListItem\",\"position\":2,\"name\":\"Hjem\",\"item\":\"https:\/\/hoyre.no\/fredrikstad\/\"},{\"@type\":\"ListItem\",\"position\":3,\"name\":\"Hjertesaker\"}]},{\"@type\":\"WebSite\",\"@id\":\"https:\/\/hoyre.no\/fredrikstad\/#website\",\"url\":\"https:\/\/hoyre.no\/fredrikstad\/\",\"name\":\"Fredrikstad H\u00f8yre\",\"description\":\"Bare enda et H\u00f8yres nettsteder-nettsted\",\"inLanguage\":\"nb-NO\"}]}<\/script>\n<!-- \/ Yoast SEO plugin. -->","yoast_head_json":{"title":"Hjertesaker - Fredrikstad H\u00f8yre","robots":{"index":"index","follow":"follow","max-snippet":"max-snippet:-1","max-image-preview":"max-image-preview:large","max-video-preview":"max-video-preview:-1"},"canonical":"https:\/\/hoyre.no\/fredrikstad\/hjertesaker\/","og_locale":"nb_NO","og_type":"article","og_title":"Hjertesaker - Fredrikstad H\u00f8yre","og_url":"https:\/\/hoyre.no\/fredrikstad\/hjertesaker\/","og_site_name":"Fredrikstad H\u00f8yre","article_modified_time":"2023-04-23T19:56:44+00:00","og_image":[{"width":1000,"height":1000,"url":"https:\/\/hoyre.no\/content\/uploads\/sites\/194\/2022\/11\/Hoyres-logo.png","type":"image\/png"}],"twitter_card":"summary_large_image","twitter_misc":{"Ansl. lesetid":"5 minutter"},"schema":{"@context":"https:\/\/schema.org","@graph":[{"@type":"WebPage","@id":"https:\/\/hoyre.no\/fredrikstad\/hjertesaker\/","url":"https:\/\/hoyre.no\/fredrikstad\/hjertesaker\/","name":"Hjertesaker - Fredrikstad H\u00f8yre","isPartOf":{"@id":"https:\/\/hoyre.no\/fredrikstad\/#website"},"datePublished":"2023-04-23T19:54:25+00:00","dateModified":"2023-04-23T19:56:44+00:00","breadcrumb":{"@id":"https:\/\/hoyre.no\/fredrikstad\/hjertesaker\/#breadcrumb"},"inLanguage":"nb-NO","potentialAction":[{"@type":"ReadAction","target":["https:\/\/hoyre.no\/fredrikstad\/hjertesaker\/"]}]},{"@type":"BreadcrumbList","@id":"https:\/\/hoyre.no\/fredrikstad\/hjertesaker\/#breadcrumb","itemListElement":[{"@type":"ListItem","position":1,"name":"Til hoyre.no","item":"https:\/\/hoyre.no"},{"@type":"ListItem","position":2,"name":"Hjem","item":"https:\/\/hoyre.no\/fredrikstad\/"},{"@type":"ListItem","position":3,"name":"Hjertesaker"}]},{"@type":"WebSite","@id":"https:\/\/hoyre.no\/fredrikstad\/#website","url":"https:\/\/hoyre.no\/fredrikstad\/","name":"Fredrikstad H\u00f8yre","description":"Bare enda et H\u00f8yres nettsteder-nettsted","inLanguage":"nb-NO"}]}},"distributor_meta":false,"distributor_terms":false,"distributor_media":false,"distributor_original_site_name":"Fredrikstad H\u00f8yre","distributor_original_site_url":"https:\/\/hoyre.no\/fredrikstad","push-errors":false,"_links":{"self":[{"href":"https:\/\/hoyre.no\/fredrikstad\/wp-json\/wp\/v2\/pages\/940","targetHints":{"allow":["GET"]}}],"collection":[{"href":"https:\/\/hoyre.no\/fredrikstad\/wp-json\/wp\/v2\/pages"}],"about":[{"href":"https:\/\/hoyre.no\/fredrikstad\/wp-json\/wp\/v2\/types\/page"}],"author":[{"embeddable":true,"href":"https:\/\/hoyre.no\/fredrikstad\/wp-json\/wp\/v2\/users\/15700"}],"replies":[{"embeddable":true,"href":"https:\/\/hoyre.no\/fredrikstad\/wp-json\/wp\/v2\/comments?post=940"}],"version-history":[{"count":4,"href":"https:\/\/hoyre.no\/fredrikstad\/wp-json\/wp\/v2\/pages\/940\/revisions"}],"predecessor-version":[{"id":945,"href":"https:\/\/hoyre.no\/fredrikstad\/wp-json\/wp\/v2\/pages\/940\/revisions\/945"}],"wp:attachment":[{"href":"https:\/\/hoyre.no\/fredrikstad\/wp-json\/wp\/v2\/media?parent=940"}],"curies":[{"name":"wp","href":"https:\/\/api.w.org\/{rel}","templated":true}]}}