{"id":191,"date":"2022-12-12T14:16:07","date_gmt":"2022-12-12T13:16:07","guid":{"rendered":"https:\/\/hoyre.no\/frogn\/?page_id=191"},"modified":"2023-04-18T18:36:33","modified_gmt":"2023-04-18T16:36:33","slug":"sigbjorn-odden-var-ordforerkandidat","status":"publish","type":"page","link":"https:\/\/hoyre.no\/frogn\/sigbjorn-odden-var-ordforerkandidat\/","title":{"rendered":"Sigbj\u00f8rn Odden &#8211; v\u00e5r ordf\u00f8rerkandidat"},"content":{"rendered":"\n<div class=\"wp-block-hoyre-hero with-image-gradient text-color-light  has-media alignfull has-background\"><div class=\"hoyre-hero has-image\"><h1 class=\"title\">Sigbj\u00f8rn Odden &#8211; v\u00e5r ordf\u00f8rerkandidat<\/h1><p class=\"preamble\">Sigbj\u00f8rn har lang erfaring som folkevalgt, er en tallknuser og har b\u00e5de erfaringer og evner som gj\u00f8r han til en utmerket ordf\u00f8rer i Frogn.<\/p>\t\t\t<div class=\"post-meta wp-block teft-byline-wrapper\">\n\t\t\t\t<div class=\"top\">\n\t\t\t\t\t<div class=\"signature\">\n\t\t\t\t\t\t<div class=\"teft-byline\">\n\t\t\t\t\t\t\t\t\t\t\t\t\t\t<div>\n\t\t\t\t\t\t\t\t<h3>H\u00f8yres redaksjon<\/h3>\t\t\t\t\t\t\t\t\n\t\t\t\t\t\t\t\t\t\t\t\t\t\t\t\t\t<span class=\"date\">Sist oppdatert: 18. april 2023<\/span>\n\t\t\t\t\t\t\t\t\t\t\t\t\t\t\t\t\t\t\t\t\t\t\t\t\t<span class=\"reading-time\" itemprop=\"timeRequired\" content=\"PT3M\"><em>Ca. 3 minutter lesetid<\/em><\/span>\n\t\t\t\t\t\t\t\t\t\t\t\t\t\t\t<\/div>\n\t\t\t\t\t\t<\/div>\n\t\t\t\t\t<\/div>\n\t\t\t\t\t\t<div class=\"sharing\">\n\t\t<a class=\"share-button share-link copy-link\" data-copy=\"https:\/\/hoyre.no\/frogn\/sigbjorn-odden-var-ordforerkandidat\/\" target=\"_blank\"><span class=\"screen-reader-text\">Del link<\/span><\/a>\n\t\t<a class=\"share-button share-twitter\" href=\"http:\/\/twitter.com\/share?text=Sigbj\u00f8rn Odden &#8211; v\u00e5r ordf\u00f8rerkandidat&#038;url=https:\/\/hoyre.no\/frogn\/sigbjorn-odden-var-ordforerkandidat\/&#038;hashtags=Hoyre\" target=\"_blank\"><span class=\"screen-reader-text\">Del p\u00e5 twitter<\/span><\/a>\n\t\t<a class=\"share-button share-facebook\" href=\"https:\/\/www.facebook.com\/sharer\/sharer.php?u=https:\/\/hoyre.no\/frogn\/sigbjorn-odden-var-ordforerkandidat\/\" target=\"_blank\"><span class=\"screen-reader-text\">Del p\u00e5 facebook<\/span><\/a>\n\t<\/div>\n\t\t\t\t\t<\/div>\n\t\t\t<\/div>\n\n\t\t\t<figure class=\"hoyre-image-wrapper\"><div class=\"hoyre-image\"><img loading=\"lazy\" decoding=\"async\" width=\"2500\" height=\"1670\" src=\"https:\/\/hoyre.no\/content\/uploads\/sites\/195\/2023\/04\/DSC07738-scaled.jpg\" class=\"attachment-scaled size-scaled\" alt=\"\" style=\"object-position: 25% 4%\" srcset=\"https:\/\/hoyre.no\/content\/uploads\/sites\/195\/2023\/04\/DSC07738-scaled.jpg 2500w, https:\/\/hoyre.no\/content\/uploads\/sites\/195\/2023\/04\/DSC07738-300x200.jpg 300w, https:\/\/hoyre.no\/content\/uploads\/sites\/195\/2023\/04\/DSC07738-1024x684.jpg 1024w, https:\/\/hoyre.no\/content\/uploads\/sites\/195\/2023\/04\/DSC07738-768x513.jpg 768w, https:\/\/hoyre.no\/content\/uploads\/sites\/195\/2023\/04\/DSC07738-1536x1026.jpg 1536w, https:\/\/hoyre.no\/content\/uploads\/sites\/195\/2023\/04\/DSC07738-2048x1368.jpg 2048w\" sizes=\"auto, (max-width: 2500px) 100vw, 2500px\" \/><\/div><\/figure><\/div><\/div>\n\n\n\n\n<div class=\"wp-block-buttons alignfull is-content-justification-center is-layout-flex wp-container-core-buttons-is-layout-16018d1d wp-block-buttons-is-layout-flex\">\n<div class=\"wp-block-button\"><a class=\"wp-block-button__link\" href=\"https:\/\/hoyre.no\/nyhetsbrev\/\">ABONNER P\u00c5 H\u00d8YRES NYHETSBREV<\/a><\/div>\n\n\n\n<div class=\"wp-block-button\"><a class=\"wp-block-button__link\" href=\"https:\/\/hoyre.no\/personprofiler\/sigbjorn-odden\/\">Kom i kontakt med sigbj\u00f8rn<\/a><\/div>\n\n\n\n<div class=\"wp-block-button\"><a class=\"wp-block-button__link\" href=\"https:\/\/www.facebook.com\/frognhoyre\">f\u00f8lg frogn h\u00f8yre p\u00e5 facebook<\/a><\/div>\n<\/div>\n\n\n\n<div class=\"wp-block-hoyre-banner undefined has-icon-title icon-heart\"><div class=\"banner-inner\"><div class=\"banner-content\"><div class=\"entry-content\">\n<h2 class=\"has-text-align-center wp-block-heading\">Bli bedre kjent med Sigbj\u00f8rn!<\/h2>\n\n\n\n<p class=\"has-text-align-left\"><strong>Alder:<\/strong> 58 \u00e5r<\/p>\n\n\n\n<p class=\"has-text-align-left\"><strong>Bosted:<\/strong> Dr\u00f8bak<\/p>\n\n\n\n<p class=\"has-text-align-left\"><strong>Jobb:<\/strong> Produktomr\u00e5deleder \u2013 Statens pensjonskasse<\/p>\n\n\n\n<p class=\"has-text-align-left\"><strong>Bakgrunn:<\/strong> Gruppeleder for H\u00f8yre i Frogn kommunestyre, ble folkevalgt for f\u00f8rste gang i 1995 i Oslo<\/p>\n\n\n\n<p class=\"has-text-align-left\"><\/p>\n\n\n\n<div class=\"wp-block-buttons is-layout-flex wp-block-buttons-is-layout-flex\"><\/div>\n<\/div><\/div><\/div><\/div>\n\n\n\n<figure class=\"wp-block-teft-gallery columns-3 count-3 rows-2 is-cropped is-style-grid\"><ul class=\"teft-gallery-grid\"><li class=\"teft-gallery-item \"><figure><a href=\"https:\/\/hoyre.no\/content\/uploads\/sites\/195\/2022\/12\/Sigbjorn_portrett-scaled.jpeg\" data-size=\"2500x1667\"><img loading=\"lazy\" decoding=\"async\" width=\"1024\" height=\"683\" src=\"https:\/\/hoyre.no\/content\/uploads\/sites\/195\/2022\/12\/Sigbjorn_portrett-1024x683.jpeg\" class=\"attachment-large size-large\" alt=\"\" srcset=\"https:\/\/hoyre.no\/content\/uploads\/sites\/195\/2022\/12\/Sigbjorn_portrett-1024x683.jpeg 1024w, https:\/\/hoyre.no\/content\/uploads\/sites\/195\/2022\/12\/Sigbjorn_portrett-300x200.jpeg 300w, https:\/\/hoyre.no\/content\/uploads\/sites\/195\/2022\/12\/Sigbjorn_portrett-768x512.jpeg 768w, https:\/\/hoyre.no\/content\/uploads\/sites\/195\/2022\/12\/Sigbjorn_portrett-1536x1024.jpeg 1536w, https:\/\/hoyre.no\/content\/uploads\/sites\/195\/2022\/12\/Sigbjorn_portrett-2048x1365.jpeg 2048w\" sizes=\"auto, (max-width: 1024px) 100vw, 1024px\" \/ data-full-url=\"https:\/\/hoyre.no\/content\/uploads\/sites\/195\/2022\/12\/Sigbjorn_portrett-scaled.jpeg\" data-id=\"310\" data-caption=\"310\"\/><\/a><\/figure><\/li><li class=\"teft-gallery-item \"><figure><a href=\"https:\/\/hoyre.no\/content\/uploads\/sites\/195\/2022\/12\/241631457_10161407702598569_3401020463216413751_n.jpg\" data-size=\"1511x2000\"><img loading=\"lazy\" decoding=\"async\" width=\"774\" height=\"1024\" src=\"https:\/\/hoyre.no\/content\/uploads\/sites\/195\/2022\/12\/241631457_10161407702598569_3401020463216413751_n-774x1024.jpg\" class=\"attachment-large size-large\" alt=\"\" srcset=\"https:\/\/hoyre.no\/content\/uploads\/sites\/195\/2022\/12\/241631457_10161407702598569_3401020463216413751_n-774x1024.jpg 774w, https:\/\/hoyre.no\/content\/uploads\/sites\/195\/2022\/12\/241631457_10161407702598569_3401020463216413751_n-227x300.jpg 227w, https:\/\/hoyre.no\/content\/uploads\/sites\/195\/2022\/12\/241631457_10161407702598569_3401020463216413751_n-768x1017.jpg 768w, https:\/\/hoyre.no\/content\/uploads\/sites\/195\/2022\/12\/241631457_10161407702598569_3401020463216413751_n-1160x1536.jpg 1160w, https:\/\/hoyre.no\/content\/uploads\/sites\/195\/2022\/12\/241631457_10161407702598569_3401020463216413751_n.jpg 1511w\" sizes=\"auto, (max-width: 774px) 100vw, 774px\" \/ data-full-url=\"https:\/\/hoyre.no\/content\/uploads\/sites\/195\/2022\/12\/241631457_10161407702598569_3401020463216413751_n.jpg\" data-id=\"311\" data-caption=\"311\"\/><\/a><\/figure><\/li><li class=\"teft-gallery-item \"><figure><a href=\"https:\/\/hoyre.no\/content\/uploads\/sites\/195\/2022\/08\/sigbjorn-hoved.jpeg\" data-size=\"2000x1554\"><img loading=\"lazy\" decoding=\"async\" width=\"1024\" height=\"796\" src=\"https:\/\/hoyre.no\/content\/uploads\/sites\/195\/2022\/08\/sigbjorn-hoved-1024x796.jpeg\" class=\"attachment-large size-large\" alt=\"\" srcset=\"https:\/\/hoyre.no\/content\/uploads\/sites\/195\/2022\/08\/sigbjorn-hoved-1024x796.jpeg 1024w, https:\/\/hoyre.no\/content\/uploads\/sites\/195\/2022\/08\/sigbjorn-hoved-300x233.jpeg 300w, https:\/\/hoyre.no\/content\/uploads\/sites\/195\/2022\/08\/sigbjorn-hoved-768x597.jpeg 768w, https:\/\/hoyre.no\/content\/uploads\/sites\/195\/2022\/08\/sigbjorn-hoved-1536x1193.jpeg 1536w, https:\/\/hoyre.no\/content\/uploads\/sites\/195\/2022\/08\/sigbjorn-hoved.jpeg 2000w\" sizes=\"auto, (max-width: 1024px) 100vw, 1024px\" \/ data-full-url=\"https:\/\/hoyre.no\/content\/uploads\/sites\/195\/2022\/08\/sigbjorn-hoved.jpeg\" data-id=\"200\" data-caption=\"200\"\/><\/a><\/figure><\/li><\/ul><\/figure>\n\n\n\n<h2 class=\"has-text-align-center wp-block-heading\">Sigbj\u00f8rns hjertesak &#8211; St\u00f8dig kurs for Frogn<\/h2>\n\n\n\n<p>Det Frogn trenger n\u00e5 er st\u00f8 kurs for \u00e5 h\u00e5ndtere de utfordringene kommunen st\u00e5r overfor. Vi m\u00e5 tiltrekke oss flere barnefamilier slik at vi kan f\u00e5 fylle opp skolene igjen, sikre en god aldersbalanse i befolkningen og styrke lokalsamfunnet. Vi m\u00e5 utnytte mulighetene i digitalisering og det gr\u00f8nne skiftet for \u00e5 skape gode tjenester og l\u00f8sninger som gj\u00f8r at Frogn fortsetter \u00e5 v\u00e6re en attraktiv kommune i dag og for kommende generasjoner.<\/p>\n\n\n\n<p><strong>Hvorfor er H\u00f8yre rett parti for deg?&nbsp;<\/strong><\/p>\n\n\n\n<p>Jeg opplever at H\u00f8yre har de beste l\u00f8sningene for \u00e5 m\u00f8te samfunnsutfordringene, sikre demokratiet og bygge fremtidens Norge. H\u00f8yre er et helhetlig og ansvarlig parti som tar utgangspunkt i det enkelte mennesket. Vi er opptatt av \u00e5 bygge et samfunn der det er plass til alle og hvor den enkelte har frihet til \u00e5 gj\u00f8re sine valg.<\/p>\n\n\n\n<p><strong>Hva er din hjertesak (en lokal og en nasjonal)?&nbsp;<\/strong><\/p>\n\n\n\n<p>Mitt viktigste m\u00e5l med politikken er \u00e5 bidra til et vitalt og fungerende lokalsamfunn. Jeg har stor tro p\u00e5 digitalisering og det gr\u00f8nne skiftet b\u00e5de lokalt og nasjonalt.<\/p>\n\n\n\n<p><strong>Det er l\u00f8rdag, klokka n\u00e6rmer seg 1900. Hva spiser du helst til middag?&nbsp;<\/strong><\/p>\n\n\n\n<p>Taco med barna er alltid en vinner.<\/p>\n\n\n\n<p><strong>Hva er din favorittplass i<\/strong> <strong>Frogn?<\/strong><\/p>\n\n\n\n<p>Frogn har mange finne steder med ulike kvaliteter. M\u00e5 jeg velge en favorittplass s\u00e5 er det i vannkanten med utsikt over Oscarsborg og utover fjorden.<\/p>\n\n\n\n<p><strong>Hva med utenfor kommunen?<\/strong><\/p>\n\n\n\n<p>Det m\u00e5 v\u00e6re et sted p\u00e5 fjellet, enten p\u00e5 slutten av vinteren med sol og nykj\u00f8rte skispor eller en klar h\u00f8stdag.<\/p>\n\n\n\n<section class=\"wp-block-hoyre-branch-contact-person alignwide\">\n\t<div class=\"block-inner\">\n\t\t\n<div class=\"politician-info-wrapper\">\n\t<div class=\"politician-image-wrapper\">\n\t\t<div class=\"politician-image\">\n\t\t\t\t\t\t\t\t\t\t\t<a href=\"https:\/\/res.cloudinary.com\/hoyre\/image\/upload\/g_face:center,d_defaultprofileimg3.jpg,fl_lossy,f_auto\/v200902\/11347838.jpg\">\n\t\t\t\t\t<img decoding=\"async\" src=\"https:\/\/res.cloudinary.com\/hoyre\/image\/upload\/c_thumb,g_face:center,h_500,w_500,d_defaultprofileimg3.jpg,fl_lossy,f_auto\/w_500\/v20230420\/11347838.jpg\" alt=\"Profilbilde\" style=\"object-position: 50% 50%\" \/>\n\t\t\t\t<\/a>\n\t\t\t\t\t<\/div>\n\t\t\t<\/div>\n\t<div class=\"politician-details\">\n\t\t\t\t\t<h1 class=\"politician-name\"><a href=\"https:\/\/hoyre.no\/personprofiler\/sigbjorn-odden\/\">Sigbj\u00f8rn Odden<\/a><\/h1>\n\t\t\t\t\t\t\t\t<h2 class=\"politician-title\">Ordf\u00f8rer Frogn<\/h2>\n\t\t\t\t\t<\/div>\n<\/div>\n\t<\/div>\n<\/section>\n\n","protected":false},"excerpt":{"rendered":"","protected":false},"author":31684,"featured_media":0,"parent":0,"menu_order":0,"comment_status":"closed","ping_status":"closed","template":"","meta":{"teft_cards_image_url":"","teft_cards_custom_pretitle":"","teft_cards_image_id":373,"teft_cards_image_focal_point_x":0.42,"teft_cards_image_focal_point_y":0.44,"teft_cards_title":"","teft_cards_excerpt":"","teft_show_chapters":false,"footnotes":""},"class_list":["post-191","page","type-page","status-publish","hentry"],"yoast_head":"<!-- This site is optimized with the Yoast SEO plugin v26.6 - https:\/\/yoast.com\/wordpress\/plugins\/seo\/ -->\n<title>Sigbj\u00f8rn Odden - v\u00e5r ordf\u00f8rerkandidat - Frogn H\u00f8yre<\/title>\n<meta name=\"robots\" content=\"index, follow, max-snippet:-1, max-image-preview:large, max-video-preview:-1\" \/>\n<link rel=\"canonical\" href=\"https:\/\/hoyre.no\/frogn\/sigbjorn-odden-var-ordforerkandidat\/\" \/>\n<meta property=\"og:locale\" content=\"nb_NO\" \/>\n<meta property=\"og:type\" content=\"article\" \/>\n<meta property=\"og:title\" content=\"Sigbj\u00f8rn Odden - v\u00e5r ordf\u00f8rerkandidat - Frogn H\u00f8yre\" \/>\n<meta property=\"og:url\" content=\"https:\/\/hoyre.no\/frogn\/sigbjorn-odden-var-ordforerkandidat\/\" \/>\n<meta property=\"og:site_name\" content=\"Frogn H\u00f8yre\" \/>\n<meta property=\"article:modified_time\" content=\"2023-04-18T16:36:33+00:00\" \/>\n<meta property=\"og:image\" content=\"https:\/\/hoyre.no\/content\/uploads\/sites\/195\/2023\/04\/DSC07738-1024x684.jpg\" \/>\n<meta name=\"twitter:card\" content=\"summary_large_image\" \/>\n<meta name=\"twitter:label1\" content=\"Ansl. lesetid\" \/>\n\t<meta name=\"twitter:data1\" content=\"2 minutter\" \/>\n<script type=\"application\/ld+json\" class=\"yoast-schema-graph\">{\"@context\":\"https:\/\/schema.org\",\"@graph\":[{\"@type\":\"WebPage\",\"@id\":\"https:\/\/hoyre.no\/frogn\/sigbjorn-odden-var-ordforerkandidat\/\",\"url\":\"https:\/\/hoyre.no\/frogn\/sigbjorn-odden-var-ordforerkandidat\/\",\"name\":\"Sigbj\u00f8rn Odden - v\u00e5r ordf\u00f8rerkandidat - Frogn H\u00f8yre\",\"isPartOf\":{\"@id\":\"https:\/\/hoyre.no\/frogn\/#website\"},\"datePublished\":\"2022-12-12T13:16:07+00:00\",\"dateModified\":\"2023-04-18T16:36:33+00:00\",\"breadcrumb\":{\"@id\":\"https:\/\/hoyre.no\/frogn\/sigbjorn-odden-var-ordforerkandidat\/#breadcrumb\"},\"inLanguage\":\"nb-NO\",\"potentialAction\":[{\"@type\":\"ReadAction\",\"target\":[\"https:\/\/hoyre.no\/frogn\/sigbjorn-odden-var-ordforerkandidat\/\"]}]},{\"@type\":\"BreadcrumbList\",\"@id\":\"https:\/\/hoyre.no\/frogn\/sigbjorn-odden-var-ordforerkandidat\/#breadcrumb\",\"itemListElement\":[{\"@type\":\"ListItem\",\"position\":1,\"name\":\"Til hoyre.no\",\"item\":\"https:\/\/hoyre.no\"},{\"@type\":\"ListItem\",\"position\":2,\"name\":\"Hjem\",\"item\":\"https:\/\/hoyre.no\/frogn\/\"},{\"@type\":\"ListItem\",\"position\":3,\"name\":\"Sigbj\u00f8rn Odden &#8211; v\u00e5r ordf\u00f8rerkandidat\"}]},{\"@type\":\"WebSite\",\"@id\":\"https:\/\/hoyre.no\/frogn\/#website\",\"url\":\"https:\/\/hoyre.no\/frogn\/\",\"name\":\"Frogn H\u00f8yre\",\"description\":\"Bare enda et H\u00f8yres nettsteder-nettsted\",\"inLanguage\":\"nb-NO\"}]}<\/script>\n<!-- \/ Yoast SEO plugin. -->","yoast_head_json":{"title":"Sigbj\u00f8rn Odden - v\u00e5r ordf\u00f8rerkandidat - Frogn H\u00f8yre","robots":{"index":"index","follow":"follow","max-snippet":"max-snippet:-1","max-image-preview":"max-image-preview:large","max-video-preview":"max-video-preview:-1"},"canonical":"https:\/\/hoyre.no\/frogn\/sigbjorn-odden-var-ordforerkandidat\/","og_locale":"nb_NO","og_type":"article","og_title":"Sigbj\u00f8rn Odden - v\u00e5r ordf\u00f8rerkandidat - Frogn H\u00f8yre","og_url":"https:\/\/hoyre.no\/frogn\/sigbjorn-odden-var-ordforerkandidat\/","og_site_name":"Frogn H\u00f8yre","article_modified_time":"2023-04-18T16:36:33+00:00","og_image":[{"url":"https:\/\/hoyre.no\/content\/uploads\/sites\/195\/2023\/04\/DSC07738-1024x684.jpg","width":"","height":"","type":""}],"twitter_card":"summary_large_image","twitter_misc":{"Ansl. lesetid":"2 minutter"},"schema":{"@context":"https:\/\/schema.org","@graph":[{"@type":"WebPage","@id":"https:\/\/hoyre.no\/frogn\/sigbjorn-odden-var-ordforerkandidat\/","url":"https:\/\/hoyre.no\/frogn\/sigbjorn-odden-var-ordforerkandidat\/","name":"Sigbj\u00f8rn Odden - v\u00e5r ordf\u00f8rerkandidat - Frogn H\u00f8yre","isPartOf":{"@id":"https:\/\/hoyre.no\/frogn\/#website"},"datePublished":"2022-12-12T13:16:07+00:00","dateModified":"2023-04-18T16:36:33+00:00","breadcrumb":{"@id":"https:\/\/hoyre.no\/frogn\/sigbjorn-odden-var-ordforerkandidat\/#breadcrumb"},"inLanguage":"nb-NO","potentialAction":[{"@type":"ReadAction","target":["https:\/\/hoyre.no\/frogn\/sigbjorn-odden-var-ordforerkandidat\/"]}]},{"@type":"BreadcrumbList","@id":"https:\/\/hoyre.no\/frogn\/sigbjorn-odden-var-ordforerkandidat\/#breadcrumb","itemListElement":[{"@type":"ListItem","position":1,"name":"Til hoyre.no","item":"https:\/\/hoyre.no"},{"@type":"ListItem","position":2,"name":"Hjem","item":"https:\/\/hoyre.no\/frogn\/"},{"@type":"ListItem","position":3,"name":"Sigbj\u00f8rn Odden &#8211; v\u00e5r ordf\u00f8rerkandidat"}]},{"@type":"WebSite","@id":"https:\/\/hoyre.no\/frogn\/#website","url":"https:\/\/hoyre.no\/frogn\/","name":"Frogn H\u00f8yre","description":"Bare enda et H\u00f8yres nettsteder-nettsted","inLanguage":"nb-NO"}]}},"distributor_meta":false,"distributor_terms":false,"distributor_media":false,"distributor_original_site_name":"Frogn H\u00f8yre","distributor_original_site_url":"https:\/\/hoyre.no\/frogn","push-errors":false,"_links":{"self":[{"href":"https:\/\/hoyre.no\/frogn\/wp-json\/wp\/v2\/pages\/191","targetHints":{"allow":["GET"]}}],"collection":[{"href":"https:\/\/hoyre.no\/frogn\/wp-json\/wp\/v2\/pages"}],"about":[{"href":"https:\/\/hoyre.no\/frogn\/wp-json\/wp\/v2\/types\/page"}],"author":[{"embeddable":true,"href":"https:\/\/hoyre.no\/frogn\/wp-json\/wp\/v2\/users\/31684"}],"replies":[{"embeddable":true,"href":"https:\/\/hoyre.no\/frogn\/wp-json\/wp\/v2\/comments?post=191"}],"version-history":[{"count":13,"href":"https:\/\/hoyre.no\/frogn\/wp-json\/wp\/v2\/pages\/191\/revisions"}],"predecessor-version":[{"id":562,"href":"https:\/\/hoyre.no\/frogn\/wp-json\/wp\/v2\/pages\/191\/revisions\/562"}],"wp:attachment":[{"href":"https:\/\/hoyre.no\/frogn\/wp-json\/wp\/v2\/media?parent=191"}],"curies":[{"name":"wp","href":"https:\/\/api.w.org\/{rel}","templated":true}]}}