{"id":327,"date":"2023-01-10T14:10:14","date_gmt":"2023-01-10T13:10:14","guid":{"rendered":"https:\/\/hoyre.no\/frogn\/?page_id=327"},"modified":"2023-09-03T20:30:04","modified_gmt":"2023-09-03T18:30:04","slug":"8-grunner-til-a-stemme-frogn-hoyre","status":"publish","type":"page","link":"https:\/\/hoyre.no\/frogn\/forsiden\/8-grunner-til-a-stemme-frogn-hoyre\/","title":{"rendered":"\u00c5tte grunner til \u00e5 stemme Frogn H\u00f8yre"},"content":{"rendered":"\n<div class=\"wp-block-hoyre-hero with-image-gradient text-color-light  has-media alignfull has-background\"><div class=\"hoyre-hero has-image\"><h1 class=\"title\">\u00c5tte grunner til \u00e5 stemme H\u00f8yre i Frogn<\/h1><p class=\"preamble\">Frogn trenger en st\u00f8dig kurs. V\u00e5r visjon er at Frogn blir en moderne og effektiv kommune der grunnholdningen er \u00abja\u00bb. Ved \u00e5 stemme H\u00f8yre f\u00e5r du mer frihet til \u00e5 gj\u00f8re egne valg og en kommune som ser deg og dine behov.<\/p>\t\t\t<div class=\"post-meta wp-block teft-byline-wrapper\">\n\t\t\t\t<div class=\"top\">\n\t\t\t\t\t<div class=\"signature\">\n\t\t\t\t\t\t<div class=\"teft-byline\">\n\t\t\t\t\t\t\t\t\t\t\t\t\t\t<div>\n\t\t\t\t\t\t\t\t<h3>H\u00f8yres redaksjon<\/h3>\t\t\t\t\t\t\t\t\n\t\t\t\t\t\t\t\t\t\t\t\t\t\t\t\t\t<span class=\"date\">Sist oppdatert: 3. september 2023<\/span>\n\t\t\t\t\t\t\t\t\t\t\t\t\t\t\t\t\t\t\t\t\t\t\t\t\t<span class=\"reading-time\" itemprop=\"timeRequired\" content=\"PT6M\"><em>Ca. 6 minutter lesetid<\/em><\/span>\n\t\t\t\t\t\t\t\t\t\t\t\t\t\t\t<\/div>\n\t\t\t\t\t\t<\/div>\n\t\t\t\t\t<\/div>\n\t\t\t\t\t\t<div class=\"sharing\">\n\t\t<a class=\"share-button share-link copy-link\" data-copy=\"https:\/\/hoyre.no\/frogn\/forsiden\/8-grunner-til-a-stemme-frogn-hoyre\/\" target=\"_blank\"><span class=\"screen-reader-text\">Del link<\/span><\/a>\n\t\t<a class=\"share-button share-twitter\" href=\"http:\/\/twitter.com\/share?text=\u00c5tte grunner til \u00e5 stemme Frogn H\u00f8yre&#038;url=https:\/\/hoyre.no\/frogn\/forsiden\/8-grunner-til-a-stemme-frogn-hoyre\/&#038;hashtags=Hoyre\" target=\"_blank\"><span class=\"screen-reader-text\">Del p\u00e5 twitter<\/span><\/a>\n\t\t<a class=\"share-button share-facebook\" href=\"https:\/\/www.facebook.com\/sharer\/sharer.php?u=https:\/\/hoyre.no\/frogn\/forsiden\/8-grunner-til-a-stemme-frogn-hoyre\/\" target=\"_blank\"><span class=\"screen-reader-text\">Del p\u00e5 facebook<\/span><\/a>\n\t<\/div>\n\t\t\t\t\t<\/div>\n\t\t\t<\/div>\n\n\t\t\t<figure class=\"hoyre-image-wrapper\"><div class=\"hoyre-image\"><img loading=\"lazy\" decoding=\"async\" width=\"2500\" height=\"1875\" src=\"https:\/\/hoyre.no\/content\/uploads\/sites\/195\/2023\/08\/Badeparken-scaled.jpeg\" class=\"attachment-scaled size-scaled\" alt=\"\" style=\"object-position: 45% 23%\" srcset=\"https:\/\/hoyre.no\/content\/uploads\/sites\/195\/2023\/08\/Badeparken-scaled.jpeg 2500w, https:\/\/hoyre.no\/content\/uploads\/sites\/195\/2023\/08\/Badeparken-300x225.jpeg 300w, https:\/\/hoyre.no\/content\/uploads\/sites\/195\/2023\/08\/Badeparken-1024x768.jpeg 1024w, https:\/\/hoyre.no\/content\/uploads\/sites\/195\/2023\/08\/Badeparken-768x576.jpeg 768w, https:\/\/hoyre.no\/content\/uploads\/sites\/195\/2023\/08\/Badeparken-1536x1152.jpeg 1536w, https:\/\/hoyre.no\/content\/uploads\/sites\/195\/2023\/08\/Badeparken-2048x1536.jpeg 2048w\" sizes=\"auto, (max-width: 2500px) 100vw, 2500px\" \/><\/div><\/figure><\/div><\/div>\n\n\n\n\n\n\n<div class=\"wp-block-media-text alignwide is-stacked-on-mobile is-vertically-aligned-center is-image-fill\"><figure class=\"wp-block-media-text__media\" style=\"background-image:url('https:\/\/hoyre.no\/content\/uploads\/sites\/195\/2023\/08\/frittskolevalg2-1024x680.jpeg');background-position:50% 50%\"><img loading=\"lazy\" decoding=\"async\" width=\"1024\" height=\"680\" src=\"https:\/\/hoyre.no\/content\/uploads\/sites\/195\/2023\/08\/frittskolevalg2-1024x680.jpeg\" alt=\"\" class=\"wp-image-519 size-full\" srcset=\"https:\/\/hoyre.no\/content\/uploads\/sites\/195\/2023\/08\/frittskolevalg2-1024x680.jpeg 1024w, https:\/\/hoyre.no\/content\/uploads\/sites\/195\/2023\/08\/frittskolevalg2-300x199.jpeg 300w, https:\/\/hoyre.no\/content\/uploads\/sites\/195\/2023\/08\/frittskolevalg2-768x510.jpeg 768w, https:\/\/hoyre.no\/content\/uploads\/sites\/195\/2023\/08\/frittskolevalg2-1536x1021.jpeg 1536w, https:\/\/hoyre.no\/content\/uploads\/sites\/195\/2023\/08\/frittskolevalg2-2048x1361.jpeg 2048w\" sizes=\"auto, (max-width: 1024px) 100vw, 1024px\" \/><\/figure><div class=\"wp-block-media-text__content\">\n<h2 class=\"wp-block-heading\" id=\"h-2-hoyre-vil-fa-laerelyst-tilbake-i-bergensskolen\">1. <strong><strong><strong>En skole der alle kan lykkes<\/strong><\/strong>&nbsp;&nbsp;<\/strong><\/h2>\n\n\n\n<p>En god skole er n\u00f8dvendig for at vi skal kunne gi v\u00e5re barn en god start p\u00e5 livet. Det stiller krav til innhold og kvalitet. H\u00f8yre vil prioritere tidlig innsats og flere dyktige l\u00e6rere for at flere at elever skal trives og oppleve mestringsf\u00f8lelse i Frogn-skolen. Vi vil s\u00f8rge for at skolen blir bedre tilpasset hver enkelt elev, blant annet ved \u00e5 innf\u00f8re flere valgfag p\u00e5 ungdomsskolen.<\/p>\n<\/div><\/div>\n\n\n\n<div class=\"wp-block-media-text alignwide has-media-on-the-right is-stacked-on-mobile is-vertically-aligned-center is-image-fill\"><figure class=\"wp-block-media-text__media\" style=\"background-image:url('https:\/\/hoyre.no\/content\/uploads\/sites\/195\/2022\/12\/Dq2GC68sTEWvkbmgR9hZZw-1024x768.jpg');background-position:50% 50%\"><img loading=\"lazy\" decoding=\"async\" width=\"1024\" height=\"768\" src=\"https:\/\/hoyre.no\/content\/uploads\/sites\/195\/2022\/12\/Dq2GC68sTEWvkbmgR9hZZw-1024x768.jpg\" alt=\"\" class=\"wp-image-304 size-full\" srcset=\"https:\/\/hoyre.no\/content\/uploads\/sites\/195\/2022\/12\/Dq2GC68sTEWvkbmgR9hZZw-1024x768.jpg 1024w, https:\/\/hoyre.no\/content\/uploads\/sites\/195\/2022\/12\/Dq2GC68sTEWvkbmgR9hZZw-300x225.jpg 300w, https:\/\/hoyre.no\/content\/uploads\/sites\/195\/2022\/12\/Dq2GC68sTEWvkbmgR9hZZw-768x576.jpg 768w, https:\/\/hoyre.no\/content\/uploads\/sites\/195\/2022\/12\/Dq2GC68sTEWvkbmgR9hZZw-1536x1152.jpg 1536w, https:\/\/hoyre.no\/content\/uploads\/sites\/195\/2022\/12\/Dq2GC68sTEWvkbmgR9hZZw-2048x1536.jpg 2048w\" sizes=\"auto, (max-width: 1024px) 100vw, 1024px\" \/><\/figure><div class=\"wp-block-media-text__content\">\n<h2 class=\"wp-block-heading\" id=\"h-1-vi-skal-bli-flere-bergensere\">2. <strong>Nei til eiendomsskatt i Frogn<\/strong><\/h2>\n\n\n\n<p>Kommunen er i en vanskelig \u00f8konomisk situasjon med stor gjeld. For \u00e5 nedbetale gjeld og komme i \u00f8konomisk balanse, vil ikke H\u00f8yre fjerne eiendomsskatten f\u00f8r tidligst i slutten av kommende periode. H\u00f8yre har som m\u00e5l \u00e5 p\u00e5 sikt fjerne eiendomsskatten i Frogn.<\/p>\n<\/div><\/div>\n\n\n\n<div class=\"wp-block-media-text alignwide is-stacked-on-mobile is-vertically-aligned-center is-image-fill\"><figure class=\"wp-block-media-text__media\" style=\"background-image:url('https:\/\/hoyre.no\/content\/uploads\/sites\/195\/2023\/08\/Par9-1024x680.jpeg');background-position:50% 50%\"><img loading=\"lazy\" decoding=\"async\" width=\"1024\" height=\"680\" src=\"https:\/\/hoyre.no\/content\/uploads\/sites\/195\/2023\/08\/Par9-1024x680.jpeg\" alt=\"\" class=\"wp-image-520 size-full\" srcset=\"https:\/\/hoyre.no\/content\/uploads\/sites\/195\/2023\/08\/Par9-1024x680.jpeg 1024w, https:\/\/hoyre.no\/content\/uploads\/sites\/195\/2023\/08\/Par9-300x199.jpeg 300w, https:\/\/hoyre.no\/content\/uploads\/sites\/195\/2023\/08\/Par9-768x510.jpeg 768w, https:\/\/hoyre.no\/content\/uploads\/sites\/195\/2023\/08\/Par9-1536x1021.jpeg 1536w, https:\/\/hoyre.no\/content\/uploads\/sites\/195\/2023\/08\/Par9-2048x1361.jpeg 2048w\" sizes=\"auto, (max-width: 1024px) 100vw, 1024px\" \/><\/figure><div class=\"wp-block-media-text__content\">\n<h2 class=\"wp-block-heading\" id=\"h-3-bergen-hele-livet\">3. <strong><strong><strong>Hele livet i Frogn<\/strong><\/strong><\/strong><\/h2>\n\n\n\n<p>Frogn H\u00f8yre vil at alle eldre skal f\u00e5 muligheten til et aktivt og sosialt liv, samt f\u00e5 omsorgstjenester som er tilpasset deres behov. Eldre som kan bo i egen bolig, skal gis mulighet til det og motta n\u00f8dvendig hjelp hjemme. Med fritt brukervalg skal de selv kunne velge hvem som skal levere tjenestene. For eldre som ikke kan bo hjemme, m\u00e5 vi ha en god blanding av bemannede omsorgsboliger, ordin\u00e6re sykehjemsplasser og demensplasser.<\/p>\n<\/div><\/div>\n\n\n\n<div class=\"wp-block-media-text alignwide has-media-on-the-right is-stacked-on-mobile is-vertically-aligned-center\"><figure class=\"wp-block-media-text__media\"><img loading=\"lazy\" decoding=\"async\" width=\"1024\" height=\"684\" src=\"https:\/\/hoyre.no\/content\/uploads\/sites\/195\/2022\/12\/DSC03870-1024x684.jpg\" alt=\"\" class=\"wp-image-324 size-full\" srcset=\"https:\/\/hoyre.no\/content\/uploads\/sites\/195\/2022\/12\/DSC03870-1024x684.jpg 1024w, https:\/\/hoyre.no\/content\/uploads\/sites\/195\/2022\/12\/DSC03870-300x200.jpg 300w, https:\/\/hoyre.no\/content\/uploads\/sites\/195\/2022\/12\/DSC03870-768x513.jpg 768w, https:\/\/hoyre.no\/content\/uploads\/sites\/195\/2022\/12\/DSC03870-1536x1026.jpg 1536w, https:\/\/hoyre.no\/content\/uploads\/sites\/195\/2022\/12\/DSC03870-2048x1368.jpg 2048w\" sizes=\"auto, (max-width: 1024px) 100vw, 1024px\" \/><\/figure><div class=\"wp-block-media-text__content\">\n\n<h2 class=\"wp-block-heading\">4. Et inkluderende Frogn<strong>&nbsp;<\/strong><\/h2>\n\n\n<p>P\u00e5 fritidsaktiviteter m\u00f8ter man venner, har det g\u00f8y sammen med andre og f\u00e5r viktige erfaringer. I dag er det ikke alle barn og unge som f\u00e5r mulighet til \u00e5 bli med. Det er s\u00e5rt \u00e5 v\u00e6re den ene som st\u00e5r utenfor fordi familien ikke har r\u00e5d. Det lover H\u00f8yre \u00e5 gj\u00f8re noe med.<\/p>\n\n\n<p>&nbsp;<\/p>\n\n<\/div><\/div>\n\n\n\n<div class=\"wp-block-media-text alignwide is-stacked-on-mobile\"><figure class=\"wp-block-media-text__media\"><img loading=\"lazy\" decoding=\"async\" width=\"1024\" height=\"680\" src=\"https:\/\/hoyre.no\/content\/uploads\/sites\/195\/2023\/08\/BH2-1024x680.jpeg\" alt=\"\" class=\"wp-image-521 size-full\" srcset=\"https:\/\/hoyre.no\/content\/uploads\/sites\/195\/2023\/08\/BH2-1024x680.jpeg 1024w, https:\/\/hoyre.no\/content\/uploads\/sites\/195\/2023\/08\/BH2-300x199.jpeg 300w, https:\/\/hoyre.no\/content\/uploads\/sites\/195\/2023\/08\/BH2-768x510.jpeg 768w, https:\/\/hoyre.no\/content\/uploads\/sites\/195\/2023\/08\/BH2-1536x1021.jpeg 1536w, https:\/\/hoyre.no\/content\/uploads\/sites\/195\/2023\/08\/BH2-2048x1361.jpeg 2048w\" sizes=\"auto, (max-width: 1024px) 100vw, 1024px\" \/><\/figure><div class=\"wp-block-media-text__content\">\n<h2 class=\"wp-block-heading\"><strong>5. Barnehage til alle<\/strong><\/h2>\n\n\n\n<p>H\u00f8yre vil jobbe for l\u00f8pende barnehageopptak som omfatter barn fra de fyller ett \u00e5r, og barn som flytter til kommunen. Vi \u00f8nsker et barnehagetilbud n\u00e6r der du bor slik at det blir enklere \u00e5 levere, at barna blir kjent med n\u00e6rmilj\u00f8et sitt, og hver familie f\u00e5r mer tid til hverandre i en hektisk hverdag. Vi \u00f8nsker \u00e5 opprettholde et mangfold av barnehager i Frogn. For oss spiller det ingen rolle om barna g\u00e5r i en kommunal eller privat barnehage, s\u00e5 lenge de trives og foreldrene er forn\u00f8yde.<\/p>\n<\/div><\/div>\n\n\n\n<div class=\"wp-block-media-text alignwide has-media-on-the-right is-stacked-on-mobile is-vertically-aligned-center\"><figure class=\"wp-block-media-text__media\"><img decoding=\"async\" src=\"https:\/\/hoyre.no\/content\/uploads\/sites\/231\/2023\/01\/TvFwiWYO-1024x654.jpeg\" alt=\"\" class=\"wp-image-303 size-full\" \/><\/figure><div class=\"wp-block-media-text__content\">\n\n<h2 class=\"wp-block-heading\">6. <strong>Styrke tilbudet til de som sliter med psykisk helse og rus<\/strong><\/h2>\n\n\n<p>H\u00f8yre vil at alle skal f\u00e5 hjelp n\u00e5r de trenger det. Ingen skal m\u00f8te en stengt d\u00f8r n\u00e5r de trenger det som mest. Derfor vil vi styrke skolehelsetjenesten og gj\u00f8re den mer tilgjengelig, blant annet gjennom utvidet \u00e5pningstid og \u00f8kt tilstedev\u00e6relse p\u00e5 digitale flater. Det er viktig for H\u00f8yre at de som sliter med rus f\u00e5r hjelp. H\u00f8yre er opptatt av at hjelp tilbys raskere, og at alle f\u00e5r en behandling som passer dem. Vi i H\u00f8yre vil ta initiativ til et regionalt pr\u00f8veprosjekt med rusreform i Follo.<\/p>\n\n<\/div><\/div>\n\n\n\n<div class=\"wp-block-media-text alignwide is-stacked-on-mobile is-vertically-aligned-center\"><figure class=\"wp-block-media-text__media\"><img loading=\"lazy\" decoding=\"async\" width=\"1024\" height=\"800\" src=\"https:\/\/hoyre.no\/content\/uploads\/sites\/195\/2022\/12\/21765789_1617071394997575_4450339855350329701_o-1024x800.jpg\" alt=\"\" class=\"wp-image-321 size-full\" srcset=\"https:\/\/hoyre.no\/content\/uploads\/sites\/195\/2022\/12\/21765789_1617071394997575_4450339855350329701_o-1024x800.jpg 1024w, https:\/\/hoyre.no\/content\/uploads\/sites\/195\/2022\/12\/21765789_1617071394997575_4450339855350329701_o-300x234.jpg 300w, https:\/\/hoyre.no\/content\/uploads\/sites\/195\/2022\/12\/21765789_1617071394997575_4450339855350329701_o-768x600.jpg 768w, https:\/\/hoyre.no\/content\/uploads\/sites\/195\/2022\/12\/21765789_1617071394997575_4450339855350329701_o-1536x1200.jpg 1536w, https:\/\/hoyre.no\/content\/uploads\/sites\/195\/2022\/12\/21765789_1617071394997575_4450339855350329701_o.jpg 2048w\" sizes=\"auto, (max-width: 1024px) 100vw, 1024px\" \/><\/figure><div class=\"wp-block-media-text__content\">\n\n<h2 class=\"wp-block-heading\">7. <strong>Frogn skal v\u00e6re en JA-kommune<\/strong><\/h2>\n\n\n<p>Innbyggerne skal m\u00f8tes med respekt og positivitet. Det vil alltid v\u00e6re hensyn som m\u00e5 ivaretas, samtidig skal kommunen v\u00e6re enkel \u00e5 opps\u00f8ke, svare raskt og ha en positiv innstilling. Informasjon skal v\u00e6re lett tilgjengelig og frister for saksbehandling skal overholdes.&nbsp;<\/p>\n\n<\/div><\/div>\n\n\n\n<div class=\"wp-block-media-text alignwide has-media-on-the-right is-stacked-on-mobile is-vertically-aligned-center\"><figure class=\"wp-block-media-text__media\"><img loading=\"lazy\" decoding=\"async\" width=\"1024\" height=\"768\" src=\"https:\/\/hoyre.no\/content\/uploads\/sites\/195\/2023\/01\/gTHOfZ44-1024x768.jpeg\" alt=\"\" class=\"wp-image-332 size-full\" srcset=\"https:\/\/hoyre.no\/content\/uploads\/sites\/195\/2023\/01\/gTHOfZ44-1024x768.jpeg 1024w, https:\/\/hoyre.no\/content\/uploads\/sites\/195\/2023\/01\/gTHOfZ44-300x225.jpeg 300w, https:\/\/hoyre.no\/content\/uploads\/sites\/195\/2023\/01\/gTHOfZ44-768x576.jpeg 768w, https:\/\/hoyre.no\/content\/uploads\/sites\/195\/2023\/01\/gTHOfZ44-1536x1152.jpeg 1536w, https:\/\/hoyre.no\/content\/uploads\/sites\/195\/2023\/01\/gTHOfZ44-2048x1536.jpeg 2048w\" sizes=\"auto, (max-width: 1024px) 100vw, 1024px\" \/><\/figure><div class=\"wp-block-media-text__content\">\n\n<h2 class=\"wp-block-heading\">8. <strong><strong>Ta vare p\u00e5 Oslofjorden<\/strong><\/strong><\/h2>\n\n\n<p>I H\u00f8yre tar vi klima og milj\u00f8 p\u00e5 alvor. Noe av det viktigste vi skal gj\u00f8re i Frogn er \u00e5 ta vare p\u00e5 Oslofjorden. Skal vi redde Oslofjorden trenger vi et fortsatt forpliktende samarbeid mellom stat, kommune og n\u00e6ringsliv.<\/p>\n\n<\/div><\/div>\n\n\n\n<h2 class=\"wp-block-heading\">Vil du lese mer?<\/h2>\n\n\n\n<p>Trykk p\u00e5 lenken under for \u00e5 komme til siden for hele valgprogrammet.<\/p>\n\n\n\n<div class=\"wp-block-buttons is-layout-flex wp-block-buttons-is-layout-flex\">\n<div class=\"wp-block-button\"><a class=\"wp-block-button__link\" href=\"https:\/\/hoyre.no\/frogn\/politikk\/\">Trykk her<\/a><\/div>\n<\/div>\n\n\n\n<div class=\"wp-block-hoyre-banner undefined\"><div class=\"banner-inner\"><figure class=\"hoyre-image-wrapper\"><div class=\"hoyre-image\"><img loading=\"lazy\" decoding=\"async\" width=\"2500\" height=\"1670\" src=\"https:\/\/hoyre.no\/content\/uploads\/sites\/195\/2023\/04\/DSC07738-scaled.jpg\" class=\"attachment-scaled size-scaled\" alt=\"\" style=\"object-position: 20% 16%\" srcset=\"https:\/\/hoyre.no\/content\/uploads\/sites\/195\/2023\/04\/DSC07738-scaled.jpg 2500w, https:\/\/hoyre.no\/content\/uploads\/sites\/195\/2023\/04\/DSC07738-300x200.jpg 300w, https:\/\/hoyre.no\/content\/uploads\/sites\/195\/2023\/04\/DSC07738-1024x684.jpg 1024w, https:\/\/hoyre.no\/content\/uploads\/sites\/195\/2023\/04\/DSC07738-768x513.jpg 768w, https:\/\/hoyre.no\/content\/uploads\/sites\/195\/2023\/04\/DSC07738-1536x1026.jpg 1536w, https:\/\/hoyre.no\/content\/uploads\/sites\/195\/2023\/04\/DSC07738-2048x1368.jpg 2048w\" sizes=\"auto, (max-width: 2500px) 100vw, 2500px\" \/><\/div><\/figure><div class=\"banner-content\"><div class=\"entry-content\">\n<h2 class=\"wp-block-heading\">Bli kjent med Frogn H\u00f8yres ordf\u00f8rerkandidat Sigbj\u00f8rn!<\/h2>\n\n\n\n<div class=\"wp-block-buttons is-style-default is-horizontal is-content-justification-center is-layout-flex wp-container-core-buttons-is-layout-499968f5 wp-block-buttons-is-layout-flex\">\n<div class=\"wp-block-button aligncenter is-style-outline is-style-outline--1\"><a class=\"wp-block-button__link\" href=\"https:\/\/hoyre.no\/frogn\/sigbjorn-odden-var-ordforerkandidat\/\">TRYKK HER<\/a><\/div>\n<\/div>\n<\/div><\/div><\/div><\/div>\n\n\n\n<div class=\"wp-block hoyre-section alignfull has-background is-style-light-blue wp-block-hoyre-section\"><div class=\"inner-blocks alignwide\">\n\n<h1 class=\"has-text-align-center wp-block-heading\" id=\"h-finn-ditt-valglokale\">Finn ditt n\u00e6rmeste valglokale<\/h1>\n\n\n\n<p class=\"has-text-align-center\">Du kan forh\u00e5ndsstemme fra 10. august til og med 8. september. I denne perioden kan du stemme i valglokaler over hele landet. Se oversikt over lokale valglokaler og \u00e5pningstider her:<\/p>\n\n\n\n<div class=\"wp-block-buttons is-layout-flex wp-block-buttons-is-layout-flex\">\n<div class=\"wp-block-button aligncenter is-style-fill\"><a class=\"wp-block-button__link\" href=\"https:\/\/www.valg.no\/valglokaler\/valglokaler2\/stem-pa-forhand\/?mpid=3214\" target=\"_blank\" rel=\"noreferrer noopener\">lokaler for forh\u00e5ndsstemming<\/a><\/div>\n<\/div>\n\n\n\n<p class=\"has-text-align-center\">Valgdagen i \u00e5r er mandag 11. september. P\u00e5 valgdagen m\u00e5 du stemme i Frogn kommune. Se oversikt over lokale valglokaler og \u00e5pningstider her:<\/p>\n\n\n\n<div class=\"wp-block-buttons is-layout-flex wp-block-buttons-is-layout-flex\">\n<div class=\"wp-block-button aligncenter\"><a class=\"wp-block-button__link\" href=\"https:\/\/www.valg.no\/valglokaler\/valglokaler2\/stemme-pa-valgdagen\/?mpid=3214\" target=\"_blank\" rel=\"noreferrer noopener\">valglokaler p\u00e5 valgdagen<\/a><\/div>\n<\/div>\n\n\n\n<p class=\"has-text-align-center\"><strong>Husk \u00e5 ta med legitimasjon n\u00e5r du skal stemme. Godt valg!<\/strong><\/p>\n\n<\/div><\/div>","protected":false},"excerpt":{"rendered":"","protected":false},"author":15381,"featured_media":0,"parent":3,"menu_order":0,"comment_status":"closed","ping_status":"closed","template":"","meta":{"teft_cards_image_url":"","teft_cards_custom_pretitle":"","teft_cards_image_id":0,"teft_cards_image_focal_point_x":0,"teft_cards_image_focal_point_y":0,"teft_cards_title":"","teft_cards_excerpt":"","teft_show_chapters":false,"footnotes":""},"class_list":["post-327","page","type-page","status-publish","hentry"],"yoast_head":"<!-- This site is optimized with the Yoast SEO plugin v26.6 - https:\/\/yoast.com\/wordpress\/plugins\/seo\/ -->\n<title>\u00c5tte grunner til \u00e5 stemme Frogn H\u00f8yre - Frogn H\u00f8yre<\/title>\n<meta name=\"robots\" content=\"index, follow, max-snippet:-1, max-image-preview:large, max-video-preview:-1\" \/>\n<link rel=\"canonical\" href=\"https:\/\/hoyre.no\/frogn\/forsiden\/8-grunner-til-a-stemme-frogn-hoyre\/\" \/>\n<meta property=\"og:locale\" content=\"nb_NO\" \/>\n<meta property=\"og:type\" content=\"article\" \/>\n<meta property=\"og:title\" content=\"\u00c5tte grunner til \u00e5 stemme Frogn H\u00f8yre - Frogn H\u00f8yre\" \/>\n<meta property=\"og:url\" content=\"https:\/\/hoyre.no\/frogn\/forsiden\/8-grunner-til-a-stemme-frogn-hoyre\/\" \/>\n<meta property=\"og:site_name\" content=\"Frogn H\u00f8yre\" \/>\n<meta property=\"article:modified_time\" content=\"2023-09-03T18:30:04+00:00\" \/>\n<meta property=\"og:image\" content=\"https:\/\/hoyre.no\/content\/uploads\/sites\/195\/2023\/08\/frittskolevalg2-1024x680.jpeg\" \/>\n<meta name=\"twitter:card\" content=\"summary_large_image\" \/>\n<meta name=\"twitter:label1\" content=\"Ansl. lesetid\" \/>\n\t<meta name=\"twitter:data1\" content=\"6 minutter\" \/>\n<script type=\"application\/ld+json\" class=\"yoast-schema-graph\">{\"@context\":\"https:\/\/schema.org\",\"@graph\":[{\"@type\":\"WebPage\",\"@id\":\"https:\/\/hoyre.no\/frogn\/forsiden\/8-grunner-til-a-stemme-frogn-hoyre\/\",\"url\":\"https:\/\/hoyre.no\/frogn\/forsiden\/8-grunner-til-a-stemme-frogn-hoyre\/\",\"name\":\"\u00c5tte grunner til \u00e5 stemme Frogn H\u00f8yre - Frogn H\u00f8yre\",\"isPartOf\":{\"@id\":\"https:\/\/hoyre.no\/frogn\/#website\"},\"image\":{\"@id\":\"https:\/\/hoyre.no\/frogn\/forsiden\/8-grunner-til-a-stemme-frogn-hoyre\/#primaryimage\"},\"thumbnailUrl\":\"https:\/\/hoyre.no\/content\/uploads\/sites\/195\/2023\/08\/frittskolevalg2-1024x680.jpeg\",\"datePublished\":\"2023-01-10T13:10:14+00:00\",\"dateModified\":\"2023-09-03T18:30:04+00:00\",\"breadcrumb\":{\"@id\":\"https:\/\/hoyre.no\/frogn\/forsiden\/8-grunner-til-a-stemme-frogn-hoyre\/#breadcrumb\"},\"inLanguage\":\"nb-NO\",\"potentialAction\":[{\"@type\":\"ReadAction\",\"target\":[\"https:\/\/hoyre.no\/frogn\/forsiden\/8-grunner-til-a-stemme-frogn-hoyre\/\"]}]},{\"@type\":\"ImageObject\",\"inLanguage\":\"nb-NO\",\"@id\":\"https:\/\/hoyre.no\/frogn\/forsiden\/8-grunner-til-a-stemme-frogn-hoyre\/#primaryimage\",\"url\":\"https:\/\/hoyre.no\/content\/uploads\/sites\/195\/2023\/08\/frittskolevalg2-1024x680.jpeg\",\"contentUrl\":\"https:\/\/hoyre.no\/content\/uploads\/sites\/195\/2023\/08\/frittskolevalg2-1024x680.jpeg\"},{\"@type\":\"BreadcrumbList\",\"@id\":\"https:\/\/hoyre.no\/frogn\/forsiden\/8-grunner-til-a-stemme-frogn-hoyre\/#breadcrumb\",\"itemListElement\":[{\"@type\":\"ListItem\",\"position\":1,\"name\":\"Til hoyre.no\",\"item\":\"https:\/\/hoyre.no\"},{\"@type\":\"ListItem\",\"position\":2,\"name\":\"Hjem\",\"item\":\"https:\/\/hoyre.no\/frogn\/\"},{\"@type\":\"ListItem\",\"position\":3,\"name\":\"Forsiden\",\"item\":\"https:\/\/hoyre.no\/frogn\/\"},{\"@type\":\"ListItem\",\"position\":4,\"name\":\"\u00c5tte grunner til \u00e5 stemme Frogn H\u00f8yre\"}]},{\"@type\":\"WebSite\",\"@id\":\"https:\/\/hoyre.no\/frogn\/#website\",\"url\":\"https:\/\/hoyre.no\/frogn\/\",\"name\":\"Frogn H\u00f8yre\",\"description\":\"Bare enda et H\u00f8yres nettsteder-nettsted\",\"inLanguage\":\"nb-NO\"}]}<\/script>\n<!-- \/ Yoast SEO plugin. -->","yoast_head_json":{"title":"\u00c5tte grunner til \u00e5 stemme Frogn H\u00f8yre - Frogn H\u00f8yre","robots":{"index":"index","follow":"follow","max-snippet":"max-snippet:-1","max-image-preview":"max-image-preview:large","max-video-preview":"max-video-preview:-1"},"canonical":"https:\/\/hoyre.no\/frogn\/forsiden\/8-grunner-til-a-stemme-frogn-hoyre\/","og_locale":"nb_NO","og_type":"article","og_title":"\u00c5tte grunner til \u00e5 stemme Frogn H\u00f8yre - Frogn H\u00f8yre","og_url":"https:\/\/hoyre.no\/frogn\/forsiden\/8-grunner-til-a-stemme-frogn-hoyre\/","og_site_name":"Frogn H\u00f8yre","article_modified_time":"2023-09-03T18:30:04+00:00","og_image":[{"url":"https:\/\/hoyre.no\/content\/uploads\/sites\/195\/2023\/08\/frittskolevalg2-1024x680.jpeg","type":"","width":"","height":""}],"twitter_card":"summary_large_image","twitter_misc":{"Ansl. lesetid":"6 minutter"},"schema":{"@context":"https:\/\/schema.org","@graph":[{"@type":"WebPage","@id":"https:\/\/hoyre.no\/frogn\/forsiden\/8-grunner-til-a-stemme-frogn-hoyre\/","url":"https:\/\/hoyre.no\/frogn\/forsiden\/8-grunner-til-a-stemme-frogn-hoyre\/","name":"\u00c5tte grunner til \u00e5 stemme Frogn H\u00f8yre - Frogn H\u00f8yre","isPartOf":{"@id":"https:\/\/hoyre.no\/frogn\/#website"},"image":{"@id":"https:\/\/hoyre.no\/frogn\/forsiden\/8-grunner-til-a-stemme-frogn-hoyre\/#primaryimage"},"thumbnailUrl":"https:\/\/hoyre.no\/content\/uploads\/sites\/195\/2023\/08\/frittskolevalg2-1024x680.jpeg","datePublished":"2023-01-10T13:10:14+00:00","dateModified":"2023-09-03T18:30:04+00:00","breadcrumb":{"@id":"https:\/\/hoyre.no\/frogn\/forsiden\/8-grunner-til-a-stemme-frogn-hoyre\/#breadcrumb"},"inLanguage":"nb-NO","potentialAction":[{"@type":"ReadAction","target":["https:\/\/hoyre.no\/frogn\/forsiden\/8-grunner-til-a-stemme-frogn-hoyre\/"]}]},{"@type":"ImageObject","inLanguage":"nb-NO","@id":"https:\/\/hoyre.no\/frogn\/forsiden\/8-grunner-til-a-stemme-frogn-hoyre\/#primaryimage","url":"https:\/\/hoyre.no\/content\/uploads\/sites\/195\/2023\/08\/frittskolevalg2-1024x680.jpeg","contentUrl":"https:\/\/hoyre.no\/content\/uploads\/sites\/195\/2023\/08\/frittskolevalg2-1024x680.jpeg"},{"@type":"BreadcrumbList","@id":"https:\/\/hoyre.no\/frogn\/forsiden\/8-grunner-til-a-stemme-frogn-hoyre\/#breadcrumb","itemListElement":[{"@type":"ListItem","position":1,"name":"Til hoyre.no","item":"https:\/\/hoyre.no"},{"@type":"ListItem","position":2,"name":"Hjem","item":"https:\/\/hoyre.no\/frogn\/"},{"@type":"ListItem","position":3,"name":"Forsiden","item":"https:\/\/hoyre.no\/frogn\/"},{"@type":"ListItem","position":4,"name":"\u00c5tte grunner til \u00e5 stemme Frogn H\u00f8yre"}]},{"@type":"WebSite","@id":"https:\/\/hoyre.no\/frogn\/#website","url":"https:\/\/hoyre.no\/frogn\/","name":"Frogn H\u00f8yre","description":"Bare enda et H\u00f8yres nettsteder-nettsted","inLanguage":"nb-NO"}]}},"distributor_meta":false,"distributor_terms":false,"distributor_media":false,"distributor_original_site_name":"Frogn H\u00f8yre","distributor_original_site_url":"https:\/\/hoyre.no\/frogn","push-errors":false,"_links":{"self":[{"href":"https:\/\/hoyre.no\/frogn\/wp-json\/wp\/v2\/pages\/327","targetHints":{"allow":["GET"]}}],"collection":[{"href":"https:\/\/hoyre.no\/frogn\/wp-json\/wp\/v2\/pages"}],"about":[{"href":"https:\/\/hoyre.no\/frogn\/wp-json\/wp\/v2\/types\/page"}],"author":[{"embeddable":true,"href":"https:\/\/hoyre.no\/frogn\/wp-json\/wp\/v2\/users\/15381"}],"replies":[{"embeddable":true,"href":"https:\/\/hoyre.no\/frogn\/wp-json\/wp\/v2\/comments?post=327"}],"version-history":[{"count":17,"href":"https:\/\/hoyre.no\/frogn\/wp-json\/wp\/v2\/pages\/327\/revisions"}],"predecessor-version":[{"id":534,"href":"https:\/\/hoyre.no\/frogn\/wp-json\/wp\/v2\/pages\/327\/revisions\/534"}],"up":[{"embeddable":true,"href":"https:\/\/hoyre.no\/frogn\/wp-json\/wp\/v2\/pages\/3"}],"wp:attachment":[{"href":"https:\/\/hoyre.no\/frogn\/wp-json\/wp\/v2\/media?parent=327"}],"curies":[{"name":"wp","href":"https:\/\/api.w.org\/{rel}","templated":true}]}}