{"id":536,"date":"2023-10-09T19:48:44","date_gmt":"2023-10-09T17:48:44","guid":{"rendered":"https:\/\/hoyre.no\/frogn\/?page_id=536"},"modified":"2026-02-15T12:12:55","modified_gmt":"2026-02-15T11:12:55","slug":"vare-representanter","status":"publish","type":"page","link":"https:\/\/hoyre.no\/frogn\/vare-representanter\/","title":{"rendered":"V\u00e5re representanter"},"content":{"rendered":"\n<div class=\"wp-block-hoyre-hero with-image-gradient text-color-light  alignfull has-background \"><div class=\"hoyre-hero \"><h1 class=\"title\">V\u00e5re representanter<\/h1><p class=\"preamble\">H\u00f8yre er representert i alle folkevalgte utvalg. \u00d8nsker du \u00e5 komme i kontakt med en av oss? Da kan du finne din representant her. For fullstendig oversikt over kommunestyrets medlemmer, se nederst p\u00e5 siden.<\/p><\/div><\/div>\n\n\n\n\n<h3 class=\"wp-block-heading\">Formannskapet<\/h3>\n\n\n\n<div class=\"wp-block-media-text is-stacked-on-mobile is-image-fill\"><figure class=\"wp-block-media-text__media\" style=\"background-image:url('https:\/\/hoyre.no\/content\/uploads\/sites\/195\/2023\/06\/DSC00656-1024x819.jpg');background-position:50% 50%\"><img loading=\"lazy\" decoding=\"async\" width=\"1024\" height=\"819\" src=\"https:\/\/hoyre.no\/content\/uploads\/sites\/195\/2023\/06\/DSC00656-1024x819.jpg\" alt=\"\" class=\"wp-image-451 size-full\" srcset=\"https:\/\/hoyre.no\/content\/uploads\/sites\/195\/2023\/06\/DSC00656-1024x819.jpg 1024w, https:\/\/hoyre.no\/content\/uploads\/sites\/195\/2023\/06\/DSC00656-300x240.jpg 300w, https:\/\/hoyre.no\/content\/uploads\/sites\/195\/2023\/06\/DSC00656-768x614.jpg 768w, https:\/\/hoyre.no\/content\/uploads\/sites\/195\/2023\/06\/DSC00656-1536x1229.jpg 1536w, https:\/\/hoyre.no\/content\/uploads\/sites\/195\/2023\/06\/DSC00656-2048x1638.jpg 2048w\" sizes=\"auto, (max-width: 1024px) 100vw, 1024px\" \/><\/figure><div class=\"wp-block-media-text__content\">\n\n<h2 class=\"wp-block-heading\">Sigbj\u00f8rn Odden<\/h2>\n\n\n<p><strong>Ordf\u00f8rer<\/strong><br>E-post: sigbjorn.odden@frogn.kommune.no<br>Tlf.: 915 47 952<\/p>\n\n<\/div><\/div>\n\n\n\n<div class=\"wp-block-media-text is-stacked-on-mobile is-image-fill\"><figure class=\"wp-block-media-text__media\" style=\"background-image:url('https:\/\/hoyre.no\/content\/uploads\/sites\/195\/2023\/06\/DSC00559-1024x819.jpg');background-position:50% 50%\"><img loading=\"lazy\" decoding=\"async\" width=\"1024\" height=\"819\" src=\"https:\/\/hoyre.no\/content\/uploads\/sites\/195\/2023\/06\/DSC00559-1024x819.jpg\" alt=\"\" class=\"wp-image-452 size-full\" srcset=\"https:\/\/hoyre.no\/content\/uploads\/sites\/195\/2023\/06\/DSC00559-1024x819.jpg 1024w, https:\/\/hoyre.no\/content\/uploads\/sites\/195\/2023\/06\/DSC00559-300x240.jpg 300w, https:\/\/hoyre.no\/content\/uploads\/sites\/195\/2023\/06\/DSC00559-768x614.jpg 768w, https:\/\/hoyre.no\/content\/uploads\/sites\/195\/2023\/06\/DSC00559-1536x1229.jpg 1536w, https:\/\/hoyre.no\/content\/uploads\/sites\/195\/2023\/06\/DSC00559-2048x1638.jpg 2048w\" sizes=\"auto, (max-width: 1024px) 100vw, 1024px\" \/><\/figure><div class=\"wp-block-media-text__content\">\n\n<h2 class=\"wp-block-heading\">Anine Nor\u00e9n<\/h2>\n\n\n<p><strong>Gruppeleder<\/strong><br>E-post: aninenoren@hotmail.com<br>Tlf.: 907 16 639<\/p>\n\n<\/div><\/div>\n\n\n\n<div class=\"wp-block-media-text is-stacked-on-mobile is-image-fill\"><figure class=\"wp-block-media-text__media\" style=\"background-image:url('https:\/\/hoyre.no\/content\/uploads\/sites\/195\/2023\/06\/DSC00491-1024x819.jpg');background-position:50% 50%\"><img loading=\"lazy\" decoding=\"async\" width=\"1024\" height=\"819\" src=\"https:\/\/hoyre.no\/content\/uploads\/sites\/195\/2023\/06\/DSC00491-1024x819.jpg\" alt=\"\" class=\"wp-image-453 size-full\" srcset=\"https:\/\/hoyre.no\/content\/uploads\/sites\/195\/2023\/06\/DSC00491-1024x819.jpg 1024w, https:\/\/hoyre.no\/content\/uploads\/sites\/195\/2023\/06\/DSC00491-300x240.jpg 300w, https:\/\/hoyre.no\/content\/uploads\/sites\/195\/2023\/06\/DSC00491-768x614.jpg 768w, https:\/\/hoyre.no\/content\/uploads\/sites\/195\/2023\/06\/DSC00491-1536x1229.jpg 1536w, https:\/\/hoyre.no\/content\/uploads\/sites\/195\/2023\/06\/DSC00491-2048x1638.jpg 2048w\" sizes=\"auto, (max-width: 1024px) 100vw, 1024px\" \/><\/figure><div class=\"wp-block-media-text__content\">\n\n<h2 class=\"wp-block-heading\">Bente Krystad Heiersj\u00f8<\/h2>\n\n\n<p>E-post: bente.heiersjo@frognhoyre.no<br>Tlf.: 916 07 435<\/p>\n\n<\/div><\/div>\n\n\n\n<div class=\"wp-block-media-text is-stacked-on-mobile is-image-fill\"><figure class=\"wp-block-media-text__media\" style=\"background-image:url('https:\/\/hoyre.no\/content\/uploads\/sites\/195\/2023\/06\/DSC01057-684x1024.jpg');background-position:46% 12%\"><img loading=\"lazy\" decoding=\"async\" width=\"684\" height=\"1024\" src=\"https:\/\/hoyre.no\/content\/uploads\/sites\/195\/2023\/06\/DSC01057-684x1024.jpg\" alt=\"\" class=\"wp-image-498 size-full\" srcset=\"https:\/\/hoyre.no\/content\/uploads\/sites\/195\/2023\/06\/DSC01057-684x1024.jpg 684w, https:\/\/hoyre.no\/content\/uploads\/sites\/195\/2023\/06\/DSC01057-200x300.jpg 200w, https:\/\/hoyre.no\/content\/uploads\/sites\/195\/2023\/06\/DSC01057-768x1150.jpg 768w, https:\/\/hoyre.no\/content\/uploads\/sites\/195\/2023\/06\/DSC01057-1026x1536.jpg 1026w, https:\/\/hoyre.no\/content\/uploads\/sites\/195\/2023\/06\/DSC01057-1368x2048.jpg 1368w, https:\/\/hoyre.no\/content\/uploads\/sites\/195\/2023\/06\/DSC01057-scaled.jpg 1670w\" sizes=\"auto, (max-width: 684px) 100vw, 684px\" \/><\/figure><div class=\"wp-block-media-text__content\">\n\n<h2 class=\"wp-block-heading\">\u00d8yvind Brenden<\/h2>\n\n\n<p>E-post: oyvind@kampeninstallasjon.no<br>Tlf.: 913 58 189<\/p>\n\n<\/div><\/div>\n\n\n\n\n<p><\/p>\n\n\n\n<h3 class=\"wp-block-heading\">Hovedutvalg for milj\u00f8-, plan- og byggesaker<\/h3>\n\n\n\n<div class=\"wp-block-media-text is-stacked-on-mobile is-image-fill\"><figure class=\"wp-block-media-text__media\" style=\"background-image:url('https:\/\/hoyre.no\/content\/uploads\/sites\/195\/2023\/06\/DSC00570-684x1024.jpg');background-position:51% 10%\"><img loading=\"lazy\" decoding=\"async\" width=\"684\" height=\"1024\" src=\"https:\/\/hoyre.no\/content\/uploads\/sites\/195\/2023\/06\/DSC00570-684x1024.jpg\" alt=\"\" class=\"wp-image-474 size-full\" srcset=\"https:\/\/hoyre.no\/content\/uploads\/sites\/195\/2023\/06\/DSC00570-684x1024.jpg 684w, https:\/\/hoyre.no\/content\/uploads\/sites\/195\/2023\/06\/DSC00570-200x300.jpg 200w, https:\/\/hoyre.no\/content\/uploads\/sites\/195\/2023\/06\/DSC00570-768x1150.jpg 768w, https:\/\/hoyre.no\/content\/uploads\/sites\/195\/2023\/06\/DSC00570-1026x1536.jpg 1026w, https:\/\/hoyre.no\/content\/uploads\/sites\/195\/2023\/06\/DSC00570-1368x2048.jpg 1368w, https:\/\/hoyre.no\/content\/uploads\/sites\/195\/2023\/06\/DSC00570-scaled.jpg 1670w\" sizes=\"auto, (max-width: 684px) 100vw, 684px\" \/><\/figure><div class=\"wp-block-media-text__content\">\n\n<h2 class=\"wp-block-heading\">Kine Dirro B\u00f8hlerengen<\/h2>\n\n\n<p><strong>Utvalgsleder<\/strong><br>E-post: kdb@spk.no<br>Tlf.: 958 75 211<\/p>\n\n<\/div><\/div>\n\n\n\n<div class=\"wp-block-media-text is-stacked-on-mobile is-image-fill-element is-image-fill is-style-default\"><figure class=\"wp-block-media-text__media\"><img loading=\"lazy\" decoding=\"async\" width=\"819\" height=\"1024\" src=\"https:\/\/hoyre.no\/content\/uploads\/sites\/195\/2026\/02\/Profilbilde-2025-819x1024.jpg\" alt=\"\" class=\"wp-image-707 size-full\" style=\"object-position:50% 50%\" srcset=\"https:\/\/hoyre.no\/content\/uploads\/sites\/195\/2026\/02\/Profilbilde-2025-819x1024.jpg 819w, https:\/\/hoyre.no\/content\/uploads\/sites\/195\/2026\/02\/Profilbilde-2025-240x300.jpg 240w, https:\/\/hoyre.no\/content\/uploads\/sites\/195\/2026\/02\/Profilbilde-2025-768x960.jpg 768w, https:\/\/hoyre.no\/content\/uploads\/sites\/195\/2026\/02\/Profilbilde-2025-1229x1536.jpg 1229w, https:\/\/hoyre.no\/content\/uploads\/sites\/195\/2026\/02\/Profilbilde-2025.jpg 1638w\" sizes=\"auto, (max-width: 819px) 100vw, 819px\" \/><\/figure><div class=\"wp-block-media-text__content\">\n<h2 class=\"wp-block-heading\">Fredrik Wessel-Berg<\/h2>\n\n\n\n<p>E-post: fwesselberg@gmail.com<br>Tlf.: 417 61 071<\/p>\n<\/div><\/div>\n\n\n\n<div class=\"wp-block-media-text is-stacked-on-mobile is-image-fill\"><figure class=\"wp-block-media-text__media\" style=\"background-image:url('https:\/\/hoyre.no\/content\/uploads\/sites\/195\/2023\/06\/DSC00813-684x1024.jpg');background-position:54% 16%\"><img loading=\"lazy\" decoding=\"async\" width=\"684\" height=\"1024\" src=\"https:\/\/hoyre.no\/content\/uploads\/sites\/195\/2023\/06\/DSC00813-684x1024.jpg\" alt=\"\" class=\"wp-image-484 size-full\" srcset=\"https:\/\/hoyre.no\/content\/uploads\/sites\/195\/2023\/06\/DSC00813-684x1024.jpg 684w, https:\/\/hoyre.no\/content\/uploads\/sites\/195\/2023\/06\/DSC00813-200x300.jpg 200w, https:\/\/hoyre.no\/content\/uploads\/sites\/195\/2023\/06\/DSC00813-768x1150.jpg 768w, https:\/\/hoyre.no\/content\/uploads\/sites\/195\/2023\/06\/DSC00813-1026x1536.jpg 1026w, https:\/\/hoyre.no\/content\/uploads\/sites\/195\/2023\/06\/DSC00813-1368x2048.jpg 1368w, https:\/\/hoyre.no\/content\/uploads\/sites\/195\/2023\/06\/DSC00813-scaled.jpg 1670w\" sizes=\"auto, (max-width: 684px) 100vw, 684px\" \/><\/figure><div class=\"wp-block-media-text__content\">\n\n<h2 class=\"wp-block-heading\">Geir Aaslund<\/h2>\n\n\n<p>E-post: post@byco.no<br>Tlf.: 988 33 365<\/p>\n\n<\/div><\/div>\n\n\n\n<p><\/p>\n\n\n\n<p><\/p>\n\n\n\n<h3 class=\"wp-block-heading\">Kontrollutvalget<\/h3>\n\n\n\n<div class=\"wp-block-media-text is-stacked-on-mobile is-image-fill\"><figure class=\"wp-block-media-text__media\" style=\"background-image:url('https:\/\/hoyre.no\/content\/uploads\/sites\/195\/2023\/06\/DSC00797-1-684x1024.jpg');background-position:55% 13%\"><img loading=\"lazy\" decoding=\"async\" width=\"684\" height=\"1024\" src=\"https:\/\/hoyre.no\/content\/uploads\/sites\/195\/2023\/06\/DSC00797-1-684x1024.jpg\" alt=\"\" class=\"wp-image-460 size-full\" srcset=\"https:\/\/hoyre.no\/content\/uploads\/sites\/195\/2023\/06\/DSC00797-1-684x1024.jpg 684w, https:\/\/hoyre.no\/content\/uploads\/sites\/195\/2023\/06\/DSC00797-1-200x300.jpg 200w, https:\/\/hoyre.no\/content\/uploads\/sites\/195\/2023\/06\/DSC00797-1-768x1150.jpg 768w, https:\/\/hoyre.no\/content\/uploads\/sites\/195\/2023\/06\/DSC00797-1-1026x1536.jpg 1026w, https:\/\/hoyre.no\/content\/uploads\/sites\/195\/2023\/06\/DSC00797-1-1368x2048.jpg 1368w, https:\/\/hoyre.no\/content\/uploads\/sites\/195\/2023\/06\/DSC00797-1-scaled.jpg 1670w\" sizes=\"auto, (max-width: 684px) 100vw, 684px\" \/><\/figure><div class=\"wp-block-media-text__content\">\n\n<h2 class=\"wp-block-heading\">Christian Bakken<\/h2>\n\n\n<p>E-post: chrisbak@online.no<br>Tlf.: 928 11 246<\/p>\n\n<\/div><\/div>\n\n\n\n<div class=\"wp-block-media-text is-stacked-on-mobile is-image-fill\"><figure class=\"wp-block-media-text__media\" style=\"background-image:url('https:\/\/hoyre.no\/content\/uploads\/sites\/195\/2023\/06\/DSC00981-684x1024.jpg');background-position:48% 14%\"><img loading=\"lazy\" decoding=\"async\" width=\"684\" height=\"1024\" src=\"https:\/\/hoyre.no\/content\/uploads\/sites\/195\/2023\/06\/DSC00981-684x1024.jpg\" alt=\"\" class=\"wp-image-494 size-full\" srcset=\"https:\/\/hoyre.no\/content\/uploads\/sites\/195\/2023\/06\/DSC00981-684x1024.jpg 684w, https:\/\/hoyre.no\/content\/uploads\/sites\/195\/2023\/06\/DSC00981-200x300.jpg 200w, https:\/\/hoyre.no\/content\/uploads\/sites\/195\/2023\/06\/DSC00981-768x1150.jpg 768w, https:\/\/hoyre.no\/content\/uploads\/sites\/195\/2023\/06\/DSC00981-1026x1536.jpg 1026w, https:\/\/hoyre.no\/content\/uploads\/sites\/195\/2023\/06\/DSC00981-1368x2048.jpg 1368w, https:\/\/hoyre.no\/content\/uploads\/sites\/195\/2023\/06\/DSC00981-scaled.jpg 1670w\" sizes=\"auto, (max-width: 684px) 100vw, 684px\" \/><\/figure><div class=\"wp-block-media-text__content\">\n\n<h2 class=\"wp-block-heading\">Kirsti Birkeland<\/h2>\n\n\n<p>E-post: kir.b@online.no <br>Tlf.: 905 30 708<\/p>\n\n<\/div><\/div>\n\n\n\n<p><\/p>\n\n\n\n<h2 class=\"wp-block-heading\">Kommunestyret<\/h2>\n\n\n\n<div class=\"wp-block-teft-accordion\"><div class=\"teft-accordion__inner\">\n<div class=\"wp-block-teft-item\"><div class=\"teft-item__inner\"><h4 class=\"toggle\">1. Sigbj\u00f8rn Odden<\/h4><div class=\"teft-item__inner-content entry-content\">\n<p>E-post: sigbjorn.odden@frogn.kommune.no<br>Tlf.: 915 47 952<\/p>\n<\/div><\/div><\/div>\n\n\n\n<div class=\"wp-block-teft-item\"><div class=\"teft-item__inner\"><h4 class=\"toggle\">2. Anine Nor\u00e9n<\/h4><div class=\"teft-item__inner-content entry-content\">\n<p>E-post: aninenoren@hotmail.com<br>Tlf.: 907 16 639<\/p>\n<\/div><\/div><\/div>\n\n\n\n<div class=\"wp-block-teft-item\"><div class=\"teft-item__inner\"><h4 class=\"toggle\">3. Christian Bakken<\/h4><div class=\"teft-item__inner-content entry-content\">\n<p>E-post: chrisbak@online.no<br>Tlf.: 928 11 246<\/p>\n<\/div><\/div><\/div>\n\n\n\n<div class=\"wp-block-teft-item\"><div class=\"teft-item__inner\"><h4 class=\"toggle\">4. Bente Krystad Heiersj\u00f8<\/h4><div class=\"teft-item__inner-content entry-content\">\n<p>E-post: bente.heiersjo@forgnhoyre.no<br>Tlf.: 916 07 435<\/p>\n<\/div><\/div><\/div>\n\n\n\n<div class=\"wp-block-teft-item\"><div class=\"teft-item__inner\"><h4 class=\"toggle\">5. Fredrik Wessel-Berg<\/h4><div class=\"teft-item__inner-content entry-content\">\n<p>E-post: fwesselberg@gmail.com<br>Tlf.: 417 61 071<\/p>\n<\/div><\/div><\/div>\n\n\n\n<div class=\"wp-block-teft-item\"><div class=\"teft-item__inner\"><h4 class=\"toggle\">6. \u00d8yvind Brenden<\/h4><div class=\"teft-item__inner-content entry-content\">\n<p>E-post: oyvind@kampeninstallasjon.no<br>Tlf.: 913 58 189<\/p>\n<\/div><\/div><\/div>\n\n\n\n<div class=\"wp-block-teft-item\"><div class=\"teft-item__inner\"><h4 class=\"toggle\">7. Geir Aaslund<\/h4><div class=\"teft-item__inner-content entry-content\">\n<p>E-post: post@byco.no<br>Tlf.: 988 33 365<\/p>\n<\/div><\/div><\/div>\n\n\n\n<div class=\"wp-block-teft-item\"><div class=\"teft-item__inner\"><h4 class=\"toggle\">8. Kine Dirro B\u00f8hlerengen<\/h4><div class=\"teft-item__inner-content entry-content\">\n<p>E-post: kdb@spk.no<br>Tlf.: 958 75 211<\/p>\n<\/div><\/div><\/div>\n\n\n\n<div class=\"wp-block-teft-item\"><div class=\"teft-item__inner\"><h4 class=\"toggle\">9. Fardin Roostami<\/h4><div class=\"teft-item__inner-content entry-content\"><\/div><\/div><\/div>\n\n\n\n<div class=\"wp-block-teft-item\"><div class=\"teft-item__inner\"><h4 class=\"toggle\">10. Kjersti Dahl<\/h4><div class=\"teft-item__inner-content entry-content\"><\/div><\/div><\/div>\n<\/div><\/div>\n\n\n\n<div class=\"wp-block-teft-accordion\"><div class=\"teft-accordion__inner\">\n<div class=\"wp-block-teft-item\"><div class=\"teft-item__inner\"><div class=\"teft-item__inner-content entry-content\"><\/div><\/div><\/div>\n<\/div><\/div>\n\n\n\n<div class=\"wp-block-teft-accordion\"><div class=\"teft-accordion__inner\">\n<div class=\"wp-block-teft-item\"><div class=\"teft-item__inner\"><div class=\"teft-item__inner-content entry-content\"><\/div><\/div><\/div>\n<\/div><\/div>\n\n\n\n<p><\/p>\n","protected":false},"excerpt":{"rendered":"<p>Hovedutvalg for milj\u00f8-, plan- og byggesaker Kine Dirro B\u00f8hlerengen UtvalgslederE-post: kdb@spk.noTlf.: 958 75 211 Fredrik Wessel-Berg E-post: fwesselberg@gmail.comTlf.: 417 61 071 Geir Aaslund E-post: post@byco.noTlf.: 988 33 365 Kontrollutvalget Christian Bakken E-post: chrisbak@online.noTlf.: 928 11 246 Kirsti Birkeland E-post: kir.b@online.no Tlf.: 905 30 708 Kommunestyret<\/p>\n","protected":false},"author":20880,"featured_media":0,"parent":0,"menu_order":0,"comment_status":"closed","ping_status":"closed","template":"","meta":{"teft_cards_image_url":"","teft_cards_custom_pretitle":"","teft_cards_image_id":0,"teft_cards_image_focal_point_x":0,"teft_cards_image_focal_point_y":0,"teft_cards_title":"","teft_cards_excerpt":"","teft_show_chapters":false,"footnotes":""},"class_list":["post-536","page","type-page","status-publish","hentry"],"yoast_head":"<!-- This site is optimized with the Yoast SEO plugin v26.6 - https:\/\/yoast.com\/wordpress\/plugins\/seo\/ -->\n<title>V\u00e5re representanter - Frogn H\u00f8yre<\/title>\n<meta name=\"robots\" content=\"index, follow, max-snippet:-1, max-image-preview:large, max-video-preview:-1\" \/>\n<link rel=\"canonical\" href=\"https:\/\/hoyre.no\/frogn\/vare-representanter\/\" \/>\n<meta property=\"og:locale\" content=\"nb_NO\" \/>\n<meta property=\"og:type\" content=\"article\" \/>\n<meta property=\"og:title\" content=\"V\u00e5re representanter - Frogn H\u00f8yre\" \/>\n<meta property=\"og:description\" content=\"Hovedutvalg for milj\u00f8-, plan- og byggesaker Kine Dirro B\u00f8hlerengen UtvalgslederE-post: kdb@spk.noTlf.: 958 75 211 Fredrik Wessel-Berg E-post: fwesselberg@gmail.comTlf.: 417 61 071 Geir Aaslund E-post: post@byco.noTlf.: 988 33 365 Kontrollutvalget Christian Bakken E-post: chrisbak@online.noTlf.: 928 11 246 Kirsti Birkeland E-post: kir.b@online.no Tlf.: 905 30 708 Kommunestyret\" \/>\n<meta property=\"og:url\" content=\"https:\/\/hoyre.no\/frogn\/vare-representanter\/\" \/>\n<meta property=\"og:site_name\" content=\"Frogn H\u00f8yre\" \/>\n<meta property=\"article:modified_time\" content=\"2026-02-15T11:12:55+00:00\" \/>\n<meta property=\"og:image\" content=\"https:\/\/hoyre.no\/content\/uploads\/sites\/195\/2023\/06\/DSC00656.jpg\" \/>\n\t<meta property=\"og:image:width\" content=\"2235\" \/>\n\t<meta property=\"og:image:height\" content=\"1788\" \/>\n\t<meta property=\"og:image:type\" content=\"image\/jpeg\" \/>\n<meta name=\"twitter:card\" content=\"summary_large_image\" \/>\n<meta name=\"twitter:label1\" content=\"Ansl. lesetid\" \/>\n\t<meta name=\"twitter:data1\" content=\"3 minutter\" \/>\n<script type=\"application\/ld+json\" class=\"yoast-schema-graph\">{\"@context\":\"https:\/\/schema.org\",\"@graph\":[{\"@type\":\"WebPage\",\"@id\":\"https:\/\/hoyre.no\/frogn\/vare-representanter\/\",\"url\":\"https:\/\/hoyre.no\/frogn\/vare-representanter\/\",\"name\":\"V\u00e5re representanter - Frogn H\u00f8yre\",\"isPartOf\":{\"@id\":\"https:\/\/hoyre.no\/frogn\/#website\"},\"image\":{\"@id\":\"https:\/\/hoyre.no\/frogn\/vare-representanter\/#primaryimage\"},\"thumbnailUrl\":\"https:\/\/hoyre.no\/content\/uploads\/sites\/195\/2023\/06\/DSC00656-1024x819.jpg\",\"datePublished\":\"2023-10-09T17:48:44+00:00\",\"dateModified\":\"2026-02-15T11:12:55+00:00\",\"breadcrumb\":{\"@id\":\"https:\/\/hoyre.no\/frogn\/vare-representanter\/#breadcrumb\"},\"inLanguage\":\"nb-NO\",\"potentialAction\":[{\"@type\":\"ReadAction\",\"target\":[\"https:\/\/hoyre.no\/frogn\/vare-representanter\/\"]}]},{\"@type\":\"ImageObject\",\"inLanguage\":\"nb-NO\",\"@id\":\"https:\/\/hoyre.no\/frogn\/vare-representanter\/#primaryimage\",\"url\":\"https:\/\/hoyre.no\/content\/uploads\/sites\/195\/2023\/06\/DSC00656-1024x819.jpg\",\"contentUrl\":\"https:\/\/hoyre.no\/content\/uploads\/sites\/195\/2023\/06\/DSC00656-1024x819.jpg\"},{\"@type\":\"BreadcrumbList\",\"@id\":\"https:\/\/hoyre.no\/frogn\/vare-representanter\/#breadcrumb\",\"itemListElement\":[{\"@type\":\"ListItem\",\"position\":1,\"name\":\"Til hoyre.no\",\"item\":\"https:\/\/hoyre.no\"},{\"@type\":\"ListItem\",\"position\":2,\"name\":\"Hjem\",\"item\":\"https:\/\/hoyre.no\/frogn\/\"},{\"@type\":\"ListItem\",\"position\":3,\"name\":\"V\u00e5re representanter\"}]},{\"@type\":\"WebSite\",\"@id\":\"https:\/\/hoyre.no\/frogn\/#website\",\"url\":\"https:\/\/hoyre.no\/frogn\/\",\"name\":\"Frogn H\u00f8yre\",\"description\":\"Bare enda et H\u00f8yres nettsteder-nettsted\",\"inLanguage\":\"nb-NO\"}]}<\/script>\n<!-- \/ Yoast SEO plugin. -->","yoast_head_json":{"title":"V\u00e5re representanter - Frogn H\u00f8yre","robots":{"index":"index","follow":"follow","max-snippet":"max-snippet:-1","max-image-preview":"max-image-preview:large","max-video-preview":"max-video-preview:-1"},"canonical":"https:\/\/hoyre.no\/frogn\/vare-representanter\/","og_locale":"nb_NO","og_type":"article","og_title":"V\u00e5re representanter - Frogn H\u00f8yre","og_description":"Hovedutvalg for milj\u00f8-, plan- og byggesaker Kine Dirro B\u00f8hlerengen UtvalgslederE-post: kdb@spk.noTlf.: 958 75 211 Fredrik Wessel-Berg E-post: fwesselberg@gmail.comTlf.: 417 61 071 Geir Aaslund E-post: post@byco.noTlf.: 988 33 365 Kontrollutvalget Christian Bakken E-post: chrisbak@online.noTlf.: 928 11 246 Kirsti Birkeland E-post: kir.b@online.no Tlf.: 905 30 708 Kommunestyret","og_url":"https:\/\/hoyre.no\/frogn\/vare-representanter\/","og_site_name":"Frogn H\u00f8yre","article_modified_time":"2026-02-15T11:12:55+00:00","og_image":[{"width":2235,"height":1788,"url":"https:\/\/hoyre.no\/content\/uploads\/sites\/195\/2023\/06\/DSC00656.jpg","type":"image\/jpeg"}],"twitter_card":"summary_large_image","twitter_misc":{"Ansl. lesetid":"3 minutter"},"schema":{"@context":"https:\/\/schema.org","@graph":[{"@type":"WebPage","@id":"https:\/\/hoyre.no\/frogn\/vare-representanter\/","url":"https:\/\/hoyre.no\/frogn\/vare-representanter\/","name":"V\u00e5re representanter - Frogn H\u00f8yre","isPartOf":{"@id":"https:\/\/hoyre.no\/frogn\/#website"},"image":{"@id":"https:\/\/hoyre.no\/frogn\/vare-representanter\/#primaryimage"},"thumbnailUrl":"https:\/\/hoyre.no\/content\/uploads\/sites\/195\/2023\/06\/DSC00656-1024x819.jpg","datePublished":"2023-10-09T17:48:44+00:00","dateModified":"2026-02-15T11:12:55+00:00","breadcrumb":{"@id":"https:\/\/hoyre.no\/frogn\/vare-representanter\/#breadcrumb"},"inLanguage":"nb-NO","potentialAction":[{"@type":"ReadAction","target":["https:\/\/hoyre.no\/frogn\/vare-representanter\/"]}]},{"@type":"ImageObject","inLanguage":"nb-NO","@id":"https:\/\/hoyre.no\/frogn\/vare-representanter\/#primaryimage","url":"https:\/\/hoyre.no\/content\/uploads\/sites\/195\/2023\/06\/DSC00656-1024x819.jpg","contentUrl":"https:\/\/hoyre.no\/content\/uploads\/sites\/195\/2023\/06\/DSC00656-1024x819.jpg"},{"@type":"BreadcrumbList","@id":"https:\/\/hoyre.no\/frogn\/vare-representanter\/#breadcrumb","itemListElement":[{"@type":"ListItem","position":1,"name":"Til hoyre.no","item":"https:\/\/hoyre.no"},{"@type":"ListItem","position":2,"name":"Hjem","item":"https:\/\/hoyre.no\/frogn\/"},{"@type":"ListItem","position":3,"name":"V\u00e5re representanter"}]},{"@type":"WebSite","@id":"https:\/\/hoyre.no\/frogn\/#website","url":"https:\/\/hoyre.no\/frogn\/","name":"Frogn H\u00f8yre","description":"Bare enda et H\u00f8yres nettsteder-nettsted","inLanguage":"nb-NO"}]}},"distributor_meta":false,"distributor_terms":false,"distributor_media":false,"distributor_original_site_name":"Frogn H\u00f8yre","distributor_original_site_url":"https:\/\/hoyre.no\/frogn","push-errors":false,"_links":{"self":[{"href":"https:\/\/hoyre.no\/frogn\/wp-json\/wp\/v2\/pages\/536","targetHints":{"allow":["GET"]}}],"collection":[{"href":"https:\/\/hoyre.no\/frogn\/wp-json\/wp\/v2\/pages"}],"about":[{"href":"https:\/\/hoyre.no\/frogn\/wp-json\/wp\/v2\/types\/page"}],"author":[{"embeddable":true,"href":"https:\/\/hoyre.no\/frogn\/wp-json\/wp\/v2\/users\/20880"}],"replies":[{"embeddable":true,"href":"https:\/\/hoyre.no\/frogn\/wp-json\/wp\/v2\/comments?post=536"}],"version-history":[{"count":18,"href":"https:\/\/hoyre.no\/frogn\/wp-json\/wp\/v2\/pages\/536\/revisions"}],"predecessor-version":[{"id":708,"href":"https:\/\/hoyre.no\/frogn\/wp-json\/wp\/v2\/pages\/536\/revisions\/708"}],"wp:attachment":[{"href":"https:\/\/hoyre.no\/frogn\/wp-json\/wp\/v2\/media?parent=536"}],"curies":[{"name":"wp","href":"https:\/\/api.w.org\/{rel}","templated":true}]}}