{"id":33,"date":"2023-07-10T15:08:23","date_gmt":"2023-07-10T13:08:23","guid":{"rendered":"https:\/\/hoyre.no\/froland\/?page_id=33"},"modified":"2023-11-21T14:10:25","modified_gmt":"2023-11-21T13:10:25","slug":"john-magne-bjerga-var-ordforerkandidat","status":"publish","type":"page","link":"https:\/\/hoyre.no\/froland\/john-magne-bjerga-var-ordforerkandidat\/","title":{"rendered":"John Magne Bjerga &#8211; v\u00e5r Gruppeleder"},"content":{"rendered":"\n<div class=\"wp-block-hoyre-hero with-image-gradient text-color-light  has-media alignfull has-background\"><div class=\"hoyre-hero has-image\"><h1 class=\"title\">Bli kjent med John Magne<\/h1><p class=\"preamble\">Froland H\u00f8yres gruppeleder<\/p>\t\t\t<div class=\"post-meta wp-block teft-byline-wrapper\">\n\t\t\t\t<div class=\"top\">\n\t\t\t\t\t<div class=\"signature\">\n\t\t\t\t\t\t<div class=\"teft-byline\">\n\t\t\t\t\t\t\t\t\t\t\t\t\t\t<div>\n\t\t\t\t\t\t\t\t<h3>H\u00f8yres redaksjon<\/h3>\t\t\t\t\t\t\t\t\n\t\t\t\t\t\t\t\t\t\t\t\t\t\t\t\t\t<span class=\"date\">Sist oppdatert: 21. november 2023<\/span>\n\t\t\t\t\t\t\t\t\t\t\t\t\t\t\t\t\t\t\t\t\t\t\t\t\t<span class=\"reading-time\" itemprop=\"timeRequired\" content=\"PT5M\"><em>Ca. 5 minutter lesetid<\/em><\/span>\n\t\t\t\t\t\t\t\t\t\t\t\t\t\t\t<\/div>\n\t\t\t\t\t\t<\/div>\n\t\t\t\t\t<\/div>\n\t\t\t\t\t\t<div class=\"sharing\">\n\t\t<a class=\"share-button share-link copy-link\" data-copy=\"https:\/\/hoyre.no\/froland\/john-magne-bjerga-var-ordforerkandidat\/\" target=\"_blank\"><span class=\"screen-reader-text\">Del link<\/span><\/a>\n\t\t<a class=\"share-button share-twitter\" href=\"http:\/\/twitter.com\/share?text=John Magne Bjerga &#8211; v\u00e5r Gruppeleder&#038;url=https:\/\/hoyre.no\/froland\/john-magne-bjerga-var-ordforerkandidat\/&#038;hashtags=Hoyre\" target=\"_blank\"><span class=\"screen-reader-text\">Del p\u00e5 twitter<\/span><\/a>\n\t\t<a class=\"share-button share-facebook\" href=\"https:\/\/www.facebook.com\/sharer\/sharer.php?u=https:\/\/hoyre.no\/froland\/john-magne-bjerga-var-ordforerkandidat\/\" target=\"_blank\"><span class=\"screen-reader-text\">Del p\u00e5 facebook<\/span><\/a>\n\t<\/div>\n\t\t\t\t\t<\/div>\n\t\t\t<\/div>\n\n\t\t\t<figure class=\"hoyre-image-wrapper\"><div class=\"hoyre-image\"><img loading=\"lazy\" decoding=\"async\" width=\"1875\" height=\"2500\" src=\"https:\/\/hoyre.no\/content\/uploads\/sites\/34\/2023\/07\/IMG_1812-scaled.jpeg\" class=\"attachment-scaled size-scaled\" alt=\"\" style=\"object-position: 51% 19%\" srcset=\"https:\/\/hoyre.no\/content\/uploads\/sites\/34\/2023\/07\/IMG_1812-scaled.jpeg 1875w, https:\/\/hoyre.no\/content\/uploads\/sites\/34\/2023\/07\/IMG_1812-225x300.jpeg 225w, https:\/\/hoyre.no\/content\/uploads\/sites\/34\/2023\/07\/IMG_1812-768x1024.jpeg 768w, https:\/\/hoyre.no\/content\/uploads\/sites\/34\/2023\/07\/IMG_1812-1152x1536.jpeg 1152w, https:\/\/hoyre.no\/content\/uploads\/sites\/34\/2023\/07\/IMG_1812-1536x2048.jpeg 1536w\" sizes=\"auto, (max-width: 1875px) 100vw, 1875px\" \/><\/div><\/figure><\/div><\/div>\n\n\n\n\n<div class=\"wp-block-buttons is-content-justification-center is-layout-flex wp-container-core-buttons-is-layout-16018d1d wp-block-buttons-is-layout-flex\">\n<div class=\"wp-block-button\"><a class=\"wp-block-button__link wp-element-button\" href=\"https:\/\/hoyre.no\/nyhetsbrev\/\">abonner p\u00e5 h\u00f8yres nyhetsbrev<\/a><\/div>\n\n\n\n<div class=\"wp-block-button\"><a class=\"wp-block-button__link wp-element-button\" href=\"https:\/\/www.facebook.com\/groups\/1668425376886309\/user\/902540647\/\">F\u00f8lg John Magne p\u00e5 Facebook<\/a><\/div>\n\n\n\n<div class=\"wp-block-button\"><a class=\"wp-block-button__link wp-element-button\" href=\"https:\/\/www.facebook.com\/FrolandHoyre\">f\u00f8lg Froland h\u00f8yre p\u00e5 facebook<\/a><\/div>\n<\/div>\n\n\n\n<div class=\"wp-block-hoyre-banner undefined has-icon-title icon-heart is-style-blue\"><div class=\"banner-inner\"><div class=\"banner-content\"><div class=\"entry-content\">\n<h2 class=\"wp-block-heading has-text-align-center\" id=\"h-bli-bedre-kjent-med-navn\">Bli bedre kjent med John Magne!<\/h2>\n\n\n\n<p class=\"has-text-align-left\"><strong>Alder:<\/strong> 45 \u00e5r<\/p>\n\n\n\n<p class=\"has-text-align-left\"><strong>Bosted:<\/strong> Osetoppen<\/p>\n\n\n\n<p class=\"has-text-align-left\"><strong>Sivilstatus:<\/strong> Gift med Hildegunn, 2 barn Malin 23 \u00e5r, Julie 18 \u00e5r<\/p>\n\n\n\n<p class=\"has-text-align-left\"><strong>Jobb:<\/strong> Agent for Landkreditt Forsikring<\/p>\n\n\n\n<p class=\"has-text-align-left\"><strong>Bakgrunn:<\/strong> Jobbet med bilklargj\u00f8ring kosmetisk og teknisk frem til jeg ble 30, Forsikring etter det.<\/p>\n\n\n\n<p class=\"has-text-align-left\"><strong>Politisk erfaring:<\/strong> Ble med i Karm\u00f8y Unge H\u00f8yre i 1994 og meldte meg inn i Froland H\u00f8yre i 2011. Leder siden 2016, Vara til kommunestyre siden 2015.<\/p>\n\n\n\n<p class=\"has-text-align-left\"><strong>Hvorfor er H\u00f8yre rett parti for deg?<\/strong> N\u00e5r jeg meldte meg inn i unge h\u00f8yre fikk jeg en t-skjorte med teksten \u00abEg vil bestemma sj\u00f8l!\u00bb Det forteller om v\u00e5r ideologi. Vi vil at folk skal bestemme over eget liv. At alle vet best selv hvordan de kan utnytte sine forutsetninger og talenter. Et samfunn som bygges fra bunnen som ser enkeltpersoner.<\/p>\n\n\n\n<p class=\"has-text-align-left\"><strong>Det er l\u00f8rdag, klokka n\u00e6rmer seg 19.00. Hva spiser du helst til middag?<\/strong> Biff eller skalldyrbord<\/p>\n\n\n\n<p class=\"has-text-align-left\"><strong>Konsert eller idrettsarrangement?<\/strong> Idrettsarrangement. Styrer timeplanen etter kampene til FK Haugesund og er p\u00e5 s\u00e5 mange sykkelritt som jeg klarer.<\/p>\n\n\n\n<p class=\"has-text-align-left\"><strong>Hvis du skulle valgt en, hva er din favorittartist?<\/strong> Vanskelig, akkurat n\u00e5 Helge Toft<\/p>\n\n\n\n<p class=\"has-text-align-left\"><strong>Funfact?<\/strong> Fikk forhandlet meg frem til Trav som valgfag p\u00e5 ungdomskolen<\/p>\n\n\n\n<p class=\"has-text-align-left\"><strong>Hva er din favorittplass i kommunen og utenfor kommunen?<\/strong>&nbsp;Jom\u00e5s. Utenfor kommunen er Calpe i Spania en utrolig fin plass.<\/p>\n\n\n\n<div class=\"wp-block-buttons is-layout-flex wp-block-buttons-is-layout-flex\"><\/div>\n<\/div><\/div><\/div><\/div>\n\n\n\n<div class=\"wp-block-teft-accentuated-link undefined has-image\"><div class=\"kf-link__wrapper\"><div class=\"kf-link__tagline\"><\/div><a class=\"kf-link__link\" href=\"https:\/\/hoyre.no\/personprofiler\/john-magne-bjerga\/\" rel=\"noreferrer noopener\" target=\"_blank\">Kom i kontakt med John Magne<span class=\"kf-link__link-source\">hoyre.no<\/span><\/a><\/div><figure class=\"hoyre-image-wrapper\"><div class=\"hoyre-image\"><img loading=\"lazy\" decoding=\"async\" width=\"1875\" height=\"2500\" src=\"https:\/\/hoyre.no\/content\/uploads\/sites\/34\/2023\/07\/DJI_20230428_120139_730-scaled.jpeg\" class=\"attachment-scaled size-scaled\" alt=\"\" style=\"object-position: 53% 43%\" srcset=\"https:\/\/hoyre.no\/content\/uploads\/sites\/34\/2023\/07\/DJI_20230428_120139_730-scaled.jpeg 1875w, https:\/\/hoyre.no\/content\/uploads\/sites\/34\/2023\/07\/DJI_20230428_120139_730-225x300.jpeg 225w, https:\/\/hoyre.no\/content\/uploads\/sites\/34\/2023\/07\/DJI_20230428_120139_730-768x1024.jpeg 768w, https:\/\/hoyre.no\/content\/uploads\/sites\/34\/2023\/07\/DJI_20230428_120139_730-1152x1536.jpeg 1152w, https:\/\/hoyre.no\/content\/uploads\/sites\/34\/2023\/07\/DJI_20230428_120139_730-1536x2048.jpeg 1536w\" sizes=\"auto, (max-width: 1875px) 100vw, 1875px\" \/><\/div><\/figure><\/div>\n\n\n\n<figure class=\"wp-block-teft-gallery columns-2 count-2 rows-2 is-cropped\"><ul class=\"teft-gallery-grid\"><li class=\"teft-gallery-item \"><figure><a href=\"https:\/\/hoyre.no\/content\/uploads\/sites\/34\/2023\/07\/DJI_20230428_120139_730-scaled.jpeg\" data-size=\"1875x2500\"><img loading=\"lazy\" decoding=\"async\" width=\"768\" height=\"1024\" src=\"https:\/\/hoyre.no\/content\/uploads\/sites\/34\/2023\/07\/DJI_20230428_120139_730-768x1024.jpeg\" class=\"attachment-large size-large\" alt=\"\" srcset=\"https:\/\/hoyre.no\/content\/uploads\/sites\/34\/2023\/07\/DJI_20230428_120139_730-768x1024.jpeg 768w, https:\/\/hoyre.no\/content\/uploads\/sites\/34\/2023\/07\/DJI_20230428_120139_730-225x300.jpeg 225w, https:\/\/hoyre.no\/content\/uploads\/sites\/34\/2023\/07\/DJI_20230428_120139_730-1152x1536.jpeg 1152w, https:\/\/hoyre.no\/content\/uploads\/sites\/34\/2023\/07\/DJI_20230428_120139_730-1536x2048.jpeg 1536w, https:\/\/hoyre.no\/content\/uploads\/sites\/34\/2023\/07\/DJI_20230428_120139_730-scaled.jpeg 1875w\" sizes=\"auto, (max-width: 768px) 100vw, 768px\" \/ data-full-url=\"https:\/\/hoyre.no\/content\/uploads\/sites\/34\/2023\/07\/DJI_20230428_120139_730-scaled.jpeg\" data-id=\"44\" data-caption=\"44\"\/><\/a><\/figure><\/li><li class=\"teft-gallery-item \"><figure><a href=\"https:\/\/hoyre.no\/content\/uploads\/sites\/34\/2023\/07\/IMG_1812-scaled.jpeg\" data-size=\"1875x2500\"><img loading=\"lazy\" decoding=\"async\" width=\"768\" height=\"1024\" src=\"https:\/\/hoyre.no\/content\/uploads\/sites\/34\/2023\/07\/IMG_1812-768x1024.jpeg\" class=\"attachment-large size-large\" alt=\"\" srcset=\"https:\/\/hoyre.no\/content\/uploads\/sites\/34\/2023\/07\/IMG_1812-768x1024.jpeg 768w, https:\/\/hoyre.no\/content\/uploads\/sites\/34\/2023\/07\/IMG_1812-225x300.jpeg 225w, https:\/\/hoyre.no\/content\/uploads\/sites\/34\/2023\/07\/IMG_1812-1152x1536.jpeg 1152w, https:\/\/hoyre.no\/content\/uploads\/sites\/34\/2023\/07\/IMG_1812-1536x2048.jpeg 1536w, https:\/\/hoyre.no\/content\/uploads\/sites\/34\/2023\/07\/IMG_1812-scaled.jpeg 1875w\" sizes=\"auto, (max-width: 768px) 100vw, 768px\" \/ data-full-url=\"https:\/\/hoyre.no\/content\/uploads\/sites\/34\/2023\/07\/IMG_1812-scaled.jpeg\" data-id=\"43\" data-caption=\"43\"\/><\/a><\/figure><\/li><\/ul><\/figure>\n\n\n\n<h2 class=\"wp-block-heading has-text-align-center\">John Magnes hjertesak<\/h2>\n\n\n\n<h3 class=\"wp-block-heading\"><strong>Det gode liv i Froland!<\/strong><\/h3>\n\n\n\n<p>N\u00e5r frivilligheten, n\u00e6ringslivet og kommunen spiller p\u00e5 lag skaper vi et godt samfunn. Da f\u00e5r vi et samfunn der enkeltpersonene tar ansvar for seg selv og \u00f8nsker \u00e5 bidra til \u00e5 skape det gode liv i Froland. H\u00f8yre vil ha en kommune som legger til rette for at alle kan bruke sine ressurser og talenter. Et samfunn med muligheter for alle!<\/p>\n\n\n\n<p>En god barndom starter i barnehagen. Barnehagen skal v\u00e6re en plass hvor barna l\u00e6rer under lek. Vi skal legge til rette for at bemanningsnormen f\u00f8lges og at vi skal satse p\u00e5 de ansatte kompetanseheving og p\u00e5fyll. Tidlig innsats starter i barnehagen.<\/p>\n\n\n\n<p>Jeg vil jobbe for \u00e5 styrke grunnbemanningen i skolen. Vi har gode l\u00e6rere i Froland, men for \u00e5 l\u00f8fte resultatene i skolen trenger vi flere l\u00e6rere. Vi bruker mye resurser p\u00e5 vikarer. Det vi ser er at vi da ikke alltid f\u00e5r kvalifiserte vikarer og at l\u00e6rerne m\u00e5 jobbe en del overtid. L\u00f8fter vi grunnbemanningen i skolen kan vi sikre at vi f\u00e5r kvalifiserte l\u00e6rere i klasserommet. Klarer vi dette vil elevene f\u00f8le mestring, noe som vil gi barna en god start livet og muligheter for alle.<\/p>\n\n\n\n<p>Innen 2030 m\u00e5 vi ha et nytt sykehjem p\u00e5 plass. H\u00f8yre vil st\u00f8tte opp om planleggingen for \u00e5 f\u00e5 det til. H\u00f8yre vil ogs\u00e5 legge til rette for nye boliger i sentrum slik at de eldre kan bo lengre hjemme. Vi skal ha boliger med m\u00f8teplasser og servicetilbud i n\u00e6rheten.<\/p>\n\n\n\n<p>For \u00e5 f\u00e5 dette til er det n\u00f8dvendig med utvikling. H\u00f8yre utvikler politikk for alle som bor i Froland, ikke kommunen. Jeg brenner for at det skal etableres arbeidsplasser i Froland. Derfor heier jeg p\u00e5 B\u00f8ylestad Energipark og alle som skaper arbeidsplasser. Skal vi f\u00e5 besatt stillingene i skoler, helse og omsorg i fremtiden m\u00e5 vi ha en jobb \u00e5 tilby til ektefellene ogs\u00e5.<\/p>\n\n\n\n<p>H\u00f8yre skal legge til rette for LEIE til EIE og Hent meg i Froland. Skal vi f\u00e5 yngre generasjon til \u00e5 flytte tilbake til Froland n\u00e5r de er ferdige med utdanning m\u00e5 vi ha tilgjengelige boliger som de har r\u00e5d til \u00e5 bo i. H\u00f8yre skal holde skatter og avgifter lave, vi skal ikke ta mer av folkes penger enn n\u00f8dvendig. Du skal ha r\u00e5d til \u00e5 bo i Froland. Frolendinger vil ogs\u00e5 kunne benytte seg av kulturlivet i omr\u00e5det. Hent meg i Froland l\u00f8ser dette problemet. En samkj\u00f8ringstjeneste som g\u00e5r n\u00e5r vi har bruk for det.<\/p>\n\n\n\n<p>Froland H\u00f8yre er klar til \u00e5 ta ansvar for styringen av kommunen om vi f\u00e5r tillitt Vi stiller er supert lag som vi utvikle Froland videre. N\u00e5r vi f\u00e5r til samspillet i kommunen vil Froland v\u00e6re en plass som gir muligheter for alle!<\/p>\n\n\n\n<p>Godt valg!<\/p>\n\n\n\n<div class=\"wp-block-hoyre-banner alignwide undefined  is-style-blue\"><div class=\"banner-inner\"><figure class=\"hoyre-image-wrapper\"><div class=\"hoyre-image\"><img loading=\"lazy\" decoding=\"async\" width=\"1875\" height=\"2500\" src=\"https:\/\/hoyre.no\/content\/uploads\/sites\/34\/2023\/07\/IMG_1812-scaled.jpeg\" class=\"attachment-scaled size-scaled\" alt=\"\" style=\"object-position: 53% 21%\" srcset=\"https:\/\/hoyre.no\/content\/uploads\/sites\/34\/2023\/07\/IMG_1812-scaled.jpeg 1875w, https:\/\/hoyre.no\/content\/uploads\/sites\/34\/2023\/07\/IMG_1812-225x300.jpeg 225w, https:\/\/hoyre.no\/content\/uploads\/sites\/34\/2023\/07\/IMG_1812-768x1024.jpeg 768w, https:\/\/hoyre.no\/content\/uploads\/sites\/34\/2023\/07\/IMG_1812-1152x1536.jpeg 1152w, https:\/\/hoyre.no\/content\/uploads\/sites\/34\/2023\/07\/IMG_1812-1536x2048.jpeg 1536w\" sizes=\"auto, (max-width: 1875px) 100vw, 1875px\" \/><\/div><\/figure><div class=\"banner-content\"><div class=\"entry-content\">\n<h2 class=\"wp-block-heading\" id=\"h-ti-gode-grunner\">Kom i kontakt med John Magne<\/h2>\n\n\n\n<ul class=\"wp-block-list\">\n<li>E-post: <a href=\"mailto:jmbjerga@gmail.com\">jmbjerga@gmail.com<\/a><\/li>\n\n\n\n<li>Telefon: 928 85 784<\/li>\n<\/ul>\n\n\n\n<div class=\"wp-block-buttons is-layout-flex wp-block-buttons-is-layout-flex\">\n<div class=\"wp-block-button\"><a class=\"wp-block-button__link wp-element-button\" href=\"https:\/\/www.facebook.com\/groups\/1668425376886309\/user\/902540647\/\">F\u00d8LG John Magne P\u00c5 FACEBOOK<\/a><\/div>\n<\/div>\n<\/div><\/div><\/div><\/div>\n\n","protected":false},"excerpt":{"rendered":"","protected":false},"author":31684,"featured_media":0,"parent":0,"menu_order":0,"comment_status":"closed","ping_status":"closed","template":"","meta":{"teft_cards_image_url":"","teft_cards_custom_pretitle":"","teft_cards_image_id":23,"teft_cards_image_focal_point_x":0.5,"teft_cards_image_focal_point_y":0.5,"teft_cards_title":"Navn Navnesen - v\u00e5r ordf\u00f8rerkandidat","teft_cards_excerpt":"","teft_show_chapters":false,"footnotes":""},"class_list":["post-33","page","type-page","status-publish","hentry"],"yoast_head":"<!-- This site is optimized with the Yoast SEO plugin v26.6 - https:\/\/yoast.com\/wordpress\/plugins\/seo\/ -->\n<title>John Magne Bjerga - v\u00e5r Gruppeleder - Froland H\u00f8yre<\/title>\n<meta name=\"robots\" content=\"index, follow, max-snippet:-1, max-image-preview:large, max-video-preview:-1\" \/>\n<link rel=\"canonical\" href=\"https:\/\/hoyre.no\/froland\/john-magne-bjerga-var-ordforerkandidat\/\" \/>\n<meta property=\"og:locale\" content=\"nb_NO\" \/>\n<meta property=\"og:type\" content=\"article\" \/>\n<meta property=\"og:title\" content=\"John Magne Bjerga - v\u00e5r Gruppeleder - Froland H\u00f8yre\" \/>\n<meta property=\"og:url\" content=\"https:\/\/hoyre.no\/froland\/john-magne-bjerga-var-ordforerkandidat\/\" \/>\n<meta property=\"og:site_name\" content=\"Froland H\u00f8yre\" \/>\n<meta property=\"article:modified_time\" content=\"2023-11-21T13:10:25+00:00\" \/>\n<meta property=\"og:image\" content=\"https:\/\/hoyre.no\/content\/uploads\/sites\/34\/2022\/11\/2020_RGB_hoyre_logo_profilbilde_011.png\" \/>\n<meta name=\"twitter:card\" content=\"summary_large_image\" \/>\n<meta name=\"twitter:label1\" content=\"Ansl. lesetid\" \/>\n\t<meta name=\"twitter:data1\" content=\"5 minutter\" \/>\n<script type=\"application\/ld+json\" class=\"yoast-schema-graph\">{\"@context\":\"https:\/\/schema.org\",\"@graph\":[{\"@type\":\"WebPage\",\"@id\":\"https:\/\/hoyre.no\/froland\/john-magne-bjerga-var-ordforerkandidat\/\",\"url\":\"https:\/\/hoyre.no\/froland\/john-magne-bjerga-var-ordforerkandidat\/\",\"name\":\"John Magne Bjerga - v\u00e5r Gruppeleder - Froland H\u00f8yre\",\"isPartOf\":{\"@id\":\"https:\/\/hoyre.no\/froland\/#website\"},\"datePublished\":\"2023-07-10T13:08:23+00:00\",\"dateModified\":\"2023-11-21T13:10:25+00:00\",\"breadcrumb\":{\"@id\":\"https:\/\/hoyre.no\/froland\/john-magne-bjerga-var-ordforerkandidat\/#breadcrumb\"},\"inLanguage\":\"nb-NO\",\"potentialAction\":[{\"@type\":\"ReadAction\",\"target\":[\"https:\/\/hoyre.no\/froland\/john-magne-bjerga-var-ordforerkandidat\/\"]}]},{\"@type\":\"BreadcrumbList\",\"@id\":\"https:\/\/hoyre.no\/froland\/john-magne-bjerga-var-ordforerkandidat\/#breadcrumb\",\"itemListElement\":[{\"@type\":\"ListItem\",\"position\":1,\"name\":\"Til hoyre.no\",\"item\":\"https:\/\/hoyre.no\"},{\"@type\":\"ListItem\",\"position\":2,\"name\":\"Hjem\",\"item\":\"https:\/\/hoyre.no\/froland\/\"},{\"@type\":\"ListItem\",\"position\":3,\"name\":\"John Magne Bjerga &#8211; v\u00e5r Gruppeleder\"}]},{\"@type\":\"WebSite\",\"@id\":\"https:\/\/hoyre.no\/froland\/#website\",\"url\":\"https:\/\/hoyre.no\/froland\/\",\"name\":\"Froland H\u00f8yre\",\"description\":\"Bare enda et H\u00f8yres nettsteder-nettsted\",\"inLanguage\":\"nb-NO\"}]}<\/script>\n<!-- \/ Yoast SEO plugin. -->","yoast_head_json":{"title":"John Magne Bjerga - v\u00e5r Gruppeleder - Froland H\u00f8yre","robots":{"index":"index","follow":"follow","max-snippet":"max-snippet:-1","max-image-preview":"max-image-preview:large","max-video-preview":"max-video-preview:-1"},"canonical":"https:\/\/hoyre.no\/froland\/john-magne-bjerga-var-ordforerkandidat\/","og_locale":"nb_NO","og_type":"article","og_title":"John Magne Bjerga - v\u00e5r Gruppeleder - Froland H\u00f8yre","og_url":"https:\/\/hoyre.no\/froland\/john-magne-bjerga-var-ordforerkandidat\/","og_site_name":"Froland H\u00f8yre","article_modified_time":"2023-11-21T13:10:25+00:00","og_image":[{"url":"https:\/\/hoyre.no\/content\/uploads\/sites\/34\/2022\/11\/2020_RGB_hoyre_logo_profilbilde_011.png","width":"","height":"","type":""}],"twitter_card":"summary_large_image","twitter_misc":{"Ansl. lesetid":"5 minutter"},"schema":{"@context":"https:\/\/schema.org","@graph":[{"@type":"WebPage","@id":"https:\/\/hoyre.no\/froland\/john-magne-bjerga-var-ordforerkandidat\/","url":"https:\/\/hoyre.no\/froland\/john-magne-bjerga-var-ordforerkandidat\/","name":"John Magne Bjerga - v\u00e5r Gruppeleder - Froland H\u00f8yre","isPartOf":{"@id":"https:\/\/hoyre.no\/froland\/#website"},"datePublished":"2023-07-10T13:08:23+00:00","dateModified":"2023-11-21T13:10:25+00:00","breadcrumb":{"@id":"https:\/\/hoyre.no\/froland\/john-magne-bjerga-var-ordforerkandidat\/#breadcrumb"},"inLanguage":"nb-NO","potentialAction":[{"@type":"ReadAction","target":["https:\/\/hoyre.no\/froland\/john-magne-bjerga-var-ordforerkandidat\/"]}]},{"@type":"BreadcrumbList","@id":"https:\/\/hoyre.no\/froland\/john-magne-bjerga-var-ordforerkandidat\/#breadcrumb","itemListElement":[{"@type":"ListItem","position":1,"name":"Til hoyre.no","item":"https:\/\/hoyre.no"},{"@type":"ListItem","position":2,"name":"Hjem","item":"https:\/\/hoyre.no\/froland\/"},{"@type":"ListItem","position":3,"name":"John Magne Bjerga &#8211; v\u00e5r Gruppeleder"}]},{"@type":"WebSite","@id":"https:\/\/hoyre.no\/froland\/#website","url":"https:\/\/hoyre.no\/froland\/","name":"Froland H\u00f8yre","description":"Bare enda et H\u00f8yres nettsteder-nettsted","inLanguage":"nb-NO"}]}},"distributor_meta":false,"distributor_terms":false,"distributor_media":false,"distributor_original_site_name":"Froland H\u00f8yre","distributor_original_site_url":"https:\/\/hoyre.no\/froland","push-errors":false,"_links":{"self":[{"href":"https:\/\/hoyre.no\/froland\/wp-json\/wp\/v2\/pages\/33","targetHints":{"allow":["GET"]}}],"collection":[{"href":"https:\/\/hoyre.no\/froland\/wp-json\/wp\/v2\/pages"}],"about":[{"href":"https:\/\/hoyre.no\/froland\/wp-json\/wp\/v2\/types\/page"}],"author":[{"embeddable":true,"href":"https:\/\/hoyre.no\/froland\/wp-json\/wp\/v2\/users\/31684"}],"replies":[{"embeddable":true,"href":"https:\/\/hoyre.no\/froland\/wp-json\/wp\/v2\/comments?post=33"}],"version-history":[{"count":3,"href":"https:\/\/hoyre.no\/froland\/wp-json\/wp\/v2\/pages\/33\/revisions"}],"predecessor-version":[{"id":76,"href":"https:\/\/hoyre.no\/froland\/wp-json\/wp\/v2\/pages\/33\/revisions\/76"}],"wp:attachment":[{"href":"https:\/\/hoyre.no\/froland\/wp-json\/wp\/v2\/media?parent=33"}],"curies":[{"name":"wp","href":"https:\/\/api.w.org\/{rel}","templated":true}]}}