{"id":26,"date":"2023-05-02T12:45:05","date_gmt":"2023-05-02T10:45:05","guid":{"rendered":"https:\/\/hoyre.no\/gausdal\/?page_id=26"},"modified":"2023-11-21T16:24:24","modified_gmt":"2023-11-21T15:24:24","slug":"politikk","status":"publish","type":"page","link":"https:\/\/hoyre.no\/gausdal\/politikk\/","title":{"rendered":"Politikk"},"content":{"rendered":"\n<div class=\"wp-block-hoyre-hero with-image-gradient text-color-light  has-media alignfull has-background\"><div class=\"hoyre-hero has-image\"><h1 class=\"title\">H\u00f8yres politikk for Gausdal<\/h1><p class=\"preamble\">N\u00e5r frivilligheten, n\u00e6ringslivet og offentlig sektor spiller p\u00e5 lag, skapes det gode lokalsamfunn. H\u00f8yre tror p\u00e5 enkeltmenneskets evne og lyst til \u00e5 st\u00e5 p\u00e5 egne ben.<br><br>Noe av det vi jobber for i Gausdal er:<\/p>\t\t\t<div class=\"post-meta wp-block teft-byline-wrapper\">\n\t\t\t\t<div class=\"top\">\n\t\t\t\t\t<div class=\"signature\">\n\t\t\t\t\t\t<div class=\"teft-byline\">\n\t\t\t\t\t\t\t\t\t\t\t\t\t\t<div>\n\t\t\t\t\t\t\t\t<h3>H\u00f8yres redaksjon<\/h3>\t\t\t\t\t\t\t\t\n\t\t\t\t\t\t\t\t\t\t\t\t\t\t\t\t\t<span class=\"date\">Sist oppdatert: 21. november 2023<\/span>\n\t\t\t\t\t\t\t\t\t\t\t\t\t\t\t\t\t\t\t\t\t\t\t\t\t<span class=\"reading-time\" itemprop=\"timeRequired\" content=\"PT3M\"><em>Ca. 3 minutter lesetid<\/em><\/span>\n\t\t\t\t\t\t\t\t\t\t\t\t\t\t\t<\/div>\n\t\t\t\t\t\t<\/div>\n\t\t\t\t\t<\/div>\n\t\t\t\t\t\t<div class=\"sharing\">\n\t\t<a class=\"share-button share-link copy-link\" data-copy=\"https:\/\/hoyre.no\/gausdal\/politikk\/\" target=\"_blank\"><span class=\"screen-reader-text\">Del link<\/span><\/a>\n\t\t<a class=\"share-button share-twitter\" href=\"http:\/\/twitter.com\/share?text=Politikk&#038;url=https:\/\/hoyre.no\/gausdal\/politikk\/&#038;hashtags=Hoyre\" target=\"_blank\"><span class=\"screen-reader-text\">Del p\u00e5 twitter<\/span><\/a>\n\t\t<a class=\"share-button share-facebook\" href=\"https:\/\/www.facebook.com\/sharer\/sharer.php?u=https:\/\/hoyre.no\/gausdal\/politikk\/\" target=\"_blank\"><span class=\"screen-reader-text\">Del p\u00e5 facebook<\/span><\/a>\n\t<\/div>\n\t\t\t\t\t<\/div>\n\t\t\t<\/div>\n\n\t\t\t<figure class=\"hoyre-image-wrapper\"><div class=\"hoyre-image\"><img loading=\"lazy\" decoding=\"async\" width=\"2500\" height=\"1480\" src=\"https:\/\/hoyre.no\/content\/uploads\/sites\/79\/2023\/11\/GettyImages-1142548992-scaled.jpg\" class=\"attachment-scaled size-scaled\" alt=\"\" style=\"object-position: 48% 17%\" srcset=\"https:\/\/hoyre.no\/content\/uploads\/sites\/79\/2023\/11\/GettyImages-1142548992-scaled.jpg 2500w, https:\/\/hoyre.no\/content\/uploads\/sites\/79\/2023\/11\/GettyImages-1142548992-300x178.jpg 300w, https:\/\/hoyre.no\/content\/uploads\/sites\/79\/2023\/11\/GettyImages-1142548992-1024x606.jpg 1024w, https:\/\/hoyre.no\/content\/uploads\/sites\/79\/2023\/11\/GettyImages-1142548992-768x455.jpg 768w, https:\/\/hoyre.no\/content\/uploads\/sites\/79\/2023\/11\/GettyImages-1142548992-1536x909.jpg 1536w, https:\/\/hoyre.no\/content\/uploads\/sites\/79\/2023\/11\/GettyImages-1142548992-2048x1212.jpg 2048w\" sizes=\"auto, (max-width: 2500px) 100vw, 2500px\" \/><\/div><\/figure><\/div><\/div>\n\n\n\n<div class=\"wp-block-media-text alignwide is-stacked-on-mobile is-image-fill\"><figure class=\"wp-block-media-text__media\" style=\"background-image:url('https:\/\/hoyre.no\/content\/uploads\/sites\/79\/2023\/08\/GettyImages-1165371469-1-1024x683.jpg');background-position:50% 50%\"><img loading=\"lazy\" decoding=\"async\" width=\"1024\" height=\"683\" src=\"https:\/\/hoyre.no\/content\/uploads\/sites\/79\/2023\/08\/GettyImages-1165371469-1-1024x683.jpg\" alt=\"helse- og omsorg\" class=\"wp-image-33 size-full\" srcset=\"https:\/\/hoyre.no\/content\/uploads\/sites\/79\/2023\/08\/GettyImages-1165371469-1-1024x683.jpg 1024w, https:\/\/hoyre.no\/content\/uploads\/sites\/79\/2023\/08\/GettyImages-1165371469-1-300x200.jpg 300w, https:\/\/hoyre.no\/content\/uploads\/sites\/79\/2023\/08\/GettyImages-1165371469-1-768x512.jpg 768w, https:\/\/hoyre.no\/content\/uploads\/sites\/79\/2023\/08\/GettyImages-1165371469-1-1536x1025.jpg 1536w, https:\/\/hoyre.no\/content\/uploads\/sites\/79\/2023\/08\/GettyImages-1165371469-1-2048x1367.jpg 2048w\" sizes=\"auto, (max-width: 1024px) 100vw, 1024px\" \/><\/figure><div class=\"wp-block-media-text__content\">\n<h2 class=\"wp-block-heading\">Omsorg, helse og velferd<\/h2>\n\n\n\n<p>H\u00f8yre \u00f8nsker \u00e5 <br>&#8211; styrke tilbudet innenfor psykisk helse og rusomsorg.<br>&#8211; sikre en verdig eldreomsorg med variert bo- og omsorgstilbud.<br>&#8211; s\u00f8rge for forebyggende helse- og ern\u00e6ringstiltak, samt velferdsteknologi.<br>&#8211; styrke innsatsen for \u00e5 tiltrekke seg fagkompetanse p\u00e5 kort og lang sikt.<\/p>\n<\/div><\/div>\n\n\n\n<div class=\"wp-block-media-text alignwide has-media-on-the-right is-stacked-on-mobile is-image-fill\"><div class=\"wp-block-media-text__content\">\n<h2 class=\"wp-block-heading\">Barnehage, skole og oppvekst<\/h2>\n\n\n\n<p>H\u00f8yre vil<br>&#8211; likebehande private og offentlige barnehager.<br>&#8211; sette inn tidlig innsats av spesialpedagogiske tiltak.<br>&#8211; p\u00e5virke fylkespolitikere for \u00e5 beholde Gausdal VGS.<br>&#8211; bekjempe mobbing p\u00e5 alle alderstrinn.<\/p>\n<\/div><figure class=\"wp-block-media-text__media\" style=\"background-image:url('https:\/\/hoyre.no\/content\/uploads\/sites\/79\/2023\/08\/GettyImages-1269296368-1024x683.jpg');background-position:50% 50%\"><img loading=\"lazy\" decoding=\"async\" width=\"1024\" height=\"683\" src=\"https:\/\/hoyre.no\/content\/uploads\/sites\/79\/2023\/08\/GettyImages-1269296368-1024x683.jpg\" alt=\"skole\" class=\"wp-image-34 size-full\" srcset=\"https:\/\/hoyre.no\/content\/uploads\/sites\/79\/2023\/08\/GettyImages-1269296368-1024x683.jpg 1024w, https:\/\/hoyre.no\/content\/uploads\/sites\/79\/2023\/08\/GettyImages-1269296368-300x200.jpg 300w, https:\/\/hoyre.no\/content\/uploads\/sites\/79\/2023\/08\/GettyImages-1269296368-768x512.jpg 768w, https:\/\/hoyre.no\/content\/uploads\/sites\/79\/2023\/08\/GettyImages-1269296368-1536x1024.jpg 1536w, https:\/\/hoyre.no\/content\/uploads\/sites\/79\/2023\/08\/GettyImages-1269296368-2048x1365.jpg 2048w\" sizes=\"auto, (max-width: 1024px) 100vw, 1024px\" \/><\/figure><\/div>\n\n\n\n<div class=\"wp-block-media-text alignwide is-stacked-on-mobile is-image-fill\"><figure class=\"wp-block-media-text__media\" style=\"background-image:url('https:\/\/hoyre.no\/content\/uploads\/sites\/79\/2023\/08\/GettyImages-1306765660-1024x683.jpg');background-position:50% 50%\"><img loading=\"lazy\" decoding=\"async\" width=\"1024\" height=\"683\" src=\"https:\/\/hoyre.no\/content\/uploads\/sites\/79\/2023\/08\/GettyImages-1306765660-1024x683.jpg\" alt=\"ungdom\" class=\"wp-image-35 size-full\" srcset=\"https:\/\/hoyre.no\/content\/uploads\/sites\/79\/2023\/08\/GettyImages-1306765660-1024x683.jpg 1024w, https:\/\/hoyre.no\/content\/uploads\/sites\/79\/2023\/08\/GettyImages-1306765660-300x200.jpg 300w, https:\/\/hoyre.no\/content\/uploads\/sites\/79\/2023\/08\/GettyImages-1306765660-768x512.jpg 768w, https:\/\/hoyre.no\/content\/uploads\/sites\/79\/2023\/08\/GettyImages-1306765660-1536x1025.jpg 1536w, https:\/\/hoyre.no\/content\/uploads\/sites\/79\/2023\/08\/GettyImages-1306765660-2048x1366.jpg 2048w\" sizes=\"auto, (max-width: 1024px) 100vw, 1024px\" \/><\/figure><div class=\"wp-block-media-text__content\">\n<h2 class=\"wp-block-heading\">Ungdom<\/h2>\n\n\n\n<p>H\u00f8yre vil<br>&#8211; fortsette \u00e5 bruke ungdomsr\u00e5det aktivt som i dag.<br>&#8211; at Kulturskole og idrett fortsatt skal ha en sentral plass i kommunen.<br>&#8211; styrke uorganisert aktivitet for motor- og gaminginteresserte.<br>&#8211; styrke ungdomsklubben med varierte tilbud.<\/p>\n<\/div><\/div>\n\n\n\n<div class=\"wp-block-media-text alignwide has-media-on-the-right is-stacked-on-mobile is-image-fill\"><div class=\"wp-block-media-text__content\">\n<h2 class=\"wp-block-heading\">Klima<\/h2>\n\n\n\n<p>H\u00f8yre vil<br>&#8211; prioritere klimavennlig energi n\u00e5r det er mulig.<br>&#8211; at verneomr\u00e5dene i kommunen ogs\u00e5 skal kunne ivareta friluftsliv og landbruk.<br>&#8211; at skogbruk tas inn i klimaregnskapet.<\/p>\n<\/div><figure class=\"wp-block-media-text__media\" style=\"background-image:url('https:\/\/hoyre.no\/content\/uploads\/sites\/79\/2023\/08\/langsua_I-1024x643.jpg');background-position:50% 50%\"><img loading=\"lazy\" decoding=\"async\" width=\"1024\" height=\"643\" src=\"https:\/\/hoyre.no\/content\/uploads\/sites\/79\/2023\/08\/langsua_I-1024x643.jpg\" alt=\"Langsua\" class=\"wp-image-37 size-full\" srcset=\"https:\/\/hoyre.no\/content\/uploads\/sites\/79\/2023\/08\/langsua_I-1024x643.jpg 1024w, https:\/\/hoyre.no\/content\/uploads\/sites\/79\/2023\/08\/langsua_I-300x188.jpg 300w, https:\/\/hoyre.no\/content\/uploads\/sites\/79\/2023\/08\/langsua_I-768x482.jpg 768w, https:\/\/hoyre.no\/content\/uploads\/sites\/79\/2023\/08\/langsua_I-1536x965.jpg 1536w, https:\/\/hoyre.no\/content\/uploads\/sites\/79\/2023\/08\/langsua_I-2048x1286.jpg 2048w\" sizes=\"auto, (max-width: 1024px) 100vw, 1024px\" \/><\/figure><\/div>\n\n\n\n<div class=\"wp-block-media-text alignwide is-stacked-on-mobile is-image-fill\"><figure class=\"wp-block-media-text__media\" style=\"background-image:url('https:\/\/hoyre.no\/content\/uploads\/sites\/79\/2023\/08\/skei_naering-1024x730.jpg');background-position:50% 50%\"><img loading=\"lazy\" decoding=\"async\" width=\"1024\" height=\"730\" src=\"https:\/\/hoyre.no\/content\/uploads\/sites\/79\/2023\/08\/skei_naering-1024x730.jpg\" alt=\"Skei\" class=\"wp-image-39 size-full\" srcset=\"https:\/\/hoyre.no\/content\/uploads\/sites\/79\/2023\/08\/skei_naering-1024x730.jpg 1024w, https:\/\/hoyre.no\/content\/uploads\/sites\/79\/2023\/08\/skei_naering-300x214.jpg 300w, https:\/\/hoyre.no\/content\/uploads\/sites\/79\/2023\/08\/skei_naering-768x547.jpg 768w, https:\/\/hoyre.no\/content\/uploads\/sites\/79\/2023\/08\/skei_naering-1536x1094.jpg 1536w, https:\/\/hoyre.no\/content\/uploads\/sites\/79\/2023\/08\/skei_naering-2048x1459.jpg 2048w\" sizes=\"auto, (max-width: 1024px) 100vw, 1024px\" \/><\/figure><div class=\"wp-block-media-text__content\">\n<h2 class=\"wp-block-heading\">N\u00e6ring<\/h2>\n\n\n\n<p>H\u00f8yre vil <br>&#8211; at Gausdal skal v\u00e6re en \u00abJA-kommune\u00bb for gr\u00fcndere og nyetablerere.<br>&#8211; at nye n\u00e6ringsarealer skal prioriteres.<br>&#8211; at det tilrettelegges for boligtomter i kommunens tettsteder.<br>&#8211; at fritidstomter vurderes i sammenheng, av fortetting og \u00e5pning av nye arealer.<br>&#8211; ha sentrumsutvikling p\u00e5 Skei som best\u00e5r av nye n\u00e6ringer og leiligheter i sentrum.<\/p>\n<\/div><\/div>\n\n\n\n<div class=\"wp-block-media-text alignwide has-media-on-the-right is-stacked-on-mobile is-image-fill\"><div class=\"wp-block-media-text__content\">\n<h2 class=\"wp-block-heading\">Samferdsel<\/h2>\n\n\n\n<p>H\u00f8yre \u00f8nsker<br>&#8211; \u00e5 p\u00e5virke fylkespolitikere for utbedring av fylkesveiene i kommunen. Gjelder spesielt FV255 Olstad\u2013Svatsum og<br>FV318 \u00d8verbygda i \u00d8stre Gausdal.<br>&#8211; gang- og sykkelveg langs FV255 mellom Linfl\u00e5a og Forset.<br>&#8211; hyppigere bussforbindelse mellom Lillehammer skysstasjon og Skei.<br>&#8211; \u00e5 p\u00e5virke for bedre vegkryssl\u00f8sninger ved Segalstad Bru og i Follebu.<\/p>\n<\/div><figure class=\"wp-block-media-text__media\" style=\"background-image:url('https:\/\/hoyre.no\/content\/uploads\/sites\/79\/2023\/08\/GettyImages-134440844-1024x658.jpg');background-position:50% 50%\"><img loading=\"lazy\" decoding=\"async\" width=\"1024\" height=\"658\" src=\"https:\/\/hoyre.no\/content\/uploads\/sites\/79\/2023\/08\/GettyImages-134440844-1024x658.jpg\" alt=\"veg\" class=\"wp-image-40 size-full\" srcset=\"https:\/\/hoyre.no\/content\/uploads\/sites\/79\/2023\/08\/GettyImages-134440844-1024x658.jpg 1024w, https:\/\/hoyre.no\/content\/uploads\/sites\/79\/2023\/08\/GettyImages-134440844-300x193.jpg 300w, https:\/\/hoyre.no\/content\/uploads\/sites\/79\/2023\/08\/GettyImages-134440844-768x493.jpg 768w, https:\/\/hoyre.no\/content\/uploads\/sites\/79\/2023\/08\/GettyImages-134440844-1536x987.jpg 1536w, https:\/\/hoyre.no\/content\/uploads\/sites\/79\/2023\/08\/GettyImages-134440844-2048x1316.jpg 2048w\" sizes=\"auto, (max-width: 1024px) 100vw, 1024px\" \/><\/figure><\/div>\n\n\n\n<div class=\"wp-block-media-text alignwide is-stacked-on-mobile is-image-fill\"><figure class=\"wp-block-media-text__media\" style=\"background-image:url('https:\/\/hoyre.no\/content\/uploads\/sites\/79\/2023\/08\/Svatsum_natur-1024x851.jpg');background-position:50% 50%\"><img loading=\"lazy\" decoding=\"async\" width=\"1024\" height=\"851\" src=\"https:\/\/hoyre.no\/content\/uploads\/sites\/79\/2023\/08\/Svatsum_natur-1024x851.jpg\" alt=\"Svatsum Gausdal\" class=\"wp-image-48 size-full\" srcset=\"https:\/\/hoyre.no\/content\/uploads\/sites\/79\/2023\/08\/Svatsum_natur-1024x851.jpg 1024w, https:\/\/hoyre.no\/content\/uploads\/sites\/79\/2023\/08\/Svatsum_natur-300x249.jpg 300w, https:\/\/hoyre.no\/content\/uploads\/sites\/79\/2023\/08\/Svatsum_natur-768x638.jpg 768w, https:\/\/hoyre.no\/content\/uploads\/sites\/79\/2023\/08\/Svatsum_natur-1536x1277.jpg 1536w, https:\/\/hoyre.no\/content\/uploads\/sites\/79\/2023\/08\/Svatsum_natur-2048x1703.jpg 2048w\" sizes=\"auto, (max-width: 1024px) 100vw, 1024px\" \/><\/figure><div class=\"wp-block-media-text__content\">\n<h2 class=\"wp-block-heading\">Eiendomsretten<\/h2>\n\n\n\n<p>H\u00f8yre mener<br>&#8211; at jord- og skogbruksinteresser skal ivaretas lokalt av grunneier.<br>&#8211; at bolig- og fritidsarealer er et valg som tas av grunneier.<br>&#8211; at bruk av dyrket mark erstattes eventuelt med nydyrking for utvikling av tettstedene.<br>&#8211; at natur og friluftsliv fortsatt skal v\u00e6re en mulighet for alle.<\/p>\n<\/div><\/div>\n","protected":false},"excerpt":{"rendered":"<p>Omsorg, helse og velferd H\u00f8yre \u00f8nsker \u00e5 &#8211; styrke tilbudet innenfor psykisk helse og rusomsorg.&#8211; sikre en verdig eldreomsorg med variert bo- og omsorgstilbud.&#8211; s\u00f8rge for forebyggende helse- og ern\u00e6ringstiltak, samt velferdsteknologi.&#8211; styrke innsatsen for \u00e5 tiltrekke seg fagkompetanse p\u00e5 kort og lang sikt. Barnehage, skole og oppvekst H\u00f8yre vil&#8211; likebehande private og offentlige barnehager.&#8211; [&hellip;]<\/p>\n","protected":false},"author":28039,"featured_media":0,"parent":0,"menu_order":0,"comment_status":"closed","ping_status":"closed","template":"","meta":{"teft_cards_image_url":"","teft_cards_custom_pretitle":"","teft_cards_image_id":0,"teft_cards_image_focal_point_x":0,"teft_cards_image_focal_point_y":0,"teft_cards_title":"","teft_cards_excerpt":"","teft_show_chapters":false,"footnotes":""},"class_list":["post-26","page","type-page","status-publish","hentry"],"yoast_head":"<!-- This site is optimized with the Yoast SEO plugin v26.6 - https:\/\/yoast.com\/wordpress\/plugins\/seo\/ -->\n<title>Politikk - Gausdal H\u00f8yre<\/title>\n<meta name=\"robots\" content=\"index, follow, max-snippet:-1, max-image-preview:large, max-video-preview:-1\" \/>\n<link rel=\"canonical\" href=\"https:\/\/hoyre.no\/gausdal\/politikk\/\" \/>\n<meta property=\"og:locale\" content=\"nb_NO\" \/>\n<meta property=\"og:type\" content=\"article\" \/>\n<meta property=\"og:title\" content=\"Politikk - Gausdal H\u00f8yre\" \/>\n<meta property=\"og:description\" content=\"Omsorg, helse og velferd H\u00f8yre \u00f8nsker \u00e5 &#8211; styrke tilbudet innenfor psykisk helse og rusomsorg.&#8211; sikre en verdig eldreomsorg med variert bo- og omsorgstilbud.&#8211; s\u00f8rge for forebyggende helse- og ern\u00e6ringstiltak, samt velferdsteknologi.&#8211; styrke innsatsen for \u00e5 tiltrekke seg fagkompetanse p\u00e5 kort og lang sikt. Barnehage, skole og oppvekst H\u00f8yre vil&#8211; likebehande private og offentlige barnehager.&#8211; [&hellip;]\" \/>\n<meta property=\"og:url\" content=\"https:\/\/hoyre.no\/gausdal\/politikk\/\" \/>\n<meta property=\"og:site_name\" content=\"Gausdal H\u00f8yre\" \/>\n<meta property=\"article:modified_time\" content=\"2023-11-21T15:24:24+00:00\" \/>\n<meta property=\"og:image\" content=\"https:\/\/hoyre.no\/content\/uploads\/sites\/79\/2023\/08\/GettyImages-1165371469-1-1024x683.jpg\" \/>\n<meta name=\"twitter:card\" content=\"summary_large_image\" \/>\n<meta name=\"twitter:label1\" content=\"Ansl. lesetid\" \/>\n\t<meta name=\"twitter:data1\" content=\"4 minutter\" \/>\n<script type=\"application\/ld+json\" class=\"yoast-schema-graph\">{\"@context\":\"https:\/\/schema.org\",\"@graph\":[{\"@type\":\"WebPage\",\"@id\":\"https:\/\/hoyre.no\/gausdal\/politikk\/\",\"url\":\"https:\/\/hoyre.no\/gausdal\/politikk\/\",\"name\":\"Politikk - Gausdal H\u00f8yre\",\"isPartOf\":{\"@id\":\"https:\/\/hoyre.no\/gausdal\/#website\"},\"image\":{\"@id\":\"https:\/\/hoyre.no\/gausdal\/politikk\/#primaryimage\"},\"thumbnailUrl\":\"https:\/\/hoyre.no\/content\/uploads\/sites\/79\/2023\/08\/GettyImages-1165371469-1-1024x683.jpg\",\"datePublished\":\"2023-05-02T10:45:05+00:00\",\"dateModified\":\"2023-11-21T15:24:24+00:00\",\"breadcrumb\":{\"@id\":\"https:\/\/hoyre.no\/gausdal\/politikk\/#breadcrumb\"},\"inLanguage\":\"nb-NO\",\"potentialAction\":[{\"@type\":\"ReadAction\",\"target\":[\"https:\/\/hoyre.no\/gausdal\/politikk\/\"]}]},{\"@type\":\"ImageObject\",\"inLanguage\":\"nb-NO\",\"@id\":\"https:\/\/hoyre.no\/gausdal\/politikk\/#primaryimage\",\"url\":\"https:\/\/hoyre.no\/content\/uploads\/sites\/79\/2023\/08\/GettyImages-1165371469-1-1024x683.jpg\",\"contentUrl\":\"https:\/\/hoyre.no\/content\/uploads\/sites\/79\/2023\/08\/GettyImages-1165371469-1-1024x683.jpg\"},{\"@type\":\"BreadcrumbList\",\"@id\":\"https:\/\/hoyre.no\/gausdal\/politikk\/#breadcrumb\",\"itemListElement\":[{\"@type\":\"ListItem\",\"position\":1,\"name\":\"Til hoyre.no\",\"item\":\"https:\/\/hoyre.no\"},{\"@type\":\"ListItem\",\"position\":2,\"name\":\"Hjem\",\"item\":\"https:\/\/hoyre.no\/gausdal\/\"},{\"@type\":\"ListItem\",\"position\":3,\"name\":\"Politikk\"}]},{\"@type\":\"WebSite\",\"@id\":\"https:\/\/hoyre.no\/gausdal\/#website\",\"url\":\"https:\/\/hoyre.no\/gausdal\/\",\"name\":\"Gausdal H\u00f8yre\",\"description\":\"Bare enda et H\u00f8yres nettsteder-nettsted\",\"inLanguage\":\"nb-NO\"}]}<\/script>\n<!-- \/ Yoast SEO plugin. -->","yoast_head_json":{"title":"Politikk - Gausdal H\u00f8yre","robots":{"index":"index","follow":"follow","max-snippet":"max-snippet:-1","max-image-preview":"max-image-preview:large","max-video-preview":"max-video-preview:-1"},"canonical":"https:\/\/hoyre.no\/gausdal\/politikk\/","og_locale":"nb_NO","og_type":"article","og_title":"Politikk - Gausdal H\u00f8yre","og_description":"Omsorg, helse og velferd H\u00f8yre \u00f8nsker \u00e5 &#8211; styrke tilbudet innenfor psykisk helse og rusomsorg.&#8211; sikre en verdig eldreomsorg med variert bo- og omsorgstilbud.&#8211; s\u00f8rge for forebyggende helse- og ern\u00e6ringstiltak, samt velferdsteknologi.&#8211; styrke innsatsen for \u00e5 tiltrekke seg fagkompetanse p\u00e5 kort og lang sikt. Barnehage, skole og oppvekst H\u00f8yre vil&#8211; likebehande private og offentlige barnehager.&#8211; [&hellip;]","og_url":"https:\/\/hoyre.no\/gausdal\/politikk\/","og_site_name":"Gausdal H\u00f8yre","article_modified_time":"2023-11-21T15:24:24+00:00","og_image":[{"url":"https:\/\/hoyre.no\/content\/uploads\/sites\/79\/2023\/08\/GettyImages-1165371469-1-1024x683.jpg","type":"","width":"","height":""}],"twitter_card":"summary_large_image","twitter_misc":{"Ansl. lesetid":"4 minutter"},"schema":{"@context":"https:\/\/schema.org","@graph":[{"@type":"WebPage","@id":"https:\/\/hoyre.no\/gausdal\/politikk\/","url":"https:\/\/hoyre.no\/gausdal\/politikk\/","name":"Politikk - Gausdal H\u00f8yre","isPartOf":{"@id":"https:\/\/hoyre.no\/gausdal\/#website"},"image":{"@id":"https:\/\/hoyre.no\/gausdal\/politikk\/#primaryimage"},"thumbnailUrl":"https:\/\/hoyre.no\/content\/uploads\/sites\/79\/2023\/08\/GettyImages-1165371469-1-1024x683.jpg","datePublished":"2023-05-02T10:45:05+00:00","dateModified":"2023-11-21T15:24:24+00:00","breadcrumb":{"@id":"https:\/\/hoyre.no\/gausdal\/politikk\/#breadcrumb"},"inLanguage":"nb-NO","potentialAction":[{"@type":"ReadAction","target":["https:\/\/hoyre.no\/gausdal\/politikk\/"]}]},{"@type":"ImageObject","inLanguage":"nb-NO","@id":"https:\/\/hoyre.no\/gausdal\/politikk\/#primaryimage","url":"https:\/\/hoyre.no\/content\/uploads\/sites\/79\/2023\/08\/GettyImages-1165371469-1-1024x683.jpg","contentUrl":"https:\/\/hoyre.no\/content\/uploads\/sites\/79\/2023\/08\/GettyImages-1165371469-1-1024x683.jpg"},{"@type":"BreadcrumbList","@id":"https:\/\/hoyre.no\/gausdal\/politikk\/#breadcrumb","itemListElement":[{"@type":"ListItem","position":1,"name":"Til hoyre.no","item":"https:\/\/hoyre.no"},{"@type":"ListItem","position":2,"name":"Hjem","item":"https:\/\/hoyre.no\/gausdal\/"},{"@type":"ListItem","position":3,"name":"Politikk"}]},{"@type":"WebSite","@id":"https:\/\/hoyre.no\/gausdal\/#website","url":"https:\/\/hoyre.no\/gausdal\/","name":"Gausdal H\u00f8yre","description":"Bare enda et H\u00f8yres nettsteder-nettsted","inLanguage":"nb-NO"}]}},"distributor_meta":false,"distributor_terms":false,"distributor_media":false,"distributor_original_site_name":"Gausdal H\u00f8yre","distributor_original_site_url":"https:\/\/hoyre.no\/gausdal","push-errors":false,"_links":{"self":[{"href":"https:\/\/hoyre.no\/gausdal\/wp-json\/wp\/v2\/pages\/26","targetHints":{"allow":["GET"]}}],"collection":[{"href":"https:\/\/hoyre.no\/gausdal\/wp-json\/wp\/v2\/pages"}],"about":[{"href":"https:\/\/hoyre.no\/gausdal\/wp-json\/wp\/v2\/types\/page"}],"author":[{"embeddable":true,"href":"https:\/\/hoyre.no\/gausdal\/wp-json\/wp\/v2\/users\/28039"}],"replies":[{"embeddable":true,"href":"https:\/\/hoyre.no\/gausdal\/wp-json\/wp\/v2\/comments?post=26"}],"version-history":[{"count":7,"href":"https:\/\/hoyre.no\/gausdal\/wp-json\/wp\/v2\/pages\/26\/revisions"}],"predecessor-version":[{"id":70,"href":"https:\/\/hoyre.no\/gausdal\/wp-json\/wp\/v2\/pages\/26\/revisions\/70"}],"wp:attachment":[{"href":"https:\/\/hoyre.no\/gausdal\/wp-json\/wp\/v2\/media?parent=26"}],"curies":[{"name":"wp","href":"https:\/\/api.w.org\/{rel}","templated":true}]}}