{"id":5,"date":"2020-11-12T09:31:41","date_gmt":"2020-11-12T08:31:41","guid":{"rendered":"https:\/\/hoyre.no\/gausdal\/politikk\/"},"modified":"2023-08-10T11:54:34","modified_gmt":"2023-08-10T09:54:34","slug":"7-grunner","status":"publish","type":"page","link":"https:\/\/hoyre.no\/gausdal\/7-grunner\/","title":{"rendered":"7 grunner for \u00e5 stemme p\u00e5 felleslista i Gausdal"},"content":{"rendered":"\n<div class=\"wp-block-hoyre-hero with-image-gradient text-color-light  has-media alignfull has-background\"><div class=\"hoyre-hero has-image\"><h1 class=\"title\">7 gode grunner for \u00e5 stemme H\u00f8yre i Gausdal<\/h1><p class=\"preamble\"> Gausdal H\u00f8yre stiller fellesliste til kommunevalget i 2023 sammen med Gausdal FrP, et samarbeid vi har gode erfaringer med. <br><br>Arbeidet med \u00e5 bringe kommunens budsjetter i balanse og bygge nye fondsmidler har de siste \u00e5rene lyktes, og Gausdal kommune ble str\u00f8ket av ROBEK-lista i 2021. Det gj\u00f8r at vi kan l\u00f8fte blikket, planlegge og arbeide for \u00e5 styrke og utvikle kommunen v\u00e5r videre. <br><br>Her er v\u00e5re viktigste saker:<\/p>\t\t\t<div class=\"post-meta wp-block teft-byline-wrapper\">\n\t\t\t\t<div class=\"top\">\n\t\t\t\t\t<div class=\"signature\">\n\t\t\t\t\t\t<div class=\"teft-byline\">\n\t\t\t\t\t\t\t\t\t\t\t\t\t\t<div>\n\t\t\t\t\t\t\t\t<h3>H\u00f8yres redaksjon<\/h3>\t\t\t\t\t\t\t\t\n\t\t\t\t\t\t\t\t\t\t\t\t\t\t\t\t\t<span class=\"date\">Sist oppdatert: 10. august 2023<\/span>\n\t\t\t\t\t\t\t\t\t\t\t\t\t\t\t\t\t\t\t\t\t\t\t\t\t<span class=\"reading-time\" itemprop=\"timeRequired\" content=\"PT3M\"><em>Ca. 3 minutter lesetid<\/em><\/span>\n\t\t\t\t\t\t\t\t\t\t\t\t\t\t\t<\/div>\n\t\t\t\t\t\t<\/div>\n\t\t\t\t\t<\/div>\n\t\t\t\t\t\t<div class=\"sharing\">\n\t\t<a class=\"share-button share-link copy-link\" data-copy=\"https:\/\/hoyre.no\/gausdal\/7-grunner\/\" target=\"_blank\"><span class=\"screen-reader-text\">Del link<\/span><\/a>\n\t\t<a class=\"share-button share-twitter\" href=\"http:\/\/twitter.com\/share?text=7 grunner for \u00e5 stemme p\u00e5 felleslista i Gausdal&#038;url=https:\/\/hoyre.no\/gausdal\/7-grunner\/&#038;hashtags=Hoyre\" target=\"_blank\"><span class=\"screen-reader-text\">Del p\u00e5 twitter<\/span><\/a>\n\t\t<a class=\"share-button share-facebook\" href=\"https:\/\/www.facebook.com\/sharer\/sharer.php?u=https:\/\/hoyre.no\/gausdal\/7-grunner\/\" target=\"_blank\"><span class=\"screen-reader-text\">Del p\u00e5 facebook<\/span><\/a>\n\t<\/div>\n\t\t\t\t\t<\/div>\n\t\t\t<\/div>\n\n\t\t\t<figure class=\"hoyre-image-wrapper\"><div class=\"hoyre-image\"><img loading=\"lazy\" decoding=\"async\" width=\"2500\" height=\"1875\" src=\"https:\/\/hoyre.no\/content\/uploads\/sites\/79\/2023\/08\/espedalsvannet-scaled.jpg\" class=\"attachment-scaled size-scaled\" alt=\"Espedalsvannet\" style=\"object-position: 50% 50%\" srcset=\"https:\/\/hoyre.no\/content\/uploads\/sites\/79\/2023\/08\/espedalsvannet-scaled.jpg 2500w, https:\/\/hoyre.no\/content\/uploads\/sites\/79\/2023\/08\/espedalsvannet-300x225.jpg 300w, https:\/\/hoyre.no\/content\/uploads\/sites\/79\/2023\/08\/espedalsvannet-1024x768.jpg 1024w, https:\/\/hoyre.no\/content\/uploads\/sites\/79\/2023\/08\/espedalsvannet-768x576.jpg 768w, https:\/\/hoyre.no\/content\/uploads\/sites\/79\/2023\/08\/espedalsvannet-1536x1152.jpg 1536w, https:\/\/hoyre.no\/content\/uploads\/sites\/79\/2023\/08\/espedalsvannet-2048x1536.jpg 2048w\" sizes=\"auto, (max-width: 2500px) 100vw, 2500px\" \/><\/div><\/figure><\/div><\/div>\n\n\n\n\n\n<p><\/p>\n\n\n\n<div class=\"wp-block-media-text alignwide is-stacked-on-mobile is-image-fill\"><figure class=\"wp-block-media-text__media\" style=\"background-image:url('https:\/\/hoyre.no\/content\/uploads\/sites\/79\/2023\/08\/GettyImages-1165371469-1-1024x683.jpg');background-position:50% 50%\"><img loading=\"lazy\" decoding=\"async\" width=\"1024\" height=\"683\" src=\"https:\/\/hoyre.no\/content\/uploads\/sites\/79\/2023\/08\/GettyImages-1165371469-1-1024x683.jpg\" alt=\"helse- og omsorg\" class=\"wp-image-33 size-full\" srcset=\"https:\/\/hoyre.no\/content\/uploads\/sites\/79\/2023\/08\/GettyImages-1165371469-1-1024x683.jpg 1024w, https:\/\/hoyre.no\/content\/uploads\/sites\/79\/2023\/08\/GettyImages-1165371469-1-300x200.jpg 300w, https:\/\/hoyre.no\/content\/uploads\/sites\/79\/2023\/08\/GettyImages-1165371469-1-768x512.jpg 768w, https:\/\/hoyre.no\/content\/uploads\/sites\/79\/2023\/08\/GettyImages-1165371469-1-1536x1025.jpg 1536w, https:\/\/hoyre.no\/content\/uploads\/sites\/79\/2023\/08\/GettyImages-1165371469-1-2048x1367.jpg 2048w\" sizes=\"auto, (max-width: 1024px) 100vw, 1024px\" \/><\/figure><div class=\"wp-block-media-text__content\">\n<h2 class=\"wp-block-heading\">1. Omsorg, helse og velferd<\/h2>\n\n\n\n<ul class=\"wp-block-list\"><li>Styrking av psykisk helse og rusomsorg.<\/li><li>En verdig eldreomsorg med variert bo- og omsorgstilbud.<\/li><li>Forebyggende helse- og ern\u00e6ringstiltak, samt velferdsteknologi.<\/li><li>Styrke innsatsen for \u00e5 tiltrekke seg fagkompetanse p\u00e5 kort og lang sikt.<\/li><\/ul>\n<\/div><\/div>\n\n\n\n<div class=\"wp-block-media-text alignwide has-media-on-the-right is-stacked-on-mobile is-image-fill\"><figure class=\"wp-block-media-text__media\" style=\"background-image:url('https:\/\/hoyre.no\/content\/uploads\/sites\/79\/2023\/08\/GettyImages-1269296368-1024x683.jpg');background-position:50% 50%\"><img loading=\"lazy\" decoding=\"async\" width=\"1024\" height=\"683\" src=\"https:\/\/hoyre.no\/content\/uploads\/sites\/79\/2023\/08\/GettyImages-1269296368-1024x683.jpg\" alt=\"skole\" class=\"wp-image-34 size-full\" srcset=\"https:\/\/hoyre.no\/content\/uploads\/sites\/79\/2023\/08\/GettyImages-1269296368-1024x683.jpg 1024w, https:\/\/hoyre.no\/content\/uploads\/sites\/79\/2023\/08\/GettyImages-1269296368-300x200.jpg 300w, https:\/\/hoyre.no\/content\/uploads\/sites\/79\/2023\/08\/GettyImages-1269296368-768x512.jpg 768w, https:\/\/hoyre.no\/content\/uploads\/sites\/79\/2023\/08\/GettyImages-1269296368-1536x1024.jpg 1536w, https:\/\/hoyre.no\/content\/uploads\/sites\/79\/2023\/08\/GettyImages-1269296368-2048x1365.jpg 2048w\" sizes=\"auto, (max-width: 1024px) 100vw, 1024px\" \/><\/figure><div class=\"wp-block-media-text__content\">\n<h2 class=\"wp-block-heading\">2. Barnehage, skole og oppvekst<\/h2>\n\n\n\n<ul class=\"wp-block-list\"><li>Likebehandling av private og offentlige barnehager.<\/li><li>Tidlig innsats av spesialpedagogiske tiltak.<\/li><li>P\u00e5virke fylkespolitikere for \u00e5 beholde Gausdal VGS.<\/li><li>Bekjempe mobbing p\u00e5 alle alderstrinn.<\/li><\/ul>\n<\/div><\/div>\n\n\n\n<div class=\"wp-block-media-text alignwide is-stacked-on-mobile is-image-fill\"><figure class=\"wp-block-media-text__media\" style=\"background-image:url('https:\/\/hoyre.no\/content\/uploads\/sites\/79\/2023\/08\/GettyImages-1306765660-1024x683.jpg');background-position:52% 30%\"><img loading=\"lazy\" decoding=\"async\" width=\"1024\" height=\"683\" src=\"https:\/\/hoyre.no\/content\/uploads\/sites\/79\/2023\/08\/GettyImages-1306765660-1024x683.jpg\" alt=\"ungdom\" class=\"wp-image-35 size-full\" srcset=\"https:\/\/hoyre.no\/content\/uploads\/sites\/79\/2023\/08\/GettyImages-1306765660-1024x683.jpg 1024w, https:\/\/hoyre.no\/content\/uploads\/sites\/79\/2023\/08\/GettyImages-1306765660-300x200.jpg 300w, https:\/\/hoyre.no\/content\/uploads\/sites\/79\/2023\/08\/GettyImages-1306765660-768x512.jpg 768w, https:\/\/hoyre.no\/content\/uploads\/sites\/79\/2023\/08\/GettyImages-1306765660-1536x1025.jpg 1536w, https:\/\/hoyre.no\/content\/uploads\/sites\/79\/2023\/08\/GettyImages-1306765660-2048x1366.jpg 2048w\" sizes=\"auto, (max-width: 1024px) 100vw, 1024px\" \/><\/figure><div class=\"wp-block-media-text__content\">\n<h2 class=\"wp-block-heading\">3. Ungdom<\/h2>\n\n\n\n<ul class=\"wp-block-list\"><li>Fortsette \u00e5 bruke ungdomsr\u00e5det aktivt som i dag.<\/li><li>Kulturskole og idrett skal fortsatt ha en sentral plass i kommunen.<\/li><li>Styrke uorganisert aktivitet for motor- og gaminginteresserte.<\/li><li>Styrke ungdomsklubben med varierte tilbud.<\/li><\/ul>\n<\/div><\/div>\n\n\n\n<div class=\"wp-block-media-text alignwide has-media-on-the-right is-stacked-on-mobile is-image-fill\"><figure class=\"wp-block-media-text__media\" style=\"background-image:url('https:\/\/hoyre.no\/content\/uploads\/sites\/79\/2023\/08\/langsua_I-1024x643.jpg');background-position:50% 50%\"><img loading=\"lazy\" decoding=\"async\" width=\"1024\" height=\"643\" src=\"https:\/\/hoyre.no\/content\/uploads\/sites\/79\/2023\/08\/langsua_I-1024x643.jpg\" alt=\"Langsua\" class=\"wp-image-37 size-full\" srcset=\"https:\/\/hoyre.no\/content\/uploads\/sites\/79\/2023\/08\/langsua_I-1024x643.jpg 1024w, https:\/\/hoyre.no\/content\/uploads\/sites\/79\/2023\/08\/langsua_I-300x188.jpg 300w, https:\/\/hoyre.no\/content\/uploads\/sites\/79\/2023\/08\/langsua_I-768x482.jpg 768w, https:\/\/hoyre.no\/content\/uploads\/sites\/79\/2023\/08\/langsua_I-1536x965.jpg 1536w, https:\/\/hoyre.no\/content\/uploads\/sites\/79\/2023\/08\/langsua_I-2048x1286.jpg 2048w\" sizes=\"auto, (max-width: 1024px) 100vw, 1024px\" \/><\/figure><div class=\"wp-block-media-text__content\">\n<h2 class=\"wp-block-heading\">4. Klima<\/h2>\n\n\n\n<ul class=\"wp-block-list\"><li>Klimavennlig energi prioriteres n\u00e5r det er mulig.<\/li><li>Verneomr\u00e5dene i kommunen skal ogs\u00e5 kunne ivareta friluftsliv og landbruk.<\/li><li>Skogbruk tas inn i klimaregnskapet.<\/li><\/ul>\n<\/div><\/div>\n\n\n\n<div class=\"wp-block-media-text alignwide is-stacked-on-mobile is-image-fill\"><figure class=\"wp-block-media-text__media\" style=\"background-image:url('https:\/\/hoyre.no\/content\/uploads\/sites\/79\/2023\/08\/skei_naering-1024x730.jpg');background-position:50% 50%\"><img loading=\"lazy\" decoding=\"async\" width=\"1024\" height=\"730\" src=\"https:\/\/hoyre.no\/content\/uploads\/sites\/79\/2023\/08\/skei_naering-1024x730.jpg\" alt=\"Skei\" class=\"wp-image-39 size-full\" srcset=\"https:\/\/hoyre.no\/content\/uploads\/sites\/79\/2023\/08\/skei_naering-1024x730.jpg 1024w, https:\/\/hoyre.no\/content\/uploads\/sites\/79\/2023\/08\/skei_naering-300x214.jpg 300w, https:\/\/hoyre.no\/content\/uploads\/sites\/79\/2023\/08\/skei_naering-768x547.jpg 768w, https:\/\/hoyre.no\/content\/uploads\/sites\/79\/2023\/08\/skei_naering-1536x1094.jpg 1536w, https:\/\/hoyre.no\/content\/uploads\/sites\/79\/2023\/08\/skei_naering-2048x1459.jpg 2048w\" sizes=\"auto, (max-width: 1024px) 100vw, 1024px\" \/><\/figure><div class=\"wp-block-media-text__content\">\n<h2 class=\"wp-block-heading\">5. N\u00e6ring<\/h2>\n\n\n\n<ul class=\"wp-block-list\"><li>Gausdal skal v\u00e6re en \u00abJA-kommune\u00bb for gr\u00fcndere og nyetablerere.<\/li><li>Nye n\u00e6ringsarealer skal prioriteres.<\/li><li>Tilrettelegge for boligtomter i kommunens tettsteder.<\/li><li>Fritidstomter vurderes i sammenheng, av fortetting og \u00e5pning av nye arealer.<\/li><li>Sentrumsutvikling p\u00e5 Skei best\u00e5ende av nye n\u00e6ringer og leiligheter i sentrum.<\/li><\/ul>\n<\/div><\/div>\n\n\n\n<div class=\"wp-block-media-text alignwide has-media-on-the-right is-stacked-on-mobile is-image-fill\"><figure class=\"wp-block-media-text__media\" style=\"background-image:url('https:\/\/hoyre.no\/content\/uploads\/sites\/79\/2023\/08\/GettyImages-134440844-1024x658.jpg');background-position:50% 50%\"><img loading=\"lazy\" decoding=\"async\" width=\"1024\" height=\"658\" src=\"https:\/\/hoyre.no\/content\/uploads\/sites\/79\/2023\/08\/GettyImages-134440844-1024x658.jpg\" alt=\"veg\" class=\"wp-image-40 size-full\" srcset=\"https:\/\/hoyre.no\/content\/uploads\/sites\/79\/2023\/08\/GettyImages-134440844-1024x658.jpg 1024w, https:\/\/hoyre.no\/content\/uploads\/sites\/79\/2023\/08\/GettyImages-134440844-300x193.jpg 300w, https:\/\/hoyre.no\/content\/uploads\/sites\/79\/2023\/08\/GettyImages-134440844-768x493.jpg 768w, https:\/\/hoyre.no\/content\/uploads\/sites\/79\/2023\/08\/GettyImages-134440844-1536x987.jpg 1536w, https:\/\/hoyre.no\/content\/uploads\/sites\/79\/2023\/08\/GettyImages-134440844-2048x1316.jpg 2048w\" sizes=\"auto, (max-width: 1024px) 100vw, 1024px\" \/><\/figure><div class=\"wp-block-media-text__content\">\n<h2 class=\"wp-block-heading\">6. Samferdsel<\/h2>\n\n\n\n<ul class=\"wp-block-list\"><li>P\u00e5virke fylkespolitikere for utbedring av fylkesveiene i kommunen. Gjelder spesielt FV255 Olstad\u2013Svatsum og<br>FV318 \u00d8verbygda i \u00d8stre Gausdal.<\/li><li>Gang- og sykkelveg langs FV255 mellom Linfl\u00e5a og Forset.<\/li><li>Hyppigere bussforbindelse mellom Lillehammer skysstasjon og Skei.<\/li><li>P\u00e5virke for bedre vegkryssl\u00f8sninger ved Segalstad Bru og i Follebu.<\/li><\/ul>\n<\/div><\/div>\n\n\n\n<div class=\"wp-block-media-text alignwide is-stacked-on-mobile is-image-fill\"><figure class=\"wp-block-media-text__media\" style=\"background-image:url('https:\/\/hoyre.no\/content\/uploads\/sites\/79\/2023\/08\/svatsum-1024x768.jpg');background-position:50% 50%\"><img decoding=\"async\" src=\"https:\/\/hoyre.no\/content\/uploads\/sites\/79\/2023\/08\/svatsum-1024x768.jpg\" alt=\"Svatsum\" class=\"wp-image-32 size-full\" \/><\/figure><div class=\"wp-block-media-text__content\">\n<h2 class=\"wp-block-heading\">7. Eiendomsretten ivaretas lokalt<\/h2>\n\n\n\n<ul class=\"wp-block-list\"><li>Jord- og skogbruksinteresser ivaretas av grunneier.<\/li><li>Bolig- og fritidsarealer er et valg som tas av grunneier.<\/li><li>Bruk av dyrket mark erstattes eventuelt med nydyrking for utvikling av tettstedene.<\/li><li>Natur og friluftsliv skal fortsatt v\u00e6re en mulighet for alle.<\/li><\/ul>\n<\/div><\/div>\n\n\n\n<p><strong>Annet<\/strong><\/p>\n\n\n\n<ul class=\"wp-block-list\"><li>P\u00e5g\u00e5ende bredb\u00e5ndsutbygging m\u00e5 ogs\u00e5 omfatte Vestre Gausdal.<\/li><li>Tilrettelegge for \u00e5 beholde den store frivilligheten i Gausdal.<\/li><li>En god integreringspolitikk i kommunen.<\/li><li>Kirkene m\u00e5 sikres forsvarlig drift og vedlikehold.<\/li><li>Arbeide for \u00e5 redusere eiendomsskatten og kommunens andel av formueskatten.<\/li><\/ul>\n","protected":false},"excerpt":{"rendered":"<p>1. Omsorg, helse og velferd Styrking av psykisk helse og rusomsorg. En verdig eldreomsorg med variert bo- og omsorgstilbud. Forebyggende helse- og ern\u00e6ringstiltak, samt velferdsteknologi. Styrke innsatsen for \u00e5 tiltrekke seg fagkompetanse p\u00e5 kort og lang sikt. 2. Barnehage, skole og oppvekst Likebehandling av private og offentlige barnehager. Tidlig innsats av spesialpedagogiske tiltak. P\u00e5virke fylkespolitikere [&hellip;]<\/p>\n","protected":false},"author":28039,"featured_media":0,"parent":0,"menu_order":0,"comment_status":"closed","ping_status":"closed","template":"","meta":{"teft_cards_image_url":"","teft_cards_custom_pretitle":"","teft_cards_image_id":0,"teft_cards_image_focal_point_x":0,"teft_cards_image_focal_point_y":0,"teft_cards_title":"","teft_cards_excerpt":"","teft_show_chapters":false,"footnotes":""},"class_list":["post-5","page","type-page","status-publish","hentry"],"yoast_head":"<!-- This site is optimized with the Yoast SEO plugin v26.6 - https:\/\/yoast.com\/wordpress\/plugins\/seo\/ -->\n<title>7 grunner for \u00e5 stemme p\u00e5 felleslista i Gausdal - Gausdal H\u00f8yre<\/title>\n<meta name=\"robots\" content=\"index, follow, max-snippet:-1, max-image-preview:large, max-video-preview:-1\" \/>\n<link rel=\"canonical\" href=\"https:\/\/hoyre.no\/gausdal\/7-grunner\/\" \/>\n<meta property=\"og:locale\" content=\"nb_NO\" \/>\n<meta property=\"og:type\" content=\"article\" \/>\n<meta property=\"og:title\" content=\"7 grunner for \u00e5 stemme p\u00e5 felleslista i Gausdal - Gausdal H\u00f8yre\" \/>\n<meta property=\"og:description\" content=\"1. Omsorg, helse og velferd Styrking av psykisk helse og rusomsorg. En verdig eldreomsorg med variert bo- og omsorgstilbud. Forebyggende helse- og ern\u00e6ringstiltak, samt velferdsteknologi. Styrke innsatsen for \u00e5 tiltrekke seg fagkompetanse p\u00e5 kort og lang sikt. 2. Barnehage, skole og oppvekst Likebehandling av private og offentlige barnehager. Tidlig innsats av spesialpedagogiske tiltak. P\u00e5virke fylkespolitikere [&hellip;]\" \/>\n<meta property=\"og:url\" content=\"https:\/\/hoyre.no\/gausdal\/7-grunner\/\" \/>\n<meta property=\"og:site_name\" content=\"Gausdal H\u00f8yre\" \/>\n<meta property=\"article:modified_time\" content=\"2023-08-10T09:54:34+00:00\" \/>\n<meta property=\"og:image\" content=\"https:\/\/hoyre.no\/content\/uploads\/sites\/79\/2023\/08\/GettyImages-1165371469-1-1024x683.jpg\" \/>\n<meta name=\"twitter:card\" content=\"summary_large_image\" \/>\n<meta name=\"twitter:label1\" content=\"Ansl. lesetid\" \/>\n\t<meta name=\"twitter:data1\" content=\"4 minutter\" \/>\n<script type=\"application\/ld+json\" class=\"yoast-schema-graph\">{\"@context\":\"https:\/\/schema.org\",\"@graph\":[{\"@type\":\"WebPage\",\"@id\":\"https:\/\/hoyre.no\/gausdal\/7-grunner\/\",\"url\":\"https:\/\/hoyre.no\/gausdal\/7-grunner\/\",\"name\":\"7 grunner for \u00e5 stemme p\u00e5 felleslista i Gausdal - Gausdal H\u00f8yre\",\"isPartOf\":{\"@id\":\"https:\/\/hoyre.no\/gausdal\/#website\"},\"image\":{\"@id\":\"https:\/\/hoyre.no\/gausdal\/7-grunner\/#primaryimage\"},\"thumbnailUrl\":\"https:\/\/hoyre.no\/content\/uploads\/sites\/79\/2023\/08\/GettyImages-1165371469-1-1024x683.jpg\",\"datePublished\":\"2020-11-12T08:31:41+00:00\",\"dateModified\":\"2023-08-10T09:54:34+00:00\",\"breadcrumb\":{\"@id\":\"https:\/\/hoyre.no\/gausdal\/7-grunner\/#breadcrumb\"},\"inLanguage\":\"nb-NO\",\"potentialAction\":[{\"@type\":\"ReadAction\",\"target\":[\"https:\/\/hoyre.no\/gausdal\/7-grunner\/\"]}]},{\"@type\":\"ImageObject\",\"inLanguage\":\"nb-NO\",\"@id\":\"https:\/\/hoyre.no\/gausdal\/7-grunner\/#primaryimage\",\"url\":\"https:\/\/hoyre.no\/content\/uploads\/sites\/79\/2023\/08\/GettyImages-1165371469-1-1024x683.jpg\",\"contentUrl\":\"https:\/\/hoyre.no\/content\/uploads\/sites\/79\/2023\/08\/GettyImages-1165371469-1-1024x683.jpg\"},{\"@type\":\"BreadcrumbList\",\"@id\":\"https:\/\/hoyre.no\/gausdal\/7-grunner\/#breadcrumb\",\"itemListElement\":[{\"@type\":\"ListItem\",\"position\":1,\"name\":\"Til hoyre.no\",\"item\":\"https:\/\/hoyre.no\"},{\"@type\":\"ListItem\",\"position\":2,\"name\":\"Hjem\",\"item\":\"https:\/\/hoyre.no\/gausdal\/\"},{\"@type\":\"ListItem\",\"position\":3,\"name\":\"7 grunner for \u00e5 stemme p\u00e5 felleslista i Gausdal\"}]},{\"@type\":\"WebSite\",\"@id\":\"https:\/\/hoyre.no\/gausdal\/#website\",\"url\":\"https:\/\/hoyre.no\/gausdal\/\",\"name\":\"Gausdal H\u00f8yre\",\"description\":\"Bare enda et H\u00f8yres nettsteder-nettsted\",\"inLanguage\":\"nb-NO\"}]}<\/script>\n<!-- \/ Yoast SEO plugin. -->","yoast_head_json":{"title":"7 grunner for \u00e5 stemme p\u00e5 felleslista i Gausdal - Gausdal H\u00f8yre","robots":{"index":"index","follow":"follow","max-snippet":"max-snippet:-1","max-image-preview":"max-image-preview:large","max-video-preview":"max-video-preview:-1"},"canonical":"https:\/\/hoyre.no\/gausdal\/7-grunner\/","og_locale":"nb_NO","og_type":"article","og_title":"7 grunner for \u00e5 stemme p\u00e5 felleslista i Gausdal - Gausdal H\u00f8yre","og_description":"1. Omsorg, helse og velferd Styrking av psykisk helse og rusomsorg. En verdig eldreomsorg med variert bo- og omsorgstilbud. Forebyggende helse- og ern\u00e6ringstiltak, samt velferdsteknologi. Styrke innsatsen for \u00e5 tiltrekke seg fagkompetanse p\u00e5 kort og lang sikt. 2. Barnehage, skole og oppvekst Likebehandling av private og offentlige barnehager. Tidlig innsats av spesialpedagogiske tiltak. P\u00e5virke fylkespolitikere [&hellip;]","og_url":"https:\/\/hoyre.no\/gausdal\/7-grunner\/","og_site_name":"Gausdal H\u00f8yre","article_modified_time":"2023-08-10T09:54:34+00:00","og_image":[{"url":"https:\/\/hoyre.no\/content\/uploads\/sites\/79\/2023\/08\/GettyImages-1165371469-1-1024x683.jpg","type":"","width":"","height":""}],"twitter_card":"summary_large_image","twitter_misc":{"Ansl. lesetid":"4 minutter"},"schema":{"@context":"https:\/\/schema.org","@graph":[{"@type":"WebPage","@id":"https:\/\/hoyre.no\/gausdal\/7-grunner\/","url":"https:\/\/hoyre.no\/gausdal\/7-grunner\/","name":"7 grunner for \u00e5 stemme p\u00e5 felleslista i Gausdal - Gausdal H\u00f8yre","isPartOf":{"@id":"https:\/\/hoyre.no\/gausdal\/#website"},"image":{"@id":"https:\/\/hoyre.no\/gausdal\/7-grunner\/#primaryimage"},"thumbnailUrl":"https:\/\/hoyre.no\/content\/uploads\/sites\/79\/2023\/08\/GettyImages-1165371469-1-1024x683.jpg","datePublished":"2020-11-12T08:31:41+00:00","dateModified":"2023-08-10T09:54:34+00:00","breadcrumb":{"@id":"https:\/\/hoyre.no\/gausdal\/7-grunner\/#breadcrumb"},"inLanguage":"nb-NO","potentialAction":[{"@type":"ReadAction","target":["https:\/\/hoyre.no\/gausdal\/7-grunner\/"]}]},{"@type":"ImageObject","inLanguage":"nb-NO","@id":"https:\/\/hoyre.no\/gausdal\/7-grunner\/#primaryimage","url":"https:\/\/hoyre.no\/content\/uploads\/sites\/79\/2023\/08\/GettyImages-1165371469-1-1024x683.jpg","contentUrl":"https:\/\/hoyre.no\/content\/uploads\/sites\/79\/2023\/08\/GettyImages-1165371469-1-1024x683.jpg"},{"@type":"BreadcrumbList","@id":"https:\/\/hoyre.no\/gausdal\/7-grunner\/#breadcrumb","itemListElement":[{"@type":"ListItem","position":1,"name":"Til hoyre.no","item":"https:\/\/hoyre.no"},{"@type":"ListItem","position":2,"name":"Hjem","item":"https:\/\/hoyre.no\/gausdal\/"},{"@type":"ListItem","position":3,"name":"7 grunner for \u00e5 stemme p\u00e5 felleslista i Gausdal"}]},{"@type":"WebSite","@id":"https:\/\/hoyre.no\/gausdal\/#website","url":"https:\/\/hoyre.no\/gausdal\/","name":"Gausdal H\u00f8yre","description":"Bare enda et H\u00f8yres nettsteder-nettsted","inLanguage":"nb-NO"}]}},"distributor_meta":false,"distributor_terms":false,"distributor_media":false,"distributor_original_site_name":"Gausdal H\u00f8yre","distributor_original_site_url":"https:\/\/hoyre.no\/gausdal","push-errors":false,"_links":{"self":[{"href":"https:\/\/hoyre.no\/gausdal\/wp-json\/wp\/v2\/pages\/5","targetHints":{"allow":["GET"]}}],"collection":[{"href":"https:\/\/hoyre.no\/gausdal\/wp-json\/wp\/v2\/pages"}],"about":[{"href":"https:\/\/hoyre.no\/gausdal\/wp-json\/wp\/v2\/types\/page"}],"author":[{"embeddable":true,"href":"https:\/\/hoyre.no\/gausdal\/wp-json\/wp\/v2\/users\/28039"}],"replies":[{"embeddable":true,"href":"https:\/\/hoyre.no\/gausdal\/wp-json\/wp\/v2\/comments?post=5"}],"version-history":[{"count":7,"href":"https:\/\/hoyre.no\/gausdal\/wp-json\/wp\/v2\/pages\/5\/revisions"}],"predecessor-version":[{"id":53,"href":"https:\/\/hoyre.no\/gausdal\/wp-json\/wp\/v2\/pages\/5\/revisions\/53"}],"wp:attachment":[{"href":"https:\/\/hoyre.no\/gausdal\/wp-json\/wp\/v2\/media?parent=5"}],"curies":[{"name":"wp","href":"https:\/\/api.w.org\/{rel}","templated":true}]}}