{"id":131,"date":"2023-05-02T12:47:42","date_gmt":"2023-05-02T10:47:42","guid":{"rendered":"https:\/\/hoyre.no\/gjesdal\/?page_id=131"},"modified":"2023-06-21T11:41:06","modified_gmt":"2023-06-21T09:41:06","slug":"politikk","status":"publish","type":"page","link":"https:\/\/hoyre.no\/gjesdal\/politikk\/","title":{"rendered":"Politikk"},"content":{"rendered":"\n<div class=\"wp-block-hoyre-hero with-image-gradient text-color-light  has-media alignfull has-background\"><div class=\"hoyre-hero has-image\"><h1 class=\"title\">Politikk<\/h1><p class=\"preamble\">Samfunnet best\u00e5r av mennesker med ulik kulturell bakgrunn. H\u00f8yre mener at mangfold og forskjellighet er en kilde til utveksling av ideer, fornyelse og kreativitet. Valgfrihet er en naturlig del av \u00e5 kunne bestemme over eget liv.<br><br><strong>\u00abH\u00f8yre vil bygge samfunnet p\u00e5 tillit til enkeltmennesket.\u00bb<\/strong><br><br>H\u00f8yre mener at et godt samfunn bygges p\u00e5 tillit til og respekt for enkeltmennesket. Samfunnet er til for \u00e5 styrke enkeltmennesket. Hver enkelt skal ha st\u00f8rst mulig frihet til og ansvar for \u00e5 forme sitt eget liv og sin egen fremtid, basert p\u00e5 respekt for andre og for fellesskapet.<\/p>\t\t\t<div class=\"post-meta wp-block teft-byline-wrapper\">\n\t\t\t\t<div class=\"top\">\n\t\t\t\t\t<div class=\"signature\">\n\t\t\t\t\t\t<div class=\"teft-byline\">\n\t\t\t\t\t\t\t\t\t\t\t\t\t\t<div>\n\t\t\t\t\t\t\t\t<h3>H\u00f8yres redaksjon<\/h3>\t\t\t\t\t\t\t\t\n\t\t\t\t\t\t\t\t\t\t\t\t\t\t\t\t\t<span class=\"date\">Sist oppdatert: 21. juni 2023<\/span>\n\t\t\t\t\t\t\t\t\t\t\t\t\t\t\t\t\t\t\t\t\t\t\t\t\t<span class=\"reading-time\" itemprop=\"timeRequired\" content=\"PT2M\"><em>Ca. 2 minutter lesetid<\/em><\/span>\n\t\t\t\t\t\t\t\t\t\t\t\t\t\t\t<\/div>\n\t\t\t\t\t\t<\/div>\n\t\t\t\t\t<\/div>\n\t\t\t\t\t\t<div class=\"sharing\">\n\t\t<a class=\"share-button share-link copy-link\" data-copy=\"https:\/\/hoyre.no\/gjesdal\/politikk\/\" target=\"_blank\"><span class=\"screen-reader-text\">Del link<\/span><\/a>\n\t\t<a class=\"share-button share-twitter\" href=\"http:\/\/twitter.com\/share?text=Politikk&#038;url=https:\/\/hoyre.no\/gjesdal\/politikk\/&#038;hashtags=Hoyre\" target=\"_blank\"><span class=\"screen-reader-text\">Del p\u00e5 twitter<\/span><\/a>\n\t\t<a class=\"share-button share-facebook\" href=\"https:\/\/www.facebook.com\/sharer\/sharer.php?u=https:\/\/hoyre.no\/gjesdal\/politikk\/\" target=\"_blank\"><span class=\"screen-reader-text\">Del p\u00e5 facebook<\/span><\/a>\n\t<\/div>\n\t\t\t\t\t<\/div>\n\t\t\t<\/div>\n\n\t\t\t<figure class=\"hoyre-image-wrapper\"><div class=\"hoyre-image\"><img loading=\"lazy\" decoding=\"async\" width=\"2500\" height=\"833\" src=\"https:\/\/hoyre.no\/content\/uploads\/sites\/224\/2023\/06\/IMG_1980-scaled.jpg\" class=\"attachment-scaled size-scaled\" alt=\"\" style=\"object-position: 50% 50%\" srcset=\"https:\/\/hoyre.no\/content\/uploads\/sites\/224\/2023\/06\/IMG_1980-scaled.jpg 2500w, https:\/\/hoyre.no\/content\/uploads\/sites\/224\/2023\/06\/IMG_1980-300x100.jpg 300w, https:\/\/hoyre.no\/content\/uploads\/sites\/224\/2023\/06\/IMG_1980-1024x341.jpg 1024w, https:\/\/hoyre.no\/content\/uploads\/sites\/224\/2023\/06\/IMG_1980-768x256.jpg 768w, https:\/\/hoyre.no\/content\/uploads\/sites\/224\/2023\/06\/IMG_1980-1536x512.jpg 1536w, https:\/\/hoyre.no\/content\/uploads\/sites\/224\/2023\/06\/IMG_1980-2048x682.jpg 2048w\" sizes=\"auto, (max-width: 2500px) 100vw, 2500px\" \/><\/div><\/figure><\/div><\/div>\n\n\n\n<div class=\"wp-block-hoyre-banner undefined  is-style-blue\"><div class=\"banner-inner\"><figure class=\"hoyre-image-wrapper\"><div class=\"hoyre-image\"><img loading=\"lazy\" decoding=\"async\" width=\"597\" height=\"640\" src=\"https:\/\/hoyre.no\/content\/uploads\/sites\/224\/2023\/06\/Frank-Oftedal-5.jpg\" class=\"attachment-scaled size-scaled\" alt=\"\" style=\"object-position: 55.00000000000001% 24%\" srcset=\"https:\/\/hoyre.no\/content\/uploads\/sites\/224\/2023\/06\/Frank-Oftedal-5.jpg 597w, https:\/\/hoyre.no\/content\/uploads\/sites\/224\/2023\/06\/Frank-Oftedal-5-280x300.jpg 280w\" sizes=\"auto, (max-width: 597px) 100vw, 597px\" \/><\/div><\/figure><div class=\"banner-content\"><div class=\"entry-content\">\n<h2 class=\"wp-block-heading\">Kj\u00e6re velger<\/h2>\n\n\n\n<p>Etter mange \u00e5r i lokalpolitikken er jeg stolt av \u00e5 stille som ordf\u00f8rerkandidat p\u00e5 en liste med s\u00e5 mange gode mennesker med ulik erfaring og bakgrunn.<\/p>\n\n\n\n<p>Det viktigste for Gjesdal H\u00f8yre er \u00e5 lytte til innbyggerne som bruker ulike tilbud og tjenester. Sammen finner vi gode l\u00f8sninger, satser p\u00e5 kunnskap og mestring i skolen, barnehage, helse hele livet, attraktive lokalsamfunn, barn og unge, ansatte, n\u00e6ringsutvikling, klima, bygge nytt sykehjem og sv\u00f8mmehall i sentrum for \u00e5 nevne noen saker.<\/p>\n\n\n\n<p>Dersom du er enig i at H\u00f8yre har gode l\u00f8sninger og fokusomr\u00e5der, og \u00f8nsker at H\u00f8yres gode listekandidater skal v\u00e6re med \u00e5 utvikle Gjesdal kommune, da vil det v\u00e6re fint om du benytter H\u00f8yres stemmeseddel.<\/p>\n\n\n\n<p>Godt valg.<\/p>\n\n\n\n<p>Hilsen<\/p>\n\n\n\n<p>Frank Oftedal<\/p>\n\n\n\n<p>Ordf\u00f8rerkandidat Gjesdal H\u00f8yre<\/p>\n\n\n\n<div class=\"wp-block-buttons is-layout-flex wp-block-buttons-is-layout-flex\"><\/div>\n<\/div><\/div><\/div><\/div>\n\n\n\n\n<div class=\"wp-block-teft-file icon-link-block\"><a href=\"https:\/\/hoyre.no\/content\/uploads\/sites\/224\/2023\/06\/Program-Gjesdal-2023-2027.pdf\" download><span class=\"file-title\">Her kan du lese valgprogrammet v\u00e5rt for 2023-2027<\/span><span class=\"file-name\"><\/span><\/a><\/div>\n\n","protected":false},"excerpt":{"rendered":"","protected":false},"author":10416,"featured_media":0,"parent":0,"menu_order":0,"comment_status":"closed","ping_status":"closed","template":"","meta":{"teft_cards_image_url":"","teft_cards_custom_pretitle":"","teft_cards_image_id":182,"teft_cards_image_focal_point_x":0.5,"teft_cards_image_focal_point_y":0.5,"teft_cards_title":"","teft_cards_excerpt":"","teft_show_chapters":false,"footnotes":""},"class_list":["post-131","page","type-page","status-publish","hentry"],"yoast_head":"<!-- This site is optimized with the Yoast SEO plugin v26.6 - https:\/\/yoast.com\/wordpress\/plugins\/seo\/ -->\n<title>Politikk - Gjesdal H\u00f8yre<\/title>\n<meta name=\"robots\" content=\"index, follow, max-snippet:-1, max-image-preview:large, max-video-preview:-1\" \/>\n<link rel=\"canonical\" href=\"https:\/\/hoyre.no\/gjesdal\/politikk\/\" \/>\n<meta property=\"og:locale\" content=\"nb_NO\" \/>\n<meta property=\"og:type\" content=\"article\" \/>\n<meta property=\"og:title\" content=\"Politikk - Gjesdal H\u00f8yre\" \/>\n<meta property=\"og:url\" content=\"https:\/\/hoyre.no\/gjesdal\/politikk\/\" \/>\n<meta property=\"og:site_name\" content=\"Gjesdal H\u00f8yre\" \/>\n<meta property=\"article:modified_time\" content=\"2023-06-21T09:41:06+00:00\" \/>\n<meta property=\"og:image\" content=\"https:\/\/hoyre.no\/content\/uploads\/sites\/224\/2023\/06\/IMG_1980-1024x341.jpg\" \/>\n<meta name=\"twitter:card\" content=\"summary_large_image\" \/>\n<meta name=\"twitter:label1\" content=\"Ansl. lesetid\" \/>\n\t<meta name=\"twitter:data1\" content=\"2 minutter\" \/>\n<script type=\"application\/ld+json\" class=\"yoast-schema-graph\">{\"@context\":\"https:\/\/schema.org\",\"@graph\":[{\"@type\":\"WebPage\",\"@id\":\"https:\/\/hoyre.no\/gjesdal\/politikk\/\",\"url\":\"https:\/\/hoyre.no\/gjesdal\/politikk\/\",\"name\":\"Politikk - Gjesdal H\u00f8yre\",\"isPartOf\":{\"@id\":\"https:\/\/hoyre.no\/gjesdal\/#website\"},\"datePublished\":\"2023-05-02T10:47:42+00:00\",\"dateModified\":\"2023-06-21T09:41:06+00:00\",\"breadcrumb\":{\"@id\":\"https:\/\/hoyre.no\/gjesdal\/politikk\/#breadcrumb\"},\"inLanguage\":\"nb-NO\",\"potentialAction\":[{\"@type\":\"ReadAction\",\"target\":[\"https:\/\/hoyre.no\/gjesdal\/politikk\/\"]}]},{\"@type\":\"BreadcrumbList\",\"@id\":\"https:\/\/hoyre.no\/gjesdal\/politikk\/#breadcrumb\",\"itemListElement\":[{\"@type\":\"ListItem\",\"position\":1,\"name\":\"Til hoyre.no\",\"item\":\"https:\/\/hoyre.no\"},{\"@type\":\"ListItem\",\"position\":2,\"name\":\"Hjem\",\"item\":\"https:\/\/hoyre.no\/gjesdal\/\"},{\"@type\":\"ListItem\",\"position\":3,\"name\":\"Politikk\"}]},{\"@type\":\"WebSite\",\"@id\":\"https:\/\/hoyre.no\/gjesdal\/#website\",\"url\":\"https:\/\/hoyre.no\/gjesdal\/\",\"name\":\"Gjesdal H\u00f8yre\",\"description\":\"Bare enda et H\u00f8yres nettsteder-nettsted\",\"inLanguage\":\"nb-NO\"}]}<\/script>\n<!-- \/ Yoast SEO plugin. -->","yoast_head_json":{"title":"Politikk - Gjesdal H\u00f8yre","robots":{"index":"index","follow":"follow","max-snippet":"max-snippet:-1","max-image-preview":"max-image-preview:large","max-video-preview":"max-video-preview:-1"},"canonical":"https:\/\/hoyre.no\/gjesdal\/politikk\/","og_locale":"nb_NO","og_type":"article","og_title":"Politikk - Gjesdal H\u00f8yre","og_url":"https:\/\/hoyre.no\/gjesdal\/politikk\/","og_site_name":"Gjesdal H\u00f8yre","article_modified_time":"2023-06-21T09:41:06+00:00","og_image":[{"url":"https:\/\/hoyre.no\/content\/uploads\/sites\/224\/2023\/06\/IMG_1980-1024x341.jpg","width":"","height":"","type":""}],"twitter_card":"summary_large_image","twitter_misc":{"Ansl. lesetid":"2 minutter"},"schema":{"@context":"https:\/\/schema.org","@graph":[{"@type":"WebPage","@id":"https:\/\/hoyre.no\/gjesdal\/politikk\/","url":"https:\/\/hoyre.no\/gjesdal\/politikk\/","name":"Politikk - Gjesdal H\u00f8yre","isPartOf":{"@id":"https:\/\/hoyre.no\/gjesdal\/#website"},"datePublished":"2023-05-02T10:47:42+00:00","dateModified":"2023-06-21T09:41:06+00:00","breadcrumb":{"@id":"https:\/\/hoyre.no\/gjesdal\/politikk\/#breadcrumb"},"inLanguage":"nb-NO","potentialAction":[{"@type":"ReadAction","target":["https:\/\/hoyre.no\/gjesdal\/politikk\/"]}]},{"@type":"BreadcrumbList","@id":"https:\/\/hoyre.no\/gjesdal\/politikk\/#breadcrumb","itemListElement":[{"@type":"ListItem","position":1,"name":"Til hoyre.no","item":"https:\/\/hoyre.no"},{"@type":"ListItem","position":2,"name":"Hjem","item":"https:\/\/hoyre.no\/gjesdal\/"},{"@type":"ListItem","position":3,"name":"Politikk"}]},{"@type":"WebSite","@id":"https:\/\/hoyre.no\/gjesdal\/#website","url":"https:\/\/hoyre.no\/gjesdal\/","name":"Gjesdal H\u00f8yre","description":"Bare enda et H\u00f8yres nettsteder-nettsted","inLanguage":"nb-NO"}]}},"distributor_meta":false,"distributor_terms":false,"distributor_media":false,"distributor_original_site_name":"Gjesdal H\u00f8yre","distributor_original_site_url":"https:\/\/hoyre.no\/gjesdal","push-errors":false,"_links":{"self":[{"href":"https:\/\/hoyre.no\/gjesdal\/wp-json\/wp\/v2\/pages\/131","targetHints":{"allow":["GET"]}}],"collection":[{"href":"https:\/\/hoyre.no\/gjesdal\/wp-json\/wp\/v2\/pages"}],"about":[{"href":"https:\/\/hoyre.no\/gjesdal\/wp-json\/wp\/v2\/types\/page"}],"author":[{"embeddable":true,"href":"https:\/\/hoyre.no\/gjesdal\/wp-json\/wp\/v2\/users\/10416"}],"replies":[{"embeddable":true,"href":"https:\/\/hoyre.no\/gjesdal\/wp-json\/wp\/v2\/comments?post=131"}],"version-history":[{"count":5,"href":"https:\/\/hoyre.no\/gjesdal\/wp-json\/wp\/v2\/pages\/131\/revisions"}],"predecessor-version":[{"id":199,"href":"https:\/\/hoyre.no\/gjesdal\/wp-json\/wp\/v2\/pages\/131\/revisions\/199"}],"wp:attachment":[{"href":"https:\/\/hoyre.no\/gjesdal\/wp-json\/wp\/v2\/media?parent=131"}],"curies":[{"name":"wp","href":"https:\/\/api.w.org\/{rel}","templated":true}]}}