{"id":145,"date":"2023-06-13T12:35:16","date_gmt":"2023-06-13T10:35:16","guid":{"rendered":"https:\/\/hoyre.no\/gjesdal\/?page_id=145"},"modified":"2025-01-28T12:45:00","modified_gmt":"2025-01-28T11:45:00","slug":"6-grunner-til-a-stemme-gjesdal-hoyre","status":"publish","type":"page","link":"https:\/\/hoyre.no\/gjesdal\/6-grunner-til-a-stemme-gjesdal-hoyre\/","title":{"rendered":"6 grunner til \u00e5 stemme Gjesdal H\u00f8yre"},"content":{"rendered":"\n<div class=\"wp-block-hoyre-hero with-image-gradient text-color-light  has-media alignfull has-background\"><div class=\"hoyre-hero has-image\"><h1 class=\"title\">6 grunner til \u00e5 stemme Gjesdal H\u00f8yre<\/h1><figure class=\"hoyre-image-wrapper\"><div class=\"hoyre-image\"><img loading=\"lazy\" decoding=\"async\" width=\"2500\" height=\"1667\" src=\"https:\/\/hoyre.no\/content\/uploads\/sites\/224\/2023\/05\/GettyImages-1202315655-scaled.jpg\" class=\"attachment-scaled size-scaled\" alt=\"\" style=\"object-position: 50% 50%\" srcset=\"https:\/\/hoyre.no\/content\/uploads\/sites\/224\/2023\/05\/GettyImages-1202315655-scaled.jpg 2500w, https:\/\/hoyre.no\/content\/uploads\/sites\/224\/2023\/05\/GettyImages-1202315655-300x200.jpg 300w, https:\/\/hoyre.no\/content\/uploads\/sites\/224\/2023\/05\/GettyImages-1202315655-1024x683.jpg 1024w, https:\/\/hoyre.no\/content\/uploads\/sites\/224\/2023\/05\/GettyImages-1202315655-768x512.jpg 768w, https:\/\/hoyre.no\/content\/uploads\/sites\/224\/2023\/05\/GettyImages-1202315655-1536x1024.jpg 1536w, https:\/\/hoyre.no\/content\/uploads\/sites\/224\/2023\/05\/GettyImages-1202315655-2048x1365.jpg 2048w\" sizes=\"auto, (max-width: 2500px) 100vw, 2500px\" \/><\/div><\/figure><\/div><\/div>\n\n\n\n<div class=\"wp-block-columns is-layout-flex wp-container-core-columns-is-layout-9d6595d7 wp-block-columns-is-layout-flex\">\n<div class=\"wp-block-column is-layout-flow wp-block-column-is-layout-flow\" style=\"flex-basis:100%\">\n<div class=\"wp-block-columns is-layout-flex wp-container-core-columns-is-layout-9d6595d7 wp-block-columns-is-layout-flex\">\n<div class=\"wp-block-column is-layout-flow wp-block-column-is-layout-flow\" style=\"flex-basis:100%\"><\/div>\n<\/div>\n<\/div>\n<\/div>\n\n\n\n<div class=\"wp-block-hoyre-banner alignwide undefined  is-style-blue\"><div class=\"banner-inner\"><figure class=\"hoyre-image-wrapper\"><div class=\"hoyre-image\"><img loading=\"lazy\" decoding=\"async\" width=\"1663\" height=\"1484\" src=\"https:\/\/hoyre.no\/content\/uploads\/sites\/224\/2020\/11\/img_9237.jpg\" class=\"attachment-scaled size-scaled\" alt=\"\" style=\"object-position: 50% 50%\" srcset=\"https:\/\/hoyre.no\/content\/uploads\/sites\/224\/2020\/11\/img_9237.jpg 1663w, https:\/\/hoyre.no\/content\/uploads\/sites\/224\/2020\/11\/img_9237-300x268.jpg 300w, https:\/\/hoyre.no\/content\/uploads\/sites\/224\/2020\/11\/img_9237-1024x914.jpg 1024w, https:\/\/hoyre.no\/content\/uploads\/sites\/224\/2020\/11\/img_9237-768x685.jpg 768w, https:\/\/hoyre.no\/content\/uploads\/sites\/224\/2020\/11\/img_9237-1536x1371.jpg 1536w\" sizes=\"auto, (max-width: 1663px) 100vw, 1663px\" \/><\/div><\/figure><div class=\"banner-content\"><div class=\"entry-content\">\n<h2 class=\"wp-block-heading\">Vi vil ha muligheter for alle!<\/h2>\n\n\n\n<p>Det skal v\u00e6re godt \u00e5 bo i Gjesdal kommune.<\/p>\n\n\n\n<div class=\"wp-block-buttons is-layout-flex wp-block-buttons-is-layout-flex\"><\/div>\n<\/div><\/div><\/div><\/div>\n\n\n\n<div class=\"wp-block-hoyre-banner alignwide undefined\"><div class=\"banner-inner\"><figure class=\"hoyre-image-wrapper\"><div class=\"hoyre-image\"><img loading=\"lazy\" decoding=\"async\" width=\"2500\" height=\"1667\" src=\"https:\/\/hoyre.no\/content\/uploads\/sites\/224\/2023\/06\/GettyImages-626964604-scaled.jpg\" class=\"attachment-scaled size-scaled\" alt=\"\" style=\"object-position: 46% 34%\" srcset=\"https:\/\/hoyre.no\/content\/uploads\/sites\/224\/2023\/06\/GettyImages-626964604-scaled.jpg 2500w, https:\/\/hoyre.no\/content\/uploads\/sites\/224\/2023\/06\/GettyImages-626964604-300x200.jpg 300w, https:\/\/hoyre.no\/content\/uploads\/sites\/224\/2023\/06\/GettyImages-626964604-1024x683.jpg 1024w, https:\/\/hoyre.no\/content\/uploads\/sites\/224\/2023\/06\/GettyImages-626964604-768x512.jpg 768w, https:\/\/hoyre.no\/content\/uploads\/sites\/224\/2023\/06\/GettyImages-626964604-1536x1024.jpg 1536w, https:\/\/hoyre.no\/content\/uploads\/sites\/224\/2023\/06\/GettyImages-626964604-2048x1365.jpg 2048w\" sizes=\"auto, (max-width: 2500px) 100vw, 2500px\" \/><\/div><\/figure><div class=\"banner-content\"><div class=\"entry-content\">\n<h2 class=\"wp-block-heading has-text-align-left\"><strong>1. ALLE SKAL MED<\/strong><\/h2>\n\n\n\n<p class=\"has-text-align-left\">Flere barn og unge i Gjesdal vokser opp i lavinntektsfamilier. Mange blir ufrivillig holdt utenfor&nbsp;fellesskapet p\u00e5 grunn av dyre kontingenter og utstyr.<\/p>\n\n\n\n<p class=\"has-text-align-left\">Gjesdal H\u00f8yre vil at alle barn og unge skal f\u00e5 delta p\u00e5 minst \u00e9n fritidsaktivitet, uavhengig av foreldrenes lommebok.<\/p>\n\n\n\n<div class=\"wp-block-buttons is-layout-flex wp-block-buttons-is-layout-flex\"><\/div>\n<\/div><\/div><\/div><\/div>\n\n\n\n<div class=\"wp-block-hoyre-banner alignwide undefined  is-style-blue\"><div class=\"banner-inner\"><figure class=\"hoyre-image-wrapper\"><div class=\"hoyre-image\"><img loading=\"lazy\" decoding=\"async\" width=\"2500\" height=\"1667\" src=\"https:\/\/hoyre.no\/content\/uploads\/sites\/224\/2023\/06\/GettyImages-1216408189-scaled.jpg\" class=\"attachment-scaled size-scaled\" alt=\"\" style=\"object-position: 50% 50%\" srcset=\"https:\/\/hoyre.no\/content\/uploads\/sites\/224\/2023\/06\/GettyImages-1216408189-scaled.jpg 2500w, https:\/\/hoyre.no\/content\/uploads\/sites\/224\/2023\/06\/GettyImages-1216408189-300x200.jpg 300w, https:\/\/hoyre.no\/content\/uploads\/sites\/224\/2023\/06\/GettyImages-1216408189-1024x683.jpg 1024w, https:\/\/hoyre.no\/content\/uploads\/sites\/224\/2023\/06\/GettyImages-1216408189-768x512.jpg 768w, https:\/\/hoyre.no\/content\/uploads\/sites\/224\/2023\/06\/GettyImages-1216408189-1536x1024.jpg 1536w, https:\/\/hoyre.no\/content\/uploads\/sites\/224\/2023\/06\/GettyImages-1216408189-2048x1365.jpg 2048w\" sizes=\"auto, (max-width: 2500px) 100vw, 2500px\" \/><\/div><\/figure><div class=\"banner-content\"><div class=\"entry-content\">\n<h2 class=\"wp-block-heading has-text-align-left\">2. GJESDAL SKAL V\u00c6RE EN GOD KOMMUNE \u00c5 VOKSE OPP I<\/h2>\n\n\n\n<p>Det viktigste vi kan gj\u00f8re er \u00e5 gi barn og unge muligheter\u00a0gjennom en god barnehage, skolefritidsordning, skole og fritidsaktivitet, tilpasset alle. Gjesdal H\u00f8yre vil s\u00f8rge for trygge n\u00e6rmilj\u00f8 med gode m\u00f8testeder.<\/p>\n\n\n\n<div class=\"wp-block-buttons is-layout-flex wp-block-buttons-is-layout-flex\"><\/div>\n<\/div><\/div><\/div><\/div>\n\n\n\n<div class=\"wp-block-hoyre-banner alignwide undefined\"><div class=\"banner-inner\"><figure class=\"hoyre-image-wrapper\"><div class=\"hoyre-image\"><img loading=\"lazy\" decoding=\"async\" width=\"2500\" height=\"1667\" src=\"https:\/\/hoyre.no\/content\/uploads\/sites\/224\/2023\/06\/GettyImages-846017896-scaled.jpg\" class=\"attachment-scaled size-scaled\" alt=\"\" style=\"object-position: 74% 51%\" srcset=\"https:\/\/hoyre.no\/content\/uploads\/sites\/224\/2023\/06\/GettyImages-846017896-scaled.jpg 2500w, https:\/\/hoyre.no\/content\/uploads\/sites\/224\/2023\/06\/GettyImages-846017896-300x200.jpg 300w, https:\/\/hoyre.no\/content\/uploads\/sites\/224\/2023\/06\/GettyImages-846017896-1024x683.jpg 1024w, https:\/\/hoyre.no\/content\/uploads\/sites\/224\/2023\/06\/GettyImages-846017896-768x512.jpg 768w, https:\/\/hoyre.no\/content\/uploads\/sites\/224\/2023\/06\/GettyImages-846017896-1536x1024.jpg 1536w, https:\/\/hoyre.no\/content\/uploads\/sites\/224\/2023\/06\/GettyImages-846017896-2048x1365.jpg 2048w\" sizes=\"auto, (max-width: 2500px) 100vw, 2500px\" \/><\/div><\/figure><div class=\"banner-content\"><div class=\"entry-content\">\n<h2 class=\"wp-block-heading has-text-align-left\"><strong>3. H\u00d8YRE SIER JA!<\/strong><\/h2>\n\n\n\n<p class=\"has-text-align-left\">Utgangspunktet til H\u00f8yre er \u00e5 si&nbsp;<strong>JA<\/strong>. Vi skal si ja n\u00e5r vi kan og nei kun n\u00e5r vi m\u00e5. Det skal v\u00e6re en fin og god opplevelse \u00e5 ta kontakt med kommunen. Gjesdal skal strekke seg langt, spille p\u00e5 lag med innbyggerne, v\u00e6re forutsigbar og ikke gj\u00f8re ting vanskeligere enn de er.<\/p>\n\n\n\n<div class=\"wp-block-buttons is-layout-flex wp-block-buttons-is-layout-flex\"><\/div>\n<\/div><\/div><\/div><\/div>\n\n\n\n<div class=\"wp-block-hoyre-banner alignwide undefined  is-style-blue\"><div class=\"banner-inner\"><figure class=\"hoyre-image-wrapper\"><div class=\"hoyre-image\"><img loading=\"lazy\" decoding=\"async\" width=\"2500\" height=\"1667\" src=\"https:\/\/hoyre.no\/content\/uploads\/sites\/224\/2023\/06\/GettyImages-512098822-scaled.jpg\" class=\"attachment-scaled size-scaled\" alt=\"\" style=\"object-position: 50% 50%\" srcset=\"https:\/\/hoyre.no\/content\/uploads\/sites\/224\/2023\/06\/GettyImages-512098822-scaled.jpg 2500w, https:\/\/hoyre.no\/content\/uploads\/sites\/224\/2023\/06\/GettyImages-512098822-300x200.jpg 300w, https:\/\/hoyre.no\/content\/uploads\/sites\/224\/2023\/06\/GettyImages-512098822-1024x683.jpg 1024w, https:\/\/hoyre.no\/content\/uploads\/sites\/224\/2023\/06\/GettyImages-512098822-768x512.jpg 768w, https:\/\/hoyre.no\/content\/uploads\/sites\/224\/2023\/06\/GettyImages-512098822-1536x1024.jpg 1536w, https:\/\/hoyre.no\/content\/uploads\/sites\/224\/2023\/06\/GettyImages-512098822-2048x1365.jpg 2048w\" sizes=\"auto, (max-width: 2500px) 100vw, 2500px\" \/><\/div><\/figure><div class=\"banner-content\"><div class=\"entry-content\">\n<h2 class=\"wp-block-heading\"><strong>4. HJELP N\u00c5R DU TRENGER DET<\/strong><\/h2>\n\n\n\n<p class=\"has-text-align-left\">Mange kommer p\u00e5 et eller annet tidspunkt i livet til \u00e5 trenge helsehjelp og\/eller noen \u00e5 snakke med. Da m\u00e5 hjelpen v\u00e6re der for deg. Pleietrengende pasienter skal m\u00f8te en kompetent og hyggelig helsetjeneste, f\u00e5 god, n\u00e6ringsrik mat og riktig medisinbruk.<\/p>\n\n\n\n<div class=\"wp-block-buttons is-layout-flex wp-block-buttons-is-layout-flex\"><\/div>\n<\/div><\/div><\/div><\/div>\n\n\n\n<div class=\"wp-block-hoyre-banner alignwide undefined\"><div class=\"banner-inner\"><figure class=\"hoyre-image-wrapper\"><div class=\"hoyre-image\"><img loading=\"lazy\" decoding=\"async\" width=\"2500\" height=\"1668\" src=\"https:\/\/hoyre.no\/content\/uploads\/sites\/224\/2023\/06\/GettyImages-550537349-scaled.jpg\" class=\"attachment-scaled size-scaled\" alt=\"\" style=\"object-position: 50% 50%\" srcset=\"https:\/\/hoyre.no\/content\/uploads\/sites\/224\/2023\/06\/GettyImages-550537349-scaled.jpg 2500w, https:\/\/hoyre.no\/content\/uploads\/sites\/224\/2023\/06\/GettyImages-550537349-300x200.jpg 300w, https:\/\/hoyre.no\/content\/uploads\/sites\/224\/2023\/06\/GettyImages-550537349-1024x683.jpg 1024w, https:\/\/hoyre.no\/content\/uploads\/sites\/224\/2023\/06\/GettyImages-550537349-768x513.jpg 768w, https:\/\/hoyre.no\/content\/uploads\/sites\/224\/2023\/06\/GettyImages-550537349-1536x1025.jpg 1536w, https:\/\/hoyre.no\/content\/uploads\/sites\/224\/2023\/06\/GettyImages-550537349-2048x1367.jpg 2048w\" sizes=\"auto, (max-width: 2500px) 100vw, 2500px\" \/><\/div><\/figure><div class=\"banner-content\"><div class=\"entry-content\">\n<h2 class=\"wp-block-heading\"><strong>5. UTVIKLING AV GJESDAL<\/strong><\/h2>\n\n\n\n<p>Vekst og utvikling er en forutsetning for \u00e5 skape et vellykket samfunn. H\u00f8yre vil legge forholdene til rette for at det skapes flere arbeidsplasser i b\u00e5de nye og eksisterende bedrifter. Bolig og n\u00e6ringsutvikling p\u00e5 \u00c5lg\u00e5rd og indre del av kommunen, er avgj\u00f8rende for stabil vekst i hele kommunen.<\/p>\n\n\n\n<div class=\"wp-block-buttons is-layout-flex wp-block-buttons-is-layout-flex\"><\/div>\n<\/div><\/div><\/div><\/div>\n\n\n\n<div class=\"wp-block-hoyre-banner alignwide undefined  is-style-blue\"><div class=\"banner-inner\"><figure class=\"hoyre-image-wrapper\"><div class=\"hoyre-image\"><img loading=\"lazy\" decoding=\"async\" width=\"2500\" height=\"1667\" src=\"https:\/\/hoyre.no\/content\/uploads\/sites\/224\/2023\/06\/GettyImages-1070509562-scaled.jpg\" class=\"attachment-scaled size-scaled\" alt=\"\" style=\"object-position: 49% 48%\" srcset=\"https:\/\/hoyre.no\/content\/uploads\/sites\/224\/2023\/06\/GettyImages-1070509562-scaled.jpg 2500w, https:\/\/hoyre.no\/content\/uploads\/sites\/224\/2023\/06\/GettyImages-1070509562-300x200.jpg 300w, https:\/\/hoyre.no\/content\/uploads\/sites\/224\/2023\/06\/GettyImages-1070509562-1024x683.jpg 1024w, https:\/\/hoyre.no\/content\/uploads\/sites\/224\/2023\/06\/GettyImages-1070509562-768x512.jpg 768w, https:\/\/hoyre.no\/content\/uploads\/sites\/224\/2023\/06\/GettyImages-1070509562-1536x1024.jpg 1536w, https:\/\/hoyre.no\/content\/uploads\/sites\/224\/2023\/06\/GettyImages-1070509562-2048x1365.jpg 2048w\" sizes=\"auto, (max-width: 2500px) 100vw, 2500px\" \/><\/div><\/figure><div class=\"banner-content\"><div class=\"entry-content\">\n<h2 class=\"wp-block-heading has-text-align-left\"><strong>6. BEHOLDE MER AV PENGENE SELV<\/strong><\/h2>\n\n\n\n<p>Det blir stadig dyrere \u00e5 bo i Gjesdal. Prisene \u00f8ker kraftig p\u00e5 str\u00f8m, mat, bensin og diesel, i tillegg til rente\u00f8kning. Dette gj\u00f8r at mange sliter med \u00e5 f\u00e5 l\u00f8nna til \u00e5 strekke til. H\u00f8yre vil derfor ta bort eiendomsskatt slik at den enkelte familie og bedrift beholder mer av sine egne penger. Det er ogs\u00e5 velferd.<\/p>\n\n\n\n<div class=\"wp-block-buttons is-layout-flex wp-block-buttons-is-layout-flex\"><\/div>\n<\/div><\/div><\/div><\/div>\n","protected":false},"excerpt":{"rendered":"","protected":false},"author":10416,"featured_media":0,"parent":0,"menu_order":0,"comment_status":"closed","ping_status":"closed","template":"","meta":{"teft_cards_image_url":"","teft_cards_custom_pretitle":"","teft_cards_image_id":138,"teft_cards_image_focal_point_x":0.5,"teft_cards_image_focal_point_y":0.5,"teft_cards_title":"","teft_cards_excerpt":"","teft_show_chapters":false,"footnotes":""},"class_list":["post-145","page","type-page","status-publish","hentry"],"yoast_head":"<!-- This site is optimized with the Yoast SEO plugin v26.6 - https:\/\/yoast.com\/wordpress\/plugins\/seo\/ -->\n<title>6 grunner til \u00e5 stemme Gjesdal H\u00f8yre - Gjesdal H\u00f8yre<\/title>\n<meta name=\"description\" content=\"Vi gir deg seks gode grunner til hvorfor du b\u00f8r stemme H\u00f8yre i Gjesdal.\" \/>\n<meta name=\"robots\" content=\"index, follow, max-snippet:-1, max-image-preview:large, max-video-preview:-1\" \/>\n<link rel=\"canonical\" href=\"https:\/\/hoyre.no\/gjesdal\/6-grunner-til-a-stemme-gjesdal-hoyre\/\" \/>\n<meta property=\"og:locale\" content=\"nb_NO\" \/>\n<meta property=\"og:type\" content=\"article\" \/>\n<meta property=\"og:title\" content=\"6 grunner til \u00e5 stemme Gjesdal H\u00f8yre - Gjesdal H\u00f8yre\" \/>\n<meta property=\"og:description\" content=\"Vi gir deg seks gode grunner til hvorfor du b\u00f8r stemme H\u00f8yre i Gjesdal.\" \/>\n<meta property=\"og:url\" content=\"https:\/\/hoyre.no\/gjesdal\/6-grunner-til-a-stemme-gjesdal-hoyre\/\" \/>\n<meta property=\"og:site_name\" content=\"Gjesdal H\u00f8yre\" \/>\n<meta property=\"article:modified_time\" content=\"2025-01-28T11:45:00+00:00\" \/>\n<meta property=\"og:image\" content=\"https:\/\/hoyre.no\/content\/uploads\/sites\/224\/2023\/05\/GettyImages-1202315655-1024x683.jpg\" \/>\n<meta name=\"twitter:card\" content=\"summary_large_image\" \/>\n<meta name=\"twitter:label1\" content=\"Ansl. lesetid\" \/>\n\t<meta name=\"twitter:data1\" content=\"3 minutter\" \/>\n<script type=\"application\/ld+json\" class=\"yoast-schema-graph\">{\"@context\":\"https:\/\/schema.org\",\"@graph\":[{\"@type\":\"WebPage\",\"@id\":\"https:\/\/hoyre.no\/gjesdal\/6-grunner-til-a-stemme-gjesdal-hoyre\/\",\"url\":\"https:\/\/hoyre.no\/gjesdal\/6-grunner-til-a-stemme-gjesdal-hoyre\/\",\"name\":\"6 grunner til \u00e5 stemme Gjesdal H\u00f8yre - Gjesdal H\u00f8yre\",\"isPartOf\":{\"@id\":\"https:\/\/hoyre.no\/gjesdal\/#website\"},\"datePublished\":\"2023-06-13T10:35:16+00:00\",\"dateModified\":\"2025-01-28T11:45:00+00:00\",\"description\":\"Vi gir deg seks gode grunner til hvorfor du b\u00f8r stemme H\u00f8yre i Gjesdal.\",\"breadcrumb\":{\"@id\":\"https:\/\/hoyre.no\/gjesdal\/6-grunner-til-a-stemme-gjesdal-hoyre\/#breadcrumb\"},\"inLanguage\":\"nb-NO\",\"potentialAction\":[{\"@type\":\"ReadAction\",\"target\":[\"https:\/\/hoyre.no\/gjesdal\/6-grunner-til-a-stemme-gjesdal-hoyre\/\"]}]},{\"@type\":\"BreadcrumbList\",\"@id\":\"https:\/\/hoyre.no\/gjesdal\/6-grunner-til-a-stemme-gjesdal-hoyre\/#breadcrumb\",\"itemListElement\":[{\"@type\":\"ListItem\",\"position\":1,\"name\":\"Til hoyre.no\",\"item\":\"https:\/\/hoyre.no\"},{\"@type\":\"ListItem\",\"position\":2,\"name\":\"Hjem\",\"item\":\"https:\/\/hoyre.no\/gjesdal\/\"},{\"@type\":\"ListItem\",\"position\":3,\"name\":\"6 grunner til \u00e5 stemme Gjesdal H\u00f8yre\"}]},{\"@type\":\"WebSite\",\"@id\":\"https:\/\/hoyre.no\/gjesdal\/#website\",\"url\":\"https:\/\/hoyre.no\/gjesdal\/\",\"name\":\"Gjesdal H\u00f8yre\",\"description\":\"Bare enda et H\u00f8yres nettsteder-nettsted\",\"inLanguage\":\"nb-NO\"}]}<\/script>\n<!-- \/ Yoast SEO plugin. -->","yoast_head_json":{"title":"6 grunner til \u00e5 stemme Gjesdal H\u00f8yre - Gjesdal H\u00f8yre","description":"Vi gir deg seks gode grunner til hvorfor du b\u00f8r stemme H\u00f8yre i Gjesdal.","robots":{"index":"index","follow":"follow","max-snippet":"max-snippet:-1","max-image-preview":"max-image-preview:large","max-video-preview":"max-video-preview:-1"},"canonical":"https:\/\/hoyre.no\/gjesdal\/6-grunner-til-a-stemme-gjesdal-hoyre\/","og_locale":"nb_NO","og_type":"article","og_title":"6 grunner til \u00e5 stemme Gjesdal H\u00f8yre - Gjesdal H\u00f8yre","og_description":"Vi gir deg seks gode grunner til hvorfor du b\u00f8r stemme H\u00f8yre i Gjesdal.","og_url":"https:\/\/hoyre.no\/gjesdal\/6-grunner-til-a-stemme-gjesdal-hoyre\/","og_site_name":"Gjesdal H\u00f8yre","article_modified_time":"2025-01-28T11:45:00+00:00","og_image":[{"url":"https:\/\/hoyre.no\/content\/uploads\/sites\/224\/2023\/05\/GettyImages-1202315655-1024x683.jpg","width":"","height":"","type":""}],"twitter_card":"summary_large_image","twitter_misc":{"Ansl. lesetid":"3 minutter"},"schema":{"@context":"https:\/\/schema.org","@graph":[{"@type":"WebPage","@id":"https:\/\/hoyre.no\/gjesdal\/6-grunner-til-a-stemme-gjesdal-hoyre\/","url":"https:\/\/hoyre.no\/gjesdal\/6-grunner-til-a-stemme-gjesdal-hoyre\/","name":"6 grunner til \u00e5 stemme Gjesdal H\u00f8yre - Gjesdal H\u00f8yre","isPartOf":{"@id":"https:\/\/hoyre.no\/gjesdal\/#website"},"datePublished":"2023-06-13T10:35:16+00:00","dateModified":"2025-01-28T11:45:00+00:00","description":"Vi gir deg seks gode grunner til hvorfor du b\u00f8r stemme H\u00f8yre i Gjesdal.","breadcrumb":{"@id":"https:\/\/hoyre.no\/gjesdal\/6-grunner-til-a-stemme-gjesdal-hoyre\/#breadcrumb"},"inLanguage":"nb-NO","potentialAction":[{"@type":"ReadAction","target":["https:\/\/hoyre.no\/gjesdal\/6-grunner-til-a-stemme-gjesdal-hoyre\/"]}]},{"@type":"BreadcrumbList","@id":"https:\/\/hoyre.no\/gjesdal\/6-grunner-til-a-stemme-gjesdal-hoyre\/#breadcrumb","itemListElement":[{"@type":"ListItem","position":1,"name":"Til hoyre.no","item":"https:\/\/hoyre.no"},{"@type":"ListItem","position":2,"name":"Hjem","item":"https:\/\/hoyre.no\/gjesdal\/"},{"@type":"ListItem","position":3,"name":"6 grunner til \u00e5 stemme Gjesdal H\u00f8yre"}]},{"@type":"WebSite","@id":"https:\/\/hoyre.no\/gjesdal\/#website","url":"https:\/\/hoyre.no\/gjesdal\/","name":"Gjesdal H\u00f8yre","description":"Bare enda et H\u00f8yres nettsteder-nettsted","inLanguage":"nb-NO"}]}},"distributor_meta":false,"distributor_terms":false,"distributor_media":false,"distributor_original_site_name":"Gjesdal H\u00f8yre","distributor_original_site_url":"https:\/\/hoyre.no\/gjesdal","push-errors":false,"_links":{"self":[{"href":"https:\/\/hoyre.no\/gjesdal\/wp-json\/wp\/v2\/pages\/145","targetHints":{"allow":["GET"]}}],"collection":[{"href":"https:\/\/hoyre.no\/gjesdal\/wp-json\/wp\/v2\/pages"}],"about":[{"href":"https:\/\/hoyre.no\/gjesdal\/wp-json\/wp\/v2\/types\/page"}],"author":[{"embeddable":true,"href":"https:\/\/hoyre.no\/gjesdal\/wp-json\/wp\/v2\/users\/10416"}],"replies":[{"embeddable":true,"href":"https:\/\/hoyre.no\/gjesdal\/wp-json\/wp\/v2\/comments?post=145"}],"version-history":[{"count":3,"href":"https:\/\/hoyre.no\/gjesdal\/wp-json\/wp\/v2\/pages\/145\/revisions"}],"predecessor-version":[{"id":204,"href":"https:\/\/hoyre.no\/gjesdal\/wp-json\/wp\/v2\/pages\/145\/revisions\/204"}],"wp:attachment":[{"href":"https:\/\/hoyre.no\/gjesdal\/wp-json\/wp\/v2\/media?parent=145"}],"curies":[{"name":"wp","href":"https:\/\/api.w.org\/{rel}","templated":true}]}}