{"id":124,"date":"2023-05-02T12:45:04","date_gmt":"2023-05-02T10:45:04","guid":{"rendered":"https:\/\/hoyre.no\/gjovik\/?page_id=124"},"modified":"2023-05-02T13:19:50","modified_gmt":"2023-05-02T11:19:50","slug":"politikk","status":"publish","type":"page","link":"https:\/\/hoyre.no\/gjovik\/politikk\/","title":{"rendered":"Politikk"},"content":{"rendered":"\n<div class=\"wp-block-hoyre-hero with-image-gradient text-color-light  alignfull has-background\"><div class=\"hoyre-hero \"><h1 class=\"title\">Politikk<\/h1><p class=\"preamble\">N\u00e5r frivilligheten, n\u00e6ringslivet og offentlig sektor spiller p\u00e5 lag, skapes det gode lokalsamfunn. H\u00f8yre tror p\u00e5 enkeltmenneskets evne og lyst til \u00e5 st\u00e5 p\u00e5 egne ben.<br><br>Det er v\u00e5r oppgave \u00e5 s\u00f8rge for at mennesker kan leve gode liv, uansett utgangspunkt. Vi skaper ikke politikk for kommunen, men for alle som bor der. H\u00f8yre tror p\u00e5 et samfunn som gir muligheter for alle.<\/p><\/div><\/div>\n\n\n\n\t\t<div class=\"has-lightest-blue-background-color is-layout-left alignwide alignwide wp-block-hoyre-media-text\">\n\t\t\t<div class=\"hoyre-media-text__media\">\n\t\t\t\t<img loading=\"lazy\" decoding=\"async\" width=\"1024\" height=\"683\" src=\"https:\/\/hoyre.no\/content\/uploads\/sites\/78\/2023\/01\/kirsebaertre-sentrum-1024x683.jpg\" class=\"hoyre-media-text__media-image\" alt=\"\" style=\"--focal: 50% 50%;\" srcset=\"https:\/\/hoyre.no\/content\/uploads\/sites\/78\/2023\/01\/kirsebaertre-sentrum-1024x683.jpg 1024w, https:\/\/hoyre.no\/content\/uploads\/sites\/78\/2023\/01\/kirsebaertre-sentrum-300x200.jpg 300w, https:\/\/hoyre.no\/content\/uploads\/sites\/78\/2023\/01\/kirsebaertre-sentrum-768x512.jpg 768w, https:\/\/hoyre.no\/content\/uploads\/sites\/78\/2023\/01\/kirsebaertre-sentrum-1536x1024.jpg 1536w, https:\/\/hoyre.no\/content\/uploads\/sites\/78\/2023\/01\/kirsebaertre-sentrum.jpg 2048w\" sizes=\"auto, (max-width: 1024px) 100vw, 1024px\" \/>\n\t\t\t<\/div>\n\t\t\t<div class=\"hoyre-media-text__content\">\n\t\t\t\t<div class=\"hoyre-media-text__content-inner\">\n\t\t\t\t\t\n\t\t\t<div class=\"hoyre-media-text__title-container\">\n\t\t\t\t\n\t\t\t\t<h2 class=\"hoyre-media-text__title\">\u00c5tte gode grunner til \u00e5 stemme Gj\u00f8vik H\u00f8yre<\/h2>\n\t\t\t<\/div>\n\t\t\t\n\t\t\t\t\t<div class=\"hoyre-media-text__blocks\"><\/div>\n\t\t\t\t\t\n\t\t\t<div class=\"hoyre-media-text__buttons\">\n\t\t\t\t<a class=\"button\" href=\"https:\/\/hoyre.no\/gjovik\/forsiden\/7-grunner-til-a-stemme-gjovik-hoyre\/\">Les mer<\/a>\n\t\t\t<\/div>\n\t\t\t\n\t\t\t\t<\/div>\n\t\t\t<\/div>\n\t\t<\/div>\n\t\t\n\n\n\t\t<div class=\"has-lightest-blue-background-color is-layout-right alignwide alignwide wp-block-hoyre-media-text\">\n\t\t\t<div class=\"hoyre-media-text__media\">\n\t\t\t\t<img loading=\"lazy\" decoding=\"async\" width=\"1024\" height=\"683\" src=\"https:\/\/hoyre.no\/content\/uploads\/sites\/78\/2023\/03\/portrett_anne040-1024x683.jpg\" class=\"hoyre-media-text__media-image\" alt=\"\" style=\"--focal: 50% 50%;\" srcset=\"https:\/\/hoyre.no\/content\/uploads\/sites\/78\/2023\/03\/portrett_anne040-1024x683.jpg 1024w, https:\/\/hoyre.no\/content\/uploads\/sites\/78\/2023\/03\/portrett_anne040-300x200.jpg 300w, https:\/\/hoyre.no\/content\/uploads\/sites\/78\/2023\/03\/portrett_anne040-768x512.jpg 768w, https:\/\/hoyre.no\/content\/uploads\/sites\/78\/2023\/03\/portrett_anne040-1536x1024.jpg 1536w, https:\/\/hoyre.no\/content\/uploads\/sites\/78\/2023\/03\/portrett_anne040-2048x1365.jpg 2048w\" sizes=\"auto, (max-width: 1024px) 100vw, 1024px\" \/>\n\t\t\t<\/div>\n\t\t\t<div class=\"hoyre-media-text__content\">\n\t\t\t\t<div class=\"hoyre-media-text__content-inner\">\n\t\t\t\t\t\n\t\t\t<div class=\"hoyre-media-text__title-container\">\n\t\t\t\t\n\t\t\t\t<h2 class=\"hoyre-media-text__title\">Gj\u00f8vik H\u00f8yres ordf\u00f8rerkandidat<\/h2>\n\t\t\t<\/div>\n\t\t\t\n\t\t\t\t\t<div class=\"hoyre-media-text__blocks\">\n<p>Anne er v\u00e5r ordf\u00f8rerkandidat for kommunevalget i 2023. Bli bedre kjent med hvem han er og hva han st\u00e5r for\ud83d\udc47<\/p>\n<\/div>\n\t\t\t\t\t\n\t\t\t<div class=\"hoyre-media-text__buttons\">\n\t\t\t\t<a class=\"button\" href=\"https:\/\/hoyre.no\/gjovik\/anne-bjertnaes-var-ordforerkandidat\/\">Les mer<\/a>\n\t\t\t<\/div>\n\t\t\t\n\t\t\t\t<\/div>\n\t\t\t<\/div>\n\t\t<\/div>\n\t\t\n\n\n\n<div class=\"wp-block-teft-file icon-link-block\"><a href=\"https:\/\/hoyre.no\/content\/uploads\/sites\/78\/2023\/05\/hoyre-gjovik-vare-politikk.pdf\" download><span class=\"file-title\">Her kan du lese valgprogrammet v\u00e5rt for 2019-2023<\/span><span class=\"file-name\"><\/span><\/a><\/div>\n\n","protected":false},"excerpt":{"rendered":"","protected":false},"author":15381,"featured_media":0,"parent":0,"menu_order":0,"comment_status":"closed","ping_status":"closed","template":"","meta":{"teft_cards_image_url":"","teft_cards_custom_pretitle":"","teft_cards_image_id":0,"teft_cards_image_focal_point_x":0,"teft_cards_image_focal_point_y":0,"teft_cards_title":"","teft_cards_excerpt":"","teft_show_chapters":false,"footnotes":""},"class_list":["post-124","page","type-page","status-publish","hentry"],"yoast_head":"<!-- This site is optimized with the Yoast SEO plugin v26.6 - https:\/\/yoast.com\/wordpress\/plugins\/seo\/ -->\n<title>Politikk - Gj\u00f8vik H\u00f8yre<\/title>\n<meta name=\"robots\" content=\"index, follow, max-snippet:-1, max-image-preview:large, max-video-preview:-1\" \/>\n<link rel=\"canonical\" href=\"https:\/\/hoyre.no\/gjovik\/politikk\/\" \/>\n<meta property=\"og:locale\" content=\"nb_NO\" \/>\n<meta property=\"og:type\" content=\"article\" \/>\n<meta property=\"og:title\" content=\"Politikk - Gj\u00f8vik H\u00f8yre\" \/>\n<meta property=\"og:url\" content=\"https:\/\/hoyre.no\/gjovik\/politikk\/\" \/>\n<meta property=\"og:site_name\" content=\"Gj\u00f8vik H\u00f8yre\" \/>\n<meta property=\"article:modified_time\" content=\"2023-05-02T11:19:50+00:00\" \/>\n<meta property=\"og:image\" content=\"https:\/\/hoyre.no\/content\/uploads\/sites\/78\/2022\/11\/Hoyres-logo.png\" \/>\n\t<meta property=\"og:image:width\" content=\"1000\" \/>\n\t<meta property=\"og:image:height\" content=\"1000\" \/>\n\t<meta property=\"og:image:type\" content=\"image\/png\" \/>\n<meta name=\"twitter:card\" content=\"summary_large_image\" \/>\n<meta name=\"twitter:label1\" content=\"Ansl. lesetid\" \/>\n\t<meta name=\"twitter:data1\" content=\"1 minutt\" \/>\n<script type=\"application\/ld+json\" class=\"yoast-schema-graph\">{\"@context\":\"https:\/\/schema.org\",\"@graph\":[{\"@type\":\"WebPage\",\"@id\":\"https:\/\/hoyre.no\/gjovik\/politikk\/\",\"url\":\"https:\/\/hoyre.no\/gjovik\/politikk\/\",\"name\":\"Politikk - Gj\u00f8vik H\u00f8yre\",\"isPartOf\":{\"@id\":\"https:\/\/hoyre.no\/gjovik\/#website\"},\"datePublished\":\"2023-05-02T10:45:04+00:00\",\"dateModified\":\"2023-05-02T11:19:50+00:00\",\"breadcrumb\":{\"@id\":\"https:\/\/hoyre.no\/gjovik\/politikk\/#breadcrumb\"},\"inLanguage\":\"nb-NO\",\"potentialAction\":[{\"@type\":\"ReadAction\",\"target\":[\"https:\/\/hoyre.no\/gjovik\/politikk\/\"]}]},{\"@type\":\"BreadcrumbList\",\"@id\":\"https:\/\/hoyre.no\/gjovik\/politikk\/#breadcrumb\",\"itemListElement\":[{\"@type\":\"ListItem\",\"position\":1,\"name\":\"Til hoyre.no\",\"item\":\"https:\/\/hoyre.no\"},{\"@type\":\"ListItem\",\"position\":2,\"name\":\"Hjem\",\"item\":\"https:\/\/hoyre.no\/gjovik\/\"},{\"@type\":\"ListItem\",\"position\":3,\"name\":\"Politikk\"}]},{\"@type\":\"WebSite\",\"@id\":\"https:\/\/hoyre.no\/gjovik\/#website\",\"url\":\"https:\/\/hoyre.no\/gjovik\/\",\"name\":\"Gj\u00f8vik H\u00f8yre\",\"description\":\"Bare enda et H\u00f8yres nettsteder-nettsted\",\"inLanguage\":\"nb-NO\"}]}<\/script>\n<!-- \/ Yoast SEO plugin. -->","yoast_head_json":{"title":"Politikk - Gj\u00f8vik H\u00f8yre","robots":{"index":"index","follow":"follow","max-snippet":"max-snippet:-1","max-image-preview":"max-image-preview:large","max-video-preview":"max-video-preview:-1"},"canonical":"https:\/\/hoyre.no\/gjovik\/politikk\/","og_locale":"nb_NO","og_type":"article","og_title":"Politikk - Gj\u00f8vik H\u00f8yre","og_url":"https:\/\/hoyre.no\/gjovik\/politikk\/","og_site_name":"Gj\u00f8vik H\u00f8yre","article_modified_time":"2023-05-02T11:19:50+00:00","og_image":[{"width":1000,"height":1000,"url":"https:\/\/hoyre.no\/content\/uploads\/sites\/78\/2022\/11\/Hoyres-logo.png","type":"image\/png"}],"twitter_card":"summary_large_image","twitter_misc":{"Ansl. lesetid":"1 minutt"},"schema":{"@context":"https:\/\/schema.org","@graph":[{"@type":"WebPage","@id":"https:\/\/hoyre.no\/gjovik\/politikk\/","url":"https:\/\/hoyre.no\/gjovik\/politikk\/","name":"Politikk - Gj\u00f8vik H\u00f8yre","isPartOf":{"@id":"https:\/\/hoyre.no\/gjovik\/#website"},"datePublished":"2023-05-02T10:45:04+00:00","dateModified":"2023-05-02T11:19:50+00:00","breadcrumb":{"@id":"https:\/\/hoyre.no\/gjovik\/politikk\/#breadcrumb"},"inLanguage":"nb-NO","potentialAction":[{"@type":"ReadAction","target":["https:\/\/hoyre.no\/gjovik\/politikk\/"]}]},{"@type":"BreadcrumbList","@id":"https:\/\/hoyre.no\/gjovik\/politikk\/#breadcrumb","itemListElement":[{"@type":"ListItem","position":1,"name":"Til hoyre.no","item":"https:\/\/hoyre.no"},{"@type":"ListItem","position":2,"name":"Hjem","item":"https:\/\/hoyre.no\/gjovik\/"},{"@type":"ListItem","position":3,"name":"Politikk"}]},{"@type":"WebSite","@id":"https:\/\/hoyre.no\/gjovik\/#website","url":"https:\/\/hoyre.no\/gjovik\/","name":"Gj\u00f8vik H\u00f8yre","description":"Bare enda et H\u00f8yres nettsteder-nettsted","inLanguage":"nb-NO"}]}},"distributor_meta":false,"distributor_terms":false,"distributor_media":false,"distributor_original_site_name":"Gj\u00f8vik H\u00f8yre","distributor_original_site_url":"https:\/\/hoyre.no\/gjovik","push-errors":false,"_links":{"self":[{"href":"https:\/\/hoyre.no\/gjovik\/wp-json\/wp\/v2\/pages\/124","targetHints":{"allow":["GET"]}}],"collection":[{"href":"https:\/\/hoyre.no\/gjovik\/wp-json\/wp\/v2\/pages"}],"about":[{"href":"https:\/\/hoyre.no\/gjovik\/wp-json\/wp\/v2\/types\/page"}],"author":[{"embeddable":true,"href":"https:\/\/hoyre.no\/gjovik\/wp-json\/wp\/v2\/users\/15381"}],"replies":[{"embeddable":true,"href":"https:\/\/hoyre.no\/gjovik\/wp-json\/wp\/v2\/comments?post=124"}],"version-history":[{"count":3,"href":"https:\/\/hoyre.no\/gjovik\/wp-json\/wp\/v2\/pages\/124\/revisions"}],"predecessor-version":[{"id":132,"href":"https:\/\/hoyre.no\/gjovik\/wp-json\/wp\/v2\/pages\/124\/revisions\/132"}],"wp:attachment":[{"href":"https:\/\/hoyre.no\/gjovik\/wp-json\/wp\/v2\/media?parent=124"}],"curies":[{"name":"wp","href":"https:\/\/api.w.org\/{rel}","templated":true}]}}