{"id":146,"date":"2023-06-04T17:57:24","date_gmt":"2023-06-04T15:57:24","guid":{"rendered":"https:\/\/hoyre.no\/gjovik\/?page_id=146"},"modified":"2023-06-11T19:12:04","modified_gmt":"2023-06-11T17:12:04","slug":"program-for-gjovik-hoyre-2023-2027","status":"publish","type":"page","link":"https:\/\/hoyre.no\/gjovik\/program-for-gjovik-hoyre-2023-2027\/","title":{"rendered":"Program for Gj\u00f8vik H\u00f8yre 2023 &#8211; 2027"},"content":{"rendered":"\n<figure class=\"wp-block-image size-full\"><img loading=\"lazy\" decoding=\"async\" width=\"851\" height=\"315\" src=\"https:\/\/hoyre.no\/content\/uploads\/sites\/78\/2020\/11\/med_hjerte_for_gjovik.jpg\" alt=\"\" class=\"wp-image-14\" srcset=\"https:\/\/hoyre.no\/content\/uploads\/sites\/78\/2020\/11\/med_hjerte_for_gjovik.jpg 851w, https:\/\/hoyre.no\/content\/uploads\/sites\/78\/2020\/11\/med_hjerte_for_gjovik-300x111.jpg 300w, https:\/\/hoyre.no\/content\/uploads\/sites\/78\/2020\/11\/med_hjerte_for_gjovik-768x284.jpg 768w\" sizes=\"auto, (max-width: 851px) 100vw, 851px\" \/><\/figure>\n\n\n\n<div class=\"wp-block-hoyre-hero with-image-gradient text-color-light  alignfull has-background\"><div class=\"hoyre-hero \"><h1 class=\"title\">Program for Gj\u00f8vik H\u00f8yre 2023 &#8211; 2027<\/h1><p class=\"preamble\">V\u00e5rt program tar utgangspunkt i H\u00f8yres form\u00e5lsparagraf:<br><br>H\u00f8yre legger vekt p\u00e5 kontinuitet mellom fortid og fremtid. Vi har arvet et samfunn preget av tillit, \u00e5penhet og sm\u00e5 forskjeller, et samfunn med h\u00f8y verdiskaping og med velutbygde velferdsordninger. <br><br>Det er v\u00e5r plikt \u00e5 ivareta og videreutvikle dette samfunnet for fremtidige generasjoner. Vi vil forandre for \u00e5 bevare. Med det mener vi at vi m\u00e5 gj\u00f8re n\u00f8dvendige endringer i dag av hensyn til klima og milj\u00f8, \u00f8konomisk og sosial b\u00e6rekraft og fremtidige generasjoners velferd. H\u00f8yres politikk bygger p\u00e5 en kristen og humanistisk kulturarv. Alle mennesker er f\u00f8dt forskjellige, men med samme ukrenkelige egenverdi. H\u00f8yre mener at mangfold og toleranse er viktige verdier for det norske samfunnet. Mangfoldet bidrar til \u00e5 utfordre og utvikle oss.<br><br>H\u00f8yre er et markedsvennlig parti. Markeds\u00f8konomien fordeler \u00f8konomisk makt p\u00e5 flere hender og sikrer<br>deltagelse av mange. \u00d8konomiske og politiske maktkonsentrasjoner m\u00e5 unng\u00e5s gjennom blant annet \u00e5 sikre velfungerende konkurranse. Makt og ansvar b\u00f8r plasseres s\u00e5 n\u00e6r den enkelte, familien og<br>lokalsamfunnet som mulig. Staten b\u00f8r ikke f\u00e5 for mye makt. Staten har en plikt til \u00e5 forvalte fellesskapets<br>ressurser s\u00e5 effektivt som mulig.  Samfunnet er mer enn staten. Derfor kreves det grenser for politikk. <br><br>H\u00f8yre \u00f8nsker en sterk, men begrenset stat som sikrer innbyggerne grunnleggende trygghet, velferd og like muligheter. H\u00f8yre mener at samfunnet b\u00f8r skapes og utvikles nedenfra. H\u00f8yre mener at hver enkelt skal ha st\u00f8rst mulig frihet til og ansvar for \u00e5 forme sitt eget liv og sin egen fremtid, basert p\u00e5 respekt for andre og for fellesskapet. <br><br>V\u00e5r politikk bygger p\u00e5 dette verdigrunnlaget:<br>\u2022 Tillit til enkeltmennesket, samfunnet styrker enkeltmennesket<br><br>\u2022 Frihet til og ansvar for \u00e5 forme sitt eget liv<br><br>\u2022 Respekt for andre og for fellesskapet<br><br>\u2022 Samhold og solidaritet mennesker imellom<br><br>\u2022 Omsorg for den som trenger det<br><br>\u2022 Samspill mellom personlig frihet, sosialt ansvar og de private og offentlige fellesskapene<br><br>\u2022 Makt og ansvar plassert s\u00e5 n\u00e6rt den enkelte og familien som mulig<\/p><\/div><\/div>\n\n\n\n<p>Last ned hele programmet i PDF-format her:<\/p>\n\n\n\n<div class=\"wp-block-teft-file icon-link-block\"><a href=\"https:\/\/hoyre.no\/content\/uploads\/sites\/78\/2023\/06\/Program-for-Gjovik-Hoyre-2023-1.pdf\" download><span class=\"file-title\">Program for Gj\u00f8vik H\u00f8yre 2023<\/span><span class=\"file-name\">Program-for-Gjovik-Hoyre-2023-1.pdf [186kb]<\/span><\/a><\/div>\n\n\n\n<p><\/p>\n\n\n\n\n<p><\/p>\n\n","protected":false},"excerpt":{"rendered":"<p>Last ned hele programmet i PDF-format her:<\/p>\n","protected":false},"author":14274,"featured_media":0,"parent":0,"menu_order":0,"comment_status":"closed","ping_status":"closed","template":"","meta":{"teft_cards_image_url":"","teft_cards_custom_pretitle":"","teft_cards_image_id":0,"teft_cards_image_focal_point_x":0,"teft_cards_image_focal_point_y":0,"teft_cards_title":"","teft_cards_excerpt":"","teft_show_chapters":false,"footnotes":""},"class_list":["post-146","page","type-page","status-publish","hentry"],"yoast_head":"<!-- This site is optimized with the Yoast SEO plugin v26.6 - https:\/\/yoast.com\/wordpress\/plugins\/seo\/ -->\n<title>Program for Gj\u00f8vik H\u00f8yre 2023 - 2027 - Gj\u00f8vik H\u00f8yre<\/title>\n<meta name=\"robots\" content=\"index, follow, max-snippet:-1, max-image-preview:large, max-video-preview:-1\" \/>\n<link rel=\"canonical\" href=\"https:\/\/hoyre.no\/gjovik\/program-for-gjovik-hoyre-2023-2027\/\" \/>\n<meta property=\"og:locale\" content=\"nb_NO\" \/>\n<meta property=\"og:type\" content=\"article\" \/>\n<meta property=\"og:title\" content=\"Program for Gj\u00f8vik H\u00f8yre 2023 - 2027 - Gj\u00f8vik H\u00f8yre\" \/>\n<meta property=\"og:description\" content=\"Last ned hele programmet i PDF-format her:\" \/>\n<meta property=\"og:url\" content=\"https:\/\/hoyre.no\/gjovik\/program-for-gjovik-hoyre-2023-2027\/\" \/>\n<meta property=\"og:site_name\" content=\"Gj\u00f8vik H\u00f8yre\" \/>\n<meta property=\"article:modified_time\" content=\"2023-06-11T17:12:04+00:00\" \/>\n<meta property=\"og:image\" content=\"https:\/\/hoyre.no\/content\/uploads\/sites\/78\/2020\/11\/med_hjerte_for_gjovik.jpg\" \/>\n<meta name=\"twitter:card\" content=\"summary_large_image\" \/>\n<meta name=\"twitter:label1\" content=\"Ansl. lesetid\" \/>\n\t<meta name=\"twitter:data1\" content=\"3 minutter\" \/>\n<script type=\"application\/ld+json\" class=\"yoast-schema-graph\">{\"@context\":\"https:\/\/schema.org\",\"@graph\":[{\"@type\":\"WebPage\",\"@id\":\"https:\/\/hoyre.no\/gjovik\/program-for-gjovik-hoyre-2023-2027\/\",\"url\":\"https:\/\/hoyre.no\/gjovik\/program-for-gjovik-hoyre-2023-2027\/\",\"name\":\"Program for Gj\u00f8vik H\u00f8yre 2023 - 2027 - Gj\u00f8vik H\u00f8yre\",\"isPartOf\":{\"@id\":\"https:\/\/hoyre.no\/gjovik\/#website\"},\"image\":{\"@id\":\"https:\/\/hoyre.no\/gjovik\/program-for-gjovik-hoyre-2023-2027\/#primaryimage\"},\"thumbnailUrl\":\"https:\/\/hoyre.no\/content\/uploads\/sites\/78\/2020\/11\/med_hjerte_for_gjovik.jpg\",\"datePublished\":\"2023-06-04T15:57:24+00:00\",\"dateModified\":\"2023-06-11T17:12:04+00:00\",\"breadcrumb\":{\"@id\":\"https:\/\/hoyre.no\/gjovik\/program-for-gjovik-hoyre-2023-2027\/#breadcrumb\"},\"inLanguage\":\"nb-NO\",\"potentialAction\":[{\"@type\":\"ReadAction\",\"target\":[\"https:\/\/hoyre.no\/gjovik\/program-for-gjovik-hoyre-2023-2027\/\"]}]},{\"@type\":\"ImageObject\",\"inLanguage\":\"nb-NO\",\"@id\":\"https:\/\/hoyre.no\/gjovik\/program-for-gjovik-hoyre-2023-2027\/#primaryimage\",\"url\":\"https:\/\/hoyre.no\/content\/uploads\/sites\/78\/2020\/11\/med_hjerte_for_gjovik.jpg\",\"contentUrl\":\"https:\/\/hoyre.no\/content\/uploads\/sites\/78\/2020\/11\/med_hjerte_for_gjovik.jpg\"},{\"@type\":\"BreadcrumbList\",\"@id\":\"https:\/\/hoyre.no\/gjovik\/program-for-gjovik-hoyre-2023-2027\/#breadcrumb\",\"itemListElement\":[{\"@type\":\"ListItem\",\"position\":1,\"name\":\"Til hoyre.no\",\"item\":\"https:\/\/hoyre.no\"},{\"@type\":\"ListItem\",\"position\":2,\"name\":\"Hjem\",\"item\":\"https:\/\/hoyre.no\/gjovik\/\"},{\"@type\":\"ListItem\",\"position\":3,\"name\":\"Program for Gj\u00f8vik H\u00f8yre 2023 &#8211; 2027\"}]},{\"@type\":\"WebSite\",\"@id\":\"https:\/\/hoyre.no\/gjovik\/#website\",\"url\":\"https:\/\/hoyre.no\/gjovik\/\",\"name\":\"Gj\u00f8vik H\u00f8yre\",\"description\":\"Bare enda et H\u00f8yres nettsteder-nettsted\",\"inLanguage\":\"nb-NO\"}]}<\/script>\n<!-- \/ Yoast SEO plugin. -->","yoast_head_json":{"title":"Program for Gj\u00f8vik H\u00f8yre 2023 - 2027 - Gj\u00f8vik H\u00f8yre","robots":{"index":"index","follow":"follow","max-snippet":"max-snippet:-1","max-image-preview":"max-image-preview:large","max-video-preview":"max-video-preview:-1"},"canonical":"https:\/\/hoyre.no\/gjovik\/program-for-gjovik-hoyre-2023-2027\/","og_locale":"nb_NO","og_type":"article","og_title":"Program for Gj\u00f8vik H\u00f8yre 2023 - 2027 - Gj\u00f8vik H\u00f8yre","og_description":"Last ned hele programmet i PDF-format her:","og_url":"https:\/\/hoyre.no\/gjovik\/program-for-gjovik-hoyre-2023-2027\/","og_site_name":"Gj\u00f8vik H\u00f8yre","article_modified_time":"2023-06-11T17:12:04+00:00","og_image":[{"url":"https:\/\/hoyre.no\/content\/uploads\/sites\/78\/2020\/11\/med_hjerte_for_gjovik.jpg","type":"","width":"","height":""}],"twitter_card":"summary_large_image","twitter_misc":{"Ansl. lesetid":"3 minutter"},"schema":{"@context":"https:\/\/schema.org","@graph":[{"@type":"WebPage","@id":"https:\/\/hoyre.no\/gjovik\/program-for-gjovik-hoyre-2023-2027\/","url":"https:\/\/hoyre.no\/gjovik\/program-for-gjovik-hoyre-2023-2027\/","name":"Program for Gj\u00f8vik H\u00f8yre 2023 - 2027 - Gj\u00f8vik H\u00f8yre","isPartOf":{"@id":"https:\/\/hoyre.no\/gjovik\/#website"},"image":{"@id":"https:\/\/hoyre.no\/gjovik\/program-for-gjovik-hoyre-2023-2027\/#primaryimage"},"thumbnailUrl":"https:\/\/hoyre.no\/content\/uploads\/sites\/78\/2020\/11\/med_hjerte_for_gjovik.jpg","datePublished":"2023-06-04T15:57:24+00:00","dateModified":"2023-06-11T17:12:04+00:00","breadcrumb":{"@id":"https:\/\/hoyre.no\/gjovik\/program-for-gjovik-hoyre-2023-2027\/#breadcrumb"},"inLanguage":"nb-NO","potentialAction":[{"@type":"ReadAction","target":["https:\/\/hoyre.no\/gjovik\/program-for-gjovik-hoyre-2023-2027\/"]}]},{"@type":"ImageObject","inLanguage":"nb-NO","@id":"https:\/\/hoyre.no\/gjovik\/program-for-gjovik-hoyre-2023-2027\/#primaryimage","url":"https:\/\/hoyre.no\/content\/uploads\/sites\/78\/2020\/11\/med_hjerte_for_gjovik.jpg","contentUrl":"https:\/\/hoyre.no\/content\/uploads\/sites\/78\/2020\/11\/med_hjerte_for_gjovik.jpg"},{"@type":"BreadcrumbList","@id":"https:\/\/hoyre.no\/gjovik\/program-for-gjovik-hoyre-2023-2027\/#breadcrumb","itemListElement":[{"@type":"ListItem","position":1,"name":"Til hoyre.no","item":"https:\/\/hoyre.no"},{"@type":"ListItem","position":2,"name":"Hjem","item":"https:\/\/hoyre.no\/gjovik\/"},{"@type":"ListItem","position":3,"name":"Program for Gj\u00f8vik H\u00f8yre 2023 &#8211; 2027"}]},{"@type":"WebSite","@id":"https:\/\/hoyre.no\/gjovik\/#website","url":"https:\/\/hoyre.no\/gjovik\/","name":"Gj\u00f8vik H\u00f8yre","description":"Bare enda et H\u00f8yres nettsteder-nettsted","inLanguage":"nb-NO"}]}},"distributor_meta":false,"distributor_terms":false,"distributor_media":false,"distributor_original_site_name":"Gj\u00f8vik H\u00f8yre","distributor_original_site_url":"https:\/\/hoyre.no\/gjovik","push-errors":false,"_links":{"self":[{"href":"https:\/\/hoyre.no\/gjovik\/wp-json\/wp\/v2\/pages\/146","targetHints":{"allow":["GET"]}}],"collection":[{"href":"https:\/\/hoyre.no\/gjovik\/wp-json\/wp\/v2\/pages"}],"about":[{"href":"https:\/\/hoyre.no\/gjovik\/wp-json\/wp\/v2\/types\/page"}],"author":[{"embeddable":true,"href":"https:\/\/hoyre.no\/gjovik\/wp-json\/wp\/v2\/users\/14274"}],"replies":[{"embeddable":true,"href":"https:\/\/hoyre.no\/gjovik\/wp-json\/wp\/v2\/comments?post=146"}],"version-history":[{"count":4,"href":"https:\/\/hoyre.no\/gjovik\/wp-json\/wp\/v2\/pages\/146\/revisions"}],"predecessor-version":[{"id":158,"href":"https:\/\/hoyre.no\/gjovik\/wp-json\/wp\/v2\/pages\/146\/revisions\/158"}],"wp:attachment":[{"href":"https:\/\/hoyre.no\/gjovik\/wp-json\/wp\/v2\/media?parent=146"}],"curies":[{"name":"wp","href":"https:\/\/api.w.org\/{rel}","templated":true}]}}