{"id":44,"date":"2023-03-27T09:52:09","date_gmt":"2023-03-27T07:52:09","guid":{"rendered":"https:\/\/hoyre.no\/gjovik\/?page_id=44"},"modified":"2025-01-14T14:25:23","modified_gmt":"2025-01-14T13:25:23","slug":"anne-bjertnaes-var-ordforerkandidat","status":"publish","type":"page","link":"https:\/\/hoyre.no\/gjovik\/anne-bjertnaes-var-ordforerkandidat\/","title":{"rendered":"Anne Bjertn\u00e6s &#8211; v\u00e5r ordf\u00f8rer"},"content":{"rendered":"\n<div class=\"wp-block-hoyre-hero with-image-gradient text-color-light  has-media alignfull has-background\"><div class=\"hoyre-hero has-image\"><h1 class=\"title\">Anne Bjertn\u00e6s &#8211;<br>ordf\u00f8rer<\/h1><p class=\"preamble\">Bli kjent med Gj\u00f8vik kommunes ordf\u00f8rer.<\/p>\t\t\t<div class=\"post-meta wp-block teft-byline-wrapper\">\n\t\t\t\t<div class=\"top\">\n\t\t\t\t\t<div class=\"signature\">\n\t\t\t\t\t\t<div class=\"teft-byline\">\n\t\t\t\t\t\t\t\t\t\t\t\t\t\t<div>\n\t\t\t\t\t\t\t\t<h3>H\u00f8yres redaksjon<\/h3>\t\t\t\t\t\t\t\t\n\t\t\t\t\t\t\t\t\t\t\t\t\t\t\t\t\t<span class=\"date\">Sist oppdatert: 14. januar 2025<\/span>\n\t\t\t\t\t\t\t\t\t\t\t\t\t\t\t\t\t\t\t\t\t\t\t\t\t<span class=\"reading-time\" itemprop=\"timeRequired\" content=\"PT3M\"><em>Ca. 3 minutter lesetid<\/em><\/span>\n\t\t\t\t\t\t\t\t\t\t\t\t\t\t\t<\/div>\n\t\t\t\t\t\t<\/div>\n\t\t\t\t\t<\/div>\n\t\t\t\t\t\t<div class=\"sharing\">\n\t\t<a class=\"share-button share-link copy-link\" data-copy=\"https:\/\/hoyre.no\/gjovik\/anne-bjertnaes-var-ordforerkandidat\/\" target=\"_blank\"><span class=\"screen-reader-text\">Del link<\/span><\/a>\n\t\t<a class=\"share-button share-twitter\" href=\"http:\/\/twitter.com\/share?text=Anne Bjertn\u00e6s &#8211; v\u00e5r ordf\u00f8rer&#038;url=https:\/\/hoyre.no\/gjovik\/anne-bjertnaes-var-ordforerkandidat\/&#038;hashtags=Hoyre\" target=\"_blank\"><span class=\"screen-reader-text\">Del p\u00e5 twitter<\/span><\/a>\n\t\t<a class=\"share-button share-facebook\" href=\"https:\/\/www.facebook.com\/sharer\/sharer.php?u=https:\/\/hoyre.no\/gjovik\/anne-bjertnaes-var-ordforerkandidat\/\" target=\"_blank\"><span class=\"screen-reader-text\">Del p\u00e5 facebook<\/span><\/a>\n\t<\/div>\n\t\t\t\t\t<\/div>\n\t\t\t<\/div>\n\n\t\t\t<figure class=\"hoyre-image-wrapper\"><div class=\"hoyre-image\"><img loading=\"lazy\" decoding=\"async\" width=\"2500\" height=\"1666\" src=\"https:\/\/hoyre.no\/content\/uploads\/sites\/78\/2023\/03\/portrett_anne067-scaled.jpg\" class=\"attachment-scaled size-scaled\" alt=\"Portrett av Anne Bjertn\u00e6s ute i byen.\" style=\"object-position: 48% 3%\" srcset=\"https:\/\/hoyre.no\/content\/uploads\/sites\/78\/2023\/03\/portrett_anne067-scaled.jpg 2500w, https:\/\/hoyre.no\/content\/uploads\/sites\/78\/2023\/03\/portrett_anne067-300x200.jpg 300w, https:\/\/hoyre.no\/content\/uploads\/sites\/78\/2023\/03\/portrett_anne067-1024x683.jpg 1024w, https:\/\/hoyre.no\/content\/uploads\/sites\/78\/2023\/03\/portrett_anne067-768x512.jpg 768w, https:\/\/hoyre.no\/content\/uploads\/sites\/78\/2023\/03\/portrett_anne067-1536x1024.jpg 1536w, https:\/\/hoyre.no\/content\/uploads\/sites\/78\/2023\/03\/portrett_anne067-2048x1365.jpg 2048w\" sizes=\"auto, (max-width: 2500px) 100vw, 2500px\" \/><\/div><\/figure><\/div><\/div>\n\n\n\n\n<div class=\"wp-block-buttons alignwide is-content-justification-center is-layout-flex wp-container-core-buttons-is-layout-16018d1d wp-block-buttons-is-layout-flex\">\n<div class=\"wp-block-button\"><a class=\"wp-block-button__link wp-element-button\" href=\"https:\/\/hoyre.no\/nyhetsbrev\/\">ABONNER P\u00c5 H\u00d8YRES NYHETSBREV<\/a><\/div>\n\n\n\n<div class=\"wp-block-button\"><a class=\"wp-block-button__link wp-element-button\" href=\"https:\/\/hoyre.no\/personprofiler\/anne-bjertnaes\/\">KOM I KONTAKT MED ANNE<\/a><\/div>\n\n\n\n<div class=\"wp-block-button\"><a class=\"wp-block-button__link wp-element-button\" href=\"https:\/\/www.facebook.com\/GjovikHoyre\" target=\"_blank\" rel=\"noreferrer noopener\">F\u00d8LG GJ\u00d8VIK H\u00d8YRE P\u00c5 FACEBOOK<\/a><\/div>\n<\/div>\n\n\n\n<div class=\"wp-block-hoyre-banner undefined has-icon-title icon-heart\"><div class=\"banner-inner\"><div class=\"banner-content\"><div class=\"entry-content\">\n<h2 class=\"wp-block-heading has-text-align-center\">Bli bedre kjent med Anne!<\/h2>\n\n\n\n<p class=\"has-text-align-left is-style-large\"><strong>Alder:<\/strong> 51 \u00e5r.<\/p>\n\n\n\n<p class=\"has-text-align-left\"><strong>Familie<\/strong>: Gift, voksne barn, bonusbarn og ett nydelig barnebarn \u2013 en familie i vekst.<\/p>\n\n\n\n<p class=\"has-text-align-left is-style-large\"><strong>Bosted:<\/strong> Gj\u00f8vik sentrum.<\/p>\n\n\n\n<p class=\"has-text-align-left\"><strong>Jobb:<\/strong> Tidligere leder i Ecura Bo og Habilitering AS og varaordf\u00f8rer i Gj\u00f8vik kommune. N\u00e5 er jeg ordf\u00f8rer i Gj\u00f8vik.<\/p>\n\n\n\n<p class=\"has-text-align-left\"><strong>Bakgrunn:<\/strong> Jeg ble medlem av unge H\u00f8yre i min ungdomstid p\u00e5 Hadeland. Har hatt en rekke tillitsverv i Unge H\u00f8yre og H\u00f8yre frem til jeg ble ansatt som fylkessekret\u00e6r h\u00f8sten 2004. Var en periode medlem av kommunestyret p\u00e5 Jevnaker. Etter at jeg flyttet til Gj\u00f8vik i 2000 har jeg engasjert meg i lokalpolitikken her.<\/p>\n\n\n\n<p class=\"has-text-align-left\"><strong>Hvorfor er H\u00f8yre rett parti for deg?<\/strong> H\u00f8yre var og er rett parti for meg fordi vi setter menneskene foran systemene. Vi tror at mangfold og valgfrihet bidrar til bedre tjenester, flere arbeidsplasser og et rikere samfunn.<\/p>\n\n\n\n<p class=\"has-text-align-left\"><strong>Det er l\u00f8rdag, klokka n\u00e6rmer seg 1900. Hva spiser du helst til middag?<\/strong> Da spiser jeg enten hjemmelaget taco eller reker.<\/p>\n\n\n\n<p class=\"has-text-align-left\"><strong>En kort funfact:<\/strong> Som tidligere tevlingsleder i Jevnaker Bygdeungdomslag s\u00e5 mestrer jeg b\u00e5de maskin- og h\u00e5ndmelking av ku og geit. (mestret i hvert fall).<\/p>\n\n\n\n<p class=\"has-text-align-left\"><strong>Hva er din favorittplass i a) kommunen du stiller til valg i og&nbsp;b) utenfor kommunen du stille til valg i?<\/strong> Min favorittplass i Gj\u00f8vik er uten tvil Mj\u00f8sstranda. Og utenfor kommunen jeg stiller til valg i er det ikke noe som sl\u00e5r Randsfjorden. Om det er sommer eller vinter s\u00e5 gir det meg stor glede \u00e5 opps\u00f8ke en av disse fantastiske innsj\u00f8ene v\u00e5re. Lyset, vannet og utsynet gir rom for, refleksjon, opplevelser og veldig mye glede b\u00e5de alene og sammen med andre.<\/p>\n<\/div><\/div><\/div><\/div>\n\n\n\n<figure class=\"wp-block-teft-gallery columns-3 count-3 rows-3 is-cropped\"><ul class=\"teft-gallery-grid\"><li class=\"teft-gallery-item \"><figure><a href=\"https:\/\/hoyre.no\/content\/uploads\/sites\/78\/2023\/03\/portrett_anne040-scaled.jpg\" data-size=\"2500x1667\"><img loading=\"lazy\" decoding=\"async\" width=\"1024\" height=\"683\" src=\"https:\/\/hoyre.no\/content\/uploads\/sites\/78\/2023\/03\/portrett_anne040-1024x683.jpg\" class=\"attachment-large size-large\" alt=\"\" srcset=\"https:\/\/hoyre.no\/content\/uploads\/sites\/78\/2023\/03\/portrett_anne040-1024x683.jpg 1024w, https:\/\/hoyre.no\/content\/uploads\/sites\/78\/2023\/03\/portrett_anne040-300x200.jpg 300w, https:\/\/hoyre.no\/content\/uploads\/sites\/78\/2023\/03\/portrett_anne040-768x512.jpg 768w, https:\/\/hoyre.no\/content\/uploads\/sites\/78\/2023\/03\/portrett_anne040-1536x1024.jpg 1536w, https:\/\/hoyre.no\/content\/uploads\/sites\/78\/2023\/03\/portrett_anne040-2048x1365.jpg 2048w\" sizes=\"auto, (max-width: 1024px) 100vw, 1024px\" \/ data-full-url=\"https:\/\/hoyre.no\/content\/uploads\/sites\/78\/2023\/03\/portrett_anne040-scaled.jpg\" data-id=\"108\" data-caption=\"108\"\/><\/a><\/figure><\/li><li class=\"teft-gallery-item \"><figure><a href=\"https:\/\/hoyre.no\/content\/uploads\/sites\/78\/2023\/03\/portrett_anne022-scaled.jpg\" data-size=\"2500x1667\"><img loading=\"lazy\" decoding=\"async\" width=\"1024\" height=\"683\" src=\"https:\/\/hoyre.no\/content\/uploads\/sites\/78\/2023\/03\/portrett_anne022-1024x683.jpg\" class=\"attachment-large size-large\" alt=\"\" srcset=\"https:\/\/hoyre.no\/content\/uploads\/sites\/78\/2023\/03\/portrett_anne022-1024x683.jpg 1024w, https:\/\/hoyre.no\/content\/uploads\/sites\/78\/2023\/03\/portrett_anne022-300x200.jpg 300w, https:\/\/hoyre.no\/content\/uploads\/sites\/78\/2023\/03\/portrett_anne022-768x512.jpg 768w, https:\/\/hoyre.no\/content\/uploads\/sites\/78\/2023\/03\/portrett_anne022-1536x1024.jpg 1536w, https:\/\/hoyre.no\/content\/uploads\/sites\/78\/2023\/03\/portrett_anne022-2048x1365.jpg 2048w\" sizes=\"auto, (max-width: 1024px) 100vw, 1024px\" \/ data-full-url=\"https:\/\/hoyre.no\/content\/uploads\/sites\/78\/2023\/03\/portrett_anne022-scaled.jpg\" data-id=\"107\" data-caption=\"107\"\/><\/a><\/figure><\/li><li class=\"teft-gallery-item \"><figure><a href=\"https:\/\/hoyre.no\/content\/uploads\/sites\/78\/2023\/03\/portrett_anne061-scaled.jpg\" data-size=\"2500x1667\"><img loading=\"lazy\" decoding=\"async\" width=\"1024\" height=\"683\" src=\"https:\/\/hoyre.no\/content\/uploads\/sites\/78\/2023\/03\/portrett_anne061-1024x683.jpg\" class=\"attachment-large size-large\" alt=\"\" srcset=\"https:\/\/hoyre.no\/content\/uploads\/sites\/78\/2023\/03\/portrett_anne061-1024x683.jpg 1024w, https:\/\/hoyre.no\/content\/uploads\/sites\/78\/2023\/03\/portrett_anne061-300x200.jpg 300w, https:\/\/hoyre.no\/content\/uploads\/sites\/78\/2023\/03\/portrett_anne061-768x512.jpg 768w, https:\/\/hoyre.no\/content\/uploads\/sites\/78\/2023\/03\/portrett_anne061-1536x1024.jpg 1536w, https:\/\/hoyre.no\/content\/uploads\/sites\/78\/2023\/03\/portrett_anne061-2048x1365.jpg 2048w\" sizes=\"auto, (max-width: 1024px) 100vw, 1024px\" \/ data-full-url=\"https:\/\/hoyre.no\/content\/uploads\/sites\/78\/2023\/03\/portrett_anne061-scaled.jpg\" data-id=\"109\" data-caption=\"109\"\/><\/a><\/figure><\/li><\/ul><\/figure>\n\n\n\n<h2 class=\"wp-block-heading has-text-align-center\">Anne sin hjertesak<\/h2>\n\n\n\n<p><strong>Muligheter for alle <\/strong><\/p>\n\n\n\n<p>\ud83d\udc99 Min hjertesak, b\u00e5de lokalt og nasjonalt, har alltid v\u00e6rt og vil alltid v\u00e6re at v\u00e5r viktigste oppgave er \u00e5 legge til rette for et oppvekstmilj\u00f8 og en skole som gir mestring og motivasjon til arbeid, aktiv deltakelse og motvirker utenforskap.<\/p>\n\n\n\n<p><\/p>\n\n\n\n<p>\ud83d\udc99 Jeg er ogs\u00e5 opptatt av at Norge b\u00f8r bli medlem i EU, blant annet for \u00e5 ha en bedre plattform \u00e5 jobbe for en b\u00e6rekraftig verden \u2013 det v\u00e6re seg fred, klima, fattigdom eller likestilling.<\/p>\n\n\n\n<div class=\"wp-block-teft-accentuated-link undefined has-image\"><div class=\"kf-link__wrapper\"><div class=\"kf-link__tagline\">Also visit<\/div><a class=\"kf-link__link\" href=\"https:\/\/www.facebook.com\/GjovikHoyre\" rel=\"noreferrer noopener\" target=\"_blank\">F\u00f8lg Gj\u00f8vik H\u00f8yre p\u00e5 Facebook<span class=\"kf-link__link-source\">www.facebook.com<svg xmlns=\"http:\/\/www.w3.org\/2000\/svg\" viewBox=\"0 0 24 24\" width=\"10\" height=\"10\" aria-hidden=\"true\"><path d=\"M8.251 16.498a.752.752 0 0 1-.53-1.281l13.72-13.72h-4.939a.75.75 0 0 1 0-1.5h6.75a.735.735 0 0 1 .293.06.75.75 0 0 1 .4.404l.01.026a.73.73 0 0 1 .047.26v6.75a.75.75 0 0 1-1.5 0V2.559l-13.72 13.72a.75.75 0 0 1-.531.219z\"><\/path><path d=\"M2.251 23.998a2.252 2.252 0 0 1-2.25-2.25v-15a2.252 2.252 0 0 1 2.25-2.25h9a.75.75 0 0 1 0 1.5h-9a.75.75 0 0 0-.75.75v15c0 .414.336.75.75.75h15a.75.75 0 0 0 .75-.75v-9a.75.75 0 0 1 1.5 0v9a2.252 2.252 0 0 1-2.25 2.25h-15z\"><\/path><\/svg><\/span><\/a><\/div><figure class=\"hoyre-image-wrapper\"><div class=\"hoyre-image\"><\/div><\/figure><\/div>\n\n\n\n<section class=\"wp-block-hoyre-branch-contact-person alignwide\">\n\t<div class=\"block-inner\">\n\t\t\n<div class=\"politician-info-wrapper\">\n\t<div class=\"politician-image-wrapper\">\n\t\t<div class=\"politician-image\">\n\t\t\t\t\t\t\t\t\t\t\t<a href=\"https:\/\/res.cloudinary.com\/hoyre\/image\/upload\/g_face:center,d_defaultprofileimg3.jpg,fl_lossy,f_auto\/v200902\/4362653.jpg\">\n\t\t\t\t\t<img decoding=\"async\" src=\"https:\/\/res.cloudinary.com\/hoyre\/image\/upload\/c_thumb,g_face:center,h_500,w_500,d_defaultprofileimg3.jpg,fl_lossy,f_auto\/w_500\/v20230420\/4362653.jpg\" alt=\"Profilbilde\" style=\"object-position: 50% 50%\" \/>\n\t\t\t\t<\/a>\n\t\t\t\t\t<\/div>\n\t\t\t<\/div>\n\t<div class=\"politician-details\">\n\t\t\t\t\t<h1 class=\"politician-name\"><a href=\"https:\/\/hoyre.no\/personprofiler\/anne-bjertnaes\/\">Anne Bjertn\u00e6s<\/a><\/h1>\n\t\t\t\t\t\t\t\t<h2 class=\"politician-title\">Ordf\u00f8rer Gj\u00f8vik<\/h2>\n\t\t\t\t\t<\/div>\n<\/div>\n\t<\/div>\n<\/section>\n\n","protected":false},"excerpt":{"rendered":"","protected":false},"author":31684,"featured_media":0,"parent":0,"menu_order":0,"comment_status":"closed","ping_status":"closed","template":"","meta":{"teft_cards_image_url":"","teft_cards_custom_pretitle":"","teft_cards_image_id":0,"teft_cards_image_focal_point_x":0,"teft_cards_image_focal_point_y":0,"teft_cards_title":"","teft_cards_excerpt":"","teft_show_chapters":false,"footnotes":""},"class_list":["post-44","page","type-page","status-publish","hentry"],"yoast_head":"<!-- This site is optimized with the Yoast SEO plugin v26.6 - https:\/\/yoast.com\/wordpress\/plugins\/seo\/ -->\n<title>Anne Bjertn\u00e6s - v\u00e5r ordf\u00f8rer - Gj\u00f8vik H\u00f8yre<\/title>\n<meta name=\"robots\" content=\"index, follow, max-snippet:-1, max-image-preview:large, max-video-preview:-1\" \/>\n<link rel=\"canonical\" href=\"https:\/\/hoyre.no\/gjovik\/anne-bjertnaes-var-ordforerkandidat\/\" \/>\n<meta property=\"og:locale\" content=\"nb_NO\" \/>\n<meta property=\"og:type\" content=\"article\" \/>\n<meta property=\"og:title\" content=\"Anne Bjertn\u00e6s - v\u00e5r ordf\u00f8rer - Gj\u00f8vik H\u00f8yre\" \/>\n<meta property=\"og:url\" content=\"https:\/\/hoyre.no\/gjovik\/anne-bjertnaes-var-ordforerkandidat\/\" \/>\n<meta property=\"og:site_name\" content=\"Gj\u00f8vik H\u00f8yre\" \/>\n<meta property=\"article:modified_time\" content=\"2025-01-14T13:25:23+00:00\" \/>\n<meta property=\"og:image\" content=\"https:\/\/hoyre.no\/content\/uploads\/sites\/78\/2022\/11\/Hoyres-logo.png\" \/>\n\t<meta property=\"og:image:width\" content=\"1000\" \/>\n\t<meta property=\"og:image:height\" content=\"1000\" \/>\n\t<meta property=\"og:image:type\" content=\"image\/png\" \/>\n<meta name=\"twitter:card\" content=\"summary_large_image\" \/>\n<meta name=\"twitter:label1\" content=\"Ansl. lesetid\" \/>\n\t<meta name=\"twitter:data1\" content=\"3 minutter\" \/>\n<script type=\"application\/ld+json\" class=\"yoast-schema-graph\">{\"@context\":\"https:\/\/schema.org\",\"@graph\":[{\"@type\":\"WebPage\",\"@id\":\"https:\/\/hoyre.no\/gjovik\/anne-bjertnaes-var-ordforerkandidat\/\",\"url\":\"https:\/\/hoyre.no\/gjovik\/anne-bjertnaes-var-ordforerkandidat\/\",\"name\":\"Anne Bjertn\u00e6s - v\u00e5r ordf\u00f8rer - Gj\u00f8vik H\u00f8yre\",\"isPartOf\":{\"@id\":\"https:\/\/hoyre.no\/gjovik\/#website\"},\"datePublished\":\"2023-03-27T07:52:09+00:00\",\"dateModified\":\"2025-01-14T13:25:23+00:00\",\"breadcrumb\":{\"@id\":\"https:\/\/hoyre.no\/gjovik\/anne-bjertnaes-var-ordforerkandidat\/#breadcrumb\"},\"inLanguage\":\"nb-NO\",\"potentialAction\":[{\"@type\":\"ReadAction\",\"target\":[\"https:\/\/hoyre.no\/gjovik\/anne-bjertnaes-var-ordforerkandidat\/\"]}]},{\"@type\":\"BreadcrumbList\",\"@id\":\"https:\/\/hoyre.no\/gjovik\/anne-bjertnaes-var-ordforerkandidat\/#breadcrumb\",\"itemListElement\":[{\"@type\":\"ListItem\",\"position\":1,\"name\":\"Til hoyre.no\",\"item\":\"https:\/\/hoyre.no\"},{\"@type\":\"ListItem\",\"position\":2,\"name\":\"Hjem\",\"item\":\"https:\/\/hoyre.no\/gjovik\/\"},{\"@type\":\"ListItem\",\"position\":3,\"name\":\"Anne Bjertn\u00e6s &#8211; v\u00e5r ordf\u00f8rer\"}]},{\"@type\":\"WebSite\",\"@id\":\"https:\/\/hoyre.no\/gjovik\/#website\",\"url\":\"https:\/\/hoyre.no\/gjovik\/\",\"name\":\"Gj\u00f8vik H\u00f8yre\",\"description\":\"Bare enda et H\u00f8yres nettsteder-nettsted\",\"inLanguage\":\"nb-NO\"}]}<\/script>\n<!-- \/ Yoast SEO plugin. -->","yoast_head_json":{"title":"Anne Bjertn\u00e6s - v\u00e5r ordf\u00f8rer - Gj\u00f8vik H\u00f8yre","robots":{"index":"index","follow":"follow","max-snippet":"max-snippet:-1","max-image-preview":"max-image-preview:large","max-video-preview":"max-video-preview:-1"},"canonical":"https:\/\/hoyre.no\/gjovik\/anne-bjertnaes-var-ordforerkandidat\/","og_locale":"nb_NO","og_type":"article","og_title":"Anne Bjertn\u00e6s - v\u00e5r ordf\u00f8rer - Gj\u00f8vik H\u00f8yre","og_url":"https:\/\/hoyre.no\/gjovik\/anne-bjertnaes-var-ordforerkandidat\/","og_site_name":"Gj\u00f8vik H\u00f8yre","article_modified_time":"2025-01-14T13:25:23+00:00","og_image":[{"width":1000,"height":1000,"url":"https:\/\/hoyre.no\/content\/uploads\/sites\/78\/2022\/11\/Hoyres-logo.png","type":"image\/png"}],"twitter_card":"summary_large_image","twitter_misc":{"Ansl. lesetid":"3 minutter"},"schema":{"@context":"https:\/\/schema.org","@graph":[{"@type":"WebPage","@id":"https:\/\/hoyre.no\/gjovik\/anne-bjertnaes-var-ordforerkandidat\/","url":"https:\/\/hoyre.no\/gjovik\/anne-bjertnaes-var-ordforerkandidat\/","name":"Anne Bjertn\u00e6s - v\u00e5r ordf\u00f8rer - Gj\u00f8vik H\u00f8yre","isPartOf":{"@id":"https:\/\/hoyre.no\/gjovik\/#website"},"datePublished":"2023-03-27T07:52:09+00:00","dateModified":"2025-01-14T13:25:23+00:00","breadcrumb":{"@id":"https:\/\/hoyre.no\/gjovik\/anne-bjertnaes-var-ordforerkandidat\/#breadcrumb"},"inLanguage":"nb-NO","potentialAction":[{"@type":"ReadAction","target":["https:\/\/hoyre.no\/gjovik\/anne-bjertnaes-var-ordforerkandidat\/"]}]},{"@type":"BreadcrumbList","@id":"https:\/\/hoyre.no\/gjovik\/anne-bjertnaes-var-ordforerkandidat\/#breadcrumb","itemListElement":[{"@type":"ListItem","position":1,"name":"Til hoyre.no","item":"https:\/\/hoyre.no"},{"@type":"ListItem","position":2,"name":"Hjem","item":"https:\/\/hoyre.no\/gjovik\/"},{"@type":"ListItem","position":3,"name":"Anne Bjertn\u00e6s &#8211; v\u00e5r ordf\u00f8rer"}]},{"@type":"WebSite","@id":"https:\/\/hoyre.no\/gjovik\/#website","url":"https:\/\/hoyre.no\/gjovik\/","name":"Gj\u00f8vik H\u00f8yre","description":"Bare enda et H\u00f8yres nettsteder-nettsted","inLanguage":"nb-NO"}]}},"distributor_meta":false,"distributor_terms":false,"distributor_media":false,"distributor_original_site_name":"Gj\u00f8vik H\u00f8yre","distributor_original_site_url":"https:\/\/hoyre.no\/gjovik","push-errors":false,"_links":{"self":[{"href":"https:\/\/hoyre.no\/gjovik\/wp-json\/wp\/v2\/pages\/44","targetHints":{"allow":["GET"]}}],"collection":[{"href":"https:\/\/hoyre.no\/gjovik\/wp-json\/wp\/v2\/pages"}],"about":[{"href":"https:\/\/hoyre.no\/gjovik\/wp-json\/wp\/v2\/types\/page"}],"author":[{"embeddable":true,"href":"https:\/\/hoyre.no\/gjovik\/wp-json\/wp\/v2\/users\/31684"}],"replies":[{"embeddable":true,"href":"https:\/\/hoyre.no\/gjovik\/wp-json\/wp\/v2\/comments?post=44"}],"version-history":[{"count":18,"href":"https:\/\/hoyre.no\/gjovik\/wp-json\/wp\/v2\/pages\/44\/revisions"}],"predecessor-version":[{"id":245,"href":"https:\/\/hoyre.no\/gjovik\/wp-json\/wp\/v2\/pages\/44\/revisions\/245"}],"wp:attachment":[{"href":"https:\/\/hoyre.no\/gjovik\/wp-json\/wp\/v2\/media?parent=44"}],"curies":[{"name":"wp","href":"https:\/\/api.w.org\/{rel}","templated":true}]}}