{"id":70,"date":"2023-01-13T12:58:34","date_gmt":"2023-01-13T11:58:34","guid":{"rendered":"https:\/\/hoyre.no\/gjovik\/?page_id=70"},"modified":"2023-08-03T15:12:36","modified_gmt":"2023-08-03T13:12:36","slug":"7-grunner-til-a-stemme-gjovik-hoyre","status":"publish","type":"page","link":"https:\/\/hoyre.no\/gjovik\/forsiden\/7-grunner-til-a-stemme-gjovik-hoyre\/","title":{"rendered":"\u00c5tte grunner til \u00e5 stemme Gj\u00f8vik H\u00f8yre"},"content":{"rendered":"\n<div class=\"wp-block-hoyre-hero with-image-gradient text-color-light  has-media alignfull has-background\"><div class=\"hoyre-hero has-image\"><h1 class=\"title\">\u00c5tte grunner til \u00e5 stemme Gj\u00f8vik H\u00f8yre<\/h1><figure class=\"hoyre-image-wrapper\"><div class=\"hoyre-image\"><img loading=\"lazy\" decoding=\"async\" width=\"2048\" height=\"1365\" src=\"https:\/\/hoyre.no\/content\/uploads\/sites\/78\/2023\/01\/kirsebaertre-sentrum.jpg\" class=\"attachment-scaled size-scaled\" alt=\"\" style=\"object-position: 50% 50%\" srcset=\"https:\/\/hoyre.no\/content\/uploads\/sites\/78\/2023\/01\/kirsebaertre-sentrum.jpg 2048w, https:\/\/hoyre.no\/content\/uploads\/sites\/78\/2023\/01\/kirsebaertre-sentrum-300x200.jpg 300w, https:\/\/hoyre.no\/content\/uploads\/sites\/78\/2023\/01\/kirsebaertre-sentrum-1024x683.jpg 1024w, https:\/\/hoyre.no\/content\/uploads\/sites\/78\/2023\/01\/kirsebaertre-sentrum-768x512.jpg 768w, https:\/\/hoyre.no\/content\/uploads\/sites\/78\/2023\/01\/kirsebaertre-sentrum-1536x1024.jpg 1536w\" sizes=\"auto, (max-width: 2048px) 100vw, 2048px\" \/><\/div><\/figure><\/div><\/div>\n\n\n\n\n<div class=\"wp-block-hoyre-banner alignwide undefined has-icon-title icon-speech-bubbles is-style-dark\"><div class=\"banner-inner\"><figure class=\"hoyre-image-wrapper\"><div class=\"hoyre-image\"><img loading=\"lazy\" decoding=\"async\" width=\"860\" height=\"480\" src=\"https:\/\/hoyre.no\/content\/uploads\/sites\/78\/2020\/11\/gjovik_annebjertnaes_860x480.jpg\" class=\"attachment-scaled size-scaled\" alt=\"\" style=\"object-position: 60% 53%\" srcset=\"https:\/\/hoyre.no\/content\/uploads\/sites\/78\/2020\/11\/gjovik_annebjertnaes_860x480.jpg 860w, https:\/\/hoyre.no\/content\/uploads\/sites\/78\/2020\/11\/gjovik_annebjertnaes_860x480-300x167.jpg 300w, https:\/\/hoyre.no\/content\/uploads\/sites\/78\/2020\/11\/gjovik_annebjertnaes_860x480-768x429.jpg 768w\" sizes=\"auto, (max-width: 860px) 100vw, 860px\" \/><\/div><\/figure><div class=\"banner-content\"><div class=\"entry-content\">\n<p>Sammen tar vi Gj\u00f8vik videre. Barn og unge skal m\u00f8te l\u00e6ringsmilj\u00f8er som fremmer mestring og utvikling. Vi skal fremme skaperkraft og flere gr\u00f8nne arbeidsplasser. Vi skal legge til rette for bolyst, kultur og opplevelser i hele kommunen. Bygda tett p\u00e5 byen \u2013 byen tett p\u00e5 bygda.<\/p>\n\n\n\n<div class=\"wp-block-buttons is-layout-flex wp-block-buttons-is-layout-flex\">\n<div class=\"wp-block-button\"><a class=\"wp-block-button__link\" href=\"https:\/\/hoyre.no\/gjovik\/anne-bjertnaes-var-ordforerkandidat\/\">Bli kjent med Anne bjertn\u00e6s, ordf\u00f8rerkandidat<\/a><\/div>\n<\/div>\n<\/div><\/div><\/div><\/div>\n\n\n\n<div class=\"wp-block-media-text alignwide is-stacked-on-mobile is-vertically-aligned-center\"><figure class=\"wp-block-media-text__media\"><img decoding=\"async\" src=\"https:\/\/hoyre.no\/content\/uploads\/sites\/211\/2023\/01\/GettyImages-1331345416-1024x683.jpg\" alt=\"\" class=\"wp-image-167 size-full\" \/><\/figure><div class=\"wp-block-media-text__content\">\n\n<h2 class=\"wp-block-heading\" id=\"h-1-vi-skal-bli-flere-bergensere\">1. <strong>H\u00f8yre setter barn og unge f\u00f8rst<\/strong><\/h2>\n\n\n<p>Elevene skal oppleve mestring og trivsel i skolen. Gj\u00f8vik H\u00f8yre vil satse p\u00e5 laget rundt eleven og vil ha flere milj\u00f8terapeuter og helsesykepleiere p\u00e5 skolene. L\u00e6rerne m\u00e5 v\u00e6re kvalifiserte, og skolehverdagen m\u00e5 tilpasses elevenes behov. L\u00e6ring skjer ogs\u00e5 utenfor skolen. Vi skal styrke samarbeidet med Vitensenter, bibliotek og arbeidsliv for \u00e5 skape l\u00e6ringsarenaer med plass til alle.&nbsp;<\/p>\n\n<\/div><\/div>\n\n\n\n<div class=\"wp-block-media-text alignwide has-media-on-the-right is-stacked-on-mobile is-vertically-aligned-center\"><figure class=\"wp-block-media-text__media\"><img loading=\"lazy\" decoding=\"async\" width=\"1024\" height=\"683\" src=\"https:\/\/hoyre.no\/content\/uploads\/sites\/78\/2023\/01\/CbPdonjc-1024x683.jpeg\" alt=\"\" class=\"wp-image-71 size-full\" srcset=\"https:\/\/hoyre.no\/content\/uploads\/sites\/78\/2023\/01\/CbPdonjc-1024x683.jpeg 1024w, https:\/\/hoyre.no\/content\/uploads\/sites\/78\/2023\/01\/CbPdonjc-300x200.jpeg 300w, https:\/\/hoyre.no\/content\/uploads\/sites\/78\/2023\/01\/CbPdonjc-768x512.jpeg 768w, https:\/\/hoyre.no\/content\/uploads\/sites\/78\/2023\/01\/CbPdonjc-1536x1024.jpeg 1536w, https:\/\/hoyre.no\/content\/uploads\/sites\/78\/2023\/01\/CbPdonjc-2048x1365.jpeg 2048w\" sizes=\"auto, (max-width: 1024px) 100vw, 1024px\" \/><\/figure><div class=\"wp-block-media-text__content\">\n\n<h2 class=\"wp-block-heading\" id=\"h-2-hoyre-vil-fa-laerelyst-tilbake-i-bergensskolen\">2. <strong>Gj\u00f8vik skal bygge fremtiden gjennom skaperkraft og gr\u00fcnderskap<\/strong><\/h2>\n\n\n<p>Vi skal bli best p\u00e5 \u00e5 tiltrekke oss kunnskapsrike og kreative mennesker, bedrifter og arbeidsplasser. Folk med ambisjoner og ideer om \u00e5 skape arbeidsplasser i Gj\u00f8vik skal m\u00f8te en kommune som gir st\u00f8tte og veiledning og finner mulighetene sammen med deg.&nbsp;&nbsp;Med Norges st\u00f8rste universitet, NTNU, et variert n\u00e6ringsliv, en kunnskapsbasert industri, en innovativ handelsstand og et stort IKT-milj\u00f8 har vi alt som trengs for \u00e5 lykkes. I kampen om den fremtidige arbeidskraften skal vi ha en kultur hvor det er lov \u00e5 lykkes \u2013 med H\u00f8yre skal Gj\u00f8vik bli en tydeligere JA-kommune hvor ideer og innovasjon realiseres..<\/p>\n\n<\/div><\/div>\n\n\n\n<div class=\"wp-block-media-text alignwide is-stacked-on-mobile is-vertically-aligned-center\"><figure class=\"wp-block-media-text__media\"><img loading=\"lazy\" decoding=\"async\" width=\"1024\" height=\"683\" src=\"https:\/\/hoyre.no\/content\/uploads\/sites\/78\/2023\/01\/UQBqqySI-1024x683.jpeg\" alt=\"\" class=\"wp-image-72 size-full\" srcset=\"https:\/\/hoyre.no\/content\/uploads\/sites\/78\/2023\/01\/UQBqqySI-1024x683.jpeg 1024w, https:\/\/hoyre.no\/content\/uploads\/sites\/78\/2023\/01\/UQBqqySI-300x200.jpeg 300w, https:\/\/hoyre.no\/content\/uploads\/sites\/78\/2023\/01\/UQBqqySI-768x512.jpeg 768w, https:\/\/hoyre.no\/content\/uploads\/sites\/78\/2023\/01\/UQBqqySI-1536x1024.jpeg 1536w, https:\/\/hoyre.no\/content\/uploads\/sites\/78\/2023\/01\/UQBqqySI-2048x1365.jpeg 2048w\" sizes=\"auto, (max-width: 1024px) 100vw, 1024px\" \/><\/figure><div class=\"wp-block-media-text__content\">\n\n<h2 class=\"wp-block-heading\">3. <strong>Gj\u00f8vik skal bli Norges beste Musikk-by<\/strong><\/h2>\n\n\n<p>Vi skal l\u00f8fte ut\u00f8verne v\u00e5re og skape flere arenaer for musikk og kultur. Musikk og kultur skaper mening i hverdagen, m\u00f8teplasser mellom mennesker og tilh\u00f8righet til lokalsamfunnet.<strong>&nbsp;<\/strong>H\u00f8yre vil legge til rette for flere elever i kunst- og kulturskolen, samarbeide med musikklinjen p\u00e5 videreg\u00e5ende og Musikkfolkeh\u00f8gskolen Viken for \u00e5 utvide og utvikle mulighetene for talentene v\u00e5re. Vi vil fortsette samarbeidet med NTNU for f\u00e5 et tilbud p\u00e5 campus innen musikk og produksjon.&nbsp;<\/p>\n\n<\/div><\/div>\n\n\n\n<div class=\"wp-block-media-text alignwide has-media-on-the-right is-stacked-on-mobile is-vertically-aligned-center\"><figure class=\"wp-block-media-text__media\"><img loading=\"lazy\" decoding=\"async\" width=\"1024\" height=\"682\" src=\"https:\/\/hoyre.no\/content\/uploads\/sites\/78\/2023\/01\/m347xAnU-1024x682.jpeg\" alt=\"\" class=\"wp-image-73 size-full\" srcset=\"https:\/\/hoyre.no\/content\/uploads\/sites\/78\/2023\/01\/m347xAnU-1024x682.jpeg 1024w, https:\/\/hoyre.no\/content\/uploads\/sites\/78\/2023\/01\/m347xAnU-300x200.jpeg 300w, https:\/\/hoyre.no\/content\/uploads\/sites\/78\/2023\/01\/m347xAnU-768x511.jpeg 768w, https:\/\/hoyre.no\/content\/uploads\/sites\/78\/2023\/01\/m347xAnU-1536x1022.jpeg 1536w, https:\/\/hoyre.no\/content\/uploads\/sites\/78\/2023\/01\/m347xAnU.jpeg 2048w\" sizes=\"auto, (max-width: 1024px) 100vw, 1024px\" \/><\/figure><div class=\"wp-block-media-text__content\">\n\n<h2 class=\"wp-block-heading\" id=\"h-3-bergen-hele-livet\">4. <strong><strong>Kvalitet og mangfold i helse- og omsorgstilbudene<\/strong><\/strong><\/h2>\n\n\n<p>Alle har en helse og i Gj\u00f8vik skal du m\u00f8te et tilbud som gir deg det du trenger n\u00e5r du trenger det. Vi m\u00e5 f\u00e5 p\u00e5 plass flere fastleger, og flere lavterskeltilbudi psykiatri og rus. Vi styrker hjemmetjenesten slik at det blir trygt \u00e5 bo hjemme lengst mulig.For \u00e5 sikre Gj\u00f8viks innbyggere en helse- og omsorgstjeneste med god nok kvalitet m\u00e5 vi rekruttere de beste fagfolkene. Vi vil utvide&nbsp;bruken av alternative turnuser, ta imot flere l\u00e6rlinger og studenter i praksisog ta i bruk mer velferdsteknologi.&nbsp;<\/p>\n\n<\/div><\/div>\n\n\n\n<div class=\"wp-block-media-text alignwide is-stacked-on-mobile\"><figure class=\"wp-block-media-text__media\"><img loading=\"lazy\" decoding=\"async\" width=\"1024\" height=\"768\" src=\"https:\/\/hoyre.no\/content\/uploads\/sites\/78\/2023\/01\/mjosa-1024x768.jpg\" alt=\"\" class=\"wp-image-80 size-full\" srcset=\"https:\/\/hoyre.no\/content\/uploads\/sites\/78\/2023\/01\/mjosa-1024x768.jpg 1024w, https:\/\/hoyre.no\/content\/uploads\/sites\/78\/2023\/01\/mjosa-300x225.jpg 300w, https:\/\/hoyre.no\/content\/uploads\/sites\/78\/2023\/01\/mjosa-768x576.jpg 768w, https:\/\/hoyre.no\/content\/uploads\/sites\/78\/2023\/01\/mjosa-1536x1152.jpg 1536w, https:\/\/hoyre.no\/content\/uploads\/sites\/78\/2023\/01\/mjosa.jpg 2048w\" sizes=\"auto, (max-width: 1024px) 100vw, 1024px\" \/><\/figure><div class=\"wp-block-media-text__content\">\n\n<h2 class=\"wp-block-heading\"><strong>5. <strong>Gr\u00f8nn fremtid i den hvite byen ved Mj\u00f8sa<\/strong><\/strong><\/h2>\n\n\n<p>Vi skal gj\u00f8re Mj\u00f8sa ren, og bruke v\u00e5re naturgitte fortrinn inn i det gr\u00f8nne skifte. Med Norges st\u00f8rste innsj\u00f8, enorme skogressurser, etableringen av Norges st\u00f8rste solkraftpark og et verdensledende kunnskapssenter p\u00e5 ny teknologi har Gj\u00f8vik alle muligheter. Vi skal legge til rette for \u00e5 skape nye, gr\u00f8nne arbeidsplasser i samarbeid med industri og kunnskapsmilj\u00f8er, vi skal bidra til ny kunnskap og vi skal styrke arbeidet med \u00e5 kutte egne utslipp.<\/p>\n\n<\/div><\/div>\n\n\n\n<div class=\"wp-block-media-text alignwide has-media-on-the-right is-stacked-on-mobile\"><figure class=\"wp-block-media-text__media\"><img decoding=\"async\" src=\"https:\/\/hoyre.no\/content\/uploads\/sites\/211\/2023\/01\/zI3j2ABY-1024x683.jpeg\" alt=\"\" class=\"wp-image-169 size-full\" \/><\/figure><div class=\"wp-block-media-text__content\">\n\n<h2 class=\"wp-block-heading\"><strong>6. <strong><strong>\u00c5 v\u00e6re Ung i Gj\u00f8vik skal v\u00e6re trygt, spennende og inkluderende<\/strong><\/strong><\/strong><\/h2>\n\n\n<p>Det beste forebyggende arbeidet mot rus, kriminalitet og utenforskap er mange nok arenaer for mestring og tilh\u00f8righet.&nbsp;Vi vil styrke Ung i Gj\u00f8vik, utvide tilbudet p\u00e5 Ungdommens helsestasjon, legge forholdene til rette for flere fritidstilbud og i samarbeid med frivilligheten bidra til et st\u00f8rre mangfold av arenaer barn og unge kan tilbringe fritiden sin p\u00e5 i trygge, rusfrie milj\u00f8er.&nbsp;<\/p>\n\n<\/div><\/div>\n\n\n\n<div class=\"wp-block-media-text alignwide is-stacked-on-mobile\"><figure class=\"wp-block-media-text__media\"><img loading=\"lazy\" decoding=\"async\" width=\"1024\" height=\"683\" src=\"https:\/\/hoyre.no\/content\/uploads\/sites\/78\/2023\/01\/gseyyHzw-1024x683.jpeg\" alt=\"\" class=\"wp-image-74 size-full\" srcset=\"https:\/\/hoyre.no\/content\/uploads\/sites\/78\/2023\/01\/gseyyHzw-1024x683.jpeg 1024w, https:\/\/hoyre.no\/content\/uploads\/sites\/78\/2023\/01\/gseyyHzw-300x200.jpeg 300w, https:\/\/hoyre.no\/content\/uploads\/sites\/78\/2023\/01\/gseyyHzw-768x513.jpeg 768w, https:\/\/hoyre.no\/content\/uploads\/sites\/78\/2023\/01\/gseyyHzw-1536x1025.jpeg 1536w, https:\/\/hoyre.no\/content\/uploads\/sites\/78\/2023\/01\/gseyyHzw-2048x1367.jpeg 2048w\" sizes=\"auto, (max-width: 1024px) 100vw, 1024px\" \/><\/figure><div class=\"wp-block-media-text__content\">\n\n<h2 class=\"wp-block-heading\"><strong>7. <strong><strong>Gode bomilj\u00f8er, attraktive tettsteder og en kul by<\/strong><\/strong><\/strong><\/h2>\n\n\n<p>I Gj\u00f8vik skal du kunne bo i leilighet i sentrum, i rekkehus ved Mj\u00f8sa eller i en enebolig med stor tomt ut p\u00e5 bygda. Vi \u00f8nsker oss flere innbyggere og at flere barnefamilier skal velge Gj\u00f8vik<strong>.<\/strong>&nbsp;Vi skal fortsette \u00e5 utvikle sentrum og tettstedene v\u00e5re med fokus p\u00e5 bo- og opplevelseskvalitet. Lekeplasser, parker og oppholdssteder skal v\u00e6re attraktive for menneskene. Tilgangen til Mj\u00f8sa og turomr\u00e5dene skal forsterkes.&nbsp;<\/p>\n\n<\/div><\/div>\n\n\n\n<div class=\"wp-block-media-text alignwide has-media-on-the-right is-stacked-on-mobile\"><figure class=\"wp-block-media-text__media\"><img loading=\"lazy\" decoding=\"async\" width=\"1024\" height=\"768\" src=\"https:\/\/hoyre.no\/content\/uploads\/sites\/78\/2023\/01\/hunnelva-1024x768.jpg\" alt=\"\" class=\"wp-image-81 size-full\" srcset=\"https:\/\/hoyre.no\/content\/uploads\/sites\/78\/2023\/01\/hunnelva-1024x768.jpg 1024w, https:\/\/hoyre.no\/content\/uploads\/sites\/78\/2023\/01\/hunnelva-300x225.jpg 300w, https:\/\/hoyre.no\/content\/uploads\/sites\/78\/2023\/01\/hunnelva-768x576.jpg 768w, https:\/\/hoyre.no\/content\/uploads\/sites\/78\/2023\/01\/hunnelva-1536x1152.jpg 1536w, https:\/\/hoyre.no\/content\/uploads\/sites\/78\/2023\/01\/hunnelva.jpg 2048w\" sizes=\"auto, (max-width: 1024px) 100vw, 1024px\" \/><\/figure><div class=\"wp-block-media-text__content\">\n\n<h2 class=\"wp-block-heading\">8. <strong>Stolt av Gj\u00f8vik<\/strong><\/h2>\n\n\n<p>Vi skal vinne de viktige sakene for Gj\u00f8vik. Slaget om Riksveg 4, hovedsykehus, medisinutdanning og Gj\u00f8vikbanen st\u00e5r ikke i kommunestyresalen, det st\u00e5r i Stortingssalen. Verdiskapingen til den store eksportindustrien i regionen trenger politikere som kjemper for Riksveg 4. Pasientene v\u00e5re trenger politikere som kjemper for det beste sykehustilbudet. Skal vi f\u00e5 flere fastleger trenger vi medisinutdanning p\u00e5 NTNU-Gj\u00f8vik og skal vi f\u00e5 ned utslippene m\u00e5 vi flytte mer transport over p\u00e5 bane. Skal Gj\u00f8vik vinne disse sakene trenger Gj\u00f8vik politikere som kjemper disse sakene til gjennomslag i Stortinget. H\u00f8yre kan, vil og skal ta den oppgaven.<\/p>\n\n<\/div><\/div>\n\n\n\n\n\n<div class=\"wp-block hoyre-section alignfull has-background is-style-light-blue wp-block-hoyre-section\"><div class=\"inner-blocks alignwide\">\n\n<h1 class=\"has-text-align-center wp-block-heading\" id=\"h-finn-ditt-valglokale\">Finn ditt n\u00e6rmeste valglokale<\/h1>\n\n\n\n<p class=\"has-text-align-center\">Du kan forh\u00e5ndsstemme fra 10. august til og med 8. september. I denne perioden kan du stemme i valglokaler over hele landet. Se oversikt over lokale valglokaler og \u00e5pningstider her:<\/p>\n\n\n\n<div class=\"wp-block-buttons is-layout-flex wp-block-buttons-is-layout-flex\">\n<div class=\"wp-block-button aligncenter is-style-fill\"><a class=\"wp-block-button__link\" href=\"https:\/\/www.valg.no\/valglokaler\/valglokaler2\/stem-pa-forhand\/?mpid=3407\" target=\"_blank\" rel=\"noreferrer noopener\">lokaler for forh\u00e5ndsstemming<\/a><\/div>\n<\/div>\n\n\n\n<p class=\"has-text-align-center\">Valgdagene i \u00e5r er s\u00f8ndag 10. september og mandag 11. september. P\u00e5 valgdagen(e) m\u00e5 du stemme i Gj\u00f8vik kommune. Se oversikt over lokale valglokaler og \u00e5pningstider her:<\/p>\n\n\n\n<div class=\"wp-block-buttons is-layout-flex wp-block-buttons-is-layout-flex\">\n<div class=\"wp-block-button aligncenter\"><a class=\"wp-block-button__link\" href=\"https:\/\/www.valg.no\/valglokaler\/valglokaler2\/stemme-pa-valgdagen\/?mpid=3407\" target=\"_blank\" rel=\"noreferrer noopener\">valglokaler p\u00e5 valgdagen<\/a><\/div>\n<\/div>\n\n\n\n<p class=\"has-text-align-center\"><strong>Husk \u00e5 ta med legitimasjon n\u00e5r du skal stemme. Godt valg!<\/strong><\/p>\n\n<\/div><\/div>","protected":false},"excerpt":{"rendered":"","protected":false},"author":15381,"featured_media":0,"parent":3,"menu_order":0,"comment_status":"closed","ping_status":"closed","template":"","meta":{"teft_cards_image_url":"","teft_cards_custom_pretitle":"","teft_cards_image_id":0,"teft_cards_image_focal_point_x":0,"teft_cards_image_focal_point_y":0,"teft_cards_title":"","teft_cards_excerpt":"","teft_show_chapters":false,"footnotes":""},"class_list":["post-70","page","type-page","status-publish","hentry"],"yoast_head":"<!-- This site is optimized with the Yoast SEO plugin v26.6 - https:\/\/yoast.com\/wordpress\/plugins\/seo\/ -->\n<title>\u00c5tte grunner til \u00e5 stemme Gj\u00f8vik H\u00f8yre - Gj\u00f8vik H\u00f8yre<\/title>\n<meta name=\"robots\" content=\"index, follow, max-snippet:-1, max-image-preview:large, max-video-preview:-1\" \/>\n<link rel=\"canonical\" href=\"https:\/\/hoyre.no\/gjovik\/forsiden\/7-grunner-til-a-stemme-gjovik-hoyre\/\" \/>\n<meta property=\"og:locale\" content=\"nb_NO\" \/>\n<meta property=\"og:type\" content=\"article\" \/>\n<meta property=\"og:title\" content=\"\u00c5tte grunner til \u00e5 stemme Gj\u00f8vik H\u00f8yre - Gj\u00f8vik H\u00f8yre\" \/>\n<meta property=\"og:url\" content=\"https:\/\/hoyre.no\/gjovik\/forsiden\/7-grunner-til-a-stemme-gjovik-hoyre\/\" \/>\n<meta property=\"og:site_name\" content=\"Gj\u00f8vik H\u00f8yre\" \/>\n<meta property=\"article:modified_time\" content=\"2023-08-03T13:12:36+00:00\" \/>\n<meta property=\"og:image\" content=\"https:\/\/hoyre.no\/content\/uploads\/sites\/211\/2023\/01\/GettyImages-1331345416-1024x683.jpg\" \/>\n<meta name=\"twitter:card\" content=\"summary_large_image\" \/>\n<meta name=\"twitter:label1\" content=\"Ansl. lesetid\" \/>\n\t<meta name=\"twitter:data1\" content=\"7 minutter\" \/>\n<script type=\"application\/ld+json\" class=\"yoast-schema-graph\">{\"@context\":\"https:\/\/schema.org\",\"@graph\":[{\"@type\":\"WebPage\",\"@id\":\"https:\/\/hoyre.no\/gjovik\/forsiden\/7-grunner-til-a-stemme-gjovik-hoyre\/\",\"url\":\"https:\/\/hoyre.no\/gjovik\/forsiden\/7-grunner-til-a-stemme-gjovik-hoyre\/\",\"name\":\"\u00c5tte grunner til \u00e5 stemme Gj\u00f8vik H\u00f8yre - Gj\u00f8vik H\u00f8yre\",\"isPartOf\":{\"@id\":\"https:\/\/hoyre.no\/gjovik\/#website\"},\"image\":{\"@id\":\"https:\/\/hoyre.no\/gjovik\/forsiden\/7-grunner-til-a-stemme-gjovik-hoyre\/#primaryimage\"},\"thumbnailUrl\":\"https:\/\/hoyre.no\/content\/uploads\/sites\/211\/2023\/01\/GettyImages-1331345416-1024x683.jpg\",\"datePublished\":\"2023-01-13T11:58:34+00:00\",\"dateModified\":\"2023-08-03T13:12:36+00:00\",\"breadcrumb\":{\"@id\":\"https:\/\/hoyre.no\/gjovik\/forsiden\/7-grunner-til-a-stemme-gjovik-hoyre\/#breadcrumb\"},\"inLanguage\":\"nb-NO\",\"potentialAction\":[{\"@type\":\"ReadAction\",\"target\":[\"https:\/\/hoyre.no\/gjovik\/forsiden\/7-grunner-til-a-stemme-gjovik-hoyre\/\"]}]},{\"@type\":\"ImageObject\",\"inLanguage\":\"nb-NO\",\"@id\":\"https:\/\/hoyre.no\/gjovik\/forsiden\/7-grunner-til-a-stemme-gjovik-hoyre\/#primaryimage\",\"url\":\"https:\/\/hoyre.no\/content\/uploads\/sites\/211\/2023\/01\/GettyImages-1331345416-1024x683.jpg\",\"contentUrl\":\"https:\/\/hoyre.no\/content\/uploads\/sites\/211\/2023\/01\/GettyImages-1331345416-1024x683.jpg\"},{\"@type\":\"BreadcrumbList\",\"@id\":\"https:\/\/hoyre.no\/gjovik\/forsiden\/7-grunner-til-a-stemme-gjovik-hoyre\/#breadcrumb\",\"itemListElement\":[{\"@type\":\"ListItem\",\"position\":1,\"name\":\"Til hoyre.no\",\"item\":\"https:\/\/hoyre.no\"},{\"@type\":\"ListItem\",\"position\":2,\"name\":\"Hjem\",\"item\":\"https:\/\/hoyre.no\/gjovik\/\"},{\"@type\":\"ListItem\",\"position\":3,\"name\":\"Forsiden\",\"item\":\"https:\/\/hoyre.no\/gjovik\/\"},{\"@type\":\"ListItem\",\"position\":4,\"name\":\"\u00c5tte grunner til \u00e5 stemme Gj\u00f8vik H\u00f8yre\"}]},{\"@type\":\"WebSite\",\"@id\":\"https:\/\/hoyre.no\/gjovik\/#website\",\"url\":\"https:\/\/hoyre.no\/gjovik\/\",\"name\":\"Gj\u00f8vik H\u00f8yre\",\"description\":\"Bare enda et H\u00f8yres nettsteder-nettsted\",\"inLanguage\":\"nb-NO\"}]}<\/script>\n<!-- \/ Yoast SEO plugin. -->","yoast_head_json":{"title":"\u00c5tte grunner til \u00e5 stemme Gj\u00f8vik H\u00f8yre - Gj\u00f8vik H\u00f8yre","robots":{"index":"index","follow":"follow","max-snippet":"max-snippet:-1","max-image-preview":"max-image-preview:large","max-video-preview":"max-video-preview:-1"},"canonical":"https:\/\/hoyre.no\/gjovik\/forsiden\/7-grunner-til-a-stemme-gjovik-hoyre\/","og_locale":"nb_NO","og_type":"article","og_title":"\u00c5tte grunner til \u00e5 stemme Gj\u00f8vik H\u00f8yre - Gj\u00f8vik H\u00f8yre","og_url":"https:\/\/hoyre.no\/gjovik\/forsiden\/7-grunner-til-a-stemme-gjovik-hoyre\/","og_site_name":"Gj\u00f8vik H\u00f8yre","article_modified_time":"2023-08-03T13:12:36+00:00","og_image":[{"url":"https:\/\/hoyre.no\/content\/uploads\/sites\/211\/2023\/01\/GettyImages-1331345416-1024x683.jpg","type":"","width":"","height":""}],"twitter_card":"summary_large_image","twitter_misc":{"Ansl. lesetid":"7 minutter"},"schema":{"@context":"https:\/\/schema.org","@graph":[{"@type":"WebPage","@id":"https:\/\/hoyre.no\/gjovik\/forsiden\/7-grunner-til-a-stemme-gjovik-hoyre\/","url":"https:\/\/hoyre.no\/gjovik\/forsiden\/7-grunner-til-a-stemme-gjovik-hoyre\/","name":"\u00c5tte grunner til \u00e5 stemme Gj\u00f8vik H\u00f8yre - Gj\u00f8vik H\u00f8yre","isPartOf":{"@id":"https:\/\/hoyre.no\/gjovik\/#website"},"image":{"@id":"https:\/\/hoyre.no\/gjovik\/forsiden\/7-grunner-til-a-stemme-gjovik-hoyre\/#primaryimage"},"thumbnailUrl":"https:\/\/hoyre.no\/content\/uploads\/sites\/211\/2023\/01\/GettyImages-1331345416-1024x683.jpg","datePublished":"2023-01-13T11:58:34+00:00","dateModified":"2023-08-03T13:12:36+00:00","breadcrumb":{"@id":"https:\/\/hoyre.no\/gjovik\/forsiden\/7-grunner-til-a-stemme-gjovik-hoyre\/#breadcrumb"},"inLanguage":"nb-NO","potentialAction":[{"@type":"ReadAction","target":["https:\/\/hoyre.no\/gjovik\/forsiden\/7-grunner-til-a-stemme-gjovik-hoyre\/"]}]},{"@type":"ImageObject","inLanguage":"nb-NO","@id":"https:\/\/hoyre.no\/gjovik\/forsiden\/7-grunner-til-a-stemme-gjovik-hoyre\/#primaryimage","url":"https:\/\/hoyre.no\/content\/uploads\/sites\/211\/2023\/01\/GettyImages-1331345416-1024x683.jpg","contentUrl":"https:\/\/hoyre.no\/content\/uploads\/sites\/211\/2023\/01\/GettyImages-1331345416-1024x683.jpg"},{"@type":"BreadcrumbList","@id":"https:\/\/hoyre.no\/gjovik\/forsiden\/7-grunner-til-a-stemme-gjovik-hoyre\/#breadcrumb","itemListElement":[{"@type":"ListItem","position":1,"name":"Til hoyre.no","item":"https:\/\/hoyre.no"},{"@type":"ListItem","position":2,"name":"Hjem","item":"https:\/\/hoyre.no\/gjovik\/"},{"@type":"ListItem","position":3,"name":"Forsiden","item":"https:\/\/hoyre.no\/gjovik\/"},{"@type":"ListItem","position":4,"name":"\u00c5tte grunner til \u00e5 stemme Gj\u00f8vik H\u00f8yre"}]},{"@type":"WebSite","@id":"https:\/\/hoyre.no\/gjovik\/#website","url":"https:\/\/hoyre.no\/gjovik\/","name":"Gj\u00f8vik H\u00f8yre","description":"Bare enda et H\u00f8yres nettsteder-nettsted","inLanguage":"nb-NO"}]}},"distributor_meta":false,"distributor_terms":false,"distributor_media":false,"distributor_original_site_name":"Gj\u00f8vik H\u00f8yre","distributor_original_site_url":"https:\/\/hoyre.no\/gjovik","push-errors":false,"_links":{"self":[{"href":"https:\/\/hoyre.no\/gjovik\/wp-json\/wp\/v2\/pages\/70","targetHints":{"allow":["GET"]}}],"collection":[{"href":"https:\/\/hoyre.no\/gjovik\/wp-json\/wp\/v2\/pages"}],"about":[{"href":"https:\/\/hoyre.no\/gjovik\/wp-json\/wp\/v2\/types\/page"}],"author":[{"embeddable":true,"href":"https:\/\/hoyre.no\/gjovik\/wp-json\/wp\/v2\/users\/15381"}],"replies":[{"embeddable":true,"href":"https:\/\/hoyre.no\/gjovik\/wp-json\/wp\/v2\/comments?post=70"}],"version-history":[{"count":10,"href":"https:\/\/hoyre.no\/gjovik\/wp-json\/wp\/v2\/pages\/70\/revisions"}],"predecessor-version":[{"id":179,"href":"https:\/\/hoyre.no\/gjovik\/wp-json\/wp\/v2\/pages\/70\/revisions\/179"}],"up":[{"embeddable":true,"href":"https:\/\/hoyre.no\/gjovik\/wp-json\/wp\/v2\/pages\/3"}],"wp:attachment":[{"href":"https:\/\/hoyre.no\/gjovik\/wp-json\/wp\/v2\/media?parent=70"}],"curies":[{"name":"wp","href":"https:\/\/api.w.org\/{rel}","templated":true}]}}