{"id":4,"date":"2020-11-14T20:59:50","date_gmt":"2020-11-14T19:59:50","guid":{"rendered":"https:\/\/hoyre.no\/gloppen\/vare-folk\/"},"modified":"2020-11-14T20:59:50","modified_gmt":"2020-11-14T19:59:50","slug":"vare-folk","status":"publish","type":"page","link":"https:\/\/hoyre.no\/gloppen\/vare-folk\/","title":{"rendered":"V\u00e5re folk"},"content":{"rendered":"\n<div class=\"wp-block-hoyre-hero with-image-gradient text-color-light  alignfull has-background\"><div class=\"hoyre-hero \"><h1 class=\"title\">V\u00e5re folk<\/h1><p class=\"preamble\">Gloppen H\u00f8gre best\u00e5r av fleire tillits- og folkevalde. Har du nokre sp\u00f8rsm\u00e5l? Ikkje n\u00f8l med \u00e5 ta kontakt!<\/p><\/div><\/div>\n\n\n\n\n<section class=\"wp-block-hoyre-local-politicians alignfull has-background\">\n\t<div class=\"block-inner\">\n\t\t<div class=\"select-wrapper\">\n\t\t\t<select class=\"politician-committee-dropdown filter-dropdown\" name=\"committee_id\">\n\t\t\t\t\t\t\t\t\t<option value=\"kommunestyret\"  selected='selected'>\n\t\t\t\t\t\tKommunestyret\t\t\t\t\t<\/option>\n\t\t\t\t\t\t\t\t\t<option value=\"foreningsstyret\" >\n\t\t\t\t\t\tForeningsstyret\t\t\t\t\t<\/option>\n\t\t\t\t\t\t\t<\/select>\n\t\t<\/div>\n\t\t<div class=\"teft-cards-grid default-size-3\">\n\t\t\t<div class=\"teft-cards-item  is-card-hoyre-person\">\n\n\t<article class=\"teft-card hoyre-person has-internal-link\">\n\t\t<div class=\"teft-card__media circle-crop\"><img decoding=\"async\" loading=\"lazy\" width=\"500\" height=\"500\" src=\"https:\/\/res.cloudinary.com\/hoyre\/image\/upload\/c_thumb,g_face:center,h_500,w_500,d_defaultprofileimg3.jpg,fl_lossy,f_auto\/w_500\/v20230420\/52083698.jpg\" style=\"background-position:50% 50%\" alt=\"Jan Ove Rygg\" \/><\/div>\t\t<div class=\"teft-card__primary\">\n\t\t\t\t\t\t\t<a href=\"https:\/\/hoyre.no\/personprofiler\/jan-ove-rygg\/\" class=\"primary-link\"><h2>Jan Ove Rygg<\/h2><\/a>\n\t\t\t\t\t\t\t\t\t\t<p>Varaordf\u00f8rer<\/p>\n\t\t\t\t\t\t\t\t<\/div>\n\n\t<\/article>\n\n\t<\/div><div class=\"teft-cards-item  is-card-hoyre-person\">\n\n\t<article class=\"teft-card hoyre-person has-internal-link\">\n\t\t<div class=\"teft-card__media circle-crop\"><img decoding=\"async\" loading=\"lazy\" width=\"500\" height=\"500\" src=\"https:\/\/res.cloudinary.com\/hoyre\/image\/upload\/c_thumb,g_face:center,h_500,w_500,d_defaultprofileimg3.jpg,fl_lossy,f_auto\/w_500\/v20230420\/52020476.jpg\" style=\"background-position:50% 50%\" alt=\"Beate Dybendal Nordvik\" \/><\/div>\t\t<div class=\"teft-card__primary\">\n\t\t\t\t\t\t\t<a href=\"https:\/\/hoyre.no\/personprofiler\/beate-dybendal-nordvik\/\" class=\"primary-link\"><h2>Beate Dybendal Nordvik<\/h2><\/a>\n\t\t\t\t\t\t\t\t\t\t<p>Gruppeleder<\/p>\n\t\t\t\t\t\t\t\t<\/div>\n\n\t<\/article>\n\n\t<\/div><div class=\"teft-cards-item  is-card-hoyre-person\">\n\n\t<article class=\"teft-card hoyre-person has-internal-link\">\n\t\t<div class=\"teft-card__media circle-crop\"><img decoding=\"async\" loading=\"lazy\" width=\"500\" height=\"500\" src=\"https:\/\/res.cloudinary.com\/hoyre\/image\/upload\/c_thumb,g_face:center,h_500,w_500,d_defaultprofileimg3.jpg,fl_lossy,f_auto\/w_500\/v20230420\/7016918.jpg\" style=\"background-position:50% 50%\" alt=\"Reidar Moldestad\" \/><\/div>\t\t<div class=\"teft-card__primary\">\n\t\t\t\t\t\t\t<a href=\"https:\/\/hoyre.no\/personprofiler\/reidar-moldestad\/\" class=\"primary-link\"><h2>Reidar Moldestad<\/h2><\/a>\n\t\t\t\t\t\t\t\t\t\t<p>Gruppenestleder<\/p>\n\t\t\t\t\t\t\t\t<\/div>\n\n\t<\/article>\n\n\t<\/div><div class=\"teft-cards-item  is-card-hoyre-person\">\n\n\t<article class=\"teft-card hoyre-person has-internal-link\">\n\t\t<div class=\"teft-card__media circle-crop\"><img decoding=\"async\" loading=\"lazy\" width=\"500\" height=\"500\" src=\"https:\/\/res.cloudinary.com\/hoyre\/image\/upload\/c_thumb,g_face:center,h_500,w_500,d_defaultprofileimg3.jpg,fl_lossy,f_auto\/w_500\/v20230420\/52150349.jpg\" style=\"background-position:50% 50%\" alt=\"Runar Stensaker Kleppe\" \/><\/div>\t\t<div class=\"teft-card__primary\">\n\t\t\t\t\t\t\t<a href=\"https:\/\/hoyre.no\/personprofiler\/runar-kleppe\/\" class=\"primary-link\"><h2>Runar Stensaker Kleppe<\/h2><\/a>\n\t\t\t\t\t\t\t\t\t\t<p>Representant<\/p>\n\t\t\t\t\t\t\t\t<\/div>\n\n\t<\/article>\n\n\t<\/div><div class=\"teft-cards-item  is-card-hoyre-person\">\n\n\t<article class=\"teft-card hoyre-person has-internal-link\">\n\t\t<div class=\"teft-card__media circle-crop\"><img decoding=\"async\" loading=\"lazy\" width=\"500\" height=\"500\" src=\"https:\/\/res.cloudinary.com\/hoyre\/image\/upload\/c_thumb,g_face:center,h_500,w_500,d_defaultprofileimg3.jpg,fl_lossy,f_auto\/w_500\/v20230420\/50093079.jpg\" style=\"background-position:50% 50%\" alt=\"Sjur Atle Austrheim\" \/><\/div>\t\t<div class=\"teft-card__primary\">\n\t\t\t\t\t\t\t<a href=\"https:\/\/hoyre.no\/personprofiler\/sjur-atle-austrheim\/\" class=\"primary-link\"><h2>Sjur Atle Austrheim<\/h2><\/a>\n\t\t\t\t\t\t\t\t\t\t<p>Representant<\/p>\n\t\t\t\t\t\t\t\t<\/div>\n\n\t<\/article>\n\n\t<\/div><div class=\"teft-cards-item  is-card-hoyre-person\">\n\n\t<article class=\"teft-card hoyre-person has-internal-link\">\n\t\t<div class=\"teft-card__media circle-crop\"><img decoding=\"async\" loading=\"lazy\" width=\"500\" height=\"500\" src=\"https:\/\/res.cloudinary.com\/hoyre\/image\/upload\/c_thumb,g_face:center,h_500,w_500,d_defaultprofileimg3.jpg,fl_lossy,f_auto\/w_500\/v20230420\/52213626.jpg\" style=\"background-position:50% 50%\" alt=\"Lisbeth Stensaker\" \/><\/div>\t\t<div class=\"teft-card__primary\">\n\t\t\t\t\t\t\t<a href=\"https:\/\/hoyre.no\/personprofiler\/lisbeth-stensaker\/\" class=\"primary-link\"><h2>Lisbeth Stensaker<\/h2><\/a>\n\t\t\t\t\t\t\t\t\t\t<p>Representant<\/p>\n\t\t\t\t\t\t\t\t<\/div>\n\n\t<\/article>\n\n\t<\/div><div class=\"teft-cards-item  is-card-hoyre-person\">\n\n\t<article class=\"teft-card hoyre-person has-internal-link\">\n\t\t<div class=\"teft-card__media circle-crop\"><img decoding=\"async\" loading=\"lazy\" width=\"500\" height=\"500\" src=\"https:\/\/res.cloudinary.com\/hoyre\/image\/upload\/c_thumb,g_face:center,h_500,w_500,d_defaultprofileimg3.jpg,fl_lossy,f_auto\/w_500\/v20230420\/52075249.jpg\" style=\"background-position:50% 50%\" alt=\"\u00d8rjan Tystad\" \/><\/div>\t\t<div class=\"teft-card__primary\">\n\t\t\t\t\t\t\t<a href=\"https:\/\/hoyre.no\/personprofiler\/orjan-tystad\/\" class=\"primary-link\"><h2>\u00d8rjan Tystad<\/h2><\/a>\n\t\t\t\t\t\t\t\t\t\t<p>Varamedlem<\/p>\n\t\t\t\t\t\t\t\t<\/div>\n\n\t<\/article>\n\n\t<\/div><div class=\"teft-cards-item  is-card-hoyre-person\">\n\n\t<article class=\"teft-card hoyre-person has-internal-link\">\n\t\t<div class=\"teft-card__media circle-crop\"><img decoding=\"async\" loading=\"lazy\" width=\"500\" height=\"500\" src=\"https:\/\/res.cloudinary.com\/hoyre\/image\/upload\/c_thumb,g_face:center,h_500,w_500,d_defaultprofileimg3.jpg,fl_lossy,f_auto\/w_500\/v20230420\/52204450.jpg\" style=\"background-position:50% 50%\" alt=\"Ola Sundt Ravnestad\" \/><\/div>\t\t<div class=\"teft-card__primary\">\n\t\t\t\t\t\t\t<a href=\"https:\/\/hoyre.no\/personprofiler\/ola-sundt-ravnestad\/\" class=\"primary-link\"><h2>Ola Sundt Ravnestad<\/h2><\/a>\n\t\t\t\t\t\t\t\t\t\t<p>Varamedlem<\/p>\n\t\t\t\t\t\t\t\t<\/div>\n\n\t<\/article>\n\n\t<\/div><div class=\"teft-cards-item  is-card-hoyre-person\">\n\n\t<article class=\"teft-card hoyre-person has-internal-link\">\n\t\t<div class=\"teft-card__media circle-crop\"><img decoding=\"async\" loading=\"lazy\" width=\"500\" height=\"500\" src=\"https:\/\/res.cloudinary.com\/hoyre\/image\/upload\/c_thumb,g_face:center,h_500,w_500,d_defaultprofileimg3.jpg,fl_lossy,f_auto\/w_500\/v20230420\/50165778.jpg\" style=\"background-position:50% 50%\" alt=\"Kari-Ann Fl\u00f8lo\" \/><\/div>\t\t<div class=\"teft-card__primary\">\n\t\t\t\t\t\t\t<a href=\"https:\/\/hoyre.no\/personprofiler\/kari-ann-flolo\/\" class=\"primary-link\"><h2>Kari-Ann Fl\u00f8lo<\/h2><\/a>\n\t\t\t\t\t\t\t\t\t\t<p>Varamedlem<\/p>\n\t\t\t\t\t\t\t\t<\/div>\n\n\t<\/article>\n\n\t<\/div><div class=\"teft-cards-item  is-card-hoyre-person\">\n\n\t<article class=\"teft-card hoyre-person has-internal-link\">\n\t\t<div class=\"teft-card__media circle-crop\"><img decoding=\"async\" loading=\"lazy\" width=\"500\" height=\"500\" src=\"https:\/\/res.cloudinary.com\/hoyre\/image\/upload\/c_thumb,g_face:center,h_500,w_500,d_defaultprofileimg3.jpg,fl_lossy,f_auto\/w_500\/v20230420\/52145133.jpg\" style=\"background-position:50% 50%\" alt=\"Grethe H\u00e5heim\" \/><\/div>\t\t<div class=\"teft-card__primary\">\n\t\t\t\t\t\t\t<a href=\"https:\/\/hoyre.no\/personprofiler\/grethe-haheim\/\" class=\"primary-link\"><h2>Grethe H\u00e5heim<\/h2><\/a>\n\t\t\t\t\t\t\t\t\t\t<p>Varamedlem<\/p>\n\t\t\t\t\t\t\t\t<\/div>\n\n\t<\/article>\n\n\t<\/div><div class=\"teft-cards-item  is-card-hoyre-person\">\n\n\t<article class=\"teft-card hoyre-person has-internal-link\">\n\t\t<div class=\"teft-card__media circle-crop\"><img decoding=\"async\" loading=\"lazy\" width=\"500\" height=\"500\" src=\"https:\/\/res.cloudinary.com\/hoyre\/image\/upload\/c_thumb,g_face:center,h_500,w_500,d_defaultprofileimg3.jpg,fl_lossy,f_auto\/w_500\/v20230420\/52204013.jpg\" style=\"background-position:50% 50%\" alt=\"Kim Kristen Eide\" \/><\/div>\t\t<div class=\"teft-card__primary\">\n\t\t\t\t\t\t\t<a href=\"https:\/\/hoyre.no\/personprofiler\/kim-kristen-eide\/\" class=\"primary-link\"><h2>Kim Kristen Eide<\/h2><\/a>\n\t\t\t\t\t\t\t\t\t\t<p>Varamedlem<\/p>\n\t\t\t\t\t\t\t\t<\/div>\n\n\t<\/article>\n\n\t<\/div><div class=\"teft-cards-item  is-card-hoyre-person\">\n\n\t<article class=\"teft-card hoyre-person has-internal-link\">\n\t\t<div class=\"teft-card__media circle-crop\"><img decoding=\"async\" loading=\"lazy\" width=\"500\" height=\"500\" src=\"https:\/\/res.cloudinary.com\/hoyre\/image\/upload\/c_thumb,g_face:center,h_500,w_500,d_defaultprofileimg3.jpg,fl_lossy,f_auto\/w_500\/v20230420\/50359231.jpg\" style=\"background-position:50% 50%\" alt=\"Dagfinn Kaspar Nyhammer\" \/><\/div>\t\t<div class=\"teft-card__primary\">\n\t\t\t\t\t\t\t<a href=\"https:\/\/hoyre.no\/personprofiler\/dagfinn-kaspar-nyhammer\/\" class=\"primary-link\"><h2>Dagfinn Kaspar Nyhammer<\/h2><\/a>\n\t\t\t\t\t\t\t\t\t\t<p>Varamedlem<\/p>\n\t\t\t\t\t\t\t\t<\/div>\n\n\t<\/article>\n\n\t<\/div><div class=\"teft-cards-item  is-card-hoyre-person\">\n\n\t<article class=\"teft-card hoyre-person has-internal-link\">\n\t\t<div class=\"teft-card__media circle-crop\"><img decoding=\"async\" loading=\"lazy\" width=\"500\" height=\"500\" src=\"https:\/\/res.cloudinary.com\/hoyre\/image\/upload\/c_thumb,g_face:center,h_500,w_500,d_defaultprofileimg3.jpg,fl_lossy,f_auto\/w_500\/v20230420\/7010895.jpg\" style=\"background-position:50% 50%\" alt=\"Per Inge Hole\" \/><\/div>\t\t<div class=\"teft-card__primary\">\n\t\t\t\t\t\t\t<a href=\"https:\/\/hoyre.no\/personprofiler\/per-inge-hole\/\" class=\"primary-link\"><h2>Per Inge Hole<\/h2><\/a>\n\t\t\t\t\t\t\t\t\t\t<p>Varamedlem<\/p>\n\t\t\t\t\t\t\t\t<\/div>\n\n\t<\/article>\n\n\t<\/div><div class=\"teft-cards-item  is-card-hoyre-person\">\n\n\t<article class=\"teft-card hoyre-person has-internal-link\">\n\t\t<div class=\"teft-card__media circle-crop\"><img decoding=\"async\" loading=\"lazy\" width=\"500\" height=\"500\" src=\"https:\/\/res.cloudinary.com\/hoyre\/image\/upload\/c_thumb,g_face:center,h_500,w_500,d_defaultprofileimg3.jpg,fl_lossy,f_auto\/w_500\/v20230420\/11146388.jpg\" style=\"background-position:50% 50%\" alt=\"Hans K\u00e5re Os\" \/><\/div>\t\t<div class=\"teft-card__primary\">\n\t\t\t\t\t\t\t<a href=\"https:\/\/hoyre.no\/personprofiler\/hans-kare-os\/\" class=\"primary-link\"><h2>Hans K\u00e5re Os<\/h2><\/a>\n\t\t\t\t\t\t\t\t\t\t<p>Varamedlem<\/p>\n\t\t\t\t\t\t\t\t<\/div>\n\n\t<\/article>\n\n\t<\/div><div class=\"teft-cards-item  is-card-hoyre-person\">\n\n\t<article class=\"teft-card hoyre-person has-internal-link\">\n\t\t<div class=\"teft-card__media circle-crop\"><img decoding=\"async\" loading=\"lazy\" width=\"500\" height=\"500\" src=\"https:\/\/res.cloudinary.com\/hoyre\/image\/upload\/c_thumb,g_face:center,h_500,w_500,d_defaultprofileimg3.jpg,fl_lossy,f_auto\/w_500\/v20230420\/52243375.jpg\" style=\"background-position:50% 50%\" alt=\"Beate Klokset\" \/><\/div>\t\t<div class=\"teft-card__primary\">\n\t\t\t\t\t\t\t<a href=\"https:\/\/hoyre.no\/personprofiler\/beate-klokset\/\" class=\"primary-link\"><h2>Beate Klokset<\/h2><\/a>\n\t\t\t\t\t\t\t\t\t\t<p>Varamedlem<\/p>\n\t\t\t\t\t\t\t\t<\/div>\n\n\t<\/article>\n\n\t<\/div>\t\t<\/div>\n\t<\/div>\n<\/section>\n\n\n\n<section class=\"wp-block-hoyre-branch-contact-info aligncenter\">\n\t<div class=\"block-inner\">\n\t\t<h2>Kontakt oss<\/h2>\n\t\t<div class=\"panel\">\n\t\t\t<h3>Gloppen H\u00f8gre<\/h3>\n\t\t\t<dl class=\"info-misc-with-icons\">\n\t\t\t\t\t\t\t\t\t\t\t\t\n\t\t\t\t\t\t\t<\/dl>\n\t\t<\/div>\n\t<\/div>\n<\/section>\n\n","protected":false},"excerpt":{"rendered":"","protected":false},"author":0,"featured_media":0,"parent":0,"menu_order":0,"comment_status":"closed","ping_status":"closed","template":"","meta":{"teft_cards_image_url":"","teft_cards_custom_pretitle":"","teft_cards_image_id":0,"teft_cards_image_focal_point_x":0,"teft_cards_image_focal_point_y":0,"teft_cards_title":"","teft_cards_excerpt":"","teft_show_chapters":false,"footnotes":""},"class_list":["post-4","page","type-page","status-publish","hentry"],"yoast_head":"<!-- This site is optimized with the Yoast SEO plugin v26.6 - https:\/\/yoast.com\/wordpress\/plugins\/seo\/ -->\n<title>V\u00e5re folk - Gloppen H\u00f8gre<\/title>\n<meta name=\"robots\" content=\"index, follow, max-snippet:-1, max-image-preview:large, max-video-preview:-1\" \/>\n<link rel=\"canonical\" href=\"https:\/\/hoyre.no\/gloppen\/vare-folk\/\" \/>\n<meta property=\"og:locale\" content=\"nn_NO\" \/>\n<meta property=\"og:type\" content=\"article\" \/>\n<meta property=\"og:title\" content=\"V\u00e5re folk - Gloppen H\u00f8gre\" \/>\n<meta property=\"og:url\" content=\"https:\/\/hoyre.no\/gloppen\/vare-folk\/\" \/>\n<meta property=\"og:site_name\" content=\"Gloppen H\u00f8gre\" \/>\n<meta property=\"og:image\" content=\"https:\/\/hoyre.no\/content\/uploads\/sites\/335\/2022\/11\/Hoyres-logo.png\" \/>\n\t<meta property=\"og:image:width\" content=\"1000\" \/>\n\t<meta property=\"og:image:height\" content=\"1000\" \/>\n\t<meta property=\"og:image:type\" content=\"image\/png\" \/>\n<meta name=\"twitter:card\" content=\"summary_large_image\" \/>\n<script type=\"application\/ld+json\" class=\"yoast-schema-graph\">{\"@context\":\"https:\/\/schema.org\",\"@graph\":[{\"@type\":\"WebPage\",\"@id\":\"https:\/\/hoyre.no\/gloppen\/vare-folk\/\",\"url\":\"https:\/\/hoyre.no\/gloppen\/vare-folk\/\",\"name\":\"V\u00e5re folk - Gloppen H\u00f8gre\",\"isPartOf\":{\"@id\":\"https:\/\/hoyre.no\/gloppen\/#website\"},\"datePublished\":\"2020-11-14T19:59:50+00:00\",\"breadcrumb\":{\"@id\":\"https:\/\/hoyre.no\/gloppen\/vare-folk\/#breadcrumb\"},\"inLanguage\":\"nn-NO\",\"potentialAction\":[{\"@type\":\"ReadAction\",\"target\":[\"https:\/\/hoyre.no\/gloppen\/vare-folk\/\"]}]},{\"@type\":\"BreadcrumbList\",\"@id\":\"https:\/\/hoyre.no\/gloppen\/vare-folk\/#breadcrumb\",\"itemListElement\":[{\"@type\":\"ListItem\",\"position\":1,\"name\":\"Til hoyre.no\",\"item\":\"https:\/\/hoyre.no\"},{\"@type\":\"ListItem\",\"position\":2,\"name\":\"Hjem\",\"item\":\"https:\/\/hoyre.no\/gloppen\/\"},{\"@type\":\"ListItem\",\"position\":3,\"name\":\"V\u00e5re folk\"}]},{\"@type\":\"WebSite\",\"@id\":\"https:\/\/hoyre.no\/gloppen\/#website\",\"url\":\"https:\/\/hoyre.no\/gloppen\/\",\"name\":\"Gloppen H\u00f8gre\",\"description\":\"Bare enda et H\u00f8yres nettsteder-nettsted\",\"inLanguage\":\"nn-NO\"}]}<\/script>\n<!-- \/ Yoast SEO plugin. -->","yoast_head_json":{"title":"V\u00e5re folk - Gloppen H\u00f8gre","robots":{"index":"index","follow":"follow","max-snippet":"max-snippet:-1","max-image-preview":"max-image-preview:large","max-video-preview":"max-video-preview:-1"},"canonical":"https:\/\/hoyre.no\/gloppen\/vare-folk\/","og_locale":"nn_NO","og_type":"article","og_title":"V\u00e5re folk - Gloppen H\u00f8gre","og_url":"https:\/\/hoyre.no\/gloppen\/vare-folk\/","og_site_name":"Gloppen H\u00f8gre","og_image":[{"width":1000,"height":1000,"url":"https:\/\/hoyre.no\/content\/uploads\/sites\/335\/2022\/11\/Hoyres-logo.png","type":"image\/png"}],"twitter_card":"summary_large_image","schema":{"@context":"https:\/\/schema.org","@graph":[{"@type":"WebPage","@id":"https:\/\/hoyre.no\/gloppen\/vare-folk\/","url":"https:\/\/hoyre.no\/gloppen\/vare-folk\/","name":"V\u00e5re folk - Gloppen H\u00f8gre","isPartOf":{"@id":"https:\/\/hoyre.no\/gloppen\/#website"},"datePublished":"2020-11-14T19:59:50+00:00","breadcrumb":{"@id":"https:\/\/hoyre.no\/gloppen\/vare-folk\/#breadcrumb"},"inLanguage":"nn-NO","potentialAction":[{"@type":"ReadAction","target":["https:\/\/hoyre.no\/gloppen\/vare-folk\/"]}]},{"@type":"BreadcrumbList","@id":"https:\/\/hoyre.no\/gloppen\/vare-folk\/#breadcrumb","itemListElement":[{"@type":"ListItem","position":1,"name":"Til hoyre.no","item":"https:\/\/hoyre.no"},{"@type":"ListItem","position":2,"name":"Hjem","item":"https:\/\/hoyre.no\/gloppen\/"},{"@type":"ListItem","position":3,"name":"V\u00e5re folk"}]},{"@type":"WebSite","@id":"https:\/\/hoyre.no\/gloppen\/#website","url":"https:\/\/hoyre.no\/gloppen\/","name":"Gloppen H\u00f8gre","description":"Bare enda et H\u00f8yres nettsteder-nettsted","inLanguage":"nn-NO"}]}},"distributor_meta":false,"distributor_terms":false,"distributor_media":false,"distributor_original_site_name":"Gloppen H\u00f8gre","distributor_original_site_url":"https:\/\/hoyre.no\/gloppen","push-errors":false,"_links":{"self":[{"href":"https:\/\/hoyre.no\/gloppen\/wp-json\/wp\/v2\/pages\/4","targetHints":{"allow":["GET"]}}],"collection":[{"href":"https:\/\/hoyre.no\/gloppen\/wp-json\/wp\/v2\/pages"}],"about":[{"href":"https:\/\/hoyre.no\/gloppen\/wp-json\/wp\/v2\/types\/page"}],"replies":[{"embeddable":true,"href":"https:\/\/hoyre.no\/gloppen\/wp-json\/wp\/v2\/comments?post=4"}],"version-history":[{"count":0,"href":"https:\/\/hoyre.no\/gloppen\/wp-json\/wp\/v2\/pages\/4\/revisions"}],"wp:attachment":[{"href":"https:\/\/hoyre.no\/gloppen\/wp-json\/wp\/v2\/media?parent=4"}],"curies":[{"name":"wp","href":"https:\/\/api.w.org\/{rel}","templated":true}]}}