{"id":314,"date":"2024-11-11T21:59:31","date_gmt":"2024-11-11T20:59:31","guid":{"rendered":"https:\/\/hoyre.no\/gran\/?page_id=314"},"modified":"2025-12-27T14:25:28","modified_gmt":"2025-12-27T13:25:28","slug":"arsmote-2024-med-sakspapirer","status":"publish","type":"page","link":"https:\/\/hoyre.no\/gran\/arsmote-2024-med-sakspapirer\/","title":{"rendered":"\u00c5rsm\u00f8te 2024 med sakspapirer"},"content":{"rendered":"\n<div class=\"wp-block-hoyre-banner undefined\"><div class=\"banner-inner\"><div class=\"banner-content\"><div class=\"entry-content\">\n<h2 class=\"wp-block-heading\">\u00c5rsm\u00f8te Gran H\u00f8yre 2024<\/h2>\n\n\n\n<p>\u00c5rsm\u00f8teprotokoll, vedtekter og sakspapirer<\/p>\n\n\n\n<div class=\"wp-block-buttons is-layout-flex wp-block-buttons-is-layout-flex\"><\/div>\n<\/div><\/div><\/div><\/div>\n\n\n\n<div class=\"wp-block-teft-file icon-link-block\"><a href=\"https:\/\/hoyre.no\/content\/uploads\/sites\/77\/2025\/01\/Protokoll-fra-arsmote-Gran-Hoyre-2024.pdf\" download><span class=\"file-title\">Protokoll-fra-arsmote-Gran-Hoyre-2024<\/span><span class=\"file-name\"><\/span><\/a><\/div>\n\n\n\n<div class=\"wp-block-teft-file icon-link-block\"><a href=\"https:\/\/hoyre.no\/content\/uploads\/sites\/77\/2025\/01\/Valgte-delegater-med-vara-til-fylkesarsmotet-15-16-februar-2025.pdf\" download><span class=\"file-title\">Valgte-delegater-med-vara-til-fylkesarsmotet-15-16-februar-2025<\/span><span class=\"file-name\"><\/span><\/a><\/div>\n\n\n\n<div class=\"wp-block-teft-file icon-link-block\"><a href=\"https:\/\/hoyre.no\/content\/uploads\/sites\/77\/2024\/11\/Innkalling-arsmote-Gran-Hoyre-2024.pdf\" download><span class=\"file-title\">Innkalling-\u00e5rsm\u00f8te-Gran-H\u00f8yre-2024<\/span><span class=\"file-name\"><\/span><\/a><\/div>\n\n\n\n<div class=\"wp-block-teft-file icon-link-block\"><a href=\"https:\/\/hoyre.no\/content\/uploads\/sites\/77\/2024\/10\/Vedtekter-for-Gran-Hoyre-151121.pdf\" download><span class=\"file-title\">Vedtekter-for-Gran-H\u00f8yre-151121<\/span><span class=\"file-name\">Vedtekter-for-Gran-Hoyre-151121.pdf [8.6kb]<\/span><\/a><\/div>\n\n\n\n<div class=\"wp-block-teft-file icon-link-block\"><a href=\"https:\/\/hoyre.no\/content\/uploads\/sites\/77\/2024\/11\/Arsberetning-Gran-Hoyre-2024.pdf\" download><span class=\"file-title\">\u00c5rsberetning Gran H\u00f8yre 2024<\/span><span class=\"file-name\">Arsberetning-Gran-Hoyre-2024.pdf [18.4kb]<\/span><\/a><\/div>\n\n\n\n\n<div class=\"wp-block-teft-file icon-link-block\"><a href=\"https:\/\/hoyre.no\/content\/uploads\/sites\/77\/2024\/11\/Arsberetning-Hadeland-og-Innlandet-UH-2024.pdf\" download><span class=\"file-title\">\u00c5rsberetning-Hadeland-og-Innlandet-Unge-H\u00f8yre-2024<\/span><span class=\"file-name\"><\/span><\/a><\/div>\n\n\n\n\n<div class=\"wp-block-teft-file icon-link-block\"><a href=\"https:\/\/hoyre.no\/content\/uploads\/sites\/77\/2024\/11\/Arsberetning-2024-Kommunstyregruppa.pdf\" download><span class=\"file-title\">\u00c5rsberetning-2024-Kommunstyregruppa<\/span><span class=\"file-name\">Arsberetning-2024-Kommunstyregruppa.pdf [5.7kb]<\/span><\/a><\/div>\n\n\n\n<div class=\"wp-block-teft-file icon-link-block\"><a href=\"https:\/\/hoyre.no\/content\/uploads\/sites\/77\/2024\/11\/Valgkomiteens-innstilling-2024.pdf\" download><span class=\"file-title\">Valgkomiteens-innstilling-2024<\/span><span class=\"file-name\"><\/span><\/a><\/div>\n\n\n\n<div class=\"wp-block-teft-file icon-link-block\"><a href=\"https:\/\/hoyre.no\/content\/uploads\/sites\/77\/2024\/11\/Resultat-og-balanse-31.12.2023-Gran-Hoyre.pdf\" download><span class=\"file-title\">Resultat-og-balanse-31.12.2023-Gran-Hoyre<\/span><span class=\"file-name\"><\/span><\/a><\/div>\n\n\n\n<div class=\"wp-block-teft-file icon-link-block\"><a href=\"https:\/\/hoyre.no\/content\/uploads\/sites\/77\/2024\/11\/Resultatrapport-og-balanse-for-perioden-01.01-31.10-2004.pdf\" download><span class=\"file-title\">Resultatrapport-og-balanse-for-perioden-01.01-31.10-2004<\/span><span class=\"file-name\"><\/span><\/a><\/div>\n","protected":false},"excerpt":{"rendered":"","protected":false},"author":17902,"featured_media":0,"parent":0,"menu_order":0,"comment_status":"closed","ping_status":"closed","template":"","meta":{"teft_cards_image_url":"","teft_cards_custom_pretitle":"","teft_cards_image_id":0,"teft_cards_image_focal_point_x":0,"teft_cards_image_focal_point_y":0,"teft_cards_title":"","teft_cards_excerpt":"","teft_show_chapters":false,"footnotes":""},"class_list":["post-314","page","type-page","status-publish","hentry"],"yoast_head":"<!-- This site is optimized with the Yoast SEO plugin v26.6 - https:\/\/yoast.com\/wordpress\/plugins\/seo\/ -->\n<title>\u00c5rsm\u00f8te 2024 med sakspapirer - Gran H\u00f8yre<\/title>\n<meta name=\"robots\" content=\"index, follow, max-snippet:-1, max-image-preview:large, max-video-preview:-1\" \/>\n<link rel=\"canonical\" href=\"https:\/\/hoyre.no\/gran\/arsmote-2024-med-sakspapirer\/\" \/>\n<meta property=\"og:locale\" content=\"nb_NO\" \/>\n<meta property=\"og:type\" content=\"article\" \/>\n<meta property=\"og:title\" content=\"\u00c5rsm\u00f8te 2024 med sakspapirer - Gran H\u00f8yre\" \/>\n<meta property=\"og:url\" content=\"https:\/\/hoyre.no\/gran\/arsmote-2024-med-sakspapirer\/\" \/>\n<meta property=\"og:site_name\" content=\"Gran H\u00f8yre\" \/>\n<meta property=\"article:modified_time\" content=\"2025-12-27T13:25:28+00:00\" \/>\n<meta property=\"og:image\" content=\"https:\/\/hoyre.no\/content\/uploads\/sites\/77\/2022\/11\/Hoyres-logo.png\" \/>\n\t<meta property=\"og:image:width\" content=\"1000\" \/>\n\t<meta property=\"og:image:height\" content=\"1000\" \/>\n\t<meta property=\"og:image:type\" content=\"image\/png\" \/>\n<meta name=\"twitter:card\" content=\"summary_large_image\" \/>\n<meta name=\"twitter:label1\" content=\"Ansl. lesetid\" \/>\n\t<meta name=\"twitter:data1\" content=\"1 minutt\" \/>\n<script type=\"application\/ld+json\" class=\"yoast-schema-graph\">{\"@context\":\"https:\/\/schema.org\",\"@graph\":[{\"@type\":\"WebPage\",\"@id\":\"https:\/\/hoyre.no\/gran\/arsmote-2024-med-sakspapirer\/\",\"url\":\"https:\/\/hoyre.no\/gran\/arsmote-2024-med-sakspapirer\/\",\"name\":\"\u00c5rsm\u00f8te 2024 med sakspapirer - Gran H\u00f8yre\",\"isPartOf\":{\"@id\":\"https:\/\/hoyre.no\/gran\/#website\"},\"datePublished\":\"2024-11-11T20:59:31+00:00\",\"dateModified\":\"2025-12-27T13:25:28+00:00\",\"breadcrumb\":{\"@id\":\"https:\/\/hoyre.no\/gran\/arsmote-2024-med-sakspapirer\/#breadcrumb\"},\"inLanguage\":\"nb-NO\",\"potentialAction\":[{\"@type\":\"ReadAction\",\"target\":[\"https:\/\/hoyre.no\/gran\/arsmote-2024-med-sakspapirer\/\"]}]},{\"@type\":\"BreadcrumbList\",\"@id\":\"https:\/\/hoyre.no\/gran\/arsmote-2024-med-sakspapirer\/#breadcrumb\",\"itemListElement\":[{\"@type\":\"ListItem\",\"position\":1,\"name\":\"Til hoyre.no\",\"item\":\"https:\/\/hoyre.no\"},{\"@type\":\"ListItem\",\"position\":2,\"name\":\"Hjem\",\"item\":\"https:\/\/hoyre.no\/gran\/\"},{\"@type\":\"ListItem\",\"position\":3,\"name\":\"\u00c5rsm\u00f8te 2024 med sakspapirer\"}]},{\"@type\":\"WebSite\",\"@id\":\"https:\/\/hoyre.no\/gran\/#website\",\"url\":\"https:\/\/hoyre.no\/gran\/\",\"name\":\"Gran H\u00f8yre\",\"description\":\"Bare enda et H\u00f8yres nettsteder-nettsted\",\"inLanguage\":\"nb-NO\"}]}<\/script>\n<!-- \/ Yoast SEO plugin. -->","yoast_head_json":{"title":"\u00c5rsm\u00f8te 2024 med sakspapirer - Gran H\u00f8yre","robots":{"index":"index","follow":"follow","max-snippet":"max-snippet:-1","max-image-preview":"max-image-preview:large","max-video-preview":"max-video-preview:-1"},"canonical":"https:\/\/hoyre.no\/gran\/arsmote-2024-med-sakspapirer\/","og_locale":"nb_NO","og_type":"article","og_title":"\u00c5rsm\u00f8te 2024 med sakspapirer - Gran H\u00f8yre","og_url":"https:\/\/hoyre.no\/gran\/arsmote-2024-med-sakspapirer\/","og_site_name":"Gran H\u00f8yre","article_modified_time":"2025-12-27T13:25:28+00:00","og_image":[{"width":1000,"height":1000,"url":"https:\/\/hoyre.no\/content\/uploads\/sites\/77\/2022\/11\/Hoyres-logo.png","type":"image\/png"}],"twitter_card":"summary_large_image","twitter_misc":{"Ansl. lesetid":"1 minutt"},"schema":{"@context":"https:\/\/schema.org","@graph":[{"@type":"WebPage","@id":"https:\/\/hoyre.no\/gran\/arsmote-2024-med-sakspapirer\/","url":"https:\/\/hoyre.no\/gran\/arsmote-2024-med-sakspapirer\/","name":"\u00c5rsm\u00f8te 2024 med sakspapirer - Gran H\u00f8yre","isPartOf":{"@id":"https:\/\/hoyre.no\/gran\/#website"},"datePublished":"2024-11-11T20:59:31+00:00","dateModified":"2025-12-27T13:25:28+00:00","breadcrumb":{"@id":"https:\/\/hoyre.no\/gran\/arsmote-2024-med-sakspapirer\/#breadcrumb"},"inLanguage":"nb-NO","potentialAction":[{"@type":"ReadAction","target":["https:\/\/hoyre.no\/gran\/arsmote-2024-med-sakspapirer\/"]}]},{"@type":"BreadcrumbList","@id":"https:\/\/hoyre.no\/gran\/arsmote-2024-med-sakspapirer\/#breadcrumb","itemListElement":[{"@type":"ListItem","position":1,"name":"Til hoyre.no","item":"https:\/\/hoyre.no"},{"@type":"ListItem","position":2,"name":"Hjem","item":"https:\/\/hoyre.no\/gran\/"},{"@type":"ListItem","position":3,"name":"\u00c5rsm\u00f8te 2024 med sakspapirer"}]},{"@type":"WebSite","@id":"https:\/\/hoyre.no\/gran\/#website","url":"https:\/\/hoyre.no\/gran\/","name":"Gran H\u00f8yre","description":"Bare enda et H\u00f8yres nettsteder-nettsted","inLanguage":"nb-NO"}]}},"distributor_meta":false,"distributor_terms":false,"distributor_media":false,"distributor_original_site_name":"Gran H\u00f8yre","distributor_original_site_url":"https:\/\/hoyre.no\/gran","push-errors":false,"_links":{"self":[{"href":"https:\/\/hoyre.no\/gran\/wp-json\/wp\/v2\/pages\/314","targetHints":{"allow":["GET"]}}],"collection":[{"href":"https:\/\/hoyre.no\/gran\/wp-json\/wp\/v2\/pages"}],"about":[{"href":"https:\/\/hoyre.no\/gran\/wp-json\/wp\/v2\/types\/page"}],"author":[{"embeddable":true,"href":"https:\/\/hoyre.no\/gran\/wp-json\/wp\/v2\/users\/17902"}],"replies":[{"embeddable":true,"href":"https:\/\/hoyre.no\/gran\/wp-json\/wp\/v2\/comments?post=314"}],"version-history":[{"count":7,"href":"https:\/\/hoyre.no\/gran\/wp-json\/wp\/v2\/pages\/314\/revisions"}],"predecessor-version":[{"id":379,"href":"https:\/\/hoyre.no\/gran\/wp-json\/wp\/v2\/pages\/314\/revisions\/379"}],"wp:attachment":[{"href":"https:\/\/hoyre.no\/gran\/wp-json\/wp\/v2\/media?parent=314"}],"curies":[{"name":"wp","href":"https:\/\/api.w.org\/{rel}","templated":true}]}}