{"id":100,"date":"2023-05-02T12:44:04","date_gmt":"2023-05-02T10:44:04","guid":{"rendered":"https:\/\/hoyre.no\/grimstad\/?page_id=100"},"modified":"2023-05-24T20:43:55","modified_gmt":"2023-05-24T18:43:55","slug":"politikk","status":"publish","type":"page","link":"https:\/\/hoyre.no\/grimstad\/politikk\/","title":{"rendered":"Politikk"},"content":{"rendered":"\n<div class=\"wp-block-hoyre-hero with-image-gradient text-color-light  alignfull has-background\"><div class=\"hoyre-hero \"><h1 class=\"title\">Politikk<\/h1><p class=\"preamble\">N\u00e5r frivilligheten, n\u00e6ringslivet og offentlig sektor spiller p\u00e5 lag, skapes det gode lokalsamfunn. H\u00f8yre tror p\u00e5 enkeltmenneskets evne og lyst til \u00e5 st\u00e5 p\u00e5 egne ben.<br><br>Det er v\u00e5r oppgave \u00e5 s\u00f8rge for at mennesker kan leve gode liv, uansett utgangspunkt. Vi skaper ikke politikk for kommunen, men for alle som bor der. H\u00f8yre tror p\u00e5 et samfunn som gir muligheter for alle.<\/p><\/div><\/div>\n\n\n\n\t\t<div class=\"has-lightest-blue-background-color is-layout-left alignwide alignwide wp-block-hoyre-media-text\">\n\t\t\t<div class=\"hoyre-media-text__media\">\n\t\t\t\t<img loading=\"lazy\" decoding=\"async\" width=\"1024\" height=\"892\" src=\"https:\/\/hoyre.no\/content\/uploads\/sites\/32\/2023\/05\/HN3_1710-1024x892.jpg\" class=\"hoyre-media-text__media-image\" alt=\"\" style=\"--focal: 69% 47%;\" srcset=\"https:\/\/hoyre.no\/content\/uploads\/sites\/32\/2023\/05\/HN3_1710-1024x892.jpg 1024w, https:\/\/hoyre.no\/content\/uploads\/sites\/32\/2023\/05\/HN3_1710-300x261.jpg 300w, https:\/\/hoyre.no\/content\/uploads\/sites\/32\/2023\/05\/HN3_1710-768x669.jpg 768w, https:\/\/hoyre.no\/content\/uploads\/sites\/32\/2023\/05\/HN3_1710-1536x1338.jpg 1536w, https:\/\/hoyre.no\/content\/uploads\/sites\/32\/2023\/05\/HN3_1710-2048x1784.jpg 2048w\" sizes=\"auto, (max-width: 1024px) 100vw, 1024px\" \/>\n\t\t\t<\/div>\n\t\t\t<div class=\"hoyre-media-text__content\">\n\t\t\t\t<div class=\"hoyre-media-text__content-inner\">\n\t\t\t\t\t\n\t\t\t<div class=\"hoyre-media-text__title-container\">\n\t\t\t\t\n\t\t\t\t<h2 class=\"hoyre-media-text__title\">Syv gode grunner til \u00e5 stemme H\u00f8yre i Grimstad<\/h2>\n\t\t\t<\/div>\n\t\t\t\n\t\t\t\t\t<div class=\"hoyre-media-text__blocks\">\n<p>H\u00f8yre \u00f8nsker \u00e5 videreutvikle Grimstad kommune. Vi vil ha en kommune som spiller p\u00e5 lag med deg. Den skal gi deg mer frihet i hverdagen, og v\u00e6re der for deg n\u00e5r du trenger den.<\/p>\n<\/div>\n\t\t\t\t\t\n\t\t\t<div class=\"hoyre-media-text__buttons\">\n\t\t\t\t<a class=\"button\" href=\"https:\/\/hoyre.no\/grimstad\/syv-gode-grunner-til-a-stemme-hoyre-i-grimstad\/\">Les mer<\/a>\n\t\t\t<\/div>\n\t\t\t\n\t\t\t\t<\/div>\n\t\t\t<\/div>\n\t\t<\/div>\n\t\t\n\n\n<h2 class=\"wp-block-heading\">Les programmet vi g\u00e5r til valg p\u00e5<\/h2>\n\n\n\n<p>Her kan du laste ned Grimstad H\u00f8yres valgprogram for 2023 &#8211; 2027:<\/p>\n\n\n\n<div class=\"wp-block-teft-file icon-link-block\"><a href=\"https:\/\/hoyre.no\/content\/uploads\/sites\/32\/2023\/05\/Strategidokument-Grimstad-Hoyre-2023-2027-endelig-versjon-4.pdf\" download><span class=\"file-title\">Grimstad H\u00f8yres valgprogram 2023-2027<\/span><span class=\"file-name\"><\/span><\/a><\/div>\n\n\n","protected":false},"excerpt":{"rendered":"<p>Les programmet vi g\u00e5r til valg p\u00e5 Her kan du laste ned Grimstad H\u00f8yres valgprogram for 2023 &#8211; 2027:<\/p>\n","protected":false},"author":19227,"featured_media":0,"parent":0,"menu_order":0,"comment_status":"closed","ping_status":"closed","template":"","meta":{"teft_cards_image_url":"","teft_cards_custom_pretitle":"","teft_cards_image_id":0,"teft_cards_image_focal_point_x":0,"teft_cards_image_focal_point_y":0,"teft_cards_title":"","teft_cards_excerpt":"","teft_show_chapters":false,"footnotes":""},"class_list":["post-100","page","type-page","status-publish","hentry"],"yoast_head":"<!-- This site is optimized with the Yoast SEO plugin v26.6 - https:\/\/yoast.com\/wordpress\/plugins\/seo\/ -->\n<title>Politikk - Grimstad H\u00f8yre<\/title>\n<meta name=\"robots\" content=\"index, follow, max-snippet:-1, max-image-preview:large, max-video-preview:-1\" \/>\n<link rel=\"canonical\" href=\"https:\/\/hoyre.no\/grimstad\/politikk\/\" \/>\n<meta property=\"og:locale\" content=\"nb_NO\" \/>\n<meta property=\"og:type\" content=\"article\" \/>\n<meta property=\"og:title\" content=\"Politikk - Grimstad H\u00f8yre\" \/>\n<meta property=\"og:description\" content=\"Les programmet vi g\u00e5r til valg p\u00e5 Her kan du laste ned Grimstad H\u00f8yres valgprogram for 2023 &#8211; 2027:\" \/>\n<meta property=\"og:url\" content=\"https:\/\/hoyre.no\/grimstad\/politikk\/\" \/>\n<meta property=\"og:site_name\" content=\"Grimstad H\u00f8yre\" \/>\n<meta property=\"article:modified_time\" content=\"2023-05-24T18:43:55+00:00\" \/>\n<meta property=\"og:image\" content=\"https:\/\/hoyre.no\/content\/uploads\/sites\/32\/2022\/11\/2020_RGB_hoyre_logo_profilbilde_011.png\" \/>\n\t<meta property=\"og:image:width\" content=\"1000\" \/>\n\t<meta property=\"og:image:height\" content=\"1000\" \/>\n\t<meta property=\"og:image:type\" content=\"image\/png\" \/>\n<meta name=\"twitter:card\" content=\"summary_large_image\" \/>\n<meta name=\"twitter:label1\" content=\"Ansl. lesetid\" \/>\n\t<meta name=\"twitter:data1\" content=\"1 minutt\" \/>\n<script type=\"application\/ld+json\" class=\"yoast-schema-graph\">{\"@context\":\"https:\/\/schema.org\",\"@graph\":[{\"@type\":\"WebPage\",\"@id\":\"https:\/\/hoyre.no\/grimstad\/politikk\/\",\"url\":\"https:\/\/hoyre.no\/grimstad\/politikk\/\",\"name\":\"Politikk - Grimstad H\u00f8yre\",\"isPartOf\":{\"@id\":\"https:\/\/hoyre.no\/grimstad\/#website\"},\"datePublished\":\"2023-05-02T10:44:04+00:00\",\"dateModified\":\"2023-05-24T18:43:55+00:00\",\"breadcrumb\":{\"@id\":\"https:\/\/hoyre.no\/grimstad\/politikk\/#breadcrumb\"},\"inLanguage\":\"nb-NO\",\"potentialAction\":[{\"@type\":\"ReadAction\",\"target\":[\"https:\/\/hoyre.no\/grimstad\/politikk\/\"]}]},{\"@type\":\"BreadcrumbList\",\"@id\":\"https:\/\/hoyre.no\/grimstad\/politikk\/#breadcrumb\",\"itemListElement\":[{\"@type\":\"ListItem\",\"position\":1,\"name\":\"Til hoyre.no\",\"item\":\"https:\/\/hoyre.no\"},{\"@type\":\"ListItem\",\"position\":2,\"name\":\"Hjem\",\"item\":\"https:\/\/hoyre.no\/grimstad\/\"},{\"@type\":\"ListItem\",\"position\":3,\"name\":\"Politikk\"}]},{\"@type\":\"WebSite\",\"@id\":\"https:\/\/hoyre.no\/grimstad\/#website\",\"url\":\"https:\/\/hoyre.no\/grimstad\/\",\"name\":\"Grimstad H\u00f8yre\",\"description\":\"Bare enda et H\u00f8yres nettsteder-nettsted\",\"inLanguage\":\"nb-NO\"}]}<\/script>\n<!-- \/ Yoast SEO plugin. -->","yoast_head_json":{"title":"Politikk - Grimstad H\u00f8yre","robots":{"index":"index","follow":"follow","max-snippet":"max-snippet:-1","max-image-preview":"max-image-preview:large","max-video-preview":"max-video-preview:-1"},"canonical":"https:\/\/hoyre.no\/grimstad\/politikk\/","og_locale":"nb_NO","og_type":"article","og_title":"Politikk - Grimstad H\u00f8yre","og_description":"Les programmet vi g\u00e5r til valg p\u00e5 Her kan du laste ned Grimstad H\u00f8yres valgprogram for 2023 &#8211; 2027:","og_url":"https:\/\/hoyre.no\/grimstad\/politikk\/","og_site_name":"Grimstad H\u00f8yre","article_modified_time":"2023-05-24T18:43:55+00:00","og_image":[{"width":1000,"height":1000,"url":"https:\/\/hoyre.no\/content\/uploads\/sites\/32\/2022\/11\/2020_RGB_hoyre_logo_profilbilde_011.png","type":"image\/png"}],"twitter_card":"summary_large_image","twitter_misc":{"Ansl. lesetid":"1 minutt"},"schema":{"@context":"https:\/\/schema.org","@graph":[{"@type":"WebPage","@id":"https:\/\/hoyre.no\/grimstad\/politikk\/","url":"https:\/\/hoyre.no\/grimstad\/politikk\/","name":"Politikk - Grimstad H\u00f8yre","isPartOf":{"@id":"https:\/\/hoyre.no\/grimstad\/#website"},"datePublished":"2023-05-02T10:44:04+00:00","dateModified":"2023-05-24T18:43:55+00:00","breadcrumb":{"@id":"https:\/\/hoyre.no\/grimstad\/politikk\/#breadcrumb"},"inLanguage":"nb-NO","potentialAction":[{"@type":"ReadAction","target":["https:\/\/hoyre.no\/grimstad\/politikk\/"]}]},{"@type":"BreadcrumbList","@id":"https:\/\/hoyre.no\/grimstad\/politikk\/#breadcrumb","itemListElement":[{"@type":"ListItem","position":1,"name":"Til hoyre.no","item":"https:\/\/hoyre.no"},{"@type":"ListItem","position":2,"name":"Hjem","item":"https:\/\/hoyre.no\/grimstad\/"},{"@type":"ListItem","position":3,"name":"Politikk"}]},{"@type":"WebSite","@id":"https:\/\/hoyre.no\/grimstad\/#website","url":"https:\/\/hoyre.no\/grimstad\/","name":"Grimstad H\u00f8yre","description":"Bare enda et H\u00f8yres nettsteder-nettsted","inLanguage":"nb-NO"}]}},"distributor_meta":false,"distributor_terms":false,"distributor_media":false,"distributor_original_site_name":"Grimstad H\u00f8yre","distributor_original_site_url":"https:\/\/hoyre.no\/grimstad","push-errors":false,"_links":{"self":[{"href":"https:\/\/hoyre.no\/grimstad\/wp-json\/wp\/v2\/pages\/100","targetHints":{"allow":["GET"]}}],"collection":[{"href":"https:\/\/hoyre.no\/grimstad\/wp-json\/wp\/v2\/pages"}],"about":[{"href":"https:\/\/hoyre.no\/grimstad\/wp-json\/wp\/v2\/types\/page"}],"author":[{"embeddable":true,"href":"https:\/\/hoyre.no\/grimstad\/wp-json\/wp\/v2\/users\/19227"}],"replies":[{"embeddable":true,"href":"https:\/\/hoyre.no\/grimstad\/wp-json\/wp\/v2\/comments?post=100"}],"version-history":[{"count":7,"href":"https:\/\/hoyre.no\/grimstad\/wp-json\/wp\/v2\/pages\/100\/revisions"}],"predecessor-version":[{"id":158,"href":"https:\/\/hoyre.no\/grimstad\/wp-json\/wp\/v2\/pages\/100\/revisions\/158"}],"wp:attachment":[{"href":"https:\/\/hoyre.no\/grimstad\/wp-json\/wp\/v2\/media?parent=100"}],"curies":[{"name":"wp","href":"https:\/\/api.w.org\/{rel}","templated":true}]}}