{"id":25,"date":"2023-05-02T12:45:02","date_gmt":"2023-05-02T10:45:02","guid":{"rendered":"https:\/\/hoyre.no\/grue\/?page_id=25"},"modified":"2023-07-11T14:28:25","modified_gmt":"2023-07-11T12:28:25","slug":"politikk","status":"publish","type":"page","link":"https:\/\/hoyre.no\/grue\/politikk\/","title":{"rendered":"Politikk"},"content":{"rendered":"\n<div class=\"wp-block-hoyre-hero with-image-gradient text-color-light  has-media alignfull has-background\"><div class=\"hoyre-hero has-image\"><h1 class=\"title\">Politikk<\/h1><p class=\"preamble\">En viktig sak for Grue H\u00f8yre fremover blir hvordan vi kan skape et samfunn som gir muligheter for alle. Bakgrunn og \u00f8konomi skal ikke ha noe \u00e5 si. Gjennom v\u00e5r politikk vil vi legge til rette for at hvert enkelt menneske kan n\u00e5s sitt fulle potensiale, uavhengig av hvilke forutsetninger man har.<\/p>\t\t\t<div class=\"post-meta wp-block teft-byline-wrapper\">\n\t\t\t\t<div class=\"top\">\n\t\t\t\t\t<div class=\"signature\">\n\t\t\t\t\t\t<div class=\"teft-byline\">\n\t\t\t\t\t\t\t\t\t\t\t\t\t\t<div>\n\t\t\t\t\t\t\t\t<h3>H\u00f8yres redaksjon<\/h3>\t\t\t\t\t\t\t\t\n\t\t\t\t\t\t\t\t\t\t\t\t\t\t\t\t\t<span class=\"date\">Sist oppdatert: 11. juli 2023<\/span>\n\t\t\t\t\t\t\t\t\t\t\t\t\t\t\t\t\t\t\t\t\t\t\t\t\t<span class=\"reading-time\" itemprop=\"timeRequired\" content=\"PT1M\"><em>Ca. 1 minutter lesetid<\/em><\/span>\n\t\t\t\t\t\t\t\t\t\t\t\t\t\t\t<\/div>\n\t\t\t\t\t\t<\/div>\n\t\t\t\t\t<\/div>\n\t\t\t\t\t\t<div class=\"sharing\">\n\t\t<a class=\"share-button share-link copy-link\" data-copy=\"https:\/\/hoyre.no\/grue\/politikk\/\" target=\"_blank\"><span class=\"screen-reader-text\">Del link<\/span><\/a>\n\t\t<a class=\"share-button share-twitter\" href=\"http:\/\/twitter.com\/share?text=Politikk&#038;url=https:\/\/hoyre.no\/grue\/politikk\/&#038;hashtags=Hoyre\" target=\"_blank\"><span class=\"screen-reader-text\">Del p\u00e5 twitter<\/span><\/a>\n\t\t<a class=\"share-button share-facebook\" href=\"https:\/\/www.facebook.com\/sharer\/sharer.php?u=https:\/\/hoyre.no\/grue\/politikk\/\" target=\"_blank\"><span class=\"screen-reader-text\">Del p\u00e5 facebook<\/span><\/a>\n\t<\/div>\n\t\t\t\t\t<\/div>\n\t\t\t<\/div>\n\n\t\t\t<figure class=\"hoyre-image-wrapper\"><div class=\"hoyre-image\"><img loading=\"lazy\" decoding=\"async\" width=\"2500\" height=\"1668\" src=\"https:\/\/hoyre.no\/content\/uploads\/sites\/75\/2023\/07\/GettyImages-1332316949-scaled.jpg\" class=\"attachment-scaled size-scaled\" alt=\"\" style=\"object-position: 48% 41%\" srcset=\"https:\/\/hoyre.no\/content\/uploads\/sites\/75\/2023\/07\/GettyImages-1332316949-scaled.jpg 2500w, https:\/\/hoyre.no\/content\/uploads\/sites\/75\/2023\/07\/GettyImages-1332316949-300x200.jpg 300w, https:\/\/hoyre.no\/content\/uploads\/sites\/75\/2023\/07\/GettyImages-1332316949-1024x683.jpg 1024w, https:\/\/hoyre.no\/content\/uploads\/sites\/75\/2023\/07\/GettyImages-1332316949-768x512.jpg 768w, https:\/\/hoyre.no\/content\/uploads\/sites\/75\/2023\/07\/GettyImages-1332316949-1536x1025.jpg 1536w, https:\/\/hoyre.no\/content\/uploads\/sites\/75\/2023\/07\/GettyImages-1332316949-2048x1366.jpg 2048w\" sizes=\"auto, (max-width: 2500px) 100vw, 2500px\" \/><\/div><\/figure><\/div><\/div>\n\n\n\n<div class=\"wp-block-media-text alignwide is-stacked-on-mobile is-image-fill is-style-lightest-blue\"><figure class=\"wp-block-media-text__media\" style=\"background-image:url('https:\/\/hoyre.no\/content\/uploads\/sites\/75\/2023\/07\/DSC_0208-1024x683.jpg');background-position:50% 50%\"><img loading=\"lazy\" decoding=\"async\" width=\"1024\" height=\"683\" src=\"https:\/\/hoyre.no\/content\/uploads\/sites\/75\/2023\/07\/DSC_0208-1024x683.jpg\" alt=\"\" class=\"wp-image-98 size-full\" srcset=\"https:\/\/hoyre.no\/content\/uploads\/sites\/75\/2023\/07\/DSC_0208-1024x683.jpg 1024w, https:\/\/hoyre.no\/content\/uploads\/sites\/75\/2023\/07\/DSC_0208-300x200.jpg 300w, https:\/\/hoyre.no\/content\/uploads\/sites\/75\/2023\/07\/DSC_0208-768x512.jpg 768w, https:\/\/hoyre.no\/content\/uploads\/sites\/75\/2023\/07\/DSC_0208-1536x1024.jpg 1536w, https:\/\/hoyre.no\/content\/uploads\/sites\/75\/2023\/07\/DSC_0208-2048x1365.jpg 2048w\" sizes=\"auto, (max-width: 1024px) 100vw, 1024px\" \/><\/figure><div class=\"wp-block-media-text__content\">\n<h2 class=\"wp-block-heading\">Grue H\u00f8yre&#8230;<\/h2>\n\n\n\n<ul class=\"wp-block-list\"><li>er et parti som vil arbeide for Gruepolitikk og et samfunn hvor innbyggere trives.<\/li><li>vil s\u00f8ke samarbeide for \u00e5 komme i posisjon.<\/li><li>vil bygge Grue samfunnet p\u00e5 tillit til den enkelte innbygger, respekt for privat eiendom og selvr\u00e5deretten, legge til rette for privat og lokalt initiativ.<\/li><li>vil arbeide for \u00e5 skape trygge forhold for unge, ved \u00e5 s\u00f8rge for gode barnehage- og skoletilbud.<\/li><li>har omsorg for den som trenger det.<\/li><li>vil at alle skal ha frihet til og ansvar for \u00e5 forme sitt eget liv.<\/li><li>mener ansvar skal v\u00e6re plassert s\u00e5 n\u00e6rt den enkelte og familien som mulig.<\/li><li>er \u00e5pen for en omstrukturering av dagens kommunestruktur<br>avhengig av den \u00f8konomiske situasjonen fremover.<\/li><\/ul>\n<\/div><\/div>\n\n\n\n\n<div class=\"wp-block-teft-file alignwide icon-link-block\"><a href=\"https:\/\/hoyre.no\/content\/uploads\/sites\/75\/2023\/07\/Brosjyre_A5_grue_hoyre_web.pdf\" download><span class=\"file-title\">Her kan du lese Grue H\u00f8yres valgprogram for 2023-2027<\/span><\/a><\/div>\n\n","protected":false},"excerpt":{"rendered":"<p>Grue H\u00f8yre&#8230; er et parti som vil arbeide for Gruepolitikk og et samfunn hvor innbyggere trives. vil s\u00f8ke samarbeide for \u00e5 komme i posisjon. vil bygge Grue samfunnet p\u00e5 tillit til den enkelte innbygger, respekt for privat eiendom og selvr\u00e5deretten, legge til rette for privat og lokalt initiativ. vil arbeide for \u00e5 skape trygge forhold [&hellip;]<\/p>\n","protected":false},"author":28039,"featured_media":0,"parent":0,"menu_order":0,"comment_status":"closed","ping_status":"closed","template":"","meta":{"teft_cards_image_url":"","teft_cards_custom_pretitle":"","teft_cards_image_id":0,"teft_cards_image_focal_point_x":0,"teft_cards_image_focal_point_y":0,"teft_cards_title":"","teft_cards_excerpt":"","teft_show_chapters":false,"footnotes":""},"class_list":["post-25","page","type-page","status-publish","hentry"],"yoast_head":"<!-- This site is optimized with the Yoast SEO plugin v26.6 - https:\/\/yoast.com\/wordpress\/plugins\/seo\/ -->\n<title>Politikk - Grue H\u00f8yre<\/title>\n<meta name=\"robots\" content=\"index, follow, max-snippet:-1, max-image-preview:large, max-video-preview:-1\" \/>\n<link rel=\"canonical\" href=\"https:\/\/hoyre.no\/grue\/politikk\/\" \/>\n<meta property=\"og:locale\" content=\"nb_NO\" \/>\n<meta property=\"og:type\" content=\"article\" \/>\n<meta property=\"og:title\" content=\"Politikk - Grue H\u00f8yre\" \/>\n<meta property=\"og:description\" content=\"Grue H\u00f8yre&#8230; er et parti som vil arbeide for Gruepolitikk og et samfunn hvor innbyggere trives. vil s\u00f8ke samarbeide for \u00e5 komme i posisjon. vil bygge Grue samfunnet p\u00e5 tillit til den enkelte innbygger, respekt for privat eiendom og selvr\u00e5deretten, legge til rette for privat og lokalt initiativ. vil arbeide for \u00e5 skape trygge forhold [&hellip;]\" \/>\n<meta property=\"og:url\" content=\"https:\/\/hoyre.no\/grue\/politikk\/\" \/>\n<meta property=\"og:site_name\" content=\"Grue H\u00f8yre\" \/>\n<meta property=\"article:modified_time\" content=\"2023-07-11T12:28:25+00:00\" \/>\n<meta property=\"og:image\" content=\"https:\/\/hoyre.no\/content\/uploads\/sites\/75\/2023\/07\/DSC_0208-1024x683.jpg\" \/>\n<meta name=\"twitter:card\" content=\"summary_large_image\" \/>\n<meta name=\"twitter:label1\" content=\"Ansl. lesetid\" \/>\n\t<meta name=\"twitter:data1\" content=\"2 minutter\" \/>\n<script type=\"application\/ld+json\" class=\"yoast-schema-graph\">{\"@context\":\"https:\/\/schema.org\",\"@graph\":[{\"@type\":\"WebPage\",\"@id\":\"https:\/\/hoyre.no\/grue\/politikk\/\",\"url\":\"https:\/\/hoyre.no\/grue\/politikk\/\",\"name\":\"Politikk - Grue H\u00f8yre\",\"isPartOf\":{\"@id\":\"https:\/\/hoyre.no\/grue\/#website\"},\"image\":{\"@id\":\"https:\/\/hoyre.no\/grue\/politikk\/#primaryimage\"},\"thumbnailUrl\":\"https:\/\/hoyre.no\/content\/uploads\/sites\/75\/2023\/07\/DSC_0208-1024x683.jpg\",\"datePublished\":\"2023-05-02T10:45:02+00:00\",\"dateModified\":\"2023-07-11T12:28:25+00:00\",\"breadcrumb\":{\"@id\":\"https:\/\/hoyre.no\/grue\/politikk\/#breadcrumb\"},\"inLanguage\":\"nb-NO\",\"potentialAction\":[{\"@type\":\"ReadAction\",\"target\":[\"https:\/\/hoyre.no\/grue\/politikk\/\"]}]},{\"@type\":\"ImageObject\",\"inLanguage\":\"nb-NO\",\"@id\":\"https:\/\/hoyre.no\/grue\/politikk\/#primaryimage\",\"url\":\"https:\/\/hoyre.no\/content\/uploads\/sites\/75\/2023\/07\/DSC_0208-1024x683.jpg\",\"contentUrl\":\"https:\/\/hoyre.no\/content\/uploads\/sites\/75\/2023\/07\/DSC_0208-1024x683.jpg\"},{\"@type\":\"BreadcrumbList\",\"@id\":\"https:\/\/hoyre.no\/grue\/politikk\/#breadcrumb\",\"itemListElement\":[{\"@type\":\"ListItem\",\"position\":1,\"name\":\"Til hoyre.no\",\"item\":\"https:\/\/hoyre.no\"},{\"@type\":\"ListItem\",\"position\":2,\"name\":\"Hjem\",\"item\":\"https:\/\/hoyre.no\/grue\/\"},{\"@type\":\"ListItem\",\"position\":3,\"name\":\"Politikk\"}]},{\"@type\":\"WebSite\",\"@id\":\"https:\/\/hoyre.no\/grue\/#website\",\"url\":\"https:\/\/hoyre.no\/grue\/\",\"name\":\"Grue H\u00f8yre\",\"description\":\"Bare enda et H\u00f8yres nettsteder-nettsted\",\"inLanguage\":\"nb-NO\"}]}<\/script>\n<!-- \/ Yoast SEO plugin. -->","yoast_head_json":{"title":"Politikk - Grue H\u00f8yre","robots":{"index":"index","follow":"follow","max-snippet":"max-snippet:-1","max-image-preview":"max-image-preview:large","max-video-preview":"max-video-preview:-1"},"canonical":"https:\/\/hoyre.no\/grue\/politikk\/","og_locale":"nb_NO","og_type":"article","og_title":"Politikk - Grue H\u00f8yre","og_description":"Grue H\u00f8yre&#8230; er et parti som vil arbeide for Gruepolitikk og et samfunn hvor innbyggere trives. vil s\u00f8ke samarbeide for \u00e5 komme i posisjon. vil bygge Grue samfunnet p\u00e5 tillit til den enkelte innbygger, respekt for privat eiendom og selvr\u00e5deretten, legge til rette for privat og lokalt initiativ. vil arbeide for \u00e5 skape trygge forhold [&hellip;]","og_url":"https:\/\/hoyre.no\/grue\/politikk\/","og_site_name":"Grue H\u00f8yre","article_modified_time":"2023-07-11T12:28:25+00:00","og_image":[{"url":"https:\/\/hoyre.no\/content\/uploads\/sites\/75\/2023\/07\/DSC_0208-1024x683.jpg","type":"","width":"","height":""}],"twitter_card":"summary_large_image","twitter_misc":{"Ansl. lesetid":"2 minutter"},"schema":{"@context":"https:\/\/schema.org","@graph":[{"@type":"WebPage","@id":"https:\/\/hoyre.no\/grue\/politikk\/","url":"https:\/\/hoyre.no\/grue\/politikk\/","name":"Politikk - Grue H\u00f8yre","isPartOf":{"@id":"https:\/\/hoyre.no\/grue\/#website"},"image":{"@id":"https:\/\/hoyre.no\/grue\/politikk\/#primaryimage"},"thumbnailUrl":"https:\/\/hoyre.no\/content\/uploads\/sites\/75\/2023\/07\/DSC_0208-1024x683.jpg","datePublished":"2023-05-02T10:45:02+00:00","dateModified":"2023-07-11T12:28:25+00:00","breadcrumb":{"@id":"https:\/\/hoyre.no\/grue\/politikk\/#breadcrumb"},"inLanguage":"nb-NO","potentialAction":[{"@type":"ReadAction","target":["https:\/\/hoyre.no\/grue\/politikk\/"]}]},{"@type":"ImageObject","inLanguage":"nb-NO","@id":"https:\/\/hoyre.no\/grue\/politikk\/#primaryimage","url":"https:\/\/hoyre.no\/content\/uploads\/sites\/75\/2023\/07\/DSC_0208-1024x683.jpg","contentUrl":"https:\/\/hoyre.no\/content\/uploads\/sites\/75\/2023\/07\/DSC_0208-1024x683.jpg"},{"@type":"BreadcrumbList","@id":"https:\/\/hoyre.no\/grue\/politikk\/#breadcrumb","itemListElement":[{"@type":"ListItem","position":1,"name":"Til hoyre.no","item":"https:\/\/hoyre.no"},{"@type":"ListItem","position":2,"name":"Hjem","item":"https:\/\/hoyre.no\/grue\/"},{"@type":"ListItem","position":3,"name":"Politikk"}]},{"@type":"WebSite","@id":"https:\/\/hoyre.no\/grue\/#website","url":"https:\/\/hoyre.no\/grue\/","name":"Grue H\u00f8yre","description":"Bare enda et H\u00f8yres nettsteder-nettsted","inLanguage":"nb-NO"}]}},"distributor_meta":false,"distributor_terms":false,"distributor_media":false,"distributor_original_site_name":"Grue H\u00f8yre","distributor_original_site_url":"https:\/\/hoyre.no\/grue","push-errors":false,"_links":{"self":[{"href":"https:\/\/hoyre.no\/grue\/wp-json\/wp\/v2\/pages\/25","targetHints":{"allow":["GET"]}}],"collection":[{"href":"https:\/\/hoyre.no\/grue\/wp-json\/wp\/v2\/pages"}],"about":[{"href":"https:\/\/hoyre.no\/grue\/wp-json\/wp\/v2\/types\/page"}],"author":[{"embeddable":true,"href":"https:\/\/hoyre.no\/grue\/wp-json\/wp\/v2\/users\/28039"}],"replies":[{"embeddable":true,"href":"https:\/\/hoyre.no\/grue\/wp-json\/wp\/v2\/comments?post=25"}],"version-history":[{"count":20,"href":"https:\/\/hoyre.no\/grue\/wp-json\/wp\/v2\/pages\/25\/revisions"}],"predecessor-version":[{"id":105,"href":"https:\/\/hoyre.no\/grue\/wp-json\/wp\/v2\/pages\/25\/revisions\/105"}],"wp:attachment":[{"href":"https:\/\/hoyre.no\/grue\/wp-json\/wp\/v2\/media?parent=25"}],"curies":[{"name":"wp","href":"https:\/\/api.w.org\/{rel}","templated":true}]}}