{"id":42,"date":"2023-07-11T10:35:33","date_gmt":"2023-07-11T08:35:33","guid":{"rendered":"https:\/\/hoyre.no\/grue\/?page_id=42"},"modified":"2025-01-14T14:44:34","modified_gmt":"2025-01-14T13:44:34","slug":"hvorfor-stemme-pa-grue-hoyre","status":"publish","type":"page","link":"https:\/\/hoyre.no\/grue\/hvorfor-stemme-pa-grue-hoyre\/","title":{"rendered":"Hvorfor stemme p\u00e5 Grue H\u00f8yre"},"content":{"rendered":"\n<div class=\"wp-block-hoyre-hero with-image-gradient text-color-light  has-media alignfull has-background\"><div class=\"hoyre-hero has-image\"><h1 class=\"title\">7 gode grunner til \u00e5 stemme H\u00f8yre i Grue<\/h1><figure class=\"hoyre-image-wrapper\"><div class=\"hoyre-image\"><img loading=\"lazy\" decoding=\"async\" width=\"2500\" height=\"1667\" src=\"https:\/\/hoyre.no\/content\/uploads\/sites\/75\/2023\/07\/GettyImages-1306765660-scaled.jpg\" class=\"attachment-scaled size-scaled\" alt=\"\" style=\"object-position: 52% 27%\" srcset=\"https:\/\/hoyre.no\/content\/uploads\/sites\/75\/2023\/07\/GettyImages-1306765660-scaled.jpg 2500w, https:\/\/hoyre.no\/content\/uploads\/sites\/75\/2023\/07\/GettyImages-1306765660-300x200.jpg 300w, https:\/\/hoyre.no\/content\/uploads\/sites\/75\/2023\/07\/GettyImages-1306765660-1024x683.jpg 1024w, https:\/\/hoyre.no\/content\/uploads\/sites\/75\/2023\/07\/GettyImages-1306765660-768x512.jpg 768w, https:\/\/hoyre.no\/content\/uploads\/sites\/75\/2023\/07\/GettyImages-1306765660-1536x1025.jpg 1536w, https:\/\/hoyre.no\/content\/uploads\/sites\/75\/2023\/07\/GettyImages-1306765660-2048x1366.jpg 2048w\" sizes=\"auto, (max-width: 2500px) 100vw, 2500px\" \/><\/div><\/figure><\/div><\/div>\n\n\n\n\n<p><strong>En viktig sak for Grue H\u00f8yre fremover blir hvordan vi kan skape et samfunn som gir muligheter for alle. Bakgrunn og \u00f8konomi skal ikke ha noe \u00e5 si for hvilke muligheter du har. Gjennom v\u00e5r politikk, vil vi legge til rette for at hvert enkelt menneske kan n\u00e5 sitt fulle potensiale, uavhengig av hvilke forutsetninger man har.<\/strong><\/p>\n\n\n\n\n<div class=\"wp-block-media-text alignwide is-stacked-on-mobile is-image-fill\"><figure class=\"wp-block-media-text__media\" style=\"background-image:url('https:\/\/hoyre.no\/content\/uploads\/sites\/75\/2023\/07\/GettyImages-1160692980-1-1024x676.jpg');background-position:50% 50%\"><img loading=\"lazy\" decoding=\"async\" width=\"1024\" height=\"676\" src=\"https:\/\/hoyre.no\/content\/uploads\/sites\/75\/2023\/07\/GettyImages-1160692980-1-1024x676.jpg\" alt=\"\" class=\"wp-image-45 size-full\" srcset=\"https:\/\/hoyre.no\/content\/uploads\/sites\/75\/2023\/07\/GettyImages-1160692980-1-1024x676.jpg 1024w, https:\/\/hoyre.no\/content\/uploads\/sites\/75\/2023\/07\/GettyImages-1160692980-1-300x198.jpg 300w, https:\/\/hoyre.no\/content\/uploads\/sites\/75\/2023\/07\/GettyImages-1160692980-1-768x507.jpg 768w, https:\/\/hoyre.no\/content\/uploads\/sites\/75\/2023\/07\/GettyImages-1160692980-1-1536x1014.jpg 1536w, https:\/\/hoyre.no\/content\/uploads\/sites\/75\/2023\/07\/GettyImages-1160692980-1-2048x1352.jpg 2048w\" sizes=\"auto, (max-width: 1024px) 100vw, 1024px\" \/><\/figure><div class=\"wp-block-media-text__content\">\n<h4 class=\"wp-block-heading\">1. Vi skal ha en skole med l\u00e6ring og trivsel for alle, et inkluderende arbeidsliv og et aldersvennlig samfunn.<\/h4>\n<\/div><\/div>\n\n\n\n<div class=\"wp-block-media-text alignwide has-media-on-the-right is-stacked-on-mobile is-image-fill\"><div class=\"wp-block-media-text__content\">\n<h4 class=\"wp-block-heading\">2. Vi st\u00f8tter og vil jobbe for tiltak som \u00c5pen g\u00e5rd-konseptet gir, slik at alle f\u00e5r muligheten til \u00e5 utnytte sitt fulle potensial. <\/h4>\n<\/div><figure class=\"wp-block-media-text__media\" style=\"background-image:url('https:\/\/hoyre.no\/content\/uploads\/sites\/75\/2023\/07\/GettyImages-999910982-1024x683.jpg');background-position:50% 50%\"><img loading=\"lazy\" decoding=\"async\" width=\"1024\" height=\"683\" src=\"https:\/\/hoyre.no\/content\/uploads\/sites\/75\/2023\/07\/GettyImages-999910982-1024x683.jpg\" alt=\"Gardsdrift\" class=\"wp-image-61 size-full\" srcset=\"https:\/\/hoyre.no\/content\/uploads\/sites\/75\/2023\/07\/GettyImages-999910982-1024x683.jpg 1024w, https:\/\/hoyre.no\/content\/uploads\/sites\/75\/2023\/07\/GettyImages-999910982-300x200.jpg 300w, https:\/\/hoyre.no\/content\/uploads\/sites\/75\/2023\/07\/GettyImages-999910982-768x512.jpg 768w, https:\/\/hoyre.no\/content\/uploads\/sites\/75\/2023\/07\/GettyImages-999910982-1536x1024.jpg 1536w, https:\/\/hoyre.no\/content\/uploads\/sites\/75\/2023\/07\/GettyImages-999910982-2048x1365.jpg 2048w\" sizes=\"auto, (max-width: 1024px) 100vw, 1024px\" \/><\/figure><\/div>\n\n\n\n<div class=\"wp-block-media-text alignwide is-stacked-on-mobile is-image-fill\"><figure class=\"wp-block-media-text__media\" style=\"background-image:url('https:\/\/hoyre.no\/content\/uploads\/sites\/75\/2023\/07\/GettyImages-1165371469-1-1-1024x683.jpg');background-position:50% 50%\"><img loading=\"lazy\" decoding=\"async\" width=\"1024\" height=\"683\" src=\"https:\/\/hoyre.no\/content\/uploads\/sites\/75\/2023\/07\/GettyImages-1165371469-1-1-1024x683.jpg\" alt=\"\" class=\"wp-image-56 size-full\" srcset=\"https:\/\/hoyre.no\/content\/uploads\/sites\/75\/2023\/07\/GettyImages-1165371469-1-1-1024x683.jpg 1024w, https:\/\/hoyre.no\/content\/uploads\/sites\/75\/2023\/07\/GettyImages-1165371469-1-1-300x200.jpg 300w, https:\/\/hoyre.no\/content\/uploads\/sites\/75\/2023\/07\/GettyImages-1165371469-1-1-768x512.jpg 768w, https:\/\/hoyre.no\/content\/uploads\/sites\/75\/2023\/07\/GettyImages-1165371469-1-1-1536x1025.jpg 1536w, https:\/\/hoyre.no\/content\/uploads\/sites\/75\/2023\/07\/GettyImages-1165371469-1-1-2048x1367.jpg 2048w\" sizes=\"auto, (max-width: 1024px) 100vw, 1024px\" \/><\/figure><div class=\"wp-block-media-text__content\">\n<h4 class=\"wp-block-heading\">3. Vi tror p\u00e5 enkeltmenneskets evne og lyst til \u00e5 st\u00e5 p\u00e5 egne ben og at det er summen av alle disse gode krefter og ideer som gj\u00f8r kommunen til et godt \u00e5 bo.<\/h4>\n<\/div><\/div>\n\n\n\n<div class=\"wp-block-media-text alignwide has-media-on-the-right is-stacked-on-mobile is-image-fill\"><div class=\"wp-block-media-text__content\">\n<h4 class=\"wp-block-heading\">4. Vil jobbe for at innsatsen for rus- og psykiatriutfordringen i kommunen styrkes.<\/h4>\n<\/div><figure class=\"wp-block-media-text__media\" style=\"background-image:url('https:\/\/hoyre.no\/content\/uploads\/sites\/75\/2023\/07\/GettyImages-1183967695-1024x683.jpg');background-position:50% 50%\"><img loading=\"lazy\" decoding=\"async\" width=\"1024\" height=\"683\" src=\"https:\/\/hoyre.no\/content\/uploads\/sites\/75\/2023\/07\/GettyImages-1183967695-1024x683.jpg\" alt=\"\" class=\"wp-image-47 size-full\" srcset=\"https:\/\/hoyre.no\/content\/uploads\/sites\/75\/2023\/07\/GettyImages-1183967695-1024x683.jpg 1024w, https:\/\/hoyre.no\/content\/uploads\/sites\/75\/2023\/07\/GettyImages-1183967695-300x200.jpg 300w, https:\/\/hoyre.no\/content\/uploads\/sites\/75\/2023\/07\/GettyImages-1183967695-768x513.jpg 768w, https:\/\/hoyre.no\/content\/uploads\/sites\/75\/2023\/07\/GettyImages-1183967695-1536x1025.jpg 1536w, https:\/\/hoyre.no\/content\/uploads\/sites\/75\/2023\/07\/GettyImages-1183967695-2048x1367.jpg 2048w\" sizes=\"auto, (max-width: 1024px) 100vw, 1024px\" \/><\/figure><\/div>\n\n\n\n<div class=\"wp-block-media-text alignwide is-stacked-on-mobile is-image-fill\"><figure class=\"wp-block-media-text__media\" style=\"background-image:url('https:\/\/hoyre.no\/content\/uploads\/sites\/75\/2023\/07\/GettyImages-1292878815-1024x683.jpg');background-position:50% 50%\"><img loading=\"lazy\" decoding=\"async\" width=\"1024\" height=\"683\" src=\"https:\/\/hoyre.no\/content\/uploads\/sites\/75\/2023\/07\/GettyImages-1292878815-1024x683.jpg\" alt=\"\" class=\"wp-image-59 size-full\" srcset=\"https:\/\/hoyre.no\/content\/uploads\/sites\/75\/2023\/07\/GettyImages-1292878815-1024x683.jpg 1024w, https:\/\/hoyre.no\/content\/uploads\/sites\/75\/2023\/07\/GettyImages-1292878815-300x200.jpg 300w, https:\/\/hoyre.no\/content\/uploads\/sites\/75\/2023\/07\/GettyImages-1292878815-768x513.jpg 768w, https:\/\/hoyre.no\/content\/uploads\/sites\/75\/2023\/07\/GettyImages-1292878815-1536x1025.jpg 1536w, https:\/\/hoyre.no\/content\/uploads\/sites\/75\/2023\/07\/GettyImages-1292878815-2048x1367.jpg 2048w\" sizes=\"auto, (max-width: 1024px) 100vw, 1024px\" \/><\/figure><div class=\"wp-block-media-text__content\">\n<h4 class=\"wp-block-heading\">5. Kommunen skal v\u00e6re en p\u00e5driver for gr\u00f8nn energi.<\/h4>\n<\/div><\/div>\n\n\n\n<div class=\"wp-block-media-text alignwide has-media-on-the-right is-stacked-on-mobile is-image-fill\"><div class=\"wp-block-media-text__content\">\n<h4 class=\"wp-block-heading\">6. Vi skal utvikle grendene og satse p\u00e5 samskapingsprosjekter.<\/h4>\n<\/div><figure class=\"wp-block-media-text__media\" style=\"background-image:url('https:\/\/hoyre.no\/content\/uploads\/sites\/75\/2023\/07\/GettyImages-1340937671-1024x683.jpg');background-position:50% 50%\"><img loading=\"lazy\" decoding=\"async\" width=\"1024\" height=\"683\" src=\"https:\/\/hoyre.no\/content\/uploads\/sites\/75\/2023\/07\/GettyImages-1340937671-1024x683.jpg\" alt=\"\" class=\"wp-image-58 size-full\" srcset=\"https:\/\/hoyre.no\/content\/uploads\/sites\/75\/2023\/07\/GettyImages-1340937671-1024x683.jpg 1024w, https:\/\/hoyre.no\/content\/uploads\/sites\/75\/2023\/07\/GettyImages-1340937671-300x200.jpg 300w, https:\/\/hoyre.no\/content\/uploads\/sites\/75\/2023\/07\/GettyImages-1340937671-768x513.jpg 768w, https:\/\/hoyre.no\/content\/uploads\/sites\/75\/2023\/07\/GettyImages-1340937671-1536x1025.jpg 1536w, https:\/\/hoyre.no\/content\/uploads\/sites\/75\/2023\/07\/GettyImages-1340937671-2048x1367.jpg 2048w\" sizes=\"auto, (max-width: 1024px) 100vw, 1024px\" \/><\/figure><\/div>\n\n\n\n<div class=\"wp-block-media-text alignwide is-stacked-on-mobile is-image-fill\"><figure class=\"wp-block-media-text__media\" style=\"background-image:url('https:\/\/hoyre.no\/content\/uploads\/sites\/75\/2023\/07\/1226681944-1024x683.jpg');background-position:50% 50%\"><img loading=\"lazy\" decoding=\"async\" width=\"1024\" height=\"683\" src=\"https:\/\/hoyre.no\/content\/uploads\/sites\/75\/2023\/07\/1226681944-1024x683.jpg\" alt=\"\" class=\"wp-image-60 size-full\" srcset=\"https:\/\/hoyre.no\/content\/uploads\/sites\/75\/2023\/07\/1226681944-1024x683.jpg 1024w, https:\/\/hoyre.no\/content\/uploads\/sites\/75\/2023\/07\/1226681944-300x200.jpg 300w, https:\/\/hoyre.no\/content\/uploads\/sites\/75\/2023\/07\/1226681944-768x512.jpg 768w, https:\/\/hoyre.no\/content\/uploads\/sites\/75\/2023\/07\/1226681944-1536x1025.jpg 1536w, https:\/\/hoyre.no\/content\/uploads\/sites\/75\/2023\/07\/1226681944-2048x1366.jpg 2048w\" sizes=\"auto, (max-width: 1024px) 100vw, 1024px\" \/><\/figure><div class=\"wp-block-media-text__content\">\n<h4 class=\"wp-block-heading\">7. Kommunen skal v\u00e6re initiativtaker for at v\u00e5re innbyggere skal kunne delta i den digitale hverdagen.<\/h4>\n<\/div><\/div>\n\n\n\n\t\t<div class=\"has-lightest-blue-background-color align wp-block-hoyre-media-text\">\n\t\t\t<div class=\"hoyre-media-text__media\">\n\t\t\t\t<img loading=\"lazy\" decoding=\"async\" width=\"1024\" height=\"683\" src=\"https:\/\/hoyre.no\/content\/uploads\/sites\/75\/2023\/07\/DSC_0208-1024x683.jpg\" class=\"hoyre-media-text__media-image\" alt=\"\" style=\"--focal: 45% 51%;\" srcset=\"https:\/\/hoyre.no\/content\/uploads\/sites\/75\/2023\/07\/DSC_0208-1024x683.jpg 1024w, https:\/\/hoyre.no\/content\/uploads\/sites\/75\/2023\/07\/DSC_0208-300x200.jpg 300w, https:\/\/hoyre.no\/content\/uploads\/sites\/75\/2023\/07\/DSC_0208-768x512.jpg 768w, https:\/\/hoyre.no\/content\/uploads\/sites\/75\/2023\/07\/DSC_0208-1536x1024.jpg 1536w, https:\/\/hoyre.no\/content\/uploads\/sites\/75\/2023\/07\/DSC_0208-2048x1365.jpg 2048w\" sizes=\"auto, (max-width: 1024px) 100vw, 1024px\" \/>\n\t\t\t<\/div>\n\t\t\t<div class=\"hoyre-media-text__content\">\n\t\t\t\t<div class=\"hoyre-media-text__content-inner\">\n\t\t\t\t\t\n\t\t\t<div class=\"hoyre-media-text__title-container\">\n\t\t\t\t\n\t\t\t\t<h2 class=\"hoyre-media-text__title\">V\u00e5r ideologi og politikk<\/h2>\n\t\t\t<\/div>\n\t\t\t\n\t\t\t\t\t<div class=\"hoyre-media-text__blocks\">\n<p>Grue H\u00f8yre vil bygge samfunnet p\u00e5 tillit til enkeltmennesket og hvor innbyggere trives. Vi har gjennomarbeidet politikk for helse, oppvekst, n\u00e6ring, samfunn og kultur.<\/p>\n<\/div>\n\t\t\t\t\t\n\t\t\t<div class=\"hoyre-media-text__buttons\">\n\t\t\t\t<a class=\"button\" href=\"https:\/\/hoyre.no\/grue\/politikk\/\">Les mer<\/a>\n\t\t\t<\/div>\n\t\t\t\n\t\t\t\t<\/div>\n\t\t\t<\/div>\n\t\t<\/div>\n\t\t\n\n\n<div class=\"wp-block-teft-file icon-link-block\"><a href=\"https:\/\/hoyre.no\/content\/uploads\/sites\/75\/2023\/07\/Brosjyre_A5_grue_hoyre_web.pdf\" download><span class=\"file-title\">Last ned Grue H\u00f8yres valgprogram for 2023 &#8211; 2027<\/span><span class=\"file-name\">Brosjyre_A5_grue_hoyre_web.pdf [284.4kb]<\/span><\/a><\/div>\n","protected":false},"excerpt":{"rendered":"<p>1. Vi skal ha en skole med l\u00e6ring og trivsel for alle, et inkluderende arbeidsliv og et aldersvennlig samfunn. 2. Vi st\u00f8tter og vil jobbe for tiltak som \u00c5pen g\u00e5rd-konseptet gir, slik at alle f\u00e5r muligheten til \u00e5 utnytte sitt fulle potensial. 3. Vi tror p\u00e5 enkeltmenneskets evne og lyst til \u00e5 st\u00e5 p\u00e5 egne [&hellip;]<\/p>\n","protected":false},"author":28039,"featured_media":0,"parent":0,"menu_order":0,"comment_status":"closed","ping_status":"closed","template":"","meta":{"teft_cards_image_url":"","teft_cards_custom_pretitle":"","teft_cards_image_id":0,"teft_cards_image_focal_point_x":0,"teft_cards_image_focal_point_y":0,"teft_cards_title":"","teft_cards_excerpt":"","teft_show_chapters":false,"footnotes":""},"class_list":["post-42","page","type-page","status-publish","hentry"],"yoast_head":"<!-- This site is optimized with the Yoast SEO plugin v26.6 - https:\/\/yoast.com\/wordpress\/plugins\/seo\/ -->\n<title>Hvorfor stemme p\u00e5 Grue H\u00f8yre - Grue H\u00f8yre<\/title>\n<meta name=\"robots\" content=\"index, follow, max-snippet:-1, max-image-preview:large, max-video-preview:-1\" \/>\n<link rel=\"canonical\" href=\"https:\/\/hoyre.no\/grue\/hvorfor-stemme-pa-grue-hoyre\/\" \/>\n<meta property=\"og:locale\" content=\"nb_NO\" \/>\n<meta property=\"og:type\" content=\"article\" \/>\n<meta property=\"og:title\" content=\"Hvorfor stemme p\u00e5 Grue H\u00f8yre - Grue H\u00f8yre\" \/>\n<meta property=\"og:description\" content=\"1. Vi skal ha en skole med l\u00e6ring og trivsel for alle, et inkluderende arbeidsliv og et aldersvennlig samfunn. 2. Vi st\u00f8tter og vil jobbe for tiltak som \u00c5pen g\u00e5rd-konseptet gir, slik at alle f\u00e5r muligheten til \u00e5 utnytte sitt fulle potensial. 3. Vi tror p\u00e5 enkeltmenneskets evne og lyst til \u00e5 st\u00e5 p\u00e5 egne [&hellip;]\" \/>\n<meta property=\"og:url\" content=\"https:\/\/hoyre.no\/grue\/hvorfor-stemme-pa-grue-hoyre\/\" \/>\n<meta property=\"og:site_name\" content=\"Grue H\u00f8yre\" \/>\n<meta property=\"article:modified_time\" content=\"2025-01-14T13:44:34+00:00\" \/>\n<meta property=\"og:image\" content=\"https:\/\/hoyre.no\/content\/uploads\/sites\/75\/2023\/07\/GettyImages-1160692980-1-1024x676.jpg\" \/>\n<meta name=\"twitter:card\" content=\"summary_large_image\" \/>\n<meta name=\"twitter:label1\" content=\"Ansl. lesetid\" \/>\n\t<meta name=\"twitter:data1\" content=\"3 minutter\" \/>\n<script type=\"application\/ld+json\" class=\"yoast-schema-graph\">{\"@context\":\"https:\/\/schema.org\",\"@graph\":[{\"@type\":\"WebPage\",\"@id\":\"https:\/\/hoyre.no\/grue\/hvorfor-stemme-pa-grue-hoyre\/\",\"url\":\"https:\/\/hoyre.no\/grue\/hvorfor-stemme-pa-grue-hoyre\/\",\"name\":\"Hvorfor stemme p\u00e5 Grue H\u00f8yre - Grue H\u00f8yre\",\"isPartOf\":{\"@id\":\"https:\/\/hoyre.no\/grue\/#website\"},\"image\":{\"@id\":\"https:\/\/hoyre.no\/grue\/hvorfor-stemme-pa-grue-hoyre\/#primaryimage\"},\"thumbnailUrl\":\"https:\/\/hoyre.no\/content\/uploads\/sites\/75\/2023\/07\/GettyImages-1160692980-1-1024x676.jpg\",\"datePublished\":\"2023-07-11T08:35:33+00:00\",\"dateModified\":\"2025-01-14T13:44:34+00:00\",\"breadcrumb\":{\"@id\":\"https:\/\/hoyre.no\/grue\/hvorfor-stemme-pa-grue-hoyre\/#breadcrumb\"},\"inLanguage\":\"nb-NO\",\"potentialAction\":[{\"@type\":\"ReadAction\",\"target\":[\"https:\/\/hoyre.no\/grue\/hvorfor-stemme-pa-grue-hoyre\/\"]}]},{\"@type\":\"ImageObject\",\"inLanguage\":\"nb-NO\",\"@id\":\"https:\/\/hoyre.no\/grue\/hvorfor-stemme-pa-grue-hoyre\/#primaryimage\",\"url\":\"https:\/\/hoyre.no\/content\/uploads\/sites\/75\/2023\/07\/GettyImages-1160692980-1-1024x676.jpg\",\"contentUrl\":\"https:\/\/hoyre.no\/content\/uploads\/sites\/75\/2023\/07\/GettyImages-1160692980-1-1024x676.jpg\"},{\"@type\":\"BreadcrumbList\",\"@id\":\"https:\/\/hoyre.no\/grue\/hvorfor-stemme-pa-grue-hoyre\/#breadcrumb\",\"itemListElement\":[{\"@type\":\"ListItem\",\"position\":1,\"name\":\"Til hoyre.no\",\"item\":\"https:\/\/hoyre.no\"},{\"@type\":\"ListItem\",\"position\":2,\"name\":\"Hjem\",\"item\":\"https:\/\/hoyre.no\/grue\/\"},{\"@type\":\"ListItem\",\"position\":3,\"name\":\"Hvorfor stemme p\u00e5 Grue H\u00f8yre\"}]},{\"@type\":\"WebSite\",\"@id\":\"https:\/\/hoyre.no\/grue\/#website\",\"url\":\"https:\/\/hoyre.no\/grue\/\",\"name\":\"Grue H\u00f8yre\",\"description\":\"Bare enda et H\u00f8yres nettsteder-nettsted\",\"inLanguage\":\"nb-NO\"}]}<\/script>\n<!-- \/ Yoast SEO plugin. -->","yoast_head_json":{"title":"Hvorfor stemme p\u00e5 Grue H\u00f8yre - Grue H\u00f8yre","robots":{"index":"index","follow":"follow","max-snippet":"max-snippet:-1","max-image-preview":"max-image-preview:large","max-video-preview":"max-video-preview:-1"},"canonical":"https:\/\/hoyre.no\/grue\/hvorfor-stemme-pa-grue-hoyre\/","og_locale":"nb_NO","og_type":"article","og_title":"Hvorfor stemme p\u00e5 Grue H\u00f8yre - Grue H\u00f8yre","og_description":"1. Vi skal ha en skole med l\u00e6ring og trivsel for alle, et inkluderende arbeidsliv og et aldersvennlig samfunn. 2. Vi st\u00f8tter og vil jobbe for tiltak som \u00c5pen g\u00e5rd-konseptet gir, slik at alle f\u00e5r muligheten til \u00e5 utnytte sitt fulle potensial. 3. Vi tror p\u00e5 enkeltmenneskets evne og lyst til \u00e5 st\u00e5 p\u00e5 egne [&hellip;]","og_url":"https:\/\/hoyre.no\/grue\/hvorfor-stemme-pa-grue-hoyre\/","og_site_name":"Grue H\u00f8yre","article_modified_time":"2025-01-14T13:44:34+00:00","og_image":[{"url":"https:\/\/hoyre.no\/content\/uploads\/sites\/75\/2023\/07\/GettyImages-1160692980-1-1024x676.jpg","type":"","width":"","height":""}],"twitter_card":"summary_large_image","twitter_misc":{"Ansl. lesetid":"3 minutter"},"schema":{"@context":"https:\/\/schema.org","@graph":[{"@type":"WebPage","@id":"https:\/\/hoyre.no\/grue\/hvorfor-stemme-pa-grue-hoyre\/","url":"https:\/\/hoyre.no\/grue\/hvorfor-stemme-pa-grue-hoyre\/","name":"Hvorfor stemme p\u00e5 Grue H\u00f8yre - Grue H\u00f8yre","isPartOf":{"@id":"https:\/\/hoyre.no\/grue\/#website"},"image":{"@id":"https:\/\/hoyre.no\/grue\/hvorfor-stemme-pa-grue-hoyre\/#primaryimage"},"thumbnailUrl":"https:\/\/hoyre.no\/content\/uploads\/sites\/75\/2023\/07\/GettyImages-1160692980-1-1024x676.jpg","datePublished":"2023-07-11T08:35:33+00:00","dateModified":"2025-01-14T13:44:34+00:00","breadcrumb":{"@id":"https:\/\/hoyre.no\/grue\/hvorfor-stemme-pa-grue-hoyre\/#breadcrumb"},"inLanguage":"nb-NO","potentialAction":[{"@type":"ReadAction","target":["https:\/\/hoyre.no\/grue\/hvorfor-stemme-pa-grue-hoyre\/"]}]},{"@type":"ImageObject","inLanguage":"nb-NO","@id":"https:\/\/hoyre.no\/grue\/hvorfor-stemme-pa-grue-hoyre\/#primaryimage","url":"https:\/\/hoyre.no\/content\/uploads\/sites\/75\/2023\/07\/GettyImages-1160692980-1-1024x676.jpg","contentUrl":"https:\/\/hoyre.no\/content\/uploads\/sites\/75\/2023\/07\/GettyImages-1160692980-1-1024x676.jpg"},{"@type":"BreadcrumbList","@id":"https:\/\/hoyre.no\/grue\/hvorfor-stemme-pa-grue-hoyre\/#breadcrumb","itemListElement":[{"@type":"ListItem","position":1,"name":"Til hoyre.no","item":"https:\/\/hoyre.no"},{"@type":"ListItem","position":2,"name":"Hjem","item":"https:\/\/hoyre.no\/grue\/"},{"@type":"ListItem","position":3,"name":"Hvorfor stemme p\u00e5 Grue H\u00f8yre"}]},{"@type":"WebSite","@id":"https:\/\/hoyre.no\/grue\/#website","url":"https:\/\/hoyre.no\/grue\/","name":"Grue H\u00f8yre","description":"Bare enda et H\u00f8yres nettsteder-nettsted","inLanguage":"nb-NO"}]}},"distributor_meta":false,"distributor_terms":false,"distributor_media":false,"distributor_original_site_name":"Grue H\u00f8yre","distributor_original_site_url":"https:\/\/hoyre.no\/grue","push-errors":false,"_links":{"self":[{"href":"https:\/\/hoyre.no\/grue\/wp-json\/wp\/v2\/pages\/42","targetHints":{"allow":["GET"]}}],"collection":[{"href":"https:\/\/hoyre.no\/grue\/wp-json\/wp\/v2\/pages"}],"about":[{"href":"https:\/\/hoyre.no\/grue\/wp-json\/wp\/v2\/types\/page"}],"author":[{"embeddable":true,"href":"https:\/\/hoyre.no\/grue\/wp-json\/wp\/v2\/users\/28039"}],"replies":[{"embeddable":true,"href":"https:\/\/hoyre.no\/grue\/wp-json\/wp\/v2\/comments?post=42"}],"version-history":[{"count":12,"href":"https:\/\/hoyre.no\/grue\/wp-json\/wp\/v2\/pages\/42\/revisions"}],"predecessor-version":[{"id":109,"href":"https:\/\/hoyre.no\/grue\/wp-json\/wp\/v2\/pages\/42\/revisions\/109"}],"wp:attachment":[{"href":"https:\/\/hoyre.no\/grue\/wp-json\/wp\/v2\/media?parent=42"}],"curies":[{"name":"wp","href":"https:\/\/api.w.org\/{rel}","templated":true}]}}