{"id":37,"date":"2023-06-04T16:01:44","date_gmt":"2023-06-04T14:01:44","guid":{"rendered":"https:\/\/hoyre.no\/ha\/?page_id=37"},"modified":"2025-01-28T09:20:31","modified_gmt":"2025-01-28T08:20:31","slug":"trond-knutsen-var-ordforerkandidat","status":"publish","type":"page","link":"https:\/\/hoyre.no\/ha\/politikk\/trond-knutsen-var-ordforerkandidat\/","title":{"rendered":"Trond Knutsen &#8211; v\u00e5r gruppeleder"},"content":{"rendered":"\n<div class=\"wp-block-hoyre-hero with-image-gradient text-color-light  has-media alignfull has-background\"><div class=\"hoyre-hero has-image\"><h1 class=\"title\">Trond Knutsen &#8211; gruppeleder<\/h1><p class=\"preamble\">Hvorfor du skal gi H\u00f8yre din stemme i H\u00e5 kommune?<\/p>\t\t\t<div class=\"post-meta wp-block teft-byline-wrapper\">\n\t\t\t\t<div class=\"top\">\n\t\t\t\t\t<div class=\"signature\">\n\t\t\t\t\t\t<div class=\"teft-byline\">\n\t\t\t\t\t\t\t\t\t\t\t\t\t\t<div>\n\t\t\t\t\t\t\t\t<h3>H\u00f8yres redaksjon<\/h3>\t\t\t\t\t\t\t\t\n\t\t\t\t\t\t\t\t\t\t\t\t\t\t\t\t\t<span class=\"date\">Sist oppdatert: 28. januar 2025<\/span>\n\t\t\t\t\t\t\t\t\t\t\t\t\t\t\t\t\t\t\t\t\t\t\t\t\t<span class=\"reading-time\" itemprop=\"timeRequired\" content=\"PT2M\"><em>Ca. 2 minutter lesetid<\/em><\/span>\n\t\t\t\t\t\t\t\t\t\t\t\t\t\t\t<\/div>\n\t\t\t\t\t\t<\/div>\n\t\t\t\t\t<\/div>\n\t\t\t\t\t\t<div class=\"sharing\">\n\t\t<a class=\"share-button share-link copy-link\" data-copy=\"https:\/\/hoyre.no\/ha\/politikk\/trond-knutsen-var-ordforerkandidat\/\" target=\"_blank\"><span class=\"screen-reader-text\">Del link<\/span><\/a>\n\t\t<a class=\"share-button share-twitter\" href=\"http:\/\/twitter.com\/share?text=Trond Knutsen &#8211; v\u00e5r gruppeleder&#038;url=https:\/\/hoyre.no\/ha\/politikk\/trond-knutsen-var-ordforerkandidat\/&#038;hashtags=Hoyre\" target=\"_blank\"><span class=\"screen-reader-text\">Del p\u00e5 twitter<\/span><\/a>\n\t\t<a class=\"share-button share-facebook\" href=\"https:\/\/www.facebook.com\/sharer\/sharer.php?u=https:\/\/hoyre.no\/ha\/politikk\/trond-knutsen-var-ordforerkandidat\/\" target=\"_blank\"><span class=\"screen-reader-text\">Del p\u00e5 facebook<\/span><\/a>\n\t<\/div>\n\t\t\t\t\t<\/div>\n\t\t\t<\/div>\n\n\t\t\t<figure class=\"hoyre-image-wrapper\"><div class=\"hoyre-image\"><img loading=\"lazy\" decoding=\"async\" width=\"1875\" height=\"2500\" src=\"https:\/\/hoyre.no\/content\/uploads\/sites\/221\/2023\/02\/298929733_1116428059285393_5979915243657048444_n-scaled.jpg\" class=\"attachment-scaled size-scaled\" alt=\"Trond Knutsen\" style=\"object-position: 40% 16%\" srcset=\"https:\/\/hoyre.no\/content\/uploads\/sites\/221\/2023\/02\/298929733_1116428059285393_5979915243657048444_n-scaled.jpg 1875w, https:\/\/hoyre.no\/content\/uploads\/sites\/221\/2023\/02\/298929733_1116428059285393_5979915243657048444_n-225x300.jpg 225w, https:\/\/hoyre.no\/content\/uploads\/sites\/221\/2023\/02\/298929733_1116428059285393_5979915243657048444_n-768x1024.jpg 768w, https:\/\/hoyre.no\/content\/uploads\/sites\/221\/2023\/02\/298929733_1116428059285393_5979915243657048444_n-1152x1536.jpg 1152w, https:\/\/hoyre.no\/content\/uploads\/sites\/221\/2023\/02\/298929733_1116428059285393_5979915243657048444_n-1536x2048.jpg 1536w\" sizes=\"auto, (max-width: 1875px) 100vw, 1875px\" \/><\/div><\/figure><\/div><\/div>\n\n\n\n\n<div class=\"wp-block-buttons is-content-justification-center is-layout-flex wp-container-core-buttons-is-layout-16018d1d wp-block-buttons-is-layout-flex\">\n<div class=\"wp-block-button\"><a class=\"wp-block-button__link wp-element-button\" href=\"https:\/\/hoyre.no\/nyhetsbrev\/\">abonner p\u00e5 h\u00f8yres nyhetsbrev<\/a><\/div>\n\n\n\n<div class=\"wp-block-button\"><a class=\"wp-block-button__link wp-element-button\" href=\"https:\/\/hoyre.no\/personprofiler\/trond-knutsen\/\">kom i kontakt med Trond<\/a><\/div>\n<\/div>\n\n\n\n<div class=\"wp-block-hoyre-banner undefined has-icon-title icon-heart is-style-blue\"><div class=\"banner-inner\"><figure class=\"hoyre-image-wrapper\"><div class=\"hoyre-image\"><img loading=\"lazy\" decoding=\"async\" width=\"2048\" height=\"1536\" src=\"https:\/\/hoyre.no\/content\/uploads\/sites\/221\/2023\/06\/IMG_6227-1.jpeg\" class=\"attachment-scaled size-scaled\" alt=\"\" style=\"object-position: 49% 31%\" srcset=\"https:\/\/hoyre.no\/content\/uploads\/sites\/221\/2023\/06\/IMG_6227-1.jpeg 2048w, https:\/\/hoyre.no\/content\/uploads\/sites\/221\/2023\/06\/IMG_6227-1-300x225.jpeg 300w, https:\/\/hoyre.no\/content\/uploads\/sites\/221\/2023\/06\/IMG_6227-1-1024x768.jpeg 1024w, https:\/\/hoyre.no\/content\/uploads\/sites\/221\/2023\/06\/IMG_6227-1-768x576.jpeg 768w, https:\/\/hoyre.no\/content\/uploads\/sites\/221\/2023\/06\/IMG_6227-1-1536x1152.jpeg 1536w\" sizes=\"auto, (max-width: 2048px) 100vw, 2048px\" \/><\/div><\/figure><div class=\"banner-content\"><div class=\"entry-content\">\n<h2 class=\"wp-block-heading has-text-align-center\" id=\"h-bli-bedre-kjent-med-navn\">Bli bedre kjent med Trond!<\/h2>\n\n\n\n<p class=\"has-text-align-left\"><strong>Bosted:<\/strong> N\u00e6rb\u00f8<\/p>\n\n\n\n<p class=\"has-text-align-left\"><strong>Sivilstatus:<\/strong> Gift, to voksne s\u00f8nner<\/p>\n\n\n\n<p class=\"has-text-align-left\"><strong>Jobb:<\/strong> Daglig leder Circle K N\u00e6rb\u00f8<\/p>\n\n\n\n<p class=\"has-text-align-left\"><strong>Bakgrunn:<\/strong> Har noe utdanning fra Handel og kontor og Varehandelens h\u00f8yskole. I tillegg til 40 \u00e5r i h\u00e5ndballen som trener, dommer og styrearbeid.<\/p>\n\n\n\n<p class=\"has-text-align-left\"><strong>Politisk erfaring:<\/strong> Har fem perioder i kommunestyret fra 1999 til 2019. To perioder som 1. vara og tre perioder som fast kommunestyrerepresentant. Har hatt pause fra politikken innev\u00e6rende periode.<\/p>\n\n\n\n<p class=\"has-text-align-left\"><strong>Hvorfor er H\u00f8yre rett parti for deg?<\/strong> H\u00f8yre er det partiet som er n\u00e6rmest mine verdier, og har en politikk som jeg i all hovedsak er enig i.<\/p>\n\n\n\n<p class=\"has-text-align-left\"><strong>Konsert eller idrettsarrangement?<\/strong> Er nok mer p\u00e5 idrettsarrangement enn konserter.<\/p>\n\n\n\n<p class=\"has-text-align-left\"><strong>Hvis du skulle valgt en, hva er din favorittartist?<\/strong> Har ikke noe favorittartist, og liker det meste av vanlig musikk. Gjerne noe 80-talls, som er det jeg h\u00f8rer mest p\u00e5.<\/p>\n\n\n\n<p class=\"has-text-align-left\"><strong>Funfact?<\/strong> Har sittet en hel natt ute i k\u00f8&nbsp;for \u00e5 sikre gode plasser til Solvalla Grand Prix s\u00f8ndagen.<\/p>\n\n\n\n<p class=\"has-text-align-left\"><strong>Hva er din favorittplass i kommunen ?<\/strong>&nbsp;Min favorittplass i kommunen er utvilsomt p\u00e5 hytta i Varden Ogna.<\/p>\n\n\n\n<div class=\"wp-block-buttons is-layout-flex wp-block-buttons-is-layout-flex\"><\/div>\n<\/div><\/div><\/div><\/div>\n\n\n\n<h2 class=\"wp-block-heading has-text-align-center\">Tronds hjertesak<\/h2>\n\n\n\n<h3 class=\"wp-block-heading has-text-align-center\">\ud83d\udc99 Styrke tilbudet til dem som sliter med psykisk helse og rus.<\/h3>\n\n\n\n<p class=\"has-text-align-center\">Ventetiden p\u00e5 psykisk helsehjelp er for lang. Du skal f\u00e5 hjelp n\u00e5r du trenger det, f\u00f8r sm\u00e5 problemer vokser seg store!<\/p>\n\n\n\n<p class=\"has-text-align-center\">Jeg vil arbeide for at lavterskelstilbudene blir styrket, slik at vi fanger opp de som trenger hjelp. Tidligere avdekking av risiko for utenforskap, i alle aldersgrupper, vil v\u00e6re et viktig forebyggende arbeid. For \u00e5 f\u00e5 dette til m\u00e5 vi ha mer opps\u00f8kende arbeid og styrke tilbudet i frivilligheten.<\/p>\n\n","protected":false},"excerpt":{"rendered":"","protected":false},"author":32026,"featured_media":0,"parent":38,"menu_order":0,"comment_status":"closed","ping_status":"closed","template":"","meta":{"teft_cards_image_url":"","teft_cards_custom_pretitle":"","teft_cards_image_id":0,"teft_cards_image_focal_point_x":0,"teft_cards_image_focal_point_y":0,"teft_cards_title":"","teft_cards_excerpt":"","teft_show_chapters":false,"footnotes":""},"class_list":["post-37","page","type-page","status-publish","hentry"],"yoast_head":"<!-- This site is optimized with the Yoast SEO plugin v26.6 - https:\/\/yoast.com\/wordpress\/plugins\/seo\/ -->\n<title>Trond Knutsen - v\u00e5r gruppeleder - H\u00e5 H\u00f8yre<\/title>\n<meta name=\"description\" content=\"Bli bedre kjent med gruppeleder i H\u00e5 H\u00f8yre, Trond Knutsen.\" \/>\n<meta name=\"robots\" content=\"index, follow, max-snippet:-1, max-image-preview:large, max-video-preview:-1\" \/>\n<link rel=\"canonical\" href=\"https:\/\/hoyre.no\/ha\/politikk\/trond-knutsen-var-ordforerkandidat\/\" \/>\n<meta property=\"og:locale\" content=\"nb_NO\" \/>\n<meta property=\"og:type\" content=\"article\" \/>\n<meta property=\"og:title\" content=\"Trond Knutsen - v\u00e5r gruppeleder - H\u00e5 H\u00f8yre\" \/>\n<meta property=\"og:description\" content=\"Bli bedre kjent med gruppeleder i H\u00e5 H\u00f8yre, Trond Knutsen.\" \/>\n<meta property=\"og:url\" content=\"https:\/\/hoyre.no\/ha\/politikk\/trond-knutsen-var-ordforerkandidat\/\" \/>\n<meta property=\"og:site_name\" content=\"H\u00e5 H\u00f8yre\" \/>\n<meta property=\"article:modified_time\" content=\"2025-01-28T08:20:31+00:00\" \/>\n<meta property=\"og:image\" content=\"https:\/\/hoyre.no\/content\/uploads\/sites\/221\/2022\/11\/Hoyres-logo.png\" \/>\n\t<meta property=\"og:image:width\" content=\"1000\" \/>\n\t<meta property=\"og:image:height\" content=\"1000\" \/>\n\t<meta property=\"og:image:type\" content=\"image\/png\" \/>\n<meta name=\"twitter:card\" content=\"summary_large_image\" \/>\n<meta name=\"twitter:label1\" content=\"Ansl. lesetid\" \/>\n\t<meta name=\"twitter:data1\" content=\"2 minutter\" \/>\n<script type=\"application\/ld+json\" class=\"yoast-schema-graph\">{\"@context\":\"https:\/\/schema.org\",\"@graph\":[{\"@type\":\"WebPage\",\"@id\":\"https:\/\/hoyre.no\/ha\/politikk\/trond-knutsen-var-ordforerkandidat\/\",\"url\":\"https:\/\/hoyre.no\/ha\/politikk\/trond-knutsen-var-ordforerkandidat\/\",\"name\":\"Trond Knutsen - v\u00e5r gruppeleder - H\u00e5 H\u00f8yre\",\"isPartOf\":{\"@id\":\"https:\/\/hoyre.no\/ha\/#website\"},\"datePublished\":\"2023-06-04T14:01:44+00:00\",\"dateModified\":\"2025-01-28T08:20:31+00:00\",\"description\":\"Bli bedre kjent med gruppeleder i H\u00e5 H\u00f8yre, Trond Knutsen.\",\"breadcrumb\":{\"@id\":\"https:\/\/hoyre.no\/ha\/politikk\/trond-knutsen-var-ordforerkandidat\/#breadcrumb\"},\"inLanguage\":\"nb-NO\",\"potentialAction\":[{\"@type\":\"ReadAction\",\"target\":[\"https:\/\/hoyre.no\/ha\/politikk\/trond-knutsen-var-ordforerkandidat\/\"]}]},{\"@type\":\"BreadcrumbList\",\"@id\":\"https:\/\/hoyre.no\/ha\/politikk\/trond-knutsen-var-ordforerkandidat\/#breadcrumb\",\"itemListElement\":[{\"@type\":\"ListItem\",\"position\":1,\"name\":\"Til hoyre.no\",\"item\":\"https:\/\/hoyre.no\"},{\"@type\":\"ListItem\",\"position\":2,\"name\":\"Hjem\",\"item\":\"https:\/\/hoyre.no\/ha\/\"},{\"@type\":\"ListItem\",\"position\":3,\"name\":\"Politikk\",\"item\":\"https:\/\/hoyre.no\/ha\/politikk\/\"},{\"@type\":\"ListItem\",\"position\":4,\"name\":\"Trond Knutsen &#8211; v\u00e5r gruppeleder\"}]},{\"@type\":\"WebSite\",\"@id\":\"https:\/\/hoyre.no\/ha\/#website\",\"url\":\"https:\/\/hoyre.no\/ha\/\",\"name\":\"H\u00e5 H\u00f8yre\",\"description\":\"Bare enda et H\u00f8yres nettsteder-nettsted\",\"inLanguage\":\"nb-NO\"}]}<\/script>\n<!-- \/ Yoast SEO plugin. -->","yoast_head_json":{"title":"Trond Knutsen - v\u00e5r gruppeleder - H\u00e5 H\u00f8yre","description":"Bli bedre kjent med gruppeleder i H\u00e5 H\u00f8yre, Trond Knutsen.","robots":{"index":"index","follow":"follow","max-snippet":"max-snippet:-1","max-image-preview":"max-image-preview:large","max-video-preview":"max-video-preview:-1"},"canonical":"https:\/\/hoyre.no\/ha\/politikk\/trond-knutsen-var-ordforerkandidat\/","og_locale":"nb_NO","og_type":"article","og_title":"Trond Knutsen - v\u00e5r gruppeleder - H\u00e5 H\u00f8yre","og_description":"Bli bedre kjent med gruppeleder i H\u00e5 H\u00f8yre, Trond Knutsen.","og_url":"https:\/\/hoyre.no\/ha\/politikk\/trond-knutsen-var-ordforerkandidat\/","og_site_name":"H\u00e5 H\u00f8yre","article_modified_time":"2025-01-28T08:20:31+00:00","og_image":[{"width":1000,"height":1000,"url":"https:\/\/hoyre.no\/content\/uploads\/sites\/221\/2022\/11\/Hoyres-logo.png","type":"image\/png"}],"twitter_card":"summary_large_image","twitter_misc":{"Ansl. lesetid":"2 minutter"},"schema":{"@context":"https:\/\/schema.org","@graph":[{"@type":"WebPage","@id":"https:\/\/hoyre.no\/ha\/politikk\/trond-knutsen-var-ordforerkandidat\/","url":"https:\/\/hoyre.no\/ha\/politikk\/trond-knutsen-var-ordforerkandidat\/","name":"Trond Knutsen - v\u00e5r gruppeleder - H\u00e5 H\u00f8yre","isPartOf":{"@id":"https:\/\/hoyre.no\/ha\/#website"},"datePublished":"2023-06-04T14:01:44+00:00","dateModified":"2025-01-28T08:20:31+00:00","description":"Bli bedre kjent med gruppeleder i H\u00e5 H\u00f8yre, Trond Knutsen.","breadcrumb":{"@id":"https:\/\/hoyre.no\/ha\/politikk\/trond-knutsen-var-ordforerkandidat\/#breadcrumb"},"inLanguage":"nb-NO","potentialAction":[{"@type":"ReadAction","target":["https:\/\/hoyre.no\/ha\/politikk\/trond-knutsen-var-ordforerkandidat\/"]}]},{"@type":"BreadcrumbList","@id":"https:\/\/hoyre.no\/ha\/politikk\/trond-knutsen-var-ordforerkandidat\/#breadcrumb","itemListElement":[{"@type":"ListItem","position":1,"name":"Til hoyre.no","item":"https:\/\/hoyre.no"},{"@type":"ListItem","position":2,"name":"Hjem","item":"https:\/\/hoyre.no\/ha\/"},{"@type":"ListItem","position":3,"name":"Politikk","item":"https:\/\/hoyre.no\/ha\/politikk\/"},{"@type":"ListItem","position":4,"name":"Trond Knutsen &#8211; v\u00e5r gruppeleder"}]},{"@type":"WebSite","@id":"https:\/\/hoyre.no\/ha\/#website","url":"https:\/\/hoyre.no\/ha\/","name":"H\u00e5 H\u00f8yre","description":"Bare enda et H\u00f8yres nettsteder-nettsted","inLanguage":"nb-NO"}]}},"distributor_meta":false,"distributor_terms":false,"distributor_media":false,"distributor_original_site_name":"H\u00e5 H\u00f8yre","distributor_original_site_url":"https:\/\/hoyre.no\/ha","push-errors":false,"_links":{"self":[{"href":"https:\/\/hoyre.no\/ha\/wp-json\/wp\/v2\/pages\/37","targetHints":{"allow":["GET"]}}],"collection":[{"href":"https:\/\/hoyre.no\/ha\/wp-json\/wp\/v2\/pages"}],"about":[{"href":"https:\/\/hoyre.no\/ha\/wp-json\/wp\/v2\/types\/page"}],"author":[{"embeddable":true,"href":"https:\/\/hoyre.no\/ha\/wp-json\/wp\/v2\/users\/32026"}],"replies":[{"embeddable":true,"href":"https:\/\/hoyre.no\/ha\/wp-json\/wp\/v2\/comments?post=37"}],"version-history":[{"count":9,"href":"https:\/\/hoyre.no\/ha\/wp-json\/wp\/v2\/pages\/37\/revisions"}],"predecessor-version":[{"id":170,"href":"https:\/\/hoyre.no\/ha\/wp-json\/wp\/v2\/pages\/37\/revisions\/170"}],"up":[{"embeddable":true,"href":"https:\/\/hoyre.no\/ha\/wp-json\/wp\/v2\/pages\/38"}],"wp:attachment":[{"href":"https:\/\/hoyre.no\/ha\/wp-json\/wp\/v2\/media?parent=37"}],"curies":[{"name":"wp","href":"https:\/\/api.w.org\/{rel}","templated":true}]}}